{"id":4383,"date":"2022-02-11T11:25:44","date_gmt":"2022-02-11T11:25:44","guid":{"rendered":"https:\/\/elfsight.com\/es\/?page_id=4383"},"modified":"2025-02-06T15:22:22","modified_gmt":"2025-02-06T15:22:22","slug":"iframe","status":"publish","type":"page","link":"https:\/\/elfsight.com\/es\/accordion-faq-widget\/iframe\/","title":{"rendered":"FAQ &#8211; iFrame"},"content":{"rendered":"<div class=\"application-platform-content-item-description application-platform-content-item\" id=\"description\" data-nav-section=\"description\"><h2>Incorporar FAQ en iFrame con el widget de Elfsight<\/h2><p>Nuestro FAQ es un complemento eficaz y f\u00e1cil de aplicar y configurar para establecer y mostrar una unidad de las preguntas m\u00e1s solicitadas con respuestas en tu sitio web. Un complemento adaptable con dise\u00f1o receptivo te da la oportunidad de compartir los datos m\u00e1s detallados sobre tus servicios, resaltar los aspectos positivos del producto y eliminar cualquier tipo de sospecha, lo que podr\u00eda evitar que los usuarios realicen una compra.<\/p><p><b>\u00a1Proporciona respuestas a las preguntas de tus clientes y aumenta la conversi\u00f3n en el sitio web!<\/b><\/p><p><b>Combate todas las dudas de tus visitantes y aumenta tus ingresos<\/b><br> Brinda informaci\u00f3n detallada sobre tus productos o servicios a tus posibles usuarios, para eliminar cualquier duda y aumentar los ingresos en el sitio web.<\/p><p>Logra la percepci\u00f3n correcta de tus productos o servicios por parte de los clientes<br> Combate las creencias err\u00f3neas y dudas m\u00e1s populares relacionadas con tu negocio, con la ayuda de respuestas completas y f\u00e1ciles de entender.<\/p><p><b>Responde cualquier pregunta de tus clientes inmediatamente<\/b><br> Ayuda a tus clientes a encontrar la informaci\u00f3n m\u00e1s \u00fatil sobre tus productos o servicios y responde preguntas antes de que aparezcan.<\/p><\/div><div class=\"application-platform-content-item-features application-platform-content-item\" id=\"features\" data-nav-section=\"features\"><h2>Caracter\u00edsticas principales del widget FAQ<\/h2><p>Los aspectos clave del complemento Elfsight, que lo convierten en la herramienta m\u00e1s \u00fatil para agregar un FAQ en el sitio web iFrame.<\/p><ul><li>36 iconos predefinidos para categor\u00edas;<\/li><li>Agregar y eliminar categor\u00edas;<\/li><li>Soporte para HTML en el texto;<\/li><li>Soporte al cliente oportuno y profesional.<\/li><\/ul><p><a href=\"#demo\">Ver todas<\/a><\/p><\/div><div class=\"application-platform-content-item-installation application-platform-content-item\" id=\"installation\" data-nav-section=\"installation\"><h2>C\u00f3mo agregar el complemento FAQ en el sitio web iFrame<\/h2><p>Configura el complemento con nuestra peque\u00f1a gu\u00eda. No necesitas conocimientos en programaci\u00f3n web ni contratar un desarrollador. El tiempo promedio para agregarlo es solo de 80 segundos.<\/p><ol><li><b>Genera tu complemento FAQ \u00fanico<\/b><br> En nuestra demostraci\u00f3n gratuita, crea un complemento con el dise\u00f1o y las funciones preferidas.<\/li><li><b>Recibe el c\u00f3digo personal para publicar el complemento<\/b><br> Despu\u00e9s de crear tu complemento, recibir\u00e1s el c\u00f3digo \u00fanico de la notificaci\u00f3n que aparecer\u00e1 en Elfsight Apps. Copia el c\u00f3digo.<\/li><li><b>Implementa el complemento en tu sitio web iFrame<\/b><br> Ve al \u00e1rea donde necesitas integrar el complemento y pega el c\u00f3digo copiado all\u00ed. Aplica los cambios.<\/li><li><b>\u00a1Felicidades! \u00a1Acabas de publicar el complemento!<\/b><br> Entra en el sitio web para ver tu complemento.<\/li><\/ol><p>\u00bfTe resulta dif\u00edcil implementar el manual? Ponte en contacto con nuestro servicio de soporte o lee una variante extensa de la gu\u00eda y realiza la configuraci\u00f3n por ti mismo.<\/p><div class=\"faq\" data-component=\"FAQ\"><div class=\"faq-item\">\r\n\t\t\t\t\t<div class=\"faq-item-question\">\r\n\t\t\t\t\t\t<h3 class=\"faq-item-question-text\">\u00bfC\u00f3mo agregar un FAQ en mi sitio web iFrame sin habilidades de programaci\u00f3n?<\/h3>\r\n\r\n\t\t\t\t\t\t<div class=\"faq-item-question-icon\"><\/div>\r\n\t\t\t\t\t<\/div>\r\n\r\n\t\t\t\t\t<div class=\"faq-item-answer\">\r\n\t\t\t\t\t\t<div class=\"faq-item-answer-text\"> <p>Elfsight proporciona una soluci\u00f3n SaaS que te permite crear un widget FAQ por ti mismo, observa lo f\u00e1cil que es el proceso: Trabaja directamente en el Editor en l\u00ednea para crear el widget FAQ que te gustar\u00eda ver en tu sitio web iFrame. Elige una de las plantillas predefinidas y ajusta la configuraci\u00f3n del FAQ, agrega tu contenido, cambia el dise\u00f1o y los colores sin habilidades de programaci\u00f3n. Guarda el FAQ y copia su c\u00f3digo de instalaci\u00f3n, que puedes agregar f\u00e1cilmente en tu sitio web iFrame sin necesidad de comprar una versi\u00f3n de pago. Con nuestro Editor intuitivo, cualquier usuario de internet puede crear un widget FAQ en l\u00ednea e integrarlo f\u00e1cilmente en su sitio web iFrame. No es necesario pagar ni ingresar los datos de tu tarjeta para acceder al servicio. Si tienes alg\u00fan problema en cualquier paso, no dudes en ponerte en contacto con nuestro equipo de soporte t\u00e9cnico.<\/p> <\/div>\r\n\t\t\t\t\t<\/div>\r\n\t\t\t\t<\/div> <\/div><\/div>","protected":false},"excerpt":{"rendered":"","protected":false},"author":18,"featured_media":0,"parent":1771,"menu_order":0,"comment_status":"closed","ping_status":"closed","template":"templates\/template-application-platform.php","meta":{"publish_to_discourse":"","publish_post_category":"","wpdc_auto_publish_overridden":"","wpdc_topic_tags":"","wpdc_pin_topic":"","wpdc_pin_until":"","discourse_post_id":"","discourse_permalink":"","wpdc_publishing_response":"","wpdc_publishing_error":"","footnotes":""},"class_list":["post-4383","page","type-page","status-publish","hentry"],"yoast_head":"<!-- This site is optimized with the Yoast SEO plugin v25.3.1 - https:\/\/yoast.com\/wordpress\/plugins\/seo\/ -->\n<title>FAQ - Incrustar widget de Preguntas Frecuentes al iFrame<\/title>\n<meta name=\"description\" content=\"Incrusta un widget hermoso de FAQ en su sitio de iFrame. Pruebe la demo de Elfsight intuitiva y cree su widget propio.\" \/>\n<meta name=\"robots\" content=\"index, follow, max-snippet:-1, max-image-preview:large, max-video-preview:-1\" \/>\n<link rel=\"canonical\" href=\"https:\/\/elfsight.com\/es\/accordion-faq-widget\/iframe\/\" \/>\n<meta property=\"og:locale\" content=\"es_ES\" \/>\n<meta property=\"og:type\" content=\"article\" \/>\n<meta property=\"og:title\" content=\"FAQ - Incrustar widget de Preguntas Frecuentes al iFrame\" \/>\n<meta property=\"og:description\" content=\"Incrusta un widget hermoso de FAQ en su sitio de iFrame. Pruebe la demo de Elfsight intuitiva y cree su widget propio.\" \/>\n<meta property=\"og:url\" content=\"https:\/\/elfsight.com\/es\/accordion-faq-widget\/iframe\/\" \/>\n<meta property=\"og:site_name\" content=\"Elfsight ES\" \/>\n<meta property=\"article:modified_time\" content=\"2025-02-06T15:22:22+00:00\" \/>\n<meta name=\"twitter:card\" content=\"summary_large_image\" \/>\n<meta name=\"twitter:label1\" content=\"Tiempo de lectura\" \/>\n\t<meta name=\"twitter:data1\" content=\"1 minuto\" \/>\n<!-- \/ Yoast SEO plugin. -->","yoast_head_json":{"title":"FAQ - Incrustar widget de Preguntas Frecuentes al iFrame","description":"Incrusta un widget hermoso de FAQ en su sitio de iFrame. Pruebe la demo de Elfsight intuitiva y cree su widget propio.","robots":{"index":"index","follow":"follow","max-snippet":"max-snippet:-1","max-image-preview":"max-image-preview:large","max-video-preview":"max-video-preview:-1"},"canonical":"https:\/\/elfsight.com\/es\/accordion-faq-widget\/iframe\/","og_locale":"es_ES","og_type":"article","og_title":"FAQ - Incrustar widget de Preguntas Frecuentes al iFrame","og_description":"Incrusta un widget hermoso de FAQ en su sitio de iFrame. Pruebe la demo de Elfsight intuitiva y cree su widget propio.","og_url":"https:\/\/elfsight.com\/es\/accordion-faq-widget\/iframe\/","og_site_name":"Elfsight ES","article_modified_time":"2025-02-06T15:22:22+00:00","twitter_card":"summary_large_image","twitter_misc":{"Tiempo de lectura":"1 minuto"},"schema":{"@context":"https:\/\/schema.org","@graph":[{"@type":"WebPage","@id":"https:\/\/elfsight.com\/es\/accordion-faq-widget\/iframe\/","url":"https:\/\/elfsight.com\/es\/accordion-faq-widget\/iframe\/","name":"FAQ - Incrustar widget de Preguntas Frecuentes al iFrame","isPartOf":{"@id":"https:\/\/elfsight.com\/es\/#website"},"datePublished":"2022-02-11T11:25:44+00:00","dateModified":"2025-02-06T15:22:22+00:00","description":"Incrusta un widget hermoso de FAQ en su sitio de iFrame. Pruebe la demo de Elfsight intuitiva y cree su widget propio.","breadcrumb":{"@id":"https:\/\/elfsight.com\/es\/accordion-faq-widget\/iframe\/#breadcrumb"},"inLanguage":"es","potentialAction":[{"@type":"ReadAction","target":["https:\/\/elfsight.com\/es\/accordion-faq-widget\/iframe\/"]}]},{"@type":"BreadcrumbList","@id":"https:\/\/elfsight.com\/es\/accordion-faq-widget\/iframe\/#breadcrumb","itemListElement":[{"@type":"ListItem","position":1,"name":"Home","item":"https:\/\/elfsight.com\/es\/"},{"@type":"ListItem","position":2,"name":"FAQ","item":"https:\/\/elfsight.com\/es\/accordion-faq-widget\/"},{"@type":"ListItem","position":3,"name":"FAQ &#8211; iFrame"}]},{"@type":"WebSite","@id":"https:\/\/elfsight.com\/es\/#website","url":"https:\/\/elfsight.com\/es\/","name":"Elfsight ES","description":"Just another Elfsight Sites site","potentialAction":[{"@type":"SearchAction","target":{"@type":"EntryPoint","urlTemplate":"https:\/\/elfsight.com\/es\/?s={search_term_string}"},"query-input":{"@type":"PropertyValueSpecification","valueRequired":true,"valueName":"search_term_string"}}],"inLanguage":"es"}]}},"meta_box":{"industry":"","seo_heading":"","heading":"","description":"","cta_heading":"","cta_description":"","application":"1770","h1":"widget de preguntas frecuentes para iFrame","h1_caption":"Proporcione respuestas a preguntas frecuentes en un formato organizado y con capacidad de b\u00fasqueda para ayudar a los usuarios a encontrar soluciones r\u00e1pidamente en su sitio web iFrame sin esfuerzo.","application_category":[],"applications_title":"","applications_request_title":"","applications_request_button_text":"","hero_text":"","hero_video":"","hero_video_schema_markup":"","selling_points_title":"","selling_points_caption":"","selling_points":[],"selling_points_cta_text":"","features_title":"","features":"","ed_cta_examples_text":"","ed_cta_examples_hidden":"","ed_cta_demo_text":"","ed_cta_demo_hidden":"","why_caption":"","why_editor_title":"","why_editor_text":"","why_team_title":"","why_team_text":"","why_service_title":"","why_service_text":"","template_catalog_visible":"","template_catalog_title":"","template_catalog_text":"","template_catalog_categories_visible":"","demo_title":"Crea tu widget de preguntas frecuentes","demo_caption":"\u00a1Configure sus preguntas frecuentes y agr\u00e9guelas a su sitio web iFrame de forma gratuita!","default_faq_hidden":"","app_template_category":[],"platform":"2192","template_public_id":"","codecanyon_url":"","codecanyon_item_id":"","codecanyon_price":"","pricing_caption":"","pricing_elfsight_apps_hide_column":"","pricing_elfsight_apps_url":"","pricing_codecanyon_price_caption":"","integration_category":[],"integration_request_title":"","integration_request_cta":"","integration_platform":"","integrations":[],"platform_category":[],"video_schema_markup":"","price":"desde $0 por mes","trial":"","benefits":[{"text":"Instalaci\u00f3n gratuita"},{"text":"Soporte Premium"},{"text":"14 d\u00edas garant\u00eda de reembolso"},{"text":"Actualizaciones regulares"}],"button_url":"#demo","button_target_blank":"0","button_nofollow":"0","attributes":[{"name":"Responsivo","content":"Si","_state":"expanded"},{"name":"Navegadores compatibles","content":"Firefox, Safari, Opera, Chrome, Edge","_state":"expanded"}],"tags":[],"tags_disable_links":"0","hide_more_platforms":"","video_object":"","demo_hide_cta":"0","demo_hide_cloud_options":"0","pricing_title":"","pricing":[{"pricing_icon":"platform","pricing_title":" Elfsight Apps","pricing_title_caption":"Soluci\u00f3n multiplataforma - valido para cualquier p\u00e1gina web","pricing_price":"desde $0 por mes","pricing_price_caption":"empezar con un plan gratuito","pricing_benefits":[{"text":"Sitios web ilimitados"},{"text":"Atenci\u00f3n al cliente gratuita y r\u00e1pida"},{"text":"Servicio de instalaci\u00f3n gratuito"},{"text":"Totalmente personalizable"}],"pricing_button_text":"Agregar al sitio web","pricing_button_url":"#demo","_state":"expanded"}],"related_apps_title":"","related_apps_hidden":"1","author":"","image":[],"title":"","job":"","social_networks":[]},"_links":{"self":[{"href":"https:\/\/elfsight.com\/es\/wp-json\/wp\/v2\/pages\/4383","targetHints":{"allow":["GET"]}}],"collection":[{"href":"https:\/\/elfsight.com\/es\/wp-json\/wp\/v2\/pages"}],"about":[{"href":"https:\/\/elfsight.com\/es\/wp-json\/wp\/v2\/types\/page"}],"author":[{"embeddable":true,"href":"https:\/\/elfsight.com\/es\/wp-json\/wp\/v2\/users\/18"}],"replies":[{"embeddable":true,"href":"https:\/\/elfsight.com\/es\/wp-json\/wp\/v2\/comments?post=4383"}],"version-history":[{"count":3,"href":"https:\/\/elfsight.com\/es\/wp-json\/wp\/v2\/pages\/4383\/revisions"}],"predecessor-version":[{"id":18184,"href":"https:\/\/elfsight.com\/es\/wp-json\/wp\/v2\/pages\/4383\/revisions\/18184"}],"up":[{"embeddable":true,"href":"https:\/\/elfsight.com\/es\/wp-json\/wp\/v2\/pages\/1771"}],"wp:attachment":[{"href":"https:\/\/elfsight.com\/es\/wp-json\/wp\/v2\/media?parent=4383"}],"curies":[{"name":"wp","href":"https:\/\/api.w.org\/{rel}","templated":true}]}}