{"id":4381,"date":"2022-02-11T11:22:54","date_gmt":"2022-02-11T11:22:54","guid":{"rendered":"https:\/\/elfsight.com\/es\/?page_id=4381"},"modified":"2025-02-06T15:22:38","modified_gmt":"2025-02-06T15:22:38","slug":"jquery","status":"publish","type":"page","link":"https:\/\/elfsight.com\/es\/online-form-builder\/jquery\/","title":{"rendered":"Form Builder &#8211; jQuery"},"content":{"rendered":"<div class=\"application-platform-content-item-description application-platform-content-item\" id=\"description\" data-nav-section=\"description\"><h2>Creador de formularios personalizado para jQuery<\/h2>Nuestro plugin de formularios es una soluci\u00f3n todo-en-uno para crear una amplia variedad de formularios personalizables e integrarlos sin problemas en tu sitio web. Usa nuestro plugin para recopilar valiosos comentarios de tus clientes a trav\u00e9s de encuestas f\u00e1ciles de usar, formularios de retroalimentaci\u00f3n, solicitudes de calificaci\u00f3n y m\u00e1s. Con nuestro plugin, puedes personalizar f\u00e1cilmente cada aspecto de tus formularios, incluyendo el dise\u00f1o, los elementos y los campos, para crear una experiencia adaptada a tus necesidades espec\u00edficas. Adem\u00e1s, con nuestra potente integraci\u00f3n con jQuery, puedes agregar funcionalidad din\u00e1mica a tus formularios y crear interacciones atractivas que capturen a\u00fan m\u00e1s comentarios de tu audiencia. Ya sea que necesites recopilar opiniones, evaluaciones, reservas o ventas, nuestro plugin de formularios de retroalimentaci\u00f3n jQuery hace que sea f\u00e1cil crear un formulario profesional que funcione para ti. Con nuestro dise\u00f1o flexible y componentes f\u00e1ciles de usar, tu formulario ser\u00e1 conveniente para tus visitantes y efectivo para tu negocio.<b>\u00a1Establece reservas y ventas mediante formularios pr\u00e1cticos para una experiencia de usuario r\u00e1pida y sencilla!<\/b><ul>         <li><b>Crea formularios atractivos para recopilar m\u00e1s comentarios<\/b>.Aplica cada configuraci\u00f3n del plugin Elfsight para crear formularios pr\u00e1cticos. Define componentes y controla la estructura para hacer que tu plugin sea bien dise\u00f1ado y f\u00e1cil de llenar. Aplica configuraciones de estilo para hacer una apariencia atractiva y recopila m\u00e1s comentarios.<\/li>         <li><b>Aumenta la cantidad de prospectos con encuestas manejables<\/b>.El plugin de Formularios jQuery de Elfsight te ayuda a configurar las encuestas m\u00e1s pr\u00e1cticas y c\u00f3modas para tus usuarios. Ellos contribuir\u00e1n a una comunicaci\u00f3n efectiva y agradable, manteniendo a los clientes comprometidos durante todo el proceso de llenado para completarlo con \u00e9xito.<\/li>         <li><b>Ahorra tiempo y dinero con una herramienta multiprop\u00f3sito<\/b>.Esta soluci\u00f3n multiprop\u00f3sito permite configurar formularios de diferentes tipos con una variedad de elementos y configuraciones. Esto te ayudar\u00e1 a dise\u00f1ar plugins para obtener datos de diferentes tipos sin gastar dinero y tiempo adicionales.<\/li><\/ul><\/div><div class=\"application-platform-content-item-features application-platform-content-item\" id=\"features\" data-nav-section=\"features\"><h2>Caracter\u00edsticas del plugin Creador de Formularios<\/h2>\u00bfPor qu\u00e9 Elfsight Formulario en L\u00ednea es el plugin n\u00famero 1 en jQuery para recopilar opiniones y reacciones de los clientes?<ul>         <li>Crea formularios cl\u00e1sicos y paso a paso agrupando elementos;<\/li>         <li>Usa marcadores de posici\u00f3n en los campos para dar ejemplos de llenado correcto y el tipo de dato necesario;<\/li>         <li>Asigna cualquier direcci\u00f3n de correo electr\u00f3nico y los resultados de llenado se enviar\u00e1n autom\u00e1ticamente all\u00ed;<\/li>         <li>Barra de progreso conmutable cuando se aplica el formato paso a paso;<\/li>         <li>5 estilos predefinidos para los campos del formulario.<\/li><\/ul><a href=\"#demo\">Prueba todas las propiedades en nuestra demostraci\u00f3n gratuita<\/a><\/div><div class=\"application-platform-content-item-installation application-platform-content-item\" id=\"installation\" data-nav-section=\"installation\"><h2>C\u00f3mo agregar el plugin Creador de Formularios jQuery a tu sitio web<\/h2>Para incrustarlo, no es necesario tener habilidades en programaci\u00f3n ni mucho tiempo libre. Solo necesitas seguir varios pasos simples y 1 minuto.<ol>         <li><b>Crea tu Creador de Formularios personalizado<\/b>.Usa nuestro editor gratuito para crear el plugin con el dise\u00f1o y capacidades necesarias.<\/li>         <li><b>Obt\u00e9n el c\u00f3digo para agregar el plugin<\/b>.Despu\u00e9s de ajustar el widget, obt\u00e9n el c\u00f3digo del plugin de Formularios desde la ventana emergente en Elfsight Apps.<\/li>         <li><b>Coloca el plugin en tu sitio<\/b>.Integra el plugin en el \u00e1rea deseada del sitio web y publica los cambios.<\/li>         <li><b>\u00a1La integraci\u00f3n fue exitosa!<\/b>.Ingresa a tu sitio para revisar tu trabajo.<\/li><\/ol>\u00bfTuviste alg\u00fan problema al usar o configurar el plugin? Consulta la instrucci\u00f3n extensa sobre <a href=\"https:\/\/elfsight.com\/tutorials\/how-to-add-form-builder-to-jquery\/\">c\u00f3mo instalar el plugin Creador de Formularios en jQuery<\/a> o contacta con nuestro Centro de Soporte.<\/div><div class=\"faq\" data-component=\"FAQ\"> <div class=\"faq-item\">\r\n\t\t\t\t\t<div class=\"faq-item-question\">\r\n\t\t\t\t\t\t<h3 class=\"faq-item-question-text\">\u00bfSon seguros los formularios de Elfsight?<\/h3>\r\n\r\n\t\t\t\t\t\t<div class=\"faq-item-question-icon\"><\/div>\r\n\t\t\t\t\t<\/div>\r\n\r\n\t\t\t\t\t<div class=\"faq-item-answer\">\r\n\t\t\t\t\t\t<div class=\"faq-item-answer-text\">El Creador de Formularios de Elfsight est\u00e1 equipado con la herramienta de seguridad m\u00e1s efectiva reCAPTCHA. Est\u00e1 aqu\u00ed para proteger tus formularios y buz\u00f3n de spam, asegurando un trabajo sencillo y solo datos valiosos.<\/div>\r\n\t\t\t\t\t<\/div>\r\n\t\t\t\t<\/div> <div class=\"faq-item\">\r\n\t\t\t\t\t<div class=\"faq-item-question\">\r\n\t\t\t\t\t\t<h3 class=\"faq-item-question-text\">\u00bfExisten plantillas que soporten formularios con L\u00f3gica Condicional \/ Campos m\u00faltiples \/ Correos electr\u00f3nicos?<\/h3>\r\n\r\n\t\t\t\t\t\t<div class=\"faq-item-question-icon\"><\/div>\r\n\t\t\t\t\t<\/div>\r\n\r\n\t\t\t\t\t<div class=\"faq-item-answer\">\r\n\t\t\t\t\t\t<div class=\"faq-item-answer-text\">\u00a1Por supuesto! Todo lo que tienes que hacer es iniciar sesi\u00f3n en Elfsight Apps y elegir cualquier plantilla relevante, luego comienza a crear tu widget personalizado.<\/p><\/div>\r\n\t\t\t\t\t<\/div>\r\n\t\t\t\t<\/div> <div class=\"faq-item\">\r\n\t\t\t\t\t<div class=\"faq-item-question\">\r\n\t\t\t\t\t\t<h3 class=\"faq-item-question-text\">\u00bfC\u00f3mo puedo crear un formulario de contacto o retroalimentaci\u00f3n para un sitio jQuery?<\/h3>\r\n\r\n\t\t\t\t\t\t<div class=\"faq-item-question-icon\"><\/div>\r\n\t\t\t\t\t<\/div>\r\n\r\n\t\t\t\t\t<div class=\"faq-item-answer\">\r\n\t\t\t\t\t\t<div class=\"faq-item-answer-text\">Para dise\u00f1ar tu formulario de contacto o retroalimentaci\u00f3n, debes iniciar sesi\u00f3n en el servicio Elfsight Apps y realizar todos los ajustes necesarios en el widget. Despu\u00e9s de terminar, guarda los cambios y procede a tu sitio web. As\u00ed de simple.<\/p><\/div>\r\n\t\t\t\t\t<\/div>\r\n\t\t\t\t<\/div> <div class=\"faq-item\">\r\n\t\t\t\t\t<div class=\"faq-item-question\">\r\n\t\t\t\t\t\t<h3 class=\"faq-item-question-text\">\u00bfExisten plantillas personalizadas del Creador de Formularios para el sitio jQuery?<\/h3>\r\n\r\n\t\t\t\t\t\t<div class=\"faq-item-question-icon\"><\/div>\r\n\t\t\t\t\t<\/div>\r\n\r\n\t\t\t\t\t<div class=\"faq-item-answer\">\r\n\t\t\t\t\t\t<div class=\"faq-item-answer-text\">\u00a1S\u00ed, absolutamente! Hay m\u00e1s de 300 plantillas listas para usar para cualquier caso, como <a href=\"https:\/\/elfsight.com\/online-form-builder\/templates\/application-forms\/\">Formularios de Aplicaci\u00f3n<\/a>, <a href=\"https:\/\/elfsight.com\/online-form-builder\/templates\/booking-forms\/\">Formularios de Reservas<\/a>, <a href=\"https:\/\/elfsight.com\/online-form-builder\/templates\/order-forms\/\">Formularios de Pedidos<\/a>, <a href=\"https:\/\/elfsight.com\/online-form-builder\/templates\/product-forms\/\">Formularios de Producto<\/a>, <a href=\"https:\/\/elfsight.com\/online-form-builder\/templates\/questionnaires\/\">Cuestionarios<\/a>, <a href=\"https:\/\/elfsight.com\/online-form-builder\/templates\/quizzes\/\">Encuestas<\/a>, <a href=\"https:\/\/elfsight.com\/online-form-builder\/templates\/surveys\/\">Encuestas<\/a>, <a href=\"https:\/\/elfsight.com\/online-form-builder\/templates\/file-upload-forms\/\">Formularios de Subida de Archivos<\/a>, y muchos m\u00e1s. Si\u00e9ntete libre de probar <a href=\"https:\/\/elfsight.com\/online-form-builder\/templates\/\">las plantillas del Creador de Formularios<\/a> y comp\u00e1rtenos tu opini\u00f3n.<\/p><\/div>\r\n\t\t\t\t\t<\/div>\r\n\t\t\t\t<\/div> <\/div>","protected":false},"excerpt":{"rendered":"","protected":false},"author":18,"featured_media":0,"parent":1746,"menu_order":0,"comment_status":"closed","ping_status":"closed","template":"templates\/template-application-platform.php","meta":{"publish_to_discourse":"","publish_post_category":"","wpdc_auto_publish_overridden":"","wpdc_topic_tags":"","wpdc_pin_topic":"","wpdc_pin_until":"","discourse_post_id":"","discourse_permalink":"","wpdc_publishing_response":"","wpdc_publishing_error":"","footnotes":""},"class_list":["post-4381","page","type-page","status-publish","hentry"],"yoast_head":"<!-- This site is optimized with the Yoast SEO plugin v25.3.1 - https:\/\/yoast.com\/wordpress\/plugins\/seo\/ -->\n<title>Constructor de formularios - Insertar widget de Generador de formularios al jQuery<\/title>\n<meta name=\"description\" content=\"A\u00f1ade un widget responsivo de Constructor de formularios en su sitio de jQuery. Pruebe la demo de Elfsight f\u00e1cil de usar y genere su widget propio.\" \/>\n<meta name=\"robots\" content=\"index, follow, max-snippet:-1, max-image-preview:large, max-video-preview:-1\" \/>\n<link rel=\"canonical\" href=\"https:\/\/elfsight.com\/es\/online-form-builder\/jquery\/\" \/>\n<meta property=\"og:locale\" content=\"es_ES\" \/>\n<meta property=\"og:type\" content=\"article\" \/>\n<meta property=\"og:title\" content=\"Constructor de formularios - Insertar widget de Generador de formularios al jQuery\" \/>\n<meta property=\"og:description\" content=\"A\u00f1ade un widget responsivo de Constructor de formularios en su sitio de jQuery. Pruebe la demo de Elfsight f\u00e1cil de usar y genere su widget propio.\" \/>\n<meta property=\"og:url\" content=\"https:\/\/elfsight.com\/es\/online-form-builder\/jquery\/\" \/>\n<meta property=\"og:site_name\" content=\"Elfsight ES\" \/>\n<meta property=\"article:modified_time\" content=\"2025-02-06T15:22:38+00:00\" \/>\n<meta name=\"twitter:card\" content=\"summary_large_image\" \/>\n<meta name=\"twitter:label1\" content=\"Tiempo de lectura\" \/>\n\t<meta name=\"twitter:data1\" content=\"2 minutos\" \/>\n<!-- \/ Yoast SEO plugin. -->","yoast_head_json":{"title":"Constructor de formularios - Insertar widget de Generador de formularios al jQuery","description":"A\u00f1ade un widget responsivo de Constructor de formularios en su sitio de jQuery. Pruebe la demo de Elfsight f\u00e1cil de usar y genere su widget propio.","robots":{"index":"index","follow":"follow","max-snippet":"max-snippet:-1","max-image-preview":"max-image-preview:large","max-video-preview":"max-video-preview:-1"},"canonical":"https:\/\/elfsight.com\/es\/online-form-builder\/jquery\/","og_locale":"es_ES","og_type":"article","og_title":"Constructor de formularios - Insertar widget de Generador de formularios al jQuery","og_description":"A\u00f1ade un widget responsivo de Constructor de formularios en su sitio de jQuery. Pruebe la demo de Elfsight f\u00e1cil de usar y genere su widget propio.","og_url":"https:\/\/elfsight.com\/es\/online-form-builder\/jquery\/","og_site_name":"Elfsight ES","article_modified_time":"2025-02-06T15:22:38+00:00","twitter_card":"summary_large_image","twitter_misc":{"Tiempo de lectura":"2 minutos"},"schema":{"@context":"https:\/\/schema.org","@graph":[{"@type":"WebPage","@id":"https:\/\/elfsight.com\/es\/online-form-builder\/jquery\/","url":"https:\/\/elfsight.com\/es\/online-form-builder\/jquery\/","name":"Constructor de formularios - Insertar widget de Generador de formularios al jQuery","isPartOf":{"@id":"https:\/\/elfsight.com\/es\/#website"},"datePublished":"2022-02-11T11:22:54+00:00","dateModified":"2025-02-06T15:22:38+00:00","description":"A\u00f1ade un widget responsivo de Constructor de formularios en su sitio de jQuery. Pruebe la demo de Elfsight f\u00e1cil de usar y genere su widget propio.","breadcrumb":{"@id":"https:\/\/elfsight.com\/es\/online-form-builder\/jquery\/#breadcrumb"},"inLanguage":"es","potentialAction":[{"@type":"ReadAction","target":["https:\/\/elfsight.com\/es\/online-form-builder\/jquery\/"]}]},{"@type":"BreadcrumbList","@id":"https:\/\/elfsight.com\/es\/online-form-builder\/jquery\/#breadcrumb","itemListElement":[{"@type":"ListItem","position":1,"name":"Home","item":"https:\/\/elfsight.com\/es\/"},{"@type":"ListItem","position":2,"name":"Form Builder","item":"https:\/\/elfsight.com\/es\/online-form-builder\/"},{"@type":"ListItem","position":3,"name":"Form Builder &#8211; jQuery"}]},{"@type":"WebSite","@id":"https:\/\/elfsight.com\/es\/#website","url":"https:\/\/elfsight.com\/es\/","name":"Elfsight ES","description":"Just another Elfsight Sites site","potentialAction":[{"@type":"SearchAction","target":{"@type":"EntryPoint","urlTemplate":"https:\/\/elfsight.com\/es\/?s={search_term_string}"},"query-input":{"@type":"PropertyValueSpecification","valueRequired":true,"valueName":"search_term_string"}}],"inLanguage":"es"}]}},"meta_box":{"industry":"","seo_heading":"","heading":"","description":"","cta_heading":"","cta_description":"","application":"1745","h1":"widget de Constructor de formularios para jQuery","h1_caption":"Construye formas convencionales y multinivel y a\u00f1\u00e1dalos a su tienda electr\u00f3nica","application_category":[],"applications_title":"","applications_request_title":"","applications_request_button_text":"","hero_text":"","hero_video":"","hero_video_schema_markup":"","selling_points_title":"","selling_points_caption":"","selling_points":[],"selling_points_cta_text":"","features_title":"","features":"","ed_cta_examples_text":"","ed_cta_examples_hidden":"","ed_cta_demo_text":"","ed_cta_demo_hidden":"","why_caption":"","why_editor_title":"","why_editor_text":"","why_team_title":"","why_team_text":"","why_service_title":"","why_service_text":"","template_catalog_visible":"","template_catalog_title":"","template_catalog_text":"","template_catalog_categories_visible":"","demo_title":"Crea tu complemento Form Builder","demo_caption":"\u00a1Configure su Form Builder y agr\u00e9guelo a su sitio web jQuery gratis!","default_faq_hidden":"","app_template_category":[],"platform":"76","template_public_id":"","codecanyon_url":"","codecanyon_item_id":"","codecanyon_price":"","pricing_caption":"","pricing_elfsight_apps_hide_column":"","pricing_elfsight_apps_url":"","pricing_codecanyon_price_caption":"","integration_category":[],"integration_request_title":"","integration_request_cta":"","integration_platform":"","integrations":[],"platform_category":[],"video_schema_markup":"","price":"desde $0 por mes","trial":"","benefits":[{"text":"Instalaci\u00f3n gratuita"},{"text":"Soporte Premium"},{"text":"14 d\u00edas garant\u00eda de reembolso"},{"text":"Actualizaciones regulares"}],"button_url":"#demo","button_target_blank":"0","button_nofollow":"0","attributes":[{"name":"Responsivo","content":"Si","_state":"expanded"},{"name":"Navegadores compatibles","content":"Firefox, Safari, Opera, Chrome, Edge","_state":"expanded"}],"tags":[],"tags_disable_links":"0","hide_more_platforms":"","video_object":"","demo_hide_cta":"0","demo_hide_cloud_options":"0","pricing_title":"","pricing":[{"pricing_icon":"platform","pricing_title":" Elfsight Apps","pricing_title_caption":"Soluci\u00f3n multiplataforma - valido para cualquier p\u00e1gina web","pricing_price":"desde $0 por mes","pricing_price_caption":"empezar con un plan gratuito","pricing_benefits":[{"text":"Sitios web ilimitados"},{"text":"Atenci\u00f3n al cliente gratuita y r\u00e1pida"},{"text":"Servicio de instalaci\u00f3n gratuito"},{"text":"Totalmente personalizable"}],"pricing_button_text":"Agregar al sitio web","pricing_button_url":"#demo","_state":"expanded"}],"related_apps_title":"","related_apps_hidden":"1","author":"","image":[],"title":"","job":"","social_networks":[]},"_links":{"self":[{"href":"https:\/\/elfsight.com\/es\/wp-json\/wp\/v2\/pages\/4381","targetHints":{"allow":["GET"]}}],"collection":[{"href":"https:\/\/elfsight.com\/es\/wp-json\/wp\/v2\/pages"}],"about":[{"href":"https:\/\/elfsight.com\/es\/wp-json\/wp\/v2\/types\/page"}],"author":[{"embeddable":true,"href":"https:\/\/elfsight.com\/es\/wp-json\/wp\/v2\/users\/18"}],"replies":[{"embeddable":true,"href":"https:\/\/elfsight.com\/es\/wp-json\/wp\/v2\/comments?post=4381"}],"version-history":[{"count":3,"href":"https:\/\/elfsight.com\/es\/wp-json\/wp\/v2\/pages\/4381\/revisions"}],"predecessor-version":[{"id":18191,"href":"https:\/\/elfsight.com\/es\/wp-json\/wp\/v2\/pages\/4381\/revisions\/18191"}],"up":[{"embeddable":true,"href":"https:\/\/elfsight.com\/es\/wp-json\/wp\/v2\/pages\/1746"}],"wp:attachment":[{"href":"https:\/\/elfsight.com\/es\/wp-json\/wp\/v2\/media?parent=4381"}],"curies":[{"name":"wp","href":"https:\/\/api.w.org\/{rel}","templated":true}]}}