{"id":4378,"date":"2022-02-11T11:23:13","date_gmt":"2022-02-11T11:23:13","guid":{"rendered":"https:\/\/elfsight.com\/es\/?page_id=4378"},"modified":"2025-02-06T15:22:30","modified_gmt":"2025-02-06T15:22:30","slug":"html","status":"publish","type":"page","link":"https:\/\/elfsight.com\/es\/accordion-faq-widget\/html\/","title":{"rendered":"FAQ &#8211; HTML"},"content":{"rendered":"<div class=\"application-platform-content-item-description application-platform-content-item\" id=\"description\" data-nav-section=\"description\"><h2>Descripci\u00f3n<\/h2><p>Nuestra secci\u00f3n de preguntas frecuentes (FAQ) es un widget potente, f\u00e1cil de instalar y ajustar para crear y publicar una lista de las preguntas m\u00e1s importantes con sus respuestas en tu sitio. Un widget adaptable con una interfaz f\u00e1cil de usar te permite mostrar informaci\u00f3n completa sobre tus servicios, dirigir la atenci\u00f3n del lector hacia las ventajas y eliminar cualquier tipo de malentendido o sospecha que pueda influir en la compra.<\/p><p><b>\u00a1Deja que tus clientes encuentren inmediatamente las respuestas a sus preguntas y aumenten las ventas en el sitio web!<\/b><\/p><ul><li><b>Dirige a los visitantes a realizar un pedido con respuestas inteligentemente elaboradas<\/b>.<br>Muestra las respuestas a las preguntas clave de los clientes con antelaci\u00f3n y convence a los usuarios para que realicen una compra en tu sitio web.<\/li><li><b>Logra la percepci\u00f3n correcta de tus productos o servicios<\/b>.<br>Combate los miedos y desconfianzas m\u00e1s frecuentes relacionados con tu negocio mediante respuestas claras y detalladas.<\/li><li><b>Reduce la duraci\u00f3n y los costos del trabajo del centro de soporte<\/b>.<br>Agrega respuestas a las preguntas m\u00e1s frecuentes sobre tus productos o servicios para reducir la carga extrema de tu equipo de soporte.<\/li><\/ul><div class=\"faq\" data-component=\"FAQ\"><div class=\"faq-item\">\r\n\t\t\t\t\t<div class=\"faq-item-question\">\r\n\t\t\t\t\t\t<h3 class=\"faq-item-question-text\">\u00bfC\u00f3mo puedo integrar el widget de preguntas frecuentes en el HTML? <\/h3>\r\n\r\n\t\t\t\t\t\t<div class=\"faq-item-question-icon\"><\/div>\r\n\t\t\t\t\t<\/div>\r\n\r\n\t\t\t\t\t<div class=\"faq-item-answer\">\r\n\t\t\t\t\t\t<div class=\"faq-item-answer-text\"><p>La construcci\u00f3n del widget ocurre dentro del sitio web de Elfsight y no necesitas aprender a programar. Usa la demostraci\u00f3n en vivo para crear tu propia herramienta, obtener el c\u00f3digo e integrarlo en tu sitio.<\/p><\/div>\r\n\t\t\t\t\t<\/div>\r\n\t\t\t\t<\/div><div class=\"faq-item\">\r\n\t\t\t\t\t<div class=\"faq-item-question\">\r\n\t\t\t\t\t\t<h3 class=\"faq-item-question-text\">\u00bfCu\u00e1les son los mejores ejemplos de integraci\u00f3n del plugin FAQ?<\/h3>\r\n\r\n\t\t\t\t\t\t<div class=\"faq-item-question-icon\"><\/div>\r\n\t\t\t\t\t<\/div>\r\n\r\n\t\t\t\t\t<div class=\"faq-item-answer\">\r\n\t\t\t\t\t\t<div class=\"faq-item-answer-text\"><p>Te ofrecemos muchas posibilidades de personalizaci\u00f3n: widgets a tama\u00f1o completo para insertar en la secci\u00f3n de contenido, widgets flotantes para opciones de desplazamiento, dise\u00f1os para el pie de p\u00e1gina de tu sitio, cabecera y todas las variaciones verticales para barras laterales y men\u00fas.<\/p><\/div>\r\n\t\t\t\t\t<\/div>\r\n\t\t\t\t<\/div><div class=\"faq-item\">\r\n\t\t\t\t\t<div class=\"faq-item-question\">\r\n\t\t\t\t\t\t<h3 class=\"faq-item-question-text\">\u00bfPuedo crear una FAQ simple o FAQ de varias columnas usando el editor? <\/h3>\r\n\r\n\t\t\t\t\t\t<div class=\"faq-item-question-icon\"><\/div>\r\n\t\t\t\t\t<\/div>\r\n\r\n\t\t\t\t\t<div class=\"faq-item-answer\">\r\n\t\t\t\t\t\t<div class=\"faq-item-answer-text\"><p>Puedes crear cualquier variaci\u00f3n del widget. Hay una gran cantidad de dise\u00f1os disponibles en el editor, y todos ellos pueden personalizarse f\u00e1cilmente seg\u00fan tus necesidades.<\/p><\/div>\r\n\t\t\t\t\t<\/div>\r\n\t\t\t\t<\/div><\/div><\/div><div class=\"application-platform-content-item-features application-platform-content-item\" id=\"features\" data-nav-section=\"features\"><h2>Caracter\u00edsticas<\/h2><p>Las caracter\u00edsticas m\u00e1s importantes del widget Elfsight, que lo convierten en la herramienta m\u00e1s efectiva para agregar preguntas frecuentes en sitios HTML.<\/p><ul><li>3 dise\u00f1os listos: acorde\u00f3n, lista, multicolumna;<\/li><li>36 iconos predefinidos para categor\u00edas;<\/li><li>Duplicar y reorganizar preguntas;<\/li><li>Soporte para HTML en el texto;<\/li><li>Soporte al cliente puntual y profesional.<\/li><\/ul><p><a href=\"#demo\">Descubre todas las caracter\u00edsticas por ti mismo<\/a><\/p><\/div><div class=\"application-platform-content-item-installation application-platform-content-item\" id=\"installation\" data-nav-section=\"installation\"><h2>C\u00f3mo agregar el widget FAQ de Acorde\u00f3n al c\u00f3digo HTML<\/h2><div class=\"video-container\"><iframe width=\"720\" height=\"405\" src=\"https:\/\/www.youtube.com\/embed\/aBPLB9cQD2Y\" frameborder=\"0\" allowfullscreen=\"\"><\/iframe><\/div><p>Coloca el widget en tu sitio siguiendo las instrucciones de nuestro breve tutorial. No necesitar\u00e1s contratar un programador ni tener conocimientos extensos en programaci\u00f3n: todas las instrucciones son muy simples. El tiempo promedio de instalaci\u00f3n es solo de 2 minutos.<\/p><ol><li><b>Crea tu FAQ \u00fanico<\/b>.<br>Usando nuestro editor gratuito, genera un plugin con el dise\u00f1o y configuraci\u00f3n necesarios.<\/li><li><b>Obt\u00e9n el c\u00f3digo para incrustar el plugin<\/b>.<br>Despu\u00e9s de crear el widget, obt\u00e9n el c\u00f3digo del plugin FAQ en la ventana emergente de Elfsight Apps.<\/li><li><b>Agrega el widget en la p\u00e1gina HTML<\/b>.<br>Abre el c\u00f3digo de la p\u00e1gina en el editor HTML, muestra el widget en el lugar necesario (contenido, pie de p\u00e1gina, barra lateral, etc.) y aplica los resultados.<\/li><li><b>La instalaci\u00f3n est\u00e1 completa<\/b>.<br>Abre el sitio para ver tu trabajo.<\/li><\/ol><p>\u00bfTienes dificultades al usar el manual? Deja una consulta en nuestro servicio de soporte o consulta la versi\u00f3n extensa del tutorial \u00ab<a href=\"https:\/\/elfsight.com\/tutorials\/how-to-add-responsive-faq-widget-to-html\/\" target=\"_blank\" rel=\"noopener noreferrer\">C\u00f3mo agregar FAQ a HTML<\/a>\u00bb y completa el proceso t\u00fa mismo.<\/p><\/div>","protected":false},"excerpt":{"rendered":"","protected":false},"author":18,"featured_media":0,"parent":1771,"menu_order":0,"comment_status":"closed","ping_status":"closed","template":"templates\/template-application-platform.php","meta":{"publish_to_discourse":"","publish_post_category":"","wpdc_auto_publish_overridden":"","wpdc_topic_tags":"","wpdc_pin_topic":"","wpdc_pin_until":"","discourse_post_id":"","discourse_permalink":"","wpdc_publishing_response":"","wpdc_publishing_error":"","footnotes":""},"class_list":["post-4378","page","type-page","status-publish","hentry"],"yoast_head":"<!-- This site is optimized with the Yoast SEO plugin v25.3.1 - https:\/\/yoast.com\/wordpress\/plugins\/seo\/ -->\n<title>FAQ - Insertar widget de Preguntas Frecuentes al HTML<\/title>\n<meta name=\"description\" content=\"Incrusta un widget responsivo de FAQ en su sitio de HTML. Aplique la demo de Elfsight f\u00e1cil de usar y cree su widget propio.\" \/>\n<meta name=\"robots\" content=\"index, follow, max-snippet:-1, max-image-preview:large, max-video-preview:-1\" \/>\n<link rel=\"canonical\" href=\"https:\/\/elfsight.com\/es\/accordion-faq-widget\/html\/\" \/>\n<meta property=\"og:locale\" content=\"es_ES\" \/>\n<meta property=\"og:type\" content=\"article\" \/>\n<meta property=\"og:title\" content=\"FAQ - Insertar widget de Preguntas Frecuentes al HTML\" \/>\n<meta property=\"og:description\" content=\"Incrusta un widget responsivo de FAQ en su sitio de HTML. Aplique la demo de Elfsight f\u00e1cil de usar y cree su widget propio.\" \/>\n<meta property=\"og:url\" content=\"https:\/\/elfsight.com\/es\/accordion-faq-widget\/html\/\" \/>\n<meta property=\"og:site_name\" content=\"Elfsight ES\" \/>\n<meta property=\"article:modified_time\" content=\"2025-02-06T15:22:30+00:00\" \/>\n<meta name=\"twitter:card\" content=\"summary_large_image\" \/>\n<meta name=\"twitter:label1\" content=\"Tiempo de lectura\" \/>\n\t<meta name=\"twitter:data1\" content=\"1 minuto\" \/>\n<!-- \/ Yoast SEO plugin. -->","yoast_head_json":{"title":"FAQ - Insertar widget de Preguntas Frecuentes al HTML","description":"Incrusta un widget responsivo de FAQ en su sitio de HTML. Aplique la demo de Elfsight f\u00e1cil de usar y cree su widget propio.","robots":{"index":"index","follow":"follow","max-snippet":"max-snippet:-1","max-image-preview":"max-image-preview:large","max-video-preview":"max-video-preview:-1"},"canonical":"https:\/\/elfsight.com\/es\/accordion-faq-widget\/html\/","og_locale":"es_ES","og_type":"article","og_title":"FAQ - Insertar widget de Preguntas Frecuentes al HTML","og_description":"Incrusta un widget responsivo de FAQ en su sitio de HTML. Aplique la demo de Elfsight f\u00e1cil de usar y cree su widget propio.","og_url":"https:\/\/elfsight.com\/es\/accordion-faq-widget\/html\/","og_site_name":"Elfsight ES","article_modified_time":"2025-02-06T15:22:30+00:00","twitter_card":"summary_large_image","twitter_misc":{"Tiempo de lectura":"1 minuto"},"schema":{"@context":"https:\/\/schema.org","@graph":[{"@type":"WebPage","@id":"https:\/\/elfsight.com\/es\/accordion-faq-widget\/html\/","url":"https:\/\/elfsight.com\/es\/accordion-faq-widget\/html\/","name":"FAQ - Insertar widget de Preguntas Frecuentes al HTML","isPartOf":{"@id":"https:\/\/elfsight.com\/es\/#website"},"datePublished":"2022-02-11T11:23:13+00:00","dateModified":"2025-02-06T15:22:30+00:00","description":"Incrusta un widget responsivo de FAQ en su sitio de HTML. Aplique la demo de Elfsight f\u00e1cil de usar y cree su widget propio.","breadcrumb":{"@id":"https:\/\/elfsight.com\/es\/accordion-faq-widget\/html\/#breadcrumb"},"inLanguage":"es","potentialAction":[{"@type":"ReadAction","target":["https:\/\/elfsight.com\/es\/accordion-faq-widget\/html\/"]}]},{"@type":"BreadcrumbList","@id":"https:\/\/elfsight.com\/es\/accordion-faq-widget\/html\/#breadcrumb","itemListElement":[{"@type":"ListItem","position":1,"name":"Home","item":"https:\/\/elfsight.com\/es\/"},{"@type":"ListItem","position":2,"name":"FAQ","item":"https:\/\/elfsight.com\/es\/accordion-faq-widget\/"},{"@type":"ListItem","position":3,"name":"FAQ &#8211; HTML"}]},{"@type":"WebSite","@id":"https:\/\/elfsight.com\/es\/#website","url":"https:\/\/elfsight.com\/es\/","name":"Elfsight ES","description":"Just another Elfsight Sites site","potentialAction":[{"@type":"SearchAction","target":{"@type":"EntryPoint","urlTemplate":"https:\/\/elfsight.com\/es\/?s={search_term_string}"},"query-input":{"@type":"PropertyValueSpecification","valueRequired":true,"valueName":"search_term_string"}}],"inLanguage":"es"}]}},"meta_box":{"industry":"","seo_heading":"","heading":"","description":"","cta_heading":"","cta_description":"","application":"1770","h1":"widget de preguntas frecuentes para HTML","h1_caption":"Proporcione respuestas a preguntas frecuentes en un formato organizado y con capacidad de b\u00fasqueda para ayudar a los usuarios a encontrar soluciones r\u00e1pidamente en su sitio web HTML sin esfuerzo.","application_category":[],"applications_title":"","applications_request_title":"","applications_request_button_text":"","hero_text":"","hero_video":"","hero_video_schema_markup":"","selling_points_title":"","selling_points_caption":"","selling_points":[],"selling_points_cta_text":"","features_title":"","features":"","ed_cta_examples_text":"","ed_cta_examples_hidden":"","ed_cta_demo_text":"","ed_cta_demo_hidden":"","why_caption":"","why_editor_title":"","why_editor_text":"","why_team_title":"","why_team_text":"","why_service_title":"","why_service_text":"","template_catalog_visible":"","template_catalog_title":"","template_catalog_text":"","template_catalog_categories_visible":"","demo_title":"Crea tu widget de preguntas frecuentes","demo_caption":"\u00a1Configure sus preguntas frecuentes y agr\u00e9guelas a su sitio web HTML de forma gratuita!","default_faq_hidden":"","app_template_category":[],"platform":"70","template_public_id":"","codecanyon_url":"","codecanyon_item_id":"","codecanyon_price":"","pricing_caption":"","pricing_elfsight_apps_hide_column":"","pricing_elfsight_apps_url":"","pricing_codecanyon_price_caption":"","integration_category":[],"integration_request_title":"","integration_request_cta":"","integration_platform":"","integrations":[],"platform_category":[],"video_schema_markup":"","price":"desde $0 por mes","trial":"","benefits":[{"text":"Instalaci\u00f3n gratuita"},{"text":"Soporte Premium"},{"text":"14 d\u00edas garant\u00eda de reembolso"},{"text":"Actualizaciones regulares"}],"button_url":"#demo","button_target_blank":"0","button_nofollow":"0","attributes":[{"name":"Responsivo","content":"Si","_state":"expanded"},{"name":"Navegadores compatibles","content":"Firefox, Safari, Opera, Chrome, Edge","_state":"expanded"}],"tags":[],"tags_disable_links":"0","hide_more_platforms":"","video_object":"","demo_hide_cta":"0","demo_hide_cloud_options":"0","pricing_title":"","pricing":[{"pricing_icon":"platform","pricing_title":" Elfsight Apps","pricing_title_caption":"Soluci\u00f3n multiplataforma - valido para cualquier p\u00e1gina web","pricing_price":"desde $0 por mes","pricing_price_caption":"empezar con un plan gratuito","pricing_benefits":[{"text":"Sitios web ilimitados"},{"text":"Atenci\u00f3n al cliente gratuita y r\u00e1pida"},{"text":"Servicio de instalaci\u00f3n gratuito"},{"text":"Totalmente personalizable"}],"pricing_button_text":"Agregar al sitio web","pricing_button_url":"#demo","_state":"expanded"}],"related_apps_title":"","related_apps_hidden":"1","author":"","image":[],"title":"","job":"","social_networks":[]},"_links":{"self":[{"href":"https:\/\/elfsight.com\/es\/wp-json\/wp\/v2\/pages\/4378","targetHints":{"allow":["GET"]}}],"collection":[{"href":"https:\/\/elfsight.com\/es\/wp-json\/wp\/v2\/pages"}],"about":[{"href":"https:\/\/elfsight.com\/es\/wp-json\/wp\/v2\/types\/page"}],"author":[{"embeddable":true,"href":"https:\/\/elfsight.com\/es\/wp-json\/wp\/v2\/users\/18"}],"replies":[{"embeddable":true,"href":"https:\/\/elfsight.com\/es\/wp-json\/wp\/v2\/comments?post=4378"}],"version-history":[{"count":3,"href":"https:\/\/elfsight.com\/es\/wp-json\/wp\/v2\/pages\/4378\/revisions"}],"predecessor-version":[{"id":18190,"href":"https:\/\/elfsight.com\/es\/wp-json\/wp\/v2\/pages\/4378\/revisions\/18190"}],"up":[{"embeddable":true,"href":"https:\/\/elfsight.com\/es\/wp-json\/wp\/v2\/pages\/1771"}],"wp:attachment":[{"href":"https:\/\/elfsight.com\/es\/wp-json\/wp\/v2\/media?parent=4378"}],"curies":[{"name":"wp","href":"https:\/\/api.w.org\/{rel}","templated":true}]}}