{"id":4375,"date":"2022-02-11T11:23:26","date_gmt":"2022-02-11T11:23:26","guid":{"rendered":"https:\/\/elfsight.com\/es\/?page_id=4375"},"modified":"2025-02-06T15:22:30","modified_gmt":"2025-02-06T15:22:30","slug":"joomla","status":"publish","type":"page","link":"https:\/\/elfsight.com\/es\/online-form-builder\/joomla\/","title":{"rendered":"Form Builder &#8211; Joomla"},"content":{"rendered":"<div class=\"application-platform-content-item-description application-platform-content-item\" id=\"description\" data-nav-section=\"description\">  <h2>Creador de formularios personalizados para Joomla<\/h2>  La extensi\u00f3n Form Builder de Elfsight es el mejor creador de formularios gratuitos para Joomla, una \u00fanica herramienta para crear todas las variantes posibles de formularios y a\u00f1adirlos a cualquier sitio web. Recibe datos de tus clientes actuales y potenciales con encuestas, formularios de retroalimentaci\u00f3n, solicitudes de valoraci\u00f3n y muchos otros ejemplos utilizando el creador de formularios gratuito para Joomla. Dise\u00f1a la estructura del formulario con el mejor creador de formularios gratuito para Joomla, personaliza los formularios para procesar los datos de los usuarios. Sea cual sea la informaci\u00f3n que necesites: opiniones, valoraciones, reservas o compras, nuestro m\u00f3dulo Form Builder te permitir\u00e1 crear un formulario adecuado con el creador de formularios gratuito para Joomla. Gracias a su estructura flexible y a los diversos componentes disponibles, tu formulario ser\u00e1 conveniente para tu audiencia y atractivo para ti con el mejor creador de formularios gratuito para Joomla.  <b>\u00a1Recibe las opiniones de los clientes, gestiona reservas y solicitudes de los usuarios de tu sitio web!<\/b>  <ul>  <li><b>Crea formularios atractivos para recopilar m\u00e1s comentarios<\/b>. Utiliza todas las opciones de la extensi\u00f3n de Elfsight para dise\u00f1ar formularios efectivos. Define la estructura y organiza los segmentos para que tus formularios sean ordenados y f\u00e1ciles de completar. Aprovecha todas las opciones de estilo para crear una interfaz llamativa y atraer m\u00e1s comentarios.<\/li>  <li><b>Aumenta el n\u00famero de leads con formularios f\u00e1ciles de gestionar<\/b>. Nuestra extensi\u00f3n Form Builder te ayuda a crear los formularios m\u00e1s sencillos y \u00fatiles para tus clientes. Te ayudar\u00e1n a organizar una comunicaci\u00f3n eficiente y a mantener a los clientes comprometidos durante todo el proceso de llenado para completarlo con \u00e9xito.<\/li>  <li><b>Ahorra tiempo y dinero con una herramienta multifuncional<\/b>. Esta herramienta unificada te permite generar formularios de diversas categor\u00edas con diferentes conjuntos de segmentos y cualquier estructura. Esto te ayudar\u00e1 a crear formularios para recopilar informaci\u00f3n de clientes sin gastar dinero ni tiempo adicional.<\/li>  <\/ul>  <\/div>  <div class=\"application-platform-content-item-features application-platform-content-item\" id=\"features\" data-nav-section=\"features\">  <h2>Caracter\u00edsticas del plugin Constructor de Formularios<\/h2>  \u00bfPor qu\u00e9 el sencillo Form Builder de Elfsight se ha convertido en la mejor extensi\u00f3n para la recopilaci\u00f3n de comentarios de clientes en Joomla?  <ul>  <li>Crea formularios cl\u00e1sicos y paso a paso uniendo elementos en grupos;<\/li>  <li>Cada campo puede hacerse obligatorio con el s\u00edmbolo de asterisco (*) para indicarlo;<\/li>  <li>Textos editables del mensaje de agradecimiento y del bot\u00f3n para rellenar el formulario nuevamente;<\/li>  <li>Establece un ancho personalizado para el formulario en los dise\u00f1os predeterminados y en caja;<\/li>  <li>5 estilos predefinidos para los campos del formulario.<\/li>  <\/ul>  <a href=\"#demo\">Todas las caracter\u00edsticas en nuestro editor<\/a>  <\/div>  <div class=\"application-platform-content-item-installation application-platform-content-item\" id=\"installation\" data-nav-section=\"installation\">  <h2>C\u00f3mo agregar el m\u00f3dulo Form Builder a un sitio web de Joomla<\/h2>  Simplemente sigue las indicaciones a continuaci\u00f3n para integrar la herramienta en Joomla.  <ol>  <li><b>Usa nuestro editor gratuito y comienza a crear tu Form Builder personalizado.<\/b> Define la interfaz y las funcionalidades preferidas de la extensi\u00f3n y aplica las modificaciones.<\/li>  <li><b>Recibe tu c\u00f3digo personal en la ventana especial de Elfsight Apps.<\/b> Una vez finalizada la configuraci\u00f3n de tu extensi\u00f3n personalizada, copia el c\u00f3digo personal de la ventana emergente y gu\u00e1rdalo para su uso posterior.<\/li>  <li><b>Comienza a utilizar el plugin en el sitio web de Joomla.<\/b> Inserta el c\u00f3digo que has copiado recientemente en tu sitio web y aplica las mejoras.<\/li>  <li><b>La instalaci\u00f3n est\u00e1 completamente terminada.<\/b> Visita tu p\u00e1gina para comprobar c\u00f3mo funciona el plugin.<\/li>  <\/ol>  \u00bfTienes problemas al seguir la gu\u00eda? Deja una consulta en el centro de soporte de Elfsight o analiza la versi\u00f3n detallada del tutorial \u00ab<a href=\"https:\/\/elfsight.com\/tutorials\/how-to-add-form-builder-extension-to-joomla\/\">C\u00f3mo agregar formularios a un sitio web de Joomla<\/a>\u00bb y completa la configuraci\u00f3n por ti mismo.  <\/div>  <div class=\"faq\" data-component=\"FAQ\">  <div class=\"faq-item\">\r\n\t\t\t\t\t<div class=\"faq-item-question\">\r\n\t\t\t\t\t\t<h3 class=\"faq-item-question-text\">\u00bfSon seguros sus formularios?<\/h3>\r\n\r\n\t\t\t\t\t\t<div class=\"faq-item-question-icon\"><\/div>\r\n\t\t\t\t\t<\/div>\r\n\r\n\t\t\t\t\t<div class=\"faq-item-answer\">\r\n\t\t\t\t\t\t<div class=\"faq-item-answer-text\">  El widget Form Builder de Elfsight est\u00e1 integrado con la herramienta reCAPTCHA m\u00e1s potente. Est\u00e1 dise\u00f1ada para proteger tus formularios y buz\u00f3n de spam y garantizar un trabajo sencillo y solo datos valiosos.  <\/div>\r\n\t\t\t\t\t<\/div>\r\n\t\t\t\t<\/div>  <div class=\"faq-item\">\r\n\t\t\t\t\t<div class=\"faq-item-question\">\r\n\t\t\t\t\t\t<h3 class=\"faq-item-question-text\">\u00bfHay plantillas que admitan formularios de l\u00f3gica condicional \/ formularios con m\u00faltiples campos \/ formularios de correo electr\u00f3nico?<\/h3>\r\n\r\n\t\t\t\t\t\t<div class=\"faq-item-question-icon\"><\/div>\r\n\t\t\t\t\t<\/div>\r\n\r\n\t\t\t\t\t<div class=\"faq-item-answer\">\r\n\t\t\t\t\t\t<div class=\"faq-item-answer-text\">  \u00a1Por supuesto! Solo necesitas iniciar sesi\u00f3n en el servicio de Elfsight Apps y seleccionar cualquier plantilla adecuada, luego procede a crear tu herramienta personalizada.  <\/div>\r\n\t\t\t\t\t<\/div>\r\n\t\t\t\t<\/div>  <div class=\"faq-item\">\r\n\t\t\t\t\t<div class=\"faq-item-question\">\r\n\t\t\t\t\t\t<h3 class=\"faq-item-question-text\">\u00bfC\u00f3mo puedo crear un formulario de contacto o retroalimentaci\u00f3n para mi sitio web de Joomla?<\/h3>\r\n\r\n\t\t\t\t\t\t<div class=\"faq-item-question-icon\"><\/div>\r\n\t\t\t\t\t<\/div>\r\n\r\n\t\t\t\t\t<div class=\"faq-item-answer\">\r\n\t\t\t\t\t\t<div class=\"faq-item-answer-text\">  Para dise\u00f1ar un formulario de contacto o retroalimentaci\u00f3n, debes iniciar sesi\u00f3n en el sitio web de Elfsight Apps y realizar todas las modificaciones necesarias al widget. Despu\u00e9s de realizar los cambios, guarda tus modificaciones y procede a tu sitio. As\u00ed de sencillo.  <\/div>\r\n\t\t\t\t\t<\/div>\r\n\t\t\t\t<\/div>  <div class=\"faq-item\">\r\n\t\t\t\t\t<div class=\"faq-item-question\">\r\n\t\t\t\t\t\t<h3 class=\"faq-item-question-text\">\u00bfTienen plantillas pre-dise\u00f1adas de Form Builder para el sitio web de Joomla?<\/h3>\r\n\r\n\t\t\t\t\t\t<div class=\"faq-item-question-icon\"><\/div>\r\n\t\t\t\t\t<\/div>\r\n\r\n\t\t\t\t\t<div class=\"faq-item-answer\">\r\n\t\t\t\t\t\t<div class=\"faq-item-answer-text\">  S\u00ed. Nuestro equipo ha trabajado arduamente para crear una colecci\u00f3n masiva de m\u00e1s de 300 plantillas, como <a href=\"https:\/\/elfsight.com\/online-form-builder\/templates\/application-forms\/\">formularios de solicitud<\/a>, <a href=\"https:\/\/elfsight.com\/online-form-builder\/templates\/booking-forms\/\">formularios de reserva<\/a>, <a href=\"https:\/\/elfsight.com\/online-form-builder\/templates\/order-forms\/\">formularios de pedido<\/a>, <a href=\"https:\/\/elfsight.com\/online-form-builder\/templates\/product-forms\/\">formularios de producto<\/a>, <a href=\"https:\/\/elfsight.com\/online-form-builder\/templates\/questionnaires\/\">cuestionarios<\/a>, <a href=\"https:\/\/elfsight.com\/online-form-builder\/templates\/quizzes\/\">quizzes<\/a>, <a href=\"https:\/\/elfsight.com\/online-form-builder\/templates\/surveys\/\">encuestas<\/a>, <a href=\"https:\/\/elfsight.com\/online-form-builder\/templates\/file-upload-forms\/\">formularios de carga de archivos<\/a>, y muchos m\u00e1s. As\u00ed que no te resultar\u00e1 dif\u00edcil encontrar la opci\u00f3n adecuada con las <a href=\"https:\/\/elfsight.com\/online-form-builder\/templates\/\">plantillas de Form Builder<\/a>.  <\/div>\r\n\t\t\t\t\t<\/div>\r\n\t\t\t\t<\/div>  <\/div>","protected":false},"excerpt":{"rendered":"","protected":false},"author":18,"featured_media":0,"parent":1746,"menu_order":0,"comment_status":"closed","ping_status":"closed","template":"templates\/template-application-platform.php","meta":{"publish_to_discourse":"","publish_post_category":"","wpdc_auto_publish_overridden":"","wpdc_topic_tags":"","wpdc_pin_topic":"","wpdc_pin_until":"","discourse_post_id":"","discourse_permalink":"","wpdc_publishing_response":"","wpdc_publishing_error":"","footnotes":""},"class_list":["post-4375","page","type-page","status-publish","hentry"],"yoast_head":"<!-- This site is optimized with the Yoast SEO plugin v25.3.1 - https:\/\/yoast.com\/wordpress\/plugins\/seo\/ -->\n<title>Constructor de formularios - Incrustar extention de Generador de formularios al Joomla<\/title>\n<meta name=\"description\" content=\"A\u00f1ade un module atractivo de Constructor de formularios en su p\u00e1gina web de Joomla. Pruebe la demo de Elfsight manejable y cree su extention personalizado.\" \/>\n<meta name=\"robots\" content=\"index, follow, max-snippet:-1, max-image-preview:large, max-video-preview:-1\" \/>\n<link rel=\"canonical\" href=\"https:\/\/elfsight.com\/es\/online-form-builder\/joomla\/\" \/>\n<meta property=\"og:locale\" content=\"es_ES\" \/>\n<meta property=\"og:type\" content=\"article\" \/>\n<meta property=\"og:title\" content=\"Constructor de formularios - Incrustar extention de Generador de formularios al Joomla\" \/>\n<meta property=\"og:description\" content=\"A\u00f1ade un module atractivo de Constructor de formularios en su p\u00e1gina web de Joomla. Pruebe la demo de Elfsight manejable y cree su extention personalizado.\" \/>\n<meta property=\"og:url\" content=\"https:\/\/elfsight.com\/es\/online-form-builder\/joomla\/\" \/>\n<meta property=\"og:site_name\" content=\"Elfsight ES\" \/>\n<meta property=\"article:modified_time\" content=\"2025-02-06T15:22:30+00:00\" \/>\n<meta name=\"twitter:card\" content=\"summary_large_image\" \/>\n<meta name=\"twitter:label1\" content=\"Tiempo de lectura\" \/>\n\t<meta name=\"twitter:data1\" content=\"4 minutos\" \/>\n<!-- \/ Yoast SEO plugin. -->","yoast_head_json":{"title":"Constructor de formularios - Incrustar extention de Generador de formularios al Joomla","description":"A\u00f1ade un module atractivo de Constructor de formularios en su p\u00e1gina web de Joomla. Pruebe la demo de Elfsight manejable y cree su extention personalizado.","robots":{"index":"index","follow":"follow","max-snippet":"max-snippet:-1","max-image-preview":"max-image-preview:large","max-video-preview":"max-video-preview:-1"},"canonical":"https:\/\/elfsight.com\/es\/online-form-builder\/joomla\/","og_locale":"es_ES","og_type":"article","og_title":"Constructor de formularios - Incrustar extention de Generador de formularios al Joomla","og_description":"A\u00f1ade un module atractivo de Constructor de formularios en su p\u00e1gina web de Joomla. Pruebe la demo de Elfsight manejable y cree su extention personalizado.","og_url":"https:\/\/elfsight.com\/es\/online-form-builder\/joomla\/","og_site_name":"Elfsight ES","article_modified_time":"2025-02-06T15:22:30+00:00","twitter_card":"summary_large_image","twitter_misc":{"Tiempo de lectura":"4 minutos"},"schema":{"@context":"https:\/\/schema.org","@graph":[{"@type":"WebPage","@id":"https:\/\/elfsight.com\/es\/online-form-builder\/joomla\/","url":"https:\/\/elfsight.com\/es\/online-form-builder\/joomla\/","name":"Constructor de formularios - Incrustar extention de Generador de formularios al Joomla","isPartOf":{"@id":"https:\/\/elfsight.com\/es\/#website"},"datePublished":"2022-02-11T11:23:26+00:00","dateModified":"2025-02-06T15:22:30+00:00","description":"A\u00f1ade un module atractivo de Constructor de formularios en su p\u00e1gina web de Joomla. Pruebe la demo de Elfsight manejable y cree su extention personalizado.","breadcrumb":{"@id":"https:\/\/elfsight.com\/es\/online-form-builder\/joomla\/#breadcrumb"},"inLanguage":"es","potentialAction":[{"@type":"ReadAction","target":["https:\/\/elfsight.com\/es\/online-form-builder\/joomla\/"]}]},{"@type":"BreadcrumbList","@id":"https:\/\/elfsight.com\/es\/online-form-builder\/joomla\/#breadcrumb","itemListElement":[{"@type":"ListItem","position":1,"name":"Home","item":"https:\/\/elfsight.com\/es\/"},{"@type":"ListItem","position":2,"name":"Form Builder","item":"https:\/\/elfsight.com\/es\/online-form-builder\/"},{"@type":"ListItem","position":3,"name":"Form Builder &#8211; Joomla"}]},{"@type":"WebSite","@id":"https:\/\/elfsight.com\/es\/#website","url":"https:\/\/elfsight.com\/es\/","name":"Elfsight ES","description":"Just another Elfsight Sites site","potentialAction":[{"@type":"SearchAction","target":{"@type":"EntryPoint","urlTemplate":"https:\/\/elfsight.com\/es\/?s={search_term_string}"},"query-input":{"@type":"PropertyValueSpecification","valueRequired":true,"valueName":"search_term_string"}}],"inLanguage":"es"}]}},"meta_box":{"industry":"","seo_heading":"","heading":"","description":"","cta_heading":"","cta_description":"","application":"1745","h1":"extensi\u00f3n de Constructor de formularios para Joomla","h1_caption":"Genere formularios convencionales y multinivel y config\u00farelos a su sitio web","application_category":[],"applications_title":"","applications_request_title":"","applications_request_button_text":"","hero_text":"","hero_video":"","hero_video_schema_markup":"","selling_points_title":"","selling_points_caption":"","selling_points":[],"selling_points_cta_text":"","features_title":"","features":"","ed_cta_examples_text":"","ed_cta_examples_hidden":"","ed_cta_demo_text":"","ed_cta_demo_hidden":"","why_caption":"","why_editor_title":"","why_editor_text":"","why_team_title":"","why_team_text":"","why_service_title":"","why_service_text":"","template_catalog_visible":"0","template_catalog_title":"","template_catalog_text":"","template_catalog_categories_visible":"","demo_title":"Crea tu complemento Form Builder","demo_caption":"\u00a1Configure su Creador de formularios y agr\u00e9guelo a su sitio web Joomla gratis!","default_faq_hidden":"","app_template_category":[],"platform":"73","template_public_id":"","codecanyon_url":"","codecanyon_item_id":"","codecanyon_price":"","pricing_caption":"","pricing_elfsight_apps_hide_column":"","pricing_elfsight_apps_url":"","pricing_codecanyon_price_caption":"","integration_category":[],"integration_request_title":"","integration_request_cta":"","integration_platform":"","integrations":[],"platform_category":[],"video_schema_markup":"","price":"desde $0 por mes","trial":"","benefits":[{"text":"Instalaci\u00f3n gratuita"},{"text":"Soporte Premium"},{"text":"14 d\u00edas garant\u00eda de reembolso"},{"text":"Actualizaciones regulares"}],"button_url":"#demo","button_target_blank":"0","button_nofollow":"0","attributes":[{"name":"Responsivo","content":"Si","_state":"expanded"},{"name":"Navegadores compatibles","content":"Firefox, Safari, Opera, Chrome, Edge","_state":"expanded"}],"tags":[],"tags_disable_links":"0","hide_more_platforms":"","video_object":"","demo_hide_cta":"0","demo_hide_cloud_options":"0","pricing_title":"","pricing":[{"pricing_icon":"platform","pricing_title":" Elfsight Apps","pricing_title_caption":"Soluci\u00f3n multiplataforma - valido para cualquier p\u00e1gina web","pricing_price":"desde $0 por mes","pricing_price_caption":"empezar con un plan gratuito","pricing_benefits":[{"text":"Sitios web ilimitados"},{"text":"Atenci\u00f3n al cliente gratuita y r\u00e1pida"},{"text":"Servicio de instalaci\u00f3n gratuito"},{"text":"Totalmente personalizable"}],"pricing_button_text":"Agregar al sitio web","pricing_button_url":"#demo","_state":"expanded"}],"related_apps_title":"","related_apps_hidden":"1","author":"","image":[],"title":"","job":"","social_networks":[]},"_links":{"self":[{"href":"https:\/\/elfsight.com\/es\/wp-json\/wp\/v2\/pages\/4375","targetHints":{"allow":["GET"]}}],"collection":[{"href":"https:\/\/elfsight.com\/es\/wp-json\/wp\/v2\/pages"}],"about":[{"href":"https:\/\/elfsight.com\/es\/wp-json\/wp\/v2\/types\/page"}],"author":[{"embeddable":true,"href":"https:\/\/elfsight.com\/es\/wp-json\/wp\/v2\/users\/18"}],"replies":[{"embeddable":true,"href":"https:\/\/elfsight.com\/es\/wp-json\/wp\/v2\/comments?post=4375"}],"version-history":[{"count":3,"href":"https:\/\/elfsight.com\/es\/wp-json\/wp\/v2\/pages\/4375\/revisions"}],"predecessor-version":[{"id":18189,"href":"https:\/\/elfsight.com\/es\/wp-json\/wp\/v2\/pages\/4375\/revisions\/18189"}],"up":[{"embeddable":true,"href":"https:\/\/elfsight.com\/es\/wp-json\/wp\/v2\/pages\/1746"}],"wp:attachment":[{"href":"https:\/\/elfsight.com\/es\/wp-json\/wp\/v2\/media?parent=4375"}],"curies":[{"name":"wp","href":"https:\/\/api.w.org\/{rel}","templated":true}]}}