{"id":4372,"date":"2022-02-11T11:23:51","date_gmt":"2022-02-11T11:23:51","guid":{"rendered":"https:\/\/elfsight.com\/es\/?page_id=4372"},"modified":"2025-02-06T15:22:30","modified_gmt":"2025-02-06T15:22:30","slug":"google-sites","status":"publish","type":"page","link":"https:\/\/elfsight.com\/es\/accordion-faq-widget\/google-sites\/","title":{"rendered":"FAQ &#8211; Google Sites"},"content":{"rendered":"<div class=\"application-platform-content-item-description application-platform-content-item\" id=\"description\" data-nav-section=\"description\"> <h2>Incrustar FAQ en Google Sites con el widget de Elfsight<\/h2> <p>FAQ es una herramienta \u00fatil y f\u00e1cil de instalar y personalizar para a\u00f1adir un conjunto de las preguntas m\u00e1s frecuentes con sus respuestas en tu sitio web. Un plugin interactivo con una interfaz r\u00e1pida te da la oportunidad de proporcionar informaci\u00f3n completa sobre tus productos, centrar la atenci\u00f3n en sus caracter\u00edsticas positivas y evitar cualquier tipo de malentendido que pueda dificultar una compra.<\/p> <p><b>Haz que tu sitio web sea m\u00e1s efectivo para los objetivos comerciales con FAQ<\/b><\/p> <\/div> <div class=\"application-platform-content-item-features application-platform-content-item\" id=\"features\" data-nav-section=\"features\"> <h2>Estas son solo algunas de las muchas caracter\u00edsticas del widget: <\/h2> <ul><li>Una biblioteca de iconos burbuja para elegir<\/li><li>Texto editable en las burbujas<\/li><li>Encabezado flexible con el logo, nombre y pie de p\u00e1gina de la p\u00e1gina.<\/li><li>Selecci\u00f3n de imagen de la p\u00e1gina por defecto, desde la biblioteca o subiendo una imagen personalizada<\/li><\/ul><p><a href=\"#demo\">Puedes ver lo que ofrece el widget utilizando la demo<\/a><\/p> <\/div> <div class=\"application-platform-content-item-installation application-platform-content-item\" id=\"installation\" data-nav-section=\"installation\"> <h2>\u00bfC\u00f3mo incrustar FAQ en mi p\u00e1gina de Google Sites?<\/h2> <p>Simplemente sigue las indicaciones a continuaci\u00f3n para incrustar el widget. <\/p> <ol><li><b>Abre nuestra demo gratuita y comienza a crear tu widget personalizado.<\/b><br> Elige el dise\u00f1o adecuado y las caracter\u00edsticas del widget y guarda los cambios.<\/li>  <li><b>Obt\u00e9n tu c\u00f3digo \u00fanico que aparece en la ventana emergente de Elfsight Apps.<\/b><br> Una vez finalizada la configuraci\u00f3n de tu widget personalizado, copia el c\u00f3digo \u00fanico de la ventana emergente y gu\u00e1rdalo para su uso posterior.<\/li>  <li><b>Comienza a usar el widget en tu p\u00e1gina de Google Sites.<\/b><br> Inserta el c\u00f3digo que has copiado recientemente en tu p\u00e1gina web y aplica los ajustes.<\/li>  <li><b>\u00a1Listo! La instalaci\u00f3n est\u00e1 completamente terminada.<\/b><br> Visita tu p\u00e1gina para ver c\u00f3mo funciona la herramienta.<\/li><\/ol> <div class=\"tip-yellow tip\"><b>Debido a las particularidades del funcionamiento de Google Sites, el widget puede verse diferente a la demo en l\u00ednea. Pedimos disculpas por cualquier inconveniente.<\/b><\/div><p>Si encuentras alg\u00fan problema, no dudes en ponerte en contacto con nuestro equipo de soporte. Estaremos encantados de resolver cualquier dificultad que puedas tener con el widget. <\/p> <div class=\"faq\" data-component=\"FAQ\"><div class=\"faq-item\">\r\n\t\t\t\t\t<div class=\"faq-item-question\">\r\n\t\t\t\t\t\t<h3 class=\"faq-item-question-text\">\u00bfC\u00f3mo a\u00f1adir FAQ a mi p\u00e1gina de Google Sites sin habilidades de programaci\u00f3n?<\/h3>\r\n\r\n\t\t\t\t\t\t<div class=\"faq-item-question-icon\"><\/div>\r\n\t\t\t\t\t<\/div>\r\n\r\n\t\t\t\t\t<div class=\"faq-item-answer\">\r\n\t\t\t\t\t\t<div class=\"faq-item-answer-text\"> <p>Elfsight ofrece una soluci\u00f3n SaaS que te permite crear un widget FAQ t\u00fa mismo, y ver lo f\u00e1cil que es el proceso: Trabaja directamente en el Editor en l\u00ednea para crear el widget FAQ que deseas ver en tu p\u00e1gina de Google Sites. Elige una de las plantillas predise\u00f1adas y ajusta la configuraci\u00f3n del FAQ, agrega tu contenido, cambia el dise\u00f1o y los colores sin necesidad de habilidades de programaci\u00f3n. Guarda el FAQ y copia su c\u00f3digo de instalaci\u00f3n, que puedes incluir f\u00e1cilmente en tu p\u00e1gina de Google Sites sin necesidad de comprar una suscripci\u00f3n de pago. Con nuestro Editor intuitivo, cualquier usuario de Internet puede crear el widget FAQ en l\u00ednea e incrustarlo f\u00e1cilmente en su p\u00e1gina de Google Sites. No es necesario pagar ni ingresar tus datos bancarios para acceder al servicio. Si tienes alg\u00fan problema en cualquier paso, no dudes en contactar con nuestro equipo de soporte t\u00e9cnico.<\/p> <\/div>\r\n\t\t\t\t\t<\/div>\r\n\t\t\t\t<\/div> <\/div><\/div>","protected":false},"excerpt":{"rendered":"","protected":false},"author":18,"featured_media":0,"parent":1771,"menu_order":0,"comment_status":"closed","ping_status":"closed","template":"templates\/template-application-platform.php","meta":{"publish_to_discourse":"","publish_post_category":"","wpdc_auto_publish_overridden":"","wpdc_topic_tags":"","wpdc_pin_topic":"","wpdc_pin_until":"","discourse_post_id":"","discourse_permalink":"","wpdc_publishing_response":"","wpdc_publishing_error":"","footnotes":""},"class_list":["post-4372","page","type-page","status-publish","hentry"],"yoast_head":"<!-- This site is optimized with the Yoast SEO plugin v25.3.1 - https:\/\/yoast.com\/wordpress\/plugins\/seo\/ -->\n<title>FAQ - Agregar plugin de Preguntas Frecuentes al Google Sites<\/title>\n<meta name=\"description\" content=\"A\u00f1ade un widget hermoso de FAQ en su sitio web de Google Sites. Aplique la demo de Elfsight manejable y cree su plugin \u00fanico.\" \/>\n<meta name=\"robots\" content=\"index, follow, max-snippet:-1, max-image-preview:large, max-video-preview:-1\" \/>\n<link rel=\"canonical\" href=\"https:\/\/elfsight.com\/es\/accordion-faq-widget\/google-sites\/\" \/>\n<meta property=\"og:locale\" content=\"es_ES\" \/>\n<meta property=\"og:type\" content=\"article\" \/>\n<meta property=\"og:title\" content=\"FAQ - Agregar plugin de Preguntas Frecuentes al Google Sites\" \/>\n<meta property=\"og:description\" content=\"A\u00f1ade un widget hermoso de FAQ en su sitio web de Google Sites. Aplique la demo de Elfsight manejable y cree su plugin \u00fanico.\" \/>\n<meta property=\"og:url\" content=\"https:\/\/elfsight.com\/es\/accordion-faq-widget\/google-sites\/\" \/>\n<meta property=\"og:site_name\" content=\"Elfsight ES\" \/>\n<meta property=\"article:modified_time\" content=\"2025-02-06T15:22:30+00:00\" \/>\n<meta name=\"twitter:card\" content=\"summary_large_image\" \/>\n<meta name=\"twitter:label1\" content=\"Tiempo de lectura\" \/>\n\t<meta name=\"twitter:data1\" content=\"1 minuto\" \/>\n<!-- \/ Yoast SEO plugin. -->","yoast_head_json":{"title":"FAQ - Agregar plugin de Preguntas Frecuentes al Google Sites","description":"A\u00f1ade un widget hermoso de FAQ en su sitio web de Google Sites. Aplique la demo de Elfsight manejable y cree su plugin \u00fanico.","robots":{"index":"index","follow":"follow","max-snippet":"max-snippet:-1","max-image-preview":"max-image-preview:large","max-video-preview":"max-video-preview:-1"},"canonical":"https:\/\/elfsight.com\/es\/accordion-faq-widget\/google-sites\/","og_locale":"es_ES","og_type":"article","og_title":"FAQ - Agregar plugin de Preguntas Frecuentes al Google Sites","og_description":"A\u00f1ade un widget hermoso de FAQ en su sitio web de Google Sites. Aplique la demo de Elfsight manejable y cree su plugin \u00fanico.","og_url":"https:\/\/elfsight.com\/es\/accordion-faq-widget\/google-sites\/","og_site_name":"Elfsight ES","article_modified_time":"2025-02-06T15:22:30+00:00","twitter_card":"summary_large_image","twitter_misc":{"Tiempo de lectura":"1 minuto"},"schema":{"@context":"https:\/\/schema.org","@graph":[{"@type":"WebPage","@id":"https:\/\/elfsight.com\/es\/accordion-faq-widget\/google-sites\/","url":"https:\/\/elfsight.com\/es\/accordion-faq-widget\/google-sites\/","name":"FAQ - Agregar plugin de Preguntas Frecuentes al Google Sites","isPartOf":{"@id":"https:\/\/elfsight.com\/es\/#website"},"datePublished":"2022-02-11T11:23:51+00:00","dateModified":"2025-02-06T15:22:30+00:00","description":"A\u00f1ade un widget hermoso de FAQ en su sitio web de Google Sites. Aplique la demo de Elfsight manejable y cree su plugin \u00fanico.","breadcrumb":{"@id":"https:\/\/elfsight.com\/es\/accordion-faq-widget\/google-sites\/#breadcrumb"},"inLanguage":"es","potentialAction":[{"@type":"ReadAction","target":["https:\/\/elfsight.com\/es\/accordion-faq-widget\/google-sites\/"]}]},{"@type":"BreadcrumbList","@id":"https:\/\/elfsight.com\/es\/accordion-faq-widget\/google-sites\/#breadcrumb","itemListElement":[{"@type":"ListItem","position":1,"name":"Home","item":"https:\/\/elfsight.com\/es\/"},{"@type":"ListItem","position":2,"name":"FAQ","item":"https:\/\/elfsight.com\/es\/accordion-faq-widget\/"},{"@type":"ListItem","position":3,"name":"FAQ &#8211; Google Sites"}]},{"@type":"WebSite","@id":"https:\/\/elfsight.com\/es\/#website","url":"https:\/\/elfsight.com\/es\/","name":"Elfsight ES","description":"Just another Elfsight Sites site","potentialAction":[{"@type":"SearchAction","target":{"@type":"EntryPoint","urlTemplate":"https:\/\/elfsight.com\/es\/?s={search_term_string}"},"query-input":{"@type":"PropertyValueSpecification","valueRequired":true,"valueName":"search_term_string"}}],"inLanguage":"es"}]}},"meta_box":{"industry":"","seo_heading":"","heading":"","description":"","cta_heading":"","cta_description":"","application":"1770","h1":"complemento de preguntas frecuentes para Google Sites","h1_caption":"Proporcione respuestas a preguntas frecuentes en un formato organizado y con capacidad de b\u00fasqueda para ayudar a los usuarios a encontrar soluciones r\u00e1pidamente en sus sitios de Google y sin esfuerzo.","application_category":[],"applications_title":"","applications_request_title":"","applications_request_button_text":"","hero_text":"","hero_video":"","hero_video_schema_markup":"","selling_points_title":"","selling_points_caption":"","selling_points":[],"selling_points_cta_text":"","features_title":"","features":"","ed_cta_examples_text":"","ed_cta_examples_hidden":"","ed_cta_demo_text":"","ed_cta_demo_hidden":"","why_caption":"","why_editor_title":"","why_editor_text":"","why_team_title":"","why_team_text":"","why_service_title":"","why_service_text":"","template_catalog_visible":"","template_catalog_title":"","template_catalog_text":"","template_catalog_categories_visible":"","demo_title":"Crea tu widget de preguntas frecuentes","demo_caption":"Configure sus preguntas frecuentes y agr\u00e9guelas a su sitio web de Google Sites de forma gratuita.","default_faq_hidden":"","app_template_category":[],"platform":"67","template_public_id":"","codecanyon_url":"","codecanyon_item_id":"","codecanyon_price":"","pricing_caption":"","pricing_elfsight_apps_hide_column":"","pricing_elfsight_apps_url":"","pricing_codecanyon_price_caption":"","integration_category":[],"integration_request_title":"","integration_request_cta":"","integration_platform":"","integrations":[],"platform_category":[],"video_schema_markup":"","price":"desde $0 por mes","trial":"","benefits":[{"text":"Instalaci\u00f3n gratuita"},{"text":"Soporte Premium"},{"text":"14 d\u00edas garant\u00eda de reembolso"},{"text":"Actualizaciones regulares"}],"button_url":"#demo","button_target_blank":"0","button_nofollow":"0","attributes":[{"name":"Responsivo","content":"Si","_state":"expanded"},{"name":"Navegadores compatibles","content":"Firefox, Safari, Opera, Chrome, Edge","_state":"expanded"}],"tags":[],"tags_disable_links":"0","hide_more_platforms":"","video_object":"","demo_hide_cta":"0","demo_hide_cloud_options":"0","pricing_title":"","pricing":[{"pricing_icon":"platform","pricing_title":" Elfsight Apps","pricing_title_caption":"Soluci\u00f3n multiplataforma - valido para cualquier p\u00e1gina web","pricing_price":"desde $0 por mes","pricing_price_caption":"empezar con un plan gratuito","pricing_benefits":[{"text":"Sitios web ilimitados"},{"text":"Atenci\u00f3n al cliente gratuita y r\u00e1pida"},{"text":"Servicio de instalaci\u00f3n gratuito"},{"text":"Totalmente personalizable"}],"pricing_button_text":"Agregar al sitio web","pricing_button_url":"#demo","_state":"expanded"}],"related_apps_title":"","related_apps_hidden":"1","author":"","image":[],"title":"","job":"","social_networks":[]},"_links":{"self":[{"href":"https:\/\/elfsight.com\/es\/wp-json\/wp\/v2\/pages\/4372","targetHints":{"allow":["GET"]}}],"collection":[{"href":"https:\/\/elfsight.com\/es\/wp-json\/wp\/v2\/pages"}],"about":[{"href":"https:\/\/elfsight.com\/es\/wp-json\/wp\/v2\/types\/page"}],"author":[{"embeddable":true,"href":"https:\/\/elfsight.com\/es\/wp-json\/wp\/v2\/users\/18"}],"replies":[{"embeddable":true,"href":"https:\/\/elfsight.com\/es\/wp-json\/wp\/v2\/comments?post=4372"}],"version-history":[{"count":3,"href":"https:\/\/elfsight.com\/es\/wp-json\/wp\/v2\/pages\/4372\/revisions"}],"predecessor-version":[{"id":18188,"href":"https:\/\/elfsight.com\/es\/wp-json\/wp\/v2\/pages\/4372\/revisions\/18188"}],"up":[{"embeddable":true,"href":"https:\/\/elfsight.com\/es\/wp-json\/wp\/v2\/pages\/1771"}],"wp:attachment":[{"href":"https:\/\/elfsight.com\/es\/wp-json\/wp\/v2\/media?parent=4372"}],"curies":[{"name":"wp","href":"https:\/\/api.w.org\/{rel}","templated":true}]}}