{"id":4366,"date":"2022-02-11T11:24:15","date_gmt":"2022-02-11T11:24:15","guid":{"rendered":"https:\/\/elfsight.com\/es\/?page_id=4366"},"modified":"2025-02-06T15:22:22","modified_gmt":"2025-02-06T15:22:22","slug":"godaddy","status":"publish","type":"page","link":"https:\/\/elfsight.com\/es\/accordion-faq-widget\/godaddy\/","title":{"rendered":"FAQ &#8211; GoDaddy"},"content":{"rendered":"<div class=\"application-platform-content-item-description application-platform-content-item\" id=\"description\" data-nav-section=\"description\"> <h2>Incorporar FAQ en GoDaddy con el widget de Elfsight<\/h2> <p>El complemento FAQ de Elfsight es una herramienta eficaz para dar forma f\u00e1cilmente a un FAQ informativo para tu sitio web. Proporciona a tus clientes las respuestas a las preguntas m\u00e1s frecuentes en un formato claro y f\u00e1cil de navegar para anticipar sus dudas y reducir la carga en tu equipo de soporte. Ofrece m\u00e1s detalles sobre tus productos y condiciones comerciales para combatir cualquier duda o malentendido, logrando mayor confianza y m\u00e1s ventas.<\/p> <p><b>\u00a1Aumenta tus ventas anticipando las preguntas de los clientes y eliminando los obst\u00e1culos para la compra!<\/b><\/p> <\/div> <div class=\"application-platform-content-item-features application-platform-content-item\" id=\"features\" data-nav-section=\"features\"> <h2>A continuaci\u00f3n, las caracter\u00edsticas esenciales del complemento: <\/h2> <ul><li>3 dise\u00f1os listos para usar: acorde\u00f3n, lista, multicolumna<\/li><li>Dise\u00f1o acorde\u00f3n para mostrar respuestas al hacer clic<\/li><li>Dise\u00f1o de lista para mostrar todas las preguntas y respuestas a la vez<\/li><li>Dise\u00f1o multicolumna para dividir el contenido autom\u00e1ticamente en columnas<\/li><li>4 estilos listos para usar con bordes y sombras<\/li><\/ul><p><a href=\"#demo\">Simplemente prueba esta demo para ver lo que vale el complemento<\/a><\/p> <\/div> <div class=\"application-platform-content-item-installation application-platform-content-item\" id=\"installation\" data-nav-section=\"installation\"> <h2>\u00bfC\u00f3mo agregar un FAQ en mi sitio web GoDaddy?<\/h2> <p>Solo sigue un par de pasos indicados abajo para integrar la herramienta.<\/p> <ol><li><b>Realiza nuestra demo gratuita y empieza a crear tu complemento personalizado.<\/b><br> Determina el formulario y la funcionalidad personalizada del complemento y guarda los cambios.<\/li><li><b>Obt\u00e9n tu c\u00f3digo personal que aparecer\u00e1 en el formulario especial en Elfsight Apps.<\/b><br> Despu\u00e9s de establecer tu complemento personalizado, copia el c\u00f3digo individual en la ventana emergente y gu\u00e1rdalo para m\u00e1s tarde.<\/li><li><b>Comienza a usar el complemento en tu p\u00e1gina web GoDaddy.<\/b><br> Inserta el c\u00f3digo que guardaste recientemente en tu p\u00e1gina y aplica las modificaciones.<\/li><li><b>\u00a1Listo! La integraci\u00f3n se complet\u00f3 con \u00e9xito.<\/b><br> Ve a tu p\u00e1gina para ver en acci\u00f3n el funcionamiento del complemento.<\/li><\/ol><p>En caso de tener preguntas o encontrar alg\u00fan obst\u00e1culo, comun\u00edcate con nuestro equipo de soporte. Nuestros especialistas estar\u00e1n encantados de ayudarte con todos los problemas que puedas tener con el producto.<\/p> <div class=\"faq\" data-component=\"FAQ\"><div class=\"faq-item\">\r\n\t\t\t\t\t<div class=\"faq-item-question\">\r\n\t\t\t\t\t\t<h3 class=\"faq-item-question-text\">\u00bfC\u00f3mo puedo agregar FAQ a mi sitio web GoDaddy sin habilidades de programaci\u00f3n?<\/h3>\r\n\r\n\t\t\t\t\t\t<div class=\"faq-item-question-icon\"><\/div>\r\n\t\t\t\t\t<\/div>\r\n\r\n\t\t\t\t\t<div class=\"faq-item-answer\">\r\n\t\t\t\t\t\t<div class=\"faq-item-answer-text\"> <p>Elfsight proporciona una soluci\u00f3n SaaS que te permite crear un widget FAQ por ti mismo, observa lo f\u00e1cil que es el proceso: Trabaja directamente en el Editor en l\u00ednea para crear el widget FAQ que te gustar\u00eda ver en tu sitio web GoDaddy. Elige una de las plantillas predefinidas y ajusta la configuraci\u00f3n del FAQ, agrega tu contenido, cambia el dise\u00f1o y los colores sin habilidades de programaci\u00f3n. Guarda el FAQ y copia su c\u00f3digo de instalaci\u00f3n, que puedes agregar f\u00e1cilmente a tu sitio web GoDaddy sin necesidad de comprar un plan de pago. Con nuestro Editor intuitivo, cualquier usuario de internet puede crear un widget FAQ en l\u00ednea e integrarlo f\u00e1cilmente en su sitio web GoDaddy. No es necesario pagar ni ingresar los datos de tu tarjeta para acceder al servicio. Si tienes problemas en alg\u00fan paso, no dudes en ponerte en contacto con nuestro equipo de soporte t\u00e9cnico.<\/p> <\/div>\r\n\t\t\t\t\t<\/div>\r\n\t\t\t\t<\/div> <\/div><\/div>","protected":false},"excerpt":{"rendered":"","protected":false},"author":18,"featured_media":0,"parent":1771,"menu_order":0,"comment_status":"closed","ping_status":"closed","template":"templates\/template-application-platform.php","meta":{"publish_to_discourse":"","publish_post_category":"","wpdc_auto_publish_overridden":"","wpdc_topic_tags":"","wpdc_pin_topic":"","wpdc_pin_until":"","discourse_post_id":"","discourse_permalink":"","wpdc_publishing_response":"","wpdc_publishing_error":"","footnotes":""},"class_list":["post-4366","page","type-page","status-publish","hentry"],"yoast_head":"<!-- This site is optimized with the Yoast SEO plugin v25.3.1 - https:\/\/yoast.com\/wordpress\/plugins\/seo\/ -->\n<title>FAQ - Incrustar widget de Preguntas Frecuentes al GoDaddy<\/title>\n<meta name=\"description\" content=\"A\u00f1ade un widget responsivo de FAQ en su sitio de GoDaddy. Lance la demo de Elfsight intuitiva y construe su widget propio.\" \/>\n<meta name=\"robots\" content=\"index, follow, max-snippet:-1, max-image-preview:large, max-video-preview:-1\" \/>\n<link rel=\"canonical\" href=\"https:\/\/elfsight.com\/es\/accordion-faq-widget\/godaddy\/\" \/>\n<meta property=\"og:locale\" content=\"es_ES\" \/>\n<meta property=\"og:type\" content=\"article\" \/>\n<meta property=\"og:title\" content=\"FAQ - Incrustar widget de Preguntas Frecuentes al GoDaddy\" \/>\n<meta property=\"og:description\" content=\"A\u00f1ade un widget responsivo de FAQ en su sitio de GoDaddy. Lance la demo de Elfsight intuitiva y construe su widget propio.\" \/>\n<meta property=\"og:url\" content=\"https:\/\/elfsight.com\/es\/accordion-faq-widget\/godaddy\/\" \/>\n<meta property=\"og:site_name\" content=\"Elfsight ES\" \/>\n<meta property=\"article:modified_time\" content=\"2025-02-06T15:22:22+00:00\" \/>\n<meta name=\"twitter:card\" content=\"summary_large_image\" \/>\n<meta name=\"twitter:label1\" content=\"Tiempo de lectura\" \/>\n\t<meta name=\"twitter:data1\" content=\"1 minuto\" \/>\n<!-- \/ Yoast SEO plugin. -->","yoast_head_json":{"title":"FAQ - Incrustar widget de Preguntas Frecuentes al GoDaddy","description":"A\u00f1ade un widget responsivo de FAQ en su sitio de GoDaddy. Lance la demo de Elfsight intuitiva y construe su widget propio.","robots":{"index":"index","follow":"follow","max-snippet":"max-snippet:-1","max-image-preview":"max-image-preview:large","max-video-preview":"max-video-preview:-1"},"canonical":"https:\/\/elfsight.com\/es\/accordion-faq-widget\/godaddy\/","og_locale":"es_ES","og_type":"article","og_title":"FAQ - Incrustar widget de Preguntas Frecuentes al GoDaddy","og_description":"A\u00f1ade un widget responsivo de FAQ en su sitio de GoDaddy. Lance la demo de Elfsight intuitiva y construe su widget propio.","og_url":"https:\/\/elfsight.com\/es\/accordion-faq-widget\/godaddy\/","og_site_name":"Elfsight ES","article_modified_time":"2025-02-06T15:22:22+00:00","twitter_card":"summary_large_image","twitter_misc":{"Tiempo de lectura":"1 minuto"},"schema":{"@context":"https:\/\/schema.org","@graph":[{"@type":"WebPage","@id":"https:\/\/elfsight.com\/es\/accordion-faq-widget\/godaddy\/","url":"https:\/\/elfsight.com\/es\/accordion-faq-widget\/godaddy\/","name":"FAQ - Incrustar widget de Preguntas Frecuentes al GoDaddy","isPartOf":{"@id":"https:\/\/elfsight.com\/es\/#website"},"datePublished":"2022-02-11T11:24:15+00:00","dateModified":"2025-02-06T15:22:22+00:00","description":"A\u00f1ade un widget responsivo de FAQ en su sitio de GoDaddy. Lance la demo de Elfsight intuitiva y construe su widget propio.","breadcrumb":{"@id":"https:\/\/elfsight.com\/es\/accordion-faq-widget\/godaddy\/#breadcrumb"},"inLanguage":"es","potentialAction":[{"@type":"ReadAction","target":["https:\/\/elfsight.com\/es\/accordion-faq-widget\/godaddy\/"]}]},{"@type":"BreadcrumbList","@id":"https:\/\/elfsight.com\/es\/accordion-faq-widget\/godaddy\/#breadcrumb","itemListElement":[{"@type":"ListItem","position":1,"name":"Home","item":"https:\/\/elfsight.com\/es\/"},{"@type":"ListItem","position":2,"name":"FAQ","item":"https:\/\/elfsight.com\/es\/accordion-faq-widget\/"},{"@type":"ListItem","position":3,"name":"FAQ &#8211; GoDaddy"}]},{"@type":"WebSite","@id":"https:\/\/elfsight.com\/es\/#website","url":"https:\/\/elfsight.com\/es\/","name":"Elfsight ES","description":"Just another Elfsight Sites site","potentialAction":[{"@type":"SearchAction","target":{"@type":"EntryPoint","urlTemplate":"https:\/\/elfsight.com\/es\/?s={search_term_string}"},"query-input":{"@type":"PropertyValueSpecification","valueRequired":true,"valueName":"search_term_string"}}],"inLanguage":"es"}]}},"meta_box":{"industry":"","seo_heading":"","heading":"","description":"","cta_heading":"","cta_description":"","application":"1770","h1":"widget de preguntas frecuentes para GoDaddy","h1_caption":"Proporcione respuestas a preguntas frecuentes en un formato organizado y con capacidad de b\u00fasqueda para ayudar a los usuarios a encontrar soluciones r\u00e1pidamente en su sitio web de GoDaddy sin esfuerzo.","application_category":[],"applications_title":"","applications_request_title":"","applications_request_button_text":"","hero_text":"","hero_video":"","hero_video_schema_markup":"","selling_points_title":"","selling_points_caption":"","selling_points":[],"selling_points_cta_text":"","features_title":"","features":"","ed_cta_examples_text":"","ed_cta_examples_hidden":"","ed_cta_demo_text":"","ed_cta_demo_hidden":"","why_caption":"","why_editor_title":"","why_editor_text":"","why_team_title":"","why_team_text":"","why_service_title":"","why_service_text":"","template_catalog_visible":"","template_catalog_title":"","template_catalog_text":"","template_catalog_categories_visible":"","demo_title":"Crea tu complemento de preguntas frecuentes","demo_caption":"\u00a1Configure sus preguntas frecuentes y agr\u00e9guelas a su sitio web de GoDaddy gratis!","default_faq_hidden":"","app_template_category":[],"platform":"2183","template_public_id":"","codecanyon_url":"","codecanyon_item_id":"","codecanyon_price":"","pricing_caption":"","pricing_elfsight_apps_hide_column":"","pricing_elfsight_apps_url":"","pricing_codecanyon_price_caption":"","integration_category":[],"integration_request_title":"","integration_request_cta":"","integration_platform":"","integrations":[],"platform_category":[],"video_schema_markup":"","price":"desde $0 por mes","trial":"","benefits":[{"text":"Instalaci\u00f3n gratuita"},{"text":"Soporte Premium"},{"text":"14 d\u00edas garant\u00eda de reembolso"},{"text":"Actualizaciones regulares"}],"button_url":"#demo","button_target_blank":"0","button_nofollow":"0","attributes":[{"name":"Responsivo","content":"Si","_state":"expanded"},{"name":"Navegadores compatibles","content":"Firefox, Safari, Opera, Chrome, Edge","_state":"expanded"}],"tags":[],"tags_disable_links":"0","hide_more_platforms":"","video_object":"","demo_hide_cta":"0","demo_hide_cloud_options":"0","pricing_title":"","pricing":[{"pricing_icon":"platform","pricing_title":" Elfsight Apps","pricing_title_caption":"Soluci\u00f3n multiplataforma - valido para cualquier p\u00e1gina web","pricing_price":"desde $0 por mes","pricing_price_caption":"empezar con un plan gratuito","pricing_benefits":[{"text":"Sitios web ilimitados"},{"text":"Atenci\u00f3n al cliente gratuita y r\u00e1pida"},{"text":"Servicio de instalaci\u00f3n gratuito"},{"text":"Totalmente personalizable"}],"pricing_button_text":"Agregar al sitio web","pricing_button_url":"#demo","_state":"expanded"}],"related_apps_title":"","related_apps_hidden":"1","author":"","image":[],"title":"","job":"","social_networks":[]},"_links":{"self":[{"href":"https:\/\/elfsight.com\/es\/wp-json\/wp\/v2\/pages\/4366","targetHints":{"allow":["GET"]}}],"collection":[{"href":"https:\/\/elfsight.com\/es\/wp-json\/wp\/v2\/pages"}],"about":[{"href":"https:\/\/elfsight.com\/es\/wp-json\/wp\/v2\/types\/page"}],"author":[{"embeddable":true,"href":"https:\/\/elfsight.com\/es\/wp-json\/wp\/v2\/users\/18"}],"replies":[{"embeddable":true,"href":"https:\/\/elfsight.com\/es\/wp-json\/wp\/v2\/comments?post=4366"}],"version-history":[{"count":3,"href":"https:\/\/elfsight.com\/es\/wp-json\/wp\/v2\/pages\/4366\/revisions"}],"predecessor-version":[{"id":18186,"href":"https:\/\/elfsight.com\/es\/wp-json\/wp\/v2\/pages\/4366\/revisions\/18186"}],"up":[{"embeddable":true,"href":"https:\/\/elfsight.com\/es\/wp-json\/wp\/v2\/pages\/1771"}],"wp:attachment":[{"href":"https:\/\/elfsight.com\/es\/wp-json\/wp\/v2\/media?parent=4366"}],"curies":[{"name":"wp","href":"https:\/\/api.w.org\/{rel}","templated":true}]}}