{"id":4363,"date":"2022-02-11T11:25:43","date_gmt":"2022-02-11T11:25:43","guid":{"rendered":"https:\/\/elfsight.com\/es\/?page_id=4363"},"modified":"2025-02-06T15:22:22","modified_gmt":"2025-02-06T15:22:22","slug":"html","status":"publish","type":"page","link":"https:\/\/elfsight.com\/es\/online-form-builder\/html\/","title":{"rendered":"Form Builder &#8211; HTML"},"content":{"rendered":"<div class=\"application-platform-content-item-description application-platform-content-item\" id=\"description\" data-nav-section=\"description\">  <h2>Creador de formularios personalizados para HTML<\/h2>  El simple Form Builder de Elfsight es una herramienta todo-en-uno para crear diversos formularios y publicarlos en tu sitio web. Recoge informaci\u00f3n de tus clientes actuales y futuros a trav\u00e9s de encuestas, formularios de retroalimentaci\u00f3n, solicitudes de valoraci\u00f3n, formularios de solicitud de empleo en HTML, formularios de registro en HTML y muchos m\u00e1s tipos de formularios. Dise\u00f1a la composici\u00f3n del formulario con el generador gratuito de formularios HTML y el generador gratuito de c\u00f3digo de formulario de contacto HTML, brindando infinitas oportunidades para crear formularios personalizados y recibir datos de tus usuarios. No importa qu\u00e9 tipo de informaci\u00f3n est\u00e9s buscando: opiniones, valoraciones, reservas y ventas. El Form Builder online de Elfsight te ayudar\u00e1 a crear el formulario m\u00e1s adecuado. Con una estructura receptiva y m\u00faltiples elementos predefinidos, tu formulario ser\u00e1 pr\u00e1ctico para tus clientes y efectivo para ti.  <p><b>Gestiona reservas y compras a trav\u00e9s de formularios pr\u00e1cticos para una compra r\u00e1pida y f\u00e1cil.<\/b><\/p>  <ul>  <li><b>Crea formularios atractivos para recopilar m\u00e1s comentarios<\/b>. Dispones de una amplia gama de segmentos de formulario que te permiten dise\u00f1ar formularios atractivos y funcionales. Las diversas personalizaciones de estilo del widget de Elfsight te permitir\u00e1n hacerlo visualmente atractivo e invitar a m\u00e1s usuarios a completarlo.<\/li>  <li><b>Aumenta el n\u00famero de leads con formularios f\u00e1ciles de gestionar<\/b>. No permitas que los clientes abandonen el proceso de llenado sin completarlo, perdiendo as\u00ed informaci\u00f3n valiosa. Construye formularios con etapas f\u00e1ciles de completar y una estructura conveniente que mantendr\u00e1 a los clientes comprometidos hasta el final, aumentando el n\u00famero de leads.<\/li>  <li><b>Ahorra tiempo y dinero con una herramienta multifuncional<\/b>. No necesitas adquirir varias soluciones para cubrir todas tus necesidades de creaci\u00f3n de formularios. Nuestro Form Builder te permite crear el formulario necesario para recopilar informaci\u00f3n de todo tipo, gracias a sus diversos elementos y estructura receptiva.<\/li>  <\/ul>  <\/div>  <div class=\"application-platform-content-item-features application-platform-content-item\" id=\"features\" data-nav-section=\"features\">  <h2>Caracter\u00edsticas del plugin Constructor de Formularios<\/h2>  \u00bfQu\u00e9 convierte a nuestro Form Builder en el mejor plugin para recopilar comentarios de clientes en HTML?  <ul>  <li>Crea una descripci\u00f3n para cada elemento, que se mostrar\u00e1 debajo de la etiqueta;<\/li>  <li>Texto editable del bot\u00f3n de env\u00edo;<\/li>  <li>Asigna cualquier direcci\u00f3n de correo electr\u00f3nico y los resultados del formulario se enviar\u00e1n autom\u00e1ticamente all\u00ed;<\/li>  <li>3 dise\u00f1os listos para usar (Predeterminado, En Caja, Flotante);<\/li>  <li>Pinta tu formulario con un solo clic: el color principal se aplicar\u00e1 a todos los elementos activos, bot\u00f3n de env\u00edo, barra de progreso, etc.<\/li>  <\/ul>  <a href=\"#demo\">Prueba todas las ventajas en la demo en vivo<\/a>  <\/div>  <div class=\"application-platform-content-item-installation application-platform-content-item\" id=\"installation\" data-nav-section=\"installation\">  <h2>C\u00f3mo agregar el Form Builder personalizado a un c\u00f3digo HTML de sitio web<\/h2>  <div class=\"video-container\"><iframe src=\"https:\/\/www.youtube.com\/embed\/OWaK4YneeH0\" width=\"720\" height=\"405\" frameborder=\"0\" allowfullscreen=\"allowfullscreen\"><\/iframe><\/div>  El widget de Elfsight es simple de instalar y no requiere experiencia en desarrollo. Solo necesitar\u00e1s 1 minuto para completar el manual.  <ol>  <li><b>Crea tu Form Builder personalizado<\/b>. Usando nuestra demo gratuita, genera un plugin con el dise\u00f1o y las opciones necesarias.<\/li>  <li><b>Recibe el c\u00f3digo para la integraci\u00f3n del plugin<\/b>. Despu\u00e9s de crear el widget, obt\u00e9n el c\u00f3digo del plugin de formulario desde la ventana emergente en Elfsight Apps.<\/li>  <li><b>A\u00f1ade el widget al sitio web HTML<\/b>. Abre el c\u00f3digo de la p\u00e1gina en el editor HTML e integra el widget en el lugar necesario (contenido, pie de p\u00e1gina, barra lateral, etc.) y aplica los cambios.<\/li>  <li><b>La instalaci\u00f3n est\u00e1 completamente finalizada<\/b>. Abre el sitio web HTML para comprobar tu formulario.<\/li>  <\/ol>  \u00bfTienes problemas para mostrar o configurar tu widget? Ponte en contacto con nuestro centro de ayuda o lee el art\u00edculo extenso \u00ab<a href=\"https:\/\/elfsight.com\/tutorials\/how-to-add-form-builder-widget-to-html\/\">C\u00f3mo agregar el Form Builder en HTML<\/a>\u00bb.  <\/div>  <div class=\"faq\" data-component=\"FAQ\">  <div class=\"faq-item\">\r\n\t\t\t\t\t<div class=\"faq-item-question\">\r\n\t\t\t\t\t\t<h3 class=\"faq-item-question-text\">\u00bfC\u00f3mo puedo preservar la informaci\u00f3n del formulario HTML en mi p\u00e1gina de inicio?<\/h3>\r\n\r\n\t\t\t\t\t\t<div class=\"faq-item-question-icon\"><\/div>\r\n\t\t\t\t\t<\/div>\r\n\r\n\t\t\t\t\t<div class=\"faq-item-answer\">\r\n\t\t\t\t\t\t<div class=\"faq-item-answer-text\">  Nuestro Form Builder est\u00e1 integrado con uno de los servicios de seguridad m\u00e1s efectivos, reCAPTCHA. Est\u00e1 dise\u00f1ado para proteger tu formulario y buz\u00f3n de spam, asegurando un trabajo fluido y solo datos importantes.  <\/div>\r\n\t\t\t\t\t<\/div>\r\n\t\t\t\t<\/div>  <div class=\"faq-item\">\r\n\t\t\t\t\t<div class=\"faq-item-question\">\r\n\t\t\t\t\t\t<h3 class=\"faq-item-question-text\">\u00bfExisten plantillas que admitan formularios con l\u00f3gica condicional \/ m\u00faltiples campos \/ correos electr\u00f3nicos?<\/h3>\r\n\r\n\t\t\t\t\t\t<div class=\"faq-item-question-icon\"><\/div>\r\n\t\t\t\t\t<\/div>\r\n\r\n\t\t\t\t\t<div class=\"faq-item-answer\">\r\n\t\t\t\t\t\t<div class=\"faq-item-answer-text\">  \u00a1Por supuesto! Todo lo que tienes que hacer es iniciar sesi\u00f3n en Elfsight Apps y elegir cualquier plantilla relevante, y luego proceder a crear tu herramienta.  <\/div>\r\n\t\t\t\t\t<\/div>\r\n\t\t\t\t<\/div>  <div class=\"faq-item\">\r\n\t\t\t\t\t<div class=\"faq-item-question\">\r\n\t\t\t\t\t\t<h3 class=\"faq-item-question-text\">\u00bfC\u00f3mo puedo crear un formulario de contacto o retroalimentaci\u00f3n para mi sitio HTML?<\/h3>\r\n\r\n\t\t\t\t\t\t<div class=\"faq-item-question-icon\"><\/div>\r\n\t\t\t\t\t<\/div>\r\n\r\n\t\t\t\t\t<div class=\"faq-item-answer\">\r\n\t\t\t\t\t\t<div class=\"faq-item-answer-text\">  Para crear tu formulario de contacto o retroalimentaci\u00f3n, debes iniciar sesi\u00f3n en el servicio Elfsight Apps y realizar todos los cambios necesarios en el plugin. Una vez que hayas terminado, guarda los cambios y ve a tu sitio web. \u00a1Eso es todo!  <\/div>\r\n\t\t\t\t\t<\/div>\r\n\t\t\t\t<\/div>  <div class=\"faq-item\">\r\n\t\t\t\t\t<div class=\"faq-item-question\">\r\n\t\t\t\t\t\t<h3 class=\"faq-item-question-text\">\u00bfExisten plantillas personalizadas de Form Builder para sitios web HTML?<\/h3>\r\n\r\n\t\t\t\t\t\t<div class=\"faq-item-question-icon\"><\/div>\r\n\t\t\t\t\t<\/div>\r\n\r\n\t\t\t\t\t<div class=\"faq-item-answer\">\r\n\t\t\t\t\t\t<div class=\"faq-item-answer-text\">  \u00a1S\u00ed, absolutamente! Hay m\u00e1s de 300 plantillas listas para usar para cualquier ocasi\u00f3n, como <a href=\"https:\/\/elfsight.com\/online-form-builder\/templates\/application-forms\/\">formularios de solicitud<\/a>, <a href=\"https:\/\/elfsight.com\/online-form-builder\/templates\/booking-forms\/\">formularios de reserva<\/a>, <a href=\"https:\/\/elfsight.com\/online-form-builder\/templates\/order-forms\/\">formularios de pedido<\/a>, <a href=\"https:\/\/elfsight.com\/online-form-builder\/templates\/product-forms\/\">formularios de producto<\/a>, <a href=\"https:\/\/elfsight.com\/online-form-builder\/templates\/questionnaires\/\">cuestionarios<\/a>, <a href=\"https:\/\/elfsight.com\/online-form-builder\/templates\/quizzes\/\">quizzes<\/a>, <a href=\"https:\/\/elfsight.com\/online-form-builder\/templates\/surveys\/\">encuestas<\/a>, <a href=\"https:\/\/elfsight.com\/online-form-builder\/templates\/file-upload-forms\/\">formularios de carga de archivos<\/a> y muchos m\u00e1s. Si\u00e9ntete libre de probar las <a href=\"https:\/\/elfsight.com\/online-form-builder\/templates\/\">plantillas de Form Builder<\/a> y comp\u00e1rtenos tu opini\u00f3n.  <\/div>\r\n\t\t\t\t\t<\/div>\r\n\t\t\t\t<\/div>  <\/div>","protected":false},"excerpt":{"rendered":"","protected":false},"author":18,"featured_media":0,"parent":1746,"menu_order":0,"comment_status":"closed","ping_status":"closed","template":"templates\/template-application-platform.php","meta":{"publish_to_discourse":"","publish_post_category":"","wpdc_auto_publish_overridden":"","wpdc_topic_tags":"","wpdc_pin_topic":"","wpdc_pin_until":"","discourse_post_id":"","discourse_permalink":"","wpdc_publishing_response":"","wpdc_publishing_error":"","footnotes":""},"class_list":["post-4363","page","type-page","status-publish","hentry"],"yoast_head":"<!-- This site is optimized with the Yoast SEO plugin v25.3.1 - https:\/\/yoast.com\/wordpress\/plugins\/seo\/ -->\n<title>Constructor de formularios - Incrustar widget de Generador de formularios al HTML<\/title>\n<meta name=\"description\" content=\"Instala un widget responsivo de Constructor de formularios en su sitio de HTML. Lance la demo de Elfsight manejable y genere su widget personalizado.\" \/>\n<meta name=\"robots\" content=\"index, follow, max-snippet:-1, max-image-preview:large, max-video-preview:-1\" \/>\n<link rel=\"canonical\" href=\"https:\/\/elfsight.com\/es\/online-form-builder\/html\/\" \/>\n<meta property=\"og:locale\" content=\"es_ES\" \/>\n<meta property=\"og:type\" content=\"article\" \/>\n<meta property=\"og:title\" content=\"Constructor de formularios - Incrustar widget de Generador de formularios al HTML\" \/>\n<meta property=\"og:description\" content=\"Instala un widget responsivo de Constructor de formularios en su sitio de HTML. Lance la demo de Elfsight manejable y genere su widget personalizado.\" \/>\n<meta property=\"og:url\" content=\"https:\/\/elfsight.com\/es\/online-form-builder\/html\/\" \/>\n<meta property=\"og:site_name\" content=\"Elfsight ES\" \/>\n<meta property=\"article:modified_time\" content=\"2025-02-06T15:22:22+00:00\" \/>\n<meta name=\"twitter:card\" content=\"summary_large_image\" \/>\n<meta name=\"twitter:label1\" content=\"Tiempo de lectura\" \/>\n\t<meta name=\"twitter:data1\" content=\"4 minutos\" \/>\n<!-- \/ Yoast SEO plugin. -->","yoast_head_json":{"title":"Constructor de formularios - Incrustar widget de Generador de formularios al HTML","description":"Instala un widget responsivo de Constructor de formularios en su sitio de HTML. Lance la demo de Elfsight manejable y genere su widget personalizado.","robots":{"index":"index","follow":"follow","max-snippet":"max-snippet:-1","max-image-preview":"max-image-preview:large","max-video-preview":"max-video-preview:-1"},"canonical":"https:\/\/elfsight.com\/es\/online-form-builder\/html\/","og_locale":"es_ES","og_type":"article","og_title":"Constructor de formularios - Incrustar widget de Generador de formularios al HTML","og_description":"Instala un widget responsivo de Constructor de formularios en su sitio de HTML. Lance la demo de Elfsight manejable y genere su widget personalizado.","og_url":"https:\/\/elfsight.com\/es\/online-form-builder\/html\/","og_site_name":"Elfsight ES","article_modified_time":"2025-02-06T15:22:22+00:00","twitter_card":"summary_large_image","twitter_misc":{"Tiempo de lectura":"4 minutos"},"schema":{"@context":"https:\/\/schema.org","@graph":[{"@type":"WebPage","@id":"https:\/\/elfsight.com\/es\/online-form-builder\/html\/","url":"https:\/\/elfsight.com\/es\/online-form-builder\/html\/","name":"Constructor de formularios - Incrustar widget de Generador de formularios al HTML","isPartOf":{"@id":"https:\/\/elfsight.com\/es\/#website"},"datePublished":"2022-02-11T11:25:43+00:00","dateModified":"2025-02-06T15:22:22+00:00","description":"Instala un widget responsivo de Constructor de formularios en su sitio de HTML. Lance la demo de Elfsight manejable y genere su widget personalizado.","breadcrumb":{"@id":"https:\/\/elfsight.com\/es\/online-form-builder\/html\/#breadcrumb"},"inLanguage":"es","potentialAction":[{"@type":"ReadAction","target":["https:\/\/elfsight.com\/es\/online-form-builder\/html\/"]}]},{"@type":"BreadcrumbList","@id":"https:\/\/elfsight.com\/es\/online-form-builder\/html\/#breadcrumb","itemListElement":[{"@type":"ListItem","position":1,"name":"Home","item":"https:\/\/elfsight.com\/es\/"},{"@type":"ListItem","position":2,"name":"Form Builder","item":"https:\/\/elfsight.com\/es\/online-form-builder\/"},{"@type":"ListItem","position":3,"name":"Form Builder &#8211; HTML"}]},{"@type":"WebSite","@id":"https:\/\/elfsight.com\/es\/#website","url":"https:\/\/elfsight.com\/es\/","name":"Elfsight ES","description":"Just another Elfsight Sites site","potentialAction":[{"@type":"SearchAction","target":{"@type":"EntryPoint","urlTemplate":"https:\/\/elfsight.com\/es\/?s={search_term_string}"},"query-input":{"@type":"PropertyValueSpecification","valueRequired":true,"valueName":"search_term_string"}}],"inLanguage":"es"}]}},"meta_box":{"industry":"","seo_heading":"","heading":"","description":"","cta_heading":"","cta_description":"","application":"1745","h1":"widget de Constructor de formularios para HTML","h1_caption":"Construye formas b\u00e1sicas y multinivel y config\u00farelos a su tienda electr\u00f3nica","application_category":[],"applications_title":"","applications_request_title":"","applications_request_button_text":"","hero_text":"","hero_video":"","hero_video_schema_markup":"","selling_points_title":"","selling_points_caption":"","selling_points":[],"selling_points_cta_text":"","features_title":"","features":"","ed_cta_examples_text":"","ed_cta_examples_hidden":"","ed_cta_demo_text":"","ed_cta_demo_hidden":"","why_caption":"","why_editor_title":"","why_editor_text":"","why_team_title":"","why_team_text":"","why_service_title":"","why_service_text":"","template_catalog_visible":"0","template_catalog_title":"","template_catalog_text":"","template_catalog_categories_visible":"","demo_title":"Crea tu widget de Creador de formularios","demo_caption":"\u00a1Configure su Creador de formularios y agr\u00e9guelo a su sitio web HTML de forma gratuita!","default_faq_hidden":"","app_template_category":[],"platform":"70","template_public_id":"","codecanyon_url":"","codecanyon_item_id":"","codecanyon_price":"","pricing_caption":"","pricing_elfsight_apps_hide_column":"","pricing_elfsight_apps_url":"","pricing_codecanyon_price_caption":"","integration_category":[],"integration_request_title":"","integration_request_cta":"","integration_platform":"","integrations":[],"platform_category":[],"video_schema_markup":"","price":"desde $0 por mes","trial":"","benefits":[{"text":"Instalaci\u00f3n gratuita"},{"text":"Soporte Premium"},{"text":"14 d\u00edas garant\u00eda de reembolso"},{"text":"Actualizaciones regulares"}],"button_url":"#demo","button_target_blank":"0","button_nofollow":"0","attributes":[{"name":"Responsivo","content":"Si","_state":"expanded"},{"name":"Navegadores compatibles","content":"Firefox, Safari, Opera, Chrome, Edge","_state":"expanded"}],"tags":[],"tags_disable_links":"0","hide_more_platforms":"","video_object":"","demo_hide_cta":"0","demo_hide_cloud_options":"0","pricing_title":"","pricing":[{"pricing_icon":"platform","pricing_title":" Elfsight Apps","pricing_title_caption":"Soluci\u00f3n multiplataforma - valido para cualquier p\u00e1gina web","pricing_price":"desde $0 por mes","pricing_price_caption":"empezar con un plan gratuito","pricing_benefits":[{"text":"Sitios web ilimitados"},{"text":"Atenci\u00f3n al cliente gratuita y r\u00e1pida"},{"text":"Servicio de instalaci\u00f3n gratuito"},{"text":"Totalmente personalizable"}],"pricing_button_text":"Agregar al sitio web","pricing_button_url":"#demo","_state":"expanded"}],"related_apps_title":"","related_apps_hidden":"1","author":"","image":[],"title":"","job":"","social_networks":[]},"_links":{"self":[{"href":"https:\/\/elfsight.com\/es\/wp-json\/wp\/v2\/pages\/4363","targetHints":{"allow":["GET"]}}],"collection":[{"href":"https:\/\/elfsight.com\/es\/wp-json\/wp\/v2\/pages"}],"about":[{"href":"https:\/\/elfsight.com\/es\/wp-json\/wp\/v2\/types\/page"}],"author":[{"embeddable":true,"href":"https:\/\/elfsight.com\/es\/wp-json\/wp\/v2\/users\/18"}],"replies":[{"embeddable":true,"href":"https:\/\/elfsight.com\/es\/wp-json\/wp\/v2\/comments?post=4363"}],"version-history":[{"count":3,"href":"https:\/\/elfsight.com\/es\/wp-json\/wp\/v2\/pages\/4363\/revisions"}],"predecessor-version":[{"id":18185,"href":"https:\/\/elfsight.com\/es\/wp-json\/wp\/v2\/pages\/4363\/revisions\/18185"}],"up":[{"embeddable":true,"href":"https:\/\/elfsight.com\/es\/wp-json\/wp\/v2\/pages\/1746"}],"wp:attachment":[{"href":"https:\/\/elfsight.com\/es\/wp-json\/wp\/v2\/media?parent=4363"}],"curies":[{"name":"wp","href":"https:\/\/api.w.org\/{rel}","templated":true}]}}