{"id":4361,"date":"2022-02-11T11:25:46","date_gmt":"2022-02-11T11:25:46","guid":{"rendered":"https:\/\/elfsight.com\/es\/?page_id=4361"},"modified":"2025-02-06T15:22:22","modified_gmt":"2025-02-06T15:22:22","slug":"blogger","status":"publish","type":"page","link":"https:\/\/elfsight.com\/es\/facebook-reviews-widget\/blogger\/","title":{"rendered":"Facebook Reviews &#8211; Blogger"},"content":{"rendered":"<div class=\"application-platform-content-item-description application-platform-content-item\" id=\"description\" data-nav-section=\"description\"><h2>Descripci\u00f3n<\/h2><p>Elfsight Facebook Reviews es una manera f\u00e1cil de agregar las opiniones de tu p\u00e1gina de Facebook a tu p\u00e1gina web y aumentar la confianza en tu negocio entre los clientes del sitio. Puedes filtrar las opiniones, agregar una calificaci\u00f3n de estrellas, informaci\u00f3n del autor y un bot\u00f3n para dejar una nueva opini\u00f3n. El widget de Rese\u00f1as de Facebook de Elfsight tiene varios dise\u00f1os y plantillas de rese\u00f1as, componentes de interfaz intercambiables y un encabezado flexible para una gran personalizaci\u00f3n. Al tener las rese\u00f1as de Facebook en tu sitio, presumir\u00e1s de un gran reconocimiento, aumentar\u00e1s la confianza y tendr\u00e1s a\u00fan m\u00e1s rese\u00f1as.<\/p><p><b>\u00a1Muestra tus rese\u00f1as de Facebook en el sitio para mostrar tu alta apreciaci\u00f3n!<\/b><\/p><ul><li><b>Aumenta el valor percibido de tus productos mediante las mejores rese\u00f1as<\/b><br>Aplica filtros para ocultar las rese\u00f1as negativas y aseg\u00farate de que los visitantes conf\u00eden al 100% en la excelencia de tus ofertas.<\/li><li><b>Atrae nuevas ventas mostrando tu excelente calificaci\u00f3n<\/b><br>Muestra tu alta calificaci\u00f3n y rese\u00f1as positivas para convencer a los usuarios de que tus productos valen la pena y atraer nuevas ventas.<\/li><li><b>Logra una comprensi\u00f3n m\u00e1s clara de tus ofertas<\/b><br>Presentar tus productos a trav\u00e9s de la experiencia de los clientes ayudar\u00e1 a los usuarios a comprenderlos mejor.<\/li><\/ul><\/div><div class=\"application-platform-content-item-features application-platform-content-item\" id=\"features\" data-nav-section=\"features\"><h2>Caracter\u00edsticas<\/h2><p>Caracter\u00edsticas significativas que distinguen nuestro widget, lo que lo convierte en una herramienta rentable para agregar al plugin en Blogger:<\/p><ul><li>Incorporaci\u00f3n de opiniones de clientes de la p\u00e1gina de Facebook;<\/li><li>Tipos cl\u00e1sicos o de rejilla Masonry;<\/li><li>Tres plantillas de rese\u00f1as: Cl\u00e1sica, Burbuja, Destacada;<\/li><li>Enlaces soportados en el mensaje de rechazo de solicitud de rese\u00f1a;<\/li><li>6 elementos intercambiables en las rese\u00f1as: nombre y foto del autor, recomendaci\u00f3n, fecha, icono de Facebook y calificaci\u00f3n de estrellas;<\/li><\/ul><p><a href=\"#demo\">Revisa las caracter\u00edsticas principales en nuestro editor<\/a><\/p><\/div><div class=\"application-platform-content-item-installation application-platform-content-item\" id=\"installation\" data-nav-section=\"installation\"><h2>C\u00f3mo agregar Rese\u00f1as de Facebook a un sitio de Blogger<\/h2><div class=\"video-container\"><iframe width=\"720\" height=\"405\" src=\"https:\/\/www.youtube.com\/embed\/6o3r1Dbs-HA\" frameborder=\"0\" allowfullscreen=\"\"><\/iframe><\/div><p>Una gu\u00eda comprensible para la instalaci\u00f3n del widget en tu sitio sin habilidades en desarrollo. El tiempo total para ejecutar la gu\u00eda no supera los 70 segundos.<\/p><ol><li><b>Crea tus Rese\u00f1as<\/b><br>Usa nuestro editor gratuito para generar un plugin con la plantilla y las capacidades necesarias.<\/li><li><b>Copia el c\u00f3digo para publicar el plugin<\/b><br>Despu\u00e9s de generar el widget, recibir\u00e1s un c\u00f3digo para el plugin de Rese\u00f1as desde la notificaci\u00f3n emergente en Elfsight Apps.<\/li><li><b>Publica el plugin en tu sitio de Blogger<\/b><br>Revela el plugin en el lugar deseado de la p\u00e1gina y guarda los cambios.<\/li><li><b>\u00a1Listo!<\/b><br>Ve a tu sitio y ver\u00e1s tus Rese\u00f1as.<\/li><\/ol><p>\u00bfNo puedes agregar o mostrar el plugin en el sitio? Contacta a nuestro equipo de soporte.<\/p><div class=\"faq\" data-component=\"FAQ\"> <div class=\"faq-item\">\r\n\t\t\t\t\t<div class=\"faq-item-question\">\r\n\t\t\t\t\t\t<h3 class=\"faq-item-question-text\">\u00bfC\u00f3mo puedo agregar Rese\u00f1as de Facebook a mi sitio de Blogger sin habilidades de programaci\u00f3n?<\/h3>\r\n\r\n\t\t\t\t\t\t<div class=\"faq-item-question-icon\"><\/div>\r\n\t\t\t\t\t<\/div>\r\n\r\n\t\t\t\t\t<div class=\"faq-item-answer\">\r\n\t\t\t\t\t\t<div class=\"faq-item-answer-text\"> <p>Elfsight ofrece una soluci\u00f3n SaaS que te permite crear un widget de Rese\u00f1as de Facebook t\u00fa mismo, ve lo f\u00e1cil que es el proceso: Trabaja directamente en el Editor en l\u00ednea para crear el widget de Rese\u00f1as de Facebook que te gustar\u00eda ver en tu sitio de Blogger. Elige una de las plantillas prehechas y ajusta la configuraci\u00f3n de las Rese\u00f1as de Facebook, agrega tu contenido, cambia el dise\u00f1o y los colores sin habilidades de programaci\u00f3n. Guarda las Rese\u00f1as de Facebook y copia su c\u00f3digo de instalaci\u00f3n, que puedes incluir f\u00e1cilmente en tu sitio de Blogger sin necesidad de un plan de pago. Con nuestro Editor intuitivo, cualquier usuario de Internet puede crear un widget de Rese\u00f1as de Facebook en l\u00ednea y agregarlo f\u00e1cilmente a su sitio de Blogger. No es necesario pagar ni ingresar los datos bancarios para acceder al servicio. Si encuentras alg\u00fan problema en cualquier paso, no dudes en ponerte en contacto con nuestro equipo de soporte t\u00e9cnico.<\/p> <\/div>\r\n\t\t\t\t\t<\/div>\r\n\t\t\t\t<\/div> <\/div> <\/div>","protected":false},"excerpt":{"rendered":"","protected":false},"author":18,"featured_media":0,"parent":1788,"menu_order":0,"comment_status":"closed","ping_status":"closed","template":"templates\/template-application-platform.php","meta":{"publish_to_discourse":"","publish_post_category":"","wpdc_auto_publish_overridden":"","wpdc_topic_tags":"","wpdc_pin_topic":"","wpdc_pin_until":"","discourse_post_id":"","discourse_permalink":"","wpdc_publishing_response":"","wpdc_publishing_error":"","footnotes":""},"class_list":["post-4361","page","type-page","status-publish","hentry"],"yoast_head":"<!-- This site is optimized with the Yoast SEO plugin v25.3.1 - https:\/\/yoast.com\/wordpress\/plugins\/seo\/ -->\n<title>Rese\u00f1as de Facebook - Agregar widget de Opiniones de Facebook al Blogger<\/title>\n<meta name=\"description\" content=\"A\u00f1ade un plugin hermoso de Rese\u00f1as de Facebook en su sitio web de Blogger. Use la demo de Elfsight f\u00e1cil de usar y cree su widget personalizado.\" \/>\n<meta name=\"robots\" content=\"index, follow, max-snippet:-1, max-image-preview:large, max-video-preview:-1\" \/>\n<link rel=\"canonical\" href=\"https:\/\/elfsight.com\/es\/facebook-reviews-widget\/blogger\/\" \/>\n<meta property=\"og:locale\" content=\"es_ES\" \/>\n<meta property=\"og:type\" content=\"article\" \/>\n<meta property=\"og:title\" content=\"Rese\u00f1as de Facebook - Agregar widget de Opiniones de Facebook al Blogger\" \/>\n<meta property=\"og:description\" content=\"A\u00f1ade un plugin hermoso de Rese\u00f1as de Facebook en su sitio web de Blogger. Use la demo de Elfsight f\u00e1cil de usar y cree su widget personalizado.\" \/>\n<meta property=\"og:url\" content=\"https:\/\/elfsight.com\/es\/facebook-reviews-widget\/blogger\/\" \/>\n<meta property=\"og:site_name\" content=\"Elfsight ES\" \/>\n<meta property=\"article:modified_time\" content=\"2025-02-06T15:22:22+00:00\" \/>\n<meta name=\"twitter:card\" content=\"summary_large_image\" \/>\n<meta name=\"twitter:label1\" content=\"Tiempo de lectura\" \/>\n\t<meta name=\"twitter:data1\" content=\"2 minutos\" \/>\n<!-- \/ Yoast SEO plugin. -->","yoast_head_json":{"title":"Rese\u00f1as de Facebook - Agregar widget de Opiniones de Facebook al Blogger","description":"A\u00f1ade un plugin hermoso de Rese\u00f1as de Facebook en su sitio web de Blogger. Use la demo de Elfsight f\u00e1cil de usar y cree su widget personalizado.","robots":{"index":"index","follow":"follow","max-snippet":"max-snippet:-1","max-image-preview":"max-image-preview:large","max-video-preview":"max-video-preview:-1"},"canonical":"https:\/\/elfsight.com\/es\/facebook-reviews-widget\/blogger\/","og_locale":"es_ES","og_type":"article","og_title":"Rese\u00f1as de Facebook - Agregar widget de Opiniones de Facebook al Blogger","og_description":"A\u00f1ade un plugin hermoso de Rese\u00f1as de Facebook en su sitio web de Blogger. Use la demo de Elfsight f\u00e1cil de usar y cree su widget personalizado.","og_url":"https:\/\/elfsight.com\/es\/facebook-reviews-widget\/blogger\/","og_site_name":"Elfsight ES","article_modified_time":"2025-02-06T15:22:22+00:00","twitter_card":"summary_large_image","twitter_misc":{"Tiempo de lectura":"2 minutos"},"schema":{"@context":"https:\/\/schema.org","@graph":[{"@type":"WebPage","@id":"https:\/\/elfsight.com\/es\/facebook-reviews-widget\/blogger\/","url":"https:\/\/elfsight.com\/es\/facebook-reviews-widget\/blogger\/","name":"Rese\u00f1as de Facebook - Agregar widget de Opiniones de Facebook al Blogger","isPartOf":{"@id":"https:\/\/elfsight.com\/es\/#website"},"datePublished":"2022-02-11T11:25:46+00:00","dateModified":"2025-02-06T15:22:22+00:00","description":"A\u00f1ade un plugin hermoso de Rese\u00f1as de Facebook en su sitio web de Blogger. Use la demo de Elfsight f\u00e1cil de usar y cree su widget personalizado.","breadcrumb":{"@id":"https:\/\/elfsight.com\/es\/facebook-reviews-widget\/blogger\/#breadcrumb"},"inLanguage":"es","potentialAction":[{"@type":"ReadAction","target":["https:\/\/elfsight.com\/es\/facebook-reviews-widget\/blogger\/"]}]},{"@type":"BreadcrumbList","@id":"https:\/\/elfsight.com\/es\/facebook-reviews-widget\/blogger\/#breadcrumb","itemListElement":[{"@type":"ListItem","position":1,"name":"Home","item":"https:\/\/elfsight.com\/es\/"},{"@type":"ListItem","position":2,"name":"Facebook Reviews","item":"https:\/\/elfsight.com\/es\/facebook-reviews-widget\/"},{"@type":"ListItem","position":3,"name":"Facebook Reviews &#8211; Blogger"}]},{"@type":"WebSite","@id":"https:\/\/elfsight.com\/es\/#website","url":"https:\/\/elfsight.com\/es\/","name":"Elfsight ES","description":"Just another Elfsight Sites site","potentialAction":[{"@type":"SearchAction","target":{"@type":"EntryPoint","urlTemplate":"https:\/\/elfsight.com\/es\/?s={search_term_string}"},"query-input":{"@type":"PropertyValueSpecification","valueRequired":true,"valueName":"search_term_string"}}],"inLanguage":"es"}]}},"meta_box":{"industry":"","seo_heading":"","heading":"","description":"","cta_heading":"","cta_description":"","application":"1787","h1":"widget de Rese\u00f1as de Facebook para Blogger","h1_caption":"Inserte rese\u00f1as de clientes desde su p\u00e1gina de Facebook directamente en su sitio web para mejorar la confianza y la prueba social en su sitio web de Blogger sin esfuerzo.","application_category":[],"applications_title":"","applications_request_title":"","applications_request_button_text":"","hero_text":"","hero_video":"","hero_video_schema_markup":"","selling_points_title":"","selling_points_caption":"","selling_points":[],"selling_points_cta_text":"","features_title":"","features":"","ed_cta_examples_text":"","ed_cta_examples_hidden":"","ed_cta_demo_text":"","ed_cta_demo_hidden":"","why_caption":"","why_editor_title":"","why_editor_text":"","why_team_title":"","why_team_text":"","why_service_title":"","why_service_text":"","template_catalog_visible":"","template_catalog_title":"","template_catalog_text":"","template_catalog_categories_visible":"","demo_title":"Crea tu widget de rese\u00f1as de Facebook","demo_caption":"\u00a1Configure sus rese\u00f1as de Facebook y agr\u00e9guelas a su sitio web de Blogger de forma gratuita!","default_faq_hidden":"","app_template_category":[],"platform":"39","template_public_id":"","codecanyon_url":"","codecanyon_item_id":"","codecanyon_price":"","pricing_caption":"","pricing_elfsight_apps_hide_column":"","pricing_elfsight_apps_url":"","pricing_codecanyon_price_caption":"","integration_category":[],"integration_request_title":"","integration_request_cta":"","integration_platform":"","integrations":[],"platform_category":[],"video_schema_markup":"","price":"desde $0 por mes","trial":"","benefits":[{"text":"Instalaci\u00f3n gratuita"},{"text":"Soporte Premium"},{"text":"14 d\u00edas garant\u00eda de reembolso"},{"text":"Actualizaciones regulares"}],"button_url":"#demo","button_target_blank":"0","button_nofollow":"0","attributes":[{"name":"Responsivo","content":"Si","_state":"expanded"},{"name":"Navegadores compatibles","content":"Firefox, Safari, Opera, Chrome, Edge","_state":"expanded"}],"tags":[],"tags_disable_links":"0","hide_more_platforms":"","video_object":"","demo_hide_cta":"0","demo_hide_cloud_options":"0","pricing_title":"","pricing":[{"pricing_icon":"platform","pricing_title":" Elfsight Apps","pricing_title_caption":"Soluci\u00f3n multiplataforma - valido para cualquier p\u00e1gina web","pricing_price":"desde $0 por mes","pricing_price_caption":"empezar con un plan gratuito","pricing_benefits":[{"text":"Sitios web ilimitados"},{"text":"Atenci\u00f3n al cliente gratuita y r\u00e1pida"},{"text":"Servicio de instalaci\u00f3n gratuito"},{"text":"Totalmente personalizable"}],"pricing_button_text":"Agregar al sitio web","pricing_button_url":"#demo","_state":"expanded"}],"related_apps_title":"","related_apps_hidden":"1","author":"","image":[],"title":"","job":"","social_networks":[]},"_links":{"self":[{"href":"https:\/\/elfsight.com\/es\/wp-json\/wp\/v2\/pages\/4361","targetHints":{"allow":["GET"]}}],"collection":[{"href":"https:\/\/elfsight.com\/es\/wp-json\/wp\/v2\/pages"}],"about":[{"href":"https:\/\/elfsight.com\/es\/wp-json\/wp\/v2\/types\/page"}],"author":[{"embeddable":true,"href":"https:\/\/elfsight.com\/es\/wp-json\/wp\/v2\/users\/18"}],"replies":[{"embeddable":true,"href":"https:\/\/elfsight.com\/es\/wp-json\/wp\/v2\/comments?post=4361"}],"version-history":[{"count":3,"href":"https:\/\/elfsight.com\/es\/wp-json\/wp\/v2\/pages\/4361\/revisions"}],"predecessor-version":[{"id":18183,"href":"https:\/\/elfsight.com\/es\/wp-json\/wp\/v2\/pages\/4361\/revisions\/18183"}],"up":[{"embeddable":true,"href":"https:\/\/elfsight.com\/es\/wp-json\/wp\/v2\/pages\/1788"}],"wp:attachment":[{"href":"https:\/\/elfsight.com\/es\/wp-json\/wp\/v2\/media?parent=4361"}],"curies":[{"name":"wp","href":"https:\/\/api.w.org\/{rel}","templated":true}]}}