{"id":4357,"date":"2022-02-11T11:26:03","date_gmt":"2022-02-11T11:26:03","guid":{"rendered":"https:\/\/elfsight.com\/es\/?page_id=4357"},"modified":"2025-02-06T15:22:14","modified_gmt":"2025-02-06T15:22:14","slug":"google-sites","status":"publish","type":"page","link":"https:\/\/elfsight.com\/es\/online-form-builder\/google-sites\/","title":{"rendered":"Form Builder &#8211; Google Sites"},"content":{"rendered":"<div class=\"application-platform-content-item-description application-platform-content-item\" id=\"description\" data-nav-section=\"description\"> <h2>Incrustar el Constructor de Formularios en Google Sites con el widget de Elfsight<\/h2> <p>El Constructor de Formularios de Elfsight es una soluci\u00f3n todo en uno para crear diversos tipos de formularios para llenar y agregarlos a tu sitio web, incluyendo el formulario de pedido de Google Sites. Obt\u00e9n informaci\u00f3n de tus clientes actuales y potenciales a trav\u00e9s de encuestas manejables, formularios de retroalimentaci\u00f3n, solicitudes de calificaci\u00f3n y m\u00e1s tipos. Dise\u00f1a la estructura del formulario, agrega y construye formularios personalizados para recopilar opiniones de tus clientes. Cualesquiera categor\u00edas de datos que planees recopilar: impresiones, puntuaciones, pedidos y ventas, nuestro widget te permitir\u00e1 crear el formulario m\u00e1s adecuado para ti. Con una estructura ajustable y una variedad de elementos disponibles, tu formulario ser\u00e1 \u00fatil para tus clientes y atractivo para ti.<\/p> <p><b>\u00a1Recoge opiniones, ideas, sentimientos y valoraciones de los usuarios para impulsar tu negocio!<\/b><\/p> <\/div> <div class=\"faq\" data-component=\"FAQ\"><div class=\"faq-item\">\r\n\t\t\t\t\t<div class=\"faq-item-question\">\r\n\t\t\t\t\t\t<h3 class=\"faq-item-question-text\">\u00bfC\u00f3mo puedo asegurar los datos del formulario de cliente de Google Sites en mis p\u00e1ginas?<\/h3>\r\n\r\n\t\t\t\t\t\t<div class=\"faq-item-question-icon\"><\/div>\r\n\t\t\t\t\t<\/div>\r\n\r\n\t\t\t\t\t<div class=\"faq-item-answer\">\r\n\t\t\t\t\t\t<div class=\"faq-item-answer-text\"><p>El widget de Constructor de Formularios de Elfsight est\u00e1 integrado con una de las herramientas m\u00e1s poderosas de reCAPTCHA. Se agreg\u00f3 para asegurar tu formulario y buz\u00f3n de correo de spam, y asegurar un trabajo fluido con solo datos valiosos.<\/p><\/div>\r\n\t\t\t\t\t<\/div>\r\n\t\t\t\t<\/div><div class=\"faq-item\">\r\n\t\t\t\t\t<div class=\"faq-item-question\">\r\n\t\t\t\t\t\t<h3 class=\"faq-item-question-text\">\u00bfHay plantillas que admitan formularios con l\u00f3gica condicional \/ formularios con m\u00faltiples campos \/ correos electr\u00f3nicos?<\/h3>\r\n\r\n\t\t\t\t\t\t<div class=\"faq-item-question-icon\"><\/div>\r\n\t\t\t\t\t<\/div>\r\n\r\n\t\t\t\t\t<div class=\"faq-item-answer\">\r\n\t\t\t\t\t\t<div class=\"faq-item-answer-text\"><p>\u00a1Por supuesto! Todo lo que tienes que hacer es iniciar sesi\u00f3n en Elfsight Apps, elegir una plantilla relevante y luego comenzar a personalizar tu widget.<\/p><\/div>\r\n\t\t\t\t\t<\/div>\r\n\t\t\t\t<\/div><div class=\"faq-item\">\r\n\t\t\t\t\t<div class=\"faq-item-question\">\r\n\t\t\t\t\t\t<h3 class=\"faq-item-question-text\">\u00bfC\u00f3mo puedo crear un formulario de contacto \/ retroalimentaci\u00f3n para mi sitio de Google Sites?<\/h3>\r\n\r\n\t\t\t\t\t\t<div class=\"faq-item-question-icon\"><\/div>\r\n\t\t\t\t\t<\/div>\r\n\r\n\t\t\t\t\t<div class=\"faq-item-answer\">\r\n\t\t\t\t\t\t<div class=\"faq-item-answer-text\"><p>Para configurar tu formulario de contacto \/ retroalimentaci\u00f3n, debes iniciar sesi\u00f3n en el sitio web de Elfsight Apps y realizar todas las modificaciones necesarias al widget. Despu\u00e9s de realizar los cambios, guarda las modificaciones y procede a tu sitio. \u00a1Listo!<\/p><\/div>\r\n\t\t\t\t\t<\/div>\r\n\t\t\t\t<\/div><div class=\"faq-item\">\r\n\t\t\t\t\t<div class=\"faq-item-question\">\r\n\t\t\t\t\t\t<h3 class=\"faq-item-question-text\">\u00bfExisten plantillas personalizadas para el Constructor de Formularios en sitios de Google Sites?<\/h3>\r\n\r\n\t\t\t\t\t\t<div class=\"faq-item-question-icon\"><\/div>\r\n\t\t\t\t\t<\/div>\r\n\r\n\t\t\t\t\t<div class=\"faq-item-answer\">\r\n\t\t\t\t\t\t<div class=\"faq-item-answer-text\"><p>S\u00ed. Elfsight ha preparado una gran selecci\u00f3n de m\u00e1s de 300 <a href=\"https:\/\/elfsight.com\/online-form-builder\/templates\/\">plantillas de Constructor de Formularios<\/a> con elementos y caracter\u00edsticas personalizables. Puedes encontrar una plantilla de formulario para cualquier ocasi\u00f3n, como <a href=\"https:\/\/elfsight.com\/online-form-builder\/templates\/application-forms\/\">Formularios de Solicitud<\/a>, <a href=\"https:\/\/elfsight.com\/online-form-builder\/templates\/booking-forms\/\">Formularios de Reserva<\/a>, <a href=\"https:\/\/elfsight.com\/online-form-builder\/templates\/order-forms\/\">Formularios de Pedido<\/a>, <a href=\"https:\/\/elfsight.com\/online-form-builder\/templates\/product-forms\/\">Formularios de Producto<\/a>, <a href=\"https:\/\/elfsight.com\/online-form-builder\/templates\/questionnaires\/\">Cuestionarios<\/a>, <a href=\"https:\/\/elfsight.com\/online-form-builder\/templates\/quizzes\/\">Tests<\/a>, <a href=\"https:\/\/elfsight.com\/online-form-builder\/templates\/surveys\/\">Encuestas<\/a>, <a href=\"https:\/\/elfsight.com\/online-form-builder\/templates\/file-upload-forms\/\">Formularios de Carga de Archivos<\/a>, y muchos otros.<\/p><\/div>\r\n\t\t\t\t\t<\/div>\r\n\t\t\t\t<\/div><div class=\"faq-item\">\r\n\t\t\t\t\t<div class=\"faq-item-question\">\r\n\t\t\t\t\t\t<h3 class=\"faq-item-question-text\">\u00bfC\u00f3mo puedo incrustar una Galer\u00eda de Videos de YouTube en mi sitio de Squarespace sin habilidades de programaci\u00f3n?<\/h3>\r\n\r\n\t\t\t\t\t\t<div class=\"faq-item-question-icon\"><\/div>\r\n\t\t\t\t\t<\/div>\r\n\r\n\t\t\t\t\t<div class=\"faq-item-answer\">\r\n\t\t\t\t\t\t<div class=\"faq-item-answer-text\"><p>Elfsight ofrece una soluci\u00f3n basada en la nube que permite a los usuarios generar una Galer\u00eda de Videos de YouTube de forma independiente. Descubre lo sencillo que es el proceso:<\/p><ul><li>Ingresa al Editor en l\u00ednea para crear una secci\u00f3n para tu Galer\u00eda de Videos de YouTube que deseas integrar en tu sitio de Squarespace.<\/li><li>Selecciona una de nuestras plantillas predefinidas y ajusta la configuraci\u00f3n de la Galer\u00eda de Videos de YouTube, modifica el dise\u00f1o y la combinaci\u00f3n de colores, agrega tu contenido sin necesidad de programaci\u00f3n.<\/li><li>Guarda las preferencias que configuraste para tu Galer\u00eda de Videos de YouTube y obt\u00e9n el c\u00f3digo del widget para incrustarlo, el cual puedes incluir f\u00e1cilmente en tu sitio de Squarespace de forma gratuita.<\/li><\/ul><p>Operando en el Editor f\u00e1cil de usar, cualquier usuario de Internet puede establecer una secci\u00f3n de Galer\u00eda de Videos de YouTube e insertarla en su sitio de Squarespace. No es necesario realizar ning\u00fan pago ni revelar tus datos bancarios para acceder al Editor de Elfsight. Si encuentras alg\u00fan problema en cualquier etapa, no dudes en contactar con nuestro servicio de atenci\u00f3n al cliente.<\/p><\/div>\r\n\t\t\t\t\t<\/div>\r\n\t\t\t\t<\/div><\/div><div class=\"application-platform-content-item-features application-platform-content-item\" id=\"features\" data-nav-section=\"features\"> <h2>Caracter\u00edsticas del plugin Constructor de Formularios<\/h2> <ul><li>Crea formularios cl\u00e1sicos y paso a paso uniendo elementos en grupos<\/li><li>Opci\u00f3n de distribuir campos en varias columnas<\/li><li>Textos editables del mensaje de agradecimiento y del bot\u00f3n para rellenar nuevamente el formulario<\/li><li>Funci\u00f3n opcional de guardar el progreso del formulario<\/li><\/ul><p><a href=\"#demo\">Puedes probar el widget y ver si es adecuado para ti probando la demostraci\u00f3n<\/a><\/p> <\/div> <div class=\"application-platform-content-item-installation application-platform-content-item\" id=\"installation\" data-nav-section=\"installation\"> <h2>\u00bfC\u00f3mo agregar un formulario a Google Sites?<\/h2> <p>Solo sigue estos pasos a continuaci\u00f3n para activar el plugin.<\/p> <ol><li><b>Usa nuestro editor gratuito y comienza a configurar tu widget \u00fanico.<\/b><br> Determina el formulario deseado y las caracter\u00edsticas de la herramienta y guarda las modificaciones.<\/li> <li><b>Obt\u00e9n el c\u00f3digo \u00fanico que aparece en el cuadro de Elfsight Apps. <\/b><br> Despu\u00e9s de configurar tu widget personalizado, copia el c\u00f3digo personal del popup que aparece y gu\u00e1rdalo para futuras ocasiones.<\/li> <li><b>Comienza a usar el formulario en Google Sites.<\/b><br> Ingresa el c\u00f3digo que copiaste antes en tu p\u00e1gina y guarda los cambios.<\/li>  <li><b>La instalaci\u00f3n se realiz\u00f3 con \u00e9xito.<\/b><br> Ve a tu sitio web para revisar el rendimiento de la herramienta.<\/li><\/ol> <div class=\"tip-yellow tip\"><b>Debido a las peculiaridades del trabajo de Google Sites, el widget puede lucir diferente al demo en l\u00ednea. Pedimos disculpas por cualquier inconveniente causado.<\/b><\/div><p>Si encuentras obst\u00e1culos, no dudes en ponerte en contacto con nuestro personal de soporte. Nuestros especialistas estar\u00e1n encantados de ayudarte con cualquier dificultad que tengas con la herramienta.<\/p> <\/div>","protected":false},"excerpt":{"rendered":"","protected":false},"author":18,"featured_media":0,"parent":1746,"menu_order":0,"comment_status":"closed","ping_status":"closed","template":"templates\/template-application-platform.php","meta":{"publish_to_discourse":"","publish_post_category":"","wpdc_auto_publish_overridden":"","wpdc_topic_tags":"","wpdc_pin_topic":"","wpdc_pin_until":"","discourse_post_id":"","discourse_permalink":"","wpdc_publishing_response":"","wpdc_publishing_error":"","footnotes":""},"class_list":["post-4357","page","type-page","status-publish","hentry"],"yoast_head":"<!-- This site is optimized with the Yoast SEO plugin v25.3.1 - https:\/\/yoast.com\/wordpress\/plugins\/seo\/ -->\n<title>Constructor de formularios - Incorporar plugin de Generador de formularios al Google Sites<\/title>\n<meta name=\"description\" content=\"Incrusta un widget hermoso de Constructor de formularios en su p\u00e1gina web de Google Sites. Use la demo de Elfsight intuitiva y cree su plugin propio.\" \/>\n<meta name=\"robots\" content=\"index, follow, max-snippet:-1, max-image-preview:large, max-video-preview:-1\" \/>\n<link rel=\"canonical\" href=\"https:\/\/elfsight.com\/es\/online-form-builder\/google-sites\/\" \/>\n<meta property=\"og:locale\" content=\"es_ES\" \/>\n<meta property=\"og:type\" content=\"article\" \/>\n<meta property=\"og:title\" content=\"Constructor de formularios - Incorporar plugin de Generador de formularios al Google Sites\" \/>\n<meta property=\"og:description\" content=\"Incrusta un widget hermoso de Constructor de formularios en su p\u00e1gina web de Google Sites. Use la demo de Elfsight intuitiva y cree su plugin propio.\" \/>\n<meta property=\"og:url\" content=\"https:\/\/elfsight.com\/es\/online-form-builder\/google-sites\/\" \/>\n<meta property=\"og:site_name\" content=\"Elfsight ES\" \/>\n<meta property=\"article:modified_time\" content=\"2025-02-06T15:22:14+00:00\" \/>\n<meta name=\"twitter:card\" content=\"summary_large_image\" \/>\n<meta name=\"twitter:label1\" content=\"Tiempo de lectura\" \/>\n\t<meta name=\"twitter:data1\" content=\"2 minutos\" \/>\n<!-- \/ Yoast SEO plugin. -->","yoast_head_json":{"title":"Constructor de formularios - Incorporar plugin de Generador de formularios al Google Sites","description":"Incrusta un widget hermoso de Constructor de formularios en su p\u00e1gina web de Google Sites. Use la demo de Elfsight intuitiva y cree su plugin propio.","robots":{"index":"index","follow":"follow","max-snippet":"max-snippet:-1","max-image-preview":"max-image-preview:large","max-video-preview":"max-video-preview:-1"},"canonical":"https:\/\/elfsight.com\/es\/online-form-builder\/google-sites\/","og_locale":"es_ES","og_type":"article","og_title":"Constructor de formularios - Incorporar plugin de Generador de formularios al Google Sites","og_description":"Incrusta un widget hermoso de Constructor de formularios en su p\u00e1gina web de Google Sites. Use la demo de Elfsight intuitiva y cree su plugin propio.","og_url":"https:\/\/elfsight.com\/es\/online-form-builder\/google-sites\/","og_site_name":"Elfsight ES","article_modified_time":"2025-02-06T15:22:14+00:00","twitter_card":"summary_large_image","twitter_misc":{"Tiempo de lectura":"2 minutos"},"schema":{"@context":"https:\/\/schema.org","@graph":[{"@type":"WebPage","@id":"https:\/\/elfsight.com\/es\/online-form-builder\/google-sites\/","url":"https:\/\/elfsight.com\/es\/online-form-builder\/google-sites\/","name":"Constructor de formularios - Incorporar plugin de Generador de formularios al Google Sites","isPartOf":{"@id":"https:\/\/elfsight.com\/es\/#website"},"datePublished":"2022-02-11T11:26:03+00:00","dateModified":"2025-02-06T15:22:14+00:00","description":"Incrusta un widget hermoso de Constructor de formularios en su p\u00e1gina web de Google Sites. Use la demo de Elfsight intuitiva y cree su plugin propio.","breadcrumb":{"@id":"https:\/\/elfsight.com\/es\/online-form-builder\/google-sites\/#breadcrumb"},"inLanguage":"es","potentialAction":[{"@type":"ReadAction","target":["https:\/\/elfsight.com\/es\/online-form-builder\/google-sites\/"]}]},{"@type":"BreadcrumbList","@id":"https:\/\/elfsight.com\/es\/online-form-builder\/google-sites\/#breadcrumb","itemListElement":[{"@type":"ListItem","position":1,"name":"Home","item":"https:\/\/elfsight.com\/es\/"},{"@type":"ListItem","position":2,"name":"Form Builder","item":"https:\/\/elfsight.com\/es\/online-form-builder\/"},{"@type":"ListItem","position":3,"name":"Form Builder &#8211; Google Sites"}]},{"@type":"WebSite","@id":"https:\/\/elfsight.com\/es\/#website","url":"https:\/\/elfsight.com\/es\/","name":"Elfsight ES","description":"Just another Elfsight Sites site","potentialAction":[{"@type":"SearchAction","target":{"@type":"EntryPoint","urlTemplate":"https:\/\/elfsight.com\/es\/?s={search_term_string}"},"query-input":{"@type":"PropertyValueSpecification","valueRequired":true,"valueName":"search_term_string"}}],"inLanguage":"es"}]}},"meta_box":{"industry":"","seo_heading":"","heading":"","description":"","cta_heading":"","cta_description":"","application":"1745","h1":"complemento de Constructor de formularios para Google Sites","h1_caption":"Cree formularios b\u00e1sicas y multinivel y config\u00farelos a su sitio","application_category":[],"applications_title":"","applications_request_title":"","applications_request_button_text":"","hero_text":"","hero_video":"","hero_video_schema_markup":"","selling_points_title":"","selling_points_caption":"","selling_points":[],"selling_points_cta_text":"","features_title":"","features":"","ed_cta_examples_text":"","ed_cta_examples_hidden":"","ed_cta_demo_text":"","ed_cta_demo_hidden":"","why_caption":"","why_editor_title":"","why_editor_text":"","why_team_title":"","why_team_text":"","why_service_title":"","why_service_text":"","template_catalog_visible":"","template_catalog_title":"","template_catalog_text":"","template_catalog_categories_visible":"","demo_title":"Crea tu widget de Creador de formularios","demo_caption":"Configure su Creador de formularios y agr\u00e9guelo a su sitio web de Google Sites de forma gratuita.","default_faq_hidden":"","app_template_category":[],"platform":"67","template_public_id":"","codecanyon_url":"","codecanyon_item_id":"","codecanyon_price":"","pricing_caption":"","pricing_elfsight_apps_hide_column":"","pricing_elfsight_apps_url":"","pricing_codecanyon_price_caption":"","integration_category":[],"integration_request_title":"","integration_request_cta":"","integration_platform":"","integrations":[],"platform_category":[],"video_schema_markup":"","price":"desde $0 por mes","trial":"","benefits":[{"text":"Instalaci\u00f3n gratuita"},{"text":"Soporte Premium"},{"text":"14 d\u00edas garant\u00eda de reembolso"},{"text":"Actualizaciones regulares"}],"button_url":"#demo","button_target_blank":"0","button_nofollow":"0","attributes":[{"name":"Responsivo","content":"Si","_state":"expanded"},{"name":"Navegadores compatibles","content":"Firefox, Safari, Opera, Chrome, Edge","_state":"expanded"}],"tags":[],"tags_disable_links":"0","hide_more_platforms":"","video_object":"","demo_hide_cta":"0","demo_hide_cloud_options":"0","pricing_title":"","pricing":[{"pricing_icon":"platform","pricing_title":" Elfsight Apps","pricing_title_caption":"Soluci\u00f3n multiplataforma - valido para cualquier p\u00e1gina web","pricing_price":"desde $0 por mes","pricing_price_caption":"empezar con un plan gratuito","pricing_benefits":[{"text":"Sitios web ilimitados"},{"text":"Atenci\u00f3n al cliente gratuita y r\u00e1pida"},{"text":"Servicio de instalaci\u00f3n gratuito"},{"text":"Totalmente personalizable"}],"pricing_button_text":"Agregar al sitio web","pricing_button_url":"#demo","_state":"expanded"}],"related_apps_title":"","related_apps_hidden":"1","author":"","image":[],"title":"","job":"","social_networks":[]},"_links":{"self":[{"href":"https:\/\/elfsight.com\/es\/wp-json\/wp\/v2\/pages\/4357","targetHints":{"allow":["GET"]}}],"collection":[{"href":"https:\/\/elfsight.com\/es\/wp-json\/wp\/v2\/pages"}],"about":[{"href":"https:\/\/elfsight.com\/es\/wp-json\/wp\/v2\/types\/page"}],"author":[{"embeddable":true,"href":"https:\/\/elfsight.com\/es\/wp-json\/wp\/v2\/users\/18"}],"replies":[{"embeddable":true,"href":"https:\/\/elfsight.com\/es\/wp-json\/wp\/v2\/comments?post=4357"}],"version-history":[{"count":3,"href":"https:\/\/elfsight.com\/es\/wp-json\/wp\/v2\/pages\/4357\/revisions"}],"predecessor-version":[{"id":18181,"href":"https:\/\/elfsight.com\/es\/wp-json\/wp\/v2\/pages\/4357\/revisions\/18181"}],"up":[{"embeddable":true,"href":"https:\/\/elfsight.com\/es\/wp-json\/wp\/v2\/pages\/1746"}],"wp:attachment":[{"href":"https:\/\/elfsight.com\/es\/wp-json\/wp\/v2\/media?parent=4357"}],"curies":[{"name":"wp","href":"https:\/\/api.w.org\/{rel}","templated":true}]}}