{"id":4351,"date":"2022-02-11T11:26:25","date_gmt":"2022-02-11T11:26:25","guid":{"rendered":"https:\/\/elfsight.com\/es\/?page_id=4351"},"modified":"2025-02-06T15:22:14","modified_gmt":"2025-02-06T15:22:14","slug":"godaddy","status":"publish","type":"page","link":"https:\/\/elfsight.com\/es\/online-form-builder\/godaddy\/","title":{"rendered":"Form Builder &#8211; GoDaddy"},"content":{"rendered":"<div class=\"application-platform-content-item-description application-platform-content-item\" id=\"description\" data-nav-section=\"description\"><h2>Creador de formularios personalizado para GoDaddy<\/h2><p>Nuestra aplicaci\u00f3n GoDaddy Form Builder es una soluci\u00f3n vers\u00e1til que te permite crear cualquier tipo de formulario que necesites y a\u00f1adirlo a tu tienda Shopify. Ya sea que quieras crear un formulario personalizado, un formulario de comentarios, o cualquier otro tipo de formulario, nuestra aplicaci\u00f3n lo hace f\u00e1cil. Con solo unos pocos clics, puedes crear un formulario en GoDaddy y comenzar a recopilar datos de tus clientes. Nuestra aplicaci\u00f3n de formularios personalizados para Shopify te da control total sobre el dise\u00f1o del formulario, permiti\u00e9ndote crear formularios que no solo son funcionales, sino tambi\u00e9n visualmente atractivos. Ya sea que necesites recopilar comentarios, valoraciones, reservas o ventas, nuestra aplicaci\u00f3n lo tiene todo cubierto. Y con nuestra interfaz f\u00e1cil de usar y el intuitivo Creador de formularios, puedes crear formularios que sean f\u00e1ciles de usar para tus clientes y efectivos para ti al momento de gestionarlos.<\/p><p><b>Introduce el Creador de formularios en tu sitio web de manera f\u00e1cil y r\u00e1pida.<\/b><\/p><\/div><div class=\"application-platform-content-item-features application-platform-content-item\" id=\"features\" data-nav-section=\"features\"><h2>Caracter\u00edsticas del plugin Creador de Formularios<\/h2><ul><li>Crea una descripci\u00f3n para cada elemento, que se mostrar\u00e1 debajo de la etiqueta;<\/li><li>Opci\u00f3n de dividir los campos en varias columnas;<\/li><li>Textos editables para el mensaje de agradecimiento y el bot\u00f3n para llenar el formulario nuevamente;<\/li><li>Establece el ancho personalizado del formulario en los dise\u00f1os predeterminados y con caja;<\/li><li>5 estilos predefinidos para los campos del formulario.<\/li><li>2 posibles escenarios para rechazar una solicitud de revisi\u00f3n: mostrar un texto o eliminar el bot\u00f3n.<\/li><\/ul><div class=\"application-platform-content-item-installation application-platform-content-item\" id=\"installation\" data-nav-section=\"installation\"><\/div><h2>\u00bfC\u00f3mo puedo agregar el Creador de Formularios a mi sitio de GoDaddy?<\/h2><p>Sigue estos pasos para comenzar a trabajar con la herramienta.<\/p><ol><li><b>Realiza nuestra demo gratuita y comienza a crear tu plugin personalizado. <\/b><br> Especifica el dise\u00f1o y las caracter\u00edsticas del plugin y guarda los cambios.<\/li><li><b>Copia tu c\u00f3digo \u00fanico expuesto en la ventana de Elfsight Apps. <\/b><br> Despu\u00e9s de personalizar tu herramienta, copia el c\u00f3digo exclusivo en el cuadro que aparece y gu\u00e1rdalo para usarlo m\u00e1s tarde.<\/li><li><b>Comienza a usar el plugin en tu p\u00e1gina de GoDaddy. <\/b><br> A\u00f1ade el c\u00f3digo guardado recientemente en tu p\u00e1gina de inicio y aplica los cambios.<\/li><li><b>\u00a1Listo! La integraci\u00f3n se ha realizado con \u00e9xito. <\/b><br> Ve a tu p\u00e1gina para ver c\u00f3mo funciona el plugin.<\/li><\/ol><p>Si tienes preguntas o enfrentas dificultades, no dudes en contactar a nuestro equipo de soporte. Estamos ansiosos por resolver cualquier problema que tengas con el producto.<\/p><div class=\"faq\" data-component=\"FAQ\"><div class=\"faq-item\">\r\n\t\t\t\t\t<div class=\"faq-item-question\">\r\n\t\t\t\t\t\t<h3 class=\"faq-item-question-text\">\u00bfTienen plantillas pre-dise\u00f1adas para el Creador de Formularios en el sitio GoDaddy?<\/h3>\r\n\r\n\t\t\t\t\t\t<div class=\"faq-item-question-icon\"><\/div>\r\n\t\t\t\t\t<\/div>\r\n\r\n\t\t\t\t\t<div class=\"faq-item-answer\">\r\n\t\t\t\t\t\t<div class=\"faq-item-answer-text\"><p>S\u00ed. Nuestro equipo trabaj\u00f3 arduamente para crear una enorme colecci\u00f3n de m\u00e1s de 300 plantillas, tales como <a href=\"https:\/\/elfsight.com\/online-form-builder\/templates\/application-forms\/\">Formularios de Aplicaci\u00f3n<\/a>, <a href=\"https:\/\/elfsight.com\/online-form-builder\/templates\/booking-forms\/\">Formularios de Reservas<\/a>, <a href=\"https:\/\/elfsight.com\/online-form-builder\/templates\/order-forms\/\">Formularios de Pedido<\/a>, <a href=\"https:\/\/elfsight.com\/online-form-builder\/templates\/product-forms\/\">Formularios de Producto<\/a>, <a href=\"https:\/\/elfsight.com\/online-form-builder\/templates\/questionnaires\/\">Cuestionarios<\/a>, <a href=\"https:\/\/elfsight.com\/online-form-builder\/templates\/quizzes\/\">Ex\u00e1menes<\/a>, <a href=\"https:\/\/elfsight.com\/online-form-builder\/templates\/surveys\/\">Encuestas<\/a>, <a href=\"https:\/\/elfsight.com\/online-form-builder\/templates\/file-upload-forms\/\">Formularios de Subida de Archivos<\/a>, entre otros. As\u00ed que no ser\u00e1 dif\u00edcil encontrar la plantilla adecuada con el <a href=\"https:\/\/elfsight.com\/online-form-builder\/templates\/\">Creador de Formularios<\/a>.<\/p><\/div>\r\n\t\t\t\t\t<\/div>\r\n\t\t\t\t<\/div> <\/div> <\/div>","protected":false},"excerpt":{"rendered":"","protected":false},"author":18,"featured_media":0,"parent":1746,"menu_order":0,"comment_status":"closed","ping_status":"closed","template":"templates\/template-application-platform.php","meta":{"publish_to_discourse":"","publish_post_category":"","wpdc_auto_publish_overridden":"","wpdc_topic_tags":"","wpdc_pin_topic":"","wpdc_pin_until":"","discourse_post_id":"","discourse_permalink":"","wpdc_publishing_response":"","wpdc_publishing_error":"","footnotes":""},"class_list":["post-4351","page","type-page","status-publish","hentry"],"yoast_head":"<!-- This site is optimized with the Yoast SEO plugin v25.3.1 - https:\/\/yoast.com\/wordpress\/plugins\/seo\/ -->\n<title>Constructor de formularios - Empotrar widget de Generador de formularios al GoDaddy<\/title>\n<meta name=\"description\" content=\"A\u00f1ade un widget responsivo de Constructor de formularios en su p\u00e1gina web de GoDaddy. Use la demo de Elfsight intuitiva y construe su widget propio.\" \/>\n<meta name=\"robots\" content=\"index, follow, max-snippet:-1, max-image-preview:large, max-video-preview:-1\" \/>\n<link rel=\"canonical\" href=\"https:\/\/elfsight.com\/es\/online-form-builder\/godaddy\/\" \/>\n<meta property=\"og:locale\" content=\"es_ES\" \/>\n<meta property=\"og:type\" content=\"article\" \/>\n<meta property=\"og:title\" content=\"Constructor de formularios - Empotrar widget de Generador de formularios al GoDaddy\" \/>\n<meta property=\"og:description\" content=\"A\u00f1ade un widget responsivo de Constructor de formularios en su p\u00e1gina web de GoDaddy. Use la demo de Elfsight intuitiva y construe su widget propio.\" \/>\n<meta property=\"og:url\" content=\"https:\/\/elfsight.com\/es\/online-form-builder\/godaddy\/\" \/>\n<meta property=\"og:site_name\" content=\"Elfsight ES\" \/>\n<meta property=\"article:modified_time\" content=\"2025-02-06T15:22:14+00:00\" \/>\n<meta name=\"twitter:card\" content=\"summary_large_image\" \/>\n<meta name=\"twitter:label1\" content=\"Tiempo de lectura\" \/>\n\t<meta name=\"twitter:data1\" content=\"2 minutos\" \/>\n<!-- \/ Yoast SEO plugin. -->","yoast_head_json":{"title":"Constructor de formularios - Empotrar widget de Generador de formularios al GoDaddy","description":"A\u00f1ade un widget responsivo de Constructor de formularios en su p\u00e1gina web de GoDaddy. Use la demo de Elfsight intuitiva y construe su widget propio.","robots":{"index":"index","follow":"follow","max-snippet":"max-snippet:-1","max-image-preview":"max-image-preview:large","max-video-preview":"max-video-preview:-1"},"canonical":"https:\/\/elfsight.com\/es\/online-form-builder\/godaddy\/","og_locale":"es_ES","og_type":"article","og_title":"Constructor de formularios - Empotrar widget de Generador de formularios al GoDaddy","og_description":"A\u00f1ade un widget responsivo de Constructor de formularios en su p\u00e1gina web de GoDaddy. Use la demo de Elfsight intuitiva y construe su widget propio.","og_url":"https:\/\/elfsight.com\/es\/online-form-builder\/godaddy\/","og_site_name":"Elfsight ES","article_modified_time":"2025-02-06T15:22:14+00:00","twitter_card":"summary_large_image","twitter_misc":{"Tiempo de lectura":"2 minutos"},"schema":{"@context":"https:\/\/schema.org","@graph":[{"@type":"WebPage","@id":"https:\/\/elfsight.com\/es\/online-form-builder\/godaddy\/","url":"https:\/\/elfsight.com\/es\/online-form-builder\/godaddy\/","name":"Constructor de formularios - Empotrar widget de Generador de formularios al GoDaddy","isPartOf":{"@id":"https:\/\/elfsight.com\/es\/#website"},"datePublished":"2022-02-11T11:26:25+00:00","dateModified":"2025-02-06T15:22:14+00:00","description":"A\u00f1ade un widget responsivo de Constructor de formularios en su p\u00e1gina web de GoDaddy. Use la demo de Elfsight intuitiva y construe su widget propio.","breadcrumb":{"@id":"https:\/\/elfsight.com\/es\/online-form-builder\/godaddy\/#breadcrumb"},"inLanguage":"es","potentialAction":[{"@type":"ReadAction","target":["https:\/\/elfsight.com\/es\/online-form-builder\/godaddy\/"]}]},{"@type":"BreadcrumbList","@id":"https:\/\/elfsight.com\/es\/online-form-builder\/godaddy\/#breadcrumb","itemListElement":[{"@type":"ListItem","position":1,"name":"Home","item":"https:\/\/elfsight.com\/es\/"},{"@type":"ListItem","position":2,"name":"Form Builder","item":"https:\/\/elfsight.com\/es\/online-form-builder\/"},{"@type":"ListItem","position":3,"name":"Form Builder &#8211; GoDaddy"}]},{"@type":"WebSite","@id":"https:\/\/elfsight.com\/es\/#website","url":"https:\/\/elfsight.com\/es\/","name":"Elfsight ES","description":"Just another Elfsight Sites site","potentialAction":[{"@type":"SearchAction","target":{"@type":"EntryPoint","urlTemplate":"https:\/\/elfsight.com\/es\/?s={search_term_string}"},"query-input":{"@type":"PropertyValueSpecification","valueRequired":true,"valueName":"search_term_string"}}],"inLanguage":"es"}]}},"meta_box":{"industry":"","seo_heading":"","heading":"","description":"","cta_heading":"","cta_description":"","application":"1745","h1":"widget de Constructor de formularios para GoDaddy","h1_caption":"Desarrolle formularios b\u00e1sicas y multinivel y config\u00farelos a su sitio web","application_category":[],"applications_title":"","applications_request_title":"","applications_request_button_text":"","hero_text":"","hero_video":"","hero_video_schema_markup":"","selling_points_title":"","selling_points_caption":"","selling_points":[],"selling_points_cta_text":"","features_title":"","features":"","ed_cta_examples_text":"","ed_cta_examples_hidden":"","ed_cta_demo_text":"","ed_cta_demo_hidden":"","why_caption":"","why_editor_title":"","why_editor_text":"","why_team_title":"","why_team_text":"","why_service_title":"","why_service_text":"","template_catalog_visible":"","template_catalog_title":"","template_catalog_text":"","template_catalog_categories_visible":"","demo_title":"Crea tu complemento Form Builder","demo_caption":"\u00a1Configure su Creador de formularios y agr\u00e9guelo a su sitio web de GoDaddy gratis!","default_faq_hidden":"","app_template_category":[],"platform":"2183","template_public_id":"","codecanyon_url":"","codecanyon_item_id":"","codecanyon_price":"","pricing_caption":"","pricing_elfsight_apps_hide_column":"","pricing_elfsight_apps_url":"","pricing_codecanyon_price_caption":"","integration_category":[],"integration_request_title":"","integration_request_cta":"","integration_platform":"","integrations":[],"platform_category":[],"video_schema_markup":"","price":"desde $0 por mes","trial":"","benefits":[{"text":"Instalaci\u00f3n gratuita"},{"text":"Soporte Premium"},{"text":"14 d\u00edas garant\u00eda de reembolso"},{"text":"Actualizaciones regulares"}],"button_url":"#demo","button_target_blank":"0","button_nofollow":"0","attributes":[{"name":"Responsivo","content":"Si","_state":"expanded"},{"name":"Navegadores compatibles","content":"Firefox, Safari, Opera, Chrome, Edge","_state":"expanded"}],"tags":[],"tags_disable_links":"0","hide_more_platforms":"","video_object":"","demo_hide_cta":"0","demo_hide_cloud_options":"0","pricing_title":"","pricing":[{"pricing_icon":"platform","pricing_title":" Elfsight Apps","pricing_title_caption":"Soluci\u00f3n multiplataforma - valido para cualquier p\u00e1gina web","pricing_price":"desde $0 por mes","pricing_price_caption":"empezar con un plan gratuito","pricing_benefits":[{"text":"Sitios web ilimitados"},{"text":"Atenci\u00f3n al cliente gratuita y r\u00e1pida"},{"text":"Servicio de instalaci\u00f3n gratuito"},{"text":"Totalmente personalizable"}],"pricing_button_text":"Agregar al sitio web","pricing_button_url":"#demo","_state":"expanded"}],"related_apps_title":"","related_apps_hidden":"1","author":"","image":[],"title":"","job":"","social_networks":[]},"_links":{"self":[{"href":"https:\/\/elfsight.com\/es\/wp-json\/wp\/v2\/pages\/4351","targetHints":{"allow":["GET"]}}],"collection":[{"href":"https:\/\/elfsight.com\/es\/wp-json\/wp\/v2\/pages"}],"about":[{"href":"https:\/\/elfsight.com\/es\/wp-json\/wp\/v2\/types\/page"}],"author":[{"embeddable":true,"href":"https:\/\/elfsight.com\/es\/wp-json\/wp\/v2\/users\/18"}],"replies":[{"embeddable":true,"href":"https:\/\/elfsight.com\/es\/wp-json\/wp\/v2\/comments?post=4351"}],"version-history":[{"count":3,"href":"https:\/\/elfsight.com\/es\/wp-json\/wp\/v2\/pages\/4351\/revisions"}],"predecessor-version":[{"id":18179,"href":"https:\/\/elfsight.com\/es\/wp-json\/wp\/v2\/pages\/4351\/revisions\/18179"}],"up":[{"embeddable":true,"href":"https:\/\/elfsight.com\/es\/wp-json\/wp\/v2\/pages\/1746"}],"wp:attachment":[{"href":"https:\/\/elfsight.com\/es\/wp-json\/wp\/v2\/media?parent=4351"}],"curies":[{"name":"wp","href":"https:\/\/api.w.org\/{rel}","templated":true}]}}