{"id":4344,"date":"2022-02-11T11:27:00","date_gmt":"2022-02-11T11:27:00","guid":{"rendered":"https:\/\/elfsight.com\/es\/?page_id=4344"},"modified":"2025-02-06T15:22:06","modified_gmt":"2025-02-06T15:22:06","slug":"blogger","status":"publish","type":"page","link":"https:\/\/elfsight.com\/es\/accordion-faq-widget\/blogger\/","title":{"rendered":"FAQ &#8211; Blogger"},"content":{"rendered":"<div class=\"application-platform-content-item-description application-platform-content-item\" id=\"description\" data-nav-section=\"description\"><h2>Descripci\u00f3n<\/h2><p>Elfsight FAQ es una aplicaci\u00f3n sencilla y f\u00e1cil de aplicar y personalizar para mostrar una lista de las preguntas m\u00e1s solicitadas con respuestas en tu sitio web personal. Un plugin informativo con un dise\u00f1o intuitivo te brinda la oportunidad de compartir informaci\u00f3n completa sobre tu negocio, llamar la atenci\u00f3n de los lectores sobre las ventajas de tu producto y prevenir cualquier malentendido o desconfianza que pueda obstaculizar la compra.<\/p><p><b>\u00a1Responde r\u00e1pidamente a las preguntas de los usuarios directamente en tu sitio web y aumenta el nivel de conversi\u00f3n!<\/b><\/p><ul><li><b>Elimina cualquier malentendido que los visitantes puedan tener y aumenta tus ventas<\/b>.<br>Muestra informaci\u00f3n detallada sobre tus productos o servicios a tus posibles clientes, para disipar temores y aumentar los ingresos en el sitio web.<\/li><li><b>Crea una imagen ideal de tu negocio entre los lectores<\/b>.<br>Ayuda a tus usuarios a obtener la percepci\u00f3n correcta de tu empresa y su modelo de negocio, para eliminar dudas y fomentar la cooperaci\u00f3n.<\/li><li><b>Reduce el tiempo y el costo del soporte al cliente<\/b>.<br>Proporciona respuestas a las preguntas m\u00e1s frecuentes sobre tus productos o servicios, para aliviar la carga del equipo de soporte al cliente.<\/li><\/ul><\/div><div class=\"application-platform-content-item-features application-platform-content-item\" id=\"features\" data-nav-section=\"features\"><h2>Caracter\u00edsticas<\/h2><p>Las caracter\u00edsticas m\u00e1s destacadas de la aplicaci\u00f3n Elfsight, que permiten convertirla en la herramienta m\u00e1s r\u00e1pida para mostrar preguntas frecuentes (FAQ) en un sitio de BigCommerce.<\/p><ul><li>Dise\u00f1o de acorde\u00f3n para mostrar respuestas al hacer clic;<\/li><li>36 iconos predefinidos para categor\u00edas;<\/li><li>Icono de cruz o flecha para el dise\u00f1o de acorde\u00f3n;<\/li><li>Soporte de HTML en el texto;<\/li><li>Soporte al cliente profesional y oportuno.<\/li><\/ul><p><a href=\"#demo\">Ver todas las caracter\u00edsticas<\/a><\/p><\/div><div class=\"application-platform-content-item-installation application-platform-content-item\" id=\"installation\" data-nav-section=\"installation\"><h2>C\u00f3mo a\u00f1adir el widget de FAQ de Acorde\u00f3n a BigCommerce<\/h2><div class=\"video-container\"><iframe width=\"720\" height=\"405\" src=\"https:\/\/www.youtube.com\/embed\/Xy_Fs7D_7Sg\" frameborder=\"0\" allowfullscreen=\"\"><\/iframe><\/div><p>Simplemente sigue los pasos a continuaci\u00f3n para a\u00f1adir el widget en BigCommerce.<\/p> <ol><li><b>Inicia nuestro editor gratuito y comienza a crear tu aplicaci\u00f3n personalizada.<\/b><br> Define el formato y las especificaciones del widget y guarda los cambios.<\/li>  <li><b>Obt\u00e9n tu c\u00f3digo individual que aparecer\u00e1 en la ventana de Elfsight Apps.<\/b><br> Cuando termine la generaci\u00f3n de tu aplicaci\u00f3n FAQ personal, copia el c\u00f3digo exclusivo en la ventana emergente y gu\u00e1rdalo para su uso futuro.<\/li>  <li><b>Comienza a usar el widget en tu sitio de BigCommerce.<\/b><br> Inserta el c\u00f3digo guardado recientemente en tu sitio y guarda los cambios.<\/li>  <li><b>La configuraci\u00f3n se ha realizado con \u00e9xito.<\/b><br> Visita tu sitio para ver el funcionamiento del widget.<\/li><\/ol><p>\u00bfTienes dudas al seguir la gu\u00eda? Env\u00eda un mensaje al servicio de soporte de Elfsight o consulta la variante completa de las instrucciones \u00ab<a href=\"https:\/\/elfsight.com\/tutorials\/how-to-add-faq-widget-to-bigcommerce\/\" target=\"_blank\" rel=\"noopener noreferrer\">C\u00f3mo a\u00f1adir FAQ a BigCommerce<\/a>\u00bb y termina de configurarlo t\u00fa mismo.<\/p><div class=\"faq\" data-component=\"FAQ\"><div class=\"faq-item\">\r\n\t\t\t\t\t<div class=\"faq-item-question\">\r\n\t\t\t\t\t\t<h3 class=\"faq-item-question-text\">\u00bfC\u00f3mo a\u00f1adir FAQ a mi sitio web de BigCommerce sin conocimientos de codificaci\u00f3n?<\/h3>\r\n\r\n\t\t\t\t\t\t<div class=\"faq-item-question-icon\"><\/div>\r\n\t\t\t\t\t<\/div>\r\n\r\n\t\t\t\t\t<div class=\"faq-item-answer\">\r\n\t\t\t\t\t\t<div class=\"faq-item-answer-text\"> <p>Elfsight ofrece una soluci\u00f3n SaaS que te permite crear un widget FAQ por ti mismo, mira lo f\u00e1cil que es el proceso: Trabaja directamente en el Editor en l\u00ednea para crear el widget FAQ que desees ver en tu sitio de BigCommerce. Elige una de las plantillas predise\u00f1adas y ajusta la configuraci\u00f3n del FAQ, agrega tu contenido, cambia el dise\u00f1o y los colores sin necesidad de conocimientos de codificaci\u00f3n. Guarda el FAQ y copia su c\u00f3digo de instalaci\u00f3n, que puedes f\u00e1cilmente incrustar en tu sitio web de BigCommerce sin necesidad de comprar un plan de pago. Con nuestro Editor intuitivo, cualquier usuario de Internet puede crear un widget FAQ en l\u00ednea y agregarlo f\u00e1cilmente a su sitio web de BigCommerce. No es necesario pagar ni ingresar los datos de la tarjeta para acceder al servicio. Si tienes alg\u00fan problema en alg\u00fan paso, no dudes en contactar con nuestro equipo de soporte t\u00e9cnico.<\/p> <\/div>\r\n\t\t\t\t\t<\/div>\r\n\t\t\t\t<\/div> <\/div><\/div>","protected":false},"excerpt":{"rendered":"","protected":false},"author":18,"featured_media":0,"parent":1771,"menu_order":0,"comment_status":"closed","ping_status":"closed","template":"templates\/template-application-platform.php","meta":{"publish_to_discourse":"","publish_post_category":"","wpdc_auto_publish_overridden":"","wpdc_topic_tags":"","wpdc_pin_topic":"","wpdc_pin_until":"","discourse_post_id":"","discourse_permalink":"","wpdc_publishing_response":"","wpdc_publishing_error":"","footnotes":""},"class_list":["post-4344","page","type-page","status-publish","hentry"],"yoast_head":"<!-- This site is optimized with the Yoast SEO plugin v25.3.1 - https:\/\/yoast.com\/wordpress\/plugins\/seo\/ -->\n<title>FAQ - Insertar widget de Preguntas Frecuentes al Blogger<\/title>\n<meta name=\"description\" content=\"Incrusta un plugin hermoso de FAQ en su sitio web de Blogger. Pruebe la demo de Elfsight intuitiva y cree su widget personalizado.\" \/>\n<meta name=\"robots\" content=\"index, follow, max-snippet:-1, max-image-preview:large, max-video-preview:-1\" \/>\n<link rel=\"canonical\" href=\"https:\/\/elfsight.com\/es\/accordion-faq-widget\/blogger\/\" \/>\n<meta property=\"og:locale\" content=\"es_ES\" \/>\n<meta property=\"og:type\" content=\"article\" \/>\n<meta property=\"og:title\" content=\"FAQ - Insertar widget de Preguntas Frecuentes al Blogger\" \/>\n<meta property=\"og:description\" content=\"Incrusta un plugin hermoso de FAQ en su sitio web de Blogger. Pruebe la demo de Elfsight intuitiva y cree su widget personalizado.\" \/>\n<meta property=\"og:url\" content=\"https:\/\/elfsight.com\/es\/accordion-faq-widget\/blogger\/\" \/>\n<meta property=\"og:site_name\" content=\"Elfsight ES\" \/>\n<meta property=\"article:modified_time\" content=\"2025-02-06T15:22:06+00:00\" \/>\n<meta name=\"twitter:card\" content=\"summary_large_image\" \/>\n<meta name=\"twitter:label1\" content=\"Tiempo de lectura\" \/>\n\t<meta name=\"twitter:data1\" content=\"1 minuto\" \/>\n<!-- \/ Yoast SEO plugin. -->","yoast_head_json":{"title":"FAQ - Insertar widget de Preguntas Frecuentes al Blogger","description":"Incrusta un plugin hermoso de FAQ en su sitio web de Blogger. Pruebe la demo de Elfsight intuitiva y cree su widget personalizado.","robots":{"index":"index","follow":"follow","max-snippet":"max-snippet:-1","max-image-preview":"max-image-preview:large","max-video-preview":"max-video-preview:-1"},"canonical":"https:\/\/elfsight.com\/es\/accordion-faq-widget\/blogger\/","og_locale":"es_ES","og_type":"article","og_title":"FAQ - Insertar widget de Preguntas Frecuentes al Blogger","og_description":"Incrusta un plugin hermoso de FAQ en su sitio web de Blogger. Pruebe la demo de Elfsight intuitiva y cree su widget personalizado.","og_url":"https:\/\/elfsight.com\/es\/accordion-faq-widget\/blogger\/","og_site_name":"Elfsight ES","article_modified_time":"2025-02-06T15:22:06+00:00","twitter_card":"summary_large_image","twitter_misc":{"Tiempo de lectura":"1 minuto"},"schema":{"@context":"https:\/\/schema.org","@graph":[{"@type":"WebPage","@id":"https:\/\/elfsight.com\/es\/accordion-faq-widget\/blogger\/","url":"https:\/\/elfsight.com\/es\/accordion-faq-widget\/blogger\/","name":"FAQ - Insertar widget de Preguntas Frecuentes al Blogger","isPartOf":{"@id":"https:\/\/elfsight.com\/es\/#website"},"datePublished":"2022-02-11T11:27:00+00:00","dateModified":"2025-02-06T15:22:06+00:00","description":"Incrusta un plugin hermoso de FAQ en su sitio web de Blogger. Pruebe la demo de Elfsight intuitiva y cree su widget personalizado.","breadcrumb":{"@id":"https:\/\/elfsight.com\/es\/accordion-faq-widget\/blogger\/#breadcrumb"},"inLanguage":"es","potentialAction":[{"@type":"ReadAction","target":["https:\/\/elfsight.com\/es\/accordion-faq-widget\/blogger\/"]}]},{"@type":"BreadcrumbList","@id":"https:\/\/elfsight.com\/es\/accordion-faq-widget\/blogger\/#breadcrumb","itemListElement":[{"@type":"ListItem","position":1,"name":"Home","item":"https:\/\/elfsight.com\/es\/"},{"@type":"ListItem","position":2,"name":"FAQ","item":"https:\/\/elfsight.com\/es\/accordion-faq-widget\/"},{"@type":"ListItem","position":3,"name":"FAQ &#8211; Blogger"}]},{"@type":"WebSite","@id":"https:\/\/elfsight.com\/es\/#website","url":"https:\/\/elfsight.com\/es\/","name":"Elfsight ES","description":"Just another Elfsight Sites site","potentialAction":[{"@type":"SearchAction","target":{"@type":"EntryPoint","urlTemplate":"https:\/\/elfsight.com\/es\/?s={search_term_string}"},"query-input":{"@type":"PropertyValueSpecification","valueRequired":true,"valueName":"search_term_string"}}],"inLanguage":"es"}]}},"meta_box":{"industry":"","seo_heading":"","heading":"","description":"","cta_heading":"","cta_description":"","application":"1770","h1":"widget de preguntas frecuentes para Blogger","h1_caption":"Proporcione respuestas a preguntas frecuentes en un formato organizado y con capacidad de b\u00fasqueda para ayudar a los usuarios a encontrar soluciones r\u00e1pidamente en su sitio web de Blogger sin esfuerzo.","application_category":[],"applications_title":"","applications_request_title":"","applications_request_button_text":"","hero_text":"","hero_video":"","hero_video_schema_markup":"","selling_points_title":"","selling_points_caption":"","selling_points":[],"selling_points_cta_text":"","features_title":"","features":"","ed_cta_examples_text":"","ed_cta_examples_hidden":"","ed_cta_demo_text":"","ed_cta_demo_hidden":"","why_caption":"","why_editor_title":"","why_editor_text":"","why_team_title":"","why_team_text":"","why_service_title":"","why_service_text":"","template_catalog_visible":"","template_catalog_title":"","template_catalog_text":"","template_catalog_categories_visible":"","demo_title":"Crea tu widget de preguntas frecuentes","demo_caption":"\u00a1Configure sus preguntas frecuentes y agr\u00e9guelas a su sitio web de Blogger de forma gratuita!","default_faq_hidden":"","app_template_category":[],"platform":"39","template_public_id":"","codecanyon_url":"","codecanyon_item_id":"","codecanyon_price":"","pricing_caption":"","pricing_elfsight_apps_hide_column":"","pricing_elfsight_apps_url":"","pricing_codecanyon_price_caption":"","integration_category":[],"integration_request_title":"","integration_request_cta":"","integration_platform":"","integrations":[],"platform_category":[],"video_schema_markup":"","price":"desde $0 por mes","trial":"","benefits":[{"text":"Instalaci\u00f3n gratuita"},{"text":"Soporte Premium"},{"text":"14 d\u00edas garant\u00eda de reembolso"},{"text":"Actualizaciones regulares"}],"button_url":"#demo","button_target_blank":"0","button_nofollow":"0","attributes":[{"name":"Responsivo","content":"Si","_state":"expanded"},{"name":"Navegadores compatibles","content":"Firefox, Safari, Opera, Chrome, Edge","_state":"expanded"}],"tags":[],"tags_disable_links":"0","hide_more_platforms":"","video_object":"","demo_hide_cta":"0","demo_hide_cloud_options":"0","pricing_title":"","pricing":[{"pricing_icon":"platform","pricing_title":" Elfsight Apps","pricing_title_caption":"Soluci\u00f3n multiplataforma - valido para cualquier p\u00e1gina web","pricing_price":"desde $0 por mes","pricing_price_caption":"empezar con un plan gratuito","pricing_benefits":[{"text":"Sitios web ilimitados"},{"text":"Atenci\u00f3n al cliente gratuita y r\u00e1pida"},{"text":"Servicio de instalaci\u00f3n gratuito"},{"text":"Totalmente personalizable"}],"pricing_button_text":"Agregar al sitio web","pricing_button_url":"#demo","_state":"expanded"}],"related_apps_title":"","related_apps_hidden":"1","author":"","image":[],"title":"","job":"","social_networks":[]},"_links":{"self":[{"href":"https:\/\/elfsight.com\/es\/wp-json\/wp\/v2\/pages\/4344","targetHints":{"allow":["GET"]}}],"collection":[{"href":"https:\/\/elfsight.com\/es\/wp-json\/wp\/v2\/pages"}],"about":[{"href":"https:\/\/elfsight.com\/es\/wp-json\/wp\/v2\/types\/page"}],"author":[{"embeddable":true,"href":"https:\/\/elfsight.com\/es\/wp-json\/wp\/v2\/users\/18"}],"replies":[{"embeddable":true,"href":"https:\/\/elfsight.com\/es\/wp-json\/wp\/v2\/comments?post=4344"}],"version-history":[{"count":3,"href":"https:\/\/elfsight.com\/es\/wp-json\/wp\/v2\/pages\/4344\/revisions"}],"predecessor-version":[{"id":18177,"href":"https:\/\/elfsight.com\/es\/wp-json\/wp\/v2\/pages\/4344\/revisions\/18177"}],"up":[{"embeddable":true,"href":"https:\/\/elfsight.com\/es\/wp-json\/wp\/v2\/pages\/1771"}],"wp:attachment":[{"href":"https:\/\/elfsight.com\/es\/wp-json\/wp\/v2\/media?parent=4344"}],"curies":[{"name":"wp","href":"https:\/\/api.w.org\/{rel}","templated":true}]}}