{"id":4342,"date":"2022-02-11T11:27:14","date_gmt":"2022-02-11T11:27:14","guid":{"rendered":"https:\/\/elfsight.com\/es\/?page_id=4342"},"modified":"2025-02-06T15:22:06","modified_gmt":"2025-02-06T15:22:06","slug":"elementor","status":"publish","type":"page","link":"https:\/\/elfsight.com\/es\/online-form-builder\/elementor\/","title":{"rendered":"Form Builder &#8211; Elementor"},"content":{"rendered":"<div class=\"application-platform-content-item-description application-platform-content-item\" id=\"description\" data-nav-section=\"description\"><h2>Constructor de formularios personalizados para Elementor<\/h2><p>Con el creador de formularios de Elementor, puedes crear diversos tipos de formularios y mostrarlos en tu sitio web. Recoge informaci\u00f3n de tus clientes actuales y potenciales con encuestas, formularios de retroalimentaci\u00f3n, solicitudes de valoraci\u00f3n y muchos m\u00e1s formatos. Dise\u00f1a la estructura del formulario, a\u00f1ade campos, elige un dise\u00f1o y usa el formulario personalizado de Elementor para personalizarlo a\u00fan m\u00e1s. Sea cual sea el tipo de datos que necesites recopilar: ideas, valoraciones, pedidos o ventas, nuestro formulario gratuito de Elementor te proporcionar\u00e1 todo lo necesario para crear el mejor formulario. Gracias a su configuraci\u00f3n ajustable y a los numerosos componentes disponibles, tu formulario ser\u00e1 c\u00f3modo para tus clientes y altamente eficiente para ti.<\/p><p><b>Recoge opiniones de los clientes, gestiona pedidos y consultas de los usuarios de tu sitio web.<\/b><\/p><p><b>Crea formularios atractivos para recopilar m\u00e1s comentarios<\/b><br>Usa todas las funciones del plugin de Elfsight para crear poderosos formularios de relleno. Elige componentes y controla la configuraci\u00f3n para que tus formularios sean f\u00e1ciles de completar y con un dise\u00f1o bien estructurado. Usa las opciones de estilo para darles una apariencia llamativa y atraer m\u00e1s comentarios.<\/p><p><b>Aumenta el n\u00famero de leads con formularios f\u00e1ciles de gestionar<\/b><br>No permitas que tu audiencia abandone la tarea antes de completar el formulario, lo que te har\u00eda perder informaci\u00f3n valiosa. Dise\u00f1a formularios con m\u00faltiples etapas y una estructura conveniente para mantener a los usuarios comprometidos hasta el final.<\/p><p><b>Ahorra tiempo y dinero con una herramienta multifuncional<\/b><br>No necesitas adquirir varias soluciones diferentes para cubrir todas tus necesidades de formularios en tu sitio. Nuestro creador de formularios permite dise\u00f1ar cualquier tipo de formulario para recopilar informaci\u00f3n gracias a sus numerosos componentes y su patr\u00f3n flexible.<\/p><\/div><div class=\"application-platform-content-item-features application-platform-content-item\" id=\"features\" data-nav-section=\"features\"><h2>Caracter\u00edsticas del plugin Constructor de Formularios<\/h2><p>Beneficios del widget de Elfsight, que lo convierten en un plugin esencial para WordPress:<\/p><ul><li>Crea una descripci\u00f3n para cada elemento, que se mostrar\u00e1 bajo la etiqueta;<\/li><li>Opci\u00f3n de dividir los campos en varias columnas;<\/li><li>Asigna cualquier direcci\u00f3n de correo electr\u00f3nico y los resultados del formulario se enviar\u00e1n autom\u00e1ticamente a esa direcci\u00f3n;<\/li><li>Barra de progreso opcional cuando se aplica el formato paso a paso;<\/li><li>5 estilos predefinidos para los campos del formulario;<\/li><li>Dise\u00f1a formularios de relleno de variantes ilimitadas para obtener detalles de los clientes.<\/li><\/ul><p><a href=\"#demo\">Puedes probar todas las caracter\u00edsticas en nuestra demo gratuita<\/a><\/p><\/div><div class=\"application-platform-content-item-installation application-platform-content-item\" id=\"installation\" data-nav-section=\"installation\"><h2>C\u00f3mo a\u00f1adir el Constructor de Formularios a un sitio web de Elementor<\/h2><div class=\"video-container\"><iframe width=\"720\" height=\"405\" src=\"https:\/\/www.youtube.com\/embed\/a_gV6touuCk\" frameborder=\"0\" allowfullscreen=\"\"><\/iframe><\/div><p>Nuestro plugin es intuitivo de integrar y no requiere experiencia en desarrollo. Solo necesitar\u00e1s unos minutos para <a href=\"https:\/\/elfsight.com\/blog\/how-to-add-form-to-elementor-by-elfsight-plugin-widget\/\" target=\"_blank\" rel=\"noopener\">agregar el formulario a un sitio web de Elementor<\/a>.<\/p><ol><li><b>Crea tu propio widget de formulario personalizado<\/b><br> Con nuestro editor gratuito, crea un plugin con el dise\u00f1o y las funciones que desees.<\/li> <li><b>Copia tu c\u00f3digo \u00fanico para incrustar el plugin<\/b><br> Despu\u00e9s de configurar el widget, ver\u00e1s una ventana emergente en Elfsight Apps con tu c\u00f3digo de instalaci\u00f3n \u00fanico. Guarda el c\u00f3digo.<\/li><li><b>Incrusta el plugin en el sitio web de Elementor<\/b><br> A\u00f1ade el plugin en el \u00e1rea deseada de la p\u00e1gina y publica los resultados.<\/li><li><b>Has completado la instalaci\u00f3n con \u00e9xito<\/b><br> Ve a tu sitio web para comprobar el resultado.<\/li><\/ol><p>\u00bfBuscas ayuda con la instalaci\u00f3n o personalizaci\u00f3n del plugin? \u00a1Nuestros especialistas de soporte estar\u00e1n encantados de ayudarte y ofrecerte una soluci\u00f3n!<\/p><div class=\"faq\" data-component=\"FAQ\"> <div class=\"faq-item\">\r\n\t\t\t\t\t<div class=\"faq-item-question\">\r\n\t\t\t\t\t\t<h3 class=\"faq-item-question-text\">\u00bfHay plantillas personalizadas de Form Builder para el sitio web de Elementor?<\/h3>\r\n\r\n\t\t\t\t\t\t<div class=\"faq-item-question-icon\"><\/div>\r\n\t\t\t\t\t<\/div>\r\n\r\n\t\t\t\t\t<div class=\"faq-item-answer\">\r\n\t\t\t\t\t\t<div class=\"faq-item-answer-text\"><p>S\u00ed. Elfsight ha preparado una amplia selecci\u00f3n de m\u00e1s de 300 <a href=\"https:\/\/elfsight.com\/online-form-builder\/templates\/\">plantillas de Form Builder<\/a> con elementos y funciones personalizables. Puedes encontrar una plantilla de formulario para cualquier ocasi\u00f3n, por ejemplo, <a href=\"https:\/\/elfsight.com\/online-form-builder\/templates\/application-forms\/\">formularios de solicitud<\/a>, <a href=\"https:\/\/elfsight.com\/online-form-builder\/templates\/booking-forms\/\">formularios de reserva<\/a>, <a href=\"https:\/\/elfsight.com\/online-form-builder\/templates\/order-forms\/\">formularios de pedido<\/a>, <a href=\"https:\/\/elfsight.com\/online-form-builder\/templates\/product-forms\/\">formularios de producto<\/a>, <a href=\"https:\/\/elfsight.com\/online-form-builder\/templates\/questionnaires\/\">cuestionarios<\/a>, <a href=\"https:\/\/elfsight.com\/online-form-builder\/templates\/quizzes\/\">quizzes<\/a>, <a href=\"https:\/\/elfsight.com\/online-form-builder\/templates\/surveys\/\">encuestas<\/a>, <a href=\"https:\/\/elfsight.com\/online-form-builder\/templates\/file-upload-forms\/\">formularios de carga de archivos<\/a> y muchos m\u00e1s.<\/p><\/div>\r\n\t\t\t\t\t<\/div>\r\n\t\t\t\t<\/div> <\/div> <\/div>","protected":false},"excerpt":{"rendered":"","protected":false},"author":18,"featured_media":0,"parent":1746,"menu_order":0,"comment_status":"closed","ping_status":"closed","template":"templates\/template-application-platform.php","meta":{"publish_to_discourse":"","publish_post_category":"","wpdc_auto_publish_overridden":"","wpdc_topic_tags":"","wpdc_pin_topic":"","wpdc_pin_until":"","discourse_post_id":"","discourse_permalink":"","wpdc_publishing_response":"","wpdc_publishing_error":"","footnotes":""},"class_list":["post-4342","page","type-page","status-publish","hentry"],"yoast_head":"<!-- This site is optimized with the Yoast SEO plugin v25.3.1 - https:\/\/yoast.com\/wordpress\/plugins\/seo\/ -->\n<title>Constructor de formularios - Incorporar plugin de Generador de formularios al Elementor<\/title>\n<meta name=\"description\" content=\"Incrusta un widget interactivo de Constructor de formularios en su sitio web de Elementor. Aplique la demo de Elfsight f\u00e1cil de usar y cree su plugin \u00fanico.\" \/>\n<meta name=\"robots\" content=\"index, follow, max-snippet:-1, max-image-preview:large, max-video-preview:-1\" \/>\n<link rel=\"canonical\" href=\"https:\/\/elfsight.com\/es\/online-form-builder\/elementor\/\" \/>\n<meta property=\"og:locale\" content=\"es_ES\" \/>\n<meta property=\"og:type\" content=\"article\" \/>\n<meta property=\"og:title\" content=\"Constructor de formularios - Incorporar plugin de Generador de formularios al Elementor\" \/>\n<meta property=\"og:description\" content=\"Incrusta un widget interactivo de Constructor de formularios en su sitio web de Elementor. Aplique la demo de Elfsight f\u00e1cil de usar y cree su plugin \u00fanico.\" \/>\n<meta property=\"og:url\" content=\"https:\/\/elfsight.com\/es\/online-form-builder\/elementor\/\" \/>\n<meta property=\"og:site_name\" content=\"Elfsight ES\" \/>\n<meta property=\"article:modified_time\" content=\"2025-02-06T15:22:06+00:00\" \/>\n<meta name=\"twitter:card\" content=\"summary_large_image\" \/>\n<meta name=\"twitter:label1\" content=\"Tiempo de lectura\" \/>\n\t<meta name=\"twitter:data1\" content=\"3 minutos\" \/>\n<!-- \/ Yoast SEO plugin. -->","yoast_head_json":{"title":"Constructor de formularios - Incorporar plugin de Generador de formularios al Elementor","description":"Incrusta un widget interactivo de Constructor de formularios en su sitio web de Elementor. Aplique la demo de Elfsight f\u00e1cil de usar y cree su plugin \u00fanico.","robots":{"index":"index","follow":"follow","max-snippet":"max-snippet:-1","max-image-preview":"max-image-preview:large","max-video-preview":"max-video-preview:-1"},"canonical":"https:\/\/elfsight.com\/es\/online-form-builder\/elementor\/","og_locale":"es_ES","og_type":"article","og_title":"Constructor de formularios - Incorporar plugin de Generador de formularios al Elementor","og_description":"Incrusta un widget interactivo de Constructor de formularios en su sitio web de Elementor. Aplique la demo de Elfsight f\u00e1cil de usar y cree su plugin \u00fanico.","og_url":"https:\/\/elfsight.com\/es\/online-form-builder\/elementor\/","og_site_name":"Elfsight ES","article_modified_time":"2025-02-06T15:22:06+00:00","twitter_card":"summary_large_image","twitter_misc":{"Tiempo de lectura":"3 minutos"},"schema":{"@context":"https:\/\/schema.org","@graph":[{"@type":"WebPage","@id":"https:\/\/elfsight.com\/es\/online-form-builder\/elementor\/","url":"https:\/\/elfsight.com\/es\/online-form-builder\/elementor\/","name":"Constructor de formularios - Incorporar plugin de Generador de formularios al Elementor","isPartOf":{"@id":"https:\/\/elfsight.com\/es\/#website"},"datePublished":"2022-02-11T11:27:14+00:00","dateModified":"2025-02-06T15:22:06+00:00","description":"Incrusta un widget interactivo de Constructor de formularios en su sitio web de Elementor. Aplique la demo de Elfsight f\u00e1cil de usar y cree su plugin \u00fanico.","breadcrumb":{"@id":"https:\/\/elfsight.com\/es\/online-form-builder\/elementor\/#breadcrumb"},"inLanguage":"es","potentialAction":[{"@type":"ReadAction","target":["https:\/\/elfsight.com\/es\/online-form-builder\/elementor\/"]}]},{"@type":"BreadcrumbList","@id":"https:\/\/elfsight.com\/es\/online-form-builder\/elementor\/#breadcrumb","itemListElement":[{"@type":"ListItem","position":1,"name":"Home","item":"https:\/\/elfsight.com\/es\/"},{"@type":"ListItem","position":2,"name":"Form Builder","item":"https:\/\/elfsight.com\/es\/online-form-builder\/"},{"@type":"ListItem","position":3,"name":"Form Builder &#8211; Elementor"}]},{"@type":"WebSite","@id":"https:\/\/elfsight.com\/es\/#website","url":"https:\/\/elfsight.com\/es\/","name":"Elfsight ES","description":"Just another Elfsight Sites site","potentialAction":[{"@type":"SearchAction","target":{"@type":"EntryPoint","urlTemplate":"https:\/\/elfsight.com\/es\/?s={search_term_string}"},"query-input":{"@type":"PropertyValueSpecification","valueRequired":true,"valueName":"search_term_string"}}],"inLanguage":"es"}]}},"meta_box":{"industry":"","seo_heading":"","heading":"","description":"","cta_heading":"","cta_description":"","application":"1745","h1":"complemento de Constructor de formularios para Elementor","h1_caption":"Genere formularios b\u00e1sicas y multinivel y a\u00f1\u00e1dalos a su p\u00e1gina web","application_category":[],"applications_title":"","applications_request_title":"","applications_request_button_text":"","hero_text":"","hero_video":"","hero_video_schema_markup":"","selling_points_title":"","selling_points_caption":"","selling_points":[],"selling_points_cta_text":"","features_title":"","features":"","ed_cta_examples_text":"","ed_cta_examples_hidden":"","ed_cta_demo_text":"","ed_cta_demo_hidden":"","why_caption":"","why_editor_title":"","why_editor_text":"","why_team_title":"","why_team_text":"","why_service_title":"","why_service_text":"","template_catalog_visible":"0","template_catalog_title":"","template_catalog_text":"","template_catalog_categories_visible":"","demo_title":"Crea tu widget de Creador de formularios","demo_caption":"\u00a1Configure su Creador de formularios y agr\u00e9guelo a su sitio web de Elementor gratis!","default_faq_hidden":"","app_template_category":[],"platform":"58","template_public_id":"","codecanyon_url":"","codecanyon_item_id":"","codecanyon_price":"","pricing_caption":"","pricing_elfsight_apps_hide_column":"","pricing_elfsight_apps_url":"","pricing_codecanyon_price_caption":"","integration_category":[],"integration_request_title":"","integration_request_cta":"","integration_platform":"","integrations":[],"platform_category":[],"video_schema_markup":"","price":"desde $0 por mes","trial":"","benefits":[{"text":"Instalaci\u00f3n gratuita"},{"text":"Soporte Premium"},{"text":"14 d\u00edas garant\u00eda de reembolso"},{"text":"Actualizaciones regulares"}],"button_url":"#demo","button_target_blank":"0","button_nofollow":"0","attributes":[{"name":"Responsivo","content":"Si","_state":"expanded"},{"name":"Navegadores compatibles","content":"Firefox, Safari, Opera, Chrome, Edge","_state":"expanded"}],"tags":[],"tags_disable_links":"0","hide_more_platforms":"","video_object":"","demo_hide_cta":"0","demo_hide_cloud_options":"0","pricing_title":"","pricing":[{"pricing_icon":"platform","pricing_title":" Elfsight Apps","pricing_title_caption":"Soluci\u00f3n multiplataforma - valido para cualquier p\u00e1gina web","pricing_price":"desde $0 por mes","pricing_price_caption":"empezar con un plan gratuito","pricing_benefits":[{"text":"Sitios web ilimitados"},{"text":"Atenci\u00f3n al cliente gratuita y r\u00e1pida"},{"text":"Servicio de instalaci\u00f3n gratuito"},{"text":"Totalmente personalizable"}],"pricing_button_text":"Agregar al sitio web","pricing_button_url":"#demo","_state":"expanded"}],"related_apps_title":"","related_apps_hidden":"1","author":"","image":[],"title":"","job":"","social_networks":[]},"_links":{"self":[{"href":"https:\/\/elfsight.com\/es\/wp-json\/wp\/v2\/pages\/4342","targetHints":{"allow":["GET"]}}],"collection":[{"href":"https:\/\/elfsight.com\/es\/wp-json\/wp\/v2\/pages"}],"about":[{"href":"https:\/\/elfsight.com\/es\/wp-json\/wp\/v2\/types\/page"}],"author":[{"embeddable":true,"href":"https:\/\/elfsight.com\/es\/wp-json\/wp\/v2\/users\/18"}],"replies":[{"embeddable":true,"href":"https:\/\/elfsight.com\/es\/wp-json\/wp\/v2\/comments?post=4342"}],"version-history":[{"count":2,"href":"https:\/\/elfsight.com\/es\/wp-json\/wp\/v2\/pages\/4342\/revisions"}],"predecessor-version":[{"id":16101,"href":"https:\/\/elfsight.com\/es\/wp-json\/wp\/v2\/pages\/4342\/revisions\/16101"}],"up":[{"embeddable":true,"href":"https:\/\/elfsight.com\/es\/wp-json\/wp\/v2\/pages\/1746"}],"wp:attachment":[{"href":"https:\/\/elfsight.com\/es\/wp-json\/wp\/v2\/media?parent=4342"}],"curies":[{"name":"wp","href":"https:\/\/api.w.org\/{rel}","templated":true}]}}