{"id":4338,"date":"2022-02-11T11:27:31","date_gmt":"2022-02-11T11:27:31","guid":{"rendered":"https:\/\/elfsight.com\/es\/?page_id=4338"},"modified":"2025-02-06T15:21:59","modified_gmt":"2025-02-06T15:21:59","slug":"drupal","status":"publish","type":"page","link":"https:\/\/elfsight.com\/es\/online-form-builder\/drupal\/","title":{"rendered":"Form Builder &#8211; Drupal"},"content":{"rendered":"<div class=\"application-platform-content-item-description application-platform-content-item\" id=\"description\" data-nav-section=\"description\"><h2>Generador de formularios personalizado para Drupal<\/h2><p>Con el m\u00f3dulo Drupal Form, el Creador de Formularios de Elfsight se convierte en una soluci\u00f3n universal para crear diversos tipos de formularios de llenado y mostrarlos en un sitio. Recoge informaci\u00f3n de tus usuarios actuales y potenciales con encuestas pr\u00e1cticas, formularios de retroalimentaci\u00f3n, solicitudes de calificaci\u00f3n y otros. Define la configuraci\u00f3n del formulario, lugar para crear formularios \u00fanicos para recoger comentarios de tus clientes, y Drupal Build Form te permite personalizar el formulario seg\u00fan tus requisitos. No importa qu\u00e9 tipo de datos quieras: opiniones, calificaciones, pedidos o compras, el m\u00f3dulo Elfsight Form y Drupal Build Form te permitir\u00e1n crear el formulario de llenado necesario para esta tarea. Gracias a una estructura ajustable y una variedad de segmentos disponibles, tu formulario ser\u00e1 funcional para tus clientes y eficiente para ti.<\/p><p><b>\u00a1Recoge opiniones, impresiones, sentimientos y evaluaciones de los clientes para mejorar tu negocio!<\/b><\/p><ul><li><b>Crea formularios atractivos para recoger m\u00e1s comentarios<\/b>.<br>Aprovecha cada par\u00e1metro del m\u00f3dulo de Elfsight para construir formularios de llenado eficientes. Elige elementos y define la configuraci\u00f3n para que tus formularios sean estructurados y simples. Usa las caracter\u00edsticas de estilo para dise\u00f1ar una apariencia destacada y recoger m\u00e1s comentarios.<\/li><li><b>Aumenta el n\u00famero de prospectos con formularios f\u00e1ciles de usar<\/b>.<br>No dejes que la audiencia abandone el llenado a medio hacer. Det\u00e9n la p\u00e9rdida de informaci\u00f3n valiosa. Crea formularios con pasos f\u00e1ciles y una estructura simple, que mantendr\u00e1 a la audiencia comprometida hasta el final y aumentar\u00e1 el n\u00famero de prospectos.<\/li><li><b>Ahorra tiempo y dinero con una herramienta multifuncional<\/b>.<br>No necesitas comprar muchas herramientas diferentes para cubrir todos tus requisitos en la creaci\u00f3n de formularios de retroalimentaci\u00f3n para tu sitio. Nuestro Creador de Formularios permite generar el formulario m\u00e1s \u00fatil para recopilar informaci\u00f3n de todo tipo, gracias a sus diversos elementos y composici\u00f3n flexible.<\/li><\/ul><\/div><div class=\"application-platform-content-item-features application-platform-content-item\" id=\"features\" data-nav-section=\"features\"><h2>Caracter\u00edsticas del plugin Creador de Formularios<\/h2><p>\u00bfPor qu\u00e9 nuestro Creador de Formularios es el mejor m\u00f3dulo para obtener rese\u00f1as y reacciones de los clientes en Drupal?<\/p><ul><li>Mostrar el encabezado del formulario con t\u00edtulo y texto;<\/li><li>Cada campo puede ser obligatorio para llenado con el s\u00edmbolo de asterisco (*) para indicarlo;<\/li><li>Elegir la opci\u00f3n despu\u00e9s de enviar el formulario: mensaje de agradecimiento, redirecci\u00f3n a otra p\u00e1gina o ocultar el formulario;<\/li><li>10 \u00edconos integrados para el bot\u00f3n flotante;<\/li><li>Un colorizador inteligente encontrar\u00e1 el color m\u00e1ximo de contraste para el texto y los elementos de la interfaz seg\u00fan el color principal que hayas elegido.<\/li><\/ul><p><a href=\"#demo\">Puedes estudiar todas las ventajas a trav\u00e9s del constructor en vivo<\/a><\/p><\/div><div class=\"application-platform-content-item-installation application-platform-content-item\" id=\"installation\" data-nav-section=\"installation\"><h2>C\u00f3mo agregar el m\u00f3dulo Creador de Formularios al sitio de Drupal<\/h2><p>Sigue los siguientes pasos para comenzar a trabajar con la herramienta en Drupal.<\/p><ol><li><b>Abre nuestro configurador gratuito y comienza a crear tu m\u00f3dulo Creador de Formularios personalizado. <\/b><br>Encuentra el dise\u00f1o y las caracter\u00edsticas personalizadas del widget y aplica los cambios.<\/li><li><b>Obt\u00e9n tu c\u00f3digo \u00fanico expuesto en el cuadro de Elfsight Apps. <\/b><br>Una vez que se haya generado tu m\u00f3dulo, copia el c\u00f3digo personal en el cuadro que aparece y gu\u00e1rdalo para ocasiones futuras.<\/li><li><b>Comienza a usar la herramienta en el sitio de Drupal. <\/b><br>Implementa el c\u00f3digo copiado recientemente en tu sitio web y guarda los ajustes.<\/li><li><b>\u00a1Listo! La integraci\u00f3n se ha completado con \u00e9xito. <\/b><br>Visita tu sitio web para ver el rendimiento de la herramienta.<\/li><\/ol><p>\u00bfNecesitas ayuda con la configuraci\u00f3n o los ajustes del m\u00f3dulo? \u00a1El equipo de soporte de Elfsight estar\u00e1 encantado de ayudar y ofrecer una soluci\u00f3n! Tambi\u00e9n puedes intentar resolver la pregunta t\u00fa mismo usando nuestro plan completo \u00ab<a href=\"https:\/\/elfsight.com\/tutorials\/how-to-add-form-builder-module-to-drupal\/\">C\u00f3mo agregar Formularios en Drupal<\/a>\u00bb.<\/p><\/div><div class=\"faq\" data-component=\"FAQ\"> <div class=\"faq-item\">\r\n\t\t\t\t\t<div class=\"faq-item-question\">\r\n\t\t\t\t\t\t<h3 class=\"faq-item-question-text\">\u00bfSon seguros los formularios de Elfsight?<\/h3>\r\n\r\n\t\t\t\t\t\t<div class=\"faq-item-question-icon\"><\/div>\r\n\t\t\t\t\t<\/div>\r\n\r\n\t\t\t\t\t<div class=\"faq-item-answer\">\r\n\t\t\t\t\t\t<div class=\"faq-item-answer-text\"><p>Nuestro Creador de Formularios est\u00e1 integrado con una de las herramientas de seguridad m\u00e1s efectivas, reCAPTCHA. Se integr\u00f3 para asegurar tu formulario y buz\u00f3n de correo contra el spam y los bots, y proporcionar un trabajo f\u00e1cil y solo datos valiosos.<\/p><\/div>\r\n\t\t\t\t\t<\/div>\r\n\t\t\t\t<\/div> <div class=\"faq-item\">\r\n\t\t\t\t\t<div class=\"faq-item-question\">\r\n\t\t\t\t\t\t<h3 class=\"faq-item-question-text\">\u00bfExisten plantillas que admitan Formularios con L\u00f3gica Condicional \/ Formularios con m\u00faltiples campos \/ Correos electr\u00f3nicos?<\/h3>\r\n\r\n\t\t\t\t\t\t<div class=\"faq-item-question-icon\"><\/div>\r\n\t\t\t\t\t<\/div>\r\n\r\n\t\t\t\t\t<div class=\"faq-item-answer\">\r\n\t\t\t\t\t\t<div class=\"faq-item-answer-text\"><p>\u00a1Por supuesto! Todo lo que tienes que hacer es iniciar sesi\u00f3n en Elfsight Apps y seleccionar cualquier plantilla adecuada, y luego comenzar a crear tu herramienta personalizada.<\/p><\/div>\r\n\t\t\t\t\t<\/div>\r\n\t\t\t\t<\/div> <div class=\"faq-item\">\r\n\t\t\t\t\t<div class=\"faq-item-question\">\r\n\t\t\t\t\t\t<h3 class=\"faq-item-question-text\">\u00bfC\u00f3mo construir un formulario de contacto o retroalimentaci\u00f3n para mi sitio Drupal?<\/h3>\r\n\r\n\t\t\t\t\t\t<div class=\"faq-item-question-icon\"><\/div>\r\n\t\t\t\t\t<\/div>\r\n\r\n\t\t\t\t\t<div class=\"faq-item-answer\">\r\n\t\t\t\t\t\t<div class=\"faq-item-answer-text\"><p>Para construir un formulario de contacto \/ retroalimentaci\u00f3n, debes iniciar sesi\u00f3n en el sitio de Elfsight Apps y hacer todos los ajustes necesarios al widget. Despu\u00e9s, guarda los ajustes y visita tu sitio web. Hecho.<\/p><\/div>\r\n\t\t\t\t\t<\/div>\r\n\t\t\t\t<\/div><div class=\"faq-item\">\r\n\t\t\t\t\t<div class=\"faq-item-question\">\r\n\t\t\t\t\t\t<h3 class=\"faq-item-question-text\">\u00bfTienes plantillas pre-dise\u00f1adas de Creador de Formularios para el sitio de Drupal?<\/h3>\r\n\r\n\t\t\t\t\t\t<div class=\"faq-item-question-icon\"><\/div>\r\n\t\t\t\t\t<\/div>\r\n\r\n\t\t\t\t\t<div class=\"faq-item-answer\">\r\n\t\t\t\t\t\t<div class=\"faq-item-answer-text\"><p>S\u00ed. Nuestro equipo trabaj\u00f3 arduamente para hacer una colecci\u00f3n masiva de m\u00e1s de 300 plantillas, como <a href=\"https:\/\/elfsight.com\/online-form-builder\/templates\/application-forms\/\">Formularios de Solicitud<\/a>, <a href=\"https:\/\/elfsight.com\/online-form-builder\/templates\/booking-forms\/\">Formularios de Reserva<\/a>, <a href=\"https:\/\/elfsight.com\/online-form-builder\/templates\/order-forms\/\">Formularios de Pedido<\/a>, <a href=\"https:\/\/elfsight.com\/online-form-builder\/templates\/product-forms\/\">Formularios de Producto<\/a>, <a href=\"https:\/\/elfsight.com\/online-form-builder\/templates\/questionnaires\/\">Cuestionarios<\/a>, <a href=\"https:\/\/elfsight.com\/online-form-builder\/templates\/quizzes\/\">Pruebas<\/a>, <a href=\"https:\/\/elfsight.com\/online-form-builder\/templates\/surveys\/\">Encuestas<\/a>, <a href=\"https:\/\/elfsight.com\/online-form-builder\/templates\/file-upload-forms\/\">Formularios de Subida de Archivos<\/a>, y muchos m\u00e1s. As\u00ed que no ser\u00e1 dif\u00edcil encontrar la plantilla adecuada con las <a href=\"https:\/\/elfsight.com\/online-form-builder\/templates\/\">plantillas del Creador de Formularios<\/a>.<\/p><\/div>\r\n\t\t\t\t\t<\/div>\r\n\t\t\t\t<\/div> <\/div><!-- \/wp:html -->","protected":false},"excerpt":{"rendered":"","protected":false},"author":18,"featured_media":0,"parent":1746,"menu_order":0,"comment_status":"closed","ping_status":"closed","template":"templates\/template-application-platform.php","meta":{"publish_to_discourse":"","publish_post_category":"","wpdc_auto_publish_overridden":"","wpdc_topic_tags":"","wpdc_pin_topic":"","wpdc_pin_until":"","discourse_post_id":"","discourse_permalink":"","wpdc_publishing_response":"","wpdc_publishing_error":"","footnotes":""},"class_list":["post-4338","page","type-page","status-publish","hentry"],"yoast_head":"<!-- This site is optimized with the Yoast SEO plugin v25.3.1 - https:\/\/yoast.com\/wordpress\/plugins\/seo\/ -->\n<title>Constructor de formularios - Incrustar module de Generador de formularios al Drupal<\/title>\n<meta name=\"description\" content=\"A\u00f1ade un widget interactivo de Constructor de formularios en su p\u00e1gina web de Drupal. Aplique la demo de Elfsight intuitiva y construe su module propio.\" \/>\n<meta name=\"robots\" content=\"index, follow, max-snippet:-1, max-image-preview:large, max-video-preview:-1\" \/>\n<link rel=\"canonical\" href=\"https:\/\/elfsight.com\/es\/online-form-builder\/drupal\/\" \/>\n<meta property=\"og:locale\" content=\"es_ES\" \/>\n<meta property=\"og:type\" content=\"article\" \/>\n<meta property=\"og:title\" content=\"Constructor de formularios - Incrustar module de Generador de formularios al Drupal\" \/>\n<meta property=\"og:description\" content=\"A\u00f1ade un widget interactivo de Constructor de formularios en su p\u00e1gina web de Drupal. Aplique la demo de Elfsight intuitiva y construe su module propio.\" \/>\n<meta property=\"og:url\" content=\"https:\/\/elfsight.com\/es\/online-form-builder\/drupal\/\" \/>\n<meta property=\"og:site_name\" content=\"Elfsight ES\" \/>\n<meta property=\"article:modified_time\" content=\"2025-02-06T15:21:59+00:00\" \/>\n<meta name=\"twitter:card\" content=\"summary_large_image\" \/>\n<meta name=\"twitter:label1\" content=\"Tiempo de lectura\" \/>\n\t<meta name=\"twitter:data1\" content=\"2 minutos\" \/>\n<!-- \/ Yoast SEO plugin. -->","yoast_head_json":{"title":"Constructor de formularios - Incrustar module de Generador de formularios al Drupal","description":"A\u00f1ade un widget interactivo de Constructor de formularios en su p\u00e1gina web de Drupal. Aplique la demo de Elfsight intuitiva y construe su module propio.","robots":{"index":"index","follow":"follow","max-snippet":"max-snippet:-1","max-image-preview":"max-image-preview:large","max-video-preview":"max-video-preview:-1"},"canonical":"https:\/\/elfsight.com\/es\/online-form-builder\/drupal\/","og_locale":"es_ES","og_type":"article","og_title":"Constructor de formularios - Incrustar module de Generador de formularios al Drupal","og_description":"A\u00f1ade un widget interactivo de Constructor de formularios en su p\u00e1gina web de Drupal. Aplique la demo de Elfsight intuitiva y construe su module propio.","og_url":"https:\/\/elfsight.com\/es\/online-form-builder\/drupal\/","og_site_name":"Elfsight ES","article_modified_time":"2025-02-06T15:21:59+00:00","twitter_card":"summary_large_image","twitter_misc":{"Tiempo de lectura":"2 minutos"},"schema":{"@context":"https:\/\/schema.org","@graph":[{"@type":"WebPage","@id":"https:\/\/elfsight.com\/es\/online-form-builder\/drupal\/","url":"https:\/\/elfsight.com\/es\/online-form-builder\/drupal\/","name":"Constructor de formularios - Incrustar module de Generador de formularios al Drupal","isPartOf":{"@id":"https:\/\/elfsight.com\/es\/#website"},"datePublished":"2022-02-11T11:27:31+00:00","dateModified":"2025-02-06T15:21:59+00:00","description":"A\u00f1ade un widget interactivo de Constructor de formularios en su p\u00e1gina web de Drupal. Aplique la demo de Elfsight intuitiva y construe su module propio.","breadcrumb":{"@id":"https:\/\/elfsight.com\/es\/online-form-builder\/drupal\/#breadcrumb"},"inLanguage":"es","potentialAction":[{"@type":"ReadAction","target":["https:\/\/elfsight.com\/es\/online-form-builder\/drupal\/"]}]},{"@type":"BreadcrumbList","@id":"https:\/\/elfsight.com\/es\/online-form-builder\/drupal\/#breadcrumb","itemListElement":[{"@type":"ListItem","position":1,"name":"Home","item":"https:\/\/elfsight.com\/es\/"},{"@type":"ListItem","position":2,"name":"Form Builder","item":"https:\/\/elfsight.com\/es\/online-form-builder\/"},{"@type":"ListItem","position":3,"name":"Form Builder &#8211; Drupal"}]},{"@type":"WebSite","@id":"https:\/\/elfsight.com\/es\/#website","url":"https:\/\/elfsight.com\/es\/","name":"Elfsight ES","description":"Just another Elfsight Sites site","potentialAction":[{"@type":"SearchAction","target":{"@type":"EntryPoint","urlTemplate":"https:\/\/elfsight.com\/es\/?s={search_term_string}"},"query-input":{"@type":"PropertyValueSpecification","valueRequired":true,"valueName":"search_term_string"}}],"inLanguage":"es"}]}},"meta_box":{"industry":"","seo_heading":"","heading":"","description":"","cta_heading":"","cta_description":"","application":"1745","h1":"m\u00f3dulo de Constructor de formularios para Drupal","h1_caption":"Cree formas cl\u00e1sicos y multinivel y config\u00farelos a su p\u00e1gina","application_category":[],"applications_title":"","applications_request_title":"","applications_request_button_text":"","hero_text":"","hero_video":"","hero_video_schema_markup":"","selling_points_title":"","selling_points_caption":"","selling_points":[],"selling_points_cta_text":"","features_title":"","features":"","ed_cta_examples_text":"","ed_cta_examples_hidden":"","ed_cta_demo_text":"","ed_cta_demo_hidden":"","why_caption":"","why_editor_title":"","why_editor_text":"","why_team_title":"","why_team_text":"","why_service_title":"","why_service_text":"","template_catalog_visible":"","template_catalog_title":"","template_catalog_text":"","template_catalog_categories_visible":"","demo_title":"Crea tu m\u00f3dulo Creador de formularios","demo_caption":"\u00a1Configure su Creador de formularios y agr\u00e9guelo a su sitio web Drupal de forma gratuita!","default_faq_hidden":"","app_template_category":[],"platform":"2161","template_public_id":"","codecanyon_url":"","codecanyon_item_id":"","codecanyon_price":"","pricing_caption":"","pricing_elfsight_apps_hide_column":"","pricing_elfsight_apps_url":"","pricing_codecanyon_price_caption":"","integration_category":[],"integration_request_title":"","integration_request_cta":"","integration_platform":"","integrations":[],"platform_category":[],"video_schema_markup":"","price":"desde $0 por mes","trial":"","benefits":[{"text":"Instalaci\u00f3n gratuita"},{"text":"Soporte Premium"},{"text":"14 d\u00edas garant\u00eda de reembolso"},{"text":"Actualizaciones regulares"}],"button_url":"#demo","button_target_blank":"0","button_nofollow":"0","attributes":[{"name":"Responsivo","content":"Si","_state":"expanded"},{"name":"Navegadores compatibles","content":"Firefox, Safari, Opera, Chrome, Edge","_state":"expanded"}],"tags":[],"tags_disable_links":"0","hide_more_platforms":"","video_object":"","demo_hide_cta":"0","demo_hide_cloud_options":"0","pricing_title":"","pricing":[{"pricing_icon":"platform","pricing_title":" Elfsight Apps","pricing_title_caption":"Soluci\u00f3n multiplataforma - valido para cualquier p\u00e1gina web","pricing_price":"desde $0 por mes","pricing_price_caption":"empezar con un plan gratuito","pricing_benefits":[{"text":"Sitios web ilimitados"},{"text":"Atenci\u00f3n al cliente gratuita y r\u00e1pida"},{"text":"Servicio de instalaci\u00f3n gratuito"},{"text":"Totalmente personalizable"}],"pricing_button_text":"Agregar al sitio web","pricing_button_url":"#demo","_state":"expanded"}],"related_apps_title":"","related_apps_hidden":"1","author":"","image":[],"title":"","job":"","social_networks":[]},"_links":{"self":[{"href":"https:\/\/elfsight.com\/es\/wp-json\/wp\/v2\/pages\/4338","targetHints":{"allow":["GET"]}}],"collection":[{"href":"https:\/\/elfsight.com\/es\/wp-json\/wp\/v2\/pages"}],"about":[{"href":"https:\/\/elfsight.com\/es\/wp-json\/wp\/v2\/types\/page"}],"author":[{"embeddable":true,"href":"https:\/\/elfsight.com\/es\/wp-json\/wp\/v2\/users\/18"}],"replies":[{"embeddable":true,"href":"https:\/\/elfsight.com\/es\/wp-json\/wp\/v2\/comments?post=4338"}],"version-history":[{"count":3,"href":"https:\/\/elfsight.com\/es\/wp-json\/wp\/v2\/pages\/4338\/revisions"}],"predecessor-version":[{"id":18175,"href":"https:\/\/elfsight.com\/es\/wp-json\/wp\/v2\/pages\/4338\/revisions\/18175"}],"up":[{"embeddable":true,"href":"https:\/\/elfsight.com\/es\/wp-json\/wp\/v2\/pages\/1746"}],"wp:attachment":[{"href":"https:\/\/elfsight.com\/es\/wp-json\/wp\/v2\/media?parent=4338"}],"curies":[{"name":"wp","href":"https:\/\/api.w.org\/{rel}","templated":true}]}}