{"id":4335,"date":"2022-02-11T11:27:45","date_gmt":"2022-02-11T11:27:45","guid":{"rendered":"https:\/\/elfsight.com\/es\/?page_id=4335"},"modified":"2025-02-06T15:21:59","modified_gmt":"2025-02-06T15:21:59","slug":"blogger","status":"publish","type":"page","link":"https:\/\/elfsight.com\/es\/online-form-builder\/blogger\/","title":{"rendered":"Form Builder &#8211; Blogger"},"content":{"rendered":"<div class=\"application-platform-content-item-description application-platform-content-item\" id=\"description\" data-nav-section=\"description\"><h2>Creador de formularios personalizado para Blogger<\/h2><p>El Generador de Formularios de Contacto para Blogger es una herramienta multifuncional que permite crear todo tipo de formularios de llenado necesarios e incrustarlos en cualquier recurso web. Obt\u00e9n m\u00e1s detalles de tu audiencia actual y potencial mediante encuestas f\u00e1ciles, formularios de retroalimentaci\u00f3n, solicitudes de calificaci\u00f3n y otros. Configura el patr\u00f3n del formulario, elige crear formularios personalizados para obtener m\u00e1s informaci\u00f3n de la audiencia. Cualquier tipo de informaci\u00f3n que necesites: impresiones, puntuaciones, reservas o ventas, nuestro Creador de Formularios proporcionar\u00e1 todo lo necesario para crear un formulario adecuado para esta tarea. Con una estructura flexible y diversos elementos predefinidos, tu formulario ser\u00e1 f\u00e1cil de manejar para tus clientes y pr\u00e1ctico para ti.<\/p><p><b>\u00a1Recoge las ideas de tus clientes, trabaja con las reservas y consultas de los usuarios de tu sitio!<\/b><\/p><ul><li><b>Crea formularios atractivos para recoger m\u00e1s comentarios<\/b>.<br>Tienes una amplia colecci\u00f3n de elementos disponibles que permiten crear formularios interesantes y funcionales. Una variedad de opciones de personalizaci\u00f3n de estilo de nuestro widget te ayudar\u00e1 a hacerlo brillante y atraer a m\u00e1s clientes para que lo completen.<\/li><li><b>Aumenta el n\u00famero de prospectos con formularios f\u00e1ciles de usar<\/b>.<br>El widget de Elfsight Creador de Formularios te permite crear formularios pr\u00e1cticos y f\u00e1ciles de usar para tus clientes. Estos permiten establecer una comunicaci\u00f3n efectiva y agradable y mantener a la audiencia comprometida durante todo el proceso de llenado para completarlo con \u00e9xito.<\/li><li><b>Ahorra tiempo y dinero con una herramienta multifuncional<\/b>.<br>Esta \u00fanica herramienta permite crear formularios de diversos tipos con diferentes conjuntos de elementos y estructuras. Esto te ayudar\u00e1 a configurar formularios para recibir comentarios de diferentes tipos sin gastar m\u00e1s dinero y tiempo.<\/li><\/ul><\/div><div class=\"application-platform-content-item-features application-platform-content-item\" id=\"features\" data-nav-section=\"features\"><h2>Caracter\u00edsticas del plugin Creador de Formularios<\/h2><p>\u00bfPor qu\u00e9 el Creador de Formularios Online de Elfsight se ha convertido en el mejor plugin para obtener comentarios de clientes y trabajar con pedidos en Blogger?<\/p><ul><li>Los formularios paso a paso tienen una barra de progreso con el n\u00famero total de pasos y el nombre del paso actual;<\/li><li>Opci\u00f3n de dividir los campos en varias columnas;<\/li><li>Asigna cualquier direcci\u00f3n de correo electr\u00f3nico y los resultados del llenado del formulario se enviar\u00e1n autom\u00e1ticamente all\u00ed;<\/li><li>Configura cualquier URL a la que el usuario ser\u00e1 redirigido despu\u00e9s de completar el formulario;<\/li><li>Un colorizador inteligente encontrar\u00e1 el color m\u00e1ximo de contraste para el texto y los elementos de la interfaz seg\u00fan el color principal que hayas elegido.<\/li><\/ul><p><a href=\"#demo\">Prueba la lista completa de ventajas en nuestro configurador<\/a><\/p><\/div><div class=\"application-platform-content-item-installation application-platform-content-item\" id=\"installation\" data-nav-section=\"installation\"><h2>C\u00f3mo agregar el widget Creador de Formularios al sitio de Blogger<\/h2><div class=\"video-container\"><iframe width=\"720\" height=\"405\" src=\"https:\/\/www.youtube.com\/embed\/Acsdx32D1-o\" frameborder=\"0\" allowfullscreen=\"\"><\/iframe><\/div><p>La duraci\u00f3n total del proceso es de aproximadamente 70 segundos y un buen bono es que no requiere experiencia en desarrollo web.<\/p><ol><li><b>Crea tu Formulario Personalizado<\/b>.<br>Con la ayuda de nuestro configurador gratuito, crea un plugin con el aspecto y las capacidades necesarias.<\/li><li><b>Obt\u00e9n el c\u00f3digo para mostrar el plugin<\/b>.<br>Despu\u00e9s de crear el widget, obt\u00e9n el c\u00f3digo del plugin de Formulario desde la notificaci\u00f3n emergente en Elfsight Apps.<\/li><li><b>Revela el plugin en tu sitio de Blogger<\/b>.<br>Agrega el plugin en el lugar necesario de la p\u00e1gina y aplica los cambios.<\/li><li><b>\u00a1Listo!<\/b>.<br>Ve a tu sitio de Blogger para ver tu trabajo.<\/li><\/ol><p>\u00bfTuviste dificultades al configurar o cambiar los par\u00e1metros del widget? Puedes leer una gu\u00eda completa \u00ab<a href=\"https:\/\/elfsight.com\/tutorials\/how-to-add-form-builder-to-blogger\/\">C\u00f3mo incrustar Formularios en Blogger<\/a>\u00bb y probarlo nuevamente. O contacta al soporte al cliente de Elfsight con una descripci\u00f3n completa del problema. Estamos aqu\u00ed para ayudar.<\/p><div class=\"faq\" data-component=\"FAQ\"> <div class=\"faq-item\">\r\n\t\t\t\t\t<div class=\"faq-item-question\">\r\n\t\t\t\t\t\t<h3 class=\"faq-item-question-text\">\u00bfC\u00f3mo agregar el Creador de Formularios a mi sitio de Blogger sin habilidades de programaci\u00f3n?<\/h3>\r\n\r\n\t\t\t\t\t\t<div class=\"faq-item-question-icon\"><\/div>\r\n\t\t\t\t\t<\/div>\r\n\r\n\t\t\t\t\t<div class=\"faq-item-answer\">\r\n\t\t\t\t\t\t<div class=\"faq-item-answer-text\"> <p>Elfsight ofrece una soluci\u00f3n SaaS que te permite crear el widget Creador de Formularios por ti mismo. Mira lo f\u00e1cil que es el proceso: trabaja directamente en el Editor en l\u00ednea para crear el widget Creador de Formularios que deseas ver en tu sitio de Blogger. Elige una de las plantillas predefinidas y ajusta la configuraci\u00f3n del Creador de Formularios, agrega tu contenido, cambia el dise\u00f1o y el esquema de colores sin necesidad de habilidades de programaci\u00f3n. Guarda el Creador de Formularios y copia su c\u00f3digo de instalaci\u00f3n, que puedes incluir f\u00e1cilmente en tu sitio de Blogger sin comprar una versi\u00f3n de pago. Con nuestro Editor intuitivo, cualquier usuario de Internet puede crear el widget Creador de Formularios en l\u00ednea y agregarlo f\u00e1cilmente a su sitio de Blogger. No es necesario pagar ni ingresar los datos de tu tarjeta para acceder al servicio. Si tienes alg\u00fan problema en cualquier paso, no dudes en contactar con nuestro equipo de soporte t\u00e9cnico.<\/p> <\/div>\r\n\t\t\t\t\t<\/div>\r\n\t\t\t\t<\/div><div class=\"faq-item\">\r\n\t\t\t\t\t<div class=\"faq-item-question\">\r\n\t\t\t\t\t\t<h3 class=\"faq-item-question-text\">\u00bfHay plantillas personalizadas de Creador de Formularios para el sitio de Blogger?<\/h3>\r\n\r\n\t\t\t\t\t\t<div class=\"faq-item-question-icon\"><\/div>\r\n\t\t\t\t\t<\/div>\r\n\r\n\t\t\t\t\t<div class=\"faq-item-answer\">\r\n\t\t\t\t\t\t<div class=\"faq-item-answer-text\"><p>S\u00ed. Elfsight ha preparado una gran selecci\u00f3n de m\u00e1s de 300 <a href=\"https:\/\/elfsight.com\/online-form-builder\/templates\/\">plantillas de Creador de Formularios<\/a> con elementos y caracter\u00edsticas personalizables. Puedes encontrar una plantilla de formulario para cualquier ocasi\u00f3n, por ejemplo, <a href=\"https:\/\/elfsight.com\/online-form-builder\/templates\/application-forms\/\">Formularios de Solicitud<\/a>, <a href=\"https:\/\/elfsight.com\/online-form-builder\/templates\/booking-forms\/\">Formularios de Reserva<\/a>, <a href=\"https:\/\/elfsight.com\/online-form-builder\/templates\/order-forms\/\">Formularios de Pedido<\/a>, <a href=\"https:\/\/elfsight.com\/online-form-builder\/templates\/product-forms\/\">Formularios de Producto<\/a>, <a href=\"https:\/\/elfsight.com\/online-form-builder\/templates\/questionnaires\/\">Cuestionarios<\/a>, <a href=\"https:\/\/elfsight.com\/online-form-builder\/templates\/quizzes\/\">Pruebas<\/a>, <a href=\"https:\/\/elfsight.com\/online-form-builder\/templates\/surveys\/\">Encuestas<\/a>, <a href=\"https:\/\/elfsight.com\/online-form-builder\/templates\/file-upload-forms\/\">Formularios de Subida de Archivos<\/a>, y muchos m\u00e1s.<\/p><\/div>\r\n\t\t\t\t\t<\/div>\r\n\t\t\t\t<\/div> <\/div> <\/div>","protected":false},"excerpt":{"rendered":"","protected":false},"author":18,"featured_media":0,"parent":1746,"menu_order":0,"comment_status":"closed","ping_status":"closed","template":"templates\/template-application-platform.php","meta":{"publish_to_discourse":"","publish_post_category":"","wpdc_auto_publish_overridden":"","wpdc_topic_tags":"","wpdc_pin_topic":"","wpdc_pin_until":"","discourse_post_id":"","discourse_permalink":"","wpdc_publishing_response":"","wpdc_publishing_error":"","footnotes":""},"class_list":["post-4335","page","type-page","status-publish","hentry"],"yoast_head":"<!-- This site is optimized with the Yoast SEO plugin v25.3.1 - https:\/\/yoast.com\/wordpress\/plugins\/seo\/ -->\n<title>Constructor de formularios - Incorporar widget de Generador de formularios al Blogger<\/title>\n<meta name=\"description\" content=\"Incrusta un plugin interactivo de Constructor de formularios en su sitio web de Blogger. Pruebe la demo de Elfsight f\u00e1cil de usar y genere su widget propio.\" \/>\n<meta name=\"robots\" content=\"index, follow, max-snippet:-1, max-image-preview:large, max-video-preview:-1\" \/>\n<link rel=\"canonical\" href=\"https:\/\/elfsight.com\/es\/online-form-builder\/blogger\/\" \/>\n<meta property=\"og:locale\" content=\"es_ES\" \/>\n<meta property=\"og:type\" content=\"article\" \/>\n<meta property=\"og:title\" content=\"Constructor de formularios - Incorporar widget de Generador de formularios al Blogger\" \/>\n<meta property=\"og:description\" content=\"Incrusta un plugin interactivo de Constructor de formularios en su sitio web de Blogger. Pruebe la demo de Elfsight f\u00e1cil de usar y genere su widget propio.\" \/>\n<meta property=\"og:url\" content=\"https:\/\/elfsight.com\/es\/online-form-builder\/blogger\/\" \/>\n<meta property=\"og:site_name\" content=\"Elfsight ES\" \/>\n<meta property=\"article:modified_time\" content=\"2025-02-06T15:21:59+00:00\" \/>\n<meta name=\"twitter:card\" content=\"summary_large_image\" \/>\n<meta name=\"twitter:label1\" content=\"Tiempo de lectura\" \/>\n\t<meta name=\"twitter:data1\" content=\"2 minutos\" \/>\n<!-- \/ Yoast SEO plugin. -->","yoast_head_json":{"title":"Constructor de formularios - Incorporar widget de Generador de formularios al Blogger","description":"Incrusta un plugin interactivo de Constructor de formularios en su sitio web de Blogger. Pruebe la demo de Elfsight f\u00e1cil de usar y genere su widget propio.","robots":{"index":"index","follow":"follow","max-snippet":"max-snippet:-1","max-image-preview":"max-image-preview:large","max-video-preview":"max-video-preview:-1"},"canonical":"https:\/\/elfsight.com\/es\/online-form-builder\/blogger\/","og_locale":"es_ES","og_type":"article","og_title":"Constructor de formularios - Incorporar widget de Generador de formularios al Blogger","og_description":"Incrusta un plugin interactivo de Constructor de formularios en su sitio web de Blogger. Pruebe la demo de Elfsight f\u00e1cil de usar y genere su widget propio.","og_url":"https:\/\/elfsight.com\/es\/online-form-builder\/blogger\/","og_site_name":"Elfsight ES","article_modified_time":"2025-02-06T15:21:59+00:00","twitter_card":"summary_large_image","twitter_misc":{"Tiempo de lectura":"2 minutos"},"schema":{"@context":"https:\/\/schema.org","@graph":[{"@type":"WebPage","@id":"https:\/\/elfsight.com\/es\/online-form-builder\/blogger\/","url":"https:\/\/elfsight.com\/es\/online-form-builder\/blogger\/","name":"Constructor de formularios - Incorporar widget de Generador de formularios al Blogger","isPartOf":{"@id":"https:\/\/elfsight.com\/es\/#website"},"datePublished":"2022-02-11T11:27:45+00:00","dateModified":"2025-02-06T15:21:59+00:00","description":"Incrusta un plugin interactivo de Constructor de formularios en su sitio web de Blogger. Pruebe la demo de Elfsight f\u00e1cil de usar y genere su widget propio.","breadcrumb":{"@id":"https:\/\/elfsight.com\/es\/online-form-builder\/blogger\/#breadcrumb"},"inLanguage":"es","potentialAction":[{"@type":"ReadAction","target":["https:\/\/elfsight.com\/es\/online-form-builder\/blogger\/"]}]},{"@type":"BreadcrumbList","@id":"https:\/\/elfsight.com\/es\/online-form-builder\/blogger\/#breadcrumb","itemListElement":[{"@type":"ListItem","position":1,"name":"Home","item":"https:\/\/elfsight.com\/es\/"},{"@type":"ListItem","position":2,"name":"Form Builder","item":"https:\/\/elfsight.com\/es\/online-form-builder\/"},{"@type":"ListItem","position":3,"name":"Form Builder &#8211; Blogger"}]},{"@type":"WebSite","@id":"https:\/\/elfsight.com\/es\/#website","url":"https:\/\/elfsight.com\/es\/","name":"Elfsight ES","description":"Just another Elfsight Sites site","potentialAction":[{"@type":"SearchAction","target":{"@type":"EntryPoint","urlTemplate":"https:\/\/elfsight.com\/es\/?s={search_term_string}"},"query-input":{"@type":"PropertyValueSpecification","valueRequired":true,"valueName":"search_term_string"}}],"inLanguage":"es"}]}},"meta_box":{"industry":"","seo_heading":"","heading":"","description":"","cta_heading":"","cta_description":"","application":"1745","h1":"widget de Constructor de formularios para Blogger","h1_caption":"Construye formas cl\u00e1sicos y multinivel y config\u00farelos a su sitio web","application_category":[],"applications_title":"","applications_request_title":"","applications_request_button_text":"","hero_text":"","hero_video":"","hero_video_schema_markup":"","selling_points_title":"","selling_points_caption":"","selling_points":[],"selling_points_cta_text":"","features_title":"","features":"","ed_cta_examples_text":"","ed_cta_examples_hidden":"","ed_cta_demo_text":"","ed_cta_demo_hidden":"","why_caption":"","why_editor_title":"","why_editor_text":"","why_team_title":"","why_team_text":"","why_service_title":"","why_service_text":"","template_catalog_visible":"","template_catalog_title":"","template_catalog_text":"","template_catalog_categories_visible":"","demo_title":"Crea tu widget de Creador de formularios","demo_caption":"\u00a1Configure su Creador de formularios y agr\u00e9guelo a su sitio web de Blogger de forma gratuita!","default_faq_hidden":"","app_template_category":[],"platform":"39","template_public_id":"","codecanyon_url":"","codecanyon_item_id":"","codecanyon_price":"","pricing_caption":"","pricing_elfsight_apps_hide_column":"","pricing_elfsight_apps_url":"","pricing_codecanyon_price_caption":"","integration_category":[],"integration_request_title":"","integration_request_cta":"","integration_platform":"","integrations":[],"platform_category":[],"video_schema_markup":"","price":"desde $0 por mes","trial":"","benefits":[{"text":"Instalaci\u00f3n gratuita"},{"text":"Soporte Premium"},{"text":"14 d\u00edas garant\u00eda de reembolso"},{"text":"Actualizaciones regulares"}],"button_url":"#demo","button_target_blank":"0","button_nofollow":"0","attributes":[{"name":"Responsivo","content":"Si","_state":"expanded"},{"name":"Navegadores compatibles","content":"Firefox, Safari, Opera, Chrome, Edge","_state":"expanded"}],"tags":[],"tags_disable_links":"0","hide_more_platforms":"","video_object":"","demo_hide_cta":"0","demo_hide_cloud_options":"0","pricing_title":"","pricing":[{"pricing_icon":"platform","pricing_title":" Elfsight Apps","pricing_title_caption":"Soluci\u00f3n multiplataforma - valido para cualquier p\u00e1gina web","pricing_price":"desde $0 por mes","pricing_price_caption":"empezar con un plan gratuito","pricing_benefits":[{"text":"Sitios web ilimitados"},{"text":"Atenci\u00f3n al cliente gratuita y r\u00e1pida"},{"text":"Servicio de instalaci\u00f3n gratuito"},{"text":"Totalmente personalizable"}],"pricing_button_text":"Agregar al sitio web","pricing_button_url":"#demo","_state":"expanded"}],"related_apps_title":"","related_apps_hidden":"1","author":"","image":[],"title":"","job":"","social_networks":[]},"_links":{"self":[{"href":"https:\/\/elfsight.com\/es\/wp-json\/wp\/v2\/pages\/4335","targetHints":{"allow":["GET"]}}],"collection":[{"href":"https:\/\/elfsight.com\/es\/wp-json\/wp\/v2\/pages"}],"about":[{"href":"https:\/\/elfsight.com\/es\/wp-json\/wp\/v2\/types\/page"}],"author":[{"embeddable":true,"href":"https:\/\/elfsight.com\/es\/wp-json\/wp\/v2\/users\/18"}],"replies":[{"embeddable":true,"href":"https:\/\/elfsight.com\/es\/wp-json\/wp\/v2\/comments?post=4335"}],"version-history":[{"count":3,"href":"https:\/\/elfsight.com\/es\/wp-json\/wp\/v2\/pages\/4335\/revisions"}],"predecessor-version":[{"id":18173,"href":"https:\/\/elfsight.com\/es\/wp-json\/wp\/v2\/pages\/4335\/revisions\/18173"}],"up":[{"embeddable":true,"href":"https:\/\/elfsight.com\/es\/wp-json\/wp\/v2\/pages\/1746"}],"wp:attachment":[{"href":"https:\/\/elfsight.com\/es\/wp-json\/wp\/v2\/media?parent=4335"}],"curies":[{"name":"wp","href":"https:\/\/api.w.org\/{rel}","templated":true}]}}