{"id":4333,"date":"2022-02-11T11:29:30","date_gmt":"2022-02-11T11:29:30","guid":{"rendered":"https:\/\/elfsight.com\/es\/?page_id=4333"},"modified":"2025-02-06T15:21:51","modified_gmt":"2025-02-06T15:21:51","slug":"bigcommerce","status":"publish","type":"page","link":"https:\/\/elfsight.com\/es\/online-form-builder\/bigcommerce\/","title":{"rendered":"Form Builder &#8211; BigCommerce"},"content":{"rendered":"<div class=\"application-platform-content-item-description application-platform-content-item\" id=\"description\" data-nav-section=\"description\"><h2>Creador de formularios personalizado para BigCommerce<\/h2><p>Nuestra aplicaci\u00f3n unificada, que incluye el creador de formularios de BigCommerce, est\u00e1 dise\u00f1ada para crear cualquier tipo de formularios de llenado y mostrarlos en un sitio web. Obt\u00e9n informaci\u00f3n \u00fatil de tus clientes actuales y futuros a trav\u00e9s de encuestas manejables, formularios de retroalimentaci\u00f3n, solicitudes de calificaci\u00f3n y m\u00e1s tipos. El control sobre la estructura del formulario brinda la oportunidad de configurar formularios atractivos para recopilar informaci\u00f3n de los clientes. Cualquier tipo de datos que desees obtener: ideas, evaluaciones, pedidos y compras, Form Builder de Elfsight te dar\u00e1 todo lo necesario para crear el formulario de llenado adecuado. Gracias a su patr\u00f3n responsivo y componentes predefinidos diversos, tu formulario ser\u00e1 conveniente para tu p\u00fablico y efectivo para ti.<\/p><p><b>\u00a1Obt\u00e9n evaluaciones, ideas, emociones y puntajes de los usuarios para hacer crecer tu negocio!<\/b><\/p><ul><li><b>Crea formularios atractivos para obtener m\u00e1s retroalimentaci\u00f3n<\/b>.<br>Tienes una gran variedad de elementos a tu disposici\u00f3n que te permiten hacer formularios atractivos y pr\u00e1cticos. Los diversos ajustes de estilo de la aplicaci\u00f3n de Elfsight te permitir\u00e1n hacerlo atractivo y atraer m\u00e1s clientes para completar los formularios.<\/li><li><b>Aumenta la cantidad de prospectos con formularios manejables<\/b>.<br>La aplicaci\u00f3n de Elfsight Form Builder te permite generar formularios convenientes y f\u00e1ciles de usar para tu audiencia. Te permitir\u00e1 establecer una comunicaci\u00f3n eficiente y equilibrada, y mantener a los clientes ocupados durante todo el proceso de llenado hasta que se termine con \u00e9xito.<\/li><li><b>Ahorra tiempo y dinero con una herramienta multifuncional<\/b>.<br>No necesitas comprar muchas aplicaciones para cubrir todas tus necesidades en la construcci\u00f3n de formularios de retroalimentaci\u00f3n para tu sitio. Nuestro Form Builder te ayudar\u00e1 a crear el formulario adecuado para solicitar todo tipo de retroalimentaci\u00f3n, gracias a sus segmentos multifuncionales y estructura responsiva.<\/li><\/ul><\/div><div class=\"application-platform-content-item-features application-platform-content-item\" id=\"features\" data-nav-section=\"features\"><h2>Caracter\u00edsticas del plugin Form Builder<\/h2><p>Estas son las razones por las que nuestro Form Builder est\u00e1 entre los mejores plugins para retroalimentaci\u00f3n en BigCommerce<\/p><ul><li>Cada elemento del formulario tiene una etiqueta editable que se muestra encima del campo;<\/li><li>Texto editable en el bot\u00f3n de env\u00edo;<\/li><li>Textos editables del mensaje de agradecimiento y el bot\u00f3n para llenar el formulario nuevamente;<\/li><li>Opci\u00f3n de guardar el progreso del llenado;<\/li><li>5 estilos predefinidos para los campos del formulario.<\/li><\/ul><p><a href=\"#demo\">Estudia las principales caracter\u00edsticas en nuestro configurador<\/a><\/p><\/div><div class=\"application-platform-content-item-installation application-platform-content-item\" id=\"installation\" data-nav-section=\"installation\"><h2>C\u00f3mo agregar la aplicaci\u00f3n Form Builder al sitio web de BigCommerce<\/h2><div class=\"video-container\"><iframe width=\"720\" height=\"405\" src=\"https:\/\/www.youtube.com\/embed\/EQLmaJzVRk0\" frameborder=\"0\" allowfullscreen=\"\"><\/iframe><\/div><p>Sigue un par de pasos presentados a continuaci\u00f3n para integrar la aplicaci\u00f3n en BigCommerce.<\/p><ol><li><b>Usa nuestra demostraci\u00f3n gratuita y comienza a crear tu widget personalizado.<\/b><br>Elige el dise\u00f1o y par\u00e1metros preferidos de la aplicaci\u00f3n y aplica las ediciones.<\/li><li><b>Copia tu c\u00f3digo individual que aparece en el formulario especial de Elfsight Apps.<\/b><br>Despu\u00e9s de personalizar tu widget, copia el c\u00f3digo exclusivo que aparece en el popup y gu\u00e1rdalo para usarlo m\u00e1s tarde.<\/li><li><b>Comienza a usar la aplicaci\u00f3n Form Builder en el sitio de BigCommerce.<\/b><br>Integra el c\u00f3digo guardado en tu sitio y guarda los cambios.<\/li><li><b>\u00a1Listo! La integraci\u00f3n ha terminado exitosamente.<\/b><br>Ve a tu sitio para ver c\u00f3mo funciona la herramienta.<\/li><\/ol><p>\u00bfTuviste alguna dificultad al seguir la gu\u00eda o configurar tu aplicaci\u00f3n? Necesitas revisar las instrucciones completas \u00ab<a href=\"https:\/\/elfsight.com\/tutorials\/how-to-add-form-builder-app-to-bigcommerce\/\">C\u00f3mo mostrar formularios en BigCommerce<\/a>\u00bb e intentar integrarlo nuevamente por ti mismo o deja tu consulta en el centro de ayuda de Elfsight con una explicaci\u00f3n detallada de tu problema, y nuestro equipo estar\u00e1 encantado de asesorarte.<\/p><div class=\"faq\" data-component=\"FAQ\"> <div class=\"faq-item\">\r\n\t\t\t\t\t<div class=\"faq-item-question\">\r\n\t\t\t\t\t\t<h3 class=\"faq-item-question-text\">\u00bfC\u00f3mo agregar Form Builder a mi sitio de BigCommerce sin habilidades de programaci\u00f3n?<\/h3>\r\n\r\n\t\t\t\t\t\t<div class=\"faq-item-question-icon\"><\/div>\r\n\t\t\t\t\t<\/div>\r\n\r\n\t\t\t\t\t<div class=\"faq-item-answer\">\r\n\t\t\t\t\t\t<div class=\"faq-item-answer-text\"> <p>Elfsight ofrece una soluci\u00f3n SaaS que te permite crear un widget Form Builder por ti mismo, ve lo f\u00e1cil que es el proceso: Trabaja directamente en el Editor en l\u00ednea para crear el widget Form Builder que deseas ver en tu sitio de BigCommerce. Elige una de las plantillas predise\u00f1adas y ajusta la configuraci\u00f3n de Form Builder, agrega tu contenido, cambia el dise\u00f1o y los colores sin habilidades de programaci\u00f3n. Guarda el Form Builder y copia su c\u00f3digo de instalaci\u00f3n, que puedes pegar f\u00e1cilmente en tu sitio de BigCommerce sin necesidad de comprar un plan de pago. Con nuestro Editor intuitivo, cualquier usuario de internet puede crear el widget Form Builder en l\u00ednea y f\u00e1cilmente integrarlo en su sitio de BigCommerce. No es necesario pagar ni ingresar los datos de la tarjeta para acceder al servicio. Si encuentras alg\u00fan problema en alg\u00fan paso, no dudes en contactar a nuestro equipo de soporte t\u00e9cnico.<\/p> <\/div>\r\n\t\t\t\t\t<\/div>\r\n\t\t\t\t<\/div><div class=\"faq-item\">\r\n\t\t\t\t\t<div class=\"faq-item-question\">\r\n\t\t\t\t\t\t<h3 class=\"faq-item-question-text\">\u00bfExisten plantillas personalizadas de Form Builder para el sitio de BigCommerce?<\/h3>\r\n\r\n\t\t\t\t\t\t<div class=\"faq-item-question-icon\"><\/div>\r\n\t\t\t\t\t<\/div>\r\n\r\n\t\t\t\t\t<div class=\"faq-item-answer\">\r\n\t\t\t\t\t\t<div class=\"faq-item-answer-text\"><p>S\u00ed, \u00a1absolutamente! Hay m\u00e1s de 300 plantillas listas para usar para cualquier caso, como <a href=\"https:\/\/elfsight.com\/online-form-builder\/templates\/application-forms\/\">Formularios de solicitud<\/a>, <a href=\"https:\/\/elfsight.com\/online-form-builder\/templates\/booking-forms\/\">Formularios de reserva<\/a>, <a href=\"https:\/\/elfsight.com\/online-form-builder\/templates\/order-forms\/\">Formularios de pedido<\/a>, <a href=\"https:\/\/elfsight.com\/online-form-builder\/templates\/product-forms\/\">Formularios de productos<\/a>, <a href=\"https:\/\/elfsight.com\/online-form-builder\/templates\/questionnaires\/\">Cuestionarios<\/a>, <a href=\"https:\/\/elfsight.com\/online-form-builder\/templates\/quizzes\/\">Cuestionarios<\/a>, <a href=\"https:\/\/elfsight.com\/online-form-builder\/templates\/surveys\/\">Encuestas<\/a>, <a href=\"https:\/\/elfsight.com\/online-form-builder\/templates\/file-upload-forms\/\">Formularios de carga de archivos<\/a>, y muchos m\u00e1s. No dudes en probar <a href=\"https:\/\/elfsight.com\/online-form-builder\/templates\/\">las plantillas de Form Builder<\/a> y compartir tu opini\u00f3n con nosotros.<\/p><\/div>\r\n\t\t\t\t\t<\/div>\r\n\t\t\t\t<\/div> <\/div> <\/div>","protected":false},"excerpt":{"rendered":"","protected":false},"author":18,"featured_media":0,"parent":1746,"menu_order":0,"comment_status":"closed","ping_status":"closed","template":"templates\/template-application-platform.php","meta":{"publish_to_discourse":"","publish_post_category":"","wpdc_auto_publish_overridden":"","wpdc_topic_tags":"","wpdc_pin_topic":"","wpdc_pin_until":"","discourse_post_id":"","discourse_permalink":"","wpdc_publishing_response":"","wpdc_publishing_error":"","footnotes":""},"class_list":["post-4333","page","type-page","status-publish","hentry"],"yoast_head":"<!-- This site is optimized with the Yoast SEO plugin v25.3.1 - https:\/\/yoast.com\/wordpress\/plugins\/seo\/ -->\n<title>Constructor de formularios - Integrar app de Generador de formularios al BigCommerce<\/title>\n<meta name=\"description\" content=\"Incrusta un plugin interactivo de Constructor de formularios en su sitio de BigCommerce. Use la demo de Elfsight intuitiva y cree su app \u00fanico.\" \/>\n<meta name=\"robots\" content=\"index, follow, max-snippet:-1, max-image-preview:large, max-video-preview:-1\" \/>\n<link rel=\"canonical\" href=\"https:\/\/elfsight.com\/es\/online-form-builder\/bigcommerce\/\" \/>\n<meta property=\"og:locale\" content=\"es_ES\" \/>\n<meta property=\"og:type\" content=\"article\" \/>\n<meta property=\"og:title\" content=\"Constructor de formularios - Integrar app de Generador de formularios al BigCommerce\" \/>\n<meta property=\"og:description\" content=\"Incrusta un plugin interactivo de Constructor de formularios en su sitio de BigCommerce. Use la demo de Elfsight intuitiva y cree su app \u00fanico.\" \/>\n<meta property=\"og:url\" content=\"https:\/\/elfsight.com\/es\/online-form-builder\/bigcommerce\/\" \/>\n<meta property=\"og:site_name\" content=\"Elfsight ES\" \/>\n<meta property=\"article:modified_time\" content=\"2025-02-06T15:21:51+00:00\" \/>\n<meta name=\"twitter:card\" content=\"summary_large_image\" \/>\n<meta name=\"twitter:label1\" content=\"Tiempo de lectura\" \/>\n\t<meta name=\"twitter:data1\" content=\"2 minutos\" \/>\n<!-- \/ Yoast SEO plugin. -->","yoast_head_json":{"title":"Constructor de formularios - Integrar app de Generador de formularios al BigCommerce","description":"Incrusta un plugin interactivo de Constructor de formularios en su sitio de BigCommerce. Use la demo de Elfsight intuitiva y cree su app \u00fanico.","robots":{"index":"index","follow":"follow","max-snippet":"max-snippet:-1","max-image-preview":"max-image-preview:large","max-video-preview":"max-video-preview:-1"},"canonical":"https:\/\/elfsight.com\/es\/online-form-builder\/bigcommerce\/","og_locale":"es_ES","og_type":"article","og_title":"Constructor de formularios - Integrar app de Generador de formularios al BigCommerce","og_description":"Incrusta un plugin interactivo de Constructor de formularios en su sitio de BigCommerce. Use la demo de Elfsight intuitiva y cree su app \u00fanico.","og_url":"https:\/\/elfsight.com\/es\/online-form-builder\/bigcommerce\/","og_site_name":"Elfsight ES","article_modified_time":"2025-02-06T15:21:51+00:00","twitter_card":"summary_large_image","twitter_misc":{"Tiempo de lectura":"2 minutos"},"schema":{"@context":"https:\/\/schema.org","@graph":[{"@type":"WebPage","@id":"https:\/\/elfsight.com\/es\/online-form-builder\/bigcommerce\/","url":"https:\/\/elfsight.com\/es\/online-form-builder\/bigcommerce\/","name":"Constructor de formularios - Integrar app de Generador de formularios al BigCommerce","isPartOf":{"@id":"https:\/\/elfsight.com\/es\/#website"},"datePublished":"2022-02-11T11:29:30+00:00","dateModified":"2025-02-06T15:21:51+00:00","description":"Incrusta un plugin interactivo de Constructor de formularios en su sitio de BigCommerce. Use la demo de Elfsight intuitiva y cree su app \u00fanico.","breadcrumb":{"@id":"https:\/\/elfsight.com\/es\/online-form-builder\/bigcommerce\/#breadcrumb"},"inLanguage":"es","potentialAction":[{"@type":"ReadAction","target":["https:\/\/elfsight.com\/es\/online-form-builder\/bigcommerce\/"]}]},{"@type":"BreadcrumbList","@id":"https:\/\/elfsight.com\/es\/online-form-builder\/bigcommerce\/#breadcrumb","itemListElement":[{"@type":"ListItem","position":1,"name":"Home","item":"https:\/\/elfsight.com\/es\/"},{"@type":"ListItem","position":2,"name":"Form Builder","item":"https:\/\/elfsight.com\/es\/online-form-builder\/"},{"@type":"ListItem","position":3,"name":"Form Builder &#8211; BigCommerce"}]},{"@type":"WebSite","@id":"https:\/\/elfsight.com\/es\/#website","url":"https:\/\/elfsight.com\/es\/","name":"Elfsight ES","description":"Just another Elfsight Sites site","potentialAction":[{"@type":"SearchAction","target":{"@type":"EntryPoint","urlTemplate":"https:\/\/elfsight.com\/es\/?s={search_term_string}"},"query-input":{"@type":"PropertyValueSpecification","valueRequired":true,"valueName":"search_term_string"}}],"inLanguage":"es"}]}},"meta_box":{"industry":"","seo_heading":"","heading":"","description":"","cta_heading":"","cta_description":"","application":"1745","h1":"aplicaci\u00f3n de Constructor de formularios para BigCommerce","h1_caption":"Construye formas cl\u00e1sicos y multinivel y ins\u00e9rtelos a su tienda electr\u00f3nica","application_category":[],"applications_title":"","applications_request_title":"","applications_request_button_text":"","hero_text":"","hero_video":"","hero_video_schema_markup":"","selling_points_title":"","selling_points_caption":"","selling_points":[],"selling_points_cta_text":"","features_title":"","features":"","ed_cta_examples_text":"","ed_cta_examples_hidden":"","ed_cta_demo_text":"","ed_cta_demo_hidden":"","why_caption":"","why_editor_title":"","why_editor_text":"","why_team_title":"","why_team_text":"","why_service_title":"","why_service_text":"","template_catalog_visible":"","template_catalog_title":"","template_catalog_text":"","template_catalog_categories_visible":"","demo_title":"Crea tu aplicaci\u00f3n Form Builder","demo_caption":"\u00a1Configure su Creador de formularios y agr\u00e9guelo a su sitio web de BigCommerce gratis!","default_faq_hidden":"","app_template_category":[],"platform":"33","template_public_id":"","codecanyon_url":"","codecanyon_item_id":"","codecanyon_price":"","pricing_caption":"","pricing_elfsight_apps_hide_column":"","pricing_elfsight_apps_url":"","pricing_codecanyon_price_caption":"","integration_category":[],"integration_request_title":"","integration_request_cta":"","integration_platform":"","integrations":[],"platform_category":[],"video_schema_markup":"","price":"desde $0 por mes","trial":"","benefits":[{"text":"Instalaci\u00f3n gratuita"},{"text":"Soporte Premium"},{"text":"14 d\u00edas garant\u00eda de reembolso"},{"text":"Actualizaciones regulares"}],"button_url":"#demo","button_target_blank":"0","button_nofollow":"0","attributes":[{"name":"Responsivo","content":"Si","_state":"expanded"},{"name":"Navegadores compatibles","content":"Firefox, Safari, Opera, Chrome, Edge","_state":"expanded"}],"tags":[],"tags_disable_links":"0","hide_more_platforms":"","video_object":"","demo_hide_cta":"0","demo_hide_cloud_options":"0","pricing_title":"","pricing":[{"pricing_icon":"platform","pricing_title":" Elfsight Apps","pricing_title_caption":"Soluci\u00f3n multiplataforma - valido para cualquier p\u00e1gina web","pricing_price":"desde $0 por mes","pricing_price_caption":"empezar con un plan gratuito","pricing_benefits":[{"text":"Sitios web ilimitados"},{"text":"Atenci\u00f3n al cliente gratuita y r\u00e1pida"},{"text":"Servicio de instalaci\u00f3n gratuito"},{"text":"Totalmente personalizable"}],"pricing_button_text":"Agregar al sitio web","pricing_button_url":"#demo","_state":"expanded"}],"related_apps_title":"","related_apps_hidden":"1","author":"","image":[],"title":"","job":"","social_networks":[]},"_links":{"self":[{"href":"https:\/\/elfsight.com\/es\/wp-json\/wp\/v2\/pages\/4333","targetHints":{"allow":["GET"]}}],"collection":[{"href":"https:\/\/elfsight.com\/es\/wp-json\/wp\/v2\/pages"}],"about":[{"href":"https:\/\/elfsight.com\/es\/wp-json\/wp\/v2\/types\/page"}],"author":[{"embeddable":true,"href":"https:\/\/elfsight.com\/es\/wp-json\/wp\/v2\/users\/18"}],"replies":[{"embeddable":true,"href":"https:\/\/elfsight.com\/es\/wp-json\/wp\/v2\/comments?post=4333"}],"version-history":[{"count":3,"href":"https:\/\/elfsight.com\/es\/wp-json\/wp\/v2\/pages\/4333\/revisions"}],"predecessor-version":[{"id":18171,"href":"https:\/\/elfsight.com\/es\/wp-json\/wp\/v2\/pages\/4333\/revisions\/18171"}],"up":[{"embeddable":true,"href":"https:\/\/elfsight.com\/es\/wp-json\/wp\/v2\/pages\/1746"}],"wp:attachment":[{"href":"https:\/\/elfsight.com\/es\/wp-json\/wp\/v2\/media?parent=4333"}],"curies":[{"name":"wp","href":"https:\/\/api.w.org\/{rel}","templated":true}]}}