{"id":4327,"date":"2022-02-11T11:29:56","date_gmt":"2022-02-11T11:29:56","guid":{"rendered":"https:\/\/elfsight.com\/es\/?page_id=4327"},"modified":"2025-02-06T15:21:51","modified_gmt":"2025-02-06T15:21:51","slug":"wix","status":"publish","type":"page","link":"https:\/\/elfsight.com\/es\/social-feed-widget\/wix\/","title":{"rendered":"Social Feed &#8211; Wix"},"content":{"rendered":"<div class=\"application-platform-content-item-description application-platform-content-item\" id=\"description\" data-nav-section=\"description\"> <h2>Descripci\u00f3n<\/h2> <p>Elfsight Social Feed para Wix es una aplicaci\u00f3n exclusiva para vender no solo productos, sino tambi\u00e9n emociones y experiencias. Al usarla, puedes desarrollar un feed personalizado compuesto por contenido de diversas redes sociales: Instagram, Pinterest, Facebook, Twitter, Tumblr, YouTube, Vimeo, y presentarlo directamente en tu sitio. \u00a1Dise\u00f1a una galer\u00eda o un cat\u00e1logo de productos en unos minutos! Disfruta del control total sobre el contenido mostrado con varias opciones de filtro y elimina el spam y cualquier contenido no deseado mediante moderaci\u00f3n manual. El configurador en l\u00ednea completamente adaptable te ofrece diferentes plantillas para elegir. <\/p> <p><b>Con Social Wall, logra un desarrollo empresarial sostenible y mejores ventas <\/b><\/p> <\/div> <div class=\"application-platform-content-item-features application-platform-content-item\" id=\"features\" data-nav-section=\"features\"> <h2>Explora la lista de las caracter\u00edsticas m\u00e1s destacadas: <\/h2> <ul><li>Muestra tu contenido de redes sociales de varias redes sociales. <\/li><li>Elimina cualquier spam y contenido no deseado utilizando el modo de moderaci\u00f3n manual. <\/li><li>Instala el bot\u00f3n de seguir en las tarjetas del widget. <\/li><li>Haz que tus publicaciones se muestren en un pop-up.<\/li><\/ul><p><a href=\"#demo\">Prueba todas las opciones de personalizaci\u00f3n en la demo completamente funcional<\/a><\/p> <\/div> <div class=\"application-platform-content-item-installation application-platform-content-item\" id=\"installation\" data-nav-section=\"installation\"> <h2>\u00bfC\u00f3mo a\u00f1adir la aplicaci\u00f3n Social Media Feed en mi sitio Wix? <\/h2> <p>Solo sigue los pasos que se indican a continuaci\u00f3n para activar la aplicaci\u00f3n. <\/p> <ol><li><b>Usa nuestro editor gratuito y comienza a crear tu aplicaci\u00f3n \u00fanica.<\/b><br> Especifica la interfaz y las caracter\u00edsticas preferidas del plugin y aplica los cambios.<\/li>  <li><b>Copiar el c\u00f3digo individual que aparece en la ventana de Elfsight Apps.<\/b><br> Despu\u00e9s de personalizar tu herramienta, copia el c\u00f3digo exclusivo del pop-up emergente y gu\u00e1rdalo para futuras ocasiones. <\/li>  <li><b>Comienza a usar la aplicaci\u00f3n Social Wall en tu sitio Wix.<\/b><br> Coloca el c\u00f3digo que guardaste antes en tu sitio web y aplica los ajustes.<\/li>  <li><b>\u00a1La configuraci\u00f3n se ha realizado con \u00e9xito!<\/b><br> Ve a tu sitio web para ver c\u00f3mo funciona la herramienta.<\/li><\/ol> <p>En caso de que tengas alguna pregunta o dificultades, no dudes en ponerte en contacto con nuestro equipo de atenci\u00f3n al cliente. Nuestro equipo est\u00e1 listo para resolver todos los problemas que puedas tener con el plugin.<\/p> <\/div><div class=\"faq\" data-component=\"FAQ\"><div class=\"faq-item\">\r\n\t\t\t\t\t<div class=\"faq-item-question\">\r\n\t\t\t\t\t\t<h3 class=\"faq-item-question-text\">\u00bfHay alguna forma de integrar Social Feed en mi sitio Wix sin conocimientos de codificaci\u00f3n?<\/h3>\r\n\r\n\t\t\t\t\t\t<div class=\"faq-item-question-icon\"><\/div>\r\n\t\t\t\t\t<\/div>\r\n\r\n\t\t\t\t\t<div class=\"faq-item-answer\">\r\n\t\t\t\t\t\t<div class=\"faq-item-answer-text\"><p>La empresa Elfsight ofrece una soluci\u00f3n en la nube que permite a los usuarios crear un widget de Social Feed por s\u00ed mismos, descubre lo f\u00e1cil que es: <\/p><ul><li>Trabaja directamente en el Editor en l\u00ednea para crear el widget de Social Feed que deseas agregar a Wix.<\/li><li>Elige una de nuestras plantillas predise\u00f1adas y ajusta la configuraci\u00f3n del Social Feed, incluye tu contenido, cambia el dise\u00f1o y los colores sin necesidad de conocimientos de codificaci\u00f3n.<\/li><li>Guarda los ajustes que has realizado en el Social Feed y copia el c\u00f3digo de instalaci\u00f3n, que podr\u00e1s a\u00f1adir f\u00e1cilmente a tu sitio Wix sin necesidad de comprar una versi\u00f3n de pago.<\/li><\/ul><p>Con el Configurador intuitivo, cualquier usuario de Internet puede crear el widget de Social Feed y agregarlo f\u00e1cilmente a la p\u00e1gina de inicio de Wix. No necesitas pagar ni ingresar tus datos de tarjeta para acceder al servicio de Elfsight. Si encuentras alg\u00fan inconveniente, no dudes en ponerte en contacto con nuestro soporte t\u00e9cnico.<\/p><\/div>\r\n\t\t\t\t\t<\/div>\r\n\t\t\t\t<\/div><\/div>","protected":false},"excerpt":{"rendered":"","protected":false},"author":18,"featured_media":0,"parent":1469,"menu_order":0,"comment_status":"closed","ping_status":"closed","template":"templates\/template-application-platform.php","meta":{"publish_to_discourse":"","publish_post_category":"","wpdc_auto_publish_overridden":"","wpdc_topic_tags":"","wpdc_pin_topic":"","wpdc_pin_until":"","discourse_post_id":"","discourse_permalink":"","wpdc_publishing_response":"","wpdc_publishing_error":"","footnotes":""},"class_list":["post-4327","page","type-page","status-publish","hentry"],"yoast_head":"<!-- This site is optimized with the Yoast SEO plugin v25.3.1 - https:\/\/yoast.com\/wordpress\/plugins\/seo\/ -->\n<title>Feed de Redes Sociales - Empotrar plugin de Muro Social al Wix<\/title>\n<meta name=\"description\" content=\"Instala un widget hermoso de Feed de Redes Sociales en su p\u00e1gina web de Wix. Use la demo de Elfsight f\u00e1cil de usar y cree su plugin \u00fanico.\" \/>\n<meta name=\"robots\" content=\"index, follow, max-snippet:-1, max-image-preview:large, max-video-preview:-1\" \/>\n<link rel=\"canonical\" href=\"https:\/\/elfsight.com\/es\/social-feed-widget\/wix\/\" \/>\n<meta property=\"og:locale\" content=\"es_ES\" \/>\n<meta property=\"og:type\" content=\"article\" \/>\n<meta property=\"og:title\" content=\"Feed de Redes Sociales - Empotrar plugin de Muro Social al Wix\" \/>\n<meta property=\"og:description\" content=\"Instala un widget hermoso de Feed de Redes Sociales en su p\u00e1gina web de Wix. Use la demo de Elfsight f\u00e1cil de usar y cree su plugin \u00fanico.\" \/>\n<meta property=\"og:url\" content=\"https:\/\/elfsight.com\/es\/social-feed-widget\/wix\/\" \/>\n<meta property=\"og:site_name\" content=\"Elfsight ES\" \/>\n<meta property=\"article:modified_time\" content=\"2025-02-06T15:21:51+00:00\" \/>\n<meta name=\"twitter:card\" content=\"summary_large_image\" \/>\n<meta name=\"twitter:label1\" content=\"Tiempo de lectura\" \/>\n\t<meta name=\"twitter:data1\" content=\"1 minuto\" \/>\n<!-- \/ Yoast SEO plugin. -->","yoast_head_json":{"title":"Feed de Redes Sociales - Empotrar plugin de Muro Social al Wix","description":"Instala un widget hermoso de Feed de Redes Sociales en su p\u00e1gina web de Wix. Use la demo de Elfsight f\u00e1cil de usar y cree su plugin \u00fanico.","robots":{"index":"index","follow":"follow","max-snippet":"max-snippet:-1","max-image-preview":"max-image-preview:large","max-video-preview":"max-video-preview:-1"},"canonical":"https:\/\/elfsight.com\/es\/social-feed-widget\/wix\/","og_locale":"es_ES","og_type":"article","og_title":"Feed de Redes Sociales - Empotrar plugin de Muro Social al Wix","og_description":"Instala un widget hermoso de Feed de Redes Sociales en su p\u00e1gina web de Wix. Use la demo de Elfsight f\u00e1cil de usar y cree su plugin \u00fanico.","og_url":"https:\/\/elfsight.com\/es\/social-feed-widget\/wix\/","og_site_name":"Elfsight ES","article_modified_time":"2025-02-06T15:21:51+00:00","twitter_card":"summary_large_image","twitter_misc":{"Tiempo de lectura":"1 minuto"},"schema":{"@context":"https:\/\/schema.org","@graph":[{"@type":"WebPage","@id":"https:\/\/elfsight.com\/es\/social-feed-widget\/wix\/","url":"https:\/\/elfsight.com\/es\/social-feed-widget\/wix\/","name":"Feed de Redes Sociales - Empotrar plugin de Muro Social al Wix","isPartOf":{"@id":"https:\/\/elfsight.com\/es\/#website"},"datePublished":"2022-02-11T11:29:56+00:00","dateModified":"2025-02-06T15:21:51+00:00","description":"Instala un widget hermoso de Feed de Redes Sociales en su p\u00e1gina web de Wix. Use la demo de Elfsight f\u00e1cil de usar y cree su plugin \u00fanico.","breadcrumb":{"@id":"https:\/\/elfsight.com\/es\/social-feed-widget\/wix\/#breadcrumb"},"inLanguage":"es","potentialAction":[{"@type":"ReadAction","target":["https:\/\/elfsight.com\/es\/social-feed-widget\/wix\/"]}]},{"@type":"BreadcrumbList","@id":"https:\/\/elfsight.com\/es\/social-feed-widget\/wix\/#breadcrumb","itemListElement":[{"@type":"ListItem","position":1,"name":"Home","item":"https:\/\/elfsight.com\/es\/"},{"@type":"ListItem","position":2,"name":"Social Feed","item":"https:\/\/elfsight.com\/es\/social-feed-widget\/"},{"@type":"ListItem","position":3,"name":"Social Feed &#8211; Wix"}]},{"@type":"WebSite","@id":"https:\/\/elfsight.com\/es\/#website","url":"https:\/\/elfsight.com\/es\/","name":"Elfsight ES","description":"Just another Elfsight Sites site","potentialAction":[{"@type":"SearchAction","target":{"@type":"EntryPoint","urlTemplate":"https:\/\/elfsight.com\/es\/?s={search_term_string}"},"query-input":{"@type":"PropertyValueSpecification","valueRequired":true,"valueName":"search_term_string"}}],"inLanguage":"es"}]}},"meta_box":{"industry":"","seo_heading":"","heading":"","description":"","cta_heading":"","cta_description":"","application":"1468","h1":"plugin de Feed de Redes Sociales para Wix","h1_caption":"Coloca contenido de las redes sociales a su sitio","application_category":[],"applications_title":"","applications_request_title":"","applications_request_button_text":"","hero_text":"","hero_video":"","hero_video_schema_markup":"","selling_points_title":"","selling_points_caption":"","selling_points":[],"selling_points_cta_text":"","features_title":"","features":"","ed_cta_examples_text":"","ed_cta_examples_hidden":"","ed_cta_demo_text":"","ed_cta_demo_hidden":"","why_caption":"","why_editor_title":"","why_editor_text":"","why_team_title":"","why_team_text":"","why_service_title":"","why_service_text":"","template_catalog_visible":"","template_catalog_title":"","template_catalog_text":"","template_catalog_categories_visible":"","demo_title":"Crea tu aplicaci\u00f3n Social Feed","demo_caption":"\u00a1Configura tu Social Feed y agr\u00e9galo a tu sitio web Wix gratis!","default_faq_hidden":"","app_template_category":[],"platform":"112","template_public_id":"","codecanyon_url":"","codecanyon_item_id":"","codecanyon_price":"","pricing_caption":"","pricing_elfsight_apps_hide_column":"","pricing_elfsight_apps_url":"","pricing_codecanyon_price_caption":"","integration_category":[],"integration_request_title":"","integration_request_cta":"","integration_platform":"","integrations":[],"platform_category":[],"video_schema_markup":"","price":"desde $0 por mes","trial":"","benefits":[{"text":"Instalaci\u00f3n gratuita"},{"text":"Soporte Premium"},{"text":"14 d\u00edas garant\u00eda de reembolso"},{"text":"Actualizaciones regulares"}],"button_url":"#demo","button_target_blank":"0","button_nofollow":"0","attributes":[{"name":"Responsivo","content":"Si","_state":"expanded"},{"name":"Navegadores compatibles","content":"Firefox, Safari, Opera, Chrome, Edge","_state":"expanded"}],"tags":[],"tags_disable_links":"0","hide_more_platforms":"","video_object":"","demo_hide_cta":"0","demo_hide_cloud_options":"0","pricing_title":"","pricing":[{"pricing_icon":"platform","pricing_title":" Elfsight Apps","pricing_title_caption":"Soluci\u00f3n multiplataforma - valido para cualquier p\u00e1gina web","pricing_price":"desde $0 por mes","pricing_price_caption":"empezar con un plan gratuito","pricing_benefits":[{"text":"Sitios web ilimitados"},{"text":"Atenci\u00f3n al cliente gratuita y r\u00e1pida"},{"text":"Servicio de instalaci\u00f3n gratuito"},{"text":"Totalmente personalizable"}],"pricing_button_text":"Agregar al sitio web","pricing_button_url":"#demo","_state":"expanded"}],"related_apps_title":"","related_apps_hidden":"1","author":"","image":[],"title":"","job":"","social_networks":[]},"_links":{"self":[{"href":"https:\/\/elfsight.com\/es\/wp-json\/wp\/v2\/pages\/4327","targetHints":{"allow":["GET"]}}],"collection":[{"href":"https:\/\/elfsight.com\/es\/wp-json\/wp\/v2\/pages"}],"about":[{"href":"https:\/\/elfsight.com\/es\/wp-json\/wp\/v2\/types\/page"}],"author":[{"embeddable":true,"href":"https:\/\/elfsight.com\/es\/wp-json\/wp\/v2\/users\/18"}],"replies":[{"embeddable":true,"href":"https:\/\/elfsight.com\/es\/wp-json\/wp\/v2\/comments?post=4327"}],"version-history":[{"count":3,"href":"https:\/\/elfsight.com\/es\/wp-json\/wp\/v2\/pages\/4327\/revisions"}],"predecessor-version":[{"id":18168,"href":"https:\/\/elfsight.com\/es\/wp-json\/wp\/v2\/pages\/4327\/revisions\/18168"}],"up":[{"embeddable":true,"href":"https:\/\/elfsight.com\/es\/wp-json\/wp\/v2\/pages\/1469"}],"wp:attachment":[{"href":"https:\/\/elfsight.com\/es\/wp-json\/wp\/v2\/media?parent=4327"}],"curies":[{"name":"wp","href":"https:\/\/api.w.org\/{rel}","templated":true}]}}