{"id":4319,"date":"2022-02-11T11:30:36","date_gmt":"2022-02-11T11:30:36","guid":{"rendered":"https:\/\/elfsight.com\/es\/?page_id=4319"},"modified":"2025-02-06T15:21:43","modified_gmt":"2025-02-06T15:21:43","slug":"squarespace","status":"publish","type":"page","link":"https:\/\/elfsight.com\/es\/social-feed-widget\/squarespace\/","title":{"rendered":"Social Feed &#8211; Squarespace"},"content":{"rendered":"<div class=\"application-platform-content-item-description application-platform-content-item\" id=\"description\" data-nav-section=\"description\"> <h2>Incrustar el Feed Social en Squarespace con el widget de Elfsight<\/h2> <p>El Feed Social de Elfsight para Squarespace es una herramienta para vender no solo productos, sino emociones y experiencias. Al usarlo, puedes crear un feed personalizado compuesto por contenido de varias redes sociales: Instagram, Pinterest, Facebook, Twitter, Tumblr, YouTube, Vimeo, y mostrarlo directamente en tu sitio web. \u00a1Crea una galer\u00eda o un cat\u00e1logo de productos en unos minutos! Disfruta de control total sobre el contenido mostrado con numerosas opciones de filtrado y elimina el spam o cualquier contenido no deseado mediante la moderaci\u00f3n manual. El configurador en l\u00ednea completamente responsivo te ofrece diferentes plantillas para elegir. <\/p> <p><b>Con Social Wall, observa el desarrollo activo del negocio y un aumento en las ventas<\/b><\/p> <\/div> <div class=\"application-platform-content-item-features application-platform-content-item\" id=\"features\" data-nav-section=\"features\"> <h2>Aqu\u00ed est\u00e1n las caracter\u00edsticas b\u00e1sicas del widget: <\/h2> <ul><li>Muestra tu contenido de redes sociales desde varias plataformas. <\/li><li>Elimina cualquier spam o contenido no deseado usando el modo de moderaci\u00f3n manual. <\/li><li>Coloca el bot\u00f3n de Seguir en las tarjetas del widget. <\/li><li>Haz que tus publicaciones aparezcan en una ventana emergente. <\/li><\/ul><p><a href=\"#demo\">Puedes ver lo que ofrece el plugin probando la demo<\/a><\/p> <\/div> <div class=\"application-platform-content-item-installation application-platform-content-item\" id=\"installation\" data-nav-section=\"installation\"> <h2>\u00bfC\u00f3mo incrustar el plugin Feed Social en mi sitio web de Squarespace? <\/h2> <p>Sigue estos pasos a continuaci\u00f3n para agregar la herramienta. <\/p> <ol><li><b>Usa nuestro editor gratuito y comienza a crear tu plugin personalizado. <\/b><br> Especifica la forma y funcionalidad seleccionadas para el plugin y guarda los cambios. <\/li>  <li><b>Copiar tu c\u00f3digo personal que aparece en la caja de Elfsight Apps. <\/b><br> Despu\u00e9s de configurar tu widget personal, copia el c\u00f3digo exclusivo que aparece en la caja y gu\u00e1rdalo para su uso futuro. <\/li>  <li><b>Comienza a usar el plugin Social Wall en la p\u00e1gina de inicio de Squarespace. <\/b><br> Implementa el c\u00f3digo copiado recientemente en tu p\u00e1gina web y guarda los cambios. <\/li>  <li><b>La instalaci\u00f3n ha finalizado con \u00e9xito. <\/b><br> Visita tu p\u00e1gina para revisar c\u00f3mo funciona el plugin. <\/li><\/ol> <p>Si tienes alguna pregunta o te encuentras con alg\u00fan problema, no dudes en contactar con nuestro equipo de servicio al cliente. Nuestros especialistas estar\u00e1n encantados de resolver cualquier inconveniente que puedas tener con el producto. <\/p> <\/div><div class=\"faq\" data-component=\"FAQ\"><div class=\"faq-item\">\r\n\t\t\t\t\t<div class=\"faq-item-question\">\r\n\t\t\t\t\t\t<h3 class=\"faq-item-question-text\">\u00bfC\u00f3mo puedo incrustar el Feed Social en mi Squarespace sin saber programar?<\/h3>\r\n\r\n\t\t\t\t\t\t<div class=\"faq-item-question-icon\"><\/div>\r\n\t\t\t\t\t<\/div>\r\n\r\n\t\t\t\t\t<div class=\"faq-item-answer\">\r\n\t\t\t\t\t\t<div class=\"faq-item-answer-text\"><p>La empresa Elfsight presenta una soluci\u00f3n en la nube que permite a los usuarios crear su propia app Feed Social, descubre lo f\u00e1cil que es el proceso: <\/p><ul><li>Ve al Editor en vivo para crear la secci\u00f3n de Feed Social que te gustar\u00eda integrar en Squarespace.<\/li><li>Elige una de nuestras plantillas predefinidas y ajusta la configuraci\u00f3n del Feed Social, cambia el dise\u00f1o y esquema de colores, agrega tu contenido sin necesidad de saber programar.<\/li><li>Guarda la configuraci\u00f3n que has hecho para el Feed Social y obt\u00e9n el c\u00f3digo del widget para instalarlo, que puede ser incluido f\u00e1cilmente en el sitio de Squarespace sin costo.<\/li><\/ul><p>Trabajando en el Editor intuitivo, cualquier usuario web puede generar la secci\u00f3n Feed Social y agregarla al sitio de Squarespace. No es necesario pagar ni proporcionar los datos de tu tarjeta para ingresar al Editor de Elfsight. Si encuentras alg\u00fan problema en cualquier paso, no dudes en contactar con nuestro soporte t\u00e9cnico.<\/p><\/div>\r\n\t\t\t\t\t<\/div>\r\n\t\t\t\t<\/div><\/div>","protected":false},"excerpt":{"rendered":"","protected":false},"author":18,"featured_media":0,"parent":1469,"menu_order":0,"comment_status":"closed","ping_status":"closed","template":"templates\/template-application-platform.php","meta":{"publish_to_discourse":"","publish_post_category":"","wpdc_auto_publish_overridden":"","wpdc_topic_tags":"","wpdc_pin_topic":"","wpdc_pin_until":"","discourse_post_id":"","discourse_permalink":"","wpdc_publishing_response":"","wpdc_publishing_error":"","footnotes":""},"class_list":["post-4319","page","type-page","status-publish","hentry"],"yoast_head":"<!-- This site is optimized with the Yoast SEO plugin v25.3.1 - https:\/\/yoast.com\/wordpress\/plugins\/seo\/ -->\n<title>Feed de Redes Sociales - Embeber plugin de Muro Social al Squarespace<\/title>\n<meta name=\"description\" content=\"A\u00f1ade un widget hermoso de Feed de Redes Sociales en su sitio de Squarespace. Use la demo de Elfsight f\u00e1cil de usar y construe su plugin propio.\" \/>\n<meta name=\"robots\" content=\"index, follow, max-snippet:-1, max-image-preview:large, max-video-preview:-1\" \/>\n<link rel=\"canonical\" href=\"https:\/\/elfsight.com\/es\/social-feed-widget\/squarespace\/\" \/>\n<meta property=\"og:locale\" content=\"es_ES\" \/>\n<meta property=\"og:type\" content=\"article\" \/>\n<meta property=\"og:title\" content=\"Feed de Redes Sociales - Embeber plugin de Muro Social al Squarespace\" \/>\n<meta property=\"og:description\" content=\"A\u00f1ade un widget hermoso de Feed de Redes Sociales en su sitio de Squarespace. Use la demo de Elfsight f\u00e1cil de usar y construe su plugin propio.\" \/>\n<meta property=\"og:url\" content=\"https:\/\/elfsight.com\/es\/social-feed-widget\/squarespace\/\" \/>\n<meta property=\"og:site_name\" content=\"Elfsight ES\" \/>\n<meta property=\"article:modified_time\" content=\"2025-02-06T15:21:43+00:00\" \/>\n<meta name=\"twitter:card\" content=\"summary_large_image\" \/>\n<meta name=\"twitter:label1\" content=\"Tiempo de lectura\" \/>\n\t<meta name=\"twitter:data1\" content=\"1 minuto\" \/>\n<!-- \/ Yoast SEO plugin. -->","yoast_head_json":{"title":"Feed de Redes Sociales - Embeber plugin de Muro Social al Squarespace","description":"A\u00f1ade un widget hermoso de Feed de Redes Sociales en su sitio de Squarespace. Use la demo de Elfsight f\u00e1cil de usar y construe su plugin propio.","robots":{"index":"index","follow":"follow","max-snippet":"max-snippet:-1","max-image-preview":"max-image-preview:large","max-video-preview":"max-video-preview:-1"},"canonical":"https:\/\/elfsight.com\/es\/social-feed-widget\/squarespace\/","og_locale":"es_ES","og_type":"article","og_title":"Feed de Redes Sociales - Embeber plugin de Muro Social al Squarespace","og_description":"A\u00f1ade un widget hermoso de Feed de Redes Sociales en su sitio de Squarespace. Use la demo de Elfsight f\u00e1cil de usar y construe su plugin propio.","og_url":"https:\/\/elfsight.com\/es\/social-feed-widget\/squarespace\/","og_site_name":"Elfsight ES","article_modified_time":"2025-02-06T15:21:43+00:00","twitter_card":"summary_large_image","twitter_misc":{"Tiempo de lectura":"1 minuto"},"schema":{"@context":"https:\/\/schema.org","@graph":[{"@type":"WebPage","@id":"https:\/\/elfsight.com\/es\/social-feed-widget\/squarespace\/","url":"https:\/\/elfsight.com\/es\/social-feed-widget\/squarespace\/","name":"Feed de Redes Sociales - Embeber plugin de Muro Social al Squarespace","isPartOf":{"@id":"https:\/\/elfsight.com\/es\/#website"},"datePublished":"2022-02-11T11:30:36+00:00","dateModified":"2025-02-06T15:21:43+00:00","description":"A\u00f1ade un widget hermoso de Feed de Redes Sociales en su sitio de Squarespace. Use la demo de Elfsight f\u00e1cil de usar y construe su plugin propio.","breadcrumb":{"@id":"https:\/\/elfsight.com\/es\/social-feed-widget\/squarespace\/#breadcrumb"},"inLanguage":"es","potentialAction":[{"@type":"ReadAction","target":["https:\/\/elfsight.com\/es\/social-feed-widget\/squarespace\/"]}]},{"@type":"BreadcrumbList","@id":"https:\/\/elfsight.com\/es\/social-feed-widget\/squarespace\/#breadcrumb","itemListElement":[{"@type":"ListItem","position":1,"name":"Home","item":"https:\/\/elfsight.com\/es\/"},{"@type":"ListItem","position":2,"name":"Social Feed","item":"https:\/\/elfsight.com\/es\/social-feed-widget\/"},{"@type":"ListItem","position":3,"name":"Social Feed &#8211; Squarespace"}]},{"@type":"WebSite","@id":"https:\/\/elfsight.com\/es\/#website","url":"https:\/\/elfsight.com\/es\/","name":"Elfsight ES","description":"Just another Elfsight Sites site","potentialAction":[{"@type":"SearchAction","target":{"@type":"EntryPoint","urlTemplate":"https:\/\/elfsight.com\/es\/?s={search_term_string}"},"query-input":{"@type":"PropertyValueSpecification","valueRequired":true,"valueName":"search_term_string"}}],"inLanguage":"es"}]}},"meta_box":{"industry":"","seo_heading":"","heading":"","description":"","cta_heading":"","cta_description":"","application":"1468","h1":"complemento de Feed de Redes Sociales para Squarespace","h1_caption":"Inserta contenido de las redes sociales a su p\u00e1gina web","application_category":[],"applications_title":"","applications_request_title":"","applications_request_button_text":"","hero_text":"","hero_video":"","hero_video_schema_markup":"","selling_points_title":"","selling_points_caption":"","selling_points":[],"selling_points_cta_text":"","features_title":"","features":"","ed_cta_examples_text":"","ed_cta_examples_hidden":"","ed_cta_demo_text":"","ed_cta_demo_hidden":"","why_caption":"","why_editor_title":"","why_editor_text":"","why_team_title":"","why_team_text":"","why_service_title":"","why_service_text":"","template_catalog_visible":"","template_catalog_title":"","template_catalog_text":"","template_catalog_categories_visible":"","demo_title":"Crea tu complemento de alimentaci\u00f3n social","demo_caption":"\u00a1Configura tu Social Feed y agr\u00e9galo a tu sitio web de Squarespace gratis!","default_faq_hidden":"","app_template_category":[],"platform":"100","template_public_id":"","codecanyon_url":"","codecanyon_item_id":"","codecanyon_price":"","pricing_caption":"","pricing_elfsight_apps_hide_column":"","pricing_elfsight_apps_url":"","pricing_codecanyon_price_caption":"","integration_category":[],"integration_request_title":"","integration_request_cta":"","integration_platform":"","integrations":[],"platform_category":[],"video_schema_markup":"","price":"desde $0 por mes","trial":"","benefits":[{"text":"Instalaci\u00f3n gratuita"},{"text":"Soporte Premium"},{"text":"14 d\u00edas garant\u00eda de reembolso"},{"text":"Actualizaciones regulares"}],"button_url":"#demo","button_target_blank":"0","button_nofollow":"0","attributes":[{"name":"Responsivo","content":"Si","_state":"expanded"},{"name":"Navegadores compatibles","content":"Firefox, Safari, Opera, Chrome, Edge","_state":"expanded"}],"tags":[],"tags_disable_links":"0","hide_more_platforms":"","video_object":"","demo_hide_cta":"0","demo_hide_cloud_options":"0","pricing_title":"","pricing":[{"pricing_icon":"platform","pricing_title":" Elfsight Apps","pricing_title_caption":"Soluci\u00f3n multiplataforma - valido para cualquier p\u00e1gina web","pricing_price":"desde $0 por mes","pricing_price_caption":"empezar con un plan gratuito","pricing_benefits":[{"text":"Sitios web ilimitados"},{"text":"Atenci\u00f3n al cliente gratuita y r\u00e1pida"},{"text":"Servicio de instalaci\u00f3n gratuito"},{"text":"Totalmente personalizable"}],"pricing_button_text":"Agregar al sitio web","pricing_button_url":"#demo","_state":"expanded"}],"related_apps_title":"","related_apps_hidden":"1","author":"","image":[],"title":"","job":"","social_networks":[]},"_links":{"self":[{"href":"https:\/\/elfsight.com\/es\/wp-json\/wp\/v2\/pages\/4319","targetHints":{"allow":["GET"]}}],"collection":[{"href":"https:\/\/elfsight.com\/es\/wp-json\/wp\/v2\/pages"}],"about":[{"href":"https:\/\/elfsight.com\/es\/wp-json\/wp\/v2\/types\/page"}],"author":[{"embeddable":true,"href":"https:\/\/elfsight.com\/es\/wp-json\/wp\/v2\/users\/18"}],"replies":[{"embeddable":true,"href":"https:\/\/elfsight.com\/es\/wp-json\/wp\/v2\/comments?post=4319"}],"version-history":[{"count":3,"href":"https:\/\/elfsight.com\/es\/wp-json\/wp\/v2\/pages\/4319\/revisions"}],"predecessor-version":[{"id":18164,"href":"https:\/\/elfsight.com\/es\/wp-json\/wp\/v2\/pages\/4319\/revisions\/18164"}],"up":[{"embeddable":true,"href":"https:\/\/elfsight.com\/es\/wp-json\/wp\/v2\/pages\/1469"}],"wp:attachment":[{"href":"https:\/\/elfsight.com\/es\/wp-json\/wp\/v2\/media?parent=4319"}],"curies":[{"name":"wp","href":"https:\/\/api.w.org\/{rel}","templated":true}]}}