{"id":4314,"date":"2022-02-11T11:30:51","date_gmt":"2022-02-11T11:30:51","guid":{"rendered":"https:\/\/elfsight.com\/es\/?page_id=4314"},"modified":"2025-02-06T15:21:35","modified_gmt":"2025-02-06T15:21:35","slug":"woocommerce","status":"publish","type":"page","link":"https:\/\/elfsight.com\/es\/whatsapp-chat-widget\/woocommerce\/","title":{"rendered":"WhatsApp Chat &#8211; WooCommerce"},"content":{"rendered":"<div class=\"application-platform-content-item-description application-platform-content-item\" id=\"description\" data-nav-section=\"description\"><h2>Incrustar WhatsApp Chat con el widget de Elfsight<\/h2><p>Whatsapp Messenger creado por Elfsight es una herramienta \u00fatil para que tu audiencia en el sitio web se comunique contigo y reciba respuestas a sus preguntas y solicitudes. Permanece disponible en l\u00ednea para los clientes en su mensajero favorito sin parar. Inserta WhatsApp Chat en la tienda y elige que aparezca en las p\u00e1ginas m\u00e1s importantes o para grupos seleccionados de clientes, introduce disparadores para iniciar el chat, escribe tu propio mensaje de bienvenida, ajusta los iconos y aplica otras personalizaciones.<\/p><p>Si decides a\u00f1adir WhatsApp Chat a WooCommerce, ver\u00e1s un aumento significativo en el rendimiento de tu sitio web. Con nuestro pr\u00e1ctico plugin, podr\u00e1s proporcionar una experiencia de usuario impecable. Tienes libertad para decidir qui\u00e9n ver\u00e1 tu plugin de WhatsApp en WooCommerce. Ofrece a tus usuarios una incre\u00edble integraci\u00f3n con WooCommerce que estar\u00e1 disponible para proporcionar todo tipo de soporte al cliente. Mantente en contacto constante con tu audiencia y construye relaciones a largo plazo. Tus clientes definitivamente te agradecer\u00e1n por agregar este pr\u00e1ctico canal de comunicaci\u00f3n en las p\u00e1ginas de tu sitio web.<\/p><p>Nuestra integraci\u00f3n de WhatsApp con WooCommerce tambi\u00e9n ofrece una amplia gama de opciones de personalizaci\u00f3n. Esto significa que tu negocio tendr\u00e1 el chat de WhatsApp que se adapta perfectamente a tu sitio de WooCommerce. Puedes cambiar completamente el estilo general del plugin para que sea una parte inseparable del dise\u00f1o de tu sitio web. Comienza a construir tu plugin de WhatsApp Business, selecciona una de las plantillas y luego ajusta su apariencia para que se ajuste al estilo de tu marca. Y con la ayuda de muchas otras caracter\u00edsticas, har\u00e1s que el plugin de chat funcione para los objetivos de tu negocio, logrando que sean f\u00e1ciles de alcanzar. Puedes probarlo en cualquier momento de forma gratuita en nuestro intuitivo y pr\u00e1ctico configurador.<\/p><p><b>\u00a1Usa el plugin de Whatsapp Messenger para lograr tus objetivos de negocio con menos esfuerzo!<\/b><\/p><\/div> <div class=\"application-platform-content-item-features application-platform-content-item\" id=\"features\" data-nav-section=\"features\"><h2>Principales caracter\u00edsticas del plugin de WhatsApp Chat<\/h2><ul><li>Inserta el mensajero en tu sitio web para chatear con los clientes;<\/li><li>Contin\u00faa comunic\u00e1ndote directamente desde tu p\u00e1gina de Whatsapp;<\/li><li>Prueba 3 variantes de la posici\u00f3n del chat: como burbuja flotante, burbuja incrustada y ventana de chat incrustada;<\/li><li>Usa un conjunto de iconos de burbuja para elegir. Elige tu icono de burbuja de nuestra colecci\u00f3n de iconos disponibles;<\/li><li>Introduce tu propio texto en la burbuja del chat.<\/li><\/ul><p><a href=\"#demo\">Puedes ver la funcionalidad completa del widget en la demostraci\u00f3n a continuaci\u00f3n<\/a><\/p><\/div><div class=\"application-platform-content-item-installation application-platform-content-item\" id=\"installation\" data-nav-section=\"installation\"><h2>\u00bfC\u00f3mo agregar WhatsApp Chat en mi sitio WooCommerce?<\/h2><p>Sigue los siguientes pasos para insertar el plugin.<\/p><ol><li><b>Abre nuestro editor gratuito y comienza a crear tu herramienta personalizada.<\/b><br>Especifica la interfaz preferida y los par\u00e1metros del widget y guarda los cambios.<\/li><li><b>Copia tu c\u00f3digo personal que aparece en la ventana de Elfsight Apps.<\/b><br>Una vez que se complete la configuraci\u00f3n de tu plugin, copia el c\u00f3digo exclusivo de la ventana emergente y gu\u00e1rdalo para necesidades futuras.<\/li><li><b>Comienza a utilizar el widget en el sitio WooCommerce.<\/b><br>Integra el c\u00f3digo que guardaste previamente en tu p\u00e1gina de inicio y guarda las modificaciones.<\/li><li><b>La instalaci\u00f3n se ha realizado con \u00e9xito.<\/b><br>Visita tu p\u00e1gina para ver en acci\u00f3n el funcionamiento del plugin.<\/li><\/ol><p>En caso de que tengas preguntas o encuentres algunos problemas, por favor contacta con nuestro equipo de soporte. Nuestros especialistas estar\u00e1n encantados de ayudarte con todas las dificultades que puedas tener con el plugin.<\/p><\/div><div class=\"faq\" data-component=\"FAQ\"><div class=\"faq-item\">\r\n\t\t\t\t\t<div class=\"faq-item-question\">\r\n\t\t\t\t\t\t<h3 class=\"faq-item-question-text\">\u00bfC\u00f3mo puedo incrustar WhatsApp Chat en mi p\u00e1gina WooCommerce sin conocimientos de programaci\u00f3n?<\/h3>\r\n\r\n\t\t\t\t\t\t<div class=\"faq-item-question-icon\"><\/div>\r\n\t\t\t\t\t<\/div>\r\n\r\n\t\t\t\t\t<div class=\"faq-item-answer\">\r\n\t\t\t\t\t\t<div class=\"faq-item-answer-text\"><p>La empresa Elfsight ofrece una soluci\u00f3n que permite a los usuarios generar un widget de WhatsApp Chat por s\u00ed mismos, descubre lo sencillo que es:<\/p><ul><li>Ve al Demo en l\u00ednea para crear la aplicaci\u00f3n WhatsApp Chat que te gustar\u00eda ver en tu p\u00e1gina WooCommerce.<\/li><li>Selecciona una de nuestras plantillas pre-dise\u00f1adas y ajusta la configuraci\u00f3n del WhatsApp Chat, cambia el dise\u00f1o y el esquema de colores, agrega tu contenido sin necesidad de conocimientos de programaci\u00f3n.<\/li><li>Guarda el WhatsApp Chat y copia el c\u00f3digo del widget para su instalaci\u00f3n, que puede ser f\u00e1cilmente a\u00f1adido de forma gratuita en cualquier p\u00e1gina WooCommerce.<\/li><\/ul><p>Con la ayuda de nuestro f\u00e1cil de usar Editor, cualquier usuario de internet puede crear WhatsApp Chat en l\u00ednea y agregarlo sin esfuerzo a cualquier sitio WooCommerce. No es necesario pagar ni proporcionar tus credenciales de tarjeta para acceder al Editor. Si encuentras alg\u00fan problema, no dudes en ponerte en contacto con nuestro soporte t\u00e9cnico.<\/p><\/div>\r\n\t\t\t\t\t<\/div>\r\n\t\t\t\t<\/div><\/div>","protected":false},"excerpt":{"rendered":"","protected":false},"author":18,"featured_media":0,"parent":1506,"menu_order":0,"comment_status":"closed","ping_status":"closed","template":"templates\/template-application-platform.php","meta":{"publish_to_discourse":"","publish_post_category":"","wpdc_auto_publish_overridden":"","wpdc_topic_tags":"","wpdc_pin_topic":"","wpdc_pin_until":"","discourse_post_id":"","discourse_permalink":"","wpdc_publishing_response":"","wpdc_publishing_error":"","footnotes":""},"class_list":["post-4314","page","type-page","status-publish","hentry"],"yoast_head":"<!-- This site is optimized with the Yoast SEO plugin v25.3.1 - https:\/\/yoast.com\/wordpress\/plugins\/seo\/ -->\n<title>Chat de WhatsApp - Incrustar plugin de Plugin de WhatsApp al WooCommerce<\/title>\n<meta name=\"description\" content=\"A\u00f1ade un widget hermoso de Chat de WhatsApp en su sitio de WooCommerce. Use la demo de Elfsight manejable y cree su plugin personalizado.\" \/>\n<meta name=\"robots\" content=\"index, follow, max-snippet:-1, max-image-preview:large, max-video-preview:-1\" \/>\n<link rel=\"canonical\" href=\"https:\/\/elfsight.com\/es\/whatsapp-chat-widget\/woocommerce\/\" \/>\n<meta property=\"og:locale\" content=\"es_ES\" \/>\n<meta property=\"og:type\" content=\"article\" \/>\n<meta property=\"og:title\" content=\"Chat de WhatsApp - Incrustar plugin de Plugin de WhatsApp al WooCommerce\" \/>\n<meta property=\"og:description\" content=\"A\u00f1ade un widget hermoso de Chat de WhatsApp en su sitio de WooCommerce. Use la demo de Elfsight manejable y cree su plugin personalizado.\" \/>\n<meta property=\"og:url\" content=\"https:\/\/elfsight.com\/es\/whatsapp-chat-widget\/woocommerce\/\" \/>\n<meta property=\"og:site_name\" content=\"Elfsight ES\" \/>\n<meta property=\"article:modified_time\" content=\"2025-02-06T15:21:35+00:00\" \/>\n<meta name=\"twitter:card\" content=\"summary_large_image\" \/>\n<meta name=\"twitter:label1\" content=\"Tiempo de lectura\" \/>\n\t<meta name=\"twitter:data1\" content=\"2 minutos\" \/>\n<!-- \/ Yoast SEO plugin. -->","yoast_head_json":{"title":"Chat de WhatsApp - Incrustar plugin de Plugin de WhatsApp al WooCommerce","description":"A\u00f1ade un widget hermoso de Chat de WhatsApp en su sitio de WooCommerce. Use la demo de Elfsight manejable y cree su plugin personalizado.","robots":{"index":"index","follow":"follow","max-snippet":"max-snippet:-1","max-image-preview":"max-image-preview:large","max-video-preview":"max-video-preview:-1"},"canonical":"https:\/\/elfsight.com\/es\/whatsapp-chat-widget\/woocommerce\/","og_locale":"es_ES","og_type":"article","og_title":"Chat de WhatsApp - Incrustar plugin de Plugin de WhatsApp al WooCommerce","og_description":"A\u00f1ade un widget hermoso de Chat de WhatsApp en su sitio de WooCommerce. Use la demo de Elfsight manejable y cree su plugin personalizado.","og_url":"https:\/\/elfsight.com\/es\/whatsapp-chat-widget\/woocommerce\/","og_site_name":"Elfsight ES","article_modified_time":"2025-02-06T15:21:35+00:00","twitter_card":"summary_large_image","twitter_misc":{"Tiempo de lectura":"2 minutos"},"schema":{"@context":"https:\/\/schema.org","@graph":[{"@type":"WebPage","@id":"https:\/\/elfsight.com\/es\/whatsapp-chat-widget\/woocommerce\/","url":"https:\/\/elfsight.com\/es\/whatsapp-chat-widget\/woocommerce\/","name":"Chat de WhatsApp - Incrustar plugin de Plugin de WhatsApp al WooCommerce","isPartOf":{"@id":"https:\/\/elfsight.com\/es\/#website"},"datePublished":"2022-02-11T11:30:51+00:00","dateModified":"2025-02-06T15:21:35+00:00","description":"A\u00f1ade un widget hermoso de Chat de WhatsApp en su sitio de WooCommerce. Use la demo de Elfsight manejable y cree su plugin personalizado.","breadcrumb":{"@id":"https:\/\/elfsight.com\/es\/whatsapp-chat-widget\/woocommerce\/#breadcrumb"},"inLanguage":"es","potentialAction":[{"@type":"ReadAction","target":["https:\/\/elfsight.com\/es\/whatsapp-chat-widget\/woocommerce\/"]}]},{"@type":"BreadcrumbList","@id":"https:\/\/elfsight.com\/es\/whatsapp-chat-widget\/woocommerce\/#breadcrumb","itemListElement":[{"@type":"ListItem","position":1,"name":"Home","item":"https:\/\/elfsight.com\/es\/"},{"@type":"ListItem","position":2,"name":"WhatsApp Chat","item":"https:\/\/elfsight.com\/es\/whatsapp-chat-widget\/"},{"@type":"ListItem","position":3,"name":"WhatsApp Chat &#8211; WooCommerce"}]},{"@type":"WebSite","@id":"https:\/\/elfsight.com\/es\/#website","url":"https:\/\/elfsight.com\/es\/","name":"Elfsight ES","description":"Just another Elfsight Sites site","potentialAction":[{"@type":"SearchAction","target":{"@type":"EntryPoint","urlTemplate":"https:\/\/elfsight.com\/es\/?s={search_term_string}"},"query-input":{"@type":"PropertyValueSpecification","valueRequired":true,"valueName":"search_term_string"}}],"inLanguage":"es"}]}},"meta_box":{"industry":"","seo_heading":"","heading":"","description":"","cta_heading":"","cta_description":"","application":"1505","h1":"complemento de Chat de WhatsApp para WooCommerce","h1_caption":"La forma m\u00e1s r\u00e1pida de establecer la interacci\u00f3n con los clientes en el sitio web","application_category":[],"applications_title":"","applications_request_title":"","applications_request_button_text":"","hero_text":"","hero_video":"","hero_video_schema_markup":"","selling_points_title":"","selling_points_caption":"","selling_points":[],"selling_points_cta_text":"","features_title":"","features":"","ed_cta_examples_text":"","ed_cta_examples_hidden":"","ed_cta_demo_text":"","ed_cta_demo_hidden":"","why_caption":"","why_editor_title":"","why_editor_text":"","why_team_title":"","why_team_text":"","why_service_title":"","why_service_text":"","template_catalog_visible":"","template_catalog_title":"","template_catalog_text":"","template_catalog_categories_visible":"","demo_title":"Crea tu aplicaci\u00f3n de chat de WhatsApp","demo_caption":"\u00a1Configura tu chat de WhatsApp y agr\u00e9galo a tu sitio web WooCommerce gratis!","default_faq_hidden":"","app_template_category":[],"platform":"2311","template_public_id":"","codecanyon_url":"","codecanyon_item_id":"","codecanyon_price":"","pricing_caption":"","pricing_elfsight_apps_hide_column":"","pricing_elfsight_apps_url":"","pricing_codecanyon_price_caption":"","integration_category":[],"integration_request_title":"","integration_request_cta":"","integration_platform":"","integrations":[],"platform_category":[],"video_schema_markup":"","price":"desde $0 por mes","trial":"","benefits":[{"text":"Instalaci\u00f3n gratuita"},{"text":"Soporte Premium"},{"text":"14 d\u00edas garant\u00eda de reembolso"},{"text":"Actualizaciones regulares"}],"button_url":"#demo","button_target_blank":"0","button_nofollow":"0","attributes":[{"name":"Responsivo","content":"Si","_state":"expanded"},{"name":"Navegadores compatibles","content":"Firefox, Safari, Opera, Chrome, Edge","_state":"expanded"}],"tags":[],"tags_disable_links":"0","hide_more_platforms":"","video_object":"","demo_hide_cta":"0","demo_hide_cloud_options":"0","pricing_title":"","pricing":[{"pricing_icon":"platform","pricing_title":" Elfsight Apps","pricing_title_caption":"Soluci\u00f3n multiplataforma - valido para cualquier p\u00e1gina web","pricing_price":"desde $0 por mes","pricing_price_caption":"empezar con un plan gratuito","pricing_benefits":[{"text":"Sitios web ilimitados"},{"text":"Atenci\u00f3n al cliente gratuita y r\u00e1pida"},{"text":"Servicio de instalaci\u00f3n gratuito"},{"text":"Totalmente personalizable"}],"pricing_button_text":"Agregar al sitio web","pricing_button_url":"#demo","_state":"expanded"}],"related_apps_title":"","related_apps_hidden":"1","author":"","image":[],"title":"","job":"","social_networks":[]},"_links":{"self":[{"href":"https:\/\/elfsight.com\/es\/wp-json\/wp\/v2\/pages\/4314","targetHints":{"allow":["GET"]}}],"collection":[{"href":"https:\/\/elfsight.com\/es\/wp-json\/wp\/v2\/pages"}],"about":[{"href":"https:\/\/elfsight.com\/es\/wp-json\/wp\/v2\/types\/page"}],"author":[{"embeddable":true,"href":"https:\/\/elfsight.com\/es\/wp-json\/wp\/v2\/users\/18"}],"replies":[{"embeddable":true,"href":"https:\/\/elfsight.com\/es\/wp-json\/wp\/v2\/comments?post=4314"}],"version-history":[{"count":3,"href":"https:\/\/elfsight.com\/es\/wp-json\/wp\/v2\/pages\/4314\/revisions"}],"predecessor-version":[{"id":18162,"href":"https:\/\/elfsight.com\/es\/wp-json\/wp\/v2\/pages\/4314\/revisions\/18162"}],"up":[{"embeddable":true,"href":"https:\/\/elfsight.com\/es\/wp-json\/wp\/v2\/pages\/1506"}],"wp:attachment":[{"href":"https:\/\/elfsight.com\/es\/wp-json\/wp\/v2\/media?parent=4314"}],"curies":[{"name":"wp","href":"https:\/\/api.w.org\/{rel}","templated":true}]}}