{"id":4310,"date":"2022-02-11T11:31:10","date_gmt":"2022-02-11T11:31:10","guid":{"rendered":"https:\/\/elfsight.com\/es\/?page_id=4310"},"modified":"2025-11-01T10:11:10","modified_gmt":"2025-11-01T10:11:10","slug":"wix","status":"publish","type":"page","link":"https:\/\/elfsight.com\/es\/whatsapp-chat-widget\/wix\/","title":{"rendered":"Whatsapp Chat &#8211; Wix"},"content":{"rendered":"<div class=\"application-platform-content-item-description application-platform-content-item\" id=\"description\" data-nav-section=\"description\"> <h2>Incrusta el Chat de WhatsApp con el Widget de Elfsight<\/h2> <p>La aplicaci\u00f3n de WhatsApp de Elfsight es la herramienta m\u00e1s sencilla para que los clientes de tu sitio web se mantengan conectados contigo y reciban respuestas a sus preguntas y solicitudes. Est\u00e9 disponible en l\u00ednea para los visitantes en el mensajero m\u00e1s popular las 24 horas del d\u00eda. Inserta el chat en tu tienda y haz que aparezca en las p\u00e1ginas seleccionadas o para grupos particulares de usuarios, elige los disparadores para iniciar el chat, muestra tu propio mensaje de bienvenida, selecciona \u00edconos y aplica otras personalizaciones. Con el chat de WhatsApp instalado en el sitio, estar\u00e1s disponible para tus visitantes en cualquier momento y desde cualquier lugar.<\/p> <\/div><div class=\"application-platform-content-item-features application-platform-content-item\" id=\"features\" data-nav-section=\"features\"> <h2>Caracter\u00edsticas principales del Plugin de WhatsApp Chat<\/h2> <p>Para tener una mejor percepci\u00f3n del bot\u00f3n de WhatsApp Live Chat, aqu\u00ed tienes una lista de las caracter\u00edsticas m\u00e1s valiosas. Estas hacen que este widget sea extremadamente beneficioso para ti:<\/p> <ul><li>Incorpora WhatsApp Messenger en tu p\u00e1gina web para estar siempre disponible para los clientes;<\/li><li>Proporciona respuestas directamente desde tu cuenta de WhatsApp;<\/li><li>Elige uno de los tres tipos de dise\u00f1o de chat: burbuja flotante, burbuja incrustada y ventana de chat incrustada;<\/li><li>Descubre una colecci\u00f3n de \u00edconos de burbuja para elegir;<\/li><li>Edita el texto de la burbuja de chat.<\/li><\/ul><p><a href=\"#demo\">La demostraci\u00f3n en vivo te revelar\u00e1 una lista completa de caracter\u00edsticas<\/a><\/p> <\/div><div class=\"application-platform-content-item-installation application-platform-content-item\" id=\"installation\" data-nav-section=\"installation\"> <h2>C\u00f3mo a\u00f1adir la aplicaci\u00f3n de Chat en Vivo a tu p\u00e1gina Wix<\/h2> <div><iframe width=\"720\" height=\"405\" src=\"https:\/\/www.youtube.com\/embed\/WGcyfGyfAdw?si=7eiEZD0WBk8rXO8q\" frameborder=\"0\" allowfullscreen=\"\"><\/iframe><\/div>  <p>Los siguientes pasos son lo \u00fanico que necesitas para mostrar el widget de WhatsApp y completar la integraci\u00f3n del bot\u00f3n.<\/p> <ul><li><b>Dise\u00f1a tu propia aplicaci\u00f3n de WhatsApp Chat<\/b><br> Utilizando nuestra demostraci\u00f3n gratuita, crea un plugin con una composici\u00f3n y caracter\u00edsticas funcionales preferidas.<\/li><li><b>Copia el c\u00f3digo \u00fanico para instalar la aplicaci\u00f3n<\/b><br> Despu\u00e9s de haber creado tu plugin, recibir\u00e1s el c\u00f3digo \u00fanico desde la ventana emergente en Elfsight Apps. Copia el c\u00f3digo.<\/li> <li><b>Muestra la aplicaci\u00f3n en tu sitio Wix<\/b><br> Encuentra el lugar donde deseas incrustar el plugin y pega el c\u00f3digo guardado all\u00ed. Publica los cambios.<\/li> <li><b>Has completado la instalaci\u00f3n<\/b><br> Ve a tu sitio, para comprobar tu trabajo.<\/li> <\/ul><p>\u00bfA\u00fan no puedes decidirte? \u00bfO tienes problemas? Simplemente env\u00eda una solicitud a nuestro equipo de soporte al cliente y ellos resolver\u00e1n cualquier duda.<\/p> <\/div><div class=\"faq\" data-component=\"FAQ\"><div class=\"faq-item\">\r\n\t\t\t\t\t<div class=\"faq-item-question\">\r\n\t\t\t\t\t\t<h3 class=\"faq-item-question-text\">\u00bfC\u00f3mo a\u00f1adir el widget de WhatsApp Chat a un sitio Wix?<\/h3>\r\n\r\n\t\t\t\t\t\t<div class=\"faq-item-question-icon\"><\/div>\r\n\t\t\t\t\t<\/div>\r\n\r\n\t\t\t\t\t<div class=\"faq-item-answer\">\r\n\t\t\t\t\t\t<div class=\"faq-item-answer-text\"><p>La instalaci\u00f3n tomar\u00e1 aproximadamente un minuto y medio. Adem\u00e1s, no necesitas tener conocimientos de programaci\u00f3n.<\/p> <ol><li>Personaliza el widget en el configurador en vivo gratuito.<\/li><li>Copia tu c\u00f3digo de instalaci\u00f3n.<\/li><li>Inserta el c\u00f3digo en el lugar necesario en la plantilla de tu sitio.<\/li><li>\u00a1Eso es todo! La integraci\u00f3n del bot\u00f3n de chat en Wix est\u00e1 completada.<\/li><\/ol><p>\u00bfTienes problemas para agregar el plugin a Wix o configurarlo? Puedes leer la gu\u00eda detallada sobre <a href=\"https:\/\/elfsight.com\/blog\/how-to-add-whatsapp-chat-to-wix-for-free\/\">c\u00f3mo a\u00f1adir WhatsApp Chat a Wix<\/a>.<\/p><\/div>\r\n\t\t\t\t\t<\/div>\r\n\t\t\t\t<\/div><div class=\"faq-item\">\r\n\t\t\t\t\t<div class=\"faq-item-question\">\r\n\t\t\t\t\t\t<h3 class=\"faq-item-question-text\">\u00bfPuedo ver c\u00f3mo se ver\u00e1 el widget en mi sitio?<\/h3>\r\n\r\n\t\t\t\t\t\t<div class=\"faq-item-question-icon\"><\/div>\r\n\t\t\t\t\t<\/div>\r\n\r\n\t\t\t\t\t<div class=\"faq-item-answer\">\r\n\t\t\t\t\t\t<div class=\"faq-item-answer-text\"><p>\u00a1S\u00ed, puedes! En el proceso de desarrollo del widget de WhatsApp Chat para Wix <a href=\"https:\/\/elfsight.com\/whatsapp-chat-widget\/create\/\">en el creador en l\u00ednea gratuito<\/a>, ver\u00e1s todas las configuraciones en la parte derecha. La caja de chat ser\u00e1 id\u00e9ntica a lo que tendr\u00e1s en un sitio Wix.<\/p><\/div>\r\n\t\t\t\t\t<\/div>\r\n\t\t\t\t<\/div><div class=\"faq-item\">\r\n\t\t\t\t\t<div class=\"faq-item-question\">\r\n\t\t\t\t\t\t<h3 class=\"faq-item-question-text\">\u00bfCu\u00e1les son los widgets comunes imprescindibles para un sitio Wix?<\/h3>\r\n\r\n\t\t\t\t\t\t<div class=\"faq-item-question-icon\"><\/div>\r\n\t\t\t\t\t<\/div>\r\n\r\n\t\t\t\t\t<div class=\"faq-item-answer\">\r\n\t\t\t\t\t\t<div class=\"faq-item-answer-text\"><p>Existen muchos widgets para Wix que pueden mejorar f\u00e1cilmente tu sitio web. Por ejemplo, hay otros widgets de chat como All-in-One Chat, <a href=\"https:\/\/elfsight.com\/facebook-chat-widget\/wix\/\" target=\"_blank\" rel=\"noopener\">Facebook Chat<\/a>, <a href=\"https:\/\/elfsight.com\/telegram-chat-widget\/wix\/\" target=\"_blank\" rel=\"noopener\">Telegram Chat<\/a>, <a href=\"https:\/\/elfsight.com\/viber-chat-widget\/wix\/\" target=\"_blank\" rel=\"noopener\">Viber Chat<\/a>. Todos son f\u00e1ciles de implementar y pueden mejorar significativamente el rendimiento de tu sitio web.<\/p><\/div>\r\n\t\t\t\t\t<\/div>\r\n\t\t\t\t<\/div><div class=\"faq-item\">\r\n\t\t\t\t\t<div class=\"faq-item-question\">\r\n\t\t\t\t\t\t<h3 class=\"faq-item-question-text\">Las mejores maneras de usar la integraci\u00f3n de WhatsApp Live Chat<\/h3>\r\n\r\n\t\t\t\t\t\t<div class=\"faq-item-question-icon\"><\/div>\r\n\t\t\t\t\t<\/div>\r\n\r\n\t\t\t\t\t<div class=\"faq-item-answer\">\r\n\t\t\t\t\t\t<div class=\"faq-item-answer-text\"><p>Tenemos muchas opciones de ajuste: widgets de longitud completa para agregar en la secci\u00f3n de contenido, plugins flotantes para oportunidades de desplazamiento, dise\u00f1os para el pie de p\u00e1gina de tu sitio, la secci\u00f3n de encabezado y todo tipo de oportunidades verticales para las barras laterales y men\u00fas del sitio web.<\/p><\/div>\r\n\t\t\t\t\t<\/div>\r\n\t\t\t\t<\/div><div class=\"faq-item\">\r\n\t\t\t\t\t<div class=\"faq-item-question\">\r\n\t\t\t\t\t\t<h3 class=\"faq-item-question-text\">\u00bfQu\u00e9 resultados puedo esperar tras instalar WhatsApp Chat en mi sitio Wix?<\/h3>\r\n\r\n\t\t\t\t\t\t<div class=\"faq-item-question-icon\"><\/div>\r\n\t\t\t\t\t<\/div>\r\n\r\n\t\t\t\t\t<div class=\"faq-item-answer\">\r\n\t\t\t\t\t\t<div class=\"faq-item-answer-text\"><p>El bot\u00f3n de WhatsApp en Wix puede influir significativamente en el rendimiento de tu sitio web de manera positiva. Deja solo recuerdos positivos de tu servicio de atenci\u00f3n al cliente entre tu audiencia. T\u00fa decides qui\u00e9n ver\u00e1 el plugin de WhatsApp en tu sitio web. La integraci\u00f3n de WhatsApp en Wix est\u00e1 dise\u00f1ada para ayudarte a proporcionar todo tipo de soporte como atenci\u00f3n al cliente \u00a1y mucho m\u00e1s! Puedes simplemente comunicarte con tus usuarios, discutiendo cualquier cosa que desees. A\u00f1ade el bot\u00f3n de WhatsApp a tu sitio Wix y ver\u00e1s crecer el nivel de satisfacci\u00f3n del cliente y tu negocio florecer\u00e1.<\/p><\/div>\r\n\t\t\t\t\t<\/div>\r\n\t\t\t\t<\/div><div class=\"faq-item\">\r\n\t\t\t\t\t<div class=\"faq-item-question\">\r\n\t\t\t\t\t\t<h3 class=\"faq-item-question-text\">\u00bfC\u00f3mo puedo modificar el aspecto y las funciones de mi chat para Wix?<\/h3>\r\n\r\n\t\t\t\t\t\t<div class=\"faq-item-question-icon\"><\/div>\r\n\t\t\t\t\t<\/div>\r\n\r\n\t\t\t\t\t<div class=\"faq-item-answer\">\r\n\t\t\t\t\t\t<div class=\"faq-item-answer-text\"><p>Una amplia gama de opciones de personalizaci\u00f3n est\u00e1 disponible para quienes eligen nuestro chat de WhatsApp. Esto significa que podr\u00e1s a\u00f1adir a tu sitio web Wix una funci\u00f3n de WhatsApp hecha solo para ti. Puedes cambiar completamente el aspecto del plugin para que se convierta en una parte integral del dise\u00f1o y estilo de tu sitio web. Simplemente comienza creando el plugin, elige una de las plantillas y luego cambia su aspecto para que se ajuste al estilo de tu marca. Usando toneladas de otras opciones, har\u00e1s que el plugin trabaje para tus objetivos comerciales, haci\u00e9ndolos realmente f\u00e1ciles de alcanzar. Pru\u00e9balo ahora y descubre lo f\u00e1cil que es en nuestro configurador gratuito.<\/p><\/div>\r\n\t\t\t\t\t<\/div>\r\n\t\t\t\t<\/div><\/div>","protected":false},"excerpt":{"rendered":"","protected":false},"author":18,"featured_media":0,"parent":1506,"menu_order":0,"comment_status":"closed","ping_status":"closed","template":"templates\/template-application-platform.php","meta":{"publish_to_discourse":"","publish_post_category":"","wpdc_auto_publish_overridden":"","wpdc_topic_tags":"","wpdc_pin_topic":"","wpdc_pin_until":"","discourse_post_id":"","discourse_permalink":"","wpdc_publishing_response":"","wpdc_publishing_error":"","footnotes":""},"class_list":["post-4310","page","type-page","status-publish","hentry"],"yoast_head":"<!-- This site is optimized with the Yoast SEO plugin v25.3.1 - https:\/\/yoast.com\/wordpress\/plugins\/seo\/ -->\n<title>Chat de WhatsApp - Agregar plugin de Plugin de WhatsApp al Wix<\/title>\n<meta name=\"description\" content=\"A\u00f1ade un widget interactivo de Chat de WhatsApp en su sitio web de Wix. Pruebe la demo de Elfsight manejable y construe su plugin personalizado.\" \/>\n<meta name=\"robots\" content=\"index, follow, max-snippet:-1, max-image-preview:large, max-video-preview:-1\" \/>\n<link rel=\"canonical\" href=\"https:\/\/elfsight.com\/es\/whatsapp-chat-widget\/wix\/\" \/>\n<meta property=\"og:locale\" content=\"es_ES\" \/>\n<meta property=\"og:type\" content=\"article\" \/>\n<meta property=\"og:title\" content=\"Chat de WhatsApp - Agregar plugin de Plugin de WhatsApp al Wix\" \/>\n<meta property=\"og:description\" content=\"A\u00f1ade un widget interactivo de Chat de WhatsApp en su sitio web de Wix. Pruebe la demo de Elfsight manejable y construe su plugin personalizado.\" \/>\n<meta property=\"og:url\" content=\"https:\/\/elfsight.com\/es\/whatsapp-chat-widget\/wix\/\" \/>\n<meta property=\"og:site_name\" content=\"Elfsight ES\" \/>\n<meta property=\"article:modified_time\" content=\"2025-11-01T10:11:10+00:00\" \/>\n<meta name=\"twitter:card\" content=\"summary_large_image\" \/>\n<meta name=\"twitter:label1\" content=\"Tiempo de lectura\" \/>\n\t<meta name=\"twitter:data1\" content=\"5 minutos\" \/>\n<!-- \/ Yoast SEO plugin. -->","yoast_head_json":{"title":"Chat de WhatsApp - Agregar plugin de Plugin de WhatsApp al Wix","description":"A\u00f1ade un widget interactivo de Chat de WhatsApp en su sitio web de Wix. Pruebe la demo de Elfsight manejable y construe su plugin personalizado.","robots":{"index":"index","follow":"follow","max-snippet":"max-snippet:-1","max-image-preview":"max-image-preview:large","max-video-preview":"max-video-preview:-1"},"canonical":"https:\/\/elfsight.com\/es\/whatsapp-chat-widget\/wix\/","og_locale":"es_ES","og_type":"article","og_title":"Chat de WhatsApp - Agregar plugin de Plugin de WhatsApp al Wix","og_description":"A\u00f1ade un widget interactivo de Chat de WhatsApp en su sitio web de Wix. Pruebe la demo de Elfsight manejable y construe su plugin personalizado.","og_url":"https:\/\/elfsight.com\/es\/whatsapp-chat-widget\/wix\/","og_site_name":"Elfsight ES","article_modified_time":"2025-11-01T10:11:10+00:00","twitter_card":"summary_large_image","twitter_misc":{"Tiempo de lectura":"5 minutos"},"schema":{"@context":"https:\/\/schema.org","@graph":[{"@type":"WebPage","@id":"https:\/\/elfsight.com\/es\/whatsapp-chat-widget\/wix\/","url":"https:\/\/elfsight.com\/es\/whatsapp-chat-widget\/wix\/","name":"Chat de WhatsApp - Agregar plugin de Plugin de WhatsApp al Wix","isPartOf":{"@id":"https:\/\/elfsight.com\/es\/#website"},"datePublished":"2022-02-11T11:31:10+00:00","dateModified":"2025-11-01T10:11:10+00:00","description":"A\u00f1ade un widget interactivo de Chat de WhatsApp en su sitio web de Wix. Pruebe la demo de Elfsight manejable y construe su plugin personalizado.","breadcrumb":{"@id":"https:\/\/elfsight.com\/es\/whatsapp-chat-widget\/wix\/#breadcrumb"},"inLanguage":"es","potentialAction":[{"@type":"ReadAction","target":["https:\/\/elfsight.com\/es\/whatsapp-chat-widget\/wix\/"]}]},{"@type":"BreadcrumbList","@id":"https:\/\/elfsight.com\/es\/whatsapp-chat-widget\/wix\/#breadcrumb","itemListElement":[{"@type":"ListItem","position":1,"name":"Home","item":"https:\/\/elfsight.com\/es\/"},{"@type":"ListItem","position":2,"name":"WhatsApp Chat","item":"https:\/\/elfsight.com\/es\/whatsapp-chat-widget\/"},{"@type":"ListItem","position":3,"name":"Whatsapp Chat &#8211; Wix"}]},{"@type":"WebSite","@id":"https:\/\/elfsight.com\/es\/#website","url":"https:\/\/elfsight.com\/es\/","name":"Elfsight ES","description":"Just another Elfsight Sites site","potentialAction":[{"@type":"SearchAction","target":{"@type":"EntryPoint","urlTemplate":"https:\/\/elfsight.com\/es\/?s={search_term_string}"},"query-input":{"@type":"PropertyValueSpecification","valueRequired":true,"valueName":"search_term_string"}}],"inLanguage":"es"}]}},"meta_box":{"industry":"","seo_heading":"","heading":"","description":"","cta_heading":"","cta_description":"","application":"1505","h1":"complemento de Chat de WhatsApp para Wix","h1_caption":"Brinde a los usuarios la oportunidad de comunicarse con usted por WhatsApp, garantizando la interacci\u00f3n m\u00e1s r\u00e1pida y conveniente para los visitantes de su sitio web en su sitio web Wix sin esfuerzo.","application_category":[],"applications_title":"","applications_request_title":"","applications_request_button_text":"","hero_text":"","hero_video":"","hero_video_schema_markup":"","selling_points_title":"","selling_points_caption":"","selling_points":[],"selling_points_cta_text":"","features_title":"","features":"","ed_cta_examples_text":"","ed_cta_examples_hidden":"","ed_cta_demo_text":"","ed_cta_demo_hidden":"","why_caption":"","why_editor_title":"","why_editor_text":"","why_team_title":"","why_team_text":"","why_service_title":"","why_service_text":"","template_catalog_visible":"0","template_catalog_title":"","template_catalog_text":"","template_catalog_categories_visible":"","demo_title":"Crea tu aplicaci\u00f3n de Chat de Whatsapp","demo_caption":"\u00a1Configura tu chat de Whatsapp y agr\u00e9galo a tu sitio web Wix gratis!","default_faq_hidden":"","app_template_category":[],"platform":"112","template_public_id":"","codecanyon_url":"","codecanyon_item_id":"","codecanyon_price":"","pricing_caption":"","pricing_elfsight_apps_hide_column":"","pricing_elfsight_apps_url":"","pricing_codecanyon_price_caption":"","integration_category":[],"integration_request_title":"","integration_request_cta":"","integration_platform":"","integrations":[],"platform_category":[],"video_schema_markup":"","price":"desde $0 por mes","trial":"","benefits":[{"text":"Instalaci\u00f3n gratuita"},{"text":"Soporte Premium"},{"text":"14 d\u00edas garant\u00eda de reembolso"},{"text":"Actualizaciones regulares"}],"button_url":"#demo","button_target_blank":"0","button_nofollow":"0","attributes":[{"name":"Responsivo","content":"Si","_state":"expanded"},{"name":"Navegadores compatibles","content":"Firefox, Safari, Opera, Chrome, Edge","_state":"expanded"}],"tags":[],"tags_disable_links":"0","hide_more_platforms":"","video_object":"","demo_hide_cta":"0","demo_hide_cloud_options":"0","pricing_title":"","pricing":[{"pricing_icon":"platform","pricing_title":" Elfsight Apps","pricing_title_caption":"Soluci\u00f3n multiplataforma - valido para cualquier p\u00e1gina web","pricing_price":"desde $0 por mes","pricing_price_caption":"empezar con un plan gratuito","pricing_benefits":[{"text":"Sitios web ilimitados"},{"text":"Atenci\u00f3n al cliente gratuita y r\u00e1pida"},{"text":"Servicio de instalaci\u00f3n gratuito"},{"text":"Totalmente personalizable"}],"pricing_button_text":"Agregar al sitio web","pricing_button_url":"#demo","_state":"expanded"}],"related_apps_title":"","related_apps_hidden":"1","author":"","image":[],"title":"","job":"","social_networks":[]},"_links":{"self":[{"href":"https:\/\/elfsight.com\/es\/wp-json\/wp\/v2\/pages\/4310","targetHints":{"allow":["GET"]}}],"collection":[{"href":"https:\/\/elfsight.com\/es\/wp-json\/wp\/v2\/pages"}],"about":[{"href":"https:\/\/elfsight.com\/es\/wp-json\/wp\/v2\/types\/page"}],"author":[{"embeddable":true,"href":"https:\/\/elfsight.com\/es\/wp-json\/wp\/v2\/users\/18"}],"replies":[{"embeddable":true,"href":"https:\/\/elfsight.com\/es\/wp-json\/wp\/v2\/comments?post=4310"}],"version-history":[{"count":3,"href":"https:\/\/elfsight.com\/es\/wp-json\/wp\/v2\/pages\/4310\/revisions"}],"predecessor-version":[{"id":18160,"href":"https:\/\/elfsight.com\/es\/wp-json\/wp\/v2\/pages\/4310\/revisions\/18160"}],"up":[{"embeddable":true,"href":"https:\/\/elfsight.com\/es\/wp-json\/wp\/v2\/pages\/1506"}],"wp:attachment":[{"href":"https:\/\/elfsight.com\/es\/wp-json\/wp\/v2\/media?parent=4310"}],"curies":[{"name":"wp","href":"https:\/\/api.w.org\/{rel}","templated":true}]}}