{"id":4298,"date":"2022-02-11T11:33:02","date_gmt":"2022-02-11T11:33:02","guid":{"rendered":"https:\/\/elfsight.com\/es\/?page_id=4298"},"modified":"2025-02-06T15:21:19","modified_gmt":"2025-02-06T15:21:19","slug":"webflow","status":"publish","type":"page","link":"https:\/\/elfsight.com\/es\/whatsapp-chat-widget\/webflow\/","title":{"rendered":"Whatsapp Chat &#8211; Webflow"},"content":{"rendered":"<div class=\"application-platform-content-item-description application-platform-content-item\" id=\"description\" data-nav-section=\"description\"> <h2>Incrusta el Chat de WhatsApp con el Widget de Elfsight<\/h2> <p>El widget de WhatsApp creado por Elfsight es una manera f\u00e1cil para que los visitantes de tu sitio web se pongan en contacto contigo y obtengan respuestas a sus preguntas. Puedes estar disponible en l\u00ednea para los clientes en su mensajero preferido en todo momento. Inserta el chat en tu tienda y elige que aparezca en p\u00e1ginas espec\u00edficas o para tipos particulares de clientes, configura disparadores para iniciar el chat, comp\u00f3n tu mensaje de bienvenida personalizado, elige \u00edconos y mucho m\u00e1s. Con el chat de Webflow incrustado en tu sitio web, podr\u00e1s estar en contacto con tus visitantes en cualquier momento y desde cualquier lugar.<\/p><div class=\"faq\" data-component=\"FAQ\"> <div class=\"faq-item\">\r\n\t\t\t\t\t<div class=\"faq-item-question\">\r\n\t\t\t\t\t\t<h3 class=\"faq-item-question-text\">\u00bfD\u00f3nde puedo instalar el widget en mi sitio web?<\/h3>\r\n\r\n\t\t\t\t\t\t<div class=\"faq-item-question-icon\"><\/div>\r\n\t\t\t\t\t<\/div>\r\n\r\n\t\t\t\t\t<div class=\"faq-item-answer\">\r\n\t\t\t\t\t\t<div class=\"faq-item-answer-text\"> <p>El Chat de WhatsApp puede aparecer en todas las p\u00e1ginas de tu sitio o solo en las p\u00e1ginas que elijas. Tambi\u00e9n tienes la opci\u00f3n de excluir ciertas p\u00e1ginas donde no necesitas el chat.<\/p> <\/div>\r\n\t\t\t\t\t<\/div>\r\n\t\t\t\t<\/div> <div class=\"faq-item\">\r\n\t\t\t\t\t<div class=\"faq-item-question\">\r\n\t\t\t\t\t\t<h3 class=\"faq-item-question-text\">\u00bfCu\u00e1les son los beneficios de tener este widget?<\/h3>\r\n\r\n\t\t\t\t\t\t<div class=\"faq-item-question-icon\"><\/div>\r\n\t\t\t\t\t<\/div>\r\n\r\n\t\t\t\t\t<div class=\"faq-item-answer\">\r\n\t\t\t\t\t\t<div class=\"faq-item-answer-text\"> <p>Permitir\u00e1 que m\u00e1s usuarios se pongan en contacto contigo con sus consultas o problemas. De esta manera, puedes aumentar la cantidad de clientes potenciales y ventas. Otra ventaja es que las respuestas inmediatas y el enfoque personalizado mejorar\u00e1n la calidad de tus relaciones con los clientes.<\/p><\/div>\r\n\t\t\t\t\t<\/div>\r\n\t\t\t\t<\/div> <div class=\"faq-item\">\r\n\t\t\t\t\t<div class=\"faq-item-question\">\r\n\t\t\t\t\t\t<h3 class=\"faq-item-question-text\">\u00bfC\u00f3mo puedo tener WhatsApp en mi sitio web?<\/h3>\r\n\r\n\t\t\t\t\t\t<div class=\"faq-item-question-icon\"><\/div>\r\n\t\t\t\t\t<\/div>\r\n\r\n\t\t\t\t\t<div class=\"faq-item-answer\">\r\n\t\t\t\t\t\t<div class=\"faq-item-answer-text\"> <p>Tomar\u00e1 solo unos minutos activar el widget. Incrustarlo es muy r\u00e1pido, gratuito y sin necesidad de conocimientos de programaci\u00f3n.<\/p> <p>Existe la opci\u00f3n de agregar el widget directamente en nuestro servicio. Para ello, sigue las instrucciones que encontrar\u00e1s m\u00e1s abajo en esta p\u00e1gina.<\/p> <\/div>\r\n\t\t\t\t\t<\/div>\r\n\t\t\t\t<\/div> <\/div> <\/div><div class=\"application-platform-content-item-features application-platform-content-item\" id=\"features\" data-nav-section=\"features\"> <h2>Caracter\u00edsticas principales del Widget de WhatsApp Chat<\/h2> <p>Para tener una idea clara del Live Chat, consulta la lista de sus funciones principales. Estas hacen que nuestro widget sea extremadamente eficiente para tu sitio web:<\/p> <ul><li>Configura WhatsApp messenger en tu sitio para comunicarte con los usuarios;<\/li><li>Responde directamente desde tu cuenta de WhatsApp;<\/li><li>Tres tipos de dise\u00f1o del widget: burbuja flotante, burbuja incrustada y ventana de chat incrustada;<\/li><li>Explora una colecci\u00f3n de \u00edconos de burbuja para elegir;<\/li><li>Introduce tu texto personalizado en la burbuja del chat.<\/li><\/ul><p><a href=\"#demo\">Conoce todas las caracter\u00edsticas en nuestra demo en vivo<\/a><\/p> <\/div><div class=\"application-platform-content-item-installation application-platform-content-item\" id=\"installation\" data-nav-section=\"installation\"> <h2>C\u00f3mo a\u00f1adir el Chat de WhatsApp Live a tu sitio Webflow<\/h2><div class=\"video-container\"><iframe width=\"720\" height=\"405\" src=\"https:\/\/www.youtube.com\/embed\/VuoyD6FNVLk\" frameborder=\"0\" allowfullscreen=\"\"><\/iframe><p align=\"center\"><em>Mira el Tutorial Oficial del Equipo de Webflow<\/em><\/p><\/div><p>Estos son los \u00fanicos pasos que necesitas seguir para configurar el widget en tu sitio. Te tomar\u00e1 solo unos minutos y no necesitas conocimientos de programaci\u00f3n.<\/p> <ul><li><b>Dise\u00f1a tu widget personal de WhatsApp<\/b><br> Utilizando nuestra demo gratuita, crea un plugin con el dise\u00f1o y las funciones que prefieras.<\/li><li><b>Copia el c\u00f3digo \u00fanico para incrustar el widget<\/b><br> Una vez hayas personalizado tu plugin, obtendr\u00e1s el c\u00f3digo \u00fanico desde la notificaci\u00f3n en Elfsight Apps. Copia el c\u00f3digo.<\/li> <li><b>Agrega el widget a tu sitio web<\/b><br> Selecciona el \u00e1rea donde deseas integrar el plugin y pega el c\u00f3digo guardado all\u00ed. Publica los resultados.<\/li> <li><b>\u00a1La configuraci\u00f3n ha sido exitosa!<\/b><br> Visita tu sitio web para ver tu trabajo.<\/li> <\/ul><p>\u00bfA\u00fan tienes dudas? \u00bfO tienes consultas? Simplemente env\u00eda una solicitud a nuestro servicio de atenci\u00f3n al cliente y te ayudaremos con cualquier problema.<\/p> <\/div><div class=\"faq\" data-component=\"FAQ\"><div class=\"faq-item\">\r\n\t\t\t\t\t<div class=\"faq-item-question\">\r\n\t\t\t\t\t\t<h3 class=\"faq-item-question-text\">\u00bfC\u00f3mo puedo agregar WhatsApp Chat a mi Webflow sin conocimientos de programaci\u00f3n?<\/h3>\r\n\r\n\t\t\t\t\t\t<div class=\"faq-item-question-icon\"><\/div>\r\n\t\t\t\t\t<\/div>\r\n\r\n\t\t\t\t\t<div class=\"faq-item-answer\">\r\n\t\t\t\t\t\t<div class=\"faq-item-answer-text\"> <p>Elfsight ofrece una soluci\u00f3n SaaS que permite a las personas crear una app de WhatsApp Chat por s\u00ed mismos, sigue las sencillas instrucciones:<\/p> <ul><li>Accede al Editor en l\u00ednea para crear una app de WhatsApp Chat que te gustar\u00eda agregar en tu p\u00e1gina de Webflow.<\/li><li>Selecciona una de las plantillas predise\u00f1adas y adapta la configuraci\u00f3n de WhatsApp Chat, a\u00f1ade tu contenido, transforma el dise\u00f1o y los colores sin ning\u00fan conocimiento de programaci\u00f3n.<\/li><li>Guarda el WhatsApp Chat y obt\u00e9n el c\u00f3digo de instalaci\u00f3n del widget, que puedes a\u00f1adir f\u00e1cilmente a cualquier p\u00e1gina de Webflow utilizando un plan gratuito.<\/li><\/ul><p>Con el Editor sencillo, cualquier usuario de Internet puede crear una secci\u00f3n de WhatsApp Chat y agregarla f\u00e1cilmente a su p\u00e1gina Webflow. No es necesario pagar ni proporcionar los datos de tu tarjeta para acceder al servicio. Si enfrentas alg\u00fan problema en cualquier etapa, no dudes en ponerte en contacto con nuestro equipo de soporte t\u00e9cnico.<\/p><\/div>\r\n\t\t\t\t\t<\/div>\r\n\t\t\t\t<\/div><\/div>","protected":false},"excerpt":{"rendered":"","protected":false},"author":18,"featured_media":0,"parent":1506,"menu_order":0,"comment_status":"closed","ping_status":"closed","template":"templates\/template-application-platform.php","meta":{"publish_to_discourse":"","publish_post_category":"","wpdc_auto_publish_overridden":"","wpdc_topic_tags":"","wpdc_pin_topic":"","wpdc_pin_until":"","discourse_post_id":"","discourse_permalink":"","wpdc_publishing_response":"","wpdc_publishing_error":"","footnotes":""},"class_list":["post-4298","page","type-page","status-publish","hentry"],"yoast_head":"<!-- This site is optimized with the Yoast SEO plugin v25.3.1 - https:\/\/yoast.com\/wordpress\/plugins\/seo\/ -->\n<title>Chat de WhatsApp - Insertar plugin de Plugin de WhatsApp al Webflow<\/title>\n<meta name=\"description\" content=\"A\u00f1ade un widget responsivo de Chat de WhatsApp en su sitio web de Webflow. Lance la demo de Elfsight manejable y genere su plugin \u00fanico.\" \/>\n<meta name=\"robots\" content=\"index, follow, max-snippet:-1, max-image-preview:large, max-video-preview:-1\" \/>\n<link rel=\"canonical\" href=\"https:\/\/elfsight.com\/es\/whatsapp-chat-widget\/webflow\/\" \/>\n<meta property=\"og:locale\" content=\"es_ES\" \/>\n<meta property=\"og:type\" content=\"article\" \/>\n<meta property=\"og:title\" content=\"Chat de WhatsApp - Insertar plugin de Plugin de WhatsApp al Webflow\" \/>\n<meta property=\"og:description\" content=\"A\u00f1ade un widget responsivo de Chat de WhatsApp en su sitio web de Webflow. Lance la demo de Elfsight manejable y genere su plugin \u00fanico.\" \/>\n<meta property=\"og:url\" content=\"https:\/\/elfsight.com\/es\/whatsapp-chat-widget\/webflow\/\" \/>\n<meta property=\"og:site_name\" content=\"Elfsight ES\" \/>\n<meta property=\"article:modified_time\" content=\"2025-02-06T15:21:19+00:00\" \/>\n<meta name=\"twitter:card\" content=\"summary_large_image\" \/>\n<meta name=\"twitter:label1\" content=\"Tiempo de lectura\" \/>\n\t<meta name=\"twitter:data1\" content=\"4 minutos\" \/>\n<!-- \/ Yoast SEO plugin. -->","yoast_head_json":{"title":"Chat de WhatsApp - Insertar plugin de Plugin de WhatsApp al Webflow","description":"A\u00f1ade un widget responsivo de Chat de WhatsApp en su sitio web de Webflow. Lance la demo de Elfsight manejable y genere su plugin \u00fanico.","robots":{"index":"index","follow":"follow","max-snippet":"max-snippet:-1","max-image-preview":"max-image-preview:large","max-video-preview":"max-video-preview:-1"},"canonical":"https:\/\/elfsight.com\/es\/whatsapp-chat-widget\/webflow\/","og_locale":"es_ES","og_type":"article","og_title":"Chat de WhatsApp - Insertar plugin de Plugin de WhatsApp al Webflow","og_description":"A\u00f1ade un widget responsivo de Chat de WhatsApp en su sitio web de Webflow. Lance la demo de Elfsight manejable y genere su plugin \u00fanico.","og_url":"https:\/\/elfsight.com\/es\/whatsapp-chat-widget\/webflow\/","og_site_name":"Elfsight ES","article_modified_time":"2025-02-06T15:21:19+00:00","twitter_card":"summary_large_image","twitter_misc":{"Tiempo de lectura":"4 minutos"},"schema":{"@context":"https:\/\/schema.org","@graph":[{"@type":"WebPage","@id":"https:\/\/elfsight.com\/es\/whatsapp-chat-widget\/webflow\/","url":"https:\/\/elfsight.com\/es\/whatsapp-chat-widget\/webflow\/","name":"Chat de WhatsApp - Insertar plugin de Plugin de WhatsApp al Webflow","isPartOf":{"@id":"https:\/\/elfsight.com\/es\/#website"},"datePublished":"2022-02-11T11:33:02+00:00","dateModified":"2025-02-06T15:21:19+00:00","description":"A\u00f1ade un widget responsivo de Chat de WhatsApp en su sitio web de Webflow. Lance la demo de Elfsight manejable y genere su plugin \u00fanico.","breadcrumb":{"@id":"https:\/\/elfsight.com\/es\/whatsapp-chat-widget\/webflow\/#breadcrumb"},"inLanguage":"es","potentialAction":[{"@type":"ReadAction","target":["https:\/\/elfsight.com\/es\/whatsapp-chat-widget\/webflow\/"]}]},{"@type":"BreadcrumbList","@id":"https:\/\/elfsight.com\/es\/whatsapp-chat-widget\/webflow\/#breadcrumb","itemListElement":[{"@type":"ListItem","position":1,"name":"Home","item":"https:\/\/elfsight.com\/es\/"},{"@type":"ListItem","position":2,"name":"WhatsApp Chat","item":"https:\/\/elfsight.com\/es\/whatsapp-chat-widget\/"},{"@type":"ListItem","position":3,"name":"Whatsapp Chat &#8211; Webflow"}]},{"@type":"WebSite","@id":"https:\/\/elfsight.com\/es\/#website","url":"https:\/\/elfsight.com\/es\/","name":"Elfsight ES","description":"Just another Elfsight Sites site","potentialAction":[{"@type":"SearchAction","target":{"@type":"EntryPoint","urlTemplate":"https:\/\/elfsight.com\/es\/?s={search_term_string}"},"query-input":{"@type":"PropertyValueSpecification","valueRequired":true,"valueName":"search_term_string"}}],"inLanguage":"es"}]}},"meta_box":{"industry":"","seo_heading":"","heading":"","description":"","cta_heading":"","cta_description":"","application":"1505","h1":"complemento de Chat de WhatsApp para Webflow","h1_caption":"Brinde a los usuarios la oportunidad de comunicarse con usted por WhatsApp, garantizando la interacci\u00f3n m\u00e1s r\u00e1pida y conveniente para los visitantes de su sitio web en su sitio web Webflow sin esfuerzo.","application_category":[],"applications_title":"","applications_request_title":"","applications_request_button_text":"","hero_text":"","hero_video":"","hero_video_schema_markup":"","selling_points_title":"","selling_points_caption":"","selling_points":[],"selling_points_cta_text":"","features_title":"","features":"","ed_cta_examples_text":"","ed_cta_examples_hidden":"","ed_cta_demo_text":"","ed_cta_demo_hidden":"","why_caption":"","why_editor_title":"","why_editor_text":"","why_team_title":"","why_team_text":"","why_service_title":"","why_service_text":"","template_catalog_visible":"0","template_catalog_title":"","template_catalog_text":"","template_catalog_categories_visible":"","demo_title":"Crea tu widget de Chat de Whatsapp","demo_caption":"\u00a1Configura tu chat de Whatsapp y agr\u00e9galo a tu sitio web Webflow gratis!","default_faq_hidden":"","app_template_category":[],"platform":"106","template_public_id":"","codecanyon_url":"","codecanyon_item_id":"","codecanyon_price":"","pricing_caption":"","pricing_elfsight_apps_hide_column":"","pricing_elfsight_apps_url":"","pricing_codecanyon_price_caption":"","integration_category":[],"integration_request_title":"","integration_request_cta":"","integration_platform":"","integrations":[],"platform_category":[],"video_schema_markup":"","price":"desde $0 por mes","trial":"","benefits":[{"text":"Instalaci\u00f3n gratuita"},{"text":"Soporte Premium"},{"text":"14 d\u00edas garant\u00eda de reembolso"},{"text":"Actualizaciones regulares"}],"button_url":"#demo","button_target_blank":"0","button_nofollow":"0","attributes":[{"name":"Responsivo","content":"Si","_state":"expanded"},{"name":"Navegadores compatibles","content":"Firefox, Safari, Opera, Chrome, Edge","_state":"expanded"}],"tags":[],"tags_disable_links":"0","hide_more_platforms":"","video_object":"","demo_hide_cta":"0","demo_hide_cloud_options":"0","pricing_title":"","pricing":[{"pricing_icon":"platform","pricing_title":" Elfsight Apps","pricing_title_caption":"Soluci\u00f3n multiplataforma - valido para cualquier p\u00e1gina web","pricing_price":"desde $0 por mes","pricing_price_caption":"empezar con un plan gratuito","pricing_benefits":[{"text":"Sitios web ilimitados"},{"text":"Atenci\u00f3n al cliente gratuita y r\u00e1pida"},{"text":"Servicio de instalaci\u00f3n gratuito"},{"text":"Totalmente personalizable"}],"pricing_button_text":"Agregar al sitio web","pricing_button_url":"#demo","_state":"expanded"}],"related_apps_title":"","related_apps_hidden":"1","author":"","image":[],"title":"","job":"","social_networks":[]},"_links":{"self":[{"href":"https:\/\/elfsight.com\/es\/wp-json\/wp\/v2\/pages\/4298","targetHints":{"allow":["GET"]}}],"collection":[{"href":"https:\/\/elfsight.com\/es\/wp-json\/wp\/v2\/pages"}],"about":[{"href":"https:\/\/elfsight.com\/es\/wp-json\/wp\/v2\/types\/page"}],"author":[{"embeddable":true,"href":"https:\/\/elfsight.com\/es\/wp-json\/wp\/v2\/users\/18"}],"replies":[{"embeddable":true,"href":"https:\/\/elfsight.com\/es\/wp-json\/wp\/v2\/comments?post=4298"}],"version-history":[{"count":3,"href":"https:\/\/elfsight.com\/es\/wp-json\/wp\/v2\/pages\/4298\/revisions"}],"predecessor-version":[{"id":18154,"href":"https:\/\/elfsight.com\/es\/wp-json\/wp\/v2\/pages\/4298\/revisions\/18154"}],"up":[{"embeddable":true,"href":"https:\/\/elfsight.com\/es\/wp-json\/wp\/v2\/pages\/1506"}],"wp:attachment":[{"href":"https:\/\/elfsight.com\/es\/wp-json\/wp\/v2\/media?parent=4298"}],"curies":[{"name":"wp","href":"https:\/\/api.w.org\/{rel}","templated":true}]}}