{"id":4296,"date":"2022-02-11T11:33:11","date_gmt":"2022-02-11T11:33:11","guid":{"rendered":"https:\/\/elfsight.com\/es\/?page_id=4296"},"modified":"2025-02-06T15:21:19","modified_gmt":"2025-02-06T15:21:19","slug":"jquery","status":"publish","type":"page","link":"https:\/\/elfsight.com\/es\/social-feed-widget\/jquery\/","title":{"rendered":"Social Feed &#8211; jQuery"},"content":{"rendered":"<div class=\"application-platform-content-item-description application-platform-content-item\" id=\"description\" data-nav-section=\"description\"> <h2>Descripci\u00f3n<\/h2> <p>Elfsight Social Feed para jQuery es un complemento para el marketing no solo de productos, sino tambi\u00e9n de emociones y experiencias. Con \u00e9l, puedes crear un feed personalizado que consista en contenido de diversas redes sociales: Instagram, Pinterest, Facebook, Twitter, Tumblr, YouTube, Vimeo, y mostrarlo directamente en tu sitio web. \u00a1Crea una galer\u00eda o un cat\u00e1logo de productos en solo unos clics! Disfruta del control total sobre el contenido mostrado con varias opciones de filtro y elimina el spam y cualquier contenido no deseado mediante la moderaci\u00f3n manual. El editor en l\u00ednea completamente responsivo te ofrece numerosas plantillas para elegir.<\/p> <p><b>\u00a1Prueba Social Wall para llevar las cumbres de tu ecommerce con menos esfuerzo!<\/b><\/p> <\/div> <div class=\"faq\" data-component=\"FAQ\"><div class=\"faq-item\">\r\n\t\t\t\t\t<div class=\"faq-item-question\">\r\n\t\t\t\t\t\t<h3 class=\"faq-item-question-text\">\u00bfC\u00f3mo a\u00f1ado un feed de redes sociales a jQuery?<\/h3>\r\n\r\n\t\t\t\t\t\t<div class=\"faq-item-question-icon\"><\/div>\r\n\t\t\t\t\t<\/div>\r\n\r\n\t\t\t\t\t<div class=\"faq-item-answer\">\r\n\t\t\t\t\t\t<div class=\"faq-item-answer-text\"><p>La creaci\u00f3n del widget se realiza en las p\u00e1ginas de Elfsight y no necesitas aprender a programar. Usa nuestra demo activa para crear tu propia herramienta, obtener el c\u00f3digo y embederlo en tu sitio web.<\/p><\/div>\r\n\t\t\t\t\t<\/div>\r\n\t\t\t\t<\/div><div class=\"faq-item\">\r\n\t\t\t\t\t<div class=\"faq-item-question\">\r\n\t\t\t\t\t\t<h3 class=\"faq-item-question-text\">\u00bfC\u00f3mo obtengo un carrusel de redes sociales o un feed de YouTube con los complementos de Elfsight?<\/h3>\r\n\r\n\t\t\t\t\t\t<div class=\"faq-item-question-icon\"><\/div>\r\n\t\t\t\t\t<\/div>\r\n\r\n\t\t\t\t\t<div class=\"faq-item-answer\">\r\n\t\t\t\t\t\t<div class=\"faq-item-answer-text\"><p>Hay una variedad de plantillas disponibles: cuadr\u00edcula, galer\u00eda, mamposter\u00eda, lista, feed, y muchas m\u00e1s, as\u00ed como opciones de dise\u00f1o flexibles para adaptarse a tus condiciones. Puedes crear pr\u00e1cticamente cualquier widget que te falte.<\/p><\/div>\r\n\t\t\t\t\t<\/div>\r\n\t\t\t\t<\/div><div class=\"faq-item\">\r\n\t\t\t\t\t<div class=\"faq-item-question\">\r\n\t\t\t\t\t\t<h3 class=\"faq-item-question-text\">\u00bfPor qu\u00e9 no funciona mi feed de Social Wall o no se actualiza?<\/h3>\r\n\r\n\t\t\t\t\t\t<div class=\"faq-item-question-icon\"><\/div>\r\n\t\t\t\t\t<\/div>\r\n\r\n\t\t\t\t\t<div class=\"faq-item-answer\">\r\n\t\t\t\t\t\t<div class=\"faq-item-answer-text\"><p>En cuanto tengas alg\u00fan problema con los widgets de redes sociales, contacta con el equipo de soporte. El soporte es completamente gratuito para todos los clientes de Elfsight.<\/p><\/div>\r\n\t\t\t\t\t<\/div>\r\n\t\t\t\t<\/div><\/div><div class=\"application-platform-content-item-features application-platform-content-item\" id=\"features\" data-nav-section=\"features\"> <h2>Las caracter\u00edsticas b\u00e1sicas del widget incluyen<\/h2> <ul><li>Mostrar contenido de diversas redes sociales.<\/li><li>Eliminar cualquier spam y contenido no deseado mediante moderaci\u00f3n manual.<\/li><li>Configurar el bot\u00f3n de \u00abSeguir\u00bb en el feed del widget.<\/li><li>Permitir que tus publicaciones aparezcan en un pop-up.<\/li><\/ul><p><a href=\"#demo\">Prueba esta demo para obtener una idea completa<\/a><\/p> <\/div> <div class=\"application-platform-content-item-installation application-platform-content-item\" id=\"installation\" data-nav-section=\"installation\"> <h2>\u00bfC\u00f3mo incrustar el plugin de Social Media Feed en mi sitio web jQuery?<\/h2> <p>Sigue los siguientes pasos para a\u00f1adir el widget.<\/p> <ol><li><b>Gestiona nuestro configurador gratuito y empieza a crear tu plugin \u00fanico.<\/b><br> Elige el dise\u00f1o y las opciones del plugin y aplica las modificaciones.<\/li>  <li><b>Copia el c\u00f3digo individual que aparece en el cuadro de Elfsight Apps.<\/b><br> Despu\u00e9s de generar tu widget, copia el c\u00f3digo individual que aparece en el pop-up y gu\u00e1rdalo para usarlo m\u00e1s tarde.<\/li>  <li><b>Comienza a usar el plugin Social Wall en el sitio jQuery.<\/b><br> Inserta el c\u00f3digo copiado anteriormente en tu p\u00e1gina y realiza los ajustes.<\/li>  <li><b>\u00a1Listo! La configuraci\u00f3n se complet\u00f3 con \u00e9xito.<\/b><br> Visita tu p\u00e1gina web para ver el funcionamiento del widget.<\/li><\/ol> <p>Si encuentras alg\u00fan obst\u00e1culo, no dudes en escribir a nuestro equipo de soporte. Estaremos encantados de ayudarte con cualquier dificultad que puedas tener con el producto.<\/p> <\/div>","protected":false},"excerpt":{"rendered":"","protected":false},"author":18,"featured_media":0,"parent":1469,"menu_order":0,"comment_status":"closed","ping_status":"closed","template":"templates\/template-application-platform.php","meta":{"publish_to_discourse":"","publish_post_category":"","wpdc_auto_publish_overridden":"","wpdc_topic_tags":"","wpdc_pin_topic":"","wpdc_pin_until":"","discourse_post_id":"","discourse_permalink":"","wpdc_publishing_response":"","wpdc_publishing_error":"","footnotes":""},"class_list":["post-4296","page","type-page","status-publish","hentry"],"yoast_head":"<!-- This site is optimized with the Yoast SEO plugin v25.3.1 - https:\/\/yoast.com\/wordpress\/plugins\/seo\/ -->\n<title>Feed de Redes Sociales - Incluir widget de Muro Social al jQuery<\/title>\n<meta name=\"description\" content=\"A\u00f1ade un widget hermoso de Feed de Redes Sociales en su p\u00e1gina web de jQuery. Lance la demo de Elfsight manejable y construe su widget personalizado.\" \/>\n<meta name=\"robots\" content=\"index, follow, max-snippet:-1, max-image-preview:large, max-video-preview:-1\" \/>\n<link rel=\"canonical\" href=\"https:\/\/elfsight.com\/es\/social-feed-widget\/jquery\/\" \/>\n<meta property=\"og:locale\" content=\"es_ES\" \/>\n<meta property=\"og:type\" content=\"article\" \/>\n<meta property=\"og:title\" content=\"Feed de Redes Sociales - Incluir widget de Muro Social al jQuery\" \/>\n<meta property=\"og:description\" content=\"A\u00f1ade un widget hermoso de Feed de Redes Sociales en su p\u00e1gina web de jQuery. Lance la demo de Elfsight manejable y construe su widget personalizado.\" \/>\n<meta property=\"og:url\" content=\"https:\/\/elfsight.com\/es\/social-feed-widget\/jquery\/\" \/>\n<meta property=\"og:site_name\" content=\"Elfsight ES\" \/>\n<meta property=\"article:modified_time\" content=\"2025-02-06T15:21:19+00:00\" \/>\n<meta name=\"twitter:card\" content=\"summary_large_image\" \/>\n<meta name=\"twitter:label1\" content=\"Tiempo de lectura\" \/>\n\t<meta name=\"twitter:data1\" content=\"1 minuto\" \/>\n<!-- \/ Yoast SEO plugin. -->","yoast_head_json":{"title":"Feed de Redes Sociales - Incluir widget de Muro Social al jQuery","description":"A\u00f1ade un widget hermoso de Feed de Redes Sociales en su p\u00e1gina web de jQuery. Lance la demo de Elfsight manejable y construe su widget personalizado.","robots":{"index":"index","follow":"follow","max-snippet":"max-snippet:-1","max-image-preview":"max-image-preview:large","max-video-preview":"max-video-preview:-1"},"canonical":"https:\/\/elfsight.com\/es\/social-feed-widget\/jquery\/","og_locale":"es_ES","og_type":"article","og_title":"Feed de Redes Sociales - Incluir widget de Muro Social al jQuery","og_description":"A\u00f1ade un widget hermoso de Feed de Redes Sociales en su p\u00e1gina web de jQuery. Lance la demo de Elfsight manejable y construe su widget personalizado.","og_url":"https:\/\/elfsight.com\/es\/social-feed-widget\/jquery\/","og_site_name":"Elfsight ES","article_modified_time":"2025-02-06T15:21:19+00:00","twitter_card":"summary_large_image","twitter_misc":{"Tiempo de lectura":"1 minuto"},"schema":{"@context":"https:\/\/schema.org","@graph":[{"@type":"WebPage","@id":"https:\/\/elfsight.com\/es\/social-feed-widget\/jquery\/","url":"https:\/\/elfsight.com\/es\/social-feed-widget\/jquery\/","name":"Feed de Redes Sociales - Incluir widget de Muro Social al jQuery","isPartOf":{"@id":"https:\/\/elfsight.com\/es\/#website"},"datePublished":"2022-02-11T11:33:11+00:00","dateModified":"2025-02-06T15:21:19+00:00","description":"A\u00f1ade un widget hermoso de Feed de Redes Sociales en su p\u00e1gina web de jQuery. Lance la demo de Elfsight manejable y construe su widget personalizado.","breadcrumb":{"@id":"https:\/\/elfsight.com\/es\/social-feed-widget\/jquery\/#breadcrumb"},"inLanguage":"es","potentialAction":[{"@type":"ReadAction","target":["https:\/\/elfsight.com\/es\/social-feed-widget\/jquery\/"]}]},{"@type":"BreadcrumbList","@id":"https:\/\/elfsight.com\/es\/social-feed-widget\/jquery\/#breadcrumb","itemListElement":[{"@type":"ListItem","position":1,"name":"Home","item":"https:\/\/elfsight.com\/es\/"},{"@type":"ListItem","position":2,"name":"Social Feed","item":"https:\/\/elfsight.com\/es\/social-feed-widget\/"},{"@type":"ListItem","position":3,"name":"Social Feed &#8211; jQuery"}]},{"@type":"WebSite","@id":"https:\/\/elfsight.com\/es\/#website","url":"https:\/\/elfsight.com\/es\/","name":"Elfsight ES","description":"Just another Elfsight Sites site","potentialAction":[{"@type":"SearchAction","target":{"@type":"EntryPoint","urlTemplate":"https:\/\/elfsight.com\/es\/?s={search_term_string}"},"query-input":{"@type":"PropertyValueSpecification","valueRequired":true,"valueName":"search_term_string"}}],"inLanguage":"es"}]}},"meta_box":{"industry":"","seo_heading":"","heading":"","description":"","cta_heading":"","cta_description":"","application":"1468","h1":"widget de Feed de Redes Sociales para jQuery","h1_caption":"Inserta contenido de las redes sociales a su sitio","application_category":[],"applications_title":"","applications_request_title":"","applications_request_button_text":"","hero_text":"","hero_video":"","hero_video_schema_markup":"","selling_points_title":"","selling_points_caption":"","selling_points":[],"selling_points_cta_text":"","features_title":"","features":"","ed_cta_examples_text":"","ed_cta_examples_hidden":"","ed_cta_demo_text":"","ed_cta_demo_hidden":"","why_caption":"","why_editor_title":"","why_editor_text":"","why_team_title":"","why_team_text":"","why_service_title":"","why_service_text":"","template_catalog_visible":"","template_catalog_title":"","template_catalog_text":"","template_catalog_categories_visible":"","demo_title":"Crea tu complemento de alimentaci\u00f3n social","demo_caption":"\u00a1Configura tu Social Feed y agr\u00e9galo a tu sitio web jQuery gratis!","default_faq_hidden":"","app_template_category":[],"platform":"76","template_public_id":"","codecanyon_url":"","codecanyon_item_id":"","codecanyon_price":"","pricing_caption":"","pricing_elfsight_apps_hide_column":"","pricing_elfsight_apps_url":"","pricing_codecanyon_price_caption":"","integration_category":[],"integration_request_title":"","integration_request_cta":"","integration_platform":"","integrations":[],"platform_category":[],"video_schema_markup":"","price":"desde $0 por mes","trial":"","benefits":[{"text":"Instalaci\u00f3n gratuita"},{"text":"Soporte Premium"},{"text":"14 d\u00edas garant\u00eda de reembolso"},{"text":"Actualizaciones regulares"}],"button_url":"#demo","button_target_blank":"0","button_nofollow":"0","attributes":[{"name":"Responsivo","content":"Si","_state":"expanded"},{"name":"Navegadores compatibles","content":"Firefox, Safari, Opera, Chrome, Edge","_state":"expanded"}],"tags":[],"tags_disable_links":"0","hide_more_platforms":"","video_object":"","demo_hide_cta":"0","demo_hide_cloud_options":"0","pricing_title":"","pricing":[{"pricing_icon":"platform","pricing_title":" Elfsight Apps","pricing_title_caption":"Soluci\u00f3n multiplataforma - valido para cualquier p\u00e1gina web","pricing_price":"desde $0 por mes","pricing_price_caption":"empezar con un plan gratuito","pricing_benefits":[{"text":"Sitios web ilimitados"},{"text":"Atenci\u00f3n al cliente gratuita y r\u00e1pida"},{"text":"Servicio de instalaci\u00f3n gratuito"},{"text":"Totalmente personalizable"}],"pricing_button_text":"Agregar al sitio web","pricing_button_url":"#demo","_state":"expanded"}],"related_apps_title":"","related_apps_hidden":"1","author":"","image":[],"title":"","job":"","social_networks":[]},"_links":{"self":[{"href":"https:\/\/elfsight.com\/es\/wp-json\/wp\/v2\/pages\/4296","targetHints":{"allow":["GET"]}}],"collection":[{"href":"https:\/\/elfsight.com\/es\/wp-json\/wp\/v2\/pages"}],"about":[{"href":"https:\/\/elfsight.com\/es\/wp-json\/wp\/v2\/types\/page"}],"author":[{"embeddable":true,"href":"https:\/\/elfsight.com\/es\/wp-json\/wp\/v2\/users\/18"}],"replies":[{"embeddable":true,"href":"https:\/\/elfsight.com\/es\/wp-json\/wp\/v2\/comments?post=4296"}],"version-history":[{"count":3,"href":"https:\/\/elfsight.com\/es\/wp-json\/wp\/v2\/pages\/4296\/revisions"}],"predecessor-version":[{"id":18153,"href":"https:\/\/elfsight.com\/es\/wp-json\/wp\/v2\/pages\/4296\/revisions\/18153"}],"up":[{"embeddable":true,"href":"https:\/\/elfsight.com\/es\/wp-json\/wp\/v2\/pages\/1469"}],"wp:attachment":[{"href":"https:\/\/elfsight.com\/es\/wp-json\/wp\/v2\/media?parent=4296"}],"curies":[{"name":"wp","href":"https:\/\/api.w.org\/{rel}","templated":true}]}}