{"id":4294,"date":"2022-02-11T11:33:18","date_gmt":"2022-02-11T11:33:18","guid":{"rendered":"https:\/\/elfsight.com\/es\/?page_id=4294"},"modified":"2025-11-01T11:16:16","modified_gmt":"2025-11-01T11:16:16","slug":"squarespace","status":"publish","type":"page","link":"https:\/\/elfsight.com\/es\/whatsapp-chat-widget\/squarespace\/","title":{"rendered":"Whatsapp Chat &#8211; Squarespace"},"content":{"rendered":"<div class=\"application-platform-content-item-description application-platform-content-item\" id=\"description\" data-nav-section=\"description\"> <h2>Incrusta el Chat de WhatsApp con el Widget de Elfsight<\/h2> <p>El plugin de WhatsApp creado por Elfsight es la forma m\u00e1s r\u00e1pida para que los clientes de tu sitio web se pongan en contacto contigo y obtengan respuestas a sus preguntas y solicitudes. Ahora puedes estar disponible para los visitantes en su mensajero favorito, sin importar d\u00f3nde te encuentres. Inserta el chat en tu tienda y puede aparecer en p\u00e1ginas seleccionadas o para categor\u00edas espec\u00edficas de clientes. Elige disparadores para iniciar el chat, ingresa tu mensaje de bienvenida personalizado, selecciona \u00edconos y mucho m\u00e1s. Usando el chat de Squarespace en tu p\u00e1gina web, estar\u00e1s disponible para tu audiencia en cualquier momento y desde cualquier lugar.<\/p> <div class=\"faq\" data-component=\"FAQ\"><div class=\"faq-item\">\r\n\t\t\t\t\t<div class=\"faq-item-question\">\r\n\t\t\t\t\t\t<h3 class=\"faq-item-question-text\">\u00bfC\u00f3mo agregar el bot\u00f3n de WhatsApp Chat a una p\u00e1gina de Squarespace?<\/h3>\r\n\r\n\t\t\t\t\t\t<div class=\"faq-item-question-icon\"><\/div>\r\n\t\t\t\t\t<\/div>\r\n\r\n\t\t\t\t\t<div class=\"faq-item-answer\">\r\n\t\t\t\t\t\t<div class=\"faq-item-answer-text\"><p>Agregar el plugin de WhatsApp Chat a un sitio de Squarespace solo te tomar\u00e1 90 segundos.<\/p><ol><li>Ajusta el widget para Squarespace en el configurador gratuito y ve los cambios en tiempo real.<\/li>  <li>Obt\u00e9n tu c\u00f3digo de instalaci\u00f3n.<\/li>  <li>Inserta el c\u00f3digo en el lugar necesario en el backend de Squarespace.<\/li>  <li>\u00a1Eso es todo! As\u00ed es como puedes incrustar el plugin de WhatsApp Chat en Squarespace.<\/li><\/ol><p>\u00bfTienes problemas para insertar o configurar el plugin? Puedes ver la gu\u00eda detallada <a href=\"https:\/\/elfsight.com\/tutorials\/how-to-add-whatsapp-chat-widget-to-website\/#how-to-add-whatsapp-to-squarespace\">en esta p\u00e1gina<\/a>.<\/p><\/div>\r\n\t\t\t\t\t<\/div>\r\n\t\t\t\t<\/div><div class=\"faq-item\">\r\n\t\t\t\t\t<div class=\"faq-item-question\">\r\n\t\t\t\t\t\t<h3 class=\"faq-item-question-text\">\u00bfPuedo ver c\u00f3mo se ver\u00e1 el plugin en mi sitio?<\/h3>\r\n\r\n\t\t\t\t\t\t<div class=\"faq-item-question-icon\"><\/div>\r\n\t\t\t\t\t<\/div>\r\n\r\n\t\t\t\t\t<div class=\"faq-item-answer\">\r\n\t\t\t\t\t\t<div class=\"faq-item-answer-text\"><p>\u00a1Definitivamente! Al producir el plugin de WhatsApp Chat para Squarespace <a href=\"https:\/\/elfsight.com\/whatsapp-chat-widget\/#demo\">en el editor en vivo<\/a>, ver\u00e1s todas las configuraciones en la parte derecha. El cuadro de chat se ver\u00e1 exactamente igual que en tu sitio de Squarespace.<\/p><\/div>\r\n\t\t\t\t\t<\/div>\r\n\t\t\t\t<\/div><div class=\"faq-item\">\r\n\t\t\t\t\t<div class=\"faq-item-question\">\r\n\t\t\t\t\t\t<h3 class=\"faq-item-question-text\">\u00bfQu\u00e9 plugins populares son esenciales para un sitio de Squarespace?<\/h3>\r\n\r\n\t\t\t\t\t\t<div class=\"faq-item-question-icon\"><\/div>\r\n\t\t\t\t\t<\/div>\r\n\r\n\t\t\t\t\t<div class=\"faq-item-answer\">\r\n\t\t\t\t\t\t<div class=\"faq-item-answer-text\"><p>Puedes encontrar muchas herramientas incre\u00edbles para mejorar la funcionalidad de tu sitio de Squarespace. Por ejemplo, est\u00e1n los plugins de <a href=\"https:\/\/elfsight.com\/google-reviews-widget\/squarespace\/\">Google Reviews<\/a>, <a href=\"https:\/\/elfsight.com\/qr-code-widget\/squarespace\/\">C\u00f3digo QR<\/a> y <a href=\"https:\/\/elfsight.com\/whatsapp-chat-widget\/squarespace\/\">WhatsApp Chat<\/a>. Tambi\u00e9n est\u00e1n disponibles el <a href=\"https:\/\/elfsight.com\/event-calendar-widget\/squarespace\/\">Calendario de Eventos<\/a> y el <a href=\"https:\/\/elfsight.com\/countdown-timer-widget\/squarespace\/\">Temporizador de Cuenta Regresiva<\/a>. Todos estos plugins son ideales para tu sitio web de negocios y aumentar\u00e1n el compromiso de los usuarios.<\/p><\/div>\r\n\t\t\t\t\t<\/div>\r\n\t\t\t\t<\/div><\/div><\/div><div class=\"application-platform-content-item-features application-platform-content-item\" id=\"features\" data-nav-section=\"features\"> <h2>Caracter\u00edsticas principales del Widget de WhatsApp Chat<\/h2> <p>Para comprender mejor el plugin de chat, revisa la lista de sus principales funciones. Estas hacen que nuestro widget sea extremadamente eficiente para ti:<\/p> <ul><li>Introduce el mensajero de WhatsApp en tu tienda para chatear en vivo con los visitantes;<\/li><li>Responde directamente desde tu cuenta de WhatsApp;<\/li><li>Tres opciones de dise\u00f1o de chat: burbuja flotante, burbuja incrustada y ventana de chat incrustada;<\/li><li>Elige tu icono de burbuja de la biblioteca de iconos disponibles;<\/li><li>Texto editable de la burbuja.<\/li><\/ul><p><a href=\"#demo\">Consulta m\u00e1s caracter\u00edsticas en la demo<\/a><\/p> <\/div><div class=\"application-platform-content-item-installation application-platform-content-item\" id=\"installation\" data-nav-section=\"installation\"> <h2>C\u00f3mo agregar el plugin de Chat en Vivo a tu sitio web de Squarespace<\/h2><div class=\"video-container\">\n<iframe width=\"720\" height=\"405\" src=\"https:\/\/www.youtube.com\/embed\/Ox2aiS5huj4?si=NHa1x26ndpNmw3us\" frameborder=\"0\" allowfullscreen=\"\"><\/iframe>\n<\/div><p>Las siguientes acciones son todo lo que necesitas para demostrar el widget.<\/p> <ul><li><b>Construye tu plugin \u00fanico de WhatsApp<\/b><br> Con la ayuda de nuestro configurador gratuito, configura un widget con el dise\u00f1o y las funciones que prefieras.<\/li><li><b>Obt\u00e9n el c\u00f3digo personal para instalar el plugin<\/b><br> Despu\u00e9s de crear tu widget, obtendr\u00e1s el c\u00f3digo de instalaci\u00f3n en la ventana emergente de Elfsight Apps. Copia este c\u00f3digo.<\/li> <li><b>Incrusta el plugin de Chat en tu sitio de Squarespace<\/b><br> Selecciona el \u00e1rea donde deseas mostrar el widget e inserta el c\u00f3digo guardado all\u00ed. Guarda los cambios.<\/li><li><b>\u00a1Listo!<\/b><br> Visita el sitio web para comprobar tu widget.<\/li> <\/ul><p>\u00bfA\u00fan no puedes decidirte? \u00bfO tienes preguntas? Solo una solicitud a nuestro equipo de soporte resolver\u00e1 cualquier problema.<\/p> <\/div><div class=\"faq\" data-component=\"FAQ\"><div class=\"faq-item\">\r\n\t\t\t\t\t<div class=\"faq-item-question\">\r\n\t\t\t\t\t\t<h3 class=\"faq-item-question-text\">\u00bfC\u00f3mo puedo incrustar WhatsApp Chat en mi sitio de Squarespace sin conocimientos de codificaci\u00f3n?<\/h3>\r\n\r\n\t\t\t\t\t\t<div class=\"faq-item-question-icon\"><\/div>\r\n\t\t\t\t\t<\/div>\r\n\r\n\t\t\t\t\t<div class=\"faq-item-answer\">\r\n\t\t\t\t\t\t<div class=\"faq-item-answer-text\"><p>Elfsight ofrece una soluci\u00f3n que permite a los usuarios crear una secci\u00f3n de WhatsApp Chat por s\u00ed mismos, sigue esta sencilla gu\u00eda:<\/p><ul><li>Trabaja directamente en el Editor en l\u00ednea para crear un plugin de WhatsApp Chat que desees agregar a tu sitio de Squarespace.<\/li><li>Elige una de las muchas plantillas predefinidas y ajusta la configuraci\u00f3n de WhatsApp Chat, cambia el dise\u00f1o y el esquema de colores, y a\u00f1ade tu contenido sin experiencia en codificaci\u00f3n.<\/li><li>Guarda el WhatsApp Chat y copia el c\u00f3digo de inserci\u00f3n, que podr\u00e1s agregar f\u00e1cilmente en tu p\u00e1gina de Squarespace de forma gratuita.<\/li><\/ul><p>Con el Configurador intuitivo, cualquier usuario de Internet puede crear un plugin de WhatsApp Chat e incrustarlo f\u00e1cilmente en su p\u00e1gina de Squarespace. No es necesario pagar ni ingresar los datos de tu tarjeta para acceder al Editor. Si encuentras alg\u00fan problema, no dudes en contactar a nuestro equipo de soporte t\u00e9cnico.<\/p><\/div>\r\n\t\t\t\t\t<\/div>\r\n\t\t\t\t<\/div><\/div>","protected":false},"excerpt":{"rendered":"","protected":false},"author":18,"featured_media":0,"parent":1506,"menu_order":0,"comment_status":"closed","ping_status":"closed","template":"templates\/template-application-platform.php","meta":{"publish_to_discourse":"","publish_post_category":"","wpdc_auto_publish_overridden":"","wpdc_topic_tags":"","wpdc_pin_topic":"","wpdc_pin_until":"","discourse_post_id":"","discourse_permalink":"","wpdc_publishing_response":"","wpdc_publishing_error":"","footnotes":""},"class_list":["post-4294","page","type-page","status-publish","hentry"],"yoast_head":"<!-- This site is optimized with the Yoast SEO plugin v25.3.1 - https:\/\/yoast.com\/wordpress\/plugins\/seo\/ -->\n<title>Chat de WhatsApp - Empotrar plugin de Plugin de WhatsApp al Squarespace<\/title>\n<meta name=\"description\" content=\"Incrusta un widget responsivo de Chat de WhatsApp en su sitio de Squarespace. Pruebe la demo de Elfsight f\u00e1cil de usar y construe su plugin personalizado.\" \/>\n<meta name=\"robots\" content=\"index, follow, max-snippet:-1, max-image-preview:large, max-video-preview:-1\" \/>\n<link rel=\"canonical\" href=\"https:\/\/elfsight.com\/es\/whatsapp-chat-widget\/squarespace\/\" \/>\n<meta property=\"og:locale\" content=\"es_ES\" \/>\n<meta property=\"og:type\" content=\"article\" \/>\n<meta property=\"og:title\" content=\"Chat de WhatsApp - Empotrar plugin de Plugin de WhatsApp al Squarespace\" \/>\n<meta property=\"og:description\" content=\"Incrusta un widget responsivo de Chat de WhatsApp en su sitio de Squarespace. Pruebe la demo de Elfsight f\u00e1cil de usar y construe su plugin personalizado.\" \/>\n<meta property=\"og:url\" content=\"https:\/\/elfsight.com\/es\/whatsapp-chat-widget\/squarespace\/\" \/>\n<meta property=\"og:site_name\" content=\"Elfsight ES\" \/>\n<meta property=\"article:modified_time\" content=\"2025-11-01T11:16:16+00:00\" \/>\n<meta name=\"twitter:card\" content=\"summary_large_image\" \/>\n<meta name=\"twitter:label1\" content=\"Tiempo de lectura\" \/>\n\t<meta name=\"twitter:data1\" content=\"4 minutos\" \/>\n<!-- \/ Yoast SEO plugin. -->","yoast_head_json":{"title":"Chat de WhatsApp - Empotrar plugin de Plugin de WhatsApp al Squarespace","description":"Incrusta un widget responsivo de Chat de WhatsApp en su sitio de Squarespace. Pruebe la demo de Elfsight f\u00e1cil de usar y construe su plugin personalizado.","robots":{"index":"index","follow":"follow","max-snippet":"max-snippet:-1","max-image-preview":"max-image-preview:large","max-video-preview":"max-video-preview:-1"},"canonical":"https:\/\/elfsight.com\/es\/whatsapp-chat-widget\/squarespace\/","og_locale":"es_ES","og_type":"article","og_title":"Chat de WhatsApp - Empotrar plugin de Plugin de WhatsApp al Squarespace","og_description":"Incrusta un widget responsivo de Chat de WhatsApp en su sitio de Squarespace. Pruebe la demo de Elfsight f\u00e1cil de usar y construe su plugin personalizado.","og_url":"https:\/\/elfsight.com\/es\/whatsapp-chat-widget\/squarespace\/","og_site_name":"Elfsight ES","article_modified_time":"2025-11-01T11:16:16+00:00","twitter_card":"summary_large_image","twitter_misc":{"Tiempo de lectura":"4 minutos"},"schema":{"@context":"https:\/\/schema.org","@graph":[{"@type":"WebPage","@id":"https:\/\/elfsight.com\/es\/whatsapp-chat-widget\/squarespace\/","url":"https:\/\/elfsight.com\/es\/whatsapp-chat-widget\/squarespace\/","name":"Chat de WhatsApp - Empotrar plugin de Plugin de WhatsApp al Squarespace","isPartOf":{"@id":"https:\/\/elfsight.com\/es\/#website"},"datePublished":"2022-02-11T11:33:18+00:00","dateModified":"2025-11-01T11:16:16+00:00","description":"Incrusta un widget responsivo de Chat de WhatsApp en su sitio de Squarespace. Pruebe la demo de Elfsight f\u00e1cil de usar y construe su plugin personalizado.","breadcrumb":{"@id":"https:\/\/elfsight.com\/es\/whatsapp-chat-widget\/squarespace\/#breadcrumb"},"inLanguage":"es","potentialAction":[{"@type":"ReadAction","target":["https:\/\/elfsight.com\/es\/whatsapp-chat-widget\/squarespace\/"]}]},{"@type":"BreadcrumbList","@id":"https:\/\/elfsight.com\/es\/whatsapp-chat-widget\/squarespace\/#breadcrumb","itemListElement":[{"@type":"ListItem","position":1,"name":"Home","item":"https:\/\/elfsight.com\/es\/"},{"@type":"ListItem","position":2,"name":"WhatsApp Chat","item":"https:\/\/elfsight.com\/es\/whatsapp-chat-widget\/"},{"@type":"ListItem","position":3,"name":"Whatsapp Chat &#8211; Squarespace"}]},{"@type":"WebSite","@id":"https:\/\/elfsight.com\/es\/#website","url":"https:\/\/elfsight.com\/es\/","name":"Elfsight ES","description":"Just another Elfsight Sites site","potentialAction":[{"@type":"SearchAction","target":{"@type":"EntryPoint","urlTemplate":"https:\/\/elfsight.com\/es\/?s={search_term_string}"},"query-input":{"@type":"PropertyValueSpecification","valueRequired":true,"valueName":"search_term_string"}}],"inLanguage":"es"}]}},"meta_box":{"industry":"","seo_heading":"","heading":"","description":"","cta_heading":"","cta_description":"","application":"1505","h1":"complemento de Chat de WhatsApp para Squarespace","h1_caption":"Brinde a los usuarios la oportunidad de comunicarse con usted por WhatsApp, garantizando la interacci\u00f3n m\u00e1s r\u00e1pida y conveniente para los visitantes de su sitio web en su sitio web de Squarespace sin esfuerzo.","application_category":[],"applications_title":"","applications_request_title":"","applications_request_button_text":"","hero_text":"","hero_video":"","hero_video_schema_markup":"","selling_points_title":"","selling_points_caption":"","selling_points":[],"selling_points_cta_text":"","features_title":"","features":"","ed_cta_examples_text":"","ed_cta_examples_hidden":"","ed_cta_demo_text":"","ed_cta_demo_hidden":"","why_caption":"","why_editor_title":"","why_editor_text":"","why_team_title":"","why_team_text":"","why_service_title":"","why_service_text":"","template_catalog_visible":"0","template_catalog_title":"","template_catalog_text":"","template_catalog_categories_visible":"","demo_title":"Crea tu complemento de chat de Whatsapp","demo_caption":"\u00a1Configura tu chat de Whatsapp y agr\u00e9galo a tu sitio web de Squarespace gratis!","default_faq_hidden":"","app_template_category":[],"platform":"100","template_public_id":"","codecanyon_url":"","codecanyon_item_id":"","codecanyon_price":"","pricing_caption":"","pricing_elfsight_apps_hide_column":"","pricing_elfsight_apps_url":"","pricing_codecanyon_price_caption":"","integration_category":[],"integration_request_title":"","integration_request_cta":"","integration_platform":"","integrations":[],"platform_category":[],"video_schema_markup":"","price":"desde $0 por mes","trial":"","benefits":[{"text":"Instalaci\u00f3n gratuita"},{"text":"Soporte Premium"},{"text":"14 d\u00edas garant\u00eda de reembolso"},{"text":"Actualizaciones regulares"}],"button_url":"#demo","button_target_blank":"0","button_nofollow":"0","attributes":[{"name":"Responsivo","content":"Si","_state":"expanded"},{"name":"Navegadores compatibles","content":"Firefox, Safari, Opera, Chrome, Edge","_state":"expanded"}],"tags":[],"tags_disable_links":"0","hide_more_platforms":"","video_object":"","demo_hide_cta":"0","demo_hide_cloud_options":"0","pricing_title":"","pricing":[{"pricing_icon":"platform","pricing_title":" Elfsight Apps","pricing_title_caption":"Soluci\u00f3n multiplataforma - valido para cualquier p\u00e1gina web","pricing_price":"desde $0 por mes","pricing_price_caption":"empezar con un plan gratuito","pricing_benefits":[{"text":"Sitios web ilimitados"},{"text":"Atenci\u00f3n al cliente gratuita y r\u00e1pida"},{"text":"Servicio de instalaci\u00f3n gratuito"},{"text":"Totalmente personalizable"}],"pricing_button_text":"Agregar al sitio web","pricing_button_url":"#demo","_state":"expanded"}],"related_apps_title":"","related_apps_hidden":"1","author":"","image":[],"title":"","job":"","social_networks":[]},"_links":{"self":[{"href":"https:\/\/elfsight.com\/es\/wp-json\/wp\/v2\/pages\/4294","targetHints":{"allow":["GET"]}}],"collection":[{"href":"https:\/\/elfsight.com\/es\/wp-json\/wp\/v2\/pages"}],"about":[{"href":"https:\/\/elfsight.com\/es\/wp-json\/wp\/v2\/types\/page"}],"author":[{"embeddable":true,"href":"https:\/\/elfsight.com\/es\/wp-json\/wp\/v2\/users\/18"}],"replies":[{"embeddable":true,"href":"https:\/\/elfsight.com\/es\/wp-json\/wp\/v2\/comments?post=4294"}],"version-history":[{"count":3,"href":"https:\/\/elfsight.com\/es\/wp-json\/wp\/v2\/pages\/4294\/revisions"}],"predecessor-version":[{"id":18152,"href":"https:\/\/elfsight.com\/es\/wp-json\/wp\/v2\/pages\/4294\/revisions\/18152"}],"up":[{"embeddable":true,"href":"https:\/\/elfsight.com\/es\/wp-json\/wp\/v2\/pages\/1506"}],"wp:attachment":[{"href":"https:\/\/elfsight.com\/es\/wp-json\/wp\/v2\/media?parent=4294"}],"curies":[{"name":"wp","href":"https:\/\/api.w.org\/{rel}","templated":true}]}}