{"id":4290,"date":"2022-02-11T11:33:33","date_gmt":"2022-02-11T11:33:33","guid":{"rendered":"https:\/\/elfsight.com\/es\/?page_id=4290"},"modified":"2025-02-06T15:21:11","modified_gmt":"2025-02-06T15:21:11","slug":"shopify","status":"publish","type":"page","link":"https:\/\/elfsight.com\/es\/whatsapp-chat-widget\/shopify\/","title":{"rendered":"Whatsapp Chat &#8211; Shopify"},"content":{"rendered":"<div class=\"application-platform-content-item-description application-platform-content-item\" id=\"description\" data-nav-section=\"description\"><h2>Incrusta el Chat de WhatsApp con el Widget de Elfsight<\/h2><p>La aplicaci\u00f3n de WhatsApp de Elfsight es la herramienta m\u00e1s sencilla para que los visitantes de tu sitio web te env\u00eden mensajes y obtengan respuestas a sus preguntas. Mantente disponible para tus usuarios las 24 horas en uno de los mensajeros m\u00e1s c\u00f3modos. Incrusta el chat en tu sitio y elige que aparezca en p\u00e1ginas espec\u00edficas o para grupos seleccionados de usuarios; configura disparadores para iniciar el chat; escribe tu mensaje de bienvenida \u00fanico; elige iconos, y mucho m\u00e1s. Con el chat de Shopify, estar\u00e1s en contacto con tus clientes a cualquier hora y desde cualquier lugar.<\/p><\/div><div class=\"application-platform-content-item-features application-platform-content-item\" id=\"features\" data-nav-section=\"features\"><h2>Principales caracter\u00edsticas de la aplicaci\u00f3n de chat de WhatsApp<\/h2><p>Hemos dise\u00f1ado nuestro WhatsApp para Shopify para cubrir las necesidades comerciales de una manera f\u00e1cil de usar. Para comprender mejor, revisa la lista de las caracter\u00edsticas m\u00e1s importantes de nuestro chat en l\u00ednea de Shopify. Estas lo hacen incre\u00edblemente beneficioso para tu tienda:<\/p><ul><li>Agrega el mensajero de WhatsApp en tu sitio para estar siempre disponible para los usuarios;<\/li><li>Sigue chateando directamente desde tu cuenta de WhatsApp;<\/li><li>Elige entre tres tipos de ubicaci\u00f3n de chat: como una burbuja flotante, como una burbuja incrustada y como una ventana de chat incrustada;<\/li><li>Selecciona el icono de burbuja de nuestra colecci\u00f3n;<\/li><li>Texto de burbuja editable.<\/li><\/ul><p><a href=\"#demo\">Nuestra demo te mostrar\u00e1 m\u00e1s funciones<\/a><\/p><\/div><div class=\"application-platform-content-item-installation application-platform-content-item\" id=\"installation\" data-nav-section=\"installation\"><h2>C\u00f3mo agregar la aplicaci\u00f3n de chat en vivo a tu sitio web de Shopify<\/h2><div class=\"video-container\"><iframe width=\"720\" height=\"405\" src=\"https:\/\/www.youtube.com\/embed\/jwkk4sS8hjI\" frameborder=\"0\" allowfullscreen=\"\"><\/iframe><\/div><p>Las siguientes acciones son lo \u00fanico que necesitas hacer para una integraci\u00f3n exitosa.<\/p><ol><li><b>Utiliza nuestro editor gratuito y comienza a construir tu aplicaci\u00f3n personalizada.<\/b><br> Determina el dise\u00f1o y la funcionalidad preferidos de la aplicaci\u00f3n y aplica todas las modificaciones.<\/li><li><b>Obt\u00e9n el c\u00f3digo personal que aparece en el cuadro de Elfsight Apps.<\/b><br> Tan pronto como finalice la generaci\u00f3n de tu aplicaci\u00f3n, copia el c\u00f3digo individual en el cuadro emergente y gu\u00e1rdalo para uso futuro.<\/li><li><b>Comienza a utilizar la aplicaci\u00f3n en tu sitio web de Shopify.<\/b><br> Inserta el c\u00f3digo que has copiado en tu p\u00e1gina web y aplica las mejoras.<\/li><li><b>\u00a1Listo! La integraci\u00f3n se ha completado con \u00e9xito.<\/b><br> Ve a tu p\u00e1gina para ver c\u00f3mo funciona la aplicaci\u00f3n.<\/li><\/ol><p>\u00bfA\u00fan no puedes decidirte? \u00bfTienes preguntas sobre nuestro WhatsApp para Shopify y su integraci\u00f3n? Simplemente env\u00eda una solicitud a nuestro equipo de atenci\u00f3n al cliente y te ayudar\u00e1n con cualquier asunto. Tambi\u00e9n puedes leer un art\u00edculo sobre <a href=\"https:\/\/elfsight.com\/blog\/how-to-add-whatsapp-chat-to-shopify-for-free\/\" target=\"_blank\" rel=\"noopener\">c\u00f3mo agregar el chat de WhatsApp a Shopify<\/a>.<\/p><\/div><div class=\"faq\" data-component=\"FAQ\"><div class=\"faq-item\">\r\n\t\t\t\t\t<div class=\"faq-item-question\">\r\n\t\t\t\t\t\t<h3 class=\"faq-item-question-text\">\u00bfD\u00f3nde puedo publicar el widget?<\/h3>\r\n\r\n\t\t\t\t\t\t<div class=\"faq-item-question-icon\"><\/div>\r\n\t\t\t\t\t<\/div>\r\n\r\n\t\t\t\t\t<div class=\"faq-item-answer\">\r\n\t\t\t\t\t\t<div class=\"faq-item-answer-text\"><p>El widget puede colocarse en todas las p\u00e1ginas de tu sitio web o solo en las p\u00e1ginas que elijas. Tambi\u00e9n puedes excluir ciertas p\u00e1ginas si no deseas que el chat en vivo aparezca en ellas.<\/p><\/div>\r\n\t\t\t\t\t<\/div>\r\n\t\t\t\t<\/div><div class=\"faq-item\">\r\n\t\t\t\t\t<div class=\"faq-item-question\">\r\n\t\t\t\t\t\t<h3 class=\"faq-item-question-text\">\u00bfQu\u00e9 ventajas me ofrece para mis clientes?<\/h3>\r\n\r\n\t\t\t\t\t\t<div class=\"faq-item-question-icon\"><\/div>\r\n\t\t\t\t\t<\/div>\r\n\r\n\t\t\t\t\t<div class=\"faq-item-answer\">\r\n\t\t\t\t\t\t<div class=\"faq-item-answer-text\"><p>El widget ayudar\u00e1 a que m\u00e1s clientes se pongan en contacto contigo con sus preguntas, solicitudes o problemas. Esto puede ayudar a aumentar el n\u00famero de clientes potenciales y compras. Adem\u00e1s, responder r\u00e1pidamente y con un enfoque personal mejorar\u00e1 el nivel de tu atenci\u00f3n al cliente.<\/p><\/div>\r\n\t\t\t\t\t<\/div>\r\n\t\t\t\t<\/div><div class=\"faq-item\">\r\n\t\t\t\t\t<div class=\"faq-item-question\">\r\n\t\t\t\t\t\t<h3 class=\"faq-item-question-text\">\u00bfC\u00f3mo puede el widget influir en el rendimiento de mi sitio web?<\/h3>\r\n\r\n\t\t\t\t\t\t<div class=\"faq-item-question-icon\"><\/div>\r\n\t\t\t\t\t<\/div>\r\n\r\n\t\t\t\t\t<div class=\"faq-item-answer\">\r\n\t\t\t\t\t\t<div class=\"faq-item-answer-text\"><p>Si decides agregar un bot\u00f3n de WhatsApp a tu sitio web de Shopify, esta acci\u00f3n puede mejorar el rendimiento de tu sitio en poco tiempo. Nuestra integraci\u00f3n de WhatsApp para Shopify est\u00e1 dise\u00f1ada para traer cambios positivos en tu relaci\u00f3n con la audiencia. Despu\u00e9s de agregar el bot\u00f3n de WhatsApp a tu sitio, podr\u00e1s elegir qui\u00e9n lo ver\u00e1. Y us\u00e1ndolo, podr\u00e1s brindar f\u00e1cilmente cualquier tipo de ayuda a los visitantes de tu sitio web, desde atenci\u00f3n al cliente hasta conversaciones cotidianas. Con el bot\u00f3n de chat de WhatsApp en tu sitio web de Shopify, sin duda tendr\u00e1s la oportunidad de impulsar tu negocio al instante.<\/p><\/div>\r\n\t\t\t\t\t<\/div>\r\n\t\t\t\t<\/div><div class=\"faq-item\">\r\n\t\t\t\t\t<div class=\"faq-item-question\">\r\n\t\t\t\t\t\t<h3 class=\"faq-item-question-text\">\u00bfEs dif\u00edcil personalizar el widget y adaptarlo a mis necesidades?<\/h3>\r\n\r\n\t\t\t\t\t\t<div class=\"faq-item-question-icon\"><\/div>\r\n\t\t\t\t\t<\/div>\r\n\r\n\t\t\t\t\t<div class=\"faq-item-answer\">\r\n\t\t\t\t\t\t<div class=\"faq-item-answer-text\"><p>Nuestra aplicaci\u00f3n de chat para Shopify es f\u00e1cil de personalizar, lo cual es una buena noticia para tu negocio. Esto significa que puedes crear f\u00e1cilmente la aplicaci\u00f3n que se adapte a ti en t\u00e9rminos de estilo. Teniendo en cuenta que puedes reinventar completamente el dise\u00f1o del plugin de WhatsApp para Shopify, seguramente se convertir\u00e1 en una parte inseparable del dise\u00f1o de tu sitio web. Solo te queda comenzar a construir tu plugin y ver\u00e1s c\u00f3mo se convierte en una parte esencial de tu negocio. Y muchas otras opciones pueden ayudarte a adaptarlo solo a tus objetivos comerciales, sin complicaciones con funciones que realmente no necesitas.<\/p><\/div>\r\n\t\t\t\t\t<\/div>\r\n\t\t\t\t<\/div><\/div>","protected":false},"excerpt":{"rendered":"","protected":false},"author":18,"featured_media":0,"parent":1506,"menu_order":0,"comment_status":"closed","ping_status":"closed","template":"templates\/template-application-platform.php","meta":{"publish_to_discourse":"","publish_post_category":"","wpdc_auto_publish_overridden":"","wpdc_topic_tags":"","wpdc_pin_topic":"","wpdc_pin_until":"","discourse_post_id":"","discourse_permalink":"","wpdc_publishing_response":"","wpdc_publishing_error":"","footnotes":""},"class_list":["post-4290","page","type-page","status-publish","hentry"],"yoast_head":"<!-- This site is optimized with the Yoast SEO plugin v25.3.1 - https:\/\/yoast.com\/wordpress\/plugins\/seo\/ -->\n<title>Chat de WhatsApp - Embeber app de Plugin de WhatsApp al Shopify<\/title>\n<meta name=\"description\" content=\"Instala un widget interactivo de Chat de WhatsApp en su sitio de Shopify. Pruebe la demo de Elfsight f\u00e1cil de usar y cree su app personalizado.\" \/>\n<meta name=\"robots\" content=\"index, follow, max-snippet:-1, max-image-preview:large, max-video-preview:-1\" \/>\n<link rel=\"canonical\" href=\"https:\/\/elfsight.com\/es\/whatsapp-chat-widget\/shopify\/\" \/>\n<meta property=\"og:locale\" content=\"es_ES\" \/>\n<meta property=\"og:type\" content=\"article\" \/>\n<meta property=\"og:title\" content=\"Chat de WhatsApp - Embeber app de Plugin de WhatsApp al Shopify\" \/>\n<meta property=\"og:description\" content=\"Instala un widget interactivo de Chat de WhatsApp en su sitio de Shopify. Pruebe la demo de Elfsight f\u00e1cil de usar y cree su app personalizado.\" \/>\n<meta property=\"og:url\" content=\"https:\/\/elfsight.com\/es\/whatsapp-chat-widget\/shopify\/\" \/>\n<meta property=\"og:site_name\" content=\"Elfsight ES\" \/>\n<meta property=\"article:modified_time\" content=\"2025-02-06T15:21:11+00:00\" \/>\n<meta name=\"twitter:card\" content=\"summary_large_image\" \/>\n<meta name=\"twitter:label1\" content=\"Tiempo de lectura\" \/>\n\t<meta name=\"twitter:data1\" content=\"4 minutos\" \/>\n<!-- \/ Yoast SEO plugin. -->","yoast_head_json":{"title":"Chat de WhatsApp - Embeber app de Plugin de WhatsApp al Shopify","description":"Instala un widget interactivo de Chat de WhatsApp en su sitio de Shopify. Pruebe la demo de Elfsight f\u00e1cil de usar y cree su app personalizado.","robots":{"index":"index","follow":"follow","max-snippet":"max-snippet:-1","max-image-preview":"max-image-preview:large","max-video-preview":"max-video-preview:-1"},"canonical":"https:\/\/elfsight.com\/es\/whatsapp-chat-widget\/shopify\/","og_locale":"es_ES","og_type":"article","og_title":"Chat de WhatsApp - Embeber app de Plugin de WhatsApp al Shopify","og_description":"Instala un widget interactivo de Chat de WhatsApp en su sitio de Shopify. Pruebe la demo de Elfsight f\u00e1cil de usar y cree su app personalizado.","og_url":"https:\/\/elfsight.com\/es\/whatsapp-chat-widget\/shopify\/","og_site_name":"Elfsight ES","article_modified_time":"2025-02-06T15:21:11+00:00","twitter_card":"summary_large_image","twitter_misc":{"Tiempo de lectura":"4 minutos"},"schema":{"@context":"https:\/\/schema.org","@graph":[{"@type":"WebPage","@id":"https:\/\/elfsight.com\/es\/whatsapp-chat-widget\/shopify\/","url":"https:\/\/elfsight.com\/es\/whatsapp-chat-widget\/shopify\/","name":"Chat de WhatsApp - Embeber app de Plugin de WhatsApp al Shopify","isPartOf":{"@id":"https:\/\/elfsight.com\/es\/#website"},"datePublished":"2022-02-11T11:33:33+00:00","dateModified":"2025-02-06T15:21:11+00:00","description":"Instala un widget interactivo de Chat de WhatsApp en su sitio de Shopify. Pruebe la demo de Elfsight f\u00e1cil de usar y cree su app personalizado.","breadcrumb":{"@id":"https:\/\/elfsight.com\/es\/whatsapp-chat-widget\/shopify\/#breadcrumb"},"inLanguage":"es","potentialAction":[{"@type":"ReadAction","target":["https:\/\/elfsight.com\/es\/whatsapp-chat-widget\/shopify\/"]}]},{"@type":"BreadcrumbList","@id":"https:\/\/elfsight.com\/es\/whatsapp-chat-widget\/shopify\/#breadcrumb","itemListElement":[{"@type":"ListItem","position":1,"name":"Home","item":"https:\/\/elfsight.com\/es\/"},{"@type":"ListItem","position":2,"name":"WhatsApp Chat","item":"https:\/\/elfsight.com\/es\/whatsapp-chat-widget\/"},{"@type":"ListItem","position":3,"name":"Whatsapp Chat &#8211; Shopify"}]},{"@type":"WebSite","@id":"https:\/\/elfsight.com\/es\/#website","url":"https:\/\/elfsight.com\/es\/","name":"Elfsight ES","description":"Just another Elfsight Sites site","potentialAction":[{"@type":"SearchAction","target":{"@type":"EntryPoint","urlTemplate":"https:\/\/elfsight.com\/es\/?s={search_term_string}"},"query-input":{"@type":"PropertyValueSpecification","valueRequired":true,"valueName":"search_term_string"}}],"inLanguage":"es"}]}},"meta_box":{"industry":"","seo_heading":"","heading":"","description":"","cta_heading":"","cta_description":"","application":"1505","h1":"aplicaci\u00f3n de Chat de WhatsApp para Shopify","h1_caption":"Brinde a los usuarios la oportunidad de comunicarse con usted por WhatsApp, garantizando la interacci\u00f3n m\u00e1s r\u00e1pida y conveniente para los visitantes de su sitio web en su sitio web Shopify sin esfuerzo.","application_category":[],"applications_title":"","applications_request_title":"","applications_request_button_text":"","hero_text":"","hero_video":"","hero_video_schema_markup":"","selling_points_title":"","selling_points_caption":"","selling_points":[],"selling_points_cta_text":"","features_title":"","features":"","ed_cta_examples_text":"","ed_cta_examples_hidden":"","ed_cta_demo_text":"","ed_cta_demo_hidden":"","why_caption":"","why_editor_title":"","why_editor_text":"","why_team_title":"","why_team_text":"","why_service_title":"","why_service_text":"","template_catalog_visible":"0","template_catalog_title":"","template_catalog_text":"","template_catalog_categories_visible":"","demo_title":"Crea tu aplicaci\u00f3n de Chat de Whatsapp","demo_caption":"\u00a1Configura tu chat de Whatsapp y agr\u00e9galo a tu sitio web de Shopify gratis!","default_faq_hidden":"","app_template_category":[],"platform":"91","template_public_id":"","codecanyon_url":"","codecanyon_item_id":"","codecanyon_price":"","pricing_caption":"","pricing_elfsight_apps_hide_column":"","pricing_elfsight_apps_url":"","pricing_codecanyon_price_caption":"","integration_category":[],"integration_request_title":"","integration_request_cta":"","integration_platform":"","integrations":[],"platform_category":[],"video_schema_markup":"","price":"desde $0 por mes","trial":"","benefits":[{"text":"Instalaci\u00f3n gratuita"},{"text":"Soporte Premium"},{"text":"14 d\u00edas garant\u00eda de reembolso"},{"text":"Actualizaciones regulares"}],"button_url":"#demo","button_target_blank":"0","button_nofollow":"0","attributes":[{"name":"Responsivo","content":"Si","_state":"expanded"},{"name":"Navegadores compatibles","content":"Firefox, Safari, Opera, Chrome, Edge","_state":"expanded"}],"tags":[],"tags_disable_links":"0","hide_more_platforms":"","video_object":"","demo_hide_cta":"0","demo_hide_cloud_options":"0","pricing_title":"","pricing":[{"pricing_icon":"platform","pricing_title":" Elfsight Apps","pricing_title_caption":"Soluci\u00f3n multiplataforma - valido para cualquier p\u00e1gina web","pricing_price":"desde $0 por mes","pricing_price_caption":"empezar con un plan gratuito","pricing_benefits":[{"text":"Sitios web ilimitados"},{"text":"Atenci\u00f3n al cliente gratuita y r\u00e1pida"},{"text":"Servicio de instalaci\u00f3n gratuito"},{"text":"Totalmente personalizable"}],"pricing_button_text":"Agregar al sitio web","pricing_button_url":"#demo","_state":"expanded"}],"related_apps_title":"","related_apps_hidden":"1","author":"","image":[],"title":"","job":"","social_networks":[]},"_links":{"self":[{"href":"https:\/\/elfsight.com\/es\/wp-json\/wp\/v2\/pages\/4290","targetHints":{"allow":["GET"]}}],"collection":[{"href":"https:\/\/elfsight.com\/es\/wp-json\/wp\/v2\/pages"}],"about":[{"href":"https:\/\/elfsight.com\/es\/wp-json\/wp\/v2\/types\/page"}],"author":[{"embeddable":true,"href":"https:\/\/elfsight.com\/es\/wp-json\/wp\/v2\/users\/18"}],"replies":[{"embeddable":true,"href":"https:\/\/elfsight.com\/es\/wp-json\/wp\/v2\/comments?post=4290"}],"version-history":[{"count":3,"href":"https:\/\/elfsight.com\/es\/wp-json\/wp\/v2\/pages\/4290\/revisions"}],"predecessor-version":[{"id":18151,"href":"https:\/\/elfsight.com\/es\/wp-json\/wp\/v2\/pages\/4290\/revisions\/18151"}],"up":[{"embeddable":true,"href":"https:\/\/elfsight.com\/es\/wp-json\/wp\/v2\/pages\/1506"}],"wp:attachment":[{"href":"https:\/\/elfsight.com\/es\/wp-json\/wp\/v2\/media?parent=4290"}],"curies":[{"name":"wp","href":"https:\/\/api.w.org\/{rel}","templated":true}]}}