{"id":4288,"date":"2022-02-11T11:33:39","date_gmt":"2022-02-11T11:33:39","guid":{"rendered":"https:\/\/elfsight.com\/es\/?page_id=4288"},"modified":"2025-02-06T15:21:11","modified_gmt":"2025-02-06T15:21:11","slug":"iframe","status":"publish","type":"page","link":"https:\/\/elfsight.com\/es\/social-feed-widget\/iframe\/","title":{"rendered":"Social Feed &#8211; iFrame"},"content":{"rendered":"<div class=\"application-platform-content-item-description application-platform-content-item\" id=\"description\" data-nav-section=\"description\"> <h2>Incorporar el Feed Social en iFrame con el widget de Elfsight<\/h2> <p>El widget Social Feed de Elfsight para iFrame es una herramienta para vender no solo productos, sino emociones y experiencias. Con \u00e9l puedes construir un feed individual a partir de contenido de m\u00faltiples fuentes: Instagram, Pinterest, Facebook, Twitter, Tumblr, YouTube, Vimeo, y mostrarlo directamente en tu sitio web. \u00a1Construye una galer\u00eda o cat\u00e1logo de productos en 1-2-3! Ten el control total sobre el contenido mostrado con m\u00faltiples opciones de filtrado y elimina el spam y cualquier contenido no deseado mediante moderaci\u00f3n manual. El configurador en l\u00ednea completamente responsivo te proporciona diferentes plantillas para elegir.<\/p> <p><b>Haz que tu sitio web sea m\u00e1s exitoso para tus objetivos comerciales con el Social Wall<\/b><\/p> <\/div> <div class=\"application-platform-content-item-features application-platform-content-item\" id=\"features\" data-nav-section=\"features\"> <h2>Las caracter\u00edsticas m\u00e1s importantes del widget incluyen<\/h2> <ul><li>Muestra el contenido de tus redes sociales desde diferentes fuentes.<\/li><li>Elimina cualquier spam o contenido no deseado mediante el modo de moderaci\u00f3n manual.<\/li><li>Agrega el bot\u00f3n de Seguir al feed del widget.<\/li><li>Permite que tus publicaciones se muestren en modo emergente.<\/li><\/ul><p><a href=\"#demo\">Examina todas las configuraciones en la demostraci\u00f3n 100% funcional<\/a><\/p> <\/div> <div class=\"application-platform-content-item-installation application-platform-content-item\" id=\"installation\" data-nav-section=\"installation\"> <h2>\u00bfC\u00f3mo integrar el widget Social Media Feed en mi sitio iFrame?<\/h2> <p>Sigue estos pasos para integrar el plugin f\u00e1cilmente.<\/p> <ol><li><b>Realiza nuestro editor gratuito y empieza a crear tu herramienta personalizada.<\/b><br> Especifica el aspecto y las caracter\u00edsticas funcionales del widget y aplica los ajustes.<\/li>  <li><b>Recibe tu c\u00f3digo \u00fanico mostrado en el cuadro de Elfsight Apps.<\/b><br> Despu\u00e9s de configurar tu widget, copia el c\u00f3digo personal del cuadro que aparece y gu\u00e1rdalo para futuros usos.<\/li>  <li><b>Comienza a usar el widget Social Wall en tu p\u00e1gina iFrame.<\/b><br> A\u00f1ade el c\u00f3digo que copiaste previamente en tu sitio web y guarda los ajustes.<\/li>  <li><b>La instalaci\u00f3n se ha completado.<\/b><br> Ve a tu sitio web para ver c\u00f3mo funciona el plugin.<\/li><\/ol> <p>Si tienes preguntas o encuentras dificultades, no dudes en contactar con nuestro equipo de atenci\u00f3n al cliente. Nuestros especialistas estar\u00e1n encantados de ayudarte con cualquier problema que puedas tener con el plugin.<\/p> <\/div><div class=\"faq\" data-component=\"FAQ\"><div class=\"faq-item\">\r\n\t\t\t\t\t<div class=\"faq-item-question\">\r\n\t\t\t\t\t\t<h3 class=\"faq-item-question-text\">\u00bfC\u00f3mo a\u00f1adir Social Feed a mi iFrame sin conocimientos de codificaci\u00f3n?<\/h3>\r\n\r\n\t\t\t\t\t\t<div class=\"faq-item-question-icon\"><\/div>\r\n\t\t\t\t\t<\/div>\r\n\r\n\t\t\t\t\t<div class=\"faq-item-answer\">\r\n\t\t\t\t\t\t<div class=\"faq-item-answer-text\"><p>La empresa Elfsight ofrece una soluci\u00f3n que te permite crear el plugin Social Feed por ti mismo, sigue estas instrucciones sencillas:<\/p><ul><li>Comienza a trabajar en el Editor en l\u00ednea para crear el plugin Social Feed que te gustar\u00eda tener en tu iFrame.<\/li><li>Selecciona una de nuestras plantillas predise\u00f1adas y ajusta la configuraci\u00f3n de Social Feed, agrega tu contenido, cambia el dise\u00f1o y los colores sin necesidad de experiencia en codificaci\u00f3n.<\/li><li>Haz clic en guardar el Social Feed y copia el c\u00f3digo del plugin para integrarlo, que se puede a\u00f1adir f\u00e1cilmente a tu p\u00e1gina web iFrame de forma gratuita.<\/li><\/ul><p>Trabajando en nuestro Editor intuitivo, cualquier usuario web puede crear la aplicaci\u00f3n Social Feed y pegarla f\u00e1cilmente en cualquier p\u00e1gina web iFrame. No es necesario pagar ni ingresar los datos de tu tarjeta para acceder al servicio. Si enfrentas alg\u00fan obst\u00e1culo, no dudes en ponerte en contacto con nuestro soporte t\u00e9cnico.<\/p><\/div>\r\n\t\t\t\t\t<\/div>\r\n\t\t\t\t<\/div><\/div>","protected":false},"excerpt":{"rendered":"","protected":false},"author":18,"featured_media":0,"parent":1469,"menu_order":0,"comment_status":"closed","ping_status":"closed","template":"templates\/template-application-platform.php","meta":{"publish_to_discourse":"","publish_post_category":"","wpdc_auto_publish_overridden":"","wpdc_topic_tags":"","wpdc_pin_topic":"","wpdc_pin_until":"","discourse_post_id":"","discourse_permalink":"","wpdc_publishing_response":"","wpdc_publishing_error":"","footnotes":""},"class_list":["post-4288","page","type-page","status-publish","hentry"],"yoast_head":"<!-- This site is optimized with the Yoast SEO plugin v25.3.1 - https:\/\/yoast.com\/wordpress\/plugins\/seo\/ -->\n<title>Feed de Redes Sociales - Embeber widget de Muro Social al iFrame<\/title>\n<meta name=\"description\" content=\"A\u00f1ade un widget interactivo de Feed de Redes Sociales en su sitio web de iFrame. Lance la demo de Elfsight intuitiva y construe su widget \u00fanico.\" \/>\n<meta name=\"robots\" content=\"index, follow, max-snippet:-1, max-image-preview:large, max-video-preview:-1\" \/>\n<link rel=\"canonical\" href=\"https:\/\/elfsight.com\/es\/social-feed-widget\/iframe\/\" \/>\n<meta property=\"og:locale\" content=\"es_ES\" \/>\n<meta property=\"og:type\" content=\"article\" \/>\n<meta property=\"og:title\" content=\"Feed de Redes Sociales - Embeber widget de Muro Social al iFrame\" \/>\n<meta property=\"og:description\" content=\"A\u00f1ade un widget interactivo de Feed de Redes Sociales en su sitio web de iFrame. Lance la demo de Elfsight intuitiva y construe su widget \u00fanico.\" \/>\n<meta property=\"og:url\" content=\"https:\/\/elfsight.com\/es\/social-feed-widget\/iframe\/\" \/>\n<meta property=\"og:site_name\" content=\"Elfsight ES\" \/>\n<meta property=\"article:modified_time\" content=\"2025-02-06T15:21:11+00:00\" \/>\n<meta name=\"twitter:card\" content=\"summary_large_image\" \/>\n<meta name=\"twitter:label1\" content=\"Tiempo de lectura\" \/>\n\t<meta name=\"twitter:data1\" content=\"1 minuto\" \/>\n<!-- \/ Yoast SEO plugin. -->","yoast_head_json":{"title":"Feed de Redes Sociales - Embeber widget de Muro Social al iFrame","description":"A\u00f1ade un widget interactivo de Feed de Redes Sociales en su sitio web de iFrame. Lance la demo de Elfsight intuitiva y construe su widget \u00fanico.","robots":{"index":"index","follow":"follow","max-snippet":"max-snippet:-1","max-image-preview":"max-image-preview:large","max-video-preview":"max-video-preview:-1"},"canonical":"https:\/\/elfsight.com\/es\/social-feed-widget\/iframe\/","og_locale":"es_ES","og_type":"article","og_title":"Feed de Redes Sociales - Embeber widget de Muro Social al iFrame","og_description":"A\u00f1ade un widget interactivo de Feed de Redes Sociales en su sitio web de iFrame. Lance la demo de Elfsight intuitiva y construe su widget \u00fanico.","og_url":"https:\/\/elfsight.com\/es\/social-feed-widget\/iframe\/","og_site_name":"Elfsight ES","article_modified_time":"2025-02-06T15:21:11+00:00","twitter_card":"summary_large_image","twitter_misc":{"Tiempo de lectura":"1 minuto"},"schema":{"@context":"https:\/\/schema.org","@graph":[{"@type":"WebPage","@id":"https:\/\/elfsight.com\/es\/social-feed-widget\/iframe\/","url":"https:\/\/elfsight.com\/es\/social-feed-widget\/iframe\/","name":"Feed de Redes Sociales - Embeber widget de Muro Social al iFrame","isPartOf":{"@id":"https:\/\/elfsight.com\/es\/#website"},"datePublished":"2022-02-11T11:33:39+00:00","dateModified":"2025-02-06T15:21:11+00:00","description":"A\u00f1ade un widget interactivo de Feed de Redes Sociales en su sitio web de iFrame. Lance la demo de Elfsight intuitiva y construe su widget \u00fanico.","breadcrumb":{"@id":"https:\/\/elfsight.com\/es\/social-feed-widget\/iframe\/#breadcrumb"},"inLanguage":"es","potentialAction":[{"@type":"ReadAction","target":["https:\/\/elfsight.com\/es\/social-feed-widget\/iframe\/"]}]},{"@type":"BreadcrumbList","@id":"https:\/\/elfsight.com\/es\/social-feed-widget\/iframe\/#breadcrumb","itemListElement":[{"@type":"ListItem","position":1,"name":"Home","item":"https:\/\/elfsight.com\/es\/"},{"@type":"ListItem","position":2,"name":"Social Feed","item":"https:\/\/elfsight.com\/es\/social-feed-widget\/"},{"@type":"ListItem","position":3,"name":"Social Feed &#8211; iFrame"}]},{"@type":"WebSite","@id":"https:\/\/elfsight.com\/es\/#website","url":"https:\/\/elfsight.com\/es\/","name":"Elfsight ES","description":"Just another Elfsight Sites site","potentialAction":[{"@type":"SearchAction","target":{"@type":"EntryPoint","urlTemplate":"https:\/\/elfsight.com\/es\/?s={search_term_string}"},"query-input":{"@type":"PropertyValueSpecification","valueRequired":true,"valueName":"search_term_string"}}],"inLanguage":"es"}]}},"meta_box":{"industry":"","seo_heading":"","heading":"","description":"","cta_heading":"","cta_description":"","application":"1468","h1":"widget de Feed de Redes Sociales para iFrame","h1_caption":"Incrusta contenido de las redes sociales a su p\u00e1gina","application_category":[],"applications_title":"","applications_request_title":"","applications_request_button_text":"","hero_text":"","hero_video":"","hero_video_schema_markup":"","selling_points_title":"","selling_points_caption":"","selling_points":[],"selling_points_cta_text":"","features_title":"","features":"","ed_cta_examples_text":"","ed_cta_examples_hidden":"","ed_cta_demo_text":"","ed_cta_demo_hidden":"","why_caption":"","why_editor_title":"","why_editor_text":"","why_team_title":"","why_team_text":"","why_service_title":"","why_service_text":"","template_catalog_visible":"","template_catalog_title":"","template_catalog_text":"","template_catalog_categories_visible":"","demo_title":"Crea tu widget de Feed Social","demo_caption":"\u00a1Configure su Social Feed y agr\u00e9guelo a su sitio web iFrame gratis!","default_faq_hidden":"","app_template_category":[],"platform":"2192","template_public_id":"","codecanyon_url":"","codecanyon_item_id":"","codecanyon_price":"","pricing_caption":"","pricing_elfsight_apps_hide_column":"","pricing_elfsight_apps_url":"","pricing_codecanyon_price_caption":"","integration_category":[],"integration_request_title":"","integration_request_cta":"","integration_platform":"","integrations":[],"platform_category":[],"video_schema_markup":"","price":"desde $0 por mes","trial":"","benefits":[{"text":"Instalaci\u00f3n gratuita"},{"text":"Soporte Premium"},{"text":"14 d\u00edas garant\u00eda de reembolso"},{"text":"Actualizaciones regulares"}],"button_url":"#demo","button_target_blank":"0","button_nofollow":"0","attributes":[{"name":"Responsivo","content":"Si","_state":"expanded"},{"name":"Navegadores compatibles","content":"Firefox, Safari, Opera, Chrome, Edge","_state":"expanded"}],"tags":[],"tags_disable_links":"0","hide_more_platforms":"","video_object":"","demo_hide_cta":"0","demo_hide_cloud_options":"0","pricing_title":"","pricing":[{"pricing_icon":"platform","pricing_title":" Elfsight Apps","pricing_title_caption":"Soluci\u00f3n multiplataforma - valido para cualquier p\u00e1gina web","pricing_price":"desde $0 por mes","pricing_price_caption":"empezar con un plan gratuito","pricing_benefits":[{"text":"Sitios web ilimitados"},{"text":"Atenci\u00f3n al cliente gratuita y r\u00e1pida"},{"text":"Servicio de instalaci\u00f3n gratuito"},{"text":"Totalmente personalizable"}],"pricing_button_text":"Agregar al sitio web","pricing_button_url":"#demo","_state":"expanded"}],"related_apps_title":"","related_apps_hidden":"1","author":"","image":[],"title":"","job":"","social_networks":[]},"_links":{"self":[{"href":"https:\/\/elfsight.com\/es\/wp-json\/wp\/v2\/pages\/4288","targetHints":{"allow":["GET"]}}],"collection":[{"href":"https:\/\/elfsight.com\/es\/wp-json\/wp\/v2\/pages"}],"about":[{"href":"https:\/\/elfsight.com\/es\/wp-json\/wp\/v2\/types\/page"}],"author":[{"embeddable":true,"href":"https:\/\/elfsight.com\/es\/wp-json\/wp\/v2\/users\/18"}],"replies":[{"embeddable":true,"href":"https:\/\/elfsight.com\/es\/wp-json\/wp\/v2\/comments?post=4288"}],"version-history":[{"count":3,"href":"https:\/\/elfsight.com\/es\/wp-json\/wp\/v2\/pages\/4288\/revisions"}],"predecessor-version":[{"id":18150,"href":"https:\/\/elfsight.com\/es\/wp-json\/wp\/v2\/pages\/4288\/revisions\/18150"}],"up":[{"embeddable":true,"href":"https:\/\/elfsight.com\/es\/wp-json\/wp\/v2\/pages\/1469"}],"wp:attachment":[{"href":"https:\/\/elfsight.com\/es\/wp-json\/wp\/v2\/media?parent=4288"}],"curies":[{"name":"wp","href":"https:\/\/api.w.org\/{rel}","templated":true}]}}