{"id":4284,"date":"2022-02-11T11:33:56","date_gmt":"2022-02-11T11:33:56","guid":{"rendered":"https:\/\/elfsight.com\/es\/?page_id=4284"},"modified":"2025-02-06T15:21:03","modified_gmt":"2025-02-06T15:21:03","slug":"html","status":"publish","type":"page","link":"https:\/\/elfsight.com\/es\/social-feed-widget\/html\/","title":{"rendered":"Social Feed &#8211; HTML"},"content":{"rendered":"<div class=\"application-platform-content-item-description application-platform-content-item\" id=\"description\" data-nav-section=\"description\"> <h2>Descripci\u00f3n<\/h2> <p>Elfsight Social Feed para HTML es un widget \u00fanico para promover no solo productos, sino emociones y experiencias. Con el feed de redes sociales, puedes crear un feed personalizado compuesto por contenido de diferentes fuentes: Instagram, Pinterest, Facebook, Twitter, Tumblr, YouTube, Vimeo, y mostrarlo directamente en tu sitio web. \u00a1Desarrolla una galer\u00eda o cat\u00e1logo de productos en solo unos clics! Disfruta del control absoluto sobre el contenido mostrado en tu feed de redes sociales con numerosas opciones de filtrado y elimina el spam o contenido no deseado mediante moderaci\u00f3n manual. El configurador en l\u00ednea totalmente responsivo te ofrece numerosos plantillas para elegir. <\/p> <p><b>Haz que tu sitio web sea m\u00e1s efectivo para los objetivos comerciales con Social Wall<\/b><\/p> <\/div> <div class=\"application-platform-content-item-features application-platform-content-item\" id=\"features\" data-nav-section=\"features\"> <h2>Aqu\u00ed est\u00e1n las caracter\u00edsticas principales del widget: <\/h2> <ul><li>Exhibe el contenido de tus redes sociales desde muchas fuentes. <\/li><li>Elimina cualquier spam o contenido no deseado utilizando el modo de moderaci\u00f3n manual. <\/li><li>Configura el bot\u00f3n de seguir en las tarjetas del widget. <\/li><li>Haz que tus publicaciones se muestren en modo emergente. <\/li><\/ul><p><a href=\"#demo\">Puedes explorar la funcionalidad completa del widget en la demostraci\u00f3n ahora mismo<\/a><\/p> <\/div> <div class=\"application-platform-content-item-installation application-platform-content-item\" id=\"installation\" data-nav-section=\"installation\"> <h2>\u00bfC\u00f3mo puedo incorporar el widget de Social Media Feed en mi sitio web HTML? <\/h2> <p>Simplemente realiza unos pocos pasos descritos a continuaci\u00f3n para insertar el widget en el c\u00f3digo HTML de tu sitio web. <\/p> <ol><li><b>Abre nuestra demostraci\u00f3n gratuita y empieza a construir tu widget personalizado. <\/b><br> Elige el formulario y las caracter\u00edsticas personalizadas de la herramienta y aplica las modificaciones. <\/li>  <li><b>Copia el c\u00f3digo HTML del feed social personal de Elfsight Apps. <\/b><br> Cuando la configuraci\u00f3n de tu widget est\u00e9 lista, copia el c\u00f3digo exclusivo del cuadro emergente y gu\u00e1rdalo para su uso futuro. <\/li>  <li><b>Comienza a usar el widget Social Wall en tu p\u00e1gina web HTML. <\/b><br> Inserta el c\u00f3digo que guardaste recientemente en tu p\u00e1gina web y guarda los ajustes. <\/li>  <li><b>La configuraci\u00f3n est\u00e1 completamente realizada. <\/b><br> Ve a tu p\u00e1gina para ver en acci\u00f3n c\u00f3mo funciona el widget. <\/li><\/ol> <p>Si tienes alg\u00fan problema, no dudes en contactar a nuestro equipo de soporte. Nuestros especialistas estar\u00e1n encantados de ayudarte con cualquier dificultad que puedas tener con el producto. <\/p> <\/div><div class=\"faq\" data-component=\"FAQ\"><div class=\"faq-item\">\r\n\t\t\t\t\t<div class=\"faq-item-question\">\r\n\t\t\t\t\t\t<h3 class=\"faq-item-question-text\">\u00bfC\u00f3mo puedo agregar el Social Feed a mi HTML sin conocimientos de programaci\u00f3n?<\/h3>\r\n\r\n\t\t\t\t\t\t<div class=\"faq-item-question-icon\"><\/div>\r\n\t\t\t\t\t<\/div>\r\n\r\n\t\t\t\t\t<div class=\"faq-item-answer\">\r\n\t\t\t\t\t\t<div class=\"faq-item-answer-text\"><p>La empresa Elfsight ofrece una soluci\u00f3n en la nube que permite a las personas crear una aplicaci\u00f3n de Social Feed por s\u00ed mismas, sigue esta sencilla gu\u00eda: <\/p><ul><li>Trabaja directamente en el Editor en vivo para crear el widget Social Feed que deseas ver en HTML.<\/li><li>Selecciona una de nuestras plantillas predefinidas y ajusta la configuraci\u00f3n del Social Feed, agrega tu contenido, cambia el dise\u00f1o y el color de los elementos sin necesidad de programar.<\/li><li>Guarda el Social Feed y obt\u00e9n el c\u00f3digo de instalaci\u00f3n, que puedes incrustar en el sitio HTML usando un plan gratuito.<\/li><\/ul><p>Con nuestro f\u00e1cil Configurador, cualquier usuario de internet puede generar la secci\u00f3n Social Feed y agregarla f\u00e1cilmente a cualquier sitio web HTML. No es necesario pagar ni proporcionar datos de tarjeta para acceder a nuestro Editor. Si enfrentas alg\u00fan problema, no dudes en ponerte en contacto con nuestro personal de soporte.<\/p><\/div>\r\n\t\t\t\t\t<\/div>\r\n\t\t\t\t<\/div><\/div>","protected":false},"excerpt":{"rendered":"","protected":false},"author":18,"featured_media":0,"parent":1469,"menu_order":0,"comment_status":"closed","ping_status":"closed","template":"templates\/template-application-platform.php","meta":{"publish_to_discourse":"","publish_post_category":"","wpdc_auto_publish_overridden":"","wpdc_topic_tags":"","wpdc_pin_topic":"","wpdc_pin_until":"","discourse_post_id":"","discourse_permalink":"","wpdc_publishing_response":"","wpdc_publishing_error":"","footnotes":""},"class_list":["post-4284","page","type-page","status-publish","hentry"],"yoast_head":"<!-- This site is optimized with the Yoast SEO plugin v25.3.1 - https:\/\/yoast.com\/wordpress\/plugins\/seo\/ -->\n<title>Feed de Redes Sociales - Incrustar widget de Muro Social al HTML<\/title>\n<meta name=\"description\" content=\"A\u00f1ade un widget atractivo de Feed de Redes Sociales en su sitio de HTML. Pruebe la demo de Elfsight f\u00e1cil de usar y construe su widget \u00fanico.\" \/>\n<meta name=\"robots\" content=\"index, follow, max-snippet:-1, max-image-preview:large, max-video-preview:-1\" \/>\n<link rel=\"canonical\" href=\"https:\/\/elfsight.com\/es\/social-feed-widget\/html\/\" \/>\n<meta property=\"og:locale\" content=\"es_ES\" \/>\n<meta property=\"og:type\" content=\"article\" \/>\n<meta property=\"og:title\" content=\"Feed de Redes Sociales - Incrustar widget de Muro Social al HTML\" \/>\n<meta property=\"og:description\" content=\"A\u00f1ade un widget atractivo de Feed de Redes Sociales en su sitio de HTML. Pruebe la demo de Elfsight f\u00e1cil de usar y construe su widget \u00fanico.\" \/>\n<meta property=\"og:url\" content=\"https:\/\/elfsight.com\/es\/social-feed-widget\/html\/\" \/>\n<meta property=\"og:site_name\" content=\"Elfsight ES\" \/>\n<meta property=\"article:modified_time\" content=\"2025-02-06T15:21:03+00:00\" \/>\n<meta name=\"twitter:card\" content=\"summary_large_image\" \/>\n<meta name=\"twitter:label1\" content=\"Tiempo de lectura\" \/>\n\t<meta name=\"twitter:data1\" content=\"1 minuto\" \/>\n<!-- \/ Yoast SEO plugin. -->","yoast_head_json":{"title":"Feed de Redes Sociales - Incrustar widget de Muro Social al HTML","description":"A\u00f1ade un widget atractivo de Feed de Redes Sociales en su sitio de HTML. Pruebe la demo de Elfsight f\u00e1cil de usar y construe su widget \u00fanico.","robots":{"index":"index","follow":"follow","max-snippet":"max-snippet:-1","max-image-preview":"max-image-preview:large","max-video-preview":"max-video-preview:-1"},"canonical":"https:\/\/elfsight.com\/es\/social-feed-widget\/html\/","og_locale":"es_ES","og_type":"article","og_title":"Feed de Redes Sociales - Incrustar widget de Muro Social al HTML","og_description":"A\u00f1ade un widget atractivo de Feed de Redes Sociales en su sitio de HTML. Pruebe la demo de Elfsight f\u00e1cil de usar y construe su widget \u00fanico.","og_url":"https:\/\/elfsight.com\/es\/social-feed-widget\/html\/","og_site_name":"Elfsight ES","article_modified_time":"2025-02-06T15:21:03+00:00","twitter_card":"summary_large_image","twitter_misc":{"Tiempo de lectura":"1 minuto"},"schema":{"@context":"https:\/\/schema.org","@graph":[{"@type":"WebPage","@id":"https:\/\/elfsight.com\/es\/social-feed-widget\/html\/","url":"https:\/\/elfsight.com\/es\/social-feed-widget\/html\/","name":"Feed de Redes Sociales - Incrustar widget de Muro Social al HTML","isPartOf":{"@id":"https:\/\/elfsight.com\/es\/#website"},"datePublished":"2022-02-11T11:33:56+00:00","dateModified":"2025-02-06T15:21:03+00:00","description":"A\u00f1ade un widget atractivo de Feed de Redes Sociales en su sitio de HTML. Pruebe la demo de Elfsight f\u00e1cil de usar y construe su widget \u00fanico.","breadcrumb":{"@id":"https:\/\/elfsight.com\/es\/social-feed-widget\/html\/#breadcrumb"},"inLanguage":"es","potentialAction":[{"@type":"ReadAction","target":["https:\/\/elfsight.com\/es\/social-feed-widget\/html\/"]}]},{"@type":"BreadcrumbList","@id":"https:\/\/elfsight.com\/es\/social-feed-widget\/html\/#breadcrumb","itemListElement":[{"@type":"ListItem","position":1,"name":"Home","item":"https:\/\/elfsight.com\/es\/"},{"@type":"ListItem","position":2,"name":"Social Feed","item":"https:\/\/elfsight.com\/es\/social-feed-widget\/"},{"@type":"ListItem","position":3,"name":"Social Feed &#8211; HTML"}]},{"@type":"WebSite","@id":"https:\/\/elfsight.com\/es\/#website","url":"https:\/\/elfsight.com\/es\/","name":"Elfsight ES","description":"Just another Elfsight Sites site","potentialAction":[{"@type":"SearchAction","target":{"@type":"EntryPoint","urlTemplate":"https:\/\/elfsight.com\/es\/?s={search_term_string}"},"query-input":{"@type":"PropertyValueSpecification","valueRequired":true,"valueName":"search_term_string"}}],"inLanguage":"es"}]}},"meta_box":{"industry":"","seo_heading":"","heading":"","description":"","cta_heading":"","cta_description":"","application":"1468","h1":"widget de Feed de Redes Sociales para HTML","h1_caption":"Inserta contenido de las redes sociales a su sitio","application_category":[],"applications_title":"","applications_request_title":"","applications_request_button_text":"","hero_text":"","hero_video":"","hero_video_schema_markup":"","selling_points_title":"","selling_points_caption":"","selling_points":[],"selling_points_cta_text":"","features_title":"","features":"","ed_cta_examples_text":"","ed_cta_examples_hidden":"","ed_cta_demo_text":"","ed_cta_demo_hidden":"","why_caption":"","why_editor_title":"","why_editor_text":"","why_team_title":"","why_team_text":"","why_service_title":"","why_service_text":"","template_catalog_visible":"","template_catalog_title":"","template_catalog_text":"","template_catalog_categories_visible":"","demo_title":"Crea tu widget de Feed Social","demo_caption":"\u00a1Configure su Social Feed y agr\u00e9guelo a su sitio web HTML de forma gratuita!","default_faq_hidden":"","app_template_category":[],"platform":"70","template_public_id":"","codecanyon_url":"","codecanyon_item_id":"","codecanyon_price":"","pricing_caption":"","pricing_elfsight_apps_hide_column":"","pricing_elfsight_apps_url":"","pricing_codecanyon_price_caption":"","integration_category":[],"integration_request_title":"","integration_request_cta":"","integration_platform":"","integrations":[],"platform_category":[],"video_schema_markup":"","price":"desde $0 por mes","trial":"","benefits":[{"text":"Instalaci\u00f3n gratuita"},{"text":"Soporte Premium"},{"text":"14 d\u00edas garant\u00eda de reembolso"},{"text":"Actualizaciones regulares"}],"button_url":"#demo","button_target_blank":"0","button_nofollow":"0","attributes":[{"name":"Responsivo","content":"Si","_state":"expanded"},{"name":"Navegadores compatibles","content":"Firefox, Safari, Opera, Chrome, Edge","_state":"expanded"}],"tags":[],"tags_disable_links":"0","hide_more_platforms":"","video_object":"","demo_hide_cta":"0","demo_hide_cloud_options":"0","pricing_title":"","pricing":[{"pricing_icon":"platform","pricing_title":" Elfsight Apps","pricing_title_caption":"Soluci\u00f3n multiplataforma - valido para cualquier p\u00e1gina web","pricing_price":"desde $0 por mes","pricing_price_caption":"empezar con un plan gratuito","pricing_benefits":[{"text":"Sitios web ilimitados"},{"text":"Atenci\u00f3n al cliente gratuita y r\u00e1pida"},{"text":"Servicio de instalaci\u00f3n gratuito"},{"text":"Totalmente personalizable"}],"pricing_button_text":"Agregar al sitio web","pricing_button_url":"#demo","_state":"expanded"}],"related_apps_title":"","related_apps_hidden":"1","author":"","image":[],"title":"","job":"","social_networks":[]},"_links":{"self":[{"href":"https:\/\/elfsight.com\/es\/wp-json\/wp\/v2\/pages\/4284","targetHints":{"allow":["GET"]}}],"collection":[{"href":"https:\/\/elfsight.com\/es\/wp-json\/wp\/v2\/pages"}],"about":[{"href":"https:\/\/elfsight.com\/es\/wp-json\/wp\/v2\/types\/page"}],"author":[{"embeddable":true,"href":"https:\/\/elfsight.com\/es\/wp-json\/wp\/v2\/users\/18"}],"replies":[{"embeddable":true,"href":"https:\/\/elfsight.com\/es\/wp-json\/wp\/v2\/comments?post=4284"}],"version-history":[{"count":3,"href":"https:\/\/elfsight.com\/es\/wp-json\/wp\/v2\/pages\/4284\/revisions"}],"predecessor-version":[{"id":18148,"href":"https:\/\/elfsight.com\/es\/wp-json\/wp\/v2\/pages\/4284\/revisions\/18148"}],"up":[{"embeddable":true,"href":"https:\/\/elfsight.com\/es\/wp-json\/wp\/v2\/pages\/1469"}],"wp:attachment":[{"href":"https:\/\/elfsight.com\/es\/wp-json\/wp\/v2\/media?parent=4284"}],"curies":[{"name":"wp","href":"https:\/\/api.w.org\/{rel}","templated":true}]}}