{"id":4280,"date":"2022-02-11T11:34:09","date_gmt":"2022-02-11T11:34:09","guid":{"rendered":"https:\/\/elfsight.com\/es\/?page_id=4280"},"modified":"2025-02-06T15:21:03","modified_gmt":"2025-02-06T15:21:03","slug":"google-sites","status":"publish","type":"page","link":"https:\/\/elfsight.com\/es\/social-feed-widget\/google-sites\/","title":{"rendered":"Social Feed &#8211; Google Sites"},"content":{"rendered":"<div class=\"application-platform-content-item-description application-platform-content-item\" id=\"description\" data-nav-section=\"description\"> <h2>Incrustar el feed social en Google Sites con el widget de Elfsight<\/h2> <p>El widget de Elfsight Social Feed para Google Sites es un plugin exclusivo para promocionar no solo productos, sino tambi\u00e9n emociones y experiencias. Con \u00e9l puedes crear un feed personalizado compuesto por contenido de diversas redes: Instagram, Pinterest, Facebook, Twitter, Tumblr, YouTube, Vimeo, y mostrarlo directamente en tu sitio web. \u00a1Crea una galer\u00eda o un cat\u00e1logo de productos en unos pocos clics! Disfruta del control total sobre el contenido mostrado con diversas opciones de filtrado y elimina el spam y cualquier contenido no deseado mediante la moderaci\u00f3n manual. El configurador en l\u00ednea totalmente responsivo te proporciona diferentes plantillas para elegir.<\/p> <p><b>Con Social Wall, tendr\u00e1s un s\u00f3lido desarrollo comercial y mejores ventas<\/b><\/p> <\/div> <div class=\"application-platform-content-item-features application-platform-content-item\" id=\"features\" data-nav-section=\"features\"> <h2>Las caracter\u00edsticas clave del widget son<\/h2> <ul><li>Muestra tu contenido de redes sociales de m\u00faltiples redes sociales.<\/li><li>Elimina el spam y contenido no deseado usando el modo de moderaci\u00f3n manual.<\/li><li>Pon el bot\u00f3n de seguir en las tarjetas del widget.<\/li><li>Deja que tus publicaciones se vean en una ventana emergente.<\/li><\/ul><p><a href=\"#demo\">Puedes ver si el plugin es adecuado para ti con la demo<\/a><\/p> <\/div> <div class=\"application-platform-content-item-installation application-platform-content-item\" id=\"installation\" data-nav-section=\"installation\"> <h2>\u00bfC\u00f3mo incrusto el plugin de Social Media Feed en mi sitio web de Google Sites?<\/h2> <p>Solo sigue las instrucciones a continuaci\u00f3n para comenzar a trabajar con la herramienta.<\/p> <ol><li><b>Abre nuestra demo gratuita y comienza a crear tu widget personalizado. <\/b><br> Determina la interfaz y las caracter\u00edsticas adecuadas del plugin y aplica las modificaciones.<\/li>  <li><b>Obt\u00e9n el c\u00f3digo personal que aparece en la ventana de Elfsight Apps. <\/b><br> Despu\u00e9s de finalizar la personalizaci\u00f3n de tu herramienta personal, copia el c\u00f3digo personal que aparece en la ventana emergente y gu\u00e1rdalo para su uso posterior.<\/li>  <li><b>Inicia el uso del plugin Social Wall en la p\u00e1gina de inicio de Google Sites. <\/b><br> Agrega el c\u00f3digo que copiaste recientemente en tu p\u00e1gina y aplica los ajustes.<\/li>  <li><b>La instalaci\u00f3n est\u00e1 completamente terminada. <\/b><br> Visita tu sitio para verificar c\u00f3mo funciona el widget.<\/li><\/ol> <div class=\"tip-yellow tip\"><b>Debido a las particularidades del funcionamiento de Google Sites, el widget puede verse diferente a la demo en l\u00ednea. Nos disculpamos por cualquier inconveniente.<\/b><\/div><p>Si experimentas alg\u00fan obst\u00e1culo, no dudes en contactar con nuestro servicio de atenci\u00f3n al cliente. Nuestro equipo est\u00e1 dispuesto a resolver todas las dudas que puedas tener con el producto.<\/p> <div class=\"faq\" data-component=\"FAQ\"><div class=\"faq-item\">\r\n\t\t\t\t\t<div class=\"faq-item-question\">\r\n\t\t\t\t\t\t<h3 class=\"faq-item-question-text\">\u00bfC\u00f3mo puedo incrustar el plugin Social Media Feed en mi p\u00e1gina de Google Sites sin habilidades de codificaci\u00f3n?<\/h3>\r\n\r\n\t\t\t\t\t\t<div class=\"faq-item-question-icon\"><\/div>\r\n\t\t\t\t\t<\/div>\r\n\r\n\t\t\t\t\t<div class=\"faq-item-answer\">\r\n\t\t\t\t\t\t<div class=\"faq-item-answer-text\"><p>Elfsight ofrece una soluci\u00f3n basada en la nube que permite a los usuarios incrustar el plugin de Social Media Feed por s\u00ed mismos, ve lo simple que es el proceso:<\/p><ul><li>Accede al Editor en l\u00ednea para generar la secci\u00f3n del plugin de Social Media Feed que te gustar\u00eda integrar en tu p\u00e1gina de Google Sites.<\/li><li>Elige una de nuestras plantillas predefinidas y personaliza los ajustes del plugin de Social Media Feed, modifica el dise\u00f1o y los colores, agrega tu contenido sin necesidad de codificaci\u00f3n.<\/li><li>Guarda los ajustes que configuraste para el plugin de Social Media Feed y obt\u00e9n el c\u00f3digo del plugin para incrustarlo, que se puede a\u00f1adir f\u00e1cilmente a tu p\u00e1gina de Google Sites sin costo alguno.<\/li><\/ul><p>Trabajando en el Editor f\u00e1cil de usar, cualquier usuario de internet puede crear una secci\u00f3n del plugin de Social Media Feed e incrustarlo f\u00e1cilmente en la p\u00e1gina de Google Sites. No es necesario pagar ni proporcionar datos de tarjeta para acceder al Editor de Elfsight. Si encuentras dificultades en cualquier paso, no dudes en ponerte en contacto con nuestro soporte al cliente.<\/p><\/div>\r\n\t\t\t\t\t<\/div>\r\n\t\t\t\t<\/div><\/div><\/div>","protected":false},"excerpt":{"rendered":"","protected":false},"author":18,"featured_media":0,"parent":1469,"menu_order":0,"comment_status":"closed","ping_status":"closed","template":"templates\/template-application-platform.php","meta":{"publish_to_discourse":"","publish_post_category":"","wpdc_auto_publish_overridden":"","wpdc_topic_tags":"","wpdc_pin_topic":"","wpdc_pin_until":"","discourse_post_id":"","discourse_permalink":"","wpdc_publishing_response":"","wpdc_publishing_error":"","footnotes":""},"class_list":["post-4280","page","type-page","status-publish","hentry"],"yoast_head":"<!-- This site is optimized with the Yoast SEO plugin v25.3.1 - https:\/\/yoast.com\/wordpress\/plugins\/seo\/ -->\n<title>Feed de Redes Sociales - Incrustar plugin de Muro Social al Google Sites<\/title>\n<meta name=\"description\" content=\"A\u00f1ade un widget interactivo de Feed de Redes Sociales en su p\u00e1gina web de Google Sites. Use la demo de Elfsight manejable y construe su plugin personalizado.\" \/>\n<meta name=\"robots\" content=\"index, follow, max-snippet:-1, max-image-preview:large, max-video-preview:-1\" \/>\n<link rel=\"canonical\" href=\"https:\/\/elfsight.com\/es\/social-feed-widget\/google-sites\/\" \/>\n<meta property=\"og:locale\" content=\"es_ES\" \/>\n<meta property=\"og:type\" content=\"article\" \/>\n<meta property=\"og:title\" content=\"Feed de Redes Sociales - Incrustar plugin de Muro Social al Google Sites\" \/>\n<meta property=\"og:description\" content=\"A\u00f1ade un widget interactivo de Feed de Redes Sociales en su p\u00e1gina web de Google Sites. Use la demo de Elfsight manejable y construe su plugin personalizado.\" \/>\n<meta property=\"og:url\" content=\"https:\/\/elfsight.com\/es\/social-feed-widget\/google-sites\/\" \/>\n<meta property=\"og:site_name\" content=\"Elfsight ES\" \/>\n<meta property=\"article:modified_time\" content=\"2025-02-06T15:21:03+00:00\" \/>\n<meta name=\"twitter:card\" content=\"summary_large_image\" \/>\n<meta name=\"twitter:label1\" content=\"Tiempo de lectura\" \/>\n\t<meta name=\"twitter:data1\" content=\"1 minuto\" \/>\n<!-- \/ Yoast SEO plugin. -->","yoast_head_json":{"title":"Feed de Redes Sociales - Incrustar plugin de Muro Social al Google Sites","description":"A\u00f1ade un widget interactivo de Feed de Redes Sociales en su p\u00e1gina web de Google Sites. Use la demo de Elfsight manejable y construe su plugin personalizado.","robots":{"index":"index","follow":"follow","max-snippet":"max-snippet:-1","max-image-preview":"max-image-preview:large","max-video-preview":"max-video-preview:-1"},"canonical":"https:\/\/elfsight.com\/es\/social-feed-widget\/google-sites\/","og_locale":"es_ES","og_type":"article","og_title":"Feed de Redes Sociales - Incrustar plugin de Muro Social al Google Sites","og_description":"A\u00f1ade un widget interactivo de Feed de Redes Sociales en su p\u00e1gina web de Google Sites. Use la demo de Elfsight manejable y construe su plugin personalizado.","og_url":"https:\/\/elfsight.com\/es\/social-feed-widget\/google-sites\/","og_site_name":"Elfsight ES","article_modified_time":"2025-02-06T15:21:03+00:00","twitter_card":"summary_large_image","twitter_misc":{"Tiempo de lectura":"1 minuto"},"schema":{"@context":"https:\/\/schema.org","@graph":[{"@type":"WebPage","@id":"https:\/\/elfsight.com\/es\/social-feed-widget\/google-sites\/","url":"https:\/\/elfsight.com\/es\/social-feed-widget\/google-sites\/","name":"Feed de Redes Sociales - Incrustar plugin de Muro Social al Google Sites","isPartOf":{"@id":"https:\/\/elfsight.com\/es\/#website"},"datePublished":"2022-02-11T11:34:09+00:00","dateModified":"2025-02-06T15:21:03+00:00","description":"A\u00f1ade un widget interactivo de Feed de Redes Sociales en su p\u00e1gina web de Google Sites. Use la demo de Elfsight manejable y construe su plugin personalizado.","breadcrumb":{"@id":"https:\/\/elfsight.com\/es\/social-feed-widget\/google-sites\/#breadcrumb"},"inLanguage":"es","potentialAction":[{"@type":"ReadAction","target":["https:\/\/elfsight.com\/es\/social-feed-widget\/google-sites\/"]}]},{"@type":"BreadcrumbList","@id":"https:\/\/elfsight.com\/es\/social-feed-widget\/google-sites\/#breadcrumb","itemListElement":[{"@type":"ListItem","position":1,"name":"Home","item":"https:\/\/elfsight.com\/es\/"},{"@type":"ListItem","position":2,"name":"Social Feed","item":"https:\/\/elfsight.com\/es\/social-feed-widget\/"},{"@type":"ListItem","position":3,"name":"Social Feed &#8211; Google Sites"}]},{"@type":"WebSite","@id":"https:\/\/elfsight.com\/es\/#website","url":"https:\/\/elfsight.com\/es\/","name":"Elfsight ES","description":"Just another Elfsight Sites site","potentialAction":[{"@type":"SearchAction","target":{"@type":"EntryPoint","urlTemplate":"https:\/\/elfsight.com\/es\/?s={search_term_string}"},"query-input":{"@type":"PropertyValueSpecification","valueRequired":true,"valueName":"search_term_string"}}],"inLanguage":"es"}]}},"meta_box":{"industry":"","seo_heading":"","heading":"","description":"","cta_heading":"","cta_description":"","application":"1468","h1":"complemento de Feed de Redes Sociales para Google Sites","h1_caption":"Coloca contenido de las redes sociales a su sitio web","application_category":[],"applications_title":"","applications_request_title":"","applications_request_button_text":"","hero_text":"","hero_video":"","hero_video_schema_markup":"","selling_points_title":"","selling_points_caption":"","selling_points":[],"selling_points_cta_text":"","features_title":"","features":"","ed_cta_examples_text":"","ed_cta_examples_hidden":"","ed_cta_demo_text":"","ed_cta_demo_hidden":"","why_caption":"","why_editor_title":"","why_editor_text":"","why_team_title":"","why_team_text":"","why_service_title":"","why_service_text":"","template_catalog_visible":"","template_catalog_title":"","template_catalog_text":"","template_catalog_categories_visible":"","demo_title":"Crea tu widget de Feed Social","demo_caption":"\u00a1Configure su feed social y agr\u00e9guelo a su sitio web de Google Sites de forma gratuita!","default_faq_hidden":"","app_template_category":[],"platform":"67","template_public_id":"","codecanyon_url":"","codecanyon_item_id":"","codecanyon_price":"","pricing_caption":"","pricing_elfsight_apps_hide_column":"","pricing_elfsight_apps_url":"","pricing_codecanyon_price_caption":"","integration_category":[],"integration_request_title":"","integration_request_cta":"","integration_platform":"","integrations":[],"platform_category":[],"video_schema_markup":"","price":"desde $0 por mes","trial":"","benefits":[{"text":"Instalaci\u00f3n gratuita"},{"text":"Soporte Premium"},{"text":"14 d\u00edas garant\u00eda de reembolso"},{"text":"Actualizaciones regulares"}],"button_url":"#demo","button_target_blank":"0","button_nofollow":"0","attributes":[{"name":"Responsivo","content":"Si","_state":"expanded"},{"name":"Navegadores compatibles","content":"Firefox, Safari, Opera, Chrome, Edge","_state":"expanded"}],"tags":[],"tags_disable_links":"0","hide_more_platforms":"","video_object":"","demo_hide_cta":"0","demo_hide_cloud_options":"0","pricing_title":"","pricing":[{"pricing_icon":"platform","pricing_title":" Elfsight Apps","pricing_title_caption":"Soluci\u00f3n multiplataforma - valido para cualquier p\u00e1gina web","pricing_price":"desde $0 por mes","pricing_price_caption":"empezar con un plan gratuito","pricing_benefits":[{"text":"Sitios web ilimitados"},{"text":"Atenci\u00f3n al cliente gratuita y r\u00e1pida"},{"text":"Servicio de instalaci\u00f3n gratuito"},{"text":"Totalmente personalizable"}],"pricing_button_text":"Agregar al sitio web","pricing_button_url":"#demo","_state":"expanded"}],"related_apps_title":"","related_apps_hidden":"1","author":"","image":[],"title":"","job":"","social_networks":[]},"_links":{"self":[{"href":"https:\/\/elfsight.com\/es\/wp-json\/wp\/v2\/pages\/4280","targetHints":{"allow":["GET"]}}],"collection":[{"href":"https:\/\/elfsight.com\/es\/wp-json\/wp\/v2\/pages"}],"about":[{"href":"https:\/\/elfsight.com\/es\/wp-json\/wp\/v2\/types\/page"}],"author":[{"embeddable":true,"href":"https:\/\/elfsight.com\/es\/wp-json\/wp\/v2\/users\/18"}],"replies":[{"embeddable":true,"href":"https:\/\/elfsight.com\/es\/wp-json\/wp\/v2\/comments?post=4280"}],"version-history":[{"count":3,"href":"https:\/\/elfsight.com\/es\/wp-json\/wp\/v2\/pages\/4280\/revisions"}],"predecessor-version":[{"id":18146,"href":"https:\/\/elfsight.com\/es\/wp-json\/wp\/v2\/pages\/4280\/revisions\/18146"}],"up":[{"embeddable":true,"href":"https:\/\/elfsight.com\/es\/wp-json\/wp\/v2\/pages\/1469"}],"wp:attachment":[{"href":"https:\/\/elfsight.com\/es\/wp-json\/wp\/v2\/media?parent=4280"}],"curies":[{"name":"wp","href":"https:\/\/api.w.org\/{rel}","templated":true}]}}