{"id":4279,"date":"2022-02-11T11:34:16","date_gmt":"2022-02-11T11:34:16","guid":{"rendered":"https:\/\/elfsight.com\/es\/?page_id=4279"},"modified":"2025-02-06T15:21:03","modified_gmt":"2025-02-06T15:21:03","slug":"magento","status":"publish","type":"page","link":"https:\/\/elfsight.com\/es\/whatsapp-chat-widget\/magento\/","title":{"rendered":"Whatsapp Chat &#8211; Magento"},"content":{"rendered":"<div class=\"application-platform-content-item-description application-platform-content-item\" id=\"description\" data-nav-section=\"description\"> <h2>Incrustar el chat de WhatsApp con el widget de Elfsight<\/h2> <p>El plugin de WhatsApp creado por Elfsight es una herramienta f\u00e1cil para que las personas de tu sitio web te env\u00eden sus mensajes y resuelvan sus dudas. Puedes estar disponible ahora mismo para tu audiencia en uno de los mensajeros m\u00e1s queridos. Integra el chat en tu tienda y haz que aparezca en p\u00e1ginas seleccionadas o para ciertos tipos de usuarios; activa los disparadores para iniciar el chat; escribe tu propio mensaje de bienvenida; elige iconos, y mucho m\u00e1s. Con la ayuda del chat de Magento incrustado en tu sitio web, estar\u00e1s disponible para tu audiencia en cualquier momento y sin importar tu ubicaci\u00f3n.<\/p> <p>La extensi\u00f3n de chat de WhatsApp puede mejorar significativamente la funcionalidad de tu sitio web. Simplemente integra WhatsApp en cualquier p\u00e1gina de tu sitio web, y ver\u00e1s c\u00f3mo cambia completamente la forma en que trabajas con tu audiencia. Puedes elegir qu\u00e9 usuarios podr\u00e1n ver tu integraci\u00f3n de WhatsApp. Si decides agregar el chat de WhatsApp a una de las p\u00e1ginas de tu sitio, podr\u00e1s ofrecer todo tipo de ayuda a tus clientes, desde soporte al cliente hasta conversaciones generales. Con WhatsApp agregado a tu sitio web, definitivamente tendr\u00e1s la oportunidad de hacer crecer tu negocio r\u00e1pidamente.<\/p><p>Nuestra extensi\u00f3n gratuita de WhatsApp tambi\u00e9n es muy f\u00e1cil de personalizar, lo cual es una buena noticia para ti, ya que puedes recolorearla de acuerdo con el dise\u00f1o de la p\u00e1gina de tu negocio. Todo lo que tienes que hacer es comenzar eligiendo los colores adecuados, o usar una de las plantillas predefinidas. Como puedes reinventar por completo el aspecto de la extensi\u00f3n del chat de WhatsApp, se convertir\u00e1 f\u00e1cilmente en una parte inseparable del dise\u00f1o y estilo de tu sitio web. Simplemente comienza a crear tu extensi\u00f3n y ver\u00e1s c\u00f3mo se convierte en una funci\u00f3n \u00fatil y atractiva en las p\u00e1ginas de tu sitio web, y todo esto lo puedes lograr con un solo clic.<\/p><div class=\"faq\" data-component=\"FAQ\"><div class=\"faq-item\">\r\n\t\t\t\t\t<div class=\"faq-item-question\">\r\n\t\t\t\t\t\t<h3 class=\"faq-item-question-text\">\u00bfC\u00f3mo agregar el cuadro de chat de WhatsApp a una p\u00e1gina de Magento?<\/h3>\r\n\r\n\t\t\t\t\t\t<div class=\"faq-item-question-icon\"><\/div>\r\n\t\t\t\t\t<\/div>\r\n\r\n\t\t\t\t\t<div class=\"faq-item-answer\">\r\n\t\t\t\t\t\t<div class=\"faq-item-answer-text\"><p>La instalaci\u00f3n toma solo unos segundos. Primero, personaliza el plugin de WhatsApp Chat para Magento en el configurador en vivo gratuito, luego copia el c\u00f3digo de instalaci\u00f3n desde la ventana emergente, pega el c\u00f3digo en el lugar necesario en la plantilla del sitio web. \u00a1Gran trabajo! \u00a1La integraci\u00f3n del chat de WhatsApp en Magento est\u00e1 lista!<\/p><p>\u00bfTienes problemas con la instalaci\u00f3n del plugin de WhatsApp Chat en Magento o con su formato? Puedes consultar la gu\u00eda detallada <a href=\"https:\/\/elfsight.com\/tutorials\/how-to-add-whatsapp-chat-widget-to-website\/#how-to-add-whatsapp-to-magento\">en esta p\u00e1gina<\/a>.<\/p><\/div>\r\n\t\t\t\t\t<\/div>\r\n\t\t\t\t<\/div><div class=\"faq-item\">\r\n\t\t\t\t\t<div class=\"faq-item-question\">\r\n\t\t\t\t\t\t<h3 class=\"faq-item-question-text\">\u00bfTengo la oportunidad de ver c\u00f3mo se ver\u00e1 la extensi\u00f3n en un sitio?<\/h3>\r\n\r\n\t\t\t\t\t\t<div class=\"faq-item-question-icon\"><\/div>\r\n\t\t\t\t\t<\/div>\r\n\r\n\t\t\t\t\t<div class=\"faq-item-answer\">\r\n\t\t\t\t\t\t<div class=\"faq-item-answer-text\"><p>\u00a1Por supuesto! Al crear el plugin de chat de WhatsApp para Magento <a href=\"https:\/\/elfsight.com\/whatsapp-chat-widget\/#demo\">en el editor en l\u00ednea gratuito<\/a>, podr\u00e1s ver todos los cambios en la parte derecha. El cuadro de chat ser\u00e1 id\u00e9ntico a lo que tendr\u00e1s en un sitio web de Magento.<\/p><\/div>\r\n\t\t\t\t\t<\/div>\r\n\t\t\t\t<\/div><div class=\"faq-item\">\r\n\t\t\t\t\t<div class=\"faq-item-question\">\r\n\t\t\t\t\t\t<h3 class=\"faq-item-question-text\">\u00bfQu\u00e9 plugins populares son necesarios para un sitio web de Magento?<\/h3>\r\n\r\n\t\t\t\t\t\t<div class=\"faq-item-question-icon\"><\/div>\r\n\t\t\t\t\t<\/div>\r\n\r\n\t\t\t\t\t<div class=\"faq-item-answer\">\r\n\t\t\t\t\t\t<div class=\"faq-item-answer-text\"><p>Puedes agregar cualquier cantidad de plugins a tu sitio web de Magento. Adem\u00e1s, siempre puedes recurrir a los plugins de Elfsight para ampliar la funcionalidad de tu sitio web.<\/p><p>Por ejemplo, agrega un <a href=\"https:\/\/elfsight.com\/whatsapp-chat-widget\/magento\/\">WhatsApp<\/a> o un <a href=\"https:\/\/elfsight.com\/facebook-chat-widget\/magento\/\">Facebook Chat<\/a> al sitio web para llegar a los clientes a trav\u00e9s de su mensajero preferido. Agrega <a href=\"https:\/\/elfsight.com\/amazon-reviews-widget\/magento\/\">Amazon<\/a> y <a href=\"https:\/\/elfsight.com\/google-reviews-widget\/magento\/\">Google Reviews<\/a> para mostrar comentarios reales de los clientes actuales en tu sitio web. Finalmente, introduce <a href=\"https:\/\/elfsight.com\/instagram-feed-instashow\/magento\/\">Instagram Feed<\/a> como una galer\u00eda de fotos completa en la p\u00e1gina web.<\/p><\/div>\r\n\t\t\t\t\t<\/div>\r\n\t\t\t\t<\/div><\/div><\/div> <div class=\"application-platform-content-item-features application-platform-content-item\" id=\"features\" data-nav-section=\"features\"> <h2>Principales caracter\u00edsticas de la extensi\u00f3n de chat de WhatsApp<\/h2> <p>Para obtener una mejor comprensi\u00f3n del Chat de WhatsApp, descubre la lista de las principales caracter\u00edsticas. Estas hacen que la extensi\u00f3n sea incre\u00edblemente eficiente para tu promoci\u00f3n: <\/p> <ul><li>Incrustar el mensajero de WhatsApp en tu sitio web para mantenerte en contacto con la audiencia; <\/li><li>Responder los mensajes directamente desde tu cuenta de WhatsApp; <\/li><li>Probar tres opciones de posici\u00f3n del chat: burbuja flotante, burbuja incrustada y ventana de chat incrustada; <\/li><li> Elegir tu variante de icono de burbuja de un conjunto de iconos disponibles; <\/li><li>Editar el texto de la burbuja de chat. <\/li><\/ul><p><a href=\"#demo\">Para conocer m\u00e1s caracter\u00edsticas, consulta la demo en vivo<\/a><\/p> <\/div> <div class=\"application-platform-content-item-installation application-platform-content-item\" id=\"installation\" data-nav-section=\"installation\"> <h2>C\u00f3mo agregar la extensi\u00f3n de chat en vivo a tu sitio web de Magento<\/h2> <p>Solo sigue estos pasos a continuaci\u00f3n para comenzar a usar la herramienta en Magento.<\/p> <ol><li><b>Abre nuestro configurador gratuito y comienza a crear tu extensi\u00f3n de WhatsApp Chat personalizada. <\/b><br> Determina el dise\u00f1o y la funcionalidad preferidos de la extensi\u00f3n y guarda las modificaciones. <\/li>  <li><b>Obt\u00e9n el c\u00f3digo personal que se muestra en la ventana de Elfsight Apps. <\/b><br> Despu\u00e9s de finalizar la creaci\u00f3n de tu widget personal, copia el c\u00f3digo personal que aparece en la ventana emergente y gu\u00e1rdalo para futuras ocasiones. <\/li>  <li><b>Comienza a usar la herramienta en tu sitio web de Magento. <\/b><br> Integra el c\u00f3digo que guardaste anteriormente en tu p\u00e1gina de inicio y guarda las correcciones. <\/li>  <li><b>\u00a1Listo! La integraci\u00f3n est\u00e1 completamente terminada. <\/b><br> Visita tu sitio web para comprobar c\u00f3mo funciona la herramienta. <\/li><\/ol><p>\u00bfTodav\u00eda tienes dudas? \u00bfO tienes problemas? Solo una solicitud a nuestro servicio de atenci\u00f3n al cliente ayudar\u00e1 a resolver cualquier problema.<\/p> <\/div><div class=\"faq\" data-component=\"FAQ\"><div class=\"faq-item\">\r\n\t\t\t\t\t<div class=\"faq-item-question\">\r\n\t\t\t\t\t\t<h3 class=\"faq-item-question-text\">\u00bfC\u00f3mo puedo incrustar el chat de WhatsApp en mi sitio web de Magento sin experiencia en codificaci\u00f3n?<\/h3>\r\n\r\n\t\t\t\t\t\t<div class=\"faq-item-question-icon\"><\/div>\r\n\t\t\t\t\t<\/div>\r\n\r\n\t\t\t\t\t<div class=\"faq-item-answer\">\r\n\t\t\t\t\t\t<div class=\"faq-item-answer-text\"><p>La empresa Elfsight ofrece una soluci\u00f3n en la nube que permite a una amplia audiencia generar un widget de WhatsApp Chat por s\u00ed mismos, descubre lo f\u00e1cil que es:<\/p><ul><li>Trabaja directamente en la Demo en l\u00ednea para construir la aplicaci\u00f3n de WhatsApp Chat que te gustar\u00eda ver en tu Magento.<\/li><li>Elige una de las plantillas predefinidas y cambia la configuraci\u00f3n de WhatsApp Chat, modifica el dise\u00f1o y el color de los elementos, agrega tu contenido sin necesidad de codificaci\u00f3n.<\/li><li>Haz clic en guardar el WhatsApp Chat y obt\u00e9n el c\u00f3digo de instalaci\u00f3n del widget, que podr\u00e1s incrustar f\u00e1cilmente en cualquier sitio de Magento sin necesidad de comprar una suscripci\u00f3n paga.<\/li><\/ul><p>Usando nuestro Editor intuitivo, cualquier usuario de la web puede crear la secci\u00f3n de WhatsApp Chat e incrustarla f\u00e1cilmente en la p\u00e1gina de inicio de Magento. No necesitas pagar ni proporcionar tus datos de tarjeta para acceder a nuestro servicio. Si encuentras alg\u00fan problema en cualquier paso, no dudes en contactar con nuestro soporte al cliente.<\/p><\/div>\r\n\t\t\t\t\t<\/div>\r\n\t\t\t\t<\/div><\/div>","protected":false},"excerpt":{"rendered":"","protected":false},"author":18,"featured_media":0,"parent":1506,"menu_order":0,"comment_status":"closed","ping_status":"closed","template":"templates\/template-application-platform.php","meta":{"publish_to_discourse":"","publish_post_category":"","wpdc_auto_publish_overridden":"","wpdc_topic_tags":"","wpdc_pin_topic":"","wpdc_pin_until":"","discourse_post_id":"","discourse_permalink":"","wpdc_publishing_response":"","wpdc_publishing_error":"","footnotes":""},"class_list":["post-4279","page","type-page","status-publish","hentry"],"yoast_head":"<!-- This site is optimized with the Yoast SEO plugin v25.3.1 - https:\/\/yoast.com\/wordpress\/plugins\/seo\/ -->\n<title>Chat de WhatsApp - Incrustar plugin de Plugin de WhatsApp al Magento<\/title>\n<meta name=\"description\" content=\"Incrusta un extention interactivo de Chat de WhatsApp en su sitio de Magento. Aplique la demo de Elfsight manejable y cree su plugin \u00fanico.\" \/>\n<meta name=\"robots\" content=\"index, follow, max-snippet:-1, max-image-preview:large, max-video-preview:-1\" \/>\n<link rel=\"canonical\" href=\"https:\/\/elfsight.com\/es\/whatsapp-chat-widget\/magento\/\" \/>\n<meta property=\"og:locale\" content=\"es_ES\" \/>\n<meta property=\"og:type\" content=\"article\" \/>\n<meta property=\"og:title\" content=\"Chat de WhatsApp - Incrustar plugin de Plugin de WhatsApp al Magento\" \/>\n<meta property=\"og:description\" content=\"Incrusta un extention interactivo de Chat de WhatsApp en su sitio de Magento. Aplique la demo de Elfsight manejable y cree su plugin \u00fanico.\" \/>\n<meta property=\"og:url\" content=\"https:\/\/elfsight.com\/es\/whatsapp-chat-widget\/magento\/\" \/>\n<meta property=\"og:site_name\" content=\"Elfsight ES\" \/>\n<meta property=\"article:modified_time\" content=\"2025-02-06T15:21:03+00:00\" \/>\n<meta name=\"twitter:card\" content=\"summary_large_image\" \/>\n<meta name=\"twitter:label1\" content=\"Tiempo de lectura\" \/>\n\t<meta name=\"twitter:data1\" content=\"2 minutos\" \/>\n<!-- \/ Yoast SEO plugin. -->","yoast_head_json":{"title":"Chat de WhatsApp - Incrustar plugin de Plugin de WhatsApp al Magento","description":"Incrusta un extention interactivo de Chat de WhatsApp en su sitio de Magento. Aplique la demo de Elfsight manejable y cree su plugin \u00fanico.","robots":{"index":"index","follow":"follow","max-snippet":"max-snippet:-1","max-image-preview":"max-image-preview:large","max-video-preview":"max-video-preview:-1"},"canonical":"https:\/\/elfsight.com\/es\/whatsapp-chat-widget\/magento\/","og_locale":"es_ES","og_type":"article","og_title":"Chat de WhatsApp - Incrustar plugin de Plugin de WhatsApp al Magento","og_description":"Incrusta un extention interactivo de Chat de WhatsApp en su sitio de Magento. Aplique la demo de Elfsight manejable y cree su plugin \u00fanico.","og_url":"https:\/\/elfsight.com\/es\/whatsapp-chat-widget\/magento\/","og_site_name":"Elfsight ES","article_modified_time":"2025-02-06T15:21:03+00:00","twitter_card":"summary_large_image","twitter_misc":{"Tiempo de lectura":"2 minutos"},"schema":{"@context":"https:\/\/schema.org","@graph":[{"@type":"WebPage","@id":"https:\/\/elfsight.com\/es\/whatsapp-chat-widget\/magento\/","url":"https:\/\/elfsight.com\/es\/whatsapp-chat-widget\/magento\/","name":"Chat de WhatsApp - Incrustar plugin de Plugin de WhatsApp al Magento","isPartOf":{"@id":"https:\/\/elfsight.com\/es\/#website"},"datePublished":"2022-02-11T11:34:16+00:00","dateModified":"2025-02-06T15:21:03+00:00","description":"Incrusta un extention interactivo de Chat de WhatsApp en su sitio de Magento. Aplique la demo de Elfsight manejable y cree su plugin \u00fanico.","breadcrumb":{"@id":"https:\/\/elfsight.com\/es\/whatsapp-chat-widget\/magento\/#breadcrumb"},"inLanguage":"es","potentialAction":[{"@type":"ReadAction","target":["https:\/\/elfsight.com\/es\/whatsapp-chat-widget\/magento\/"]}]},{"@type":"BreadcrumbList","@id":"https:\/\/elfsight.com\/es\/whatsapp-chat-widget\/magento\/#breadcrumb","itemListElement":[{"@type":"ListItem","position":1,"name":"Home","item":"https:\/\/elfsight.com\/es\/"},{"@type":"ListItem","position":2,"name":"WhatsApp Chat","item":"https:\/\/elfsight.com\/es\/whatsapp-chat-widget\/"},{"@type":"ListItem","position":3,"name":"Whatsapp Chat &#8211; Magento"}]},{"@type":"WebSite","@id":"https:\/\/elfsight.com\/es\/#website","url":"https:\/\/elfsight.com\/es\/","name":"Elfsight ES","description":"Just another Elfsight Sites site","potentialAction":[{"@type":"SearchAction","target":{"@type":"EntryPoint","urlTemplate":"https:\/\/elfsight.com\/es\/?s={search_term_string}"},"query-input":{"@type":"PropertyValueSpecification","valueRequired":true,"valueName":"search_term_string"}}],"inLanguage":"es"}]}},"meta_box":{"industry":"","seo_heading":"","heading":"","description":"","cta_heading":"","cta_description":"","application":"1505","h1":"complemento de Chat de WhatsApp para Magento","h1_caption":"Brinde a los usuarios la oportunidad de comunicarse con usted por WhatsApp, garantizando la interacci\u00f3n m\u00e1s r\u00e1pida y conveniente para los visitantes de su sitio web en su sitio web Magento sin esfuerzo.","application_category":[],"applications_title":"","applications_request_title":"","applications_request_button_text":"","hero_text":"","hero_video":"","hero_video_schema_markup":"","selling_points_title":"","selling_points_caption":"","selling_points":[],"selling_points_cta_text":"","features_title":"","features":"","ed_cta_examples_text":"","ed_cta_examples_hidden":"","ed_cta_demo_text":"","ed_cta_demo_hidden":"","why_caption":"","why_editor_title":"","why_editor_text":"","why_team_title":"","why_team_text":"","why_service_title":"","why_service_text":"","template_catalog_visible":"","template_catalog_title":"","template_catalog_text":"","template_catalog_categories_visible":"","demo_title":"Crea tu extensi\u00f3n de Chat de Whatsapp","demo_caption":"\u00a1Configura tu chat de Whatsapp y agr\u00e9galo a tu sitio web Magento gratis!","default_faq_hidden":"","app_template_category":[],"platform":"82","template_public_id":"","codecanyon_url":"","codecanyon_item_id":"","codecanyon_price":"","pricing_caption":"","pricing_elfsight_apps_hide_column":"","pricing_elfsight_apps_url":"","pricing_codecanyon_price_caption":"","integration_category":[],"integration_request_title":"","integration_request_cta":"","integration_platform":"","integrations":[],"platform_category":[],"video_schema_markup":"","price":"desde $0 por mes","trial":"","benefits":[{"text":"Instalaci\u00f3n gratuita"},{"text":"Soporte Premium"},{"text":"14 d\u00edas garant\u00eda de reembolso"},{"text":"Actualizaciones regulares"}],"button_url":"#demo","button_target_blank":"0","button_nofollow":"0","attributes":[{"name":"Responsivo","content":"Si","_state":"expanded"},{"name":"Navegadores compatibles","content":"Firefox, Safari, Opera, Chrome, Edge","_state":"expanded"}],"tags":[],"tags_disable_links":"0","hide_more_platforms":"","video_object":"","demo_hide_cta":"0","demo_hide_cloud_options":"0","pricing_title":"","pricing":[{"pricing_icon":"platform","pricing_title":" Elfsight Apps","pricing_title_caption":"Soluci\u00f3n multiplataforma - valido para cualquier p\u00e1gina web","pricing_price":"desde $0 por mes","pricing_price_caption":"empezar con un plan gratuito","pricing_benefits":[{"text":"Sitios web ilimitados"},{"text":"Atenci\u00f3n al cliente gratuita y r\u00e1pida"},{"text":"Servicio de instalaci\u00f3n gratuito"},{"text":"Totalmente personalizable"}],"pricing_button_text":"Agregar al sitio web","pricing_button_url":"#demo","_state":"expanded"}],"related_apps_title":"","related_apps_hidden":"1","author":"","image":[],"title":"","job":"","social_networks":[]},"_links":{"self":[{"href":"https:\/\/elfsight.com\/es\/wp-json\/wp\/v2\/pages\/4279","targetHints":{"allow":["GET"]}}],"collection":[{"href":"https:\/\/elfsight.com\/es\/wp-json\/wp\/v2\/pages"}],"about":[{"href":"https:\/\/elfsight.com\/es\/wp-json\/wp\/v2\/types\/page"}],"author":[{"embeddable":true,"href":"https:\/\/elfsight.com\/es\/wp-json\/wp\/v2\/users\/18"}],"replies":[{"embeddable":true,"href":"https:\/\/elfsight.com\/es\/wp-json\/wp\/v2\/comments?post=4279"}],"version-history":[{"count":3,"href":"https:\/\/elfsight.com\/es\/wp-json\/wp\/v2\/pages\/4279\/revisions"}],"predecessor-version":[{"id":18145,"href":"https:\/\/elfsight.com\/es\/wp-json\/wp\/v2\/pages\/4279\/revisions\/18145"}],"up":[{"embeddable":true,"href":"https:\/\/elfsight.com\/es\/wp-json\/wp\/v2\/pages\/1506"}],"wp:attachment":[{"href":"https:\/\/elfsight.com\/es\/wp-json\/wp\/v2\/media?parent=4279"}],"curies":[{"name":"wp","href":"https:\/\/api.w.org\/{rel}","templated":true}]}}