{"id":4276,"date":"2022-02-11T11:34:23","date_gmt":"2022-02-11T11:34:23","guid":{"rendered":"https:\/\/elfsight.com\/es\/?page_id=4276"},"modified":"2025-02-06T15:20:54","modified_gmt":"2025-02-06T15:20:54","slug":"godaddy","status":"publish","type":"page","link":"https:\/\/elfsight.com\/es\/social-feed-widget\/godaddy\/","title":{"rendered":"Social Feed &#8211; GoDaddy"},"content":{"rendered":"<div class=\"application-platform-content-item-features application-platform-content-item\" id=\"features\" data-nav-section=\"features\"><h2>Conoce la lista de las caracter\u00edsticas de Feed de Redes Sociales m\u00e1s importantes:<\/h2> <ul><li>Incrusta tu contenido de redes sociales desde varias plataformas.<\/li><li>Opciones de filtrado autom\u00e1tico y modo de moderaci\u00f3n manual.<\/li><li>Modo de moderaci\u00f3n autom\u00e1tica para la carga de contenido constante.<\/li><li>Establece el bot\u00f3n Seguir en el widget de tarjetas.<\/li><li>Cinco plantillas predefinidas de publicaciones con varias posiciones de texto, foto e imagen de autor.<\/li><li>Los v\u00eddeos se reproducen autom\u00e1ticamente en un modo de ventana emergente.<\/li><li>Haz que tus publicaciones se vean en modo emergente.<\/li><li>2 variantes de representaci\u00f3n de publicaciones emergentes: feed y deslizador.<\/li><\/ul> <p><a href=\"#demo\">Simplemente comprueba esta demo para ver c\u00f3mo funciona<\/a><\/p> <\/div> <div class=\"application-platform-content-item-installation application-platform-content-item\" id=\"installation\" data-nav-section=\"installation\"> <h2>\u00bfC\u00f3mo agregar Feed de Redes Sociales a mi p\u00e1gina web de GoDaddy?<\/h2><p>S\u00f3lo sigue los siguientes pasos presentados a continuaci\u00f3n para incorporar el widget.<\/p> <ol><li>Gestiona nuestra demo gratuita y empieza a crear tu widget personalizado.<\/li>  <li>Obt\u00e9n el c\u00f3digo personal que aparece en la ventana de Elfsight Apps.<\/li>  <li>Comienza a usar el widget en tu sitio web de GoDaddy.<\/li>  <li>\u00a1La configuraci\u00f3n ha sido completada!<\/li><\/ol> <p>Si encuentras alg\u00fan inconveniente, no dudes en ponerte en contacto con nuestro equipo de soporte al cliente. Nuestros consultores estar\u00e1n encantados de resolver todas las dudas que puedas tener con el widget.<\/p> <\/div><p><\/p>","protected":false},"excerpt":{"rendered":"","protected":false},"author":18,"featured_media":0,"parent":1469,"menu_order":0,"comment_status":"closed","ping_status":"closed","template":"templates\/template-application-platform.php","meta":{"publish_to_discourse":"","publish_post_category":"","wpdc_auto_publish_overridden":"","wpdc_topic_tags":"","wpdc_pin_topic":"","wpdc_pin_until":"","discourse_post_id":"","discourse_permalink":"","wpdc_publishing_response":"","wpdc_publishing_error":"","footnotes":""},"class_list":["post-4276","page","type-page","status-publish","hentry"],"yoast_head":"<!-- This site is optimized with the Yoast SEO plugin v25.3.1 - https:\/\/yoast.com\/wordpress\/plugins\/seo\/ -->\n<title>Feed de Redes Sociales - Incorporar widget de Muro Social al GoDaddy<\/title>\n<meta name=\"description\" content=\"A\u00f1ade un widget interactivo de Feed de Redes Sociales en su sitio de GoDaddy. Aplique la demo de Elfsight intuitiva y genere su widget propio.\" \/>\n<meta name=\"robots\" content=\"index, follow, max-snippet:-1, max-image-preview:large, max-video-preview:-1\" \/>\n<link rel=\"canonical\" href=\"https:\/\/elfsight.com\/es\/social-feed-widget\/godaddy\/\" \/>\n<meta property=\"og:locale\" content=\"es_ES\" \/>\n<meta property=\"og:type\" content=\"article\" \/>\n<meta property=\"og:title\" content=\"Feed de Redes Sociales - Incorporar widget de Muro Social al GoDaddy\" \/>\n<meta property=\"og:description\" content=\"A\u00f1ade un widget interactivo de Feed de Redes Sociales en su sitio de GoDaddy. Aplique la demo de Elfsight intuitiva y genere su widget propio.\" \/>\n<meta property=\"og:url\" content=\"https:\/\/elfsight.com\/es\/social-feed-widget\/godaddy\/\" \/>\n<meta property=\"og:site_name\" content=\"Elfsight ES\" \/>\n<meta property=\"article:modified_time\" content=\"2025-02-06T15:20:54+00:00\" \/>\n<meta name=\"twitter:card\" content=\"summary_large_image\" \/>\n<meta name=\"twitter:label1\" content=\"Tiempo de lectura\" \/>\n\t<meta name=\"twitter:data1\" content=\"1 minuto\" \/>\n<!-- \/ Yoast SEO plugin. -->","yoast_head_json":{"title":"Feed de Redes Sociales - Incorporar widget de Muro Social al GoDaddy","description":"A\u00f1ade un widget interactivo de Feed de Redes Sociales en su sitio de GoDaddy. Aplique la demo de Elfsight intuitiva y genere su widget propio.","robots":{"index":"index","follow":"follow","max-snippet":"max-snippet:-1","max-image-preview":"max-image-preview:large","max-video-preview":"max-video-preview:-1"},"canonical":"https:\/\/elfsight.com\/es\/social-feed-widget\/godaddy\/","og_locale":"es_ES","og_type":"article","og_title":"Feed de Redes Sociales - Incorporar widget de Muro Social al GoDaddy","og_description":"A\u00f1ade un widget interactivo de Feed de Redes Sociales en su sitio de GoDaddy. Aplique la demo de Elfsight intuitiva y genere su widget propio.","og_url":"https:\/\/elfsight.com\/es\/social-feed-widget\/godaddy\/","og_site_name":"Elfsight ES","article_modified_time":"2025-02-06T15:20:54+00:00","twitter_card":"summary_large_image","twitter_misc":{"Tiempo de lectura":"1 minuto"},"schema":{"@context":"https:\/\/schema.org","@graph":[{"@type":"WebPage","@id":"https:\/\/elfsight.com\/es\/social-feed-widget\/godaddy\/","url":"https:\/\/elfsight.com\/es\/social-feed-widget\/godaddy\/","name":"Feed de Redes Sociales - Incorporar widget de Muro Social al GoDaddy","isPartOf":{"@id":"https:\/\/elfsight.com\/es\/#website"},"datePublished":"2022-02-11T11:34:23+00:00","dateModified":"2025-02-06T15:20:54+00:00","description":"A\u00f1ade un widget interactivo de Feed de Redes Sociales en su sitio de GoDaddy. Aplique la demo de Elfsight intuitiva y genere su widget propio.","breadcrumb":{"@id":"https:\/\/elfsight.com\/es\/social-feed-widget\/godaddy\/#breadcrumb"},"inLanguage":"es","potentialAction":[{"@type":"ReadAction","target":["https:\/\/elfsight.com\/es\/social-feed-widget\/godaddy\/"]}]},{"@type":"BreadcrumbList","@id":"https:\/\/elfsight.com\/es\/social-feed-widget\/godaddy\/#breadcrumb","itemListElement":[{"@type":"ListItem","position":1,"name":"Home","item":"https:\/\/elfsight.com\/es\/"},{"@type":"ListItem","position":2,"name":"Social Feed","item":"https:\/\/elfsight.com\/es\/social-feed-widget\/"},{"@type":"ListItem","position":3,"name":"Social Feed &#8211; GoDaddy"}]},{"@type":"WebSite","@id":"https:\/\/elfsight.com\/es\/#website","url":"https:\/\/elfsight.com\/es\/","name":"Elfsight ES","description":"Just another Elfsight Sites site","potentialAction":[{"@type":"SearchAction","target":{"@type":"EntryPoint","urlTemplate":"https:\/\/elfsight.com\/es\/?s={search_term_string}"},"query-input":{"@type":"PropertyValueSpecification","valueRequired":true,"valueName":"search_term_string"}}],"inLanguage":"es"}]}},"meta_box":{"industry":"","seo_heading":"","heading":"","description":"","cta_heading":"","cta_description":"","application":"1468","h1":"widget de Feed de Redes Sociales para GoDaddy","h1_caption":"Coloca contenido de las redes sociales a su p\u00e1gina web","application_category":[],"applications_title":"","applications_request_title":"","applications_request_button_text":"","hero_text":"","hero_video":"","hero_video_schema_markup":"","selling_points_title":"","selling_points_caption":"","selling_points":[],"selling_points_cta_text":"","features_title":"","features":"","ed_cta_examples_text":"","ed_cta_examples_hidden":"","ed_cta_demo_text":"","ed_cta_demo_hidden":"","why_caption":"","why_editor_title":"","why_editor_text":"","why_team_title":"","why_team_text":"","why_service_title":"","why_service_text":"","template_catalog_visible":"","template_catalog_title":"","template_catalog_text":"","template_catalog_categories_visible":"","demo_title":"No tenga dudas para hacer Muro Social a medida de GoDaddy.","demo_caption":"Personalice y integra el widget en su sitio web a trav\u00e9s de la demo en vivo.","default_faq_hidden":"","app_template_category":[],"platform":"2183","template_public_id":"","codecanyon_url":"","codecanyon_item_id":"","codecanyon_price":"","pricing_caption":"","pricing_elfsight_apps_hide_column":"","pricing_elfsight_apps_url":"","pricing_codecanyon_price_caption":"","integration_category":[],"integration_request_title":"","integration_request_cta":"","integration_platform":"","integrations":[],"platform_category":[],"video_schema_markup":"","price":"desde $0 por mes","trial":"","benefits":[{"text":"Instalaci\u00f3n gratuita"},{"text":"Soporte Premium"},{"text":"14 d\u00edas garant\u00eda de reembolso"},{"text":"Actualizaciones regulares"}],"button_url":"#demo","button_target_blank":"0","button_nofollow":"0","attributes":[{"name":"Responsivo","content":"Si","_state":"expanded"},{"name":"Navegadores compatibles","content":"Firefox, Safari, Opera, Chrome, Edge","_state":"expanded"}],"tags":[],"tags_disable_links":"0","hide_more_platforms":"","video_object":"","demo_hide_cta":"0","demo_hide_cloud_options":"0","pricing_title":"","pricing":[{"pricing_icon":"platform","pricing_title":" Elfsight Apps","pricing_title_caption":"Soluci\u00f3n multiplataforma - valido para cualquier p\u00e1gina web","pricing_price":"desde $0 por mes","pricing_price_caption":"empezar con un plan gratuito","pricing_benefits":[{"text":"Sitios web ilimitados"},{"text":"Atenci\u00f3n al cliente gratuita y r\u00e1pida"},{"text":"Servicio de instalaci\u00f3n gratuito"},{"text":"Totalmente personalizable"}],"pricing_button_text":"Agregar al sitio web","pricing_button_url":"#demo","_state":"expanded"}],"related_apps_title":"","related_apps_hidden":"1","author":"","image":[],"title":"","job":"","social_networks":[]},"_links":{"self":[{"href":"https:\/\/elfsight.com\/es\/wp-json\/wp\/v2\/pages\/4276","targetHints":{"allow":["GET"]}}],"collection":[{"href":"https:\/\/elfsight.com\/es\/wp-json\/wp\/v2\/pages"}],"about":[{"href":"https:\/\/elfsight.com\/es\/wp-json\/wp\/v2\/types\/page"}],"author":[{"embeddable":true,"href":"https:\/\/elfsight.com\/es\/wp-json\/wp\/v2\/users\/18"}],"replies":[{"embeddable":true,"href":"https:\/\/elfsight.com\/es\/wp-json\/wp\/v2\/comments?post=4276"}],"version-history":[{"count":1,"href":"https:\/\/elfsight.com\/es\/wp-json\/wp\/v2\/pages\/4276\/revisions"}],"predecessor-version":[{"id":4278,"href":"https:\/\/elfsight.com\/es\/wp-json\/wp\/v2\/pages\/4276\/revisions\/4278"}],"up":[{"embeddable":true,"href":"https:\/\/elfsight.com\/es\/wp-json\/wp\/v2\/pages\/1469"}],"wp:attachment":[{"href":"https:\/\/elfsight.com\/es\/wp-json\/wp\/v2\/media?parent=4276"}],"curies":[{"name":"wp","href":"https:\/\/api.w.org\/{rel}","templated":true}]}}