{"id":4270,"date":"2022-02-11T11:34:49","date_gmt":"2022-02-11T11:34:49","guid":{"rendered":"https:\/\/elfsight.com\/es\/?page_id=4270"},"modified":"2025-02-06T15:20:54","modified_gmt":"2025-02-06T15:20:54","slug":"jquery","status":"publish","type":"page","link":"https:\/\/elfsight.com\/es\/whatsapp-chat-widget\/jquery\/","title":{"rendered":"Whatsapp Chat &#8211; jQuery"},"content":{"rendered":"<div class=\"application-platform-content-item-description application-platform-content-item\" id=\"description\" data-nav-section=\"description\"> <h2>Incorporar Chat de WhatsApp con el Widget de Elfsight<\/h2> <p>El plugin de WhatsApp creado por Elfsight es una forma perfecta para que los visitantes de tu sitio web te env\u00eden mensajes y reciban respuestas a sus preguntas. Ahora puedes estar disponible para tus visitantes en su mensajero favorito en todo momento. Agrega el chat en el sitio web y haz que aparezca en p\u00e1ginas seleccionadas o para tipos espec\u00edficos de visitantes, elige los disparadores de inicio de chat, ingresa tu propio mensaje de bienvenida, cambia los iconos y mucho m\u00e1s. Con el chat de WhatsApp funcionando en tu sitio web, estar\u00e1s conectado con tu clientela en todo momento y sin importar tu ubicaci\u00f3n.<\/p> <div class=\"faq\" data-component=\"FAQ\"> <div class=\"faq-item\">\r\n\t\t\t\t\t<div class=\"faq-item-question\">\r\n\t\t\t\t\t\t<h3 class=\"faq-item-question-text\">\u00bfD\u00f3nde puedo publicarlo en mi sitio web?<\/h3>\r\n\r\n\t\t\t\t\t\t<div class=\"faq-item-question-icon\"><\/div>\r\n\t\t\t\t\t<\/div>\r\n\r\n\t\t\t\t\t<div class=\"faq-item-answer\">\r\n\t\t\t\t\t\t<div class=\"faq-item-answer-text\"> <p>Puedes configurar el cuadro de chat en todas las p\u00e1ginas de tu sitio web o solo en p\u00e1ginas seleccionadas. Tambi\u00e9n es posible restringirlo en p\u00e1ginas elegidas si no quieres que aparezca el chat en ellas.<\/p> <\/div>\r\n\t\t\t\t\t<\/div>\r\n\t\t\t\t<\/div> <div class=\"faq-item\">\r\n\t\t\t\t\t<div class=\"faq-item-question\">\r\n\t\t\t\t\t\t<h3 class=\"faq-item-question-text\">\u00bfCu\u00e1les son las ventajas para m\u00ed?<\/h3>\r\n\r\n\t\t\t\t\t\t<div class=\"faq-item-question-icon\"><\/div>\r\n\t\t\t\t\t<\/div>\r\n\r\n\t\t\t\t\t<div class=\"faq-item-answer\">\r\n\t\t\t\t\t\t<div class=\"faq-item-answer-text\"> <p>Facilitar\u00e1 que los visitantes se pongan en contacto contigo con sus preguntas y solicitudes. Esto podr\u00eda ayudar a aumentar el n\u00famero de prospectos y ventas. Adem\u00e1s, las respuestas inmediatas y un enfoque individualizado con las personas elevar\u00e1n el nivel de tus relaciones con los clientes.<\/p> <\/div>\r\n\t\t\t\t\t<\/div>\r\n\t\t\t\t<\/div> <div class=\"faq-item\">\r\n\t\t\t\t\t<div class=\"faq-item-question\">\r\n\t\t\t\t\t\t<h3 class=\"faq-item-question-text\">\u00bfQu\u00e9 necesito para tener WhatsApp?<\/h3>\r\n\r\n\t\t\t\t\t\t<div class=\"faq-item-question-icon\"><\/div>\r\n\t\t\t\t\t<\/div>\r\n\r\n\t\t\t\t\t<div class=\"faq-item-answer\">\r\n\t\t\t\t\t\t<div class=\"faq-item-answer-text\"> <p>Solo te llevar\u00e1 un minuto integrar el widget. La integraci\u00f3n es muy r\u00e1pida, gratuita y sin necesidad de codificaci\u00f3n.<\/p> <p>Tambi\u00e9n tienes la opci\u00f3n de configurar WhatsApp en tu sitio directamente a trav\u00e9s de nuestro servicio. Para ver las instrucciones, consulta m\u00e1s abajo en esta p\u00e1gina.<\/p> <\/div>\r\n\t\t\t\t\t<\/div>\r\n\t\t\t\t<\/div> <\/div> <\/div> <div class=\"application-platform-content-item-features application-platform-content-item\" id=\"features\" data-nav-section=\"features\"> <h2>Principales caracter\u00edsticas del Widget de Chat de WhatsApp<\/h2> <p>Para tener una comprensi\u00f3n m\u00e1s clara del chat en vivo, consulta la lista de sus caracter\u00edsticas esenciales. Estas hacen que este plugin sea realmente beneficioso para ti:<\/p><ul><li>Prueba 3 tipos de dise\u00f1o del plugin: burbuja flotante, burbuja incrustada y ventana de chat incrustada;<\/li><li>Coloca el mensajero de WhatsApp en tu p\u00e1gina web para tener chats en vivo con los visitantes;<\/li><li>Texto editable en la burbuja.<\/li><\/ul><p><a href=\"#demo\">Nuestra demo te mostrar\u00e1 m\u00e1s caracter\u00edsticas<\/a><\/p> <\/div> <div class=\"application-platform-content-item-installation application-platform-content-item\" id=\"installation\" data-nav-section=\"installation\"> <h2>C\u00f3mo agregar el plugin de Chat en vivo a tu sitio web con jQuery<\/h2> <p>Un par de pasos r\u00e1pidos son todo lo que necesitas para integrar WhatsApp.<\/p> <ul><li><b>Genera tu cuadro de chat personalizado<\/b><br> Usando nuestra demo gratuita, crea un plugin con el dise\u00f1o y funcionalidad que prefieras.<\/li><li><b>Recibe el c\u00f3digo personal para configurar el plugin<\/b><br> Despu\u00e9s de crear tu widget, recibir\u00e1s el c\u00f3digo de instalaci\u00f3n desde la ventana emergente en Elfsight Apps. Copia este c\u00f3digo para usarlo m\u00e1s adelante.<\/li> <li><b>Agrega el plugin a tu sitio web con jQuery<\/b><br> Selecciona el lugar donde te gustar\u00eda agregar el plugin e inserta el c\u00f3digo copiado all\u00ed. Publica los cambios.<\/li> <li><b>\u00a1Listo!<\/b><br> Ingresa a tu p\u00e1gina web para ver el resultado.<\/li><\/ul><p>\u00bfTodav\u00eda tienes dudas? \u00bfO alg\u00fan problema? Simplemente env\u00eda una solicitud a nuestro equipo de soporte al cliente y resolveremos cualquier pregunta.<\/p> <\/div><div class=\"faq\" data-component=\"FAQ\"><div class=\"faq-item\">\r\n\t\t\t\t\t<div class=\"faq-item-question\">\r\n\t\t\t\t\t\t<h3 class=\"faq-item-question-text\">\u00bfHay alguna forma de incorporar el Chat de WhatsApp en mi sitio jQuery sin habilidades de codificaci\u00f3n?<\/h3>\r\n\r\n\t\t\t\t\t\t<div class=\"faq-item-question-icon\"><\/div>\r\n\t\t\t\t\t<\/div>\r\n\r\n\t\t\t\t\t<div class=\"faq-item-answer\">\r\n\t\t\t\t\t\t<div class=\"faq-item-answer-text\"><p>La empresa Elfsight presenta una soluci\u00f3n que permite a una audiencia amplia crear una secci\u00f3n de Chat de WhatsApp por s\u00ed misma, descubre la gu\u00eda sencilla:<\/p><ul><li>Ve al editor en vivo para generar el plugin de Chat de WhatsApp que te gustar\u00eda incluir en tu jQuery.<\/li><li>Elige una de las plantillas predefinidas y ajusta la configuraci\u00f3n del Chat de WhatsApp, incluye tu contenido, cambia el dise\u00f1o y el esquema de colores sin necesidad de experiencia en codificaci\u00f3n.<\/li><li>Haz clic para guardar el Chat de WhatsApp y copia su c\u00f3digo de instalaci\u00f3n, que podr\u00e1s incluir f\u00e1cilmente en cualquier sitio web jQuery usando un plan gratuito.<\/li><\/ul><p>Trabajando en el Configurador intuitivo, cualquier usuario de la web puede construir la secci\u00f3n de Chat de WhatsApp en l\u00ednea e incrustarla f\u00e1cilmente en cualquier sitio web jQuery. No es necesario obtener una suscripci\u00f3n de pago ni ingresar los datos de tu tarjeta para acceder a nuestro servicio. Si tienes problemas de cualquier tipo, no dudes en contactar con nuestro personal de soporte.<\/p><\/div>\r\n\t\t\t\t\t<\/div>\r\n\t\t\t\t<\/div><\/div>","protected":false},"excerpt":{"rendered":"","protected":false},"author":18,"featured_media":0,"parent":1506,"menu_order":0,"comment_status":"closed","ping_status":"closed","template":"templates\/template-application-platform.php","meta":{"publish_to_discourse":"","publish_post_category":"","wpdc_auto_publish_overridden":"","wpdc_topic_tags":"","wpdc_pin_topic":"","wpdc_pin_until":"","discourse_post_id":"","discourse_permalink":"","wpdc_publishing_response":"","wpdc_publishing_error":"","footnotes":""},"class_list":["post-4270","page","type-page","status-publish","hentry"],"yoast_head":"<!-- This site is optimized with the Yoast SEO plugin v25.3.1 - https:\/\/yoast.com\/wordpress\/plugins\/seo\/ -->\n<title>Chat de WhatsApp - Agregar widget de Plugin de WhatsApp al jQuery<\/title>\n<meta name=\"description\" content=\"A\u00f1ade un widget interactivo de Chat de WhatsApp en su p\u00e1gina web de jQuery. Pruebe la demo de Elfsight intuitiva y cree su widget \u00fanico.\" \/>\n<meta name=\"robots\" content=\"index, follow, max-snippet:-1, max-image-preview:large, max-video-preview:-1\" \/>\n<link rel=\"canonical\" href=\"https:\/\/elfsight.com\/es\/whatsapp-chat-widget\/jquery\/\" \/>\n<meta property=\"og:locale\" content=\"es_ES\" \/>\n<meta property=\"og:type\" content=\"article\" \/>\n<meta property=\"og:title\" content=\"Chat de WhatsApp - Agregar widget de Plugin de WhatsApp al jQuery\" \/>\n<meta property=\"og:description\" content=\"A\u00f1ade un widget interactivo de Chat de WhatsApp en su p\u00e1gina web de jQuery. Pruebe la demo de Elfsight intuitiva y cree su widget \u00fanico.\" \/>\n<meta property=\"og:url\" content=\"https:\/\/elfsight.com\/es\/whatsapp-chat-widget\/jquery\/\" \/>\n<meta property=\"og:site_name\" content=\"Elfsight ES\" \/>\n<meta property=\"article:modified_time\" content=\"2025-02-06T15:20:54+00:00\" \/>\n<meta name=\"twitter:card\" content=\"summary_large_image\" \/>\n<meta name=\"twitter:label1\" content=\"Tiempo de lectura\" \/>\n\t<meta name=\"twitter:data1\" content=\"2 minutos\" \/>\n<!-- \/ Yoast SEO plugin. -->","yoast_head_json":{"title":"Chat de WhatsApp - Agregar widget de Plugin de WhatsApp al jQuery","description":"A\u00f1ade un widget interactivo de Chat de WhatsApp en su p\u00e1gina web de jQuery. Pruebe la demo de Elfsight intuitiva y cree su widget \u00fanico.","robots":{"index":"index","follow":"follow","max-snippet":"max-snippet:-1","max-image-preview":"max-image-preview:large","max-video-preview":"max-video-preview:-1"},"canonical":"https:\/\/elfsight.com\/es\/whatsapp-chat-widget\/jquery\/","og_locale":"es_ES","og_type":"article","og_title":"Chat de WhatsApp - Agregar widget de Plugin de WhatsApp al jQuery","og_description":"A\u00f1ade un widget interactivo de Chat de WhatsApp en su p\u00e1gina web de jQuery. Pruebe la demo de Elfsight intuitiva y cree su widget \u00fanico.","og_url":"https:\/\/elfsight.com\/es\/whatsapp-chat-widget\/jquery\/","og_site_name":"Elfsight ES","article_modified_time":"2025-02-06T15:20:54+00:00","twitter_card":"summary_large_image","twitter_misc":{"Tiempo de lectura":"2 minutos"},"schema":{"@context":"https:\/\/schema.org","@graph":[{"@type":"WebPage","@id":"https:\/\/elfsight.com\/es\/whatsapp-chat-widget\/jquery\/","url":"https:\/\/elfsight.com\/es\/whatsapp-chat-widget\/jquery\/","name":"Chat de WhatsApp - Agregar widget de Plugin de WhatsApp al jQuery","isPartOf":{"@id":"https:\/\/elfsight.com\/es\/#website"},"datePublished":"2022-02-11T11:34:49+00:00","dateModified":"2025-02-06T15:20:54+00:00","description":"A\u00f1ade un widget interactivo de Chat de WhatsApp en su p\u00e1gina web de jQuery. Pruebe la demo de Elfsight intuitiva y cree su widget \u00fanico.","breadcrumb":{"@id":"https:\/\/elfsight.com\/es\/whatsapp-chat-widget\/jquery\/#breadcrumb"},"inLanguage":"es","potentialAction":[{"@type":"ReadAction","target":["https:\/\/elfsight.com\/es\/whatsapp-chat-widget\/jquery\/"]}]},{"@type":"BreadcrumbList","@id":"https:\/\/elfsight.com\/es\/whatsapp-chat-widget\/jquery\/#breadcrumb","itemListElement":[{"@type":"ListItem","position":1,"name":"Home","item":"https:\/\/elfsight.com\/es\/"},{"@type":"ListItem","position":2,"name":"WhatsApp Chat","item":"https:\/\/elfsight.com\/es\/whatsapp-chat-widget\/"},{"@type":"ListItem","position":3,"name":"Whatsapp Chat &#8211; jQuery"}]},{"@type":"WebSite","@id":"https:\/\/elfsight.com\/es\/#website","url":"https:\/\/elfsight.com\/es\/","name":"Elfsight ES","description":"Just another Elfsight Sites site","potentialAction":[{"@type":"SearchAction","target":{"@type":"EntryPoint","urlTemplate":"https:\/\/elfsight.com\/es\/?s={search_term_string}"},"query-input":{"@type":"PropertyValueSpecification","valueRequired":true,"valueName":"search_term_string"}}],"inLanguage":"es"}]}},"meta_box":{"industry":"","seo_heading":"","heading":"","description":"","cta_heading":"","cta_description":"","application":"1505","h1":"Widget de Chat de WhatsApp para jQuery","h1_caption":"Brinde a los usuarios la oportunidad de comunicarse con usted por WhatsApp, garantizando la interacci\u00f3n m\u00e1s r\u00e1pida y conveniente para los visitantes de su sitio web en su sitio web jQuery sin esfuerzo.","application_category":[],"applications_title":"","applications_request_title":"","applications_request_button_text":"","hero_text":"","hero_video":"","hero_video_schema_markup":"","selling_points_title":"","selling_points_caption":"","selling_points":[],"selling_points_cta_text":"","features_title":"","features":"","ed_cta_examples_text":"","ed_cta_examples_hidden":"","ed_cta_demo_text":"","ed_cta_demo_hidden":"","why_caption":"","why_editor_title":"","why_editor_text":"","why_team_title":"","why_team_text":"","why_service_title":"","why_service_text":"","template_catalog_visible":"","template_catalog_title":"","template_catalog_text":"","template_catalog_categories_visible":"","demo_title":"Crea tu complemento de chat de Whatsapp","demo_caption":"\u00a1Configura tu chat de Whatsapp y agr\u00e9galo a tu sitio web jQuery gratis!","default_faq_hidden":"","app_template_category":[],"platform":"76","template_public_id":"","codecanyon_url":"","codecanyon_item_id":"","codecanyon_price":"","pricing_caption":"","pricing_elfsight_apps_hide_column":"","pricing_elfsight_apps_url":"","pricing_codecanyon_price_caption":"","integration_category":[],"integration_request_title":"","integration_request_cta":"","integration_platform":"","integrations":[],"platform_category":[],"video_schema_markup":"","price":"desde $0 por mes","trial":"","benefits":[{"text":"Instalaci\u00f3n gratuita"},{"text":"Soporte Premium"},{"text":"14 d\u00edas garant\u00eda de reembolso"},{"text":"Actualizaciones regulares"}],"button_url":"#demo","button_target_blank":"0","button_nofollow":"0","attributes":[{"name":"Responsivo","content":"Si","_state":"expanded"},{"name":"Navegadores compatibles","content":"Firefox, Safari, Opera, Chrome, Edge","_state":"expanded"}],"tags":[],"tags_disable_links":"0","hide_more_platforms":"","video_object":"","demo_hide_cta":"0","demo_hide_cloud_options":"0","pricing_title":"","pricing":[{"pricing_icon":"platform","pricing_title":" Elfsight Apps","pricing_title_caption":"Soluci\u00f3n multiplataforma - valido para cualquier p\u00e1gina web","pricing_price":"desde $0 por mes","pricing_price_caption":"empezar con un plan gratuito","pricing_benefits":[{"text":"Sitios web ilimitados"},{"text":"Atenci\u00f3n al cliente gratuita y r\u00e1pida"},{"text":"Servicio de instalaci\u00f3n gratuito"},{"text":"Totalmente personalizable"}],"pricing_button_text":"Agregar al sitio web","pricing_button_url":"#demo","_state":"expanded"}],"related_apps_title":"","related_apps_hidden":"1","author":"","image":[],"title":"","job":"","social_networks":[]},"_links":{"self":[{"href":"https:\/\/elfsight.com\/es\/wp-json\/wp\/v2\/pages\/4270","targetHints":{"allow":["GET"]}}],"collection":[{"href":"https:\/\/elfsight.com\/es\/wp-json\/wp\/v2\/pages"}],"about":[{"href":"https:\/\/elfsight.com\/es\/wp-json\/wp\/v2\/types\/page"}],"author":[{"embeddable":true,"href":"https:\/\/elfsight.com\/es\/wp-json\/wp\/v2\/users\/18"}],"replies":[{"embeddable":true,"href":"https:\/\/elfsight.com\/es\/wp-json\/wp\/v2\/comments?post=4270"}],"version-history":[{"count":3,"href":"https:\/\/elfsight.com\/es\/wp-json\/wp\/v2\/pages\/4270\/revisions"}],"predecessor-version":[{"id":18143,"href":"https:\/\/elfsight.com\/es\/wp-json\/wp\/v2\/pages\/4270\/revisions\/18143"}],"up":[{"embeddable":true,"href":"https:\/\/elfsight.com\/es\/wp-json\/wp\/v2\/pages\/1506"}],"wp:attachment":[{"href":"https:\/\/elfsight.com\/es\/wp-json\/wp\/v2\/media?parent=4270"}],"curies":[{"name":"wp","href":"https:\/\/api.w.org\/{rel}","templated":true}]}}