{"id":4264,"date":"2022-02-11T11:36:47","date_gmt":"2022-02-11T11:36:47","guid":{"rendered":"https:\/\/elfsight.com\/es\/?page_id=4264"},"modified":"2025-02-06T15:20:46","modified_gmt":"2025-02-06T15:20:46","slug":"drupal","status":"publish","type":"page","link":"https:\/\/elfsight.com\/es\/social-feed-widget\/drupal\/","title":{"rendered":"Social Feed &#8211; Drupal"},"content":{"rendered":"<div class=\"application-platform-content-item-description application-platform-content-item\" id=\"description\" data-nav-section=\"description\"> <h2>Descripci\u00f3n<\/h2> <p>Elfsight Social Feed para Drupal es un m\u00f3dulo exclusivo para promover no solo productos, sino emociones y experiencias. Al usarlo, puedes crear un feed personalizado compuesto por contenido de varias redes sociales: Instagram, Pinterest, Facebook, Twitter, Tumblr, YouTube, Vimeo, y mostrarlo directamente en tu sitio. \u00a1Crea una galer\u00eda o cat\u00e1logo de productos en 1-2-3! Disfruta del control total sobre el contenido mostrado con diversas opciones de filtrado y elimina el spam y cualquier contenido no deseado aplicando moderaci\u00f3n manual. El configurador en l\u00ednea completamente adaptable te ofrece m\u00faltiples plantillas para seleccionar. <\/p> <p><b>Con Social Wall, logra un fuerte crecimiento empresarial y aumenta las ventas<\/b><\/p> <\/div> <div class=\"faq\" data-component=\"FAQ\"><div class=\"faq-item\">\r\n\t\t\t\t\t<div class=\"faq-item-question\">\r\n\t\t\t\t\t\t<h3 class=\"faq-item-question-text\">\u00bfC\u00f3mo puedo incrustar un Social Media Feed en mi sitio Drupal?<\/h3>\r\n\r\n\t\t\t\t\t\t<div class=\"faq-item-question-icon\"><\/div>\r\n\t\t\t\t\t<\/div>\r\n\r\n\t\t\t\t\t<div class=\"faq-item-answer\">\r\n\t\t\t\t\t\t<div class=\"faq-item-answer-text\"><p>La construcci\u00f3n del widget se realiza dentro del sitio web de Elfsight y no necesitas codificar. Abre la demo en l\u00ednea para dise\u00f1ar tu propia herramienta, obtener el c\u00f3digo y agregarlo a tu sitio web. <\/p><\/div>\r\n\t\t\t\t\t<\/div>\r\n\t\t\t\t<\/div><div class=\"faq-item\">\r\n\t\t\t\t\t<div class=\"faq-item-question\">\r\n\t\t\t\t\t\t<h3 class=\"faq-item-question-text\">\u00bfC\u00f3mo obtengo el Social Grid o Masonry Grid usando tus m\u00f3dulos?<\/h3>\r\n\r\n\t\t\t\t\t\t<div class=\"faq-item-question-icon\"><\/div>\r\n\t\t\t\t\t<\/div>\r\n\r\n\t\t\t\t\t<div class=\"faq-item-answer\">\r\n\t\t\t\t\t\t<div class=\"faq-item-answer-text\"><p>Dispones de varias plantillas: feed, lista, masonry, grid, galer\u00eda, y muchas m\u00e1s, as\u00ed como opciones de dise\u00f1o flexibles para adaptarse a tus requisitos. Puedes construir casi cualquier cosa que necesites. <\/p><\/div>\r\n\t\t\t\t\t<\/div>\r\n\t\t\t\t<\/div><div class=\"faq-item\">\r\n\t\t\t\t\t<div class=\"faq-item-question\">\r\n\t\t\t\t\t\t<h3 class=\"faq-item-question-text\">Mi Social Wall no est\u00e1 funcionando \/ actualiz\u00e1ndose<\/h3>\r\n\r\n\t\t\t\t\t\t<div class=\"faq-item-question-icon\"><\/div>\r\n\t\t\t\t\t<\/div>\r\n\r\n\t\t\t\t\t<div class=\"faq-item-answer\">\r\n\t\t\t\t\t\t<div class=\"faq-item-answer-text\"><p>Si tienes problemas con los widgets sociales, contacta al personal de soporte al cliente. Cualquier ayuda es completamente gratuita para todos los clientes de Elfsight. <\/p><\/div>\r\n\t\t\t\t\t<\/div>\r\n\t\t\t\t<\/div><\/div><div class=\"application-platform-content-item-features application-platform-content-item\" id=\"features\" data-nav-section=\"features\"> <h2>Las caracter\u00edsticas esenciales del widget incluyen<\/h2> <ul><li>Presenta el contenido de tus redes sociales de varias plataformas. <\/li><li>Elimina el spam y contenido no deseado aplicando el modo de moderaci\u00f3n manual. <\/li><li>Instala el bot\u00f3n de seguir en las publicaciones del widget. <\/li><li>Permite que tus publicaciones se visualicen en una ventana emergente. <\/li><\/ul><p><a href=\"#demo\">Puedes ver c\u00f3mo funciona el m\u00f3dulo con la ayuda de la demo<\/a><\/p> <\/div> <div class=\"application-platform-content-item-installation application-platform-content-item\" id=\"installation\" data-nav-section=\"installation\"> <h2>\u00bfC\u00f3mo a\u00f1adir un m\u00f3dulo de Social Media Feed a mi sitio Drupal? <\/h2> <p>Solo sigue los pasos que se presentan a continuaci\u00f3n para integrar la herramienta. <\/p> <ol><li><b>Usa nuestro editor gratuito y comienza a crear tu m\u00f3dulo personalizado. <\/b><br> Define el dise\u00f1o y la funcionalidad personalizada del m\u00f3dulo y aplica las modificaciones. <\/li>  <li><b>Obt\u00e9n tu c\u00f3digo personal que aparece en la ventana de Elfsight Apps. <\/b><br> Despu\u00e9s de finalizar la configuraci\u00f3n de tu m\u00f3dulo personalizado, copia el c\u00f3digo personal de la ventana emergente y gu\u00e1rdalo para su uso posterior. <\/li>  <li><b>Comienza a usar el m\u00f3dulo Social Wall en tu sitio Drupal. <\/b><br> Pega el c\u00f3digo que guardaste recientemente en tu p\u00e1gina de inicio y aplica los cambios. <\/li>  <li><b>La configuraci\u00f3n est\u00e1 completamente terminada. <\/b><br> Visita tu p\u00e1gina web para observar el rendimiento del m\u00f3dulo. <\/li><\/ol> <p>Si tienes alguna pregunta o encuentras dificultades, no dudes en contactar con nuestro personal de soporte al cliente. Nuestros especialistas est\u00e1n deseando resolver todos los problemas que puedas tener con el widget. <\/p> <\/div>","protected":false},"excerpt":{"rendered":"","protected":false},"author":18,"featured_media":0,"parent":1469,"menu_order":0,"comment_status":"closed","ping_status":"closed","template":"templates\/template-application-platform.php","meta":{"publish_to_discourse":"","publish_post_category":"","wpdc_auto_publish_overridden":"","wpdc_topic_tags":"","wpdc_pin_topic":"","wpdc_pin_until":"","discourse_post_id":"","discourse_permalink":"","wpdc_publishing_response":"","wpdc_publishing_error":"","footnotes":""},"class_list":["post-4264","page","type-page","status-publish","hentry"],"yoast_head":"<!-- This site is optimized with the Yoast SEO plugin v25.3.1 - https:\/\/yoast.com\/wordpress\/plugins\/seo\/ -->\n<title>Feed de Redes Sociales - Agregar module de Muro Social al Drupal<\/title>\n<meta name=\"description\" content=\"A\u00f1ade un widget responsivo de Feed de Redes Sociales en su p\u00e1gina web de Drupal. Aplique la demo de Elfsight intuitiva y genere su module personalizado.\" \/>\n<meta name=\"robots\" content=\"index, follow, max-snippet:-1, max-image-preview:large, max-video-preview:-1\" \/>\n<link rel=\"canonical\" href=\"https:\/\/elfsight.com\/es\/social-feed-widget\/drupal\/\" \/>\n<meta property=\"og:locale\" content=\"es_ES\" \/>\n<meta property=\"og:type\" content=\"article\" \/>\n<meta property=\"og:title\" content=\"Feed de Redes Sociales - Agregar module de Muro Social al Drupal\" \/>\n<meta property=\"og:description\" content=\"A\u00f1ade un widget responsivo de Feed de Redes Sociales en su p\u00e1gina web de Drupal. Aplique la demo de Elfsight intuitiva y genere su module personalizado.\" \/>\n<meta property=\"og:url\" content=\"https:\/\/elfsight.com\/es\/social-feed-widget\/drupal\/\" \/>\n<meta property=\"og:site_name\" content=\"Elfsight ES\" \/>\n<meta property=\"article:modified_time\" content=\"2025-02-06T15:20:46+00:00\" \/>\n<meta name=\"twitter:card\" content=\"summary_large_image\" \/>\n<meta name=\"twitter:label1\" content=\"Tiempo de lectura\" \/>\n\t<meta name=\"twitter:data1\" content=\"1 minuto\" \/>\n<!-- \/ Yoast SEO plugin. -->","yoast_head_json":{"title":"Feed de Redes Sociales - Agregar module de Muro Social al Drupal","description":"A\u00f1ade un widget responsivo de Feed de Redes Sociales en su p\u00e1gina web de Drupal. Aplique la demo de Elfsight intuitiva y genere su module personalizado.","robots":{"index":"index","follow":"follow","max-snippet":"max-snippet:-1","max-image-preview":"max-image-preview:large","max-video-preview":"max-video-preview:-1"},"canonical":"https:\/\/elfsight.com\/es\/social-feed-widget\/drupal\/","og_locale":"es_ES","og_type":"article","og_title":"Feed de Redes Sociales - Agregar module de Muro Social al Drupal","og_description":"A\u00f1ade un widget responsivo de Feed de Redes Sociales en su p\u00e1gina web de Drupal. Aplique la demo de Elfsight intuitiva y genere su module personalizado.","og_url":"https:\/\/elfsight.com\/es\/social-feed-widget\/drupal\/","og_site_name":"Elfsight ES","article_modified_time":"2025-02-06T15:20:46+00:00","twitter_card":"summary_large_image","twitter_misc":{"Tiempo de lectura":"1 minuto"},"schema":{"@context":"https:\/\/schema.org","@graph":[{"@type":"WebPage","@id":"https:\/\/elfsight.com\/es\/social-feed-widget\/drupal\/","url":"https:\/\/elfsight.com\/es\/social-feed-widget\/drupal\/","name":"Feed de Redes Sociales - Agregar module de Muro Social al Drupal","isPartOf":{"@id":"https:\/\/elfsight.com\/es\/#website"},"datePublished":"2022-02-11T11:36:47+00:00","dateModified":"2025-02-06T15:20:46+00:00","description":"A\u00f1ade un widget responsivo de Feed de Redes Sociales en su p\u00e1gina web de Drupal. Aplique la demo de Elfsight intuitiva y genere su module personalizado.","breadcrumb":{"@id":"https:\/\/elfsight.com\/es\/social-feed-widget\/drupal\/#breadcrumb"},"inLanguage":"es","potentialAction":[{"@type":"ReadAction","target":["https:\/\/elfsight.com\/es\/social-feed-widget\/drupal\/"]}]},{"@type":"BreadcrumbList","@id":"https:\/\/elfsight.com\/es\/social-feed-widget\/drupal\/#breadcrumb","itemListElement":[{"@type":"ListItem","position":1,"name":"Home","item":"https:\/\/elfsight.com\/es\/"},{"@type":"ListItem","position":2,"name":"Social Feed","item":"https:\/\/elfsight.com\/es\/social-feed-widget\/"},{"@type":"ListItem","position":3,"name":"Social Feed &#8211; Drupal"}]},{"@type":"WebSite","@id":"https:\/\/elfsight.com\/es\/#website","url":"https:\/\/elfsight.com\/es\/","name":"Elfsight ES","description":"Just another Elfsight Sites site","potentialAction":[{"@type":"SearchAction","target":{"@type":"EntryPoint","urlTemplate":"https:\/\/elfsight.com\/es\/?s={search_term_string}"},"query-input":{"@type":"PropertyValueSpecification","valueRequired":true,"valueName":"search_term_string"}}],"inLanguage":"es"}]}},"meta_box":{"industry":"","seo_heading":"","heading":"","description":"","cta_heading":"","cta_description":"","application":"1468","h1":"m\u00f3dulo de Feed de Redes Sociales para Drupal","h1_caption":"Coloca contenido de las redes sociales a su sitio","application_category":[],"applications_title":"","applications_request_title":"","applications_request_button_text":"","hero_text":"","hero_video":"","hero_video_schema_markup":"","selling_points_title":"","selling_points_caption":"","selling_points":[],"selling_points_cta_text":"","features_title":"","features":"","ed_cta_examples_text":"","ed_cta_examples_hidden":"","ed_cta_demo_text":"","ed_cta_demo_hidden":"","why_caption":"","why_editor_title":"","why_editor_text":"","why_team_title":"","why_team_text":"","why_service_title":"","why_service_text":"","template_catalog_visible":"","template_catalog_title":"","template_catalog_text":"","template_catalog_categories_visible":"","demo_title":"Crea tu m\u00f3dulo de Feed Social","demo_caption":"\u00a1Configura tu Social Feed y agr\u00e9galo a tu sitio web Drupal gratis!","default_faq_hidden":"","app_template_category":[],"platform":"2161","template_public_id":"","codecanyon_url":"","codecanyon_item_id":"","codecanyon_price":"","pricing_caption":"","pricing_elfsight_apps_hide_column":"","pricing_elfsight_apps_url":"","pricing_codecanyon_price_caption":"","integration_category":[],"integration_request_title":"","integration_request_cta":"","integration_platform":"","integrations":[],"platform_category":[],"video_schema_markup":"","price":"desde $0 por mes","trial":"","benefits":[{"text":"Instalaci\u00f3n gratuita"},{"text":"Soporte Premium"},{"text":"14 d\u00edas garant\u00eda de reembolso"},{"text":"Actualizaciones regulares"}],"button_url":"#demo","button_target_blank":"0","button_nofollow":"0","attributes":[{"name":"Responsivo","content":"Si","_state":"expanded"},{"name":"Navegadores compatibles","content":"Firefox, Safari, Opera, Chrome, Edge","_state":"expanded"}],"tags":[],"tags_disable_links":"0","hide_more_platforms":"","video_object":"","demo_hide_cta":"0","demo_hide_cloud_options":"0","pricing_title":"","pricing":[{"pricing_icon":"platform","pricing_title":" Elfsight Apps","pricing_title_caption":"Soluci\u00f3n multiplataforma - valido para cualquier p\u00e1gina web","pricing_price":"desde $0 por mes","pricing_price_caption":"empezar con un plan gratuito","pricing_benefits":[{"text":"Sitios web ilimitados"},{"text":"Atenci\u00f3n al cliente gratuita y r\u00e1pida"},{"text":"Servicio de instalaci\u00f3n gratuito"},{"text":"Totalmente personalizable"}],"pricing_button_text":"Agregar al sitio web","pricing_button_url":"#demo","_state":"expanded"}],"related_apps_title":"","related_apps_hidden":"1","author":"","image":[],"title":"","job":"","social_networks":[]},"_links":{"self":[{"href":"https:\/\/elfsight.com\/es\/wp-json\/wp\/v2\/pages\/4264","targetHints":{"allow":["GET"]}}],"collection":[{"href":"https:\/\/elfsight.com\/es\/wp-json\/wp\/v2\/pages"}],"about":[{"href":"https:\/\/elfsight.com\/es\/wp-json\/wp\/v2\/types\/page"}],"author":[{"embeddable":true,"href":"https:\/\/elfsight.com\/es\/wp-json\/wp\/v2\/users\/18"}],"replies":[{"embeddable":true,"href":"https:\/\/elfsight.com\/es\/wp-json\/wp\/v2\/comments?post=4264"}],"version-history":[{"count":3,"href":"https:\/\/elfsight.com\/es\/wp-json\/wp\/v2\/pages\/4264\/revisions"}],"predecessor-version":[{"id":18140,"href":"https:\/\/elfsight.com\/es\/wp-json\/wp\/v2\/pages\/4264\/revisions\/18140"}],"up":[{"embeddable":true,"href":"https:\/\/elfsight.com\/es\/wp-json\/wp\/v2\/pages\/1469"}],"wp:attachment":[{"href":"https:\/\/elfsight.com\/es\/wp-json\/wp\/v2\/media?parent=4264"}],"curies":[{"name":"wp","href":"https:\/\/api.w.org\/{rel}","templated":true}]}}