{"id":4262,"date":"2022-02-11T11:36:57","date_gmt":"2022-02-11T11:36:57","guid":{"rendered":"https:\/\/elfsight.com\/es\/?page_id=4262"},"modified":"2025-02-06T15:20:46","modified_gmt":"2025-02-06T15:20:46","slug":"iframe","status":"publish","type":"page","link":"https:\/\/elfsight.com\/es\/whatsapp-chat-widget\/iframe\/","title":{"rendered":"WhatsApp Chat &#8211; iFrame"},"content":{"rendered":"<div class=\"application-platform-content-item-description application-platform-content-item\" id=\"description\" data-nav-section=\"description\"><h2>Incrustar el Chat de WhatsApp con el Widget de Elfsight<\/h2><p>El Chat de WhatsApp creado por Elfsight es la forma m\u00e1s f\u00e1cil para que los usuarios de tu sitio web se mantengan conectados contigo y resuelvan sus dudas. Puedes estar disponible en l\u00ednea para tus visitantes en el mensajero favorito 24\/7. Inserta el chat en la p\u00e1gina web y haz que aparezca en p\u00e1ginas seleccionadas o para grupos espec\u00edficos de personas, establece disparadores de inicio de chat, env\u00eda tu mensaje de bienvenida \u00fanico, elige \u00edconos y aplica otras personalizaciones. Usando el plugin de WhatsApp incrustado en el sitio, estar\u00e1s siempre conectado con tus visitantes en cualquier momento y desde cualquier lugar.<\/p> <p><b>\u00a1Inicia el flujo de comunicaci\u00f3n m\u00e1s f\u00e1cil en tu sitio con Elfsight WhatsApp Live Chat!<\/b><\/p> <\/div><div class=\"application-platform-content-item-features application-platform-content-item\" id=\"features\" data-nav-section=\"features\"><h2>Principales caracter\u00edsticas del Widget de Chat de WhatsApp<\/h2><p>Consulta la lista de las caracter\u00edsticas esenciales del plugin. Estas lo hacen incre\u00edblemente efectivo para tu promoci\u00f3n: <\/p><ul><li>Inserta el mensajero de WhatsApp en tu tienda para chatear con los clientes; <\/li><li>Contin\u00faa chateando directamente desde tu p\u00e1gina de WhatsApp; <\/li><li>Selecciona una de las 3 variantes de dise\u00f1o del chat: burbuja flotante, burbuja incrustada y ventana de chat incrustada; <\/li><li>Usa una colecci\u00f3n de \u00edconos de burbuja para elegir | Escoge tu variante de \u00edcono de burbuja de la biblioteca de \u00edconos disponibles; <\/li><li>Texto editable en las burbujas.<\/li><\/ul><p><a href=\"#demo\">M\u00e1s caracter\u00edsticas en la demo en vivo<\/a><\/p><\/div><div class=\"application-platform-content-item-installation application-platform-content-item\" id=\"installation\" data-nav-section=\"installation\"><h2>\u00bfC\u00f3mo a\u00f1adir el plugin de Chat de WhatsApp a un sitio web con iFrame?<\/h2><p>Solo hay tres pasos r\u00e1pidos para incrustar el plugin en tu sitio:<\/p><ol><li><b>Crea tu plugin de WhatsApp personalizado<\/b><br> En nuestro configurador gratuito, dise\u00f1a un plugin con la interfaz y funciones que prefieras. <\/li><li><b>Obt\u00e9n el c\u00f3digo personal para configurar el plugin<\/b><br> Despu\u00e9s de haber creado tu plugin, recibir\u00e1s el c\u00f3digo de configuraci\u00f3n en la ventana emergente de Elfsight Apps. Copia el c\u00f3digo para usarlo m\u00e1s tarde. <\/li> <li><b>A\u00f1ade el plugin a tu sitio con iFrame<\/b><br> Elige el \u00e1rea donde deseas mostrar el plugin y agrega el c\u00f3digo copiado all\u00ed. Guarda los resultados. <\/li> <li><b>\u00a1Configuraci\u00f3n completada!<\/b><br> Entra en la p\u00e1gina web para ver los testimonios. <\/li> <\/ol><p>Si necesitas ayuda o tienes preguntas sobre el producto, no dudes en contactar con nuestro soporte al cliente.<\/p><\/div><div class=\"faq\" data-component=\"FAQ\"><div class=\"faq-item\">\r\n\t\t\t\t\t<div class=\"faq-item-question\">\r\n\t\t\t\t\t\t<h3 class=\"faq-item-question-text\">\u00bfHay alguna forma de incrustar el Chat de WhatsApp en mi sitio con iFrame sin experiencia en codificaci\u00f3n?<\/h3>\r\n\r\n\t\t\t\t\t\t<div class=\"faq-item-question-icon\"><\/div>\r\n\t\t\t\t\t<\/div>\r\n\r\n\t\t\t\t\t<div class=\"faq-item-answer\">\r\n\t\t\t\t\t\t<div class=\"faq-item-answer-text\"><p>La empresa Elfsight ofrece una soluci\u00f3n SaaS que permite a los usuarios crear un widget de Chat de WhatsApp por s\u00ed mismos, sigue estas sencillas instrucciones: <\/p><ul><li>Ve a la demo en vivo para crear un widget de Chat de WhatsApp que te gustar\u00eda integrar en tu sitio con iFrame.<\/li><li>Selecciona una de las plantillas predefinidas y adapta la configuraci\u00f3n del Chat de WhatsApp, incluye tu contenido, cambia el dise\u00f1o y los colores sin necesidad de codificaci\u00f3n.<\/li><li>Guarda el Chat de WhatsApp y obtiene el c\u00f3digo del plugin para incrustarlo, que puedes pegar f\u00e1cilmente en la p\u00e1gina web con iFrame sin necesidad de comprar una versi\u00f3n de pago.<\/li><\/ul><p>Con la ayuda de nuestro Editor sencillo, cualquier usuario de internet puede crear la secci\u00f3n de Chat de WhatsApp e incrustarla f\u00e1cilmente en su sitio con iFrame. No necesitas pagar ni proporcionar datos de tarjeta para acceder al Editor. Si encuentras alg\u00fan problema, no dudes en ponerte en contacto con nuestro equipo de soporte t\u00e9cnico.<\/p><\/div>\r\n\t\t\t\t\t<\/div>\r\n\t\t\t\t<\/div><\/div>","protected":false},"excerpt":{"rendered":"","protected":false},"author":18,"featured_media":0,"parent":1506,"menu_order":0,"comment_status":"closed","ping_status":"closed","template":"templates\/template-application-platform.php","meta":{"publish_to_discourse":"","publish_post_category":"","wpdc_auto_publish_overridden":"","wpdc_topic_tags":"","wpdc_pin_topic":"","wpdc_pin_until":"","discourse_post_id":"","discourse_permalink":"","wpdc_publishing_response":"","wpdc_publishing_error":"","footnotes":""},"class_list":["post-4262","page","type-page","status-publish","hentry"],"yoast_head":"<!-- This site is optimized with the Yoast SEO plugin v25.3.1 - https:\/\/yoast.com\/wordpress\/plugins\/seo\/ -->\n<title>Chat de WhatsApp - A\u00f1adir widget de Plugin de WhatsApp al iFrame<\/title>\n<meta name=\"description\" content=\"A\u00f1ade un widget atractivo de Chat de WhatsApp en su sitio de iFrame. Lance la demo de Elfsight f\u00e1cil de usar y construe su widget \u00fanico.\" \/>\n<meta name=\"robots\" content=\"index, follow, max-snippet:-1, max-image-preview:large, max-video-preview:-1\" \/>\n<link rel=\"canonical\" href=\"https:\/\/elfsight.com\/es\/whatsapp-chat-widget\/iframe\/\" \/>\n<meta property=\"og:locale\" content=\"es_ES\" \/>\n<meta property=\"og:type\" content=\"article\" \/>\n<meta property=\"og:title\" content=\"Chat de WhatsApp - A\u00f1adir widget de Plugin de WhatsApp al iFrame\" \/>\n<meta property=\"og:description\" content=\"A\u00f1ade un widget atractivo de Chat de WhatsApp en su sitio de iFrame. Lance la demo de Elfsight f\u00e1cil de usar y construe su widget \u00fanico.\" \/>\n<meta property=\"og:url\" content=\"https:\/\/elfsight.com\/es\/whatsapp-chat-widget\/iframe\/\" \/>\n<meta property=\"og:site_name\" content=\"Elfsight ES\" \/>\n<meta property=\"article:modified_time\" content=\"2025-02-06T15:20:46+00:00\" \/>\n<meta name=\"twitter:card\" content=\"summary_large_image\" \/>\n<meta name=\"twitter:label1\" content=\"Tiempo de lectura\" \/>\n\t<meta name=\"twitter:data1\" content=\"2 minutos\" \/>\n<!-- \/ Yoast SEO plugin. -->","yoast_head_json":{"title":"Chat de WhatsApp - A\u00f1adir widget de Plugin de WhatsApp al iFrame","description":"A\u00f1ade un widget atractivo de Chat de WhatsApp en su sitio de iFrame. Lance la demo de Elfsight f\u00e1cil de usar y construe su widget \u00fanico.","robots":{"index":"index","follow":"follow","max-snippet":"max-snippet:-1","max-image-preview":"max-image-preview:large","max-video-preview":"max-video-preview:-1"},"canonical":"https:\/\/elfsight.com\/es\/whatsapp-chat-widget\/iframe\/","og_locale":"es_ES","og_type":"article","og_title":"Chat de WhatsApp - A\u00f1adir widget de Plugin de WhatsApp al iFrame","og_description":"A\u00f1ade un widget atractivo de Chat de WhatsApp en su sitio de iFrame. Lance la demo de Elfsight f\u00e1cil de usar y construe su widget \u00fanico.","og_url":"https:\/\/elfsight.com\/es\/whatsapp-chat-widget\/iframe\/","og_site_name":"Elfsight ES","article_modified_time":"2025-02-06T15:20:46+00:00","twitter_card":"summary_large_image","twitter_misc":{"Tiempo de lectura":"2 minutos"},"schema":{"@context":"https:\/\/schema.org","@graph":[{"@type":"WebPage","@id":"https:\/\/elfsight.com\/es\/whatsapp-chat-widget\/iframe\/","url":"https:\/\/elfsight.com\/es\/whatsapp-chat-widget\/iframe\/","name":"Chat de WhatsApp - A\u00f1adir widget de Plugin de WhatsApp al iFrame","isPartOf":{"@id":"https:\/\/elfsight.com\/es\/#website"},"datePublished":"2022-02-11T11:36:57+00:00","dateModified":"2025-02-06T15:20:46+00:00","description":"A\u00f1ade un widget atractivo de Chat de WhatsApp en su sitio de iFrame. Lance la demo de Elfsight f\u00e1cil de usar y construe su widget \u00fanico.","breadcrumb":{"@id":"https:\/\/elfsight.com\/es\/whatsapp-chat-widget\/iframe\/#breadcrumb"},"inLanguage":"es","potentialAction":[{"@type":"ReadAction","target":["https:\/\/elfsight.com\/es\/whatsapp-chat-widget\/iframe\/"]}]},{"@type":"BreadcrumbList","@id":"https:\/\/elfsight.com\/es\/whatsapp-chat-widget\/iframe\/#breadcrumb","itemListElement":[{"@type":"ListItem","position":1,"name":"Home","item":"https:\/\/elfsight.com\/es\/"},{"@type":"ListItem","position":2,"name":"WhatsApp Chat","item":"https:\/\/elfsight.com\/es\/whatsapp-chat-widget\/"},{"@type":"ListItem","position":3,"name":"WhatsApp Chat &#8211; iFrame"}]},{"@type":"WebSite","@id":"https:\/\/elfsight.com\/es\/#website","url":"https:\/\/elfsight.com\/es\/","name":"Elfsight ES","description":"Just another Elfsight Sites site","potentialAction":[{"@type":"SearchAction","target":{"@type":"EntryPoint","urlTemplate":"https:\/\/elfsight.com\/es\/?s={search_term_string}"},"query-input":{"@type":"PropertyValueSpecification","valueRequired":true,"valueName":"search_term_string"}}],"inLanguage":"es"}]}},"meta_box":{"industry":"","seo_heading":"","heading":"","description":"","cta_heading":"","cta_description":"","application":"1505","h1":"Widget de Chat de WhatsApp para iFrame","h1_caption":"Brinde a los usuarios la oportunidad de comunicarse con usted por WhatsApp, garantizando la interacci\u00f3n m\u00e1s r\u00e1pida y conveniente para los visitantes de su sitio web en su sitio web iFrame sin esfuerzo.","application_category":[],"applications_title":"","applications_request_title":"","applications_request_button_text":"","hero_text":"","hero_video":"","hero_video_schema_markup":"","selling_points_title":"","selling_points_caption":"","selling_points":[],"selling_points_cta_text":"","features_title":"","features":"","ed_cta_examples_text":"","ed_cta_examples_hidden":"","ed_cta_demo_text":"","ed_cta_demo_hidden":"","why_caption":"","why_editor_title":"","why_editor_text":"","why_team_title":"","why_team_text":"","why_service_title":"","why_service_text":"","template_catalog_visible":"","template_catalog_title":"","template_catalog_text":"","template_catalog_categories_visible":"","demo_title":"Crea tu widget de chat de WhatsApp","demo_caption":"\u00a1Configura tu chat de WhatsApp y agr\u00e9galo a tu sitio web iFrame gratis!","default_faq_hidden":"","app_template_category":[],"platform":"2192","template_public_id":"","codecanyon_url":"","codecanyon_item_id":"","codecanyon_price":"","pricing_caption":"","pricing_elfsight_apps_hide_column":"","pricing_elfsight_apps_url":"","pricing_codecanyon_price_caption":"","integration_category":[],"integration_request_title":"","integration_request_cta":"","integration_platform":"","integrations":[],"platform_category":[],"video_schema_markup":"","price":"desde $0 por mes","trial":"","benefits":[{"text":"Instalaci\u00f3n gratuita"},{"text":"Soporte Premium"},{"text":"14 d\u00edas garant\u00eda de reembolso"},{"text":"Actualizaciones regulares"}],"button_url":"#demo","button_target_blank":"0","button_nofollow":"0","attributes":[{"name":"Responsivo","content":"Si","_state":"expanded"},{"name":"Navegadores compatibles","content":"Firefox, Safari, Opera, Chrome, Edge","_state":"expanded"}],"tags":[],"tags_disable_links":"0","hide_more_platforms":"","video_object":"","demo_hide_cta":"0","demo_hide_cloud_options":"0","pricing_title":"","pricing":[{"pricing_icon":"platform","pricing_title":" Elfsight Apps","pricing_title_caption":"Soluci\u00f3n multiplataforma - valido para cualquier p\u00e1gina web","pricing_price":"desde $0 por mes","pricing_price_caption":"empezar con un plan gratuito","pricing_benefits":[{"text":"Sitios web ilimitados"},{"text":"Atenci\u00f3n al cliente gratuita y r\u00e1pida"},{"text":"Servicio de instalaci\u00f3n gratuito"},{"text":"Totalmente personalizable"}],"pricing_button_text":"Agregar al sitio web","pricing_button_url":"#demo","_state":"expanded"}],"related_apps_title":"","related_apps_hidden":"1","author":"","image":[],"title":"","job":"","social_networks":[]},"_links":{"self":[{"href":"https:\/\/elfsight.com\/es\/wp-json\/wp\/v2\/pages\/4262","targetHints":{"allow":["GET"]}}],"collection":[{"href":"https:\/\/elfsight.com\/es\/wp-json\/wp\/v2\/pages"}],"about":[{"href":"https:\/\/elfsight.com\/es\/wp-json\/wp\/v2\/types\/page"}],"author":[{"embeddable":true,"href":"https:\/\/elfsight.com\/es\/wp-json\/wp\/v2\/users\/18"}],"replies":[{"embeddable":true,"href":"https:\/\/elfsight.com\/es\/wp-json\/wp\/v2\/comments?post=4262"}],"version-history":[{"count":3,"href":"https:\/\/elfsight.com\/es\/wp-json\/wp\/v2\/pages\/4262\/revisions"}],"predecessor-version":[{"id":18139,"href":"https:\/\/elfsight.com\/es\/wp-json\/wp\/v2\/pages\/4262\/revisions\/18139"}],"up":[{"embeddable":true,"href":"https:\/\/elfsight.com\/es\/wp-json\/wp\/v2\/pages\/1506"}],"wp:attachment":[{"href":"https:\/\/elfsight.com\/es\/wp-json\/wp\/v2\/media?parent=4262"}],"curies":[{"name":"wp","href":"https:\/\/api.w.org\/{rel}","templated":true}]}}