{"id":4260,"date":"2022-02-11T11:37:05","date_gmt":"2022-02-11T11:37:05","guid":{"rendered":"https:\/\/elfsight.com\/es\/?page_id=4260"},"modified":"2025-02-06T15:20:38","modified_gmt":"2025-02-06T15:20:38","slug":"blogger","status":"publish","type":"page","link":"https:\/\/elfsight.com\/es\/social-feed-widget\/blogger\/","title":{"rendered":"Social Feed &#8211; Blogger"},"content":{"rendered":"<div class=\"application-platform-content-item-description application-platform-content-item\" id=\"description\" data-nav-section=\"description\"> <h2>Descripci\u00f3n<\/h2> <p>Elfsight Social Feed para Blogger es un plugin \u00fanico para vender no solo productos, sino emociones y experiencias. Al usarlo, puedes crear un feed personalizado compuesto de contenido de diferentes redes sociales: Instagram, Pinterest, Facebook, Twitter, Tumblr, YouTube, Vimeo, y mostrarlo directamente en tu p\u00e1gina web. \u00a1Crea una galer\u00eda o cat\u00e1logo de productos en 1-2-3! Controla completamente el contenido mostrado con diversas opciones de filtrado y elimina el spam y cualquier contenido no deseado aplicando moderaci\u00f3n manual. El configurador en l\u00ednea completamente adaptable te ofrece diferentes plantillas para elegir. <\/p> <p><b>\u00a1Inserta Social Wall para alcanzar tus objetivos comerciales!<\/b><\/p> <\/div> <div class=\"application-platform-content-item-features application-platform-content-item\" id=\"features\" data-nav-section=\"features\"> <h2>Ver la lista de las caracter\u00edsticas m\u00e1s \u00fatiles: <\/h2> <ul><li>Presenta el contenido de tus redes sociales desde varias plataformas. <\/li><li>Elimina el spam y el contenido no deseado mediante el modo de moderaci\u00f3n manual. <\/li><li>Coloca el bot\u00f3n de seguir en las tarjetas del widget. <\/li><li>Permite que tus publicaciones aparezcan en una ventana emergente. <\/li><\/ul><p><a href=\"#demo\">Puedes explorar todas las capacidades del widget en la demostraci\u00f3n <\/a><\/p> <\/div> <div class=\"application-platform-content-item-installation application-platform-content-item\" id=\"installation\" data-nav-section=\"installation\"> <h2>\u00bfC\u00f3mo incrustar el widget Social Media Feed en mi sitio web de Blogger? <\/h2> <p>Solo sigue los pasos que se presentan a continuaci\u00f3n para agregar el widget. <\/p> <ol><li><b>Lanza nuestro editor gratuito y empieza a crear tu widget personalizado.<\/b><br> Elige el dise\u00f1o y las caracter\u00edsticas del widget y guarda los cambios. <\/li>  <li><b>Recibe el c\u00f3digo individual que se muestra en el cuadro de Elfsight Apps. <\/b><br> Una vez que la configuraci\u00f3n de tu plugin est\u00e9 lista, copia el c\u00f3digo individual de la ventana emergente y gu\u00e1rdalo para futuras ocasiones. <\/li>  <li><b>Comienza a usar el widget Social Wall en el sitio de Blogger. <\/b><br> Pega el c\u00f3digo que copiaste recientemente en tu sitio web y aplica los cambios. <\/li>  <li><b>\u00a1Hecho! La integraci\u00f3n se ha completado con \u00e9xito. <\/b><br> Ve a tu p\u00e1gina web para examinar el funcionamiento de la herramienta. <\/li><\/ol> <p>Si tienes alguna pregunta o enfrentas dificultades, por favor, escr\u00edbenos a nuestro personal de soporte. Nuestros especialistas estar\u00e1n encantados de ayudarte con cualquier problema que puedas tener con la herramienta. <\/p> <\/div><div class=\"faq\" data-component=\"FAQ\"><div class=\"faq-item\">\r\n\t\t\t\t\t<div class=\"faq-item-question\">\r\n\t\t\t\t\t\t<h3 class=\"faq-item-question-text\">\u00bfExiste la opci\u00f3n de incrustar Social Feed en mi sitio de Blogger sin necesidad de codificaci\u00f3n?<\/h3>\r\n\r\n\t\t\t\t\t\t<div class=\"faq-item-question-icon\"><\/div>\r\n\t\t\t\t\t<\/div>\r\n\r\n\t\t\t\t\t<div class=\"faq-item-answer\">\r\n\t\t\t\t\t\t<div class=\"faq-item-answer-text\"><p>La empresa Elfsight ofrece una soluci\u00f3n que permite a una amplia audiencia crear una aplicaci\u00f3n Social Feed por s\u00ed misma, sigue estos sencillos pasos: <\/p><ul><li>Trabaja en el Editor en l\u00ednea para crear la aplicaci\u00f3n Social Feed que deseas agregar a tu sitio web de Blogger.<\/li><li>Elige una de las muchas plantillas predefinidas y ajusta la configuraci\u00f3n de Social Feed, cambia el dise\u00f1o y el color de los elementos, actualiza tu contenido sin necesidad de habilidades de codificaci\u00f3n.<\/li><li>Guarda los ajustes que has hecho en Social Feed y obt\u00e9n el c\u00f3digo del plugin para incrustarlo, que puedes pegar f\u00e1cilmente en cualquier sitio web de Blogger de forma gratuita.<\/li><\/ul><p>Trabajando en el Configurador f\u00e1cil de usar, cualquier usuario de la web puede crear Social Feed en l\u00ednea e incluirlo f\u00e1cilmente en la p\u00e1gina de inicio de Blogger. No necesitas pagar ni proporcionar datos de tarjeta para ingresar al servicio de Elfsight. Si enfrentas alg\u00fan problema, no dudes en contactar con nuestro equipo de soporte t\u00e9cnico.<\/p><\/div>\r\n\t\t\t\t\t<\/div>\r\n\t\t\t\t<\/div><\/div>","protected":false},"excerpt":{"rendered":"","protected":false},"author":18,"featured_media":0,"parent":1469,"menu_order":0,"comment_status":"closed","ping_status":"closed","template":"templates\/template-application-platform.php","meta":{"publish_to_discourse":"","publish_post_category":"","wpdc_auto_publish_overridden":"","wpdc_topic_tags":"","wpdc_pin_topic":"","wpdc_pin_until":"","discourse_post_id":"","discourse_permalink":"","wpdc_publishing_response":"","wpdc_publishing_error":"","footnotes":""},"class_list":["post-4260","page","type-page","status-publish","hentry"],"yoast_head":"<!-- This site is optimized with the Yoast SEO plugin v25.3.1 - https:\/\/yoast.com\/wordpress\/plugins\/seo\/ -->\n<title>Feed de Redes Sociales - Insertar widget de Muro Social al Blogger<\/title>\n<meta name=\"description\" content=\"Incrusta un plugin hermoso de Feed de Redes Sociales en su p\u00e1gina web de Blogger. Lance la demo de Elfsight manejable y cree su widget personalizado.\" \/>\n<meta name=\"robots\" content=\"index, follow, max-snippet:-1, max-image-preview:large, max-video-preview:-1\" \/>\n<link rel=\"canonical\" href=\"https:\/\/elfsight.com\/es\/social-feed-widget\/blogger\/\" \/>\n<meta property=\"og:locale\" content=\"es_ES\" \/>\n<meta property=\"og:type\" content=\"article\" \/>\n<meta property=\"og:title\" content=\"Feed de Redes Sociales - Insertar widget de Muro Social al Blogger\" \/>\n<meta property=\"og:description\" content=\"Incrusta un plugin hermoso de Feed de Redes Sociales en su p\u00e1gina web de Blogger. Lance la demo de Elfsight manejable y cree su widget personalizado.\" \/>\n<meta property=\"og:url\" content=\"https:\/\/elfsight.com\/es\/social-feed-widget\/blogger\/\" \/>\n<meta property=\"og:site_name\" content=\"Elfsight ES\" \/>\n<meta property=\"article:modified_time\" content=\"2025-02-06T15:20:38+00:00\" \/>\n<meta name=\"twitter:card\" content=\"summary_large_image\" \/>\n<meta name=\"twitter:label1\" content=\"Tiempo de lectura\" \/>\n\t<meta name=\"twitter:data1\" content=\"1 minuto\" \/>\n<!-- \/ Yoast SEO plugin. -->","yoast_head_json":{"title":"Feed de Redes Sociales - Insertar widget de Muro Social al Blogger","description":"Incrusta un plugin hermoso de Feed de Redes Sociales en su p\u00e1gina web de Blogger. Lance la demo de Elfsight manejable y cree su widget personalizado.","robots":{"index":"index","follow":"follow","max-snippet":"max-snippet:-1","max-image-preview":"max-image-preview:large","max-video-preview":"max-video-preview:-1"},"canonical":"https:\/\/elfsight.com\/es\/social-feed-widget\/blogger\/","og_locale":"es_ES","og_type":"article","og_title":"Feed de Redes Sociales - Insertar widget de Muro Social al Blogger","og_description":"Incrusta un plugin hermoso de Feed de Redes Sociales en su p\u00e1gina web de Blogger. Lance la demo de Elfsight manejable y cree su widget personalizado.","og_url":"https:\/\/elfsight.com\/es\/social-feed-widget\/blogger\/","og_site_name":"Elfsight ES","article_modified_time":"2025-02-06T15:20:38+00:00","twitter_card":"summary_large_image","twitter_misc":{"Tiempo de lectura":"1 minuto"},"schema":{"@context":"https:\/\/schema.org","@graph":[{"@type":"WebPage","@id":"https:\/\/elfsight.com\/es\/social-feed-widget\/blogger\/","url":"https:\/\/elfsight.com\/es\/social-feed-widget\/blogger\/","name":"Feed de Redes Sociales - Insertar widget de Muro Social al Blogger","isPartOf":{"@id":"https:\/\/elfsight.com\/es\/#website"},"datePublished":"2022-02-11T11:37:05+00:00","dateModified":"2025-02-06T15:20:38+00:00","description":"Incrusta un plugin hermoso de Feed de Redes Sociales en su p\u00e1gina web de Blogger. Lance la demo de Elfsight manejable y cree su widget personalizado.","breadcrumb":{"@id":"https:\/\/elfsight.com\/es\/social-feed-widget\/blogger\/#breadcrumb"},"inLanguage":"es","potentialAction":[{"@type":"ReadAction","target":["https:\/\/elfsight.com\/es\/social-feed-widget\/blogger\/"]}]},{"@type":"BreadcrumbList","@id":"https:\/\/elfsight.com\/es\/social-feed-widget\/blogger\/#breadcrumb","itemListElement":[{"@type":"ListItem","position":1,"name":"Home","item":"https:\/\/elfsight.com\/es\/"},{"@type":"ListItem","position":2,"name":"Social Feed","item":"https:\/\/elfsight.com\/es\/social-feed-widget\/"},{"@type":"ListItem","position":3,"name":"Social Feed &#8211; Blogger"}]},{"@type":"WebSite","@id":"https:\/\/elfsight.com\/es\/#website","url":"https:\/\/elfsight.com\/es\/","name":"Elfsight ES","description":"Just another Elfsight Sites site","potentialAction":[{"@type":"SearchAction","target":{"@type":"EntryPoint","urlTemplate":"https:\/\/elfsight.com\/es\/?s={search_term_string}"},"query-input":{"@type":"PropertyValueSpecification","valueRequired":true,"valueName":"search_term_string"}}],"inLanguage":"es"}]}},"meta_box":{"industry":"","seo_heading":"","heading":"","description":"","cta_heading":"","cta_description":"","application":"1468","h1":"widget de Feed de Redes Sociales para Blogger","h1_caption":"A\u00f1ade contenido de las redes sociales a su sitio web","application_category":[],"applications_title":"","applications_request_title":"","applications_request_button_text":"","hero_text":"","hero_video":"","hero_video_schema_markup":"","selling_points_title":"","selling_points_caption":"","selling_points":[],"selling_points_cta_text":"","features_title":"","features":"","ed_cta_examples_text":"","ed_cta_examples_hidden":"","ed_cta_demo_text":"","ed_cta_demo_hidden":"","why_caption":"","why_editor_title":"","why_editor_text":"","why_team_title":"","why_team_text":"","why_service_title":"","why_service_text":"","template_catalog_visible":"","template_catalog_title":"","template_catalog_text":"","template_catalog_categories_visible":"","demo_title":"Crea tu widget de Feed Social","demo_caption":"\u00a1Configura tu Feed Social y agr\u00e9galo a tu sitio web de Blogger gratis!","default_faq_hidden":"","app_template_category":[],"platform":"39","template_public_id":"","codecanyon_url":"","codecanyon_item_id":"","codecanyon_price":"","pricing_caption":"","pricing_elfsight_apps_hide_column":"","pricing_elfsight_apps_url":"","pricing_codecanyon_price_caption":"","integration_category":[],"integration_request_title":"","integration_request_cta":"","integration_platform":"","integrations":[],"platform_category":[],"video_schema_markup":"","price":"desde $0 por mes","trial":"","benefits":[{"text":"Instalaci\u00f3n gratuita"},{"text":"Soporte Premium"},{"text":"14 d\u00edas garant\u00eda de reembolso"},{"text":"Actualizaciones regulares"}],"button_url":"#demo","button_target_blank":"0","button_nofollow":"0","attributes":[{"name":"Responsivo","content":"Si","_state":"expanded"},{"name":"Navegadores compatibles","content":"Firefox, Safari, Opera, Chrome, Edge","_state":"expanded"}],"tags":[],"tags_disable_links":"0","hide_more_platforms":"","video_object":"","demo_hide_cta":"0","demo_hide_cloud_options":"0","pricing_title":"","pricing":[{"pricing_icon":"platform","pricing_title":" Elfsight Apps","pricing_title_caption":"Soluci\u00f3n multiplataforma - valido para cualquier p\u00e1gina web","pricing_price":"desde $0 por mes","pricing_price_caption":"empezar con un plan gratuito","pricing_benefits":[{"text":"Sitios web ilimitados"},{"text":"Atenci\u00f3n al cliente gratuita y r\u00e1pida"},{"text":"Servicio de instalaci\u00f3n gratuito"},{"text":"Totalmente personalizable"}],"pricing_button_text":"Agregar al sitio web","pricing_button_url":"#demo","_state":"expanded"}],"related_apps_title":"","related_apps_hidden":"1","author":"","image":[],"title":"","job":"","social_networks":[]},"_links":{"self":[{"href":"https:\/\/elfsight.com\/es\/wp-json\/wp\/v2\/pages\/4260","targetHints":{"allow":["GET"]}}],"collection":[{"href":"https:\/\/elfsight.com\/es\/wp-json\/wp\/v2\/pages"}],"about":[{"href":"https:\/\/elfsight.com\/es\/wp-json\/wp\/v2\/types\/page"}],"author":[{"embeddable":true,"href":"https:\/\/elfsight.com\/es\/wp-json\/wp\/v2\/users\/18"}],"replies":[{"embeddable":true,"href":"https:\/\/elfsight.com\/es\/wp-json\/wp\/v2\/comments?post=4260"}],"version-history":[{"count":3,"href":"https:\/\/elfsight.com\/es\/wp-json\/wp\/v2\/pages\/4260\/revisions"}],"predecessor-version":[{"id":18138,"href":"https:\/\/elfsight.com\/es\/wp-json\/wp\/v2\/pages\/4260\/revisions\/18138"}],"up":[{"embeddable":true,"href":"https:\/\/elfsight.com\/es\/wp-json\/wp\/v2\/pages\/1469"}],"wp:attachment":[{"href":"https:\/\/elfsight.com\/es\/wp-json\/wp\/v2\/media?parent=4260"}],"curies":[{"name":"wp","href":"https:\/\/api.w.org\/{rel}","templated":true}]}}