{"id":4251,"date":"2022-02-11T11:37:38","date_gmt":"2022-02-11T11:37:38","guid":{"rendered":"https:\/\/elfsight.com\/es\/?page_id=4251"},"modified":"2025-02-06T15:20:30","modified_gmt":"2025-02-06T15:20:30","slug":"godaddy","status":"publish","type":"page","link":"https:\/\/elfsight.com\/es\/whatsapp-chat-widget\/godaddy\/","title":{"rendered":"WhatsApp Chat &#8211; GoDaddy"},"content":{"rendered":"<div class=\"application-platform-content-item-description application-platform-content-item\" id=\"description\" data-nav-section=\"description\"> <h2>Incrustar Chat de WhatsApp con el Widget de Elfsight<\/h2> <p>El Chat de WhatsApp de Elfsight es un plugin sencillo para que los clientes de tu sitio web en GoDaddy se mantengan conectados contigo y obtengan respuestas a sus preguntas y solicitudes. Est\u00e9 disponible en vivo para tus clientes en su mensajero favorito durante todo el d\u00eda. Configura el Chat de WhatsApp en tu sitio web y aparecer\u00e1 en p\u00e1ginas espec\u00edficas o para grupos espec\u00edficos de visitantes. Puedes establecer desencadenadores de inicio de chat, escribir tu mensaje de bienvenida \u00fanico, elegir \u00edconos y mucho m\u00e1s. Con el chat de WhatsApp incrustado en la p\u00e1gina web, permanecer\u00e1s conectado con tus visitantes en cualquier momento y desde cualquier lugar.<\/p> <p><b>\u00a1Aumenta las ventas asesorando a tus clientes sobre tus productos!<\/b><\/p> <\/div> <div class=\"application-platform-content-item-features application-platform-content-item\" id=\"features\" data-nav-section=\"features\"> <h2>Caracter\u00edsticas principales del Widget de Chat de WhatsApp<\/h2> <ul><li>Integra el mensajero de WhatsApp en tu p\u00e1gina web para mantenerte conectado con los clientes;<\/li><li>Responde a los mensajes directamente desde tu cuenta de WhatsApp;<\/li><li>Prueba 3 opciones de ubicaci\u00f3n del chat: burbuja flotante, burbuja incrustada y ventana de chat incrustada;<\/li><li>Usa una colecci\u00f3n de \u00edconos de burbujas para elegir;<\/li><li>Introduce tu propio texto en la burbuja de chat.<\/li><\/ul><p><a href=\"#demo\">Simplemente revisa esta demo para ver lo que vale el plugin<\/a><\/p> <\/div> <div class=\"application-platform-content-item-installation application-platform-content-item\" id=\"installation\" data-nav-section=\"installation\"> <h2>\u00bfC\u00f3mo puedo incrustar el Chat de WhatsApp en mi sitio web de GoDaddy?<\/h2> <p>Simplemente sigue las directrices a continuaci\u00f3n para insertar el plugin.<\/p> <ol><li><b>Usa nuestra demo gratuita y comienza a personalizar tu plugin.<\/b><br> Determina el aspecto y las especificaciones del plugin y guarda las modificaciones.<\/li><li><b>Copia tu c\u00f3digo personal que aparece en la ventana de Elfsight Apps.<\/b><br> Despu\u00e9s de personalizar tu plugin, copia el c\u00f3digo individual que aparece en el popup y gu\u00e1rdalo para su uso futuro.<\/li><li><b>Comienza a aplicar el plugin en la p\u00e1gina principal de GoDaddy.<\/b><br> Implementa el c\u00f3digo guardado en tu p\u00e1gina web y aplica los ajustes.<\/li><li><b>La instalaci\u00f3n est\u00e1 completamente terminada.<\/b><br> Ve a tu sitio para comprobar c\u00f3mo funciona el plugin.<\/li><\/ol> <div class=\"tip-yellow tip\"><b>Debido a las peculiaridades de la visualizaci\u00f3n de inserts personalizados con c\u00f3digo, las plantillas flotantes pueden verse diferentes de la demo en l\u00ednea. T\u00f3mate tu tiempo para probar tus widgets.<\/b><\/div><p>Si experimentas alguna dificultad, no dudes en escribir a nuestro servicio de atenci\u00f3n al cliente. Nuestro equipo estar\u00e1 encantado de resolver todas las preguntas que tengas sobre la herramienta.<\/p> <\/div><div class=\"faq\" data-component=\"FAQ\"><div class=\"faq-item\">\r\n\t\t\t\t\t<div class=\"faq-item-question\">\r\n\t\t\t\t\t\t<h3 class=\"faq-item-question-text\">\u00bfHay alguna forma de agregar el Chat de WhatsApp a mi p\u00e1gina web de GoDaddy sin necesidad de programar?<\/h3>\r\n\r\n\t\t\t\t\t\t<div class=\"faq-item-question-icon\"><\/div>\r\n\t\t\t\t\t<\/div>\r\n\r\n\t\t\t\t\t<div class=\"faq-item-answer\">\r\n\t\t\t\t\t\t<div class=\"faq-item-answer-text\"><p>La empresa Elfsight ofrece una soluci\u00f3n SaaS que permite a un p\u00fablico amplio generar un widget de Chat de WhatsApp por s\u00ed mismo, observa lo sencillo que es el proceso:<\/p><ul><li>Trabaja directamente en la Demo en vivo para crear el plugin de Chat de WhatsApp que deseas incrustar en tu p\u00e1gina principal de GoDaddy.<\/li><li>Elige una de las plantillas pre-dise\u00f1adas y cambia la configuraci\u00f3n del Chat de WhatsApp, incluye tu contenido, cambia el dise\u00f1o y los colores sin necesidad de habilidades de programaci\u00f3n.<\/li><li>Haz clic para guardar el Chat de WhatsApp y copia el c\u00f3digo de instalaci\u00f3n, que podr\u00e1s incluir f\u00e1cilmente en cualquier p\u00e1gina web de GoDaddy sin necesidad de suscripci\u00f3n de pago.<\/li><\/ul><p>Usando nuestro Configurador intuitivo, cualquier usuario de internet puede crear el plugin de Chat de WhatsApp en l\u00ednea y a\u00f1adirlo f\u00e1cilmente a su p\u00e1gina principal de GoDaddy. No es necesario obtener una suscripci\u00f3n de pago ni proporcionar tus credenciales de tarjeta para acceder al Editor. Si tienes alg\u00fan problema de cualquier tipo, no dudes en contactar con nuestro soporte t\u00e9cnico.<\/p><\/div>\r\n\t\t\t\t\t<\/div>\r\n\t\t\t\t<\/div><\/div>","protected":false},"excerpt":{"rendered":"","protected":false},"author":18,"featured_media":0,"parent":1506,"menu_order":0,"comment_status":"closed","ping_status":"closed","template":"templates\/template-application-platform.php","meta":{"publish_to_discourse":"","publish_post_category":"","wpdc_auto_publish_overridden":"","wpdc_topic_tags":"","wpdc_pin_topic":"","wpdc_pin_until":"","discourse_post_id":"","discourse_permalink":"","wpdc_publishing_response":"","wpdc_publishing_error":"","footnotes":""},"class_list":["post-4251","page","type-page","status-publish","hentry"],"yoast_head":"<!-- This site is optimized with the Yoast SEO plugin v25.3.1 - https:\/\/yoast.com\/wordpress\/plugins\/seo\/ -->\n<title>Chat de WhatsApp - Incrustar widget de Plugin de WhatsApp al GoDaddy<\/title>\n<meta name=\"description\" content=\"Incrusta un widget interactivo de Chat de WhatsApp en su sitio web de GoDaddy. Pruebe la demo de Elfsight f\u00e1cil de usar y genere su widget \u00fanico.\" \/>\n<meta name=\"robots\" content=\"index, follow, max-snippet:-1, max-image-preview:large, max-video-preview:-1\" \/>\n<link rel=\"canonical\" href=\"https:\/\/elfsight.com\/es\/whatsapp-chat-widget\/godaddy\/\" \/>\n<meta property=\"og:locale\" content=\"es_ES\" \/>\n<meta property=\"og:type\" content=\"article\" \/>\n<meta property=\"og:title\" content=\"Chat de WhatsApp - Incrustar widget de Plugin de WhatsApp al GoDaddy\" \/>\n<meta property=\"og:description\" content=\"Incrusta un widget interactivo de Chat de WhatsApp en su sitio web de GoDaddy. Pruebe la demo de Elfsight f\u00e1cil de usar y genere su widget \u00fanico.\" \/>\n<meta property=\"og:url\" content=\"https:\/\/elfsight.com\/es\/whatsapp-chat-widget\/godaddy\/\" \/>\n<meta property=\"og:site_name\" content=\"Elfsight ES\" \/>\n<meta property=\"article:modified_time\" content=\"2025-02-06T15:20:30+00:00\" \/>\n<meta name=\"twitter:card\" content=\"summary_large_image\" \/>\n<meta name=\"twitter:label1\" content=\"Tiempo de lectura\" \/>\n\t<meta name=\"twitter:data1\" content=\"2 minutos\" \/>\n<!-- \/ Yoast SEO plugin. -->","yoast_head_json":{"title":"Chat de WhatsApp - Incrustar widget de Plugin de WhatsApp al GoDaddy","description":"Incrusta un widget interactivo de Chat de WhatsApp en su sitio web de GoDaddy. Pruebe la demo de Elfsight f\u00e1cil de usar y genere su widget \u00fanico.","robots":{"index":"index","follow":"follow","max-snippet":"max-snippet:-1","max-image-preview":"max-image-preview:large","max-video-preview":"max-video-preview:-1"},"canonical":"https:\/\/elfsight.com\/es\/whatsapp-chat-widget\/godaddy\/","og_locale":"es_ES","og_type":"article","og_title":"Chat de WhatsApp - Incrustar widget de Plugin de WhatsApp al GoDaddy","og_description":"Incrusta un widget interactivo de Chat de WhatsApp en su sitio web de GoDaddy. Pruebe la demo de Elfsight f\u00e1cil de usar y genere su widget \u00fanico.","og_url":"https:\/\/elfsight.com\/es\/whatsapp-chat-widget\/godaddy\/","og_site_name":"Elfsight ES","article_modified_time":"2025-02-06T15:20:30+00:00","twitter_card":"summary_large_image","twitter_misc":{"Tiempo de lectura":"2 minutos"},"schema":{"@context":"https:\/\/schema.org","@graph":[{"@type":"WebPage","@id":"https:\/\/elfsight.com\/es\/whatsapp-chat-widget\/godaddy\/","url":"https:\/\/elfsight.com\/es\/whatsapp-chat-widget\/godaddy\/","name":"Chat de WhatsApp - Incrustar widget de Plugin de WhatsApp al GoDaddy","isPartOf":{"@id":"https:\/\/elfsight.com\/es\/#website"},"datePublished":"2022-02-11T11:37:38+00:00","dateModified":"2025-02-06T15:20:30+00:00","description":"Incrusta un widget interactivo de Chat de WhatsApp en su sitio web de GoDaddy. Pruebe la demo de Elfsight f\u00e1cil de usar y genere su widget \u00fanico.","breadcrumb":{"@id":"https:\/\/elfsight.com\/es\/whatsapp-chat-widget\/godaddy\/#breadcrumb"},"inLanguage":"es","potentialAction":[{"@type":"ReadAction","target":["https:\/\/elfsight.com\/es\/whatsapp-chat-widget\/godaddy\/"]}]},{"@type":"BreadcrumbList","@id":"https:\/\/elfsight.com\/es\/whatsapp-chat-widget\/godaddy\/#breadcrumb","itemListElement":[{"@type":"ListItem","position":1,"name":"Home","item":"https:\/\/elfsight.com\/es\/"},{"@type":"ListItem","position":2,"name":"WhatsApp Chat","item":"https:\/\/elfsight.com\/es\/whatsapp-chat-widget\/"},{"@type":"ListItem","position":3,"name":"WhatsApp Chat &#8211; GoDaddy"}]},{"@type":"WebSite","@id":"https:\/\/elfsight.com\/es\/#website","url":"https:\/\/elfsight.com\/es\/","name":"Elfsight ES","description":"Just another Elfsight Sites site","potentialAction":[{"@type":"SearchAction","target":{"@type":"EntryPoint","urlTemplate":"https:\/\/elfsight.com\/es\/?s={search_term_string}"},"query-input":{"@type":"PropertyValueSpecification","valueRequired":true,"valueName":"search_term_string"}}],"inLanguage":"es"}]}},"meta_box":{"industry":"","seo_heading":"","heading":"","description":"","cta_heading":"","cta_description":"","application":"1505","h1":"widget de Chat de WhatsApp para GoDaddy","h1_caption":"Brinde a los usuarios la oportunidad de comunicarse con usted por WhatsApp, garantizando la interacci\u00f3n m\u00e1s r\u00e1pida y conveniente para los visitantes de su sitio web en su sitio web GoDaddy sin esfuerzo.","application_category":[],"applications_title":"","applications_request_title":"","applications_request_button_text":"","hero_text":"","hero_video":"","hero_video_schema_markup":"","selling_points_title":"","selling_points_caption":"","selling_points":[],"selling_points_cta_text":"","features_title":"","features":"","ed_cta_examples_text":"","ed_cta_examples_hidden":"","ed_cta_demo_text":"","ed_cta_demo_hidden":"","why_caption":"","why_editor_title":"","why_editor_text":"","why_team_title":"","why_team_text":"","why_service_title":"","why_service_text":"","template_catalog_visible":"","template_catalog_title":"","template_catalog_text":"","template_catalog_categories_visible":"","demo_title":"Crea tu complemento de chat de WhatsApp","demo_caption":"\u00a1Configura tu chat de WhatsApp y agr\u00e9galo a tu sitio web de GoDaddy gratis!","default_faq_hidden":"","app_template_category":[],"platform":"2183","template_public_id":"","codecanyon_url":"","codecanyon_item_id":"","codecanyon_price":"","pricing_caption":"","pricing_elfsight_apps_hide_column":"","pricing_elfsight_apps_url":"","pricing_codecanyon_price_caption":"","integration_category":[],"integration_request_title":"","integration_request_cta":"","integration_platform":"","integrations":[],"platform_category":[],"video_schema_markup":"","price":"desde $0 por mes","trial":"","benefits":[{"text":"Instalaci\u00f3n gratuita"},{"text":"Soporte Premium"},{"text":"14 d\u00edas garant\u00eda de reembolso"},{"text":"Actualizaciones regulares"}],"button_url":"#demo","button_target_blank":"0","button_nofollow":"0","attributes":[{"name":"Responsivo","content":"Si","_state":"expanded"},{"name":"Navegadores compatibles","content":"Firefox, Safari, Opera, Chrome, Edge","_state":"expanded"}],"tags":[],"tags_disable_links":"0","hide_more_platforms":"","video_object":"","demo_hide_cta":"0","demo_hide_cloud_options":"0","pricing_title":"","pricing":[{"pricing_icon":"platform","pricing_title":" Elfsight Apps","pricing_title_caption":"Soluci\u00f3n multiplataforma - valido para cualquier p\u00e1gina web","pricing_price":"desde $0 por mes","pricing_price_caption":"empezar con un plan gratuito","pricing_benefits":[{"text":"Sitios web ilimitados"},{"text":"Atenci\u00f3n al cliente gratuita y r\u00e1pida"},{"text":"Servicio de instalaci\u00f3n gratuito"},{"text":"Totalmente personalizable"}],"pricing_button_text":"Agregar al sitio web","pricing_button_url":"#demo","_state":"expanded"}],"related_apps_title":"","related_apps_hidden":"1","author":"","image":[],"title":"","job":"","social_networks":[]},"_links":{"self":[{"href":"https:\/\/elfsight.com\/es\/wp-json\/wp\/v2\/pages\/4251","targetHints":{"allow":["GET"]}}],"collection":[{"href":"https:\/\/elfsight.com\/es\/wp-json\/wp\/v2\/pages"}],"about":[{"href":"https:\/\/elfsight.com\/es\/wp-json\/wp\/v2\/types\/page"}],"author":[{"embeddable":true,"href":"https:\/\/elfsight.com\/es\/wp-json\/wp\/v2\/users\/18"}],"replies":[{"embeddable":true,"href":"https:\/\/elfsight.com\/es\/wp-json\/wp\/v2\/comments?post=4251"}],"version-history":[{"count":3,"href":"https:\/\/elfsight.com\/es\/wp-json\/wp\/v2\/pages\/4251\/revisions"}],"predecessor-version":[{"id":18133,"href":"https:\/\/elfsight.com\/es\/wp-json\/wp\/v2\/pages\/4251\/revisions\/18133"}],"up":[{"embeddable":true,"href":"https:\/\/elfsight.com\/es\/wp-json\/wp\/v2\/pages\/1506"}],"wp:attachment":[{"href":"https:\/\/elfsight.com\/es\/wp-json\/wp\/v2\/media?parent=4251"}],"curies":[{"name":"wp","href":"https:\/\/api.w.org\/{rel}","templated":true}]}}