{"id":4249,"date":"2022-02-11T11:37:44","date_gmt":"2022-02-11T11:37:44","guid":{"rendered":"https:\/\/elfsight.com\/es\/?page_id=4249"},"modified":"2025-02-06T15:20:30","modified_gmt":"2025-02-06T15:20:30","slug":"facebook","status":"publish","type":"page","link":"https:\/\/elfsight.com\/es\/whatsapp-chat-widget\/facebook\/","title":{"rendered":"Whatsapp Chat &#8211; Facebook Page"},"content":{"rendered":"<div class=\"application-platform-content-item-description application-platform-content-item\" id=\"description\" data-nav-section=\"description\"><h2>Incrustar Chat de WhatsApp con el Widget de Elfsight<\/h2><p>El Chat de WhatsApp desarrollado por Elfsight es una herramienta r\u00e1pida y eficiente para que tus clientes se comuniquen contigo y reciban respuestas a sus preguntas y solicitudes. Ahora est\u00e1s disponible en vivo para tu gente en el mensajero m\u00e1s popular en todo momento. A\u00f1ade WhatsApp a tu p\u00e1gina de Facebook en segundos, selecciona los desencadenantes para iniciar el chat, muestra tu propio mensaje de bienvenida, configura \u00edconos y aplica otras personalizaciones. Con el widget de WhatsApp incrustado en la p\u00e1gina, estar\u00e1s disponible para tus clientes en todo momento y sin importar d\u00f3nde te encuentres.<\/p><p><b>\u00a1Mantente disponible en el mensajero m\u00e1s popular con el Chat en Vivo de Elfsight!<\/b><\/p><\/div> <div class=\"application-platform-content-item-features application-platform-content-item\" id=\"features\" data-nav-section=\"features\"><h2>Principales caracter\u00edsticas del Widget de Chat de WhatsApp<\/h2><p>Consulta todas las caracter\u00edsticas de nuestro widget. Est\u00e1n disponibles directamente en el editor y te ayudar\u00e1n a crear el widget exactamente seg\u00fan tus necesidades.<\/p><ul><li>Incorpora el mensajero de WhatsApp en tu p\u00e1gina de Facebook para mantenerte conectado con tus clientes;<\/li><li>Responde mensajes directamente desde tu cuenta de WhatsApp;<\/li><li>Usa 3 opciones de dise\u00f1o para el chat: como una burbuja flotante, burbuja incrustada y ventana de chat incrustada;<\/li><li>Selecciona el \u00edcono de burbuja de nuestra biblioteca de \u00edconos disponibles;<\/li><li>Edita el texto de la burbuja de chat.<\/li><p><a href=\"#demo\">Puedes probar todas las caracter\u00edsticas del widget directamente en la demo<\/a><\/p><\/ul><\/div> <div class=\"application-platform-content-item-installation application-platform-content-item\" id=\"installation\" data-nav-section=\"installation\"><h2>C\u00f3mo agregar el widget de Chat de WhatsApp a la P\u00e1gina de Facebook<\/h2><p>Para introducir el widget, simplemente sigue las instrucciones a continuaci\u00f3n<\/p><ul><li><b>Crea tu WhatsApp personal<\/b><br>Usando nuestra demo gratuita, personaliza el plugin ajustando la configuraci\u00f3n y a\u00f1adiendo tus credenciales.<\/li><li><b>Recibe el c\u00f3digo individual para instalar el plugin<\/b><br>Despu\u00e9s de configurar tu widget, recibir\u00e1s el c\u00f3digo de instalaci\u00f3n desde la notificaci\u00f3n emergente en Elfsight Apps. Copia el c\u00f3digo.<\/li><li><b>Agrega el widget a la p\u00e1gina de Facebook<\/b><br>Crea tu pesta\u00f1a personalizada de Facebook. Inserta el c\u00f3digo que recibiste en Elfsight Apps en la pesta\u00f1a. Si tienes alg\u00fan problema, consulta nuestra gu\u00eda sobre <a href=\"https:\/\/elfsight.com\/blog\/how-to-add-custom-tab-to-facebook-page\/\" target=\"_blank\" rel=\"noopener noreferrer\">c\u00f3mo crear una pesta\u00f1a personalizada de Facebook<\/a><\/li><li><b>\u00a1Listo!<\/b><br>Ve a tu p\u00e1gina de Facebook para comprobar tu trabajo.<\/li><\/ul><p>No dudes en comunicarte con el servicio de soporte de Elfsight si necesitas asesoramiento o tienes problemas. Estaremos encantados de ayudarte con cualquier solicitud.<\/p><\/div>","protected":false},"excerpt":{"rendered":"","protected":false},"author":18,"featured_media":0,"parent":1506,"menu_order":0,"comment_status":"closed","ping_status":"closed","template":"templates\/template-application-platform.php","meta":{"publish_to_discourse":"","publish_post_category":"","wpdc_auto_publish_overridden":"","wpdc_topic_tags":"","wpdc_pin_topic":"","wpdc_pin_until":"","discourse_post_id":"","discourse_permalink":"","wpdc_publishing_response":"","wpdc_publishing_error":"","footnotes":""},"class_list":["post-4249","page","type-page","status-publish","hentry"],"yoast_head":"<!-- This site is optimized with the Yoast SEO plugin v25.3.1 - https:\/\/yoast.com\/wordpress\/plugins\/seo\/ -->\n<title>Chat de WhatsApp - Insertar widget de Plugin de WhatsApp al Facebook Page<\/title>\n<meta name=\"description\" content=\"Instala un widget atractivo de Chat de WhatsApp en su sitio de Facebook Page. Aplique la demo de Elfsight intuitiva y cree su widget personalizado.\" \/>\n<meta name=\"robots\" content=\"index, follow, max-snippet:-1, max-image-preview:large, max-video-preview:-1\" \/>\n<link rel=\"canonical\" href=\"https:\/\/elfsight.com\/es\/whatsapp-chat-widget\/facebook\/\" \/>\n<meta property=\"og:locale\" content=\"es_ES\" \/>\n<meta property=\"og:type\" content=\"article\" \/>\n<meta property=\"og:title\" content=\"Chat de WhatsApp - Insertar widget de Plugin de WhatsApp al Facebook Page\" \/>\n<meta property=\"og:description\" content=\"Instala un widget atractivo de Chat de WhatsApp en su sitio de Facebook Page. Aplique la demo de Elfsight intuitiva y cree su widget personalizado.\" \/>\n<meta property=\"og:url\" content=\"https:\/\/elfsight.com\/es\/whatsapp-chat-widget\/facebook\/\" \/>\n<meta property=\"og:site_name\" content=\"Elfsight ES\" \/>\n<meta property=\"article:modified_time\" content=\"2025-02-06T15:20:30+00:00\" \/>\n<meta name=\"twitter:card\" content=\"summary_large_image\" \/>\n<meta name=\"twitter:label1\" content=\"Tiempo de lectura\" \/>\n\t<meta name=\"twitter:data1\" content=\"2 minutos\" \/>\n<!-- \/ Yoast SEO plugin. -->","yoast_head_json":{"title":"Chat de WhatsApp - Insertar widget de Plugin de WhatsApp al Facebook Page","description":"Instala un widget atractivo de Chat de WhatsApp en su sitio de Facebook Page. Aplique la demo de Elfsight intuitiva y cree su widget personalizado.","robots":{"index":"index","follow":"follow","max-snippet":"max-snippet:-1","max-image-preview":"max-image-preview:large","max-video-preview":"max-video-preview:-1"},"canonical":"https:\/\/elfsight.com\/es\/whatsapp-chat-widget\/facebook\/","og_locale":"es_ES","og_type":"article","og_title":"Chat de WhatsApp - Insertar widget de Plugin de WhatsApp al Facebook Page","og_description":"Instala un widget atractivo de Chat de WhatsApp en su sitio de Facebook Page. Aplique la demo de Elfsight intuitiva y cree su widget personalizado.","og_url":"https:\/\/elfsight.com\/es\/whatsapp-chat-widget\/facebook\/","og_site_name":"Elfsight ES","article_modified_time":"2025-02-06T15:20:30+00:00","twitter_card":"summary_large_image","twitter_misc":{"Tiempo de lectura":"2 minutos"},"schema":{"@context":"https:\/\/schema.org","@graph":[{"@type":"WebPage","@id":"https:\/\/elfsight.com\/es\/whatsapp-chat-widget\/facebook\/","url":"https:\/\/elfsight.com\/es\/whatsapp-chat-widget\/facebook\/","name":"Chat de WhatsApp - Insertar widget de Plugin de WhatsApp al Facebook Page","isPartOf":{"@id":"https:\/\/elfsight.com\/es\/#website"},"datePublished":"2022-02-11T11:37:44+00:00","dateModified":"2025-02-06T15:20:30+00:00","description":"Instala un widget atractivo de Chat de WhatsApp en su sitio de Facebook Page. Aplique la demo de Elfsight intuitiva y cree su widget personalizado.","breadcrumb":{"@id":"https:\/\/elfsight.com\/es\/whatsapp-chat-widget\/facebook\/#breadcrumb"},"inLanguage":"es","potentialAction":[{"@type":"ReadAction","target":["https:\/\/elfsight.com\/es\/whatsapp-chat-widget\/facebook\/"]}]},{"@type":"BreadcrumbList","@id":"https:\/\/elfsight.com\/es\/whatsapp-chat-widget\/facebook\/#breadcrumb","itemListElement":[{"@type":"ListItem","position":1,"name":"Home","item":"https:\/\/elfsight.com\/es\/"},{"@type":"ListItem","position":2,"name":"WhatsApp Chat","item":"https:\/\/elfsight.com\/es\/whatsapp-chat-widget\/"},{"@type":"ListItem","position":3,"name":"Whatsapp Chat &#8211; Facebook Page"}]},{"@type":"WebSite","@id":"https:\/\/elfsight.com\/es\/#website","url":"https:\/\/elfsight.com\/es\/","name":"Elfsight ES","description":"Just another Elfsight Sites site","potentialAction":[{"@type":"SearchAction","target":{"@type":"EntryPoint","urlTemplate":"https:\/\/elfsight.com\/es\/?s={search_term_string}"},"query-input":{"@type":"PropertyValueSpecification","valueRequired":true,"valueName":"search_term_string"}}],"inLanguage":"es"}]}},"meta_box":{"industry":"","seo_heading":"","heading":"","description":"","cta_heading":"","cta_description":"","application":"1505","h1":"Widget de Chat de WhatsApp para P\u00e1gina de Facebook","h1_caption":"Brinde a los usuarios la oportunidad de comunicarse con usted por WhatsApp, garantizando la interacci\u00f3n m\u00e1s r\u00e1pida y conveniente para los visitantes de su sitio web en su p\u00e1gina de Facebook sin esfuerzo.","application_category":[],"applications_title":"","applications_request_title":"","applications_request_button_text":"","hero_text":"","hero_video":"","hero_video_schema_markup":"","selling_points_title":"","selling_points_caption":"","selling_points":[],"selling_points_cta_text":"","features_title":"","features":"","ed_cta_examples_text":"","ed_cta_examples_hidden":"","ed_cta_demo_text":"","ed_cta_demo_hidden":"","why_caption":"","why_editor_title":"","why_editor_text":"","why_team_title":"","why_team_text":"","why_service_title":"","why_service_text":"","template_catalog_visible":"","template_catalog_title":"","template_catalog_text":"","template_catalog_categories_visible":"","demo_title":"Crea tu widget de Chat de Whatsapp","demo_caption":"\u00a1Configure su chat de Whatsapp y agr\u00e9guelo al sitio web de su p\u00e1gina de Facebook de forma gratuita!","default_faq_hidden":"","app_template_category":[],"platform":"64","template_public_id":"","codecanyon_url":"","codecanyon_item_id":"","codecanyon_price":"","pricing_caption":"","pricing_elfsight_apps_hide_column":"","pricing_elfsight_apps_url":"","pricing_codecanyon_price_caption":"","integration_category":[],"integration_request_title":"","integration_request_cta":"","integration_platform":"","integrations":[],"platform_category":[],"video_schema_markup":"","price":"desde $0 por mes","trial":"","benefits":[{"text":"Instalaci\u00f3n gratuita"},{"text":"Soporte Premium"},{"text":"14 d\u00edas garant\u00eda de reembolso"},{"text":"Actualizaciones regulares"}],"button_url":"#demo","button_target_blank":"0","button_nofollow":"0","attributes":[{"name":"Responsivo","content":"Si","_state":"expanded"},{"name":"Navegadores compatibles","content":"Firefox, Safari, Opera, Chrome, Edge","_state":"expanded"}],"tags":[],"tags_disable_links":"0","hide_more_platforms":"","video_object":"","demo_hide_cta":"0","demo_hide_cloud_options":"0","pricing_title":"","pricing":[{"pricing_icon":"platform","pricing_title":" Elfsight Apps","pricing_title_caption":"Soluci\u00f3n multiplataforma - valido para cualquier p\u00e1gina web","pricing_price":"desde $0 por mes","pricing_price_caption":"empezar con un plan gratuito","pricing_benefits":[{"text":"Sitios web ilimitados"},{"text":"Atenci\u00f3n al cliente gratuita y r\u00e1pida"},{"text":"Servicio de instalaci\u00f3n gratuito"},{"text":"Totalmente personalizable"}],"pricing_button_text":"Agregar al sitio web","pricing_button_url":"#demo","_state":"expanded"}],"related_apps_title":"","related_apps_hidden":"1","author":"","image":[],"title":"","job":"","social_networks":[]},"_links":{"self":[{"href":"https:\/\/elfsight.com\/es\/wp-json\/wp\/v2\/pages\/4249","targetHints":{"allow":["GET"]}}],"collection":[{"href":"https:\/\/elfsight.com\/es\/wp-json\/wp\/v2\/pages"}],"about":[{"href":"https:\/\/elfsight.com\/es\/wp-json\/wp\/v2\/types\/page"}],"author":[{"embeddable":true,"href":"https:\/\/elfsight.com\/es\/wp-json\/wp\/v2\/users\/18"}],"replies":[{"embeddable":true,"href":"https:\/\/elfsight.com\/es\/wp-json\/wp\/v2\/comments?post=4249"}],"version-history":[{"count":3,"href":"https:\/\/elfsight.com\/es\/wp-json\/wp\/v2\/pages\/4249\/revisions"}],"predecessor-version":[{"id":18132,"href":"https:\/\/elfsight.com\/es\/wp-json\/wp\/v2\/pages\/4249\/revisions\/18132"}],"up":[{"embeddable":true,"href":"https:\/\/elfsight.com\/es\/wp-json\/wp\/v2\/pages\/1506"}],"wp:attachment":[{"href":"https:\/\/elfsight.com\/es\/wp-json\/wp\/v2\/media?parent=4249"}],"curies":[{"name":"wp","href":"https:\/\/api.w.org\/{rel}","templated":true}]}}