{"id":4246,"date":"2022-02-11T11:37:51","date_gmt":"2022-02-11T11:37:51","guid":{"rendered":"https:\/\/elfsight.com\/es\/?page_id=4246"},"modified":"2025-12-01T09:38:13","modified_gmt":"2025-12-01T09:38:13","slug":"elementor","status":"publish","type":"page","link":"https:\/\/elfsight.com\/es\/whatsapp-chat-widget\/elementor\/","title":{"rendered":"Whatsapp Chat &#8211; Elementor"},"content":{"rendered":"<div class=\"application-platform-content-item-description application-platform-content-item\" id=\"description\" data-nav-section=\"description\"><h2>Incrusta el Chat de WhatsApp con el Widget de Elfsight<\/h2><p>El widget de chat creado por Elfsight es la forma m\u00e1s r\u00e1pida para que los visitantes de tu sitio web se comuniquen contigo y obtengan respuestas a sus preguntas. Ahora estar\u00e1s disponible en l\u00ednea para tu audiencia en el mensajero m\u00e1s c\u00f3modo durante todo el d\u00eda. Incrusta el widget de WhatsApp en tu p\u00e1gina web y haz que aparezca en p\u00e1ginas espec\u00edficas o para ciertos grupos de espectadores, selecciona los disparadores de inicio de chat, incluye tu mensaje de bienvenida personalizado, configura \u00edconos y aplica otras personalizaciones. Con Elfsight Live Chat en tu p\u00e1gina web, siempre estar\u00e1s al alcance de tus visitantes, sin importar tu ubicaci\u00f3n.<\/p><p>El chat de WhatsApp en Elementor puede ayudarte a mejorar el rendimiento general de tu empresa proporcionando un excelente soporte al cliente. Puedes incrustar el bot\u00f3n de WhatsApp en todas o en p\u00e1ginas espec\u00edficas de tu sitio web. Adem\u00e1s, tienes la opci\u00f3n de seleccionar audiencias espec\u00edficas que tendr\u00e1n acceso al bot\u00f3n de WhatsApp en Elementor. Al incluir esta opci\u00f3n en tu sitio web, har\u00e1s que el bot\u00f3n de WhatsApp funcione de manera efectiva. Es una soluci\u00f3n perfecta para cualquier tipo de asistencia, soporte al cliente, incorporaci\u00f3n y otras situaciones que puedan surgir tanto en negocios en l\u00ednea como fuera de l\u00ednea. Y el hecho de que utilices uno de los mensajeros m\u00e1s populares solo sumar\u00e1 puntos a tu favor.<\/p><p>Nuestro plugin de WhatsApp tambi\u00e9n es extremadamente f\u00e1cil de personalizar, de modo que se convertir\u00e1 en una parte inseparable de tu sitio web en Elementor. Todo lo que tienes que hacer es comenzar seleccionando el color adecuado que transformar\u00e1 por completo el aspecto de tu plugin de WhatsApp. Selecciona los mejores tonos para los cuatro elementos de la interfaz disponibles: el fondo de la burbuja de chat y el \u00edcono, el fondo del encabezado y el bot\u00f3n. Convierte tu plugin de chat en un complemento perfecto para el concepto de dise\u00f1o de tu sitio web y observa c\u00f3mo comienza a trabajar para tus objetivos empresariales y mejora todas las m\u00e9tricas importantes.<\/p><div class=\"faq\" data-component=\"FAQ\"><div class=\"faq-item\">\r\n\t\t\t\t\t<div class=\"faq-item-question\">\r\n\t\t\t\t\t\t<h3 class=\"faq-item-question-text\">\u00bfD\u00f3nde puedo mostrar el widget en mi sitio web?<\/h3>\r\n\r\n\t\t\t\t\t\t<div class=\"faq-item-question-icon\"><\/div>\r\n\t\t\t\t\t<\/div>\r\n\r\n\t\t\t\t\t<div class=\"faq-item-answer\">\r\n\t\t\t\t\t\t<div class=\"faq-item-answer-text\"><p>Puedes agregarlo en cada p\u00e1gina de tu sitio o solo en p\u00e1ginas espec\u00edficas. Tambi\u00e9n tienes la opci\u00f3n de restringirlo en p\u00e1ginas seleccionadas donde no quieras que aparezca el chat.<\/p><\/div>\r\n\t\t\t\t\t<\/div>\r\n\t\t\t\t<\/div><div class=\"faq-item\">\r\n\t\t\t\t\t<div class=\"faq-item-question\">\r\n\t\t\t\t\t\t<h3 class=\"faq-item-question-text\">\u00bfC\u00f3mo me beneficiar\u00e1 el widget?<\/h3>\r\n\r\n\t\t\t\t\t\t<div class=\"faq-item-question-icon\"><\/div>\r\n\t\t\t\t\t<\/div>\r\n\r\n\t\t\t\t\t<div class=\"faq-item-answer\">\r\n\t\t\t\t\t\t<div class=\"faq-item-answer-text\"><p>Este plugin ayudar\u00e1 a que m\u00e1s visitantes se comuniquen contigo con sus preguntas y solicitudes. Puede ayudar a aumentar la cantidad de clientes potenciales y ventas. Otro beneficio es que la respuesta r\u00e1pida y el enfoque personalizado elevar\u00e1n el nivel de tus relaciones con los clientes.<\/p><\/div>\r\n\t\t\t\t\t<\/div>\r\n\t\t\t\t<\/div><div class=\"faq-item\">\r\n\t\t\t\t\t<div class=\"faq-item-question\">\r\n\t\t\t\t\t\t<h3 class=\"faq-item-question-text\">\u00bfC\u00f3mo obtengo el Chat de WhatsApp?<\/h3>\r\n\r\n\t\t\t\t\t\t<div class=\"faq-item-question-icon\"><\/div>\r\n\t\t\t\t\t<\/div>\r\n\r\n\t\t\t\t\t<div class=\"faq-item-answer\">\r\n\t\t\t\t\t\t<div class=\"faq-item-answer-text\"><p>Solo toma un minuto comenzar a usar el widget. Agregarlo a tu sitio es muy r\u00e1pido, gratuito y sin necesidad de programaci\u00f3n.<\/p><p>El widget puede integrarse en tu sitio a trav\u00e9s de nuestro servicio o mediante el marketplace. Puedes consultar m\u00e1s informaci\u00f3n sobre ambas opciones y seleccionar la que prefieras.<\/p><\/div>\r\n\t\t\t\t\t<\/div>\r\n\t\t\t\t<\/div><\/div><\/div><div class=\"application-platform-content-item-features application-platform-content-item\" id=\"features\" data-nav-section=\"features\"><h2>Caracter\u00edsticas principales del Plugin de Chat de WhatsApp<\/h2><p>Para entender mejor el widget de WhatsApp, revisa la lista de sus principales funciones. Hacen que este widget sea realmente efectivo para ti:<\/p><ul><li>A\u00f1ade WhatsApp Messenger a tu sitio para establecer comunicaci\u00f3n con los visitantes;<\/li><li>Env\u00eda mensajes directamente desde tu cuenta de WhatsApp;<\/li><li>Tres opciones de posici\u00f3n de chat: burbuja incrustada, burbuja flotante y ventana de chat incrustada;<\/li><li>Selecciona tu \u00edcono de burbuja en la colecci\u00f3n de \u00edconos disponibles;<\/li><li>Texto de burbuja editable.<\/li><\/ul><p><a href=\"#demo\">La demo en vivo te mostrar\u00e1 todas las caracter\u00edsticas del widget<\/a><\/p><\/div><div class=\"application-platform-content-item-installation application-platform-content-item\" id=\"installation\" data-nav-section=\"installation\"><h2>Aqu\u00ed tienes c\u00f3mo a\u00f1adir el Chat de WhatsApp a tu sitio web en Elementor<\/h2><div class=\"video-container\">\n<iframe width=\"720\" height=\"405\" src=\"https:\/\/www.youtube.com\/embed\/mjhWt6Hk1sk?si=BSBZcmbPz6_dfENj\" frameborder=\"0\" allowfullscreen=\"\"><\/iframe>\n<\/div><p>Los siguientes pasos son lo \u00fanico que necesitas hacer para activar el producto:<\/p><ul><li><b>Crea tu widget de WhatsApp personalizado<\/b><br>Con la ayuda de nuestra demo gratuita, crea un plugin con el dise\u00f1o y las capacidades que prefieras.<\/li><li><b>Obt\u00e9n un c\u00f3digo para integrar el plugin<\/b><br>Despu\u00e9s de configurar el widget, obt\u00e9n un c\u00f3digo para el widget de Chat en Vivo desde la ventana emergente en Elfsight Apps.<\/li><li><b>Incrusta el plugin en tu sitio web<\/b><br>A\u00f1ade el plugin en el lugar necesario de la p\u00e1gina y aplica los cambios.<\/li><li><b>La instalaci\u00f3n se ha realizado con \u00e9xito<\/b><br>Accede a tu sitio en Elementor para ver tu trabajo.<\/li><\/ul><p>\u00bfA\u00fan no te has decidido? \u00bfO encontraste alg\u00fan inconveniente? Simplemente env\u00eda una solicitud a nuestro equipo de soporte, resolveremos cualquier problema.<\/p><\/div><div class=\"faq\" data-component=\"FAQ\"><div class=\"faq-item\">\r\n\t\t\t\t\t<div class=\"faq-item-question\">\r\n\t\t\t\t\t\t<h3 class=\"faq-item-question-text\">\u00bfC\u00f3mo incrustar el Chat de WhatsApp en mi p\u00e1gina de Elementor sin necesidad de programar?<\/h3>\r\n\r\n\t\t\t\t\t\t<div class=\"faq-item-question-icon\"><\/div>\r\n\t\t\t\t\t<\/div>\r\n\r\n\t\t\t\t\t<div class=\"faq-item-answer\">\r\n\t\t\t\t\t\t<div class=\"faq-item-answer-text\"><p>Elfsight ofrece una soluci\u00f3n en la nube que permite a las personas crear una secci\u00f3n de Chat de WhatsApp por s\u00ed mismas. Aqu\u00ed te explicamos c\u00f3mo:<\/p><ul><li>Ve al Editor en l\u00ednea para crear un widget de Chat de WhatsApp que te gustar\u00eda ver en tu sitio de Elementor.<\/li><li>Elige una de las muchas plantillas predefinidas y ajusta la configuraci\u00f3n del Chat de WhatsApp, cambia el dise\u00f1o y los colores, e incluye tu contenido sin necesidad de programar.<\/li><li>Guarda los ajustes que has hecho en el Chat de WhatsApp y obt\u00e9n el c\u00f3digo de instalaci\u00f3n del widget, que se puede incluir f\u00e1cilmente en el sitio de Elementor dentro de un plan gratuito.<\/li><\/ul><p>Trabajando en el Editor f\u00e1cil de usar, cualquier usuario puede crear el Chat de WhatsApp e incluirlo f\u00e1cilmente en su sitio web de Elementor. No es necesario pagar ni ingresar los datos de tu tarjeta para utilizar nuestro servicio. Si encuentras alg\u00fan problema en cualquier paso, no dudes en contactar a nuestro equipo de soporte.<\/p><\/div>\r\n\t\t\t\t\t<\/div>\r\n\t\t\t\t<\/div><\/div>","protected":false},"excerpt":{"rendered":"","protected":false},"author":18,"featured_media":0,"parent":1506,"menu_order":0,"comment_status":"closed","ping_status":"closed","template":"templates\/template-application-platform.php","meta":{"publish_to_discourse":"","publish_post_category":"","wpdc_auto_publish_overridden":"","wpdc_topic_tags":"","wpdc_pin_topic":"","wpdc_pin_until":"","discourse_post_id":"","discourse_permalink":"","wpdc_publishing_response":"","wpdc_publishing_error":"","footnotes":""},"class_list":["post-4246","page","type-page","status-publish","hentry"],"yoast_head":"<!-- This site is optimized with the Yoast SEO plugin v25.3.1 - https:\/\/yoast.com\/wordpress\/plugins\/seo\/ -->\n<title>Chat de WhatsApp - Embeber plugin de Plugin de WhatsApp al Elementor<\/title>\n<meta name=\"description\" content=\"Instala un widget hermoso de Chat de WhatsApp en su p\u00e1gina web de Elementor. Lance la demo de Elfsight f\u00e1cil de usar y genere su plugin propio.\" \/>\n<meta name=\"robots\" content=\"index, follow, max-snippet:-1, max-image-preview:large, max-video-preview:-1\" \/>\n<link rel=\"canonical\" href=\"https:\/\/elfsight.com\/es\/whatsapp-chat-widget\/elementor\/\" \/>\n<meta property=\"og:locale\" content=\"es_ES\" \/>\n<meta property=\"og:type\" content=\"article\" \/>\n<meta property=\"og:title\" content=\"Chat de WhatsApp - Embeber plugin de Plugin de WhatsApp al Elementor\" \/>\n<meta property=\"og:description\" content=\"Instala un widget hermoso de Chat de WhatsApp en su p\u00e1gina web de Elementor. Lance la demo de Elfsight f\u00e1cil de usar y genere su plugin propio.\" \/>\n<meta property=\"og:url\" content=\"https:\/\/elfsight.com\/es\/whatsapp-chat-widget\/elementor\/\" \/>\n<meta property=\"og:site_name\" content=\"Elfsight ES\" \/>\n<meta property=\"article:modified_time\" content=\"2025-12-01T09:38:13+00:00\" \/>\n<meta name=\"twitter:card\" content=\"summary_large_image\" \/>\n<meta name=\"twitter:label1\" content=\"Tiempo de lectura\" \/>\n\t<meta name=\"twitter:data1\" content=\"5 minutos\" \/>\n<!-- \/ Yoast SEO plugin. -->","yoast_head_json":{"title":"Chat de WhatsApp - Embeber plugin de Plugin de WhatsApp al Elementor","description":"Instala un widget hermoso de Chat de WhatsApp en su p\u00e1gina web de Elementor. Lance la demo de Elfsight f\u00e1cil de usar y genere su plugin propio.","robots":{"index":"index","follow":"follow","max-snippet":"max-snippet:-1","max-image-preview":"max-image-preview:large","max-video-preview":"max-video-preview:-1"},"canonical":"https:\/\/elfsight.com\/es\/whatsapp-chat-widget\/elementor\/","og_locale":"es_ES","og_type":"article","og_title":"Chat de WhatsApp - Embeber plugin de Plugin de WhatsApp al Elementor","og_description":"Instala un widget hermoso de Chat de WhatsApp en su p\u00e1gina web de Elementor. Lance la demo de Elfsight f\u00e1cil de usar y genere su plugin propio.","og_url":"https:\/\/elfsight.com\/es\/whatsapp-chat-widget\/elementor\/","og_site_name":"Elfsight ES","article_modified_time":"2025-12-01T09:38:13+00:00","twitter_card":"summary_large_image","twitter_misc":{"Tiempo de lectura":"5 minutos"},"schema":{"@context":"https:\/\/schema.org","@graph":[{"@type":"WebPage","@id":"https:\/\/elfsight.com\/es\/whatsapp-chat-widget\/elementor\/","url":"https:\/\/elfsight.com\/es\/whatsapp-chat-widget\/elementor\/","name":"Chat de WhatsApp - Embeber plugin de Plugin de WhatsApp al Elementor","isPartOf":{"@id":"https:\/\/elfsight.com\/es\/#website"},"datePublished":"2022-02-11T11:37:51+00:00","dateModified":"2025-12-01T09:38:13+00:00","description":"Instala un widget hermoso de Chat de WhatsApp en su p\u00e1gina web de Elementor. Lance la demo de Elfsight f\u00e1cil de usar y genere su plugin propio.","breadcrumb":{"@id":"https:\/\/elfsight.com\/es\/whatsapp-chat-widget\/elementor\/#breadcrumb"},"inLanguage":"es","potentialAction":[{"@type":"ReadAction","target":["https:\/\/elfsight.com\/es\/whatsapp-chat-widget\/elementor\/"]}]},{"@type":"BreadcrumbList","@id":"https:\/\/elfsight.com\/es\/whatsapp-chat-widget\/elementor\/#breadcrumb","itemListElement":[{"@type":"ListItem","position":1,"name":"Home","item":"https:\/\/elfsight.com\/es\/"},{"@type":"ListItem","position":2,"name":"WhatsApp Chat","item":"https:\/\/elfsight.com\/es\/whatsapp-chat-widget\/"},{"@type":"ListItem","position":3,"name":"Whatsapp Chat &#8211; Elementor"}]},{"@type":"WebSite","@id":"https:\/\/elfsight.com\/es\/#website","url":"https:\/\/elfsight.com\/es\/","name":"Elfsight ES","description":"Just another Elfsight Sites site","potentialAction":[{"@type":"SearchAction","target":{"@type":"EntryPoint","urlTemplate":"https:\/\/elfsight.com\/es\/?s={search_term_string}"},"query-input":{"@type":"PropertyValueSpecification","valueRequired":true,"valueName":"search_term_string"}}],"inLanguage":"es"}]}},"meta_box":{"industry":"","seo_heading":"","heading":"","description":"","cta_heading":"","cta_description":"","application":"1505","h1":"complemento de Chat de WhatsApp para Elementor","h1_caption":"Brinde a los usuarios la oportunidad de comunicarse con usted por WhatsApp, garantizando la interacci\u00f3n m\u00e1s r\u00e1pida y conveniente para los visitantes de su sitio web en su sitio web Elementor sin esfuerzo.","application_category":[],"applications_title":"","applications_request_title":"","applications_request_button_text":"","hero_text":"","hero_video":"","hero_video_schema_markup":"","selling_points_title":"","selling_points_caption":"","selling_points":[],"selling_points_cta_text":"","features_title":"","features":"","ed_cta_examples_text":"","ed_cta_examples_hidden":"","ed_cta_demo_text":"","ed_cta_demo_hidden":"","why_caption":"","why_editor_title":"","why_editor_text":"","why_team_title":"","why_team_text":"","why_service_title":"","why_service_text":"","template_catalog_visible":"0","template_catalog_title":"","template_catalog_text":"","template_catalog_categories_visible":"","demo_title":"Crea tu widget de Chat de Whatsapp","demo_caption":"\u00a1Configura tu chat de Whatsapp y agr\u00e9galo a tu sitio web de Elementor gratis!","default_faq_hidden":"","app_template_category":[],"platform":"58","template_public_id":"","codecanyon_url":"","codecanyon_item_id":"","codecanyon_price":"","pricing_caption":"","pricing_elfsight_apps_hide_column":"","pricing_elfsight_apps_url":"","pricing_codecanyon_price_caption":"","integration_category":[],"integration_request_title":"","integration_request_cta":"","integration_platform":"","integrations":[],"platform_category":[],"video_schema_markup":"","price":"desde $0 por mes","trial":"","benefits":[{"text":"Instalaci\u00f3n gratuita"},{"text":"Soporte Premium"},{"text":"14 d\u00edas garant\u00eda de reembolso"},{"text":"Actualizaciones regulares"}],"button_url":"#demo","button_target_blank":"0","button_nofollow":"0","attributes":[{"name":"Responsivo","content":"Si","_state":"expanded"},{"name":"Navegadores compatibles","content":"Firefox, Safari, Opera, Chrome, Edge","_state":"expanded"}],"tags":[],"tags_disable_links":"0","hide_more_platforms":"0","video_object":"","demo_hide_cta":"0","demo_hide_cloud_options":"0","pricing_title":"","pricing":[{"pricing_icon":"platform","pricing_title":" Elfsight Apps","pricing_title_caption":"Soluci\u00f3n multiplataforma - valido para cualquier p\u00e1gina web","pricing_price":"desde $0 por mes","pricing_price_caption":"empezar con un plan gratuito","pricing_benefits":[{"text":"Sitios web ilimitados"},{"text":"Atenci\u00f3n al cliente gratuita y r\u00e1pida"},{"text":"Servicio de instalaci\u00f3n gratuito"},{"text":"Totalmente personalizable"}],"pricing_button_text":"Agregar al sitio web","pricing_button_url":"#demo","_state":"expanded"}],"related_apps_title":"","related_apps_hidden":"1","author":"","image":[],"title":"","job":"","social_networks":[]},"_links":{"self":[{"href":"https:\/\/elfsight.com\/es\/wp-json\/wp\/v2\/pages\/4246","targetHints":{"allow":["GET"]}}],"collection":[{"href":"https:\/\/elfsight.com\/es\/wp-json\/wp\/v2\/pages"}],"about":[{"href":"https:\/\/elfsight.com\/es\/wp-json\/wp\/v2\/types\/page"}],"author":[{"embeddable":true,"href":"https:\/\/elfsight.com\/es\/wp-json\/wp\/v2\/users\/18"}],"replies":[{"embeddable":true,"href":"https:\/\/elfsight.com\/es\/wp-json\/wp\/v2\/comments?post=4246"}],"version-history":[{"count":4,"href":"https:\/\/elfsight.com\/es\/wp-json\/wp\/v2\/pages\/4246\/revisions"}],"predecessor-version":[{"id":19998,"href":"https:\/\/elfsight.com\/es\/wp-json\/wp\/v2\/pages\/4246\/revisions\/19998"}],"up":[{"embeddable":true,"href":"https:\/\/elfsight.com\/es\/wp-json\/wp\/v2\/pages\/1506"}],"wp:attachment":[{"href":"https:\/\/elfsight.com\/es\/wp-json\/wp\/v2\/media?parent=4246"}],"curies":[{"name":"wp","href":"https:\/\/api.w.org\/{rel}","templated":true}]}}