{"id":4243,"date":"2022-02-11T11:37:57","date_gmt":"2022-02-11T11:37:57","guid":{"rendered":"https:\/\/elfsight.com\/es\/?page_id=4243"},"modified":"2025-02-06T15:20:22","modified_gmt":"2025-02-06T15:20:22","slug":"drupal","status":"publish","type":"page","link":"https:\/\/elfsight.com\/es\/whatsapp-chat-widget\/drupal\/","title":{"rendered":"Whatsapp Chat &#8211; Drupal"},"content":{"rendered":"<div class=\"application-platform-content-item-description application-platform-content-item\" id=\"description\" data-nav-section=\"description\"> <h2>Integrar el chat de WhatsApp con el widget de Elfsight<\/h2> <p>El m\u00f3dulo de WhatsApp de Elfsight es una herramienta sencilla para que las personas de tu sitio web se comuniquen contigo y obtengan respuestas a sus preguntas. Ahora puedes estar disponible en l\u00ednea para los visitantes en su mensajero preferido en todo momento. Inserta el chat en tu tienda y puede aparecer en las p\u00e1ginas m\u00e1s importantes o para tipos seleccionados de usuarios, elige los disparadores para iniciar el chat, env\u00eda tu mensaje de bienvenida \u00fanico, selecciona los \u00edconos y aplica otras personalizaciones. Al tener el chat en vivo de WhatsApp en tu sitio web, estar\u00e1s en contacto con tu audiencia en cualquier momento y sin importar d\u00f3nde te encuentres. <\/p><p>El chat de WhatsApp para Drupal puede ayudarte a mejorar las posibilidades de tu negocio al brindarte un soporte al cliente impecable. Puedes agregar esta herramienta a todas o a p\u00e1ginas seleccionadas de tu sitio web. Adem\u00e1s, existe la opci\u00f3n de elegir las audiencias que ver\u00e1n tu chat de WhatsApp en las p\u00e1ginas de tu sitio Drupal. Esta caracter\u00edstica puede ayudarte a mantenerte en contacto con las personas sin molestarlas con mensajes constantes. El chat de WhatsApp para Drupal es una herramienta perfecta para cualquier tipo de ayuda, soporte, incorporaci\u00f3n y otros servicios necesarios para tu negocio en l\u00ednea y fuera de l\u00ednea. Ofrece el mejor servicio al cliente a tu audiencia con la ayuda de un mensajero popular y conocido.<\/p> <div class=\"faq\" data-component=\"FAQ\"><div class=\"faq-item\">\r\n\t\t\t\t\t<div class=\"faq-item-question\">\r\n\t\t\t\t\t\t<h3 class=\"faq-item-question-text\">\u00bfC\u00f3mo agregar el cuadro de chat de WhatsApp a una p\u00e1gina de Drupal?<\/h3>\r\n\r\n\t\t\t\t\t\t<div class=\"faq-item-question-icon\"><\/div>\r\n\t\t\t\t\t<\/div>\r\n\r\n\t\t\t\t\t<div class=\"faq-item-answer\">\r\n\t\t\t\t\t\t<div class=\"faq-item-answer-text\"><p>Agregarlo al sitio solo tomar\u00e1 unos momentos. Adem\u00e1s, no necesitas tener habilidades de programaci\u00f3n.<\/p><ol><li>Personaliza el m\u00f3dulo de WhatsApp Chat para Drupal en el configurador en vivo gratuito.<\/li>  <li>Haz clic en el c\u00f3digo para obtenerlo.<\/li>  <li>Incrusta el c\u00f3digo en el lugar necesario en la plantilla del sitio.<\/li>  <li>\u00a1Excelente trabajo! \u00a1La configuraci\u00f3n del m\u00f3dulo de WhatsApp Chat en Drupal est\u00e1 lista!<\/li><\/ol><p>\u00bfTienes problemas para instalar el plugin en Drupal o configurar tu chat de WhatsApp? Puedes ver la gu\u00eda completa <a href=\"https:\/\/elfsight.com\/tutorials\/how-to-add-whatsapp-chat-widget-to-website\/#how-to-add-whatsapp-to-drupal\">en esta p\u00e1gina<\/a>. <\/p><\/div>\r\n\t\t\t\t\t<\/div>\r\n\t\t\t\t<\/div><div class=\"faq-item\">\r\n\t\t\t\t\t<div class=\"faq-item-question\">\r\n\t\t\t\t\t\t<h3 class=\"faq-item-question-text\">\u00bfHay alguna opci\u00f3n para ver c\u00f3mo se ver\u00e1 el widget en mi sitio web?<\/h3>\r\n\r\n\t\t\t\t\t\t<div class=\"faq-item-question-icon\"><\/div>\r\n\t\t\t\t\t<\/div>\r\n\r\n\t\t\t\t\t<div class=\"faq-item-answer\">\r\n\t\t\t\t\t\t<div class=\"faq-item-answer-text\"><p>\u00a1Absolutamente! Mientras creas el m\u00f3dulo de chat de WhatsApp para Drupal <a href=\"https:\/\/elfsight.com\/whatsapp-chat-widget\/#demo\">en el editor en vivo gratuito<\/a>, ver\u00e1s todas las configuraciones en la derecha. El cuadro de chat se ver\u00e1 exactamente igual a como lo tendr\u00e1s en tu sitio Drupal.<\/p><\/div>\r\n\t\t\t\t\t<\/div>\r\n\t\t\t\t<\/div><div class=\"faq-item\">\r\n\t\t\t\t\t<div class=\"faq-item-question\">\r\n\t\t\t\t\t\t<h3 class=\"faq-item-question-text\">\u00bfQu\u00e9 m\u00f3dulos generales son necesarios para un sitio Drupal?<\/h3>\r\n\r\n\t\t\t\t\t\t<div class=\"faq-item-question-icon\"><\/div>\r\n\t\t\t\t\t<\/div>\r\n\r\n\t\t\t\t\t<div class=\"faq-item-answer\">\r\n\t\t\t\t\t\t<div class=\"faq-item-answer-text\"><p>Los sitios Drupal son excelentes para ser reforzados por numerosos m\u00f3dulos ofrecidos por Elfsight. Por ejemplo, puedes elegir <a href=\"https:\/\/elfsight.com\/whatsapp-chat-widget\/drupal\/\">WhatsApp Chat<\/a> y <a href=\"https:\/\/elfsight.com\/online-form-builder\/drupal\/\">Form Builder<\/a> para recopilar comentarios de tus clientes. <a href=\"https:\/\/elfsight.com\/pdf-embed-widget\/drupal\/\">PDF Embed<\/a>, <a href=\"https:\/\/elfsight.com\/instagram-feed-instashow\/drupal\/\">Instagram Feed<\/a> y <a href=\"https:\/\/elfsight.com\/event-calendar-widget\/drupal\/\">Event Calendar<\/a> est\u00e1n disponibles para ayudarte a ampliar tu contenido y hacerlo m\u00e1s diverso.<\/p><\/div>\r\n\t\t\t\t\t<\/div>\r\n\t\t\t\t<\/div><div class=\"faq-item\">\r\n\t\t\t\t\t<div class=\"faq-item-question\">\r\n\t\t\t\t\t\t<h3 class=\"faq-item-question-text\">Los mejores ejemplos de uso de la integraci\u00f3n de WhatsApp Live Chat<\/h3>\r\n\r\n\t\t\t\t\t\t<div class=\"faq-item-question-icon\"><\/div>\r\n\t\t\t\t\t<\/div>\r\n\r\n\t\t\t\t\t<div class=\"faq-item-answer\">\r\n\t\t\t\t\t\t<div class=\"faq-item-answer-text\"><p>Ofrecemos una gran variedad de opciones de ajuste: widgets de tama\u00f1o completo para incrustar en el \u00e1rea de contenido, widgets flotantes con opciones de desplazamiento, dise\u00f1os para el pie de p\u00e1gina, encabezado y todo tipo de posibilidades verticales para las barras laterales y men\u00fas del sitio web. <\/p><\/div>\r\n\t\t\t\t\t<\/div>\r\n\t\t\t\t<\/div><div class=\"faq-item\">\r\n\t\t\t\t\t<div class=\"faq-item-question\">\r\n\t\t\t\t\t\t<h3 class=\"faq-item-question-text\">\u00bfC\u00f3mo crear un chat de soporte o ventas de WhatsApp con la ayuda del editor? <\/h3>\r\n\r\n\t\t\t\t\t\t<div class=\"faq-item-question-icon\"><\/div>\r\n\t\t\t\t\t<\/div>\r\n\r\n\t\t\t\t\t<div class=\"faq-item-answer\">\r\n\t\t\t\t\t\t<div class=\"faq-item-answer-text\"><p>Puedes crear variaciones de cualquier widget. Hay muchas opciones de dise\u00f1o aplicables en el editor, y todas ellas pueden personalizarse f\u00e1cilmente como necesites. <\/p><\/div>\r\n\t\t\t\t\t<\/div>\r\n\t\t\t\t<\/div><\/div><\/div> <div class=\"application-platform-content-item-features application-platform-content-item\" id=\"features\" data-nav-section=\"features\"> <h2>Principales caracter\u00edsticas del widget de Chat de WhatsApp<\/h2> <p>Para obtener una idea completa del chat en vivo, examina la lista de sus principales funciones. Estas hacen que el widget sea incre\u00edblemente efectivo para tu negocio: <\/p> <ul><li>Configura el mensajero de WhatsApp en tu sitio web para establecer comunicaci\u00f3n con los visitantes; <\/li><li>Proporciona respuestas directamente desde tu cuenta de WhatsApp; <\/li><li>Usa tres opciones de dise\u00f1o del m\u00f3dulo: burbuja flotante, burbuja incrustada y ventana de chat incrustada; <\/li><li>Elige tu variante de \u00edcono de burbuja de la biblioteca de \u00edconos disponibles; <\/li><li>Introduce tu texto personalizado en la burbuja del chat. <\/li><\/ul><p><a href=\"#demo\">Consulta una lista completa de funciones del widget en nuestra demo en vivo<\/a><\/p> <\/div> <div class=\"application-platform-content-item-installation application-platform-content-item\" id=\"installation\" data-nav-section=\"installation\"> <h2>C\u00f3mo agregar el m\u00f3dulo de WhatsApp Live Chat a tu sitio Drupal<\/h2><div class=\"video-container\"><iframe width=\"720\" height=\"405\" src=\"https:\/\/www.youtube.com\/embed\/u3RYBCjBWJQ\" frameborder=\"0\" allowfullscreen=\"\"><\/iframe><\/div><p>Simplemente sigue las instrucciones a continuaci\u00f3n para integrar el m\u00f3dulo en Drupal.<\/p> <ol><li><b>Lanza nuestro editor gratuito y comienza a crear tu m\u00f3dulo personalizado.<\/b><br> Encuentra el dise\u00f1o y las caracter\u00edsticas preferidas del m\u00f3dulo de WhatsApp Chat y aplica las modificaciones.<\/li>  <li><b>Obt\u00e9n tu c\u00f3digo personal que aparece en la caja de Elfsight Apps.<\/b><br> Cuando termines de configurar tu herramienta, copia el c\u00f3digo individual de la caja emergente y gu\u00e1rdalo para su uso posterior.<\/li>  <li><b>Comienza a usar el m\u00f3dulo en tu sitio Drupal.<\/b><br> Inserta el c\u00f3digo guardado previamente en tu p\u00e1gina y guarda los cambios.<\/li>  <li><b>La configuraci\u00f3n est\u00e1 completamente terminada.<\/b><br> Visita tu sitio web para ver c\u00f3mo funciona el m\u00f3dulo.<\/li><\/ol><p>\u00bfA\u00fan no puedes tomar una decisi\u00f3n? \u00bfO tienes problemas? Simplemente env\u00eda una solicitud a nuestro equipo de soporte y te ayudaremos con cualquier inconveniente. <\/p> <\/div><div class=\"faq\" data-component=\"FAQ\"><div class=\"faq-item\">\r\n\t\t\t\t\t<div class=\"faq-item-question\">\r\n\t\t\t\t\t\t<h3 class=\"faq-item-question-text\">\u00bfHay una opci\u00f3n para integrar WhatsApp Chat en mi sitio Drupal sin habilidades de programaci\u00f3n?<\/h3>\r\n\r\n\t\t\t\t\t\t<div class=\"faq-item-question-icon\"><\/div>\r\n\t\t\t\t\t<\/div>\r\n\r\n\t\t\t\t\t<div class=\"faq-item-answer\">\r\n\t\t\t\t\t\t<div class=\"faq-item-answer-text\"><p>La empresa Elfsight ofrece una soluci\u00f3n que permite a los usuarios crear un plugin de WhatsApp Chat por s\u00ed mismos, descubre los pasos sencillos: <\/p><ul><li>Ve a la demo en vivo para crear la secci\u00f3n de WhatsApp Chat que te gustar\u00eda agregar en tu sitio Drupal.<\/li><li>Elige una de las plantillas listas para usar y modifica la configuraci\u00f3n de WhatsApp Chat, cambia el dise\u00f1o y el esquema de colores, agrega tu contenido sin conocimientos de programaci\u00f3n.<\/li><li>Guarda el WhatsApp Chat y obt\u00e9n el c\u00f3digo de instalaci\u00f3n, que puede agregarse f\u00e1cilmente en tu p\u00e1gina de Drupal sin necesidad de comprar una versi\u00f3n de pago.<\/li><\/ul><p>Con la ayuda del configurador sencillo, cualquier usuario web puede generar el widget de WhatsApp Chat y agregarlo f\u00e1cilmente a la p\u00e1gina de inicio de Drupal. No es necesario pagar ni divulgar los datos de tu tarjeta para acceder al Editor de Elfsight. Si encuentras alg\u00fan obst\u00e1culo, por favor, contacta con nuestro equipo de soporte.<\/p><\/div>\r\n\t\t\t\t\t<\/div>\r\n\t\t\t\t<\/div><\/div>","protected":false},"excerpt":{"rendered":"","protected":false},"author":18,"featured_media":0,"parent":1506,"menu_order":0,"comment_status":"closed","ping_status":"closed","template":"templates\/template-application-platform.php","meta":{"publish_to_discourse":"","publish_post_category":"","wpdc_auto_publish_overridden":"","wpdc_topic_tags":"","wpdc_pin_topic":"","wpdc_pin_until":"","discourse_post_id":"","discourse_permalink":"","wpdc_publishing_response":"","wpdc_publishing_error":"","footnotes":""},"class_list":["post-4243","page","type-page","status-publish","hentry"],"yoast_head":"<!-- This site is optimized with the Yoast SEO plugin v25.3.1 - https:\/\/yoast.com\/wordpress\/plugins\/seo\/ -->\n<title>Chat de WhatsApp - Empotrar module de Plugin de WhatsApp al Drupal<\/title>\n<meta name=\"description\" content=\"Instala un widget interactivo de Chat de WhatsApp en su sitio de Drupal. Lance la demo de Elfsight manejable y construe su module \u00fanico.\" \/>\n<meta name=\"robots\" content=\"index, follow, max-snippet:-1, max-image-preview:large, max-video-preview:-1\" \/>\n<link rel=\"canonical\" href=\"https:\/\/elfsight.com\/es\/whatsapp-chat-widget\/drupal\/\" \/>\n<meta property=\"og:locale\" content=\"es_ES\" \/>\n<meta property=\"og:type\" content=\"article\" \/>\n<meta property=\"og:title\" content=\"Chat de WhatsApp - Empotrar module de Plugin de WhatsApp al Drupal\" \/>\n<meta property=\"og:description\" content=\"Instala un widget interactivo de Chat de WhatsApp en su sitio de Drupal. Lance la demo de Elfsight manejable y construe su module \u00fanico.\" \/>\n<meta property=\"og:url\" content=\"https:\/\/elfsight.com\/es\/whatsapp-chat-widget\/drupal\/\" \/>\n<meta property=\"og:site_name\" content=\"Elfsight ES\" \/>\n<meta property=\"article:modified_time\" content=\"2025-02-06T15:20:22+00:00\" \/>\n<meta name=\"twitter:card\" content=\"summary_large_image\" \/>\n<meta name=\"twitter:label1\" content=\"Tiempo de lectura\" \/>\n\t<meta name=\"twitter:data1\" content=\"2 minutos\" \/>\n<!-- \/ Yoast SEO plugin. -->","yoast_head_json":{"title":"Chat de WhatsApp - Empotrar module de Plugin de WhatsApp al Drupal","description":"Instala un widget interactivo de Chat de WhatsApp en su sitio de Drupal. Lance la demo de Elfsight manejable y construe su module \u00fanico.","robots":{"index":"index","follow":"follow","max-snippet":"max-snippet:-1","max-image-preview":"max-image-preview:large","max-video-preview":"max-video-preview:-1"},"canonical":"https:\/\/elfsight.com\/es\/whatsapp-chat-widget\/drupal\/","og_locale":"es_ES","og_type":"article","og_title":"Chat de WhatsApp - Empotrar module de Plugin de WhatsApp al Drupal","og_description":"Instala un widget interactivo de Chat de WhatsApp en su sitio de Drupal. Lance la demo de Elfsight manejable y construe su module \u00fanico.","og_url":"https:\/\/elfsight.com\/es\/whatsapp-chat-widget\/drupal\/","og_site_name":"Elfsight ES","article_modified_time":"2025-02-06T15:20:22+00:00","twitter_card":"summary_large_image","twitter_misc":{"Tiempo de lectura":"2 minutos"},"schema":{"@context":"https:\/\/schema.org","@graph":[{"@type":"WebPage","@id":"https:\/\/elfsight.com\/es\/whatsapp-chat-widget\/drupal\/","url":"https:\/\/elfsight.com\/es\/whatsapp-chat-widget\/drupal\/","name":"Chat de WhatsApp - Empotrar module de Plugin de WhatsApp al Drupal","isPartOf":{"@id":"https:\/\/elfsight.com\/es\/#website"},"datePublished":"2022-02-11T11:37:57+00:00","dateModified":"2025-02-06T15:20:22+00:00","description":"Instala un widget interactivo de Chat de WhatsApp en su sitio de Drupal. Lance la demo de Elfsight manejable y construe su module \u00fanico.","breadcrumb":{"@id":"https:\/\/elfsight.com\/es\/whatsapp-chat-widget\/drupal\/#breadcrumb"},"inLanguage":"es","potentialAction":[{"@type":"ReadAction","target":["https:\/\/elfsight.com\/es\/whatsapp-chat-widget\/drupal\/"]}]},{"@type":"BreadcrumbList","@id":"https:\/\/elfsight.com\/es\/whatsapp-chat-widget\/drupal\/#breadcrumb","itemListElement":[{"@type":"ListItem","position":1,"name":"Home","item":"https:\/\/elfsight.com\/es\/"},{"@type":"ListItem","position":2,"name":"WhatsApp Chat","item":"https:\/\/elfsight.com\/es\/whatsapp-chat-widget\/"},{"@type":"ListItem","position":3,"name":"Whatsapp Chat &#8211; Drupal"}]},{"@type":"WebSite","@id":"https:\/\/elfsight.com\/es\/#website","url":"https:\/\/elfsight.com\/es\/","name":"Elfsight ES","description":"Just another Elfsight Sites site","potentialAction":[{"@type":"SearchAction","target":{"@type":"EntryPoint","urlTemplate":"https:\/\/elfsight.com\/es\/?s={search_term_string}"},"query-input":{"@type":"PropertyValueSpecification","valueRequired":true,"valueName":"search_term_string"}}],"inLanguage":"es"}]}},"meta_box":{"industry":"","seo_heading":"","heading":"","description":"","cta_heading":"","cta_description":"","application":"1505","h1":"m\u00f3dulo de Chat de WhatsApp para Drupal","h1_caption":"Brinde a los usuarios la oportunidad de comunicarse con usted por WhatsApp, garantizando la interacci\u00f3n m\u00e1s r\u00e1pida y conveniente para los visitantes de su sitio web en su sitio web Drupal sin esfuerzo.","application_category":[],"applications_title":"","applications_request_title":"","applications_request_button_text":"","hero_text":"","hero_video":"","hero_video_schema_markup":"","selling_points_title":"","selling_points_caption":"","selling_points":[],"selling_points_cta_text":"","features_title":"","features":"","ed_cta_examples_text":"","ed_cta_examples_hidden":"","ed_cta_demo_text":"","ed_cta_demo_hidden":"","why_caption":"","why_editor_title":"","why_editor_text":"","why_team_title":"","why_team_text":"","why_service_title":"","why_service_text":"","template_catalog_visible":"","template_catalog_title":"","template_catalog_text":"","template_catalog_categories_visible":"","demo_title":"Crea tu m\u00f3dulo de Chat de Whatsapp","demo_caption":"\u00a1Configura tu chat de Whatsapp y agr\u00e9galo a tu sitio web Drupal gratis!","default_faq_hidden":"","app_template_category":[],"platform":"2161","template_public_id":"","codecanyon_url":"","codecanyon_item_id":"","codecanyon_price":"","pricing_caption":"","pricing_elfsight_apps_hide_column":"","pricing_elfsight_apps_url":"","pricing_codecanyon_price_caption":"","integration_category":[],"integration_request_title":"","integration_request_cta":"","integration_platform":"","integrations":[],"platform_category":[],"video_schema_markup":"","price":"desde $0 por mes","trial":"","benefits":[{"text":"Instalaci\u00f3n gratuita"},{"text":"Soporte Premium"},{"text":"14 d\u00edas garant\u00eda de reembolso"},{"text":"Actualizaciones regulares"}],"button_url":"#demo","button_target_blank":"0","button_nofollow":"0","attributes":[{"name":"Responsivo","content":"Si","_state":"expanded"},{"name":"Navegadores compatibles","content":"Firefox, Safari, Opera, Chrome, Edge","_state":"expanded"}],"tags":[],"tags_disable_links":"0","hide_more_platforms":"","video_object":"","demo_hide_cta":"0","demo_hide_cloud_options":"0","pricing_title":"","pricing":[{"pricing_icon":"platform","pricing_title":" Elfsight Apps","pricing_title_caption":"Soluci\u00f3n multiplataforma - valido para cualquier p\u00e1gina web","pricing_price":"desde $0 por mes","pricing_price_caption":"empezar con un plan gratuito","pricing_benefits":[{"text":"Sitios web ilimitados"},{"text":"Atenci\u00f3n al cliente gratuita y r\u00e1pida"},{"text":"Servicio de instalaci\u00f3n gratuito"},{"text":"Totalmente personalizable"}],"pricing_button_text":"Agregar al sitio web","pricing_button_url":"#demo","_state":"expanded"}],"related_apps_title":"","related_apps_hidden":"1","author":"","image":[],"title":"","job":"","social_networks":[]},"_links":{"self":[{"href":"https:\/\/elfsight.com\/es\/wp-json\/wp\/v2\/pages\/4243","targetHints":{"allow":["GET"]}}],"collection":[{"href":"https:\/\/elfsight.com\/es\/wp-json\/wp\/v2\/pages"}],"about":[{"href":"https:\/\/elfsight.com\/es\/wp-json\/wp\/v2\/types\/page"}],"author":[{"embeddable":true,"href":"https:\/\/elfsight.com\/es\/wp-json\/wp\/v2\/users\/18"}],"replies":[{"embeddable":true,"href":"https:\/\/elfsight.com\/es\/wp-json\/wp\/v2\/comments?post=4243"}],"version-history":[{"count":3,"href":"https:\/\/elfsight.com\/es\/wp-json\/wp\/v2\/pages\/4243\/revisions"}],"predecessor-version":[{"id":18130,"href":"https:\/\/elfsight.com\/es\/wp-json\/wp\/v2\/pages\/4243\/revisions\/18130"}],"up":[{"embeddable":true,"href":"https:\/\/elfsight.com\/es\/wp-json\/wp\/v2\/pages\/1506"}],"wp:attachment":[{"href":"https:\/\/elfsight.com\/es\/wp-json\/wp\/v2\/media?parent=4243"}],"curies":[{"name":"wp","href":"https:\/\/api.w.org\/{rel}","templated":true}]}}