{"id":4241,"date":"2022-02-11T11:38:04","date_gmt":"2022-02-11T11:38:04","guid":{"rendered":"https:\/\/elfsight.com\/es\/?page_id=4241"},"modified":"2025-02-06T15:20:22","modified_gmt":"2025-02-06T15:20:22","slug":"blogger","status":"publish","type":"page","link":"https:\/\/elfsight.com\/es\/whatsapp-chat-widget\/blogger\/","title":{"rendered":"Whatsapp Chat &#8211; Blogger"},"content":{"rendered":"<div class=\"application-platform-content-item-description application-platform-content-item\" id=\"description\" data-nav-section=\"description\"> <h2>Integrar el chat de WhatsApp con el widget de Elfsight<\/h2> <p>El widget de WhatsApp creado por Elfsight es un m\u00e9todo sencillo para que los clientes de tu sitio web se pongan en contacto contigo y obtengan respuestas a sus preguntas. Est\u00e9 disponible en l\u00ednea para tus clientes en el mensajero m\u00e1s popular en cualquier momento. Introduce el chat en tu sitio web y haz que aparezca en p\u00e1ginas espec\u00edficas o para grupos seleccionados de visitantes; elige los disparadores para iniciar el chat, muestra tu propio mensaje de bienvenida, selecciona los \u00edconos y mucho m\u00e1s. Al usar el widget del Chat Box integrado en la p\u00e1gina web, podr\u00e1s estar en contacto con tus visitantes en cualquier momento y sin importar tu ubicaci\u00f3n. <\/p> <div class=\"faq\" data-component=\"FAQ\"> <div class=\"faq-item\">\r\n\t\t\t\t\t<div class=\"faq-item-question\">\r\n\t\t\t\t\t\t<h3 class=\"faq-item-question-text\">\u00bfD\u00f3nde puedo mostrar el widget en mi sitio?<\/h3>\r\n\r\n\t\t\t\t\t\t<div class=\"faq-item-question-icon\"><\/div>\r\n\t\t\t\t\t<\/div>\r\n\r\n\t\t\t\t\t<div class=\"faq-item-answer\">\r\n\t\t\t\t\t\t<div class=\"faq-item-answer-text\"> <p>Puedes integrar el chat en vivo de WhatsApp en cada p\u00e1gina de tu sitio web, o solo en p\u00e1ginas seleccionadas. Tambi\u00e9n es posible restringirlo en ciertas p\u00e1ginas si no deseas que haya un chat all\u00ed. <\/p> <\/div>\r\n\t\t\t\t\t<\/div>\r\n\t\t\t\t<\/div> <div class=\"faq-item\">\r\n\t\t\t\t\t<div class=\"faq-item-question\">\r\n\t\t\t\t\t\t<h3 class=\"faq-item-question-text\">\u00bfC\u00f3mo me beneficiar\u00e1 esto?<\/h3>\r\n\r\n\t\t\t\t\t\t<div class=\"faq-item-question-icon\"><\/div>\r\n\t\t\t\t\t<\/div>\r\n\r\n\t\t\t\t\t<div class=\"faq-item-answer\">\r\n\t\t\t\t\t\t<div class=\"faq-item-answer-text\"> <p>El Chat de Blogger permitir\u00e1 que m\u00e1s visitantes se comuniquen contigo con sus consultas, dudas o problemas. Esto puede ayudar a aumentar la cantidad de leads y ventas. Adem\u00e1s, responder r\u00e1pidamente y con un enfoque personalizado mejorar\u00e1 la calidad de la interacci\u00f3n con tus clientes. <\/p> <\/div>\r\n\t\t\t\t\t<\/div>\r\n\t\t\t\t<\/div> <div class=\"faq-item\">\r\n\t\t\t\t\t<div class=\"faq-item-question\">\r\n\t\t\t\t\t\t<h3 class=\"faq-item-question-text\">\u00bfQu\u00e9 necesito para integrar WhatsApp en mi sitio web?<\/h3>\r\n\r\n\t\t\t\t\t\t<div class=\"faq-item-question-icon\"><\/div>\r\n\t\t\t\t\t<\/div>\r\n\r\n\t\t\t\t\t<div class=\"faq-item-answer\">\r\n\t\t\t\t\t\t<div class=\"faq-item-answer-text\"> <p>Solo te llevar\u00e1 tres minutos activar el widget. La instalaci\u00f3n es extremadamente r\u00e1pida, gratuita y no requiere conocimientos de programaci\u00f3n. <\/p> <p>Tienes la opci\u00f3n de integrar el widget directamente en tu sitio a trav\u00e9s de nuestro servicio. Para ello, sigue la breve descripci\u00f3n que aparece al final de esta p\u00e1gina.<\/p> <\/div>\r\n\t\t\t\t\t<\/div>\r\n\t\t\t\t<\/div> <\/div> <\/div> <div class=\"application-platform-content-item-features application-platform-content-item\" id=\"features\" data-nav-section=\"features\"> <h2>Principales caracter\u00edsticas del widget de Chat de WhatsApp<\/h2> <p>Para tener una mejor idea del widget, puedes ver la lista de sus funciones m\u00e1s destacadas. Estas hacen que el widget sea incre\u00edblemente eficaz para ti: <\/p> <ul><li>Introduce el mensajero de WhatsApp en tu sitio web para comunicarte con los clientes; <\/li><li>Responde mensajes directamente desde tu p\u00e1gina de WhatsApp; <\/li><li>Utiliza tres opciones de dise\u00f1o del chat: burbuja flotante, burbuja incrustada y ventana de chat incrustada; <\/li><li>Descubre una colecci\u00f3n de \u00edconos de burbuja para elegir; <\/li><li>Introduce tu texto personalizado para la burbuja del chat. <\/li><\/ul><p><a href=\"#demo\">Para ver la lista completa de caracter\u00edsticas, consulta la demo<\/a><\/p> <\/div> <div class=\"application-platform-content-item-installation application-platform-content-item\" id=\"installation\" data-nav-section=\"installation\"> <h2>Veamos c\u00f3mo configurar el chat de WhatsApp en tu sitio de Blogger. Es r\u00e1pido.<\/h2><div class=\"video-container\"><iframe width=\"720\" height=\"405\" src=\"https:\/\/www.youtube.com\/embed\/yUErtGsJqvM\" frameborder=\"0\" allowfullscreen=\"\"><\/iframe><\/div><p>Los siguientes pasos son todo lo que necesitas para configurar el widget. No requiere programaci\u00f3n y es r\u00e1pido. <\/p> <ul><li><b>Dise\u00f1a tu caja de chat personalizada de WhatsApp<\/b><br> Usando nuestro editor gratuito, crea un plugin con la composici\u00f3n y caracter\u00edsticas funcionales que prefieras. <\/li><li><b>Obt\u00e9n el c\u00f3digo individual para configurar el plugin<\/b><br> Despu\u00e9s de crear tu widget, recibir\u00e1s el c\u00f3digo individual de la ventana emergente en Elfsight Apps. C\u00f3pialo para usarlo m\u00e1s tarde. <\/li> <li><b>Agrega el plugin a tu sitio de Blogger<\/b><br> Elige el lugar donde deseas mostrar el plugin y pega el c\u00f3digo copiado all\u00ed. Guarda los cambios. <\/li> <li><b>\u00a1Listo!<\/b><br> Ve a tu sitio web para ver tu chat.<\/li> <\/ul><p>\u00bfA\u00fan no te decides? \u00bfO tienes problemas? Simplemente env\u00eda una solicitud a nuestro soporte al cliente y te ayudaremos con cualquier problema. <\/p> <\/div><div class=\"faq\" data-component=\"FAQ\"><div class=\"faq-item\">\r\n\t\t\t\t\t<div class=\"faq-item-question\">\r\n\t\t\t\t\t\t<h3 class=\"faq-item-question-text\">\u00bfC\u00f3mo puedo integrar el chat de WhatsApp en la p\u00e1gina de inicio de Blogger sin experiencia en programaci\u00f3n?<\/h3>\r\n\r\n\t\t\t\t\t\t<div class=\"faq-item-question-icon\"><\/div>\r\n\t\t\t\t\t<\/div>\r\n\r\n\t\t\t\t\t<div class=\"faq-item-answer\">\r\n\t\t\t\t\t\t<div class=\"faq-item-answer-text\"><p>La empresa Elfsight ofrece una soluci\u00f3n en la nube que te permite crear la aplicaci\u00f3n de WhatsApp Chat por ti mismo, descubre lo sencillo que es el proceso: <\/p><ul><li>Trabaja directamente en el Editor en l\u00ednea para crear un plugin de WhatsApp Chat que te gustar\u00eda ver en la p\u00e1gina de inicio de Blogger.<\/li><li>Elige una de nuestras plantillas pre-dise\u00f1adas y ajusta la configuraci\u00f3n de WhatsApp Chat, agrega tu contenido, cambia el dise\u00f1o y la combinaci\u00f3n de colores sin necesidad de habilidades de programaci\u00f3n.<\/li><li>Haz clic para guardar los ajustes que has realizado en WhatsApp Chat y obt\u00e9n el c\u00f3digo del plugin para incrustarlo, que puedes agregar f\u00e1cilmente en cualquier p\u00e1gina de Blogger de forma gratuita. <\/li><\/ul><p>Con nuestro Editor f\u00e1cil de usar, cualquier usuario de internet puede crear una secci\u00f3n de WhatsApp Chat en l\u00ednea y agregarla f\u00e1cilmente al sitio web de Blogger. No es necesario tener una suscripci\u00f3n de pago ni ingresar los datos de tu tarjeta para acceder a nuestro servicio. Si encuentras alg\u00fan obst\u00e1culo en cualquier paso, no dudes en contactar con nuestro soporte t\u00e9cnico.<\/p><\/div>\r\n\t\t\t\t\t<\/div>\r\n\t\t\t\t<\/div><\/div>","protected":false},"excerpt":{"rendered":"","protected":false},"author":18,"featured_media":0,"parent":1506,"menu_order":0,"comment_status":"closed","ping_status":"closed","template":"templates\/template-application-platform.php","meta":{"publish_to_discourse":"","publish_post_category":"","wpdc_auto_publish_overridden":"","wpdc_topic_tags":"","wpdc_pin_topic":"","wpdc_pin_until":"","discourse_post_id":"","discourse_permalink":"","wpdc_publishing_response":"","wpdc_publishing_error":"","footnotes":""},"class_list":["post-4241","page","type-page","status-publish","hentry"],"yoast_head":"<!-- This site is optimized with the Yoast SEO plugin v25.3.1 - https:\/\/yoast.com\/wordpress\/plugins\/seo\/ -->\n<title>Chat de WhatsApp - Integrar widget de Plugin de WhatsApp al Blogger<\/title>\n<meta name=\"description\" content=\"A\u00f1ade un plugin atractivo de Chat de WhatsApp en su sitio de Blogger. Pruebe la demo de Elfsight manejable y cree su widget personalizado.\" \/>\n<meta name=\"robots\" content=\"index, follow, max-snippet:-1, max-image-preview:large, max-video-preview:-1\" \/>\n<link rel=\"canonical\" href=\"https:\/\/elfsight.com\/es\/whatsapp-chat-widget\/blogger\/\" \/>\n<meta property=\"og:locale\" content=\"es_ES\" \/>\n<meta property=\"og:type\" content=\"article\" \/>\n<meta property=\"og:title\" content=\"Chat de WhatsApp - Integrar widget de Plugin de WhatsApp al Blogger\" \/>\n<meta property=\"og:description\" content=\"A\u00f1ade un plugin atractivo de Chat de WhatsApp en su sitio de Blogger. Pruebe la demo de Elfsight manejable y cree su widget personalizado.\" \/>\n<meta property=\"og:url\" content=\"https:\/\/elfsight.com\/es\/whatsapp-chat-widget\/blogger\/\" \/>\n<meta property=\"og:site_name\" content=\"Elfsight ES\" \/>\n<meta property=\"article:modified_time\" content=\"2025-02-06T15:20:22+00:00\" \/>\n<meta name=\"twitter:card\" content=\"summary_large_image\" \/>\n<meta name=\"twitter:label1\" content=\"Tiempo de lectura\" \/>\n\t<meta name=\"twitter:data1\" content=\"2 minutos\" \/>\n<!-- \/ Yoast SEO plugin. -->","yoast_head_json":{"title":"Chat de WhatsApp - Integrar widget de Plugin de WhatsApp al Blogger","description":"A\u00f1ade un plugin atractivo de Chat de WhatsApp en su sitio de Blogger. Pruebe la demo de Elfsight manejable y cree su widget personalizado.","robots":{"index":"index","follow":"follow","max-snippet":"max-snippet:-1","max-image-preview":"max-image-preview:large","max-video-preview":"max-video-preview:-1"},"canonical":"https:\/\/elfsight.com\/es\/whatsapp-chat-widget\/blogger\/","og_locale":"es_ES","og_type":"article","og_title":"Chat de WhatsApp - Integrar widget de Plugin de WhatsApp al Blogger","og_description":"A\u00f1ade un plugin atractivo de Chat de WhatsApp en su sitio de Blogger. Pruebe la demo de Elfsight manejable y cree su widget personalizado.","og_url":"https:\/\/elfsight.com\/es\/whatsapp-chat-widget\/blogger\/","og_site_name":"Elfsight ES","article_modified_time":"2025-02-06T15:20:22+00:00","twitter_card":"summary_large_image","twitter_misc":{"Tiempo de lectura":"2 minutos"},"schema":{"@context":"https:\/\/schema.org","@graph":[{"@type":"WebPage","@id":"https:\/\/elfsight.com\/es\/whatsapp-chat-widget\/blogger\/","url":"https:\/\/elfsight.com\/es\/whatsapp-chat-widget\/blogger\/","name":"Chat de WhatsApp - Integrar widget de Plugin de WhatsApp al Blogger","isPartOf":{"@id":"https:\/\/elfsight.com\/es\/#website"},"datePublished":"2022-02-11T11:38:04+00:00","dateModified":"2025-02-06T15:20:22+00:00","description":"A\u00f1ade un plugin atractivo de Chat de WhatsApp en su sitio de Blogger. Pruebe la demo de Elfsight manejable y cree su widget personalizado.","breadcrumb":{"@id":"https:\/\/elfsight.com\/es\/whatsapp-chat-widget\/blogger\/#breadcrumb"},"inLanguage":"es","potentialAction":[{"@type":"ReadAction","target":["https:\/\/elfsight.com\/es\/whatsapp-chat-widget\/blogger\/"]}]},{"@type":"BreadcrumbList","@id":"https:\/\/elfsight.com\/es\/whatsapp-chat-widget\/blogger\/#breadcrumb","itemListElement":[{"@type":"ListItem","position":1,"name":"Home","item":"https:\/\/elfsight.com\/es\/"},{"@type":"ListItem","position":2,"name":"WhatsApp Chat","item":"https:\/\/elfsight.com\/es\/whatsapp-chat-widget\/"},{"@type":"ListItem","position":3,"name":"Whatsapp Chat &#8211; Blogger"}]},{"@type":"WebSite","@id":"https:\/\/elfsight.com\/es\/#website","url":"https:\/\/elfsight.com\/es\/","name":"Elfsight ES","description":"Just another Elfsight Sites site","potentialAction":[{"@type":"SearchAction","target":{"@type":"EntryPoint","urlTemplate":"https:\/\/elfsight.com\/es\/?s={search_term_string}"},"query-input":{"@type":"PropertyValueSpecification","valueRequired":true,"valueName":"search_term_string"}}],"inLanguage":"es"}]}},"meta_box":{"industry":"","seo_heading":"","heading":"","description":"","cta_heading":"","cta_description":"","application":"1505","h1":"Widget de Chat de WhatsApp para Blogger","h1_caption":"Brinde a los usuarios la oportunidad de comunicarse con usted por WhatsApp, garantizando la interacci\u00f3n m\u00e1s r\u00e1pida y conveniente para los visitantes de su sitio web en su sitio web de Blogger sin esfuerzo.","application_category":[],"applications_title":"","applications_request_title":"","applications_request_button_text":"","hero_text":"","hero_video":"","hero_video_schema_markup":"","selling_points_title":"","selling_points_caption":"","selling_points":[],"selling_points_cta_text":"","features_title":"","features":"","ed_cta_examples_text":"","ed_cta_examples_hidden":"","ed_cta_demo_text":"","ed_cta_demo_hidden":"","why_caption":"","why_editor_title":"","why_editor_text":"","why_team_title":"","why_team_text":"","why_service_title":"","why_service_text":"","template_catalog_visible":"","template_catalog_title":"","template_catalog_text":"","template_catalog_categories_visible":"","demo_title":"Crea tu widget de Chat de Whatsapp","demo_caption":"\u00a1Configura tu chat de Whatsapp y agr\u00e9galo a tu sitio web de Blogger gratis!","default_faq_hidden":"","app_template_category":[],"platform":"39","template_public_id":"","codecanyon_url":"","codecanyon_item_id":"","codecanyon_price":"","pricing_caption":"","pricing_elfsight_apps_hide_column":"","pricing_elfsight_apps_url":"","pricing_codecanyon_price_caption":"","integration_category":[],"integration_request_title":"","integration_request_cta":"","integration_platform":"","integrations":[],"platform_category":[],"video_schema_markup":"","price":"desde $0 por mes","trial":"","benefits":[{"text":"Instalaci\u00f3n gratuita"},{"text":"Soporte Premium"},{"text":"14 d\u00edas garant\u00eda de reembolso"},{"text":"Actualizaciones regulares"}],"button_url":"#demo","button_target_blank":"0","button_nofollow":"0","attributes":[{"name":"Responsivo","content":"Si","_state":"expanded"},{"name":"Navegadores compatibles","content":"Firefox, Safari, Opera, Chrome, Edge","_state":"expanded"}],"tags":[],"tags_disable_links":"0","hide_more_platforms":"","video_object":"","demo_hide_cta":"0","demo_hide_cloud_options":"0","pricing_title":"","pricing":[{"pricing_icon":"platform","pricing_title":" Elfsight Apps","pricing_title_caption":"Soluci\u00f3n multiplataforma - valido para cualquier p\u00e1gina web","pricing_price":"desde $0 por mes","pricing_price_caption":"empezar con un plan gratuito","pricing_benefits":[{"text":"Sitios web ilimitados"},{"text":"Atenci\u00f3n al cliente gratuita y r\u00e1pida"},{"text":"Servicio de instalaci\u00f3n gratuito"},{"text":"Totalmente personalizable"}],"pricing_button_text":"Agregar al sitio web","pricing_button_url":"#demo","_state":"expanded"}],"related_apps_title":"","related_apps_hidden":"1","author":"","image":[],"title":"","job":"","social_networks":[]},"_links":{"self":[{"href":"https:\/\/elfsight.com\/es\/wp-json\/wp\/v2\/pages\/4241","targetHints":{"allow":["GET"]}}],"collection":[{"href":"https:\/\/elfsight.com\/es\/wp-json\/wp\/v2\/pages"}],"about":[{"href":"https:\/\/elfsight.com\/es\/wp-json\/wp\/v2\/types\/page"}],"author":[{"embeddable":true,"href":"https:\/\/elfsight.com\/es\/wp-json\/wp\/v2\/users\/18"}],"replies":[{"embeddable":true,"href":"https:\/\/elfsight.com\/es\/wp-json\/wp\/v2\/comments?post=4241"}],"version-history":[{"count":3,"href":"https:\/\/elfsight.com\/es\/wp-json\/wp\/v2\/pages\/4241\/revisions"}],"predecessor-version":[{"id":18129,"href":"https:\/\/elfsight.com\/es\/wp-json\/wp\/v2\/pages\/4241\/revisions\/18129"}],"up":[{"embeddable":true,"href":"https:\/\/elfsight.com\/es\/wp-json\/wp\/v2\/pages\/1506"}],"wp:attachment":[{"href":"https:\/\/elfsight.com\/es\/wp-json\/wp\/v2\/media?parent=4241"}],"curies":[{"name":"wp","href":"https:\/\/api.w.org\/{rel}","templated":true}]}}