{"id":4220,"date":"2022-02-11T11:40:18","date_gmt":"2022-02-11T11:40:18","guid":{"rendered":"https:\/\/elfsight.com\/es\/?page_id=4220"},"modified":"2026-01-13T10:03:31","modified_gmt":"2026-01-13T10:03:31","slug":"wix","status":"publish","type":"page","link":"https:\/\/elfsight.com\/es\/youtube-channel-plugin-yottie\/wix\/","title":{"rendered":"YouTube Gallery &#8211; Wix"},"content":{"rendered":"<div class=\"application-platform-content-item-description application-platform-content-item\" id=\"description\" data-nav-section=\"description\"><h2>Descripci\u00f3n<\/h2><p>YouTube Gallery es un widget potente que te permite publicar una variedad de videos en el sitio web. Elige los canales y clips de video necesarios para armar tu lista de reproducci\u00f3n personal y mostrarla directamente en la p\u00e1gina web utilizando el dise\u00f1o m\u00e1s adecuado (galer\u00eda de videos, portafolio, canal, video \u00fanico). Nuestro widget es compatible con todos los formatos y sistemas; tiene m\u00e1s de 100 par\u00e1metros, dise\u00f1o flexible y otras caracter\u00edsticas que te permiten mostrarlo en cualquier sitio web.<\/p><p><b>Dise\u00f1a una galer\u00eda de videos eficiente para mantener siempre el inter\u00e9s de los espectadores.<\/b><\/p><ul><li><b>Mant\u00e9n una fuerte conexi\u00f3n con los usuarios de tu sitio web a trav\u00e9s de los videos de YouTube<\/b>.<br>Sorprende a los visitantes de tu sitio web con fascinante contenido de video de YouTube y mantenlos involucrados durante m\u00e1s tiempo.<\/li><li><b>Aumenta las ventas convenciendo de comprar con la ayuda del contenido de YouTube<\/b>.<br>Muestra videos promocionales, rese\u00f1as, gu\u00edas, tutoriales y m\u00e1s para crear una imagen positiva de la marca y estimular las ventas.<\/li><li><b>M\u00e1s seguidores para tu perfil de YouTube<\/b>.<br>Convierte a los visitantes del sitio en tus seguidores de YouTube. Muestra a los usuarios una forma r\u00e1pida y sencilla de suscribirse directamente en el sitio y aumentar tus suscriptores.<\/li><\/ul><\/div><div class=\"application-platform-content-item-features application-platform-content-item\" id=\"features\" data-nav-section=\"features\"><h2>Caracter\u00edsticas<\/h2><p>Conoce una de las caracter\u00edsticas m\u00e1s ventajosas de la aplicaci\u00f3n Elfsight, que la convierte en la mejor herramienta para incrustar videos de YouTube en una p\u00e1gina de Wix.<\/p><ul><li>Agregar fuentes ilimitadas;<\/li><li>Mostrar u ocultar el encabezado;<\/li><li>Establecer el espacio entre videos;<\/li><li>8 elementos intercambiables del video: t\u00edtulo, duraci\u00f3n, descripci\u00f3n, contadores y m\u00e1s;<\/li><li>Modo gratuito opcional para desplazarse por los videos uno por uno;<\/li><li>15 elementos de video pintables;<\/li><li>18 idiomas disponibles.<\/li><\/ul><p><a href=\"#demo\">Prueba todas las caracter\u00edsticas en la demostraci\u00f3n<\/a><\/p><\/div><div class=\"application-platform-content-item-installation application-platform-content-item\" id=\"installation\" data-nav-section=\"installation\"><h2>C\u00f3mo incrustar YouTube Video Gallery en un sitio Wix<\/h2><div class=\"video-container\">\n    <iframe width=\"720\" height=\"405\" src=\"https:\/\/www.youtube.com\/embed\/Josn4ZT0eEQ?si=I_1huvEVkqZqKrj4\" frameborder=\"0\" allowfullscreen><\/iframe>\n<\/div><p>Una gu\u00eda concisa de Elfsight sobre la integraci\u00f3n de la aplicaci\u00f3n y la personalizaci\u00f3n de su interfaz. No requiere conocimientos de desarrollo y solo toma alrededor de 80 segundos.<\/p><ol><li><b>Crea tu widget personalizado de YouTube<\/b>.<br>A trav\u00e9s de nuestra <a href=\"#demo\">demostraci\u00f3n gratuita<\/a>, genera una aplicaci\u00f3n con el dise\u00f1o y las opciones que prefieras.<\/li><li><b>Obt\u00e9n el c\u00f3digo para incrustar el widget<\/b>.<br>Despu\u00e9s de configurar la aplicaci\u00f3n, obt\u00e9n el c\u00f3digo para YouTube Video Gallery desde la ventana emergente en Elfsight Apps.<\/li><li><b>Incrusta el widget en el sitio Wix<\/b>.<br>Agrega la aplicaci\u00f3n en el lugar deseado de la p\u00e1gina web y guarda los cambios.<\/li><li><b>Instalaci\u00f3n exitosa<\/b>.<br>Ve a tu sitio web para ver la aplicaci\u00f3n de video.<\/li><\/ol><p>\u00bfTuviste problemas durante la configuraci\u00f3n o intentos de personalizar la aplicaci\u00f3n? Puedes consultar nuestro tutorial \u00ab<a href=\"https:\/\/elfsight.com\/tutorials\/how-to-add-youtube-plugin-for-wix\/\" target=\"_blank\" rel=\"noopener noreferrer\">C\u00f3mo incrustar YouTube Video en un sitio Wix<\/a>\u00bb e intentar solucionarlo t\u00fa mismo. O env\u00eda una descripci\u00f3n de tu problema a nuestro soporte al cliente.<\/p><\/div><div class=\"faq\" data-component=\"FAQ\"><div class=\"faq-item\">\r\n\t\t\t\t\t<div class=\"faq-item-question\">\r\n\t\t\t\t\t\t<h3 class=\"faq-item-question-text\">\u00bfC\u00f3mo puedo agregar una galer\u00eda de YouTube al sitio Wix? <\/h3>\r\n\r\n\t\t\t\t\t\t<div class=\"faq-item-question-icon\"><\/div>\r\n\t\t\t\t\t<\/div>\r\n\r\n\t\t\t\t\t<div class=\"faq-item-answer\">\r\n\t\t\t\t\t\t<div class=\"faq-item-answer-text\"><p>La creaci\u00f3n de la herramienta se realiza en las p\u00e1ginas de Elfsight y no es necesario aprender a programar. Ve a nuestra demostraci\u00f3n en vivo para ajustar tu herramienta personal, obtener el c\u00f3digo e integrarlo en tu sitio.<\/p><\/div>\r\n\t\t\t\t\t<\/div>\r\n\t\t\t\t<\/div><div class=\"faq-item\">\r\n\t\t\t\t\t<div class=\"faq-item-question\">\r\n\t\t\t\t\t\t<h3 class=\"faq-item-question-text\">Las mejores formas de usar la integraci\u00f3n de la galer\u00eda de videos de YouTube<\/h3>\r\n\r\n\t\t\t\t\t\t<div class=\"faq-item-question-icon\"><\/div>\r\n\t\t\t\t\t<\/div>\r\n\r\n\t\t\t\t\t<div class=\"faq-item-answer\">\r\n\t\t\t\t\t\t<div class=\"faq-item-answer-text\"><p>Te proporcionamos una amplia gama de opciones de personalizaci\u00f3n: widgets a escala completa para insertar en la zona de contenido, widgets flotantes para opciones de desplazamiento, miniaturas para el pie de p\u00e1gina de tu sitio web, secci\u00f3n de encabezado y todo tipo de opciones verticales para barras laterales y men\u00fas del sitio web.<\/p><\/div>\r\n\t\t\t\t\t<\/div>\r\n\t\t\t\t<\/div><div class=\"faq-item\">\r\n\t\t\t\t\t<div class=\"faq-item-question\">\r\n\t\t\t\t\t\t<h3 class=\"faq-item-question-text\">\u00bfPuedo crear un canal de YouTube o una lista de reproducci\u00f3n a trav\u00e9s del editor? <\/h3>\r\n\r\n\t\t\t\t\t\t<div class=\"faq-item-question-icon\"><\/div>\r\n\t\t\t\t\t<\/div>\r\n\r\n\t\t\t\t\t<div class=\"faq-item-answer\">\r\n\t\t\t\t\t\t<div class=\"faq-item-answer-text\"><p>Puedes crear cualquier alteraci\u00f3n en el widget. Hay una gran cantidad de plantillas disponibles en el editor y todas ellas se pueden personalizar f\u00e1cilmente de la forma que necesites.<\/p><\/div>\r\n\t\t\t\t\t<\/div>\r\n\t\t\t\t<\/div><\/div>","protected":false},"excerpt":{"rendered":"","protected":false},"author":18,"featured_media":0,"parent":1530,"menu_order":0,"comment_status":"closed","ping_status":"closed","template":"templates\/template-application-platform.php","meta":{"publish_to_discourse":"","publish_post_category":"","wpdc_auto_publish_overridden":"","wpdc_topic_tags":"","wpdc_pin_topic":"","wpdc_pin_until":"","discourse_post_id":"","discourse_permalink":"","wpdc_publishing_response":"","wpdc_publishing_error":"","footnotes":""},"class_list":["post-4220","page","type-page","status-publish","hentry"],"yoast_head":"<!-- This site is optimized with the Yoast SEO plugin v25.3.1 - https:\/\/yoast.com\/wordpress\/plugins\/seo\/ -->\n<title>Galer\u00eda de YouTube - Empotrar plugin de Galer\u00eda de videos de YouTube al Wix<\/title>\n<meta name=\"description\" content=\"Instala un widget hermoso de Galer\u00eda de YouTube en su p\u00e1gina web de Wix. Pruebe la demo de Elfsight f\u00e1cil de usar y cree su plugin personalizado.\" \/>\n<meta name=\"robots\" content=\"index, follow, max-snippet:-1, max-image-preview:large, max-video-preview:-1\" \/>\n<link rel=\"canonical\" href=\"https:\/\/elfsight.com\/es\/youtube-channel-plugin-yottie\/wix\/\" \/>\n<meta property=\"og:locale\" content=\"es_ES\" \/>\n<meta property=\"og:type\" content=\"article\" \/>\n<meta property=\"og:title\" content=\"Galer\u00eda de YouTube - Empotrar plugin de Galer\u00eda de videos de YouTube al Wix\" \/>\n<meta property=\"og:description\" content=\"Instala un widget hermoso de Galer\u00eda de YouTube en su p\u00e1gina web de Wix. Pruebe la demo de Elfsight f\u00e1cil de usar y cree su plugin personalizado.\" \/>\n<meta property=\"og:url\" content=\"https:\/\/elfsight.com\/es\/youtube-channel-plugin-yottie\/wix\/\" \/>\n<meta property=\"og:site_name\" content=\"Elfsight ES\" \/>\n<meta property=\"article:modified_time\" content=\"2026-01-13T10:03:31+00:00\" \/>\n<meta name=\"twitter:card\" content=\"summary_large_image\" \/>\n<meta name=\"twitter:label1\" content=\"Tiempo de lectura\" \/>\n\t<meta name=\"twitter:data1\" content=\"3 minutos\" \/>\n<!-- \/ Yoast SEO plugin. -->","yoast_head_json":{"title":"Galer\u00eda de YouTube - Empotrar plugin de Galer\u00eda de videos de YouTube al Wix","description":"Instala un widget hermoso de Galer\u00eda de YouTube en su p\u00e1gina web de Wix. Pruebe la demo de Elfsight f\u00e1cil de usar y cree su plugin personalizado.","robots":{"index":"index","follow":"follow","max-snippet":"max-snippet:-1","max-image-preview":"max-image-preview:large","max-video-preview":"max-video-preview:-1"},"canonical":"https:\/\/elfsight.com\/es\/youtube-channel-plugin-yottie\/wix\/","og_locale":"es_ES","og_type":"article","og_title":"Galer\u00eda de YouTube - Empotrar plugin de Galer\u00eda de videos de YouTube al Wix","og_description":"Instala un widget hermoso de Galer\u00eda de YouTube en su p\u00e1gina web de Wix. Pruebe la demo de Elfsight f\u00e1cil de usar y cree su plugin personalizado.","og_url":"https:\/\/elfsight.com\/es\/youtube-channel-plugin-yottie\/wix\/","og_site_name":"Elfsight ES","article_modified_time":"2026-01-13T10:03:31+00:00","twitter_card":"summary_large_image","twitter_misc":{"Tiempo de lectura":"3 minutos"},"schema":{"@context":"https:\/\/schema.org","@graph":[{"@type":"WebPage","@id":"https:\/\/elfsight.com\/es\/youtube-channel-plugin-yottie\/wix\/","url":"https:\/\/elfsight.com\/es\/youtube-channel-plugin-yottie\/wix\/","name":"Galer\u00eda de YouTube - Empotrar plugin de Galer\u00eda de videos de YouTube al Wix","isPartOf":{"@id":"https:\/\/elfsight.com\/es\/#website"},"datePublished":"2022-02-11T11:40:18+00:00","dateModified":"2026-01-13T10:03:31+00:00","description":"Instala un widget hermoso de Galer\u00eda de YouTube en su p\u00e1gina web de Wix. Pruebe la demo de Elfsight f\u00e1cil de usar y cree su plugin personalizado.","breadcrumb":{"@id":"https:\/\/elfsight.com\/es\/youtube-channel-plugin-yottie\/wix\/#breadcrumb"},"inLanguage":"es","potentialAction":[{"@type":"ReadAction","target":["https:\/\/elfsight.com\/es\/youtube-channel-plugin-yottie\/wix\/"]}]},{"@type":"BreadcrumbList","@id":"https:\/\/elfsight.com\/es\/youtube-channel-plugin-yottie\/wix\/#breadcrumb","itemListElement":[{"@type":"ListItem","position":1,"name":"Home","item":"https:\/\/elfsight.com\/es\/"},{"@type":"ListItem","position":2,"name":"YouTube Gallery","item":"https:\/\/elfsight.com\/es\/youtube-channel-plugin-yottie\/"},{"@type":"ListItem","position":3,"name":"YouTube Gallery &#8211; Wix"}]},{"@type":"WebSite","@id":"https:\/\/elfsight.com\/es\/#website","url":"https:\/\/elfsight.com\/es\/","name":"Elfsight ES","description":"Just another Elfsight Sites site","potentialAction":[{"@type":"SearchAction","target":{"@type":"EntryPoint","urlTemplate":"https:\/\/elfsight.com\/es\/?s={search_term_string}"},"query-input":{"@type":"PropertyValueSpecification","valueRequired":true,"valueName":"search_term_string"}}],"inLanguage":"es"}]}},"meta_box":{"industry":"","seo_heading":"","heading":"","description":"","cta_heading":"","cta_description":"","application":"1523","h1":"plugin de Galer\u00eda de YouTube para Wix","h1_caption":"Inserta una galer\u00eda de videos de YouTube para presentar contenido como tutoriales, testimonios o presentaciones de productos en tu sitio web Wix sin esfuerzo.","application_category":[],"applications_title":"","applications_request_title":"","applications_request_button_text":"","hero_text":"","hero_video":"","hero_video_schema_markup":"","selling_points_title":"","selling_points_caption":"","selling_points":[],"selling_points_cta_text":"","features_title":"","features":"","ed_cta_examples_text":"","ed_cta_examples_hidden":"","ed_cta_demo_text":"","ed_cta_demo_hidden":"","why_caption":"","why_editor_title":"","why_editor_text":"","why_team_title":"","why_team_text":"","why_service_title":"","why_service_text":"","template_catalog_visible":"0","template_catalog_title":"","template_catalog_text":"","template_catalog_categories_visible":"","demo_title":"Crea tu aplicaci\u00f3n Galer\u00eda de YouTube","demo_caption":"\u00a1Configura tu galer\u00eda de YouTube y agr\u00e9gala a tu sitio web Wix gratis!","default_faq_hidden":"","app_template_category":[],"platform":"112","template_public_id":"","codecanyon_url":"","codecanyon_item_id":"","codecanyon_price":"","pricing_caption":"","pricing_elfsight_apps_hide_column":"","pricing_elfsight_apps_url":"","pricing_codecanyon_price_caption":"","integration_category":[],"integration_request_title":"","integration_request_cta":"","integration_platform":"","integrations":[],"platform_category":[],"video_schema_markup":"","price":"desde $0 por mes","trial":"","benefits":[{"text":"Instalaci\u00f3n gratuita"},{"text":"Soporte Premium"},{"text":"14 d\u00edas garant\u00eda de reembolso"},{"text":"Actualizaciones regulares"}],"button_url":"#demo","button_target_blank":"0","button_nofollow":"0","attributes":[{"name":"Responsivo","content":"Si","_state":"expanded"},{"name":"Navegadores compatibles","content":"Firefox, Safari, Opera, Chrome, Edge","_state":"expanded"}],"tags":[],"tags_disable_links":"0","hide_more_platforms":"0","video_object":"","demo_hide_cta":"0","demo_hide_cloud_options":"0","pricing_title":"","pricing":[{"pricing_icon":"platform","pricing_title":" Elfsight Apps","pricing_title_caption":"Soluci\u00f3n multiplataforma - valido para cualquier p\u00e1gina web","pricing_price":"desde $0 por mes","pricing_price_caption":"empezar con un plan gratuito","pricing_benefits":[{"text":"Sitios web ilimitados"},{"text":"Atenci\u00f3n al cliente gratuita y r\u00e1pida"},{"text":"Servicio de instalaci\u00f3n gratuito"},{"text":"Totalmente personalizable"}],"pricing_button_text":"Agregar al sitio web","pricing_button_url":"#demo","_state":"expanded"}],"related_apps_title":"","related_apps_hidden":"1","author":"","image":[],"title":"","job":"","social_networks":[]},"_links":{"self":[{"href":"https:\/\/elfsight.com\/es\/wp-json\/wp\/v2\/pages\/4220","targetHints":{"allow":["GET"]}}],"collection":[{"href":"https:\/\/elfsight.com\/es\/wp-json\/wp\/v2\/pages"}],"about":[{"href":"https:\/\/elfsight.com\/es\/wp-json\/wp\/v2\/types\/page"}],"author":[{"embeddable":true,"href":"https:\/\/elfsight.com\/es\/wp-json\/wp\/v2\/users\/18"}],"replies":[{"embeddable":true,"href":"https:\/\/elfsight.com\/es\/wp-json\/wp\/v2\/comments?post=4220"}],"version-history":[{"count":4,"href":"https:\/\/elfsight.com\/es\/wp-json\/wp\/v2\/pages\/4220\/revisions"}],"predecessor-version":[{"id":20022,"href":"https:\/\/elfsight.com\/es\/wp-json\/wp\/v2\/pages\/4220\/revisions\/20022"}],"up":[{"embeddable":true,"href":"https:\/\/elfsight.com\/es\/wp-json\/wp\/v2\/pages\/1530"}],"wp:attachment":[{"href":"https:\/\/elfsight.com\/es\/wp-json\/wp\/v2\/media?parent=4220"}],"curies":[{"name":"wp","href":"https:\/\/api.w.org\/{rel}","templated":true}]}}