{"id":4184,"date":"2022-02-11T11:41:19","date_gmt":"2022-02-11T11:41:19","guid":{"rendered":"https:\/\/elfsight.com\/es\/?page_id=4184"},"modified":"2025-02-06T15:19:55","modified_gmt":"2025-02-06T15:19:55","slug":"magento","status":"publish","type":"page","link":"https:\/\/elfsight.com\/es\/youtube-channel-plugin-yottie\/magento\/","title":{"rendered":"YouTube Gallery &#8211; Magento"},"content":{"rendered":"<div class=\"application-platform-content-item-description application-platform-content-item\" id=\"description\" data-nav-section=\"description\"><\/p><h2>Descripci\u00f3n<\/h2><p>Un widget universal para YouTube, que permite agregar cualquier video en tu sitio web. Encuentra los mejores canales y videos individuales para armar tu lista de reproducci\u00f3n personalizada y emb\u00e9belo directamente en la p\u00e1gina web con el dise\u00f1o (galer\u00eda de videos, portafolio, canal, video \u00fanico). El widget de Elfsight es perfectamente adaptable a todos los dispositivos y plataformas, incluye m\u00e1s de 100 configuraciones, plantilla personalizable y varias caracter\u00edsticas que ayudan a mostrarlo en todos los sitios web.<\/p><p><b>Crea una galer\u00eda de videos interactiva personalizada para un mayor compromiso de tus usuarios.<\/b><\/p><ul><li><b>Aumenta la interacci\u00f3n con los visitantes de tu sitio web mediante videos de YouTube<\/b>.<br> Sorprende a los usuarios de tu sitio con contenido atractivo de YouTube y mant\u00e9n su inter\u00e9s m\u00e1s que antes.<\/li><li><b>Obt\u00e9n la m\u00e1xima cantidad de compras con contenido de YouTube<\/b>.<br> Integra videos comerciales, rese\u00f1as, tutoriales y mucho m\u00e1s, para brindar a tu audiencia la informaci\u00f3n m\u00e1s convincente sobre tus ofertas y ayudarles a realizar una compra.<\/li><li><b>Consigue fans targetizados para tu cuenta de YouTube<\/b>.<br> Convierte a los usuarios del sitio en tus suscriptores en YouTube. Muestra una forma r\u00e1pida y f\u00e1cil de ver videos y suscribirse a tu canal sin salir de tu sitio web.<\/li><\/ul><p><\/div><div class=\"application-platform-content-item-features application-platform-content-item\" id=\"features\" data-nav-section=\"features\"><\/p><h2>Caracter\u00edsticas<\/h2><p>Las caracter\u00edsticas m\u00e1s valiosas de este widget, que lo convierten en la mejor herramienta para integrar videos de YouTube en un sitio de Magento.<\/p><ul><li>Agregar fuentes por URL;<\/li><li>Opci\u00f3n de subir el logo del canal y banner del canal;<\/li><li>Establecer cualquier n\u00famero de columnas y filas;<\/li><li>13 elementos emergentes que se pueden activar\/desactivar;<\/li><li>Opciones de control de navegaci\u00f3n: flechas, desplazamiento, arrastre;<\/li><li>15 elementos pintables de video;<\/li><li>18 idiomas disponibles.<\/li><\/ul><p><a href=\"#demo\">Conoce la lista completa de caracter\u00edsticas en el editor<\/a><\/p><p><\/div><div class=\"application-platform-content-item-installation application-platform-content-item\" id=\"installation\" data-nav-section=\"installation\"><\/p><h2>\u00bfC\u00f3mo integrar la Galer\u00eda de YouTube en un sitio de Magento?<\/h2><p>Sigue simplemente las instrucciones a continuaci\u00f3n para comenzar a usar la extensi\u00f3n en Magento.<\/p> <ol><li><b>Usa nuestro configurador gratuito y empieza a crear tu widget personalizado. <\/b><br> Encuentra el dise\u00f1o y las caracter\u00edsticas preferidas de la herramienta y guarda los cambios. <\/li>  <li><b>Copiar tu c\u00f3digo individual que aparece en el cuadro de Elfsight Apps. <\/b><br> Tan pronto como termines de personalizar la extensi\u00f3n de YouTube, copia el c\u00f3digo individual en el cuadro que aparece y gu\u00e1rdalo para futuras necesidades. <\/li>  <li><b>Comienza a usar el widget en la p\u00e1gina de inicio de Magento. <\/b><br> Ingresa el c\u00f3digo copiado anteriormente en tu p\u00e1gina y aplica los cambios. <\/li>  <li><b>La instalaci\u00f3n ha sido completada exitosamente. <\/b><br> Visita tu p\u00e1gina para ver el rendimiento del widget. <\/li><\/ol><p>\u00bfEst\u00e1s teniendo problemas con la Galer\u00eda de YouTube durante la configuraci\u00f3n? Lee el art\u00edculo detallado \u00ab<a href=\"https:\/\/elfsight.com\/tutorials\/how-to-add-youtube-video-gallery-to-magento\/\" target=\"_blank\" rel=\"noopener noreferrer\">C\u00f3mo instalar YouTube en Magento<\/a>\u00bb y vuelve a intentarlo. O contacta al soporte de Elfsight enviando una descripci\u00f3n completa del problema.<\/p><p><\/div>","protected":false},"excerpt":{"rendered":"","protected":false},"author":18,"featured_media":0,"parent":1530,"menu_order":0,"comment_status":"closed","ping_status":"closed","template":"templates\/template-application-platform.php","meta":{"publish_to_discourse":"","publish_post_category":"","wpdc_auto_publish_overridden":"","wpdc_topic_tags":"","wpdc_pin_topic":"","wpdc_pin_until":"","discourse_post_id":"","discourse_permalink":"","wpdc_publishing_response":"","wpdc_publishing_error":"","footnotes":""},"class_list":["post-4184","page","type-page","status-publish","hentry"],"yoast_head":"<!-- This site is optimized with the Yoast SEO plugin v25.3.1 - https:\/\/yoast.com\/wordpress\/plugins\/seo\/ -->\n<title>Galer\u00eda de YouTube - Incluir plugin de Galer\u00eda de videos de YouTube al Magento<\/title>\n<meta name=\"description\" content=\"Instala un extention interactivo de Galer\u00eda de YouTube en su sitio de Magento. Aplique la demo de Elfsight intuitiva y construe su plugin propio.\" \/>\n<meta name=\"robots\" content=\"index, follow, max-snippet:-1, max-image-preview:large, max-video-preview:-1\" \/>\n<link rel=\"canonical\" href=\"https:\/\/elfsight.com\/es\/youtube-channel-plugin-yottie\/magento\/\" \/>\n<meta property=\"og:locale\" content=\"es_ES\" \/>\n<meta property=\"og:type\" content=\"article\" \/>\n<meta property=\"og:title\" content=\"Galer\u00eda de YouTube - Incluir plugin de Galer\u00eda de videos de YouTube al Magento\" \/>\n<meta property=\"og:description\" content=\"Instala un extention interactivo de Galer\u00eda de YouTube en su sitio de Magento. Aplique la demo de Elfsight intuitiva y construe su plugin propio.\" \/>\n<meta property=\"og:url\" content=\"https:\/\/elfsight.com\/es\/youtube-channel-plugin-yottie\/magento\/\" \/>\n<meta property=\"og:site_name\" content=\"Elfsight ES\" \/>\n<meta property=\"article:modified_time\" content=\"2025-02-06T15:19:55+00:00\" \/>\n<meta name=\"twitter:card\" content=\"summary_large_image\" \/>\n<meta name=\"twitter:label1\" content=\"Tiempo de lectura\" \/>\n\t<meta name=\"twitter:data1\" content=\"1 minuto\" \/>\n<!-- \/ Yoast SEO plugin. -->","yoast_head_json":{"title":"Galer\u00eda de YouTube - Incluir plugin de Galer\u00eda de videos de YouTube al Magento","description":"Instala un extention interactivo de Galer\u00eda de YouTube en su sitio de Magento. Aplique la demo de Elfsight intuitiva y construe su plugin propio.","robots":{"index":"index","follow":"follow","max-snippet":"max-snippet:-1","max-image-preview":"max-image-preview:large","max-video-preview":"max-video-preview:-1"},"canonical":"https:\/\/elfsight.com\/es\/youtube-channel-plugin-yottie\/magento\/","og_locale":"es_ES","og_type":"article","og_title":"Galer\u00eda de YouTube - Incluir plugin de Galer\u00eda de videos de YouTube al Magento","og_description":"Instala un extention interactivo de Galer\u00eda de YouTube en su sitio de Magento. Aplique la demo de Elfsight intuitiva y construe su plugin propio.","og_url":"https:\/\/elfsight.com\/es\/youtube-channel-plugin-yottie\/magento\/","og_site_name":"Elfsight ES","article_modified_time":"2025-02-06T15:19:55+00:00","twitter_card":"summary_large_image","twitter_misc":{"Tiempo de lectura":"1 minuto"},"schema":{"@context":"https:\/\/schema.org","@graph":[{"@type":"WebPage","@id":"https:\/\/elfsight.com\/es\/youtube-channel-plugin-yottie\/magento\/","url":"https:\/\/elfsight.com\/es\/youtube-channel-plugin-yottie\/magento\/","name":"Galer\u00eda de YouTube - Incluir plugin de Galer\u00eda de videos de YouTube al Magento","isPartOf":{"@id":"https:\/\/elfsight.com\/es\/#website"},"datePublished":"2022-02-11T11:41:19+00:00","dateModified":"2025-02-06T15:19:55+00:00","description":"Instala un extention interactivo de Galer\u00eda de YouTube en su sitio de Magento. Aplique la demo de Elfsight intuitiva y construe su plugin propio.","breadcrumb":{"@id":"https:\/\/elfsight.com\/es\/youtube-channel-plugin-yottie\/magento\/#breadcrumb"},"inLanguage":"es","potentialAction":[{"@type":"ReadAction","target":["https:\/\/elfsight.com\/es\/youtube-channel-plugin-yottie\/magento\/"]}]},{"@type":"BreadcrumbList","@id":"https:\/\/elfsight.com\/es\/youtube-channel-plugin-yottie\/magento\/#breadcrumb","itemListElement":[{"@type":"ListItem","position":1,"name":"Home","item":"https:\/\/elfsight.com\/es\/"},{"@type":"ListItem","position":2,"name":"YouTube Gallery","item":"https:\/\/elfsight.com\/es\/youtube-channel-plugin-yottie\/"},{"@type":"ListItem","position":3,"name":"YouTube Gallery &#8211; Magento"}]},{"@type":"WebSite","@id":"https:\/\/elfsight.com\/es\/#website","url":"https:\/\/elfsight.com\/es\/","name":"Elfsight ES","description":"Just another Elfsight Sites site","potentialAction":[{"@type":"SearchAction","target":{"@type":"EntryPoint","urlTemplate":"https:\/\/elfsight.com\/es\/?s={search_term_string}"},"query-input":{"@type":"PropertyValueSpecification","valueRequired":true,"valueName":"search_term_string"}}],"inLanguage":"es"}]}},"meta_box":{"industry":"","seo_heading":"","heading":"","description":"","cta_heading":"","cta_description":"","application":"1523","h1":"complemento de Galer\u00eda de YouTube para Magento","h1_caption":"Incruste una galer\u00eda de videos de YouTube para presentar contenido como tutoriales, testimonios o exhibiciones de productos en su sitio web en su sitio web Magento sin esfuerzo.","application_category":[],"applications_title":"","applications_request_title":"","applications_request_button_text":"","hero_text":"","hero_video":"","hero_video_schema_markup":"","selling_points_title":"","selling_points_caption":"","selling_points":[],"selling_points_cta_text":"","features_title":"","features":"","ed_cta_examples_text":"","ed_cta_examples_hidden":"","ed_cta_demo_text":"","ed_cta_demo_hidden":"","why_caption":"","why_editor_title":"","why_editor_text":"","why_team_title":"","why_team_text":"","why_service_title":"","why_service_text":"","template_catalog_visible":"","template_catalog_title":"","template_catalog_text":"","template_catalog_categories_visible":"","demo_title":"Crea tu extensi\u00f3n de la Galer\u00eda de YouTube","demo_caption":"\u00a1Configura tu galer\u00eda de YouTube y agr\u00e9gala a tu sitio web Magento gratis!","default_faq_hidden":"","app_template_category":[],"platform":"82","template_public_id":"","codecanyon_url":"","codecanyon_item_id":"","codecanyon_price":"","pricing_caption":"","pricing_elfsight_apps_hide_column":"","pricing_elfsight_apps_url":"","pricing_codecanyon_price_caption":"","integration_category":[],"integration_request_title":"","integration_request_cta":"","integration_platform":"","integrations":[],"platform_category":[],"video_schema_markup":"","price":"desde $0 por mes","trial":"","benefits":[{"text":"Instalaci\u00f3n gratuita"},{"text":"Soporte Premium"},{"text":"14 d\u00edas garant\u00eda de reembolso"},{"text":"Actualizaciones regulares"}],"button_url":"#demo","button_target_blank":"0","button_nofollow":"0","attributes":[{"name":"Responsivo","content":"Si","_state":"expanded"},{"name":"Navegadores compatibles","content":"Firefox, Safari, Opera, Chrome, Edge","_state":"expanded"}],"tags":[],"tags_disable_links":"0","hide_more_platforms":"","video_object":"","demo_hide_cta":"0","demo_hide_cloud_options":"0","pricing_title":"","pricing":[{"pricing_icon":"platform","pricing_title":" Elfsight Apps","pricing_title_caption":"Soluci\u00f3n multiplataforma - valido para cualquier p\u00e1gina web","pricing_price":"desde $0 por mes","pricing_price_caption":"empezar con un plan gratuito","pricing_benefits":[{"text":"Sitios web ilimitados"},{"text":"Atenci\u00f3n al cliente gratuita y r\u00e1pida"},{"text":"Servicio de instalaci\u00f3n gratuito"},{"text":"Totalmente personalizable"}],"pricing_button_text":"Agregar al sitio web","pricing_button_url":"#demo","_state":"expanded"}],"related_apps_title":"","related_apps_hidden":"1","author":"","image":[],"title":"","job":"","social_networks":[]},"_links":{"self":[{"href":"https:\/\/elfsight.com\/es\/wp-json\/wp\/v2\/pages\/4184","targetHints":{"allow":["GET"]}}],"collection":[{"href":"https:\/\/elfsight.com\/es\/wp-json\/wp\/v2\/pages"}],"about":[{"href":"https:\/\/elfsight.com\/es\/wp-json\/wp\/v2\/types\/page"}],"author":[{"embeddable":true,"href":"https:\/\/elfsight.com\/es\/wp-json\/wp\/v2\/users\/18"}],"replies":[{"embeddable":true,"href":"https:\/\/elfsight.com\/es\/wp-json\/wp\/v2\/comments?post=4184"}],"version-history":[{"count":3,"href":"https:\/\/elfsight.com\/es\/wp-json\/wp\/v2\/pages\/4184\/revisions"}],"predecessor-version":[{"id":18117,"href":"https:\/\/elfsight.com\/es\/wp-json\/wp\/v2\/pages\/4184\/revisions\/18117"}],"up":[{"embeddable":true,"href":"https:\/\/elfsight.com\/es\/wp-json\/wp\/v2\/pages\/1530"}],"wp:attachment":[{"href":"https:\/\/elfsight.com\/es\/wp-json\/wp\/v2\/media?parent=4184"}],"curies":[{"name":"wp","href":"https:\/\/api.w.org\/{rel}","templated":true}]}}