{"id":4176,"date":"2022-02-11T11:41:35","date_gmt":"2022-02-11T11:41:35","guid":{"rendered":"https:\/\/elfsight.com\/es\/?page_id=4176"},"modified":"2025-02-06T15:19:55","modified_gmt":"2025-02-06T15:19:55","slug":"jquery","status":"publish","type":"page","link":"https:\/\/elfsight.com\/es\/youtube-channel-plugin-yottie\/jquery\/","title":{"rendered":"YouTube Gallery &#8211; jQuery"},"content":{"rendered":"<div class=\"application-platform-content-item-description application-platform-content-item\" id=\"description\" data-nav-section=\"description\"><h2>Descripci\u00f3n<\/h2><p>Un plugin multifuncional para YouTube, que permite reproducir una variedad de videos en el sitio web. Elige los canales y clips de video adecuados para compilar tu lista de reproducci\u00f3n personal e integrarla directamente en la p\u00e1gina utilizando el dise\u00f1o m\u00e1s adecuado (galer\u00eda de videos, portafolio, canal, video \u00fanico). El plugin de Elfsight es compatible con todos los dispositivos y plataformas; tiene m\u00e1s de 100 par\u00e1metros, dise\u00f1o adaptable y muchas otras caracter\u00edsticas que te permiten mostrarlo en cualquier sitio web.<\/p><p><b>Crea una galer\u00eda de videos eficiente y personalizada para aumentar la atenci\u00f3n de tus lectores.<\/b><\/p><ul><li><b>Refuerza la interacci\u00f3n con la audiencia de tu sitio web a trav\u00e9s de los videos de YouTube<\/b><br>Atrae a los visitantes de tu sitio con videos atractivos de YouTube y mantenlos interesados m\u00e1s que nunca.<\/li><li><b>Gana m\u00e1s clientes con contenido de video<\/b><br>Muestra rese\u00f1as de videos, res\u00famenes, tutoriales y mucho m\u00e1s para brindar a los usuarios informaci\u00f3n detallada sobre tus productos y guiarlos a realizar una compra.<\/li><li><b>M\u00e1s seguidores para tu canal de YouTube<\/b><br>Convierte a los visitantes de tu sitio en tus seguidores en YouTube. Integra un m\u00e9todo r\u00e1pido y f\u00e1cil para que se familiaricen con los videos y se unan al canal directamente desde la p\u00e1gina.<\/li><\/ul><\/div><div class=\"application-platform-content-item-features application-platform-content-item\" id=\"features\" data-nav-section=\"features\"><h2>Caracter\u00edsticas<\/h2><p>Las ventajas de nuestro plugin, que lo convierten en el mejor m\u00e9todo para insertar videos de YouTube en un sitio JQuery.<\/p><ul><li>A\u00f1adir fuentes mediante URL;<\/li><li>8 elementos intercambiables en el encabezado;<\/li><li>Establecer espacio entre videos;<\/li><li>Contadores de vistas y me gusta en los videos;<\/li><li>Opci\u00f3n de reproducci\u00f3n autom\u00e1tica con velocidad ajustable;<\/li><li>15 elementos pintables de video;<\/li><li>Compatible con AdSense para monetizaci\u00f3n de contenido;<\/li><\/ul><p><a href=\"#demo\">Conoce todas las caracter\u00edsticas en el panel<\/a><\/p><\/div><div class=\"application-platform-content-item-installation application-platform-content-item\" id=\"installation\" data-nav-section=\"installation\"><h2>\u00bfC\u00f3mo incrustar un control deslizante de YouTube en un sitio web jQuery?<\/h2><p>Un peque\u00f1o plan de nuestro equipo sobre la instalaci\u00f3n y personalizaci\u00f3n de la Galer\u00eda de Videos sin conocimientos en desarrollo. El tiempo total de configuraci\u00f3n no supera los 90 segundos.<\/p><ol><li><b>Genera tu plugin de YouTube personalizado<\/b><br>Con la ayuda de nuestra demo gratuita, genera un plugin con el dise\u00f1o y las capacidades deseadas.<\/li><li><b>Obt\u00e9n el c\u00f3digo para la integraci\u00f3n del plugin<\/b><br>Despu\u00e9s de ajustar el plugin, obt\u00e9n el c\u00f3digo para la Galer\u00eda de Videos desde la notificaci\u00f3n emergente en Elfsight Apps.<\/li><li><b>Coloca el plugin en el sitio web jQuery<\/b><br>Inserta el plugin en el lugar requerido del sitio web y aplica los cambios.<\/li><li><b>\u00a1Listo!<\/b><br>Visita tu sitio web para ver tu plugin en acci\u00f3n.<\/li><\/ol><p>\u00bfTuviste problemas durante la instalaci\u00f3n o cambio de par\u00e1metros de la Galer\u00eda de YouTube? Consulta un <a href=\"https:\/\/elfsight.com\/tutorials\/how-to-add-youtube-video-gallery-to-jquery\/\" target=\"_blank\" rel=\"noopener noreferrer\">art\u00edculo completo<\/a> o env\u00eda una solicitud al centro de ayuda con una descripci\u00f3n completa de tu problema.<\/p><\/div><div class=\"faq\" data-component=\"FAQ\"><div class=\"faq-item\">\r\n\t\t\t\t\t<div class=\"faq-item-question\">\r\n\t\t\t\t\t\t<h3 class=\"faq-item-question-text\">\u00bfC\u00f3mo puedo agregar una Galer\u00eda de YouTube al sitio jQuery?<\/h3>\r\n\r\n\t\t\t\t\t\t<div class=\"faq-item-question-icon\"><\/div>\r\n\t\t\t\t\t<\/div>\r\n\r\n\t\t\t\t\t<div class=\"faq-item-answer\">\r\n\t\t\t\t\t\t<div class=\"faq-item-answer-text\"><p>La creaci\u00f3n de la herramienta se realiza en el sitio de Elfsight y no necesitas programar. Usa nuestra demo en vivo para personalizar tu propio plugin, obtener el c\u00f3digo y pegarlo en tu sitio web.<\/p><\/div>\r\n\t\t\t\t\t<\/div>\r\n\t\t\t\t<\/div><div class=\"faq-item\">\r\n\t\t\t\t\t<div class=\"faq-item-question\">\r\n\t\t\t\t\t\t<h3 class=\"faq-item-question-text\">Las mejores formas de usar la integraci\u00f3n de la Galer\u00eda de Videos de YouTube<\/h3>\r\n\r\n\t\t\t\t\t\t<div class=\"faq-item-question-icon\"><\/div>\r\n\t\t\t\t\t<\/div>\r\n\r\n\t\t\t\t\t<div class=\"faq-item-answer\">\r\n\t\t\t\t\t\t<div class=\"faq-item-answer-text\"><p>Tenemos una multitud de opciones de ajuste: widgets a escala completa para agregar en el \u00e1rea de contenido, plugins flotantes con funci\u00f3n de desplazamiento, dise\u00f1os para el pie de p\u00e1gina, encabezado y todas las variaciones de opciones verticales para barras laterales y men\u00fas del sitio web.<\/p><\/div>\r\n\t\t\t\t\t<\/div>\r\n\t\t\t\t<\/div><div class=\"faq-item\">\r\n\t\t\t\t\t<div class=\"faq-item-question\">\r\n\t\t\t\t\t\t<h3 class=\"faq-item-question-text\">\u00bfPuedo crear una cuadr\u00edcula de videos o una lista de reproducci\u00f3n de YouTube con la ayuda del editor?<\/h3>\r\n\r\n\t\t\t\t\t\t<div class=\"faq-item-question-icon\"><\/div>\r\n\t\t\t\t\t<\/div>\r\n\r\n\t\t\t\t\t<div class=\"faq-item-answer\">\r\n\t\t\t\t\t\t<div class=\"faq-item-answer-text\"><p>Puedes hacer cualquier modificaci\u00f3n en los widgets. Hay muchos dise\u00f1os disponibles en el editor, y todos ellos pueden ser f\u00e1cilmente personalizados como lo necesites.<\/p><\/div>\r\n\t\t\t\t\t<\/div>\r\n\t\t\t\t<\/div><\/div>","protected":false},"excerpt":{"rendered":"","protected":false},"author":18,"featured_media":0,"parent":1530,"menu_order":0,"comment_status":"closed","ping_status":"closed","template":"templates\/template-application-platform.php","meta":{"publish_to_discourse":"","publish_post_category":"","wpdc_auto_publish_overridden":"","wpdc_topic_tags":"","wpdc_pin_topic":"","wpdc_pin_until":"","discourse_post_id":"","discourse_permalink":"","wpdc_publishing_response":"","wpdc_publishing_error":"","footnotes":""},"class_list":["post-4176","page","type-page","status-publish","hentry"],"yoast_head":"<!-- This site is optimized with the Yoast SEO plugin v25.3.1 - https:\/\/yoast.com\/wordpress\/plugins\/seo\/ -->\n<title>Galer\u00eda de YouTube - Incorporar widget de Galer\u00eda de videos de YouTube al jQuery<\/title>\n<meta name=\"description\" content=\"Instala un widget responsivo de Galer\u00eda de YouTube en su p\u00e1gina web de jQuery. Use la demo de Elfsight manejable y cree su widget \u00fanico.\" \/>\n<meta name=\"robots\" content=\"index, follow, max-snippet:-1, max-image-preview:large, max-video-preview:-1\" \/>\n<link rel=\"canonical\" href=\"https:\/\/elfsight.com\/es\/youtube-channel-plugin-yottie\/jquery\/\" \/>\n<meta property=\"og:locale\" content=\"es_ES\" \/>\n<meta property=\"og:type\" content=\"article\" \/>\n<meta property=\"og:title\" content=\"Galer\u00eda de YouTube - Incorporar widget de Galer\u00eda de videos de YouTube al jQuery\" \/>\n<meta property=\"og:description\" content=\"Instala un widget responsivo de Galer\u00eda de YouTube en su p\u00e1gina web de jQuery. Use la demo de Elfsight manejable y cree su widget \u00fanico.\" \/>\n<meta property=\"og:url\" content=\"https:\/\/elfsight.com\/es\/youtube-channel-plugin-yottie\/jquery\/\" \/>\n<meta property=\"og:site_name\" content=\"Elfsight ES\" \/>\n<meta property=\"article:modified_time\" content=\"2025-02-06T15:19:55+00:00\" \/>\n<meta name=\"twitter:card\" content=\"summary_large_image\" \/>\n<meta name=\"twitter:label1\" content=\"Tiempo de lectura\" \/>\n\t<meta name=\"twitter:data1\" content=\"1 minuto\" \/>\n<!-- \/ Yoast SEO plugin. -->","yoast_head_json":{"title":"Galer\u00eda de YouTube - Incorporar widget de Galer\u00eda de videos de YouTube al jQuery","description":"Instala un widget responsivo de Galer\u00eda de YouTube en su p\u00e1gina web de jQuery. Use la demo de Elfsight manejable y cree su widget \u00fanico.","robots":{"index":"index","follow":"follow","max-snippet":"max-snippet:-1","max-image-preview":"max-image-preview:large","max-video-preview":"max-video-preview:-1"},"canonical":"https:\/\/elfsight.com\/es\/youtube-channel-plugin-yottie\/jquery\/","og_locale":"es_ES","og_type":"article","og_title":"Galer\u00eda de YouTube - Incorporar widget de Galer\u00eda de videos de YouTube al jQuery","og_description":"Instala un widget responsivo de Galer\u00eda de YouTube en su p\u00e1gina web de jQuery. Use la demo de Elfsight manejable y cree su widget \u00fanico.","og_url":"https:\/\/elfsight.com\/es\/youtube-channel-plugin-yottie\/jquery\/","og_site_name":"Elfsight ES","article_modified_time":"2025-02-06T15:19:55+00:00","twitter_card":"summary_large_image","twitter_misc":{"Tiempo de lectura":"1 minuto"},"schema":{"@context":"https:\/\/schema.org","@graph":[{"@type":"WebPage","@id":"https:\/\/elfsight.com\/es\/youtube-channel-plugin-yottie\/jquery\/","url":"https:\/\/elfsight.com\/es\/youtube-channel-plugin-yottie\/jquery\/","name":"Galer\u00eda de YouTube - Incorporar widget de Galer\u00eda de videos de YouTube al jQuery","isPartOf":{"@id":"https:\/\/elfsight.com\/es\/#website"},"datePublished":"2022-02-11T11:41:35+00:00","dateModified":"2025-02-06T15:19:55+00:00","description":"Instala un widget responsivo de Galer\u00eda de YouTube en su p\u00e1gina web de jQuery. Use la demo de Elfsight manejable y cree su widget \u00fanico.","breadcrumb":{"@id":"https:\/\/elfsight.com\/es\/youtube-channel-plugin-yottie\/jquery\/#breadcrumb"},"inLanguage":"es","potentialAction":[{"@type":"ReadAction","target":["https:\/\/elfsight.com\/es\/youtube-channel-plugin-yottie\/jquery\/"]}]},{"@type":"BreadcrumbList","@id":"https:\/\/elfsight.com\/es\/youtube-channel-plugin-yottie\/jquery\/#breadcrumb","itemListElement":[{"@type":"ListItem","position":1,"name":"Home","item":"https:\/\/elfsight.com\/es\/"},{"@type":"ListItem","position":2,"name":"YouTube Gallery","item":"https:\/\/elfsight.com\/es\/youtube-channel-plugin-yottie\/"},{"@type":"ListItem","position":3,"name":"YouTube Gallery &#8211; jQuery"}]},{"@type":"WebSite","@id":"https:\/\/elfsight.com\/es\/#website","url":"https:\/\/elfsight.com\/es\/","name":"Elfsight ES","description":"Just another Elfsight Sites site","potentialAction":[{"@type":"SearchAction","target":{"@type":"EntryPoint","urlTemplate":"https:\/\/elfsight.com\/es\/?s={search_term_string}"},"query-input":{"@type":"PropertyValueSpecification","valueRequired":true,"valueName":"search_term_string"}}],"inLanguage":"es"}]}},"meta_box":{"industry":"","seo_heading":"","heading":"","description":"","cta_heading":"","cta_description":"","application":"1523","h1":"Widget de Galer\u00eda de YouTube para jQuery","h1_caption":"Incruste una galer\u00eda de videos de YouTube para presentar contenido como tutoriales, testimonios o exhibiciones de productos en su sitio web en su sitio web jQuery sin esfuerzo.","application_category":[],"applications_title":"","applications_request_title":"","applications_request_button_text":"","hero_text":"","hero_video":"","hero_video_schema_markup":"","selling_points_title":"","selling_points_caption":"","selling_points":[],"selling_points_cta_text":"","features_title":"","features":"","ed_cta_examples_text":"","ed_cta_examples_hidden":"","ed_cta_demo_text":"","ed_cta_demo_hidden":"","why_caption":"","why_editor_title":"","why_editor_text":"","why_team_title":"","why_team_text":"","why_service_title":"","why_service_text":"","template_catalog_visible":"","template_catalog_title":"","template_catalog_text":"","template_catalog_categories_visible":"","demo_title":"Crea tu complemento de la galer\u00eda de YouTube","demo_caption":"\u00a1Configura tu galer\u00eda de YouTube y agr\u00e9gala a tu sitio web jQuery gratis!","default_faq_hidden":"","app_template_category":[],"platform":"76","template_public_id":"","codecanyon_url":"","codecanyon_item_id":"","codecanyon_price":"","pricing_caption":"","pricing_elfsight_apps_hide_column":"","pricing_elfsight_apps_url":"","pricing_codecanyon_price_caption":"","integration_category":[],"integration_request_title":"","integration_request_cta":"","integration_platform":"","integrations":[],"platform_category":[],"video_schema_markup":"","price":"desde $0 por mes","trial":"","benefits":[{"text":"Instalaci\u00f3n gratuita"},{"text":"Soporte Premium"},{"text":"14 d\u00edas garant\u00eda de reembolso"},{"text":"Actualizaciones regulares"}],"button_url":"#demo","button_target_blank":"0","button_nofollow":"0","attributes":[{"name":"Responsivo","content":"Si","_state":"expanded"},{"name":"Navegadores compatibles","content":"Firefox, Safari, Opera, Chrome, Edge","_state":"expanded"}],"tags":[],"tags_disable_links":"0","hide_more_platforms":"","video_object":"","demo_hide_cta":"0","demo_hide_cloud_options":"0","pricing_title":"","pricing":[{"pricing_icon":"platform","pricing_title":" Elfsight Apps","pricing_title_caption":"Soluci\u00f3n multiplataforma - valido para cualquier p\u00e1gina web","pricing_price":"desde $0 por mes","pricing_price_caption":"empezar con un plan gratuito","pricing_benefits":[{"text":"Sitios web ilimitados"},{"text":"Atenci\u00f3n al cliente gratuita y r\u00e1pida"},{"text":"Servicio de instalaci\u00f3n gratuito"},{"text":"Totalmente personalizable"}],"pricing_button_text":"Agregar al sitio web","pricing_button_url":"#demo","_state":"expanded"}],"related_apps_title":"","related_apps_hidden":"1","author":"","image":[],"title":"","job":"","social_networks":[]},"_links":{"self":[{"href":"https:\/\/elfsight.com\/es\/wp-json\/wp\/v2\/pages\/4176","targetHints":{"allow":["GET"]}}],"collection":[{"href":"https:\/\/elfsight.com\/es\/wp-json\/wp\/v2\/pages"}],"about":[{"href":"https:\/\/elfsight.com\/es\/wp-json\/wp\/v2\/types\/page"}],"author":[{"embeddable":true,"href":"https:\/\/elfsight.com\/es\/wp-json\/wp\/v2\/users\/18"}],"replies":[{"embeddable":true,"href":"https:\/\/elfsight.com\/es\/wp-json\/wp\/v2\/comments?post=4176"}],"version-history":[{"count":3,"href":"https:\/\/elfsight.com\/es\/wp-json\/wp\/v2\/pages\/4176\/revisions"}],"predecessor-version":[{"id":18115,"href":"https:\/\/elfsight.com\/es\/wp-json\/wp\/v2\/pages\/4176\/revisions\/18115"}],"up":[{"embeddable":true,"href":"https:\/\/elfsight.com\/es\/wp-json\/wp\/v2\/pages\/1530"}],"wp:attachment":[{"href":"https:\/\/elfsight.com\/es\/wp-json\/wp\/v2\/media?parent=4176"}],"curies":[{"name":"wp","href":"https:\/\/api.w.org\/{rel}","templated":true}]}}