{"id":4172,"date":"2022-02-11T11:41:44","date_gmt":"2022-02-11T11:41:44","guid":{"rendered":"https:\/\/elfsight.com\/es\/?page_id=4172"},"modified":"2025-02-06T15:19:47","modified_gmt":"2025-02-06T15:19:47","slug":"joomla","status":"publish","type":"page","link":"https:\/\/elfsight.com\/es\/youtube-channel-plugin-yottie\/joomla\/","title":{"rendered":"YouTube Gallery &#8211; Joomla"},"content":{"rendered":"<div class=\"application-platform-content-item-description application-platform-content-item\" id=\"description\" data-nav-section=\"description\"><h2>Descripci\u00f3n<\/h2><p>Un plugin multifuncional para YouTube, que te permite incrustar todo tipo de videos en tu sitio web. Selecciona los canales deseados y los clips de video individuales para crear tu propia lista de reproducci\u00f3n y mostrarla directamente en la p\u00e1gina con el dise\u00f1o adecuado (galer\u00eda de videos, portafolio, canal, video \u00fanico). Nuestro plugin es perfectamente adaptable a todos los dispositivos y sistemas; cuenta con m\u00e1s de 100 opciones, un dise\u00f1o flexible y muchas otras caracter\u00edsticas, que te permiten integrarlo en diversos sitios web.<\/p><p><b>Crea una galer\u00eda de videos personalizada y efectiva para captar la m\u00e1xima atenci\u00f3n de tus clientes.<\/b><\/p><ul><li><b>Aumenta la cooperaci\u00f3n con la audiencia de tu sitio web con el apoyo de los videos de YouTube<\/b><br>Atrae a la audiencia de tu sitio con contenido genial de YouTube y mantenlos m\u00e1s interesados que nunca.<\/li><li><b>Deja que el contenido promocional de YouTube atraiga m\u00e1s ventas<\/b><br>Incrusta videos promocionales, videos anal\u00edticos, gu\u00edas, res\u00famenes y m\u00e1s para proporcionar a los usuarios toda la informaci\u00f3n sobre tus ofertas y motivarlos a realizar un pedido.<\/li><li><b>Los mejores seguidores para tu p\u00e1gina de YouTube<\/b><br>Convierte a los visitantes de tu sitio en tus seguidores en YouTube. Muestra una forma r\u00e1pida y sencilla de ver videos y seguir tu canal directamente desde el sitio.<\/li><\/ul><\/div><div class=\"application-platform-content-item-features application-platform-content-item\" id=\"features\" data-nav-section=\"features\"><h2>Caracter\u00edsticas<\/h2><p>Las ventajas del plugin de Elfsight, que lo convierten en la mejor herramienta para incrustar videos de YouTube en una p\u00e1gina de Joomla.<\/p><ul><li>A\u00f1adir videos individuales, canales o listas de reproducci\u00f3n;<\/li><li>Elegir el dise\u00f1o del encabezado: Cl\u00e1sico, Accent, Minimal;<\/li><li>Cambiar el ancho del widget;<\/li><li>3 modos de reproducci\u00f3n: Inline, en ventana emergente y redirigir a YouTube;<\/li><li>Modo opcional gratuito para desplazar videos uno por uno;<\/li><li>5 esquemas de color listos;<\/li><li>18 idiomas disponibles.<\/li><\/ul><p><a href=\"#demo\">Prueba toda la lista de caracter\u00edsticas en el editor<\/a><\/p><\/div><div class=\"application-platform-content-item-installation application-platform-content-item\" id=\"installation\" data-nav-section=\"installation\"><h2>\u00bfC\u00f3mo incrustar el plugin de Galer\u00eda de Videos de YouTube en un sitio Joomla?<\/h2><div class=\"video-container\"><iframe width=\"720\" height=\"405\" src=\"https:\/\/www.youtube.com\/embed\/Qg-cJ6_mHLk\" frameborder=\"0\" allowfullscreen=\"\"><\/iframe><\/div><p>Una instrucci\u00f3n sencilla de Elfsight sobre c\u00f3mo mostrar y personalizar la extensi\u00f3n sin experiencia en programaci\u00f3n web. El tiempo total de configuraci\u00f3n es de unos 60 segundos.<\/p><ol><li><b>Realiza nuestro configurador gratuito y comienza a crear tu extensi\u00f3n personalizada.<\/b><br>Elige el dise\u00f1o adecuado y las caracter\u00edsticas de la extensi\u00f3n y aplica todos los cambios.<\/li><li><b>Copiar el c\u00f3digo personal que aparece en la caja en Elfsight Apps.<\/b><br>Cuando la configuraci\u00f3n de la extensi\u00f3n est\u00e9 completa, copia el c\u00f3digo personal de la caja emergente y gu\u00e1rdalo para su uso posterior.<\/li><li><b>Comienza a usar la extensi\u00f3n en tu sitio Joomla.<\/b><br>Pega el c\u00f3digo guardado previamente en tu sitio web y aplica los cambios.<\/li><li><b>La configuraci\u00f3n est\u00e1 completamente terminada.<\/b><br>Visita tu sitio web para ver la extensi\u00f3n en acci\u00f3n.<\/li><\/ol><p>\u00bfTuviste problemas al instalar o cambiar par\u00e1metros de la extensi\u00f3n de YouTube? Consulta el art\u00edculo completo \u00ab<a href=\"https:\/\/elfsight.com\/tutorials\/how-to-add-youtube-gallery-plugin-to-joomla\/\" target=\"_blank\" rel=\"noopener noreferrer\">C\u00f3mo agregar YouTube en Joomla<\/a>\u00bb o contacta al soporte al cliente de Elfsight con una descripci\u00f3n detallada de tu problema.<\/p><\/div><div class=\"faq\" data-component=\"FAQ\"><div class=\"faq-item\">\r\n\t\t\t\t\t<div class=\"faq-item-question\">\r\n\t\t\t\t\t\t<h3 class=\"faq-item-question-text\">\u00bfC\u00f3mo agregar una Galer\u00eda de YouTube al sitio Joomla?<\/h3>\r\n\r\n\t\t\t\t\t\t<div class=\"faq-item-question-icon\"><\/div>\r\n\t\t\t\t\t<\/div>\r\n\r\n\t\t\t\t\t<div class=\"faq-item-answer\">\r\n\t\t\t\t\t\t<div class=\"faq-item-answer-text\"><p>La creaci\u00f3n de la herramienta se realiza en el sitio de Elfsight y no necesitas programar. Usa nuestra demo activa para personalizar tu propio plugin, obtener el c\u00f3digo y agregarlo a tu sitio.<\/p><\/div>\r\n\t\t\t\t\t<\/div>\r\n\t\t\t\t<\/div><div class=\"faq-item\">\r\n\t\t\t\t\t<div class=\"faq-item-question\">\r\n\t\t\t\t\t\t<h3 class=\"faq-item-question-text\">Las mejores maneras de usar la integraci\u00f3n del plugin de YouTube Video<\/h3>\r\n\r\n\t\t\t\t\t\t<div class=\"faq-item-question-icon\"><\/div>\r\n\t\t\t\t\t<\/div>\r\n\r\n\t\t\t\t\t<div class=\"faq-item-answer\">\r\n\t\t\t\t\t\t<div class=\"faq-item-answer-text\"><p>Tenemos muchas opciones de personalizaci\u00f3n: widgets a escala completa para agregar al \u00e1rea de contenido, widgets flotantes con opci\u00f3n de desplazamiento, dise\u00f1os para el pie de p\u00e1gina, encabezado y todas las opciones verticales para barras laterales y men\u00fas del sitio web.<\/p><\/div>\r\n\t\t\t\t\t<\/div>\r\n\t\t\t\t<\/div><div class=\"faq-item\">\r\n\t\t\t\t\t<div class=\"faq-item-question\">\r\n\t\t\t\t\t\t<h3 class=\"faq-item-question-text\">\u00bfPuedo crear un widget de Lista de Reproducci\u00f3n de YouTube o Video \u00danico mediante el editor?<\/h3>\r\n\r\n\t\t\t\t\t\t<div class=\"faq-item-question-icon\"><\/div>\r\n\t\t\t\t\t<\/div>\r\n\r\n\t\t\t\t\t<div class=\"faq-item-answer\">\r\n\t\t\t\t\t\t<div class=\"faq-item-answer-text\"><p>Puedes crear cualquier modificaci\u00f3n en los widgets. Hay muchos dise\u00f1os disponibles en el editor, y todos pueden ser f\u00e1cilmente personalizados seg\u00fan lo que necesites.<\/p><\/div>\r\n\t\t\t\t\t<\/div>\r\n\t\t\t\t<\/div><\/div>","protected":false},"excerpt":{"rendered":"","protected":false},"author":18,"featured_media":0,"parent":1530,"menu_order":0,"comment_status":"closed","ping_status":"closed","template":"templates\/template-application-platform.php","meta":{"publish_to_discourse":"","publish_post_category":"","wpdc_auto_publish_overridden":"","wpdc_topic_tags":"","wpdc_pin_topic":"","wpdc_pin_until":"","discourse_post_id":"","discourse_permalink":"","wpdc_publishing_response":"","wpdc_publishing_error":"","footnotes":""},"class_list":["post-4172","page","type-page","status-publish","hentry"],"yoast_head":"<!-- This site is optimized with the Yoast SEO plugin v25.3.1 - https:\/\/yoast.com\/wordpress\/plugins\/seo\/ -->\n<title>Galer\u00eda de YouTube - Incluir extention de Galer\u00eda de videos de YouTube al Joomla<\/title>\n<meta name=\"description\" content=\"Instala un module atractivo de Galer\u00eda de YouTube en su sitio web de Joomla. Aplique la demo de Elfsight intuitiva y cree su extention propio.\" \/>\n<meta name=\"robots\" content=\"index, follow, max-snippet:-1, max-image-preview:large, max-video-preview:-1\" \/>\n<link rel=\"canonical\" href=\"https:\/\/elfsight.com\/es\/youtube-channel-plugin-yottie\/joomla\/\" \/>\n<meta property=\"og:locale\" content=\"es_ES\" \/>\n<meta property=\"og:type\" content=\"article\" \/>\n<meta property=\"og:title\" content=\"Galer\u00eda de YouTube - Incluir extention de Galer\u00eda de videos de YouTube al Joomla\" \/>\n<meta property=\"og:description\" content=\"Instala un module atractivo de Galer\u00eda de YouTube en su sitio web de Joomla. Aplique la demo de Elfsight intuitiva y cree su extention propio.\" \/>\n<meta property=\"og:url\" content=\"https:\/\/elfsight.com\/es\/youtube-channel-plugin-yottie\/joomla\/\" \/>\n<meta property=\"og:site_name\" content=\"Elfsight ES\" \/>\n<meta property=\"article:modified_time\" content=\"2025-02-06T15:19:47+00:00\" \/>\n<meta name=\"twitter:card\" content=\"summary_large_image\" \/>\n<meta name=\"twitter:label1\" content=\"Tiempo de lectura\" \/>\n\t<meta name=\"twitter:data1\" content=\"1 minuto\" \/>\n<!-- \/ Yoast SEO plugin. -->","yoast_head_json":{"title":"Galer\u00eda de YouTube - Incluir extention de Galer\u00eda de videos de YouTube al Joomla","description":"Instala un module atractivo de Galer\u00eda de YouTube en su sitio web de Joomla. Aplique la demo de Elfsight intuitiva y cree su extention propio.","robots":{"index":"index","follow":"follow","max-snippet":"max-snippet:-1","max-image-preview":"max-image-preview:large","max-video-preview":"max-video-preview:-1"},"canonical":"https:\/\/elfsight.com\/es\/youtube-channel-plugin-yottie\/joomla\/","og_locale":"es_ES","og_type":"article","og_title":"Galer\u00eda de YouTube - Incluir extention de Galer\u00eda de videos de YouTube al Joomla","og_description":"Instala un module atractivo de Galer\u00eda de YouTube en su sitio web de Joomla. Aplique la demo de Elfsight intuitiva y cree su extention propio.","og_url":"https:\/\/elfsight.com\/es\/youtube-channel-plugin-yottie\/joomla\/","og_site_name":"Elfsight ES","article_modified_time":"2025-02-06T15:19:47+00:00","twitter_card":"summary_large_image","twitter_misc":{"Tiempo de lectura":"1 minuto"},"schema":{"@context":"https:\/\/schema.org","@graph":[{"@type":"WebPage","@id":"https:\/\/elfsight.com\/es\/youtube-channel-plugin-yottie\/joomla\/","url":"https:\/\/elfsight.com\/es\/youtube-channel-plugin-yottie\/joomla\/","name":"Galer\u00eda de YouTube - Incluir extention de Galer\u00eda de videos de YouTube al Joomla","isPartOf":{"@id":"https:\/\/elfsight.com\/es\/#website"},"datePublished":"2022-02-11T11:41:44+00:00","dateModified":"2025-02-06T15:19:47+00:00","description":"Instala un module atractivo de Galer\u00eda de YouTube en su sitio web de Joomla. Aplique la demo de Elfsight intuitiva y cree su extention propio.","breadcrumb":{"@id":"https:\/\/elfsight.com\/es\/youtube-channel-plugin-yottie\/joomla\/#breadcrumb"},"inLanguage":"es","potentialAction":[{"@type":"ReadAction","target":["https:\/\/elfsight.com\/es\/youtube-channel-plugin-yottie\/joomla\/"]}]},{"@type":"BreadcrumbList","@id":"https:\/\/elfsight.com\/es\/youtube-channel-plugin-yottie\/joomla\/#breadcrumb","itemListElement":[{"@type":"ListItem","position":1,"name":"Home","item":"https:\/\/elfsight.com\/es\/"},{"@type":"ListItem","position":2,"name":"YouTube Gallery","item":"https:\/\/elfsight.com\/es\/youtube-channel-plugin-yottie\/"},{"@type":"ListItem","position":3,"name":"YouTube Gallery &#8211; Joomla"}]},{"@type":"WebSite","@id":"https:\/\/elfsight.com\/es\/#website","url":"https:\/\/elfsight.com\/es\/","name":"Elfsight ES","description":"Just another Elfsight Sites site","potentialAction":[{"@type":"SearchAction","target":{"@type":"EntryPoint","urlTemplate":"https:\/\/elfsight.com\/es\/?s={search_term_string}"},"query-input":{"@type":"PropertyValueSpecification","valueRequired":true,"valueName":"search_term_string"}}],"inLanguage":"es"}]}},"meta_box":{"industry":"","seo_heading":"","heading":"","description":"","cta_heading":"","cta_description":"","application":"1523","h1":"extensi\u00f3n de la Galer\u00eda de YouTube para Joomla","h1_caption":"Incruste una galer\u00eda de videos de YouTube para presentar contenido como tutoriales, testimonios o exhibiciones de productos en su sitio web en su sitio web Joomla sin esfuerzo.","application_category":[],"applications_title":"","applications_request_title":"","applications_request_button_text":"","hero_text":"","hero_video":"","hero_video_schema_markup":"","selling_points_title":"","selling_points_caption":"","selling_points":[],"selling_points_cta_text":"","features_title":"","features":"","ed_cta_examples_text":"","ed_cta_examples_hidden":"","ed_cta_demo_text":"","ed_cta_demo_hidden":"","why_caption":"","why_editor_title":"","why_editor_text":"","why_team_title":"","why_team_text":"","why_service_title":"","why_service_text":"","template_catalog_visible":"","template_catalog_title":"","template_catalog_text":"","template_catalog_categories_visible":"","demo_title":"Crea tu complemento de la galer\u00eda de YouTube","demo_caption":"\u00a1Configura tu galer\u00eda de YouTube y agr\u00e9gala a tu sitio web Joomla gratis!","default_faq_hidden":"","app_template_category":[],"platform":"73","template_public_id":"","codecanyon_url":"","codecanyon_item_id":"","codecanyon_price":"","pricing_caption":"","pricing_elfsight_apps_hide_column":"","pricing_elfsight_apps_url":"","pricing_codecanyon_price_caption":"","integration_category":[],"integration_request_title":"","integration_request_cta":"","integration_platform":"","integrations":[],"platform_category":[],"video_schema_markup":"","price":"desde $0 por mes","trial":"","benefits":[{"text":"Instalaci\u00f3n gratuita"},{"text":"Soporte Premium"},{"text":"14 d\u00edas garant\u00eda de reembolso"},{"text":"Actualizaciones regulares"}],"button_url":"#demo","button_target_blank":"0","button_nofollow":"0","attributes":[{"name":"Responsivo","content":"Si","_state":"expanded"},{"name":"Navegadores compatibles","content":"Firefox, Safari, Opera, Chrome, Edge","_state":"expanded"}],"tags":[],"tags_disable_links":"0","hide_more_platforms":"","video_object":"","demo_hide_cta":"0","demo_hide_cloud_options":"0","pricing_title":"","pricing":[{"pricing_icon":"platform","pricing_title":" Elfsight Apps","pricing_title_caption":"Soluci\u00f3n multiplataforma - valido para cualquier p\u00e1gina web","pricing_price":"desde $0 por mes","pricing_price_caption":"empezar con un plan gratuito","pricing_benefits":[{"text":"Sitios web ilimitados"},{"text":"Atenci\u00f3n al cliente gratuita y r\u00e1pida"},{"text":"Servicio de instalaci\u00f3n gratuito"},{"text":"Totalmente personalizable"}],"pricing_button_text":"Agregar al sitio web","pricing_button_url":"#demo","_state":"expanded"}],"related_apps_title":"","related_apps_hidden":"1","author":"","image":[],"title":"","job":"","social_networks":[]},"_links":{"self":[{"href":"https:\/\/elfsight.com\/es\/wp-json\/wp\/v2\/pages\/4172","targetHints":{"allow":["GET"]}}],"collection":[{"href":"https:\/\/elfsight.com\/es\/wp-json\/wp\/v2\/pages"}],"about":[{"href":"https:\/\/elfsight.com\/es\/wp-json\/wp\/v2\/types\/page"}],"author":[{"embeddable":true,"href":"https:\/\/elfsight.com\/es\/wp-json\/wp\/v2\/users\/18"}],"replies":[{"embeddable":true,"href":"https:\/\/elfsight.com\/es\/wp-json\/wp\/v2\/comments?post=4172"}],"version-history":[{"count":3,"href":"https:\/\/elfsight.com\/es\/wp-json\/wp\/v2\/pages\/4172\/revisions"}],"predecessor-version":[{"id":18114,"href":"https:\/\/elfsight.com\/es\/wp-json\/wp\/v2\/pages\/4172\/revisions\/18114"}],"up":[{"embeddable":true,"href":"https:\/\/elfsight.com\/es\/wp-json\/wp\/v2\/pages\/1530"}],"wp:attachment":[{"href":"https:\/\/elfsight.com\/es\/wp-json\/wp\/v2\/media?parent=4172"}],"curies":[{"name":"wp","href":"https:\/\/api.w.org\/{rel}","templated":true}]}}