{"id":4168,"date":"2022-02-11T11:41:51","date_gmt":"2022-02-11T11:41:51","guid":{"rendered":"https:\/\/elfsight.com\/es\/?page_id=4168"},"modified":"2025-02-06T15:19:47","modified_gmt":"2025-02-06T15:19:47","slug":"iframe","status":"publish","type":"page","link":"https:\/\/elfsight.com\/es\/youtube-channel-plugin-yottie\/iframe\/","title":{"rendered":"YouTube Gallery &#8211; iFrame"},"content":{"rendered":"<div class=\"application-platform-content-item-description application-platform-content-item\" id=\"description\" data-nav-section=\"description\"> <h2>Incrustar Galer\u00eda de YouTube en iFrame con el widget de Elfsight<\/h2> <p>Este es un plugin universal para YouTube, que ayuda a mostrar videos, listas de reproducci\u00f3n o canales en tu sitio web. Selecciona los mejores canales y clips de video individuales para crear tu propia lista de reproducci\u00f3n y mostrarla directamente en la p\u00e1gina web usando el dise\u00f1o m\u00e1s adecuado (galer\u00eda de videos, portafolio o video \u00fanico). El plugin de Elfsight es completamente adaptable a todos los dispositivos y sistemas, tiene alrededor de 100 opciones, dise\u00f1o personalizable y otras ventajas, lo que te da la oportunidad de mostrarlo en cualquier sitio web. Crea una galer\u00eda de videos individual y eficiente para aumentar la atenci\u00f3n de tus usuarios.<\/p><p><b>Aumenta la cooperaci\u00f3n con la audiencia de tu sitio web mediante videos de YouTube<\/b><br>Sorprende a los usuarios de tu sitio web con contenido emocionante de YouTube y mantenlos m\u00e1s comprometidos que nunca.<\/p><p><b>Maximiza las compras con contenido de YouTube<\/b><br>Muestra anuncios, reacciones, an\u00e1lisis, instrucciones y otros tipos de videos para proporcionar a los lectores amplia informaci\u00f3n sobre productos atractivos y convencerlos de realizar una compra.<\/p><p><b>M\u00e1s seguidores para tu p\u00e1gina de YouTube<\/b><br>Convierte la audiencia de tu sitio en tus suscriptores de YouTube. Muestra una forma r\u00e1pida y f\u00e1cil de ver videos y suscribirse directamente desde la p\u00e1gina.<\/p><\/div> <div class=\"application-platform-content-item-features application-platform-content-item\" id=\"features\" data-nav-section=\"features\"> <h2>Caracter\u00edsticas principales del widget de Galer\u00eda de YouTube<\/h2> <p>Aqu\u00ed est\u00e1n las ventajas de este plugin, que lo convierten en la mejor manera de mostrar videos de YouTube en una p\u00e1gina iFrame.<\/p><ul><li>A\u00f1adir fuentes ilimitadas;<\/li><li>8 elementos intercambiables en el encabezado;<\/li><li>Establecer espacio entre videos;<\/li><li>13 elementos de ventana emergente que pueden ser activados\/desactivados;<\/li><li>Elegir entre 5 efectos de transici\u00f3n deslizante;<\/li><li>24 elementos de ventana emergente pintables;<\/li><li>Compatible con AdSense para monetizaci\u00f3n de contenido.<\/li><\/ul><p><a href=\"#demo\">Prueba todas las caracter\u00edsticas en el demo<\/a><\/p><\/div><div class=\"application-platform-content-item-installation application-platform-content-item\" id=\"installation\" data-nav-section=\"installation\"><h2>\u00bfC\u00f3mo incrustar un Video o Canal de YouTube en un sitio web iFrame?<\/h2><p>Una breve instrucci\u00f3n de nuestro equipo sobre c\u00f3mo configurar el plugin. No se necesita experiencia en desarrollo web. El tiempo total de configuraci\u00f3n es de menos de 70 segundos.<\/p><ol><li><b>Crea tu propia Galer\u00eda de YouTube<\/b><br>Usando nuestro editor gratuito, genera un plugin con un dise\u00f1o y funcionalidad personalizados.<\/li><li><b>Obt\u00e9n el c\u00f3digo individual para mostrar la Galer\u00eda de Videos<\/b><br>Despu\u00e9s de configurar tu plugin, recibir\u00e1s tu c\u00f3digo personal desde la ventana emergente en Elfsight Apps. Copia el c\u00f3digo.<\/li><li><b>Muestra el plugin en tu sitio web iFrame<\/b><br>Define el \u00e1rea donde deseas agregar el plugin y pega el c\u00f3digo guardado all\u00ed. Publica los cambios.<\/li><li><b>\u00a1Felicidades! \u00a1Acabas de integrar el plugin!<\/b><br>Ingresa a tu tienda para ver tu galer\u00eda.<\/li><\/ol><p>\u00bfTienes problemas al instalar o configurar la Galer\u00eda de YouTube? Puedes consultar una gu\u00eda m\u00e1s extensa \u00abC\u00f3mo incrustar YouTube en iFrame\u00bb y hacerlo por ti mismo nuevamente o contactar con el centro de ayuda describiendo las dificultades.<\/p><\/div><div class=\"faq\" data-component=\"FAQ\"><div class=\"faq-item\">\r\n\t\t\t\t\t<div class=\"faq-item-question\">\r\n\t\t\t\t\t\t<h3 class=\"faq-item-question-text\">\u00bfC\u00f3mo agregar una Galer\u00eda de YouTube al iFrame?<\/h3>\r\n\r\n\t\t\t\t\t\t<div class=\"faq-item-question-icon\"><\/div>\r\n\t\t\t\t\t<\/div>\r\n\r\n\t\t\t\t\t<div class=\"faq-item-answer\">\r\n\t\t\t\t\t\t<div class=\"faq-item-answer-text\"><p>La creaci\u00f3n del widget se realiza en el sitio web de Elfsight y no necesitas programar. Ve a nuestra demo en l\u00ednea para crear tu propio plugin, obtener el c\u00f3digo y agregarlo a tu sitio web.<\/p><\/div>\r\n\t\t\t\t\t<\/div>\r\n\t\t\t\t<\/div><div class=\"faq-item\">\r\n\t\t\t\t\t<div class=\"faq-item-question\">\r\n\t\t\t\t\t\t<h3 class=\"faq-item-question-text\">Las mejores formas de usar la integraci\u00f3n de Galer\u00eda de Video y Canal de YouTube<\/h3>\r\n\r\n\t\t\t\t\t\t<div class=\"faq-item-question-icon\"><\/div>\r\n\t\t\t\t\t<\/div>\r\n\r\n\t\t\t\t\t<div class=\"faq-item-answer\">\r\n\t\t\t\t\t\t<div class=\"faq-item-answer-text\"><p>Te proporcionaremos muchas opciones de personalizaci\u00f3n: widgets de tama\u00f1o completo para implementar en el \u00e1rea de contenido, widgets flotantes para opciones de desplazamiento, miniaturas para el pie de p\u00e1gina de tu sitio web, encabezado y todo tipo de opciones verticales para barras laterales y men\u00fas del sitio web.<\/p><\/div>\r\n\t\t\t\t\t<\/div>\r\n\t\t\t\t<\/div><div class=\"faq-item\">\r\n\t\t\t\t\t<div class=\"faq-item-question\">\r\n\t\t\t\t\t\t<h3 class=\"faq-item-question-text\">\u00bfC\u00f3mo construyo una cuadr\u00edcula de videos de YouTube o un Video \u00danico mediante el editor?<\/h3>\r\n\r\n\t\t\t\t\t\t<div class=\"faq-item-question-icon\"><\/div>\r\n\t\t\t\t\t<\/div>\r\n\r\n\t\t\t\t\t<div class=\"faq-item-answer\">\r\n\t\t\t\t\t\t<div class=\"faq-item-answer-text\"><p>Puedes realizar cualquier modificaci\u00f3n en los widgets. Hay una gran variedad de dise\u00f1os disponibles en el editor, y todos ellos pueden ser f\u00e1cilmente personalizados seg\u00fan lo que necesites.<\/p><\/div>\r\n\t\t\t\t\t<\/div>\r\n\t\t\t\t<\/div><\/div>","protected":false},"excerpt":{"rendered":"","protected":false},"author":18,"featured_media":0,"parent":1530,"menu_order":0,"comment_status":"closed","ping_status":"closed","template":"templates\/template-application-platform.php","meta":{"publish_to_discourse":"","publish_post_category":"","wpdc_auto_publish_overridden":"","wpdc_topic_tags":"","wpdc_pin_topic":"","wpdc_pin_until":"","discourse_post_id":"","discourse_permalink":"","wpdc_publishing_response":"","wpdc_publishing_error":"","footnotes":""},"class_list":["post-4168","page","type-page","status-publish","hentry"],"yoast_head":"<!-- This site is optimized with the Yoast SEO plugin v25.3.1 - https:\/\/yoast.com\/wordpress\/plugins\/seo\/ -->\n<title>Galer\u00eda de YouTube - Incrustar widget de Galer\u00eda de videos de YouTube al iFrame<\/title>\n<meta name=\"description\" content=\"A\u00f1ade un widget interactivo de Galer\u00eda de YouTube en su sitio de iFrame. Pruebe la demo de Elfsight manejable y genere su widget propio.\" \/>\n<meta name=\"robots\" content=\"index, follow, max-snippet:-1, max-image-preview:large, max-video-preview:-1\" \/>\n<link rel=\"canonical\" href=\"https:\/\/elfsight.com\/es\/youtube-channel-plugin-yottie\/iframe\/\" \/>\n<meta property=\"og:locale\" content=\"es_ES\" \/>\n<meta property=\"og:type\" content=\"article\" \/>\n<meta property=\"og:title\" content=\"Galer\u00eda de YouTube - Incrustar widget de Galer\u00eda de videos de YouTube al iFrame\" \/>\n<meta property=\"og:description\" content=\"A\u00f1ade un widget interactivo de Galer\u00eda de YouTube en su sitio de iFrame. Pruebe la demo de Elfsight manejable y genere su widget propio.\" \/>\n<meta property=\"og:url\" content=\"https:\/\/elfsight.com\/es\/youtube-channel-plugin-yottie\/iframe\/\" \/>\n<meta property=\"og:site_name\" content=\"Elfsight ES\" \/>\n<meta property=\"article:modified_time\" content=\"2025-02-06T15:19:47+00:00\" \/>\n<meta name=\"twitter:card\" content=\"summary_large_image\" \/>\n<meta name=\"twitter:label1\" content=\"Tiempo de lectura\" \/>\n\t<meta name=\"twitter:data1\" content=\"1 minuto\" \/>\n<!-- \/ Yoast SEO plugin. -->","yoast_head_json":{"title":"Galer\u00eda de YouTube - Incrustar widget de Galer\u00eda de videos de YouTube al iFrame","description":"A\u00f1ade un widget interactivo de Galer\u00eda de YouTube en su sitio de iFrame. Pruebe la demo de Elfsight manejable y genere su widget propio.","robots":{"index":"index","follow":"follow","max-snippet":"max-snippet:-1","max-image-preview":"max-image-preview:large","max-video-preview":"max-video-preview:-1"},"canonical":"https:\/\/elfsight.com\/es\/youtube-channel-plugin-yottie\/iframe\/","og_locale":"es_ES","og_type":"article","og_title":"Galer\u00eda de YouTube - Incrustar widget de Galer\u00eda de videos de YouTube al iFrame","og_description":"A\u00f1ade un widget interactivo de Galer\u00eda de YouTube en su sitio de iFrame. Pruebe la demo de Elfsight manejable y genere su widget propio.","og_url":"https:\/\/elfsight.com\/es\/youtube-channel-plugin-yottie\/iframe\/","og_site_name":"Elfsight ES","article_modified_time":"2025-02-06T15:19:47+00:00","twitter_card":"summary_large_image","twitter_misc":{"Tiempo de lectura":"1 minuto"},"schema":{"@context":"https:\/\/schema.org","@graph":[{"@type":"WebPage","@id":"https:\/\/elfsight.com\/es\/youtube-channel-plugin-yottie\/iframe\/","url":"https:\/\/elfsight.com\/es\/youtube-channel-plugin-yottie\/iframe\/","name":"Galer\u00eda de YouTube - Incrustar widget de Galer\u00eda de videos de YouTube al iFrame","isPartOf":{"@id":"https:\/\/elfsight.com\/es\/#website"},"datePublished":"2022-02-11T11:41:51+00:00","dateModified":"2025-02-06T15:19:47+00:00","description":"A\u00f1ade un widget interactivo de Galer\u00eda de YouTube en su sitio de iFrame. Pruebe la demo de Elfsight manejable y genere su widget propio.","breadcrumb":{"@id":"https:\/\/elfsight.com\/es\/youtube-channel-plugin-yottie\/iframe\/#breadcrumb"},"inLanguage":"es","potentialAction":[{"@type":"ReadAction","target":["https:\/\/elfsight.com\/es\/youtube-channel-plugin-yottie\/iframe\/"]}]},{"@type":"BreadcrumbList","@id":"https:\/\/elfsight.com\/es\/youtube-channel-plugin-yottie\/iframe\/#breadcrumb","itemListElement":[{"@type":"ListItem","position":1,"name":"Home","item":"https:\/\/elfsight.com\/es\/"},{"@type":"ListItem","position":2,"name":"YouTube Gallery","item":"https:\/\/elfsight.com\/es\/youtube-channel-plugin-yottie\/"},{"@type":"ListItem","position":3,"name":"YouTube Gallery &#8211; iFrame"}]},{"@type":"WebSite","@id":"https:\/\/elfsight.com\/es\/#website","url":"https:\/\/elfsight.com\/es\/","name":"Elfsight ES","description":"Just another Elfsight Sites site","potentialAction":[{"@type":"SearchAction","target":{"@type":"EntryPoint","urlTemplate":"https:\/\/elfsight.com\/es\/?s={search_term_string}"},"query-input":{"@type":"PropertyValueSpecification","valueRequired":true,"valueName":"search_term_string"}}],"inLanguage":"es"}]}},"meta_box":{"industry":"","seo_heading":"","heading":"","description":"","cta_heading":"","cta_description":"","application":"1523","h1":"widget de Galer\u00eda de YouTube para iFrame","h1_caption":"Incruste una galer\u00eda de videos de YouTube para presentar contenido como tutoriales, testimonios o exhibiciones de productos en su sitio web en su sitio web iFrame sin esfuerzo.","application_category":[],"applications_title":"","applications_request_title":"","applications_request_button_text":"","hero_text":"","hero_video":"","hero_video_schema_markup":"","selling_points_title":"","selling_points_caption":"","selling_points":[],"selling_points_cta_text":"","features_title":"","features":"","ed_cta_examples_text":"","ed_cta_examples_hidden":"","ed_cta_demo_text":"","ed_cta_demo_hidden":"","why_caption":"","why_editor_title":"","why_editor_text":"","why_team_title":"","why_team_text":"","why_service_title":"","why_service_text":"","template_catalog_visible":"","template_catalog_title":"","template_catalog_text":"","template_catalog_categories_visible":"","demo_title":"Crea tu widget de galer\u00eda de YouTube","demo_caption":"\u00a1Configura tu galer\u00eda de YouTube y agr\u00e9gala a tu sitio web iFrame gratis!","default_faq_hidden":"","app_template_category":[],"platform":"2192","template_public_id":"","codecanyon_url":"","codecanyon_item_id":"","codecanyon_price":"","pricing_caption":"","pricing_elfsight_apps_hide_column":"","pricing_elfsight_apps_url":"","pricing_codecanyon_price_caption":"","integration_category":[],"integration_request_title":"","integration_request_cta":"","integration_platform":"","integrations":[],"platform_category":[],"video_schema_markup":"","price":"desde $0 por mes","trial":"","benefits":[{"text":"Instalaci\u00f3n gratuita"},{"text":"Soporte Premium"},{"text":"14 d\u00edas garant\u00eda de reembolso"},{"text":"Actualizaciones regulares"}],"button_url":"#demo","button_target_blank":"0","button_nofollow":"0","attributes":[{"name":"Responsivo","content":"Si","_state":"expanded"},{"name":"Navegadores compatibles","content":"Firefox, Safari, Opera, Chrome, Edge","_state":"expanded"}],"tags":[],"tags_disable_links":"0","hide_more_platforms":"","video_object":"","demo_hide_cta":"0","demo_hide_cloud_options":"0","pricing_title":"","pricing":[{"pricing_icon":"platform","pricing_title":" Elfsight Apps","pricing_title_caption":"Soluci\u00f3n multiplataforma - valido para cualquier p\u00e1gina web","pricing_price":"desde $0 por mes","pricing_price_caption":"empezar con un plan gratuito","pricing_benefits":[{"text":"Sitios web ilimitados"},{"text":"Atenci\u00f3n al cliente gratuita y r\u00e1pida"},{"text":"Servicio de instalaci\u00f3n gratuito"},{"text":"Totalmente personalizable"}],"pricing_button_text":"Agregar al sitio web","pricing_button_url":"#demo","_state":"expanded"}],"related_apps_title":"","related_apps_hidden":"1","author":"","image":[],"title":"","job":"","social_networks":[]},"_links":{"self":[{"href":"https:\/\/elfsight.com\/es\/wp-json\/wp\/v2\/pages\/4168","targetHints":{"allow":["GET"]}}],"collection":[{"href":"https:\/\/elfsight.com\/es\/wp-json\/wp\/v2\/pages"}],"about":[{"href":"https:\/\/elfsight.com\/es\/wp-json\/wp\/v2\/types\/page"}],"author":[{"embeddable":true,"href":"https:\/\/elfsight.com\/es\/wp-json\/wp\/v2\/users\/18"}],"replies":[{"embeddable":true,"href":"https:\/\/elfsight.com\/es\/wp-json\/wp\/v2\/comments?post=4168"}],"version-history":[{"count":3,"href":"https:\/\/elfsight.com\/es\/wp-json\/wp\/v2\/pages\/4168\/revisions"}],"predecessor-version":[{"id":18113,"href":"https:\/\/elfsight.com\/es\/wp-json\/wp\/v2\/pages\/4168\/revisions\/18113"}],"up":[{"embeddable":true,"href":"https:\/\/elfsight.com\/es\/wp-json\/wp\/v2\/pages\/1530"}],"wp:attachment":[{"href":"https:\/\/elfsight.com\/es\/wp-json\/wp\/v2\/media?parent=4168"}],"curies":[{"name":"wp","href":"https:\/\/api.w.org\/{rel}","templated":true}]}}