{"id":4156,"date":"2022-02-11T11:42:20","date_gmt":"2022-02-11T11:42:20","guid":{"rendered":"https:\/\/elfsight.com\/es\/?page_id=4156"},"modified":"2025-02-06T15:19:39","modified_gmt":"2025-02-06T15:19:39","slug":"godaddy","status":"publish","type":"page","link":"https:\/\/elfsight.com\/es\/youtube-channel-plugin-yottie\/godaddy\/","title":{"rendered":"YouTube Gallery &#8211; GoDaddy"},"content":{"rendered":"<div class=\"application-platform-content-item-description application-platform-content-item\" id=\"description\" data-nav-section=\"description\"> <h2>Incrustar Galer\u00eda de YouTube en GoDaddy con el widget de Elfsight<\/h2> <p>El plugin de Galer\u00eda de YouTube de Elfsight para GoDaddy es una herramienta efectiva para integrar contenido de YouTube en tu sitio web. Muestra videos, crea galer\u00edas o presenta canales completos en el sitio web para entretener a tus visitantes y ayudar a promover tu marca. Muestra tutoriales en video y aumenta la lealtad de los clientes, exhibe rese\u00f1as en video de tus productos para atraer nuevos clientes y observa c\u00f3mo tu marca se vuelve m\u00e1s popular.<\/p> <p><b>\u00a1Aumenta la cantidad de prospectos gracias a promociones en video, rese\u00f1as y testimonios!<\/b><\/p> <\/div> <div class=\"application-platform-content-item-features application-platform-content-item\" id=\"features\" data-nav-section=\"features\"> <h2>Las caracter\u00edsticas fundamentales del plugin incluyen<\/h2> <ul><li>Actualizaciones regulares en vivo<\/li><li>Soporte premium con cualquier problema por parte de un equipo profesional<\/li><li>Servicio de instalaci\u00f3n gratuito<\/li><li>Colores personalizables para encabezado, grupos, contenido, video y ventana emergente<\/li><li>5 esquemas de colores incrustados<\/li><\/ul><p><a href=\"#demo\">Solo revisa esta demostraci\u00f3n para ver c\u00f3mo funciona<\/a><\/p> <\/div> <div class=\"application-platform-content-item-installation application-platform-content-item\" id=\"installation\" data-nav-section=\"installation\"> <h2>\u00bfC\u00f3mo agregar la Galer\u00eda de YouTube en mi p\u00e1gina de GoDaddy?<\/h2> <p>Solo sigue los pasos a continuaci\u00f3n para agregar el plugin.<\/p> <ol><li><b>Gestiona nuestro editor gratuito y comienza a crear tu plugin personalizado.<\/b><br> Especifica la interfaz y funcionalidad seleccionadas de la herramienta y guarda los cambios.<\/li>  <li><b>Obt\u00e9n tu c\u00f3digo individual que se muestra en la caja de Elfsight Apps.<\/b><br> Tan pronto como se termine la generaci\u00f3n de tu plugin personal, copia el c\u00f3digo personal en la ventana que aparece y gu\u00e1rdalo para usarlo m\u00e1s tarde.<\/li>  <li><b>Comienza a aplicar la herramienta en tu sitio de GoDaddy.<\/b><br> Coloca el c\u00f3digo que copiaste recientemente en tu p\u00e1gina de inicio y aplica los cambios.<\/li>  <li><b>\u00a1Listo! La configuraci\u00f3n ha finalizado con \u00e9xito.<\/b><br> Ve a tu p\u00e1gina web para revisar c\u00f3mo est\u00e1 funcionando la herramienta.<\/li><\/ol> <p>Si tienes dificultades, por favor contacta con nuestro personal de soporte. Nuestros especialistas est\u00e1n dispuestos a resolver cualquier problema que puedas tener con la herramienta.<\/p> <div class=\"faq\" data-component=\"FAQ\"><div class=\"faq-item\">\r\n\t\t\t\t\t<div class=\"faq-item-question\">\r\n\t\t\t\t\t\t<h3 class=\"faq-item-question-text\">\u00bfC\u00f3mo puedo incrustar el plugin de Galer\u00eda de YouTube de GoDaddy en mi sitio web sin tener conocimientos de programaci\u00f3n?<\/h3>\r\n\r\n\t\t\t\t\t\t<div class=\"faq-item-question-icon\"><\/div>\r\n\t\t\t\t\t<\/div>\r\n\r\n\t\t\t\t\t<div class=\"faq-item-answer\">\r\n\t\t\t\t\t\t<div class=\"faq-item-answer-text\"><p>Elfsight proporciona una soluci\u00f3n basada en la nube que permite a los usuarios crear su propio plugin de Galer\u00eda de YouTube de GoDaddy. Mira lo f\u00e1cil que puede ser el proceso:<\/p><ul><li>Accede al Editor en l\u00ednea para generar una secci\u00f3n del plugin de Galer\u00eda de YouTube de GoDaddy que deseas integrar en tu sitio web.<\/li><li>Selecciona una de nuestras plantillas pre-dise\u00f1adas y personaliza la configuraci\u00f3n del plugin de Galer\u00eda de YouTube de GoDaddy, modifica el dise\u00f1o y el esquema de colores, e incluye tu contenido sin necesidad de codificaci\u00f3n.<\/li><li>Guarda la configuraci\u00f3n que hayas hecho para el plugin de Galer\u00eda de YouTube de GoDaddy y obtiene el c\u00f3digo para incrustar, que podr\u00e1s insertar f\u00e1cilmente en tu sitio web sin costo alguno.<\/li><\/ul><p>Trabajando en el Editor f\u00e1cil de usar, cualquier usuario de internet puede crear una secci\u00f3n del plugin de Galer\u00eda de YouTube de GoDaddy e incrustarla en su sitio web. No es necesario pagar ni proporcionar informaci\u00f3n de tu tarjeta para acceder al Editor de Elfsight. Si encuentras dificultades en alg\u00fan momento, no dudes en contactar con nuestro soporte al cliente.<\/p><\/div>\r\n\t\t\t\t\t<\/div>\r\n\t\t\t\t<\/div><\/div><\/div>","protected":false},"excerpt":{"rendered":"","protected":false},"author":18,"featured_media":0,"parent":1530,"menu_order":0,"comment_status":"closed","ping_status":"closed","template":"templates\/template-application-platform.php","meta":{"publish_to_discourse":"","publish_post_category":"","wpdc_auto_publish_overridden":"","wpdc_topic_tags":"","wpdc_pin_topic":"","wpdc_pin_until":"","discourse_post_id":"","discourse_permalink":"","wpdc_publishing_response":"","wpdc_publishing_error":"","footnotes":""},"class_list":["post-4156","page","type-page","status-publish","hentry"],"yoast_head":"<!-- This site is optimized with the Yoast SEO plugin v25.3.1 - https:\/\/yoast.com\/wordpress\/plugins\/seo\/ -->\n<title>Galer\u00eda de YouTube - Incorporar widget de Galer\u00eda de videos de YouTube al GoDaddy<\/title>\n<meta name=\"description\" content=\"Instala un widget hermoso de Galer\u00eda de YouTube en su sitio web de GoDaddy. Aplique la demo de Elfsight manejable y construe su widget personalizado.\" \/>\n<meta name=\"robots\" content=\"index, follow, max-snippet:-1, max-image-preview:large, max-video-preview:-1\" \/>\n<link rel=\"canonical\" href=\"https:\/\/elfsight.com\/es\/youtube-channel-plugin-yottie\/godaddy\/\" \/>\n<meta property=\"og:locale\" content=\"es_ES\" \/>\n<meta property=\"og:type\" content=\"article\" \/>\n<meta property=\"og:title\" content=\"Galer\u00eda de YouTube - Incorporar widget de Galer\u00eda de videos de YouTube al GoDaddy\" \/>\n<meta property=\"og:description\" content=\"Instala un widget hermoso de Galer\u00eda de YouTube en su sitio web de GoDaddy. Aplique la demo de Elfsight manejable y construe su widget personalizado.\" \/>\n<meta property=\"og:url\" content=\"https:\/\/elfsight.com\/es\/youtube-channel-plugin-yottie\/godaddy\/\" \/>\n<meta property=\"og:site_name\" content=\"Elfsight ES\" \/>\n<meta property=\"article:modified_time\" content=\"2025-02-06T15:19:39+00:00\" \/>\n<meta name=\"twitter:card\" content=\"summary_large_image\" \/>\n<meta name=\"twitter:label1\" content=\"Tiempo de lectura\" \/>\n\t<meta name=\"twitter:data1\" content=\"1 minuto\" \/>\n<!-- \/ Yoast SEO plugin. -->","yoast_head_json":{"title":"Galer\u00eda de YouTube - Incorporar widget de Galer\u00eda de videos de YouTube al GoDaddy","description":"Instala un widget hermoso de Galer\u00eda de YouTube en su sitio web de GoDaddy. Aplique la demo de Elfsight manejable y construe su widget personalizado.","robots":{"index":"index","follow":"follow","max-snippet":"max-snippet:-1","max-image-preview":"max-image-preview:large","max-video-preview":"max-video-preview:-1"},"canonical":"https:\/\/elfsight.com\/es\/youtube-channel-plugin-yottie\/godaddy\/","og_locale":"es_ES","og_type":"article","og_title":"Galer\u00eda de YouTube - Incorporar widget de Galer\u00eda de videos de YouTube al GoDaddy","og_description":"Instala un widget hermoso de Galer\u00eda de YouTube en su sitio web de GoDaddy. Aplique la demo de Elfsight manejable y construe su widget personalizado.","og_url":"https:\/\/elfsight.com\/es\/youtube-channel-plugin-yottie\/godaddy\/","og_site_name":"Elfsight ES","article_modified_time":"2025-02-06T15:19:39+00:00","twitter_card":"summary_large_image","twitter_misc":{"Tiempo de lectura":"1 minuto"},"schema":{"@context":"https:\/\/schema.org","@graph":[{"@type":"WebPage","@id":"https:\/\/elfsight.com\/es\/youtube-channel-plugin-yottie\/godaddy\/","url":"https:\/\/elfsight.com\/es\/youtube-channel-plugin-yottie\/godaddy\/","name":"Galer\u00eda de YouTube - Incorporar widget de Galer\u00eda de videos de YouTube al GoDaddy","isPartOf":{"@id":"https:\/\/elfsight.com\/es\/#website"},"datePublished":"2022-02-11T11:42:20+00:00","dateModified":"2025-02-06T15:19:39+00:00","description":"Instala un widget hermoso de Galer\u00eda de YouTube en su sitio web de GoDaddy. Aplique la demo de Elfsight manejable y construe su widget personalizado.","breadcrumb":{"@id":"https:\/\/elfsight.com\/es\/youtube-channel-plugin-yottie\/godaddy\/#breadcrumb"},"inLanguage":"es","potentialAction":[{"@type":"ReadAction","target":["https:\/\/elfsight.com\/es\/youtube-channel-plugin-yottie\/godaddy\/"]}]},{"@type":"BreadcrumbList","@id":"https:\/\/elfsight.com\/es\/youtube-channel-plugin-yottie\/godaddy\/#breadcrumb","itemListElement":[{"@type":"ListItem","position":1,"name":"Home","item":"https:\/\/elfsight.com\/es\/"},{"@type":"ListItem","position":2,"name":"YouTube Gallery","item":"https:\/\/elfsight.com\/es\/youtube-channel-plugin-yottie\/"},{"@type":"ListItem","position":3,"name":"YouTube Gallery &#8211; GoDaddy"}]},{"@type":"WebSite","@id":"https:\/\/elfsight.com\/es\/#website","url":"https:\/\/elfsight.com\/es\/","name":"Elfsight ES","description":"Just another Elfsight Sites site","potentialAction":[{"@type":"SearchAction","target":{"@type":"EntryPoint","urlTemplate":"https:\/\/elfsight.com\/es\/?s={search_term_string}"},"query-input":{"@type":"PropertyValueSpecification","valueRequired":true,"valueName":"search_term_string"}}],"inLanguage":"es"}]}},"meta_box":{"industry":"","seo_heading":"","heading":"","description":"","cta_heading":"","cta_description":"","application":"1523","h1":"widget de Galer\u00eda de YouTube para GoDaddy","h1_caption":"Incruste una galer\u00eda de videos de YouTube para presentar contenido como tutoriales, testimonios o exhibiciones de productos en su sitio web en su sitio web de GoDaddy sin esfuerzo.","application_category":[],"applications_title":"","applications_request_title":"","applications_request_button_text":"","hero_text":"","hero_video":"","hero_video_schema_markup":"","selling_points_title":"","selling_points_caption":"","selling_points":[],"selling_points_cta_text":"","features_title":"","features":"","ed_cta_examples_text":"","ed_cta_examples_hidden":"","ed_cta_demo_text":"","ed_cta_demo_hidden":"","why_caption":"","why_editor_title":"","why_editor_text":"","why_team_title":"","why_team_text":"","why_service_title":"","why_service_text":"","template_catalog_visible":"","template_catalog_title":"","template_catalog_text":"","template_catalog_categories_visible":"","demo_title":"Crea tu complemento de la galer\u00eda de YouTube","demo_caption":"\u00a1Configura tu galer\u00eda de YouTube y agr\u00e9gala a tu sitio web de GoDaddy gratis!","default_faq_hidden":"","app_template_category":[],"platform":"2183","template_public_id":"","codecanyon_url":"","codecanyon_item_id":"","codecanyon_price":"","pricing_caption":"","pricing_elfsight_apps_hide_column":"","pricing_elfsight_apps_url":"","pricing_codecanyon_price_caption":"","integration_category":[],"integration_request_title":"","integration_request_cta":"","integration_platform":"","integrations":[],"platform_category":[],"video_schema_markup":"","price":"desde $0 por mes","trial":"","benefits":[{"text":"Instalaci\u00f3n gratuita"},{"text":"Soporte Premium"},{"text":"14 d\u00edas garant\u00eda de reembolso"},{"text":"Actualizaciones regulares"}],"button_url":"#demo","button_target_blank":"0","button_nofollow":"0","attributes":[{"name":"Responsivo","content":"Si","_state":"expanded"},{"name":"Navegadores compatibles","content":"Firefox, Safari, Opera, Chrome, Edge","_state":"expanded"}],"tags":[],"tags_disable_links":"0","hide_more_platforms":"","video_object":"","demo_hide_cta":"0","demo_hide_cloud_options":"0","pricing_title":"","pricing":[{"pricing_icon":"platform","pricing_title":" Elfsight Apps","pricing_title_caption":"Soluci\u00f3n multiplataforma - valido para cualquier p\u00e1gina web","pricing_price":"desde $0 por mes","pricing_price_caption":"empezar con un plan gratuito","pricing_benefits":[{"text":"Sitios web ilimitados"},{"text":"Atenci\u00f3n al cliente gratuita y r\u00e1pida"},{"text":"Servicio de instalaci\u00f3n gratuito"},{"text":"Totalmente personalizable"}],"pricing_button_text":"Agregar al sitio web","pricing_button_url":"#demo","_state":"expanded"}],"related_apps_title":"","related_apps_hidden":"1","author":"","image":[],"title":"","job":"","social_networks":[]},"_links":{"self":[{"href":"https:\/\/elfsight.com\/es\/wp-json\/wp\/v2\/pages\/4156","targetHints":{"allow":["GET"]}}],"collection":[{"href":"https:\/\/elfsight.com\/es\/wp-json\/wp\/v2\/pages"}],"about":[{"href":"https:\/\/elfsight.com\/es\/wp-json\/wp\/v2\/types\/page"}],"author":[{"embeddable":true,"href":"https:\/\/elfsight.com\/es\/wp-json\/wp\/v2\/users\/18"}],"replies":[{"embeddable":true,"href":"https:\/\/elfsight.com\/es\/wp-json\/wp\/v2\/comments?post=4156"}],"version-history":[{"count":3,"href":"https:\/\/elfsight.com\/es\/wp-json\/wp\/v2\/pages\/4156\/revisions"}],"predecessor-version":[{"id":18110,"href":"https:\/\/elfsight.com\/es\/wp-json\/wp\/v2\/pages\/4156\/revisions\/18110"}],"up":[{"embeddable":true,"href":"https:\/\/elfsight.com\/es\/wp-json\/wp\/v2\/pages\/1530"}],"wp:attachment":[{"href":"https:\/\/elfsight.com\/es\/wp-json\/wp\/v2\/media?parent=4156"}],"curies":[{"name":"wp","href":"https:\/\/api.w.org\/{rel}","templated":true}]}}