{"id":4152,"date":"2022-02-11T11:44:45","date_gmt":"2022-02-11T11:44:45","guid":{"rendered":"https:\/\/elfsight.com\/es\/?page_id=4152"},"modified":"2025-02-06T15:19:39","modified_gmt":"2025-02-06T15:19:39","slug":"facebook","status":"publish","type":"page","link":"https:\/\/elfsight.com\/es\/youtube-channel-plugin-yottie\/facebook\/","title":{"rendered":"YouTube Gallery &#8211; Facebook Page"},"content":{"rendered":"<div class=\"application-platform-content-item-description application-platform-content-item\" id=\"description\" data-nav-section=\"description\"><h2>Descripci\u00f3n<\/h2><p>Un widget multiusos para YouTube, que permite mostrar diferentes videos en tu pesta\u00f1a de p\u00e1gina. Elige los canales requeridos y los clips de video individuales para dise\u00f1ar tu lista de reproducci\u00f3n personal y embeberla directamente en la p\u00e1gina utilizando el dise\u00f1o m\u00e1s adecuado (galer\u00eda de videos, portafolio, canal, video \u00fanico). Nuestro widget es completamente compatible con todos los dispositivos y plataformas, tiene m\u00e1s de 100 opciones, dise\u00f1o personalizable y muchas otras ventajas, que te permiten insertarlo en diferentes p\u00e1ginas.<\/p><p><b>Crea una galer\u00eda de videos personalizada y eficaz para atraer m\u00e1s a tu audiencia.<\/b><\/p><\/div><div class=\"application-platform-content-item-features application-platform-content-item\" id=\"features\" data-nav-section=\"features\"><h2>Caracter\u00edsticas<\/h2><p>Las caracter\u00edsticas del widget de Elfsight, que lo convierten en la mejor herramienta para mostrar videos de YouTube en una p\u00e1gina personal o comercial de Facebook.<\/p><ul><li>Agregar fuentes por URL;<\/li><li>Elegir dise\u00f1o del encabezado: Cl\u00e1sico, Acentuado, M\u00ednimo;<\/li><li>Cambiar el ancho del widget;<\/li><li>Contadores de vistas y \u00abme gusta\u00bb en los videos;<\/li><li>Elegir entre 5 efectos de cambio de diapositiva;<\/li><li>24 elementos emergentes pintables;<\/li><li>Modo de privacidad mejorado;<\/li><\/ul><p><a href=\"#demo\">Consulta todas las opciones en el panel<\/a><\/p><\/div><div class=\"application-platform-content-item-installation application-platform-content-item\" id=\"installation\" data-nav-section=\"installation\"><h2>C\u00f3mo agregar el canal de videos de YouTube a una p\u00e1gina de Facebook<\/h2><p>Una breve instrucci\u00f3n para agregar el widget en la pesta\u00f1a de Facebook sin conocimientos en desarrollo. Todo el proceso no tomar\u00e1 m\u00e1s de dos minutos.<\/p><ul><li><b>Crea tu pesta\u00f1a personalizada de YouTube<\/b><br>Con la ayuda de nuestro editor gratuito, configura el plugin con el aspecto y funciones preferidas.<\/li><li><b>Obt\u00e9n el c\u00f3digo \u00fanico para integrar el plugin<\/b><br>Despu\u00e9s de configurar tu widget, recibir\u00e1s el c\u00f3digo \u00fanico en una notificaci\u00f3n en Elfsight Apps. Copia este c\u00f3digo.<\/li><li><b>Agrega la pesta\u00f1a de YouTube a tu p\u00e1gina de Facebook<\/b><br>Crea tu pesta\u00f1a personalizada de Facebook. Inserta el c\u00f3digo que recibiste en Elfsight Apps en la pesta\u00f1a. Si tienes alg\u00fan problema, revisa nuestra gu\u00eda sobre <a href=\"https:\/\/elfsight.com\/blog\/how-to-add-custom-tab-to-facebook-page\/\" target=\"_blank\" rel=\"noopener noreferrer\">crear pesta\u00f1a personalizada en Facebook<\/a>.<\/li><li><b>\u00a1Listo!<\/b><br>Ve a tu p\u00e1gina web para ver el plugin.<\/li><\/ul><p>\u00bfTuviste dificultades? Contacta al equipo de soporte de Elfsight con una descripci\u00f3n completa del problema. Estaremos encantados de asesorarte.<\/p><\/div>","protected":false},"excerpt":{"rendered":"","protected":false},"author":18,"featured_media":0,"parent":1530,"menu_order":0,"comment_status":"closed","ping_status":"closed","template":"templates\/template-application-platform.php","meta":{"publish_to_discourse":"","publish_post_category":"","wpdc_auto_publish_overridden":"","wpdc_topic_tags":"","wpdc_pin_topic":"","wpdc_pin_until":"","discourse_post_id":"","discourse_permalink":"","wpdc_publishing_response":"","wpdc_publishing_error":"","footnotes":""},"class_list":["post-4152","page","type-page","status-publish","hentry"],"yoast_head":"<!-- This site is optimized with the Yoast SEO plugin v25.3.1 - https:\/\/yoast.com\/wordpress\/plugins\/seo\/ -->\n<title>Galer\u00eda de YouTube - Incluir widget de Galer\u00eda de videos de YouTube al Facebook Page<\/title>\n<meta name=\"description\" content=\"Incrusta un widget responsivo de Galer\u00eda de YouTube en su sitio de Facebook Page. Lance la demo de Elfsight intuitiva y construe su widget \u00fanico.\" \/>\n<meta name=\"robots\" content=\"index, follow, max-snippet:-1, max-image-preview:large, max-video-preview:-1\" \/>\n<link rel=\"canonical\" href=\"https:\/\/elfsight.com\/es\/youtube-channel-plugin-yottie\/facebook\/\" \/>\n<meta property=\"og:locale\" content=\"es_ES\" \/>\n<meta property=\"og:type\" content=\"article\" \/>\n<meta property=\"og:title\" content=\"Galer\u00eda de YouTube - Incluir widget de Galer\u00eda de videos de YouTube al Facebook Page\" \/>\n<meta property=\"og:description\" content=\"Incrusta un widget responsivo de Galer\u00eda de YouTube en su sitio de Facebook Page. Lance la demo de Elfsight intuitiva y construe su widget \u00fanico.\" \/>\n<meta property=\"og:url\" content=\"https:\/\/elfsight.com\/es\/youtube-channel-plugin-yottie\/facebook\/\" \/>\n<meta property=\"og:site_name\" content=\"Elfsight ES\" \/>\n<meta property=\"article:modified_time\" content=\"2025-02-06T15:19:39+00:00\" \/>\n<meta name=\"twitter:card\" content=\"summary_large_image\" \/>\n<meta name=\"twitter:label1\" content=\"Tiempo de lectura\" \/>\n\t<meta name=\"twitter:data1\" content=\"1 minuto\" \/>\n<!-- \/ Yoast SEO plugin. -->","yoast_head_json":{"title":"Galer\u00eda de YouTube - Incluir widget de Galer\u00eda de videos de YouTube al Facebook Page","description":"Incrusta un widget responsivo de Galer\u00eda de YouTube en su sitio de Facebook Page. Lance la demo de Elfsight intuitiva y construe su widget \u00fanico.","robots":{"index":"index","follow":"follow","max-snippet":"max-snippet:-1","max-image-preview":"max-image-preview:large","max-video-preview":"max-video-preview:-1"},"canonical":"https:\/\/elfsight.com\/es\/youtube-channel-plugin-yottie\/facebook\/","og_locale":"es_ES","og_type":"article","og_title":"Galer\u00eda de YouTube - Incluir widget de Galer\u00eda de videos de YouTube al Facebook Page","og_description":"Incrusta un widget responsivo de Galer\u00eda de YouTube en su sitio de Facebook Page. Lance la demo de Elfsight intuitiva y construe su widget \u00fanico.","og_url":"https:\/\/elfsight.com\/es\/youtube-channel-plugin-yottie\/facebook\/","og_site_name":"Elfsight ES","article_modified_time":"2025-02-06T15:19:39+00:00","twitter_card":"summary_large_image","twitter_misc":{"Tiempo de lectura":"1 minuto"},"schema":{"@context":"https:\/\/schema.org","@graph":[{"@type":"WebPage","@id":"https:\/\/elfsight.com\/es\/youtube-channel-plugin-yottie\/facebook\/","url":"https:\/\/elfsight.com\/es\/youtube-channel-plugin-yottie\/facebook\/","name":"Galer\u00eda de YouTube - Incluir widget de Galer\u00eda de videos de YouTube al Facebook Page","isPartOf":{"@id":"https:\/\/elfsight.com\/es\/#website"},"datePublished":"2022-02-11T11:44:45+00:00","dateModified":"2025-02-06T15:19:39+00:00","description":"Incrusta un widget responsivo de Galer\u00eda de YouTube en su sitio de Facebook Page. Lance la demo de Elfsight intuitiva y construe su widget \u00fanico.","breadcrumb":{"@id":"https:\/\/elfsight.com\/es\/youtube-channel-plugin-yottie\/facebook\/#breadcrumb"},"inLanguage":"es","potentialAction":[{"@type":"ReadAction","target":["https:\/\/elfsight.com\/es\/youtube-channel-plugin-yottie\/facebook\/"]}]},{"@type":"BreadcrumbList","@id":"https:\/\/elfsight.com\/es\/youtube-channel-plugin-yottie\/facebook\/#breadcrumb","itemListElement":[{"@type":"ListItem","position":1,"name":"Home","item":"https:\/\/elfsight.com\/es\/"},{"@type":"ListItem","position":2,"name":"YouTube Gallery","item":"https:\/\/elfsight.com\/es\/youtube-channel-plugin-yottie\/"},{"@type":"ListItem","position":3,"name":"YouTube Gallery &#8211; Facebook Page"}]},{"@type":"WebSite","@id":"https:\/\/elfsight.com\/es\/#website","url":"https:\/\/elfsight.com\/es\/","name":"Elfsight ES","description":"Just another Elfsight Sites site","potentialAction":[{"@type":"SearchAction","target":{"@type":"EntryPoint","urlTemplate":"https:\/\/elfsight.com\/es\/?s={search_term_string}"},"query-input":{"@type":"PropertyValueSpecification","valueRequired":true,"valueName":"search_term_string"}}],"inLanguage":"es"}]}},"meta_box":{"industry":"","seo_heading":"","heading":"","description":"","cta_heading":"","cta_description":"","application":"1523","h1":"widget de Galer\u00eda de YouTube para p\u00e1gina de Facebook","h1_caption":"Incruste una galer\u00eda de videos de YouTube para presentar contenido como tutoriales, testimonios o exhibiciones de productos en su sitio web en el sitio web de su p\u00e1gina de Facebook sin esfuerzo.","application_category":[],"applications_title":"","applications_request_title":"","applications_request_button_text":"","hero_text":"","hero_video":"","hero_video_schema_markup":"","selling_points_title":"","selling_points_caption":"","selling_points":[],"selling_points_cta_text":"","features_title":"","features":"","ed_cta_examples_text":"","ed_cta_examples_hidden":"","ed_cta_demo_text":"","ed_cta_demo_hidden":"","why_caption":"","why_editor_title":"","why_editor_text":"","why_team_title":"","why_team_text":"","why_service_title":"","why_service_text":"","template_catalog_visible":"","template_catalog_title":"","template_catalog_text":"","template_catalog_categories_visible":"","demo_title":"Crea tu widget de galer\u00eda de YouTube","demo_caption":"\u00a1Configure su galer\u00eda de YouTube y agr\u00e9guela al sitio web de su p\u00e1gina de Facebook de forma gratuita!","default_faq_hidden":"","app_template_category":[],"platform":"64","template_public_id":"","codecanyon_url":"","codecanyon_item_id":"","codecanyon_price":"","pricing_caption":"","pricing_elfsight_apps_hide_column":"","pricing_elfsight_apps_url":"","pricing_codecanyon_price_caption":"","integration_category":[],"integration_request_title":"","integration_request_cta":"","integration_platform":"","integrations":[],"platform_category":[],"video_schema_markup":"","price":"desde $0 por mes","trial":"","benefits":[{"text":"Instalaci\u00f3n gratuita"},{"text":"Soporte Premium"},{"text":"14 d\u00edas garant\u00eda de reembolso"},{"text":"Actualizaciones regulares"}],"button_url":"#demo","button_target_blank":"0","button_nofollow":"0","attributes":[{"name":"Responsivo","content":"Si","_state":"expanded"},{"name":"Navegadores compatibles","content":"Firefox, Safari, Opera, Chrome, Edge","_state":"expanded"}],"tags":[],"tags_disable_links":"0","hide_more_platforms":"","video_object":"","demo_hide_cta":"0","demo_hide_cloud_options":"0","pricing_title":"","pricing":[{"pricing_icon":"platform","pricing_title":" Elfsight Apps","pricing_title_caption":"Soluci\u00f3n multiplataforma - valido para cualquier p\u00e1gina web","pricing_price":"desde $0 por mes","pricing_price_caption":"empezar con un plan gratuito","pricing_benefits":[{"text":"Sitios web ilimitados"},{"text":"Atenci\u00f3n al cliente gratuita y r\u00e1pida"},{"text":"Servicio de instalaci\u00f3n gratuito"},{"text":"Totalmente personalizable"}],"pricing_button_text":"Agregar al sitio web","pricing_button_url":"#demo","_state":"expanded"}],"related_apps_title":"","related_apps_hidden":"1","author":"","image":[],"title":"","job":"","social_networks":[]},"_links":{"self":[{"href":"https:\/\/elfsight.com\/es\/wp-json\/wp\/v2\/pages\/4152","targetHints":{"allow":["GET"]}}],"collection":[{"href":"https:\/\/elfsight.com\/es\/wp-json\/wp\/v2\/pages"}],"about":[{"href":"https:\/\/elfsight.com\/es\/wp-json\/wp\/v2\/types\/page"}],"author":[{"embeddable":true,"href":"https:\/\/elfsight.com\/es\/wp-json\/wp\/v2\/users\/18"}],"replies":[{"embeddable":true,"href":"https:\/\/elfsight.com\/es\/wp-json\/wp\/v2\/comments?post=4152"}],"version-history":[{"count":3,"href":"https:\/\/elfsight.com\/es\/wp-json\/wp\/v2\/pages\/4152\/revisions"}],"predecessor-version":[{"id":18109,"href":"https:\/\/elfsight.com\/es\/wp-json\/wp\/v2\/pages\/4152\/revisions\/18109"}],"up":[{"embeddable":true,"href":"https:\/\/elfsight.com\/es\/wp-json\/wp\/v2\/pages\/1530"}],"wp:attachment":[{"href":"https:\/\/elfsight.com\/es\/wp-json\/wp\/v2\/media?parent=4152"}],"curies":[{"name":"wp","href":"https:\/\/api.w.org\/{rel}","templated":true}]}}