{"id":4149,"date":"2022-02-11T11:45:01","date_gmt":"2022-02-11T11:45:01","guid":{"rendered":"https:\/\/elfsight.com\/es\/?page_id=4149"},"modified":"2025-02-06T15:19:39","modified_gmt":"2025-02-06T15:19:39","slug":"elementor","status":"publish","type":"page","link":"https:\/\/elfsight.com\/es\/youtube-channel-plugin-yottie\/elementor\/","title":{"rendered":"YouTube Gallery &#8211; Elementor"},"content":{"rendered":"<div class=\"application-platform-content-item-description application-platform-content-item\" id=\"description\" data-nav-section=\"description\"><h2>Insertar Galer\u00eda de YouTube en Elementor con el widget de Elfsight<\/h2><p>Un widget universal para YouTube, que ayuda a mostrar todo tipo de videos en el sitio web. Selecciona canales y clips de video individuales para dise\u00f1ar tu lista de reproducci\u00f3n \u00fanica y mostrarla directamente en la p\u00e1gina usando el dise\u00f1o m\u00e1s adecuado (galer\u00eda de videos, portafolio, canal, video \u00fanico).<\/p><p>Nuestro widget es completamente compatible con todos los dispositivos y plataformas, tiene alrededor de 100 par\u00e1metros de configuraci\u00f3n, dise\u00f1o flexible y muchas otras caracter\u00edsticas que ayudan a mostrarlo en cualquier sitio web.<\/p><p><b>Aumenta la participaci\u00f3n de tus lectores a trav\u00e9s del contenido de video.<\/b><\/p><p><b>Dise\u00f1a una galer\u00eda de videos personalizada para mayor atenci\u00f3n de tus clientes.<\/b><br>Aumenta la interacci\u00f3n con la audiencia de tu sitio a trav\u00e9s de videos de YouTube. Asombra a los lectores de tu sitio con videos fascinantes de YouTube y mantenlos interesados m\u00e1s que nunca.<\/p><p><b>Brinda la m\u00e1xima informaci\u00f3n sobre tus productos con contenido de YouTube.<\/b><br>Usa anuncios, rese\u00f1as, videos anal\u00edticos, tutoriales y otros tipos de videos para proporcionar a la audiencia informaci\u00f3n completa sobre tus productos y convencerlos de realizar una compra.<\/p><p><b>Consigue los mejores fans para tu perfil de YouTube.<\/b><br>Convierte la audiencia de tu sitio en tus seguidores en YouTube. Agrega un m\u00e9todo r\u00e1pido y sencillo para ver videos y seguir tu canal directamente desde la p\u00e1gina.<\/p><\/div><div class=\"application-platform-content-item-features application-platform-content-item\" id=\"features\" data-nav-section=\"features\"><h2>Caracter\u00edsticas principales del widget de Galer\u00eda de YouTube<\/h2><p>Estas caracter\u00edsticas de nuestro widget lo convierten en la mejor herramienta para agregar videos de YouTube en un sitio de Elementor.<\/p><ul><li>Crear grupos de fuentes;<\/li><li>Descripci\u00f3n editable del canal;<\/li><li>Configurar cualquier n\u00famero de columnas y filas;<\/li><li>3 modos de reproducci\u00f3n: en l\u00ednea, en ventana emergente y redirigir a YouTube;<\/li><li>Modo opcional de desplazamiento gratuito de videos uno por uno;<\/li><li>24 elementos emergentes pintables;<\/li><li>Modo de privacidad mejorado.<\/li><\/ul><p><a href=\"#demo\">Prueba m\u00e1s caracter\u00edsticas en el panel del widget en vivo<\/a><\/p><\/div><div class=\"application-platform-content-item-installation application-platform-content-item\" id=\"installation\" data-nav-section=\"installation\"><h2>C\u00f3mo agregar la Galer\u00eda de Videos de YouTube a un sitio de Elementor<\/h2><div class=\"video-container\"><iframe width=\"720\" height=\"405\" src=\"https:\/\/www.youtube.com\/embed\/ap6_ibj7BuI\" frameborder=\"0\" allowfullscreen=\"\"><\/iframe><\/div><p>Una breve instrucci\u00f3n de nuestro equipo para agregar el widget a tu sitio sin conocimientos de programaci\u00f3n. El tiempo promedio de instalaci\u00f3n es menos de 80 segundos.<\/p><ol><li><b>Genera tu Galer\u00eda de YouTube personalizada<\/b><br>En nuestro configurador gratuito, crea tu plugin, seleccionando la plantilla, el dise\u00f1o y otras caracter\u00edsticas.<\/li><li><b>Copia el c\u00f3digo \u00fanico para agregar el plugin al sitio<\/b><br>Despu\u00e9s de configurar el widget, recibir\u00e1s un c\u00f3digo \u00fanico para el plugin de YouTube en una notificaci\u00f3n en Elfsight Apps.<\/li><li><b>Agrega el plugin al sitio de Elementor<\/b><br>Inserta el plugin en el \u00e1rea seleccionada de la p\u00e1gina y publica los cambios.<\/li><li><b>\u00a1Has realizado la instalaci\u00f3n completamente!<\/b><br>Ingresa a tu sitio para ver tu trabajo.<\/li><\/ol><p>Si tienes problemas al configurar o cambiar los par\u00e1metros de la Galer\u00eda de YouTube, env\u00eda una solicitud a nuestro centro de ayuda. Estamos aqu\u00ed para responder tus preguntas.<\/p><div class=\"faq\" data-component=\"FAQ\"><div class=\"faq-item\">\r\n\t\t\t\t\t<div class=\"faq-item-question\">\r\n\t\t\t\t\t\t<h3 class=\"faq-item-question-text\">\u00bfC\u00f3mo puedo insertar una Galer\u00eda de Videos de YouTube en mi sitio de Squarespace sin conocimientos de programaci\u00f3n?<\/h3>\r\n\r\n\t\t\t\t\t\t<div class=\"faq-item-question-icon\"><\/div>\r\n\t\t\t\t\t<\/div>\r\n\r\n\t\t\t\t\t<div class=\"faq-item-answer\">\r\n\t\t\t\t\t\t<div class=\"faq-item-answer-text\"><p>Elfsight ofrece una soluci\u00f3n basada en la nube que permite a los usuarios crear una Galer\u00eda de Videos de YouTube por s\u00ed mismos. Descubre lo f\u00e1cil que es el proceso:<\/p><ul><li>Accede al Editor en l\u00ednea para crear una secci\u00f3n de Galer\u00eda de Videos de YouTube que quieras incorporar a tu sitio de Squarespace.<\/li><li>Selecciona una de nuestras plantillas preestructuradas y ajusta la configuraci\u00f3n de la Galer\u00eda de Videos de YouTube, cambia el dise\u00f1o y la paleta de colores, agrega tu contenido sin necesidad de programar.<\/li><li>Guarda las preferencias que configuraste para la Galer\u00eda de Videos de YouTube y recibe el c\u00f3digo del widget para insertarlo, que se puede agregar f\u00e1cilmente a tu sitio de Squarespace de forma gratuita.<\/li><\/ul><p>Usando el Editor f\u00e1cil de usar, cualquier usuario web puede crear una secci\u00f3n de Galer\u00eda de Videos de YouTube y agregarla a su sitio de Squarespace. No es necesario pagar ni revelar los detalles de tu tarjeta para acceder al Editor de Elfsight. Si encuentras alg\u00fan desaf\u00edo en cualquier punto, no dudes en contactar con nuestro soporte al cliente.<\/p><\/div>\r\n\t\t\t\t\t<\/div>\r\n\t\t\t\t<\/div><\/div><\/div>","protected":false},"excerpt":{"rendered":"","protected":false},"author":18,"featured_media":0,"parent":1530,"menu_order":0,"comment_status":"closed","ping_status":"closed","template":"templates\/template-application-platform.php","meta":{"publish_to_discourse":"","publish_post_category":"","wpdc_auto_publish_overridden":"","wpdc_topic_tags":"","wpdc_pin_topic":"","wpdc_pin_until":"","discourse_post_id":"","discourse_permalink":"","wpdc_publishing_response":"","wpdc_publishing_error":"","footnotes":""},"class_list":["post-4149","page","type-page","status-publish","hentry"],"yoast_head":"<!-- This site is optimized with the Yoast SEO plugin v25.3.1 - https:\/\/yoast.com\/wordpress\/plugins\/seo\/ -->\n<title>Galer\u00eda de YouTube - Integrar plugin de Galer\u00eda de videos de YouTube al Elementor<\/title>\n<meta name=\"description\" content=\"A\u00f1ade un widget interactivo de Galer\u00eda de YouTube en su sitio de Elementor. Use la demo de Elfsight manejable y genere su plugin \u00fanico.\" \/>\n<meta name=\"robots\" content=\"index, follow, max-snippet:-1, max-image-preview:large, max-video-preview:-1\" \/>\n<link rel=\"canonical\" href=\"https:\/\/elfsight.com\/es\/youtube-channel-plugin-yottie\/elementor\/\" \/>\n<meta property=\"og:locale\" content=\"es_ES\" \/>\n<meta property=\"og:type\" content=\"article\" \/>\n<meta property=\"og:title\" content=\"Galer\u00eda de YouTube - Integrar plugin de Galer\u00eda de videos de YouTube al Elementor\" \/>\n<meta property=\"og:description\" content=\"A\u00f1ade un widget interactivo de Galer\u00eda de YouTube en su sitio de Elementor. Use la demo de Elfsight manejable y genere su plugin \u00fanico.\" \/>\n<meta property=\"og:url\" content=\"https:\/\/elfsight.com\/es\/youtube-channel-plugin-yottie\/elementor\/\" \/>\n<meta property=\"og:site_name\" content=\"Elfsight ES\" \/>\n<meta property=\"article:modified_time\" content=\"2025-02-06T15:19:39+00:00\" \/>\n<meta name=\"twitter:card\" content=\"summary_large_image\" \/>\n<meta name=\"twitter:label1\" content=\"Tiempo de lectura\" \/>\n\t<meta name=\"twitter:data1\" content=\"1 minuto\" \/>\n<!-- \/ Yoast SEO plugin. -->","yoast_head_json":{"title":"Galer\u00eda de YouTube - Integrar plugin de Galer\u00eda de videos de YouTube al Elementor","description":"A\u00f1ade un widget interactivo de Galer\u00eda de YouTube en su sitio de Elementor. Use la demo de Elfsight manejable y genere su plugin \u00fanico.","robots":{"index":"index","follow":"follow","max-snippet":"max-snippet:-1","max-image-preview":"max-image-preview:large","max-video-preview":"max-video-preview:-1"},"canonical":"https:\/\/elfsight.com\/es\/youtube-channel-plugin-yottie\/elementor\/","og_locale":"es_ES","og_type":"article","og_title":"Galer\u00eda de YouTube - Integrar plugin de Galer\u00eda de videos de YouTube al Elementor","og_description":"A\u00f1ade un widget interactivo de Galer\u00eda de YouTube en su sitio de Elementor. Use la demo de Elfsight manejable y genere su plugin \u00fanico.","og_url":"https:\/\/elfsight.com\/es\/youtube-channel-plugin-yottie\/elementor\/","og_site_name":"Elfsight ES","article_modified_time":"2025-02-06T15:19:39+00:00","twitter_card":"summary_large_image","twitter_misc":{"Tiempo de lectura":"1 minuto"},"schema":{"@context":"https:\/\/schema.org","@graph":[{"@type":"WebPage","@id":"https:\/\/elfsight.com\/es\/youtube-channel-plugin-yottie\/elementor\/","url":"https:\/\/elfsight.com\/es\/youtube-channel-plugin-yottie\/elementor\/","name":"Galer\u00eda de YouTube - Integrar plugin de Galer\u00eda de videos de YouTube al Elementor","isPartOf":{"@id":"https:\/\/elfsight.com\/es\/#website"},"datePublished":"2022-02-11T11:45:01+00:00","dateModified":"2025-02-06T15:19:39+00:00","description":"A\u00f1ade un widget interactivo de Galer\u00eda de YouTube en su sitio de Elementor. Use la demo de Elfsight manejable y genere su plugin \u00fanico.","breadcrumb":{"@id":"https:\/\/elfsight.com\/es\/youtube-channel-plugin-yottie\/elementor\/#breadcrumb"},"inLanguage":"es","potentialAction":[{"@type":"ReadAction","target":["https:\/\/elfsight.com\/es\/youtube-channel-plugin-yottie\/elementor\/"]}]},{"@type":"BreadcrumbList","@id":"https:\/\/elfsight.com\/es\/youtube-channel-plugin-yottie\/elementor\/#breadcrumb","itemListElement":[{"@type":"ListItem","position":1,"name":"Home","item":"https:\/\/elfsight.com\/es\/"},{"@type":"ListItem","position":2,"name":"YouTube Gallery","item":"https:\/\/elfsight.com\/es\/youtube-channel-plugin-yottie\/"},{"@type":"ListItem","position":3,"name":"YouTube Gallery &#8211; Elementor"}]},{"@type":"WebSite","@id":"https:\/\/elfsight.com\/es\/#website","url":"https:\/\/elfsight.com\/es\/","name":"Elfsight ES","description":"Just another Elfsight Sites site","potentialAction":[{"@type":"SearchAction","target":{"@type":"EntryPoint","urlTemplate":"https:\/\/elfsight.com\/es\/?s={search_term_string}"},"query-input":{"@type":"PropertyValueSpecification","valueRequired":true,"valueName":"search_term_string"}}],"inLanguage":"es"}]}},"meta_box":{"industry":"","seo_heading":"","heading":"","description":"","cta_heading":"","cta_description":"","application":"1523","h1":"complemento de Galer\u00eda de YouTube para Elementor","h1_caption":"Incruste una galer\u00eda de videos de YouTube para presentar contenido como tutoriales, testimonios o exhibiciones de productos en su sitio web en su sitio web de Elementor sin esfuerzo.","application_category":[],"applications_title":"","applications_request_title":"","applications_request_button_text":"","hero_text":"","hero_video":"","hero_video_schema_markup":"","selling_points_title":"","selling_points_caption":"","selling_points":[],"selling_points_cta_text":"","features_title":"","features":"","ed_cta_examples_text":"","ed_cta_examples_hidden":"","ed_cta_demo_text":"","ed_cta_demo_hidden":"","why_caption":"","why_editor_title":"","why_editor_text":"","why_team_title":"","why_team_text":"","why_service_title":"","why_service_text":"","template_catalog_visible":"","template_catalog_title":"","template_catalog_text":"","template_catalog_categories_visible":"","demo_title":"Crea tu widget de galer\u00eda de YouTube","demo_caption":"\u00a1Configure su galer\u00eda de YouTube y agr\u00e9guela a su sitio web de Elementor gratis!","default_faq_hidden":"","app_template_category":[],"platform":"58","template_public_id":"","codecanyon_url":"","codecanyon_item_id":"","codecanyon_price":"","pricing_caption":"","pricing_elfsight_apps_hide_column":"","pricing_elfsight_apps_url":"","pricing_codecanyon_price_caption":"","integration_category":[],"integration_request_title":"","integration_request_cta":"","integration_platform":"","integrations":[],"platform_category":[],"video_schema_markup":"","price":"desde $0 por mes","trial":"","benefits":[{"text":"Instalaci\u00f3n gratuita"},{"text":"Soporte Premium"},{"text":"14 d\u00edas garant\u00eda de reembolso"},{"text":"Actualizaciones regulares"}],"button_url":"#demo","button_target_blank":"0","button_nofollow":"0","attributes":[{"name":"Responsivo","content":"Si","_state":"expanded"},{"name":"Navegadores compatibles","content":"Firefox, Safari, Opera, Chrome, Edge","_state":"expanded"}],"tags":[],"tags_disable_links":"0","hide_more_platforms":"","video_object":"","demo_hide_cta":"0","demo_hide_cloud_options":"0","pricing_title":"","pricing":[{"pricing_icon":"platform","pricing_title":" Elfsight Apps","pricing_title_caption":"Soluci\u00f3n multiplataforma - valido para cualquier p\u00e1gina web","pricing_price":"desde $0 por mes","pricing_price_caption":"empezar con un plan gratuito","pricing_benefits":[{"text":"Sitios web ilimitados"},{"text":"Atenci\u00f3n al cliente gratuita y r\u00e1pida"},{"text":"Servicio de instalaci\u00f3n gratuito"},{"text":"Totalmente personalizable"}],"pricing_button_text":"Agregar al sitio web","pricing_button_url":"#demo","_state":"expanded"}],"related_apps_title":"","related_apps_hidden":"1","author":"","image":[],"title":"","job":"","social_networks":[]},"_links":{"self":[{"href":"https:\/\/elfsight.com\/es\/wp-json\/wp\/v2\/pages\/4149","targetHints":{"allow":["GET"]}}],"collection":[{"href":"https:\/\/elfsight.com\/es\/wp-json\/wp\/v2\/pages"}],"about":[{"href":"https:\/\/elfsight.com\/es\/wp-json\/wp\/v2\/types\/page"}],"author":[{"embeddable":true,"href":"https:\/\/elfsight.com\/es\/wp-json\/wp\/v2\/users\/18"}],"replies":[{"embeddable":true,"href":"https:\/\/elfsight.com\/es\/wp-json\/wp\/v2\/comments?post=4149"}],"version-history":[{"count":3,"href":"https:\/\/elfsight.com\/es\/wp-json\/wp\/v2\/pages\/4149\/revisions"}],"predecessor-version":[{"id":18108,"href":"https:\/\/elfsight.com\/es\/wp-json\/wp\/v2\/pages\/4149\/revisions\/18108"}],"up":[{"embeddable":true,"href":"https:\/\/elfsight.com\/es\/wp-json\/wp\/v2\/pages\/1530"}],"wp:attachment":[{"href":"https:\/\/elfsight.com\/es\/wp-json\/wp\/v2\/media?parent=4149"}],"curies":[{"name":"wp","href":"https:\/\/api.w.org\/{rel}","templated":true}]}}