{"id":4145,"date":"2022-02-11T11:45:14","date_gmt":"2022-02-11T11:45:14","guid":{"rendered":"https:\/\/elfsight.com\/es\/?page_id=4145"},"modified":"2025-02-06T15:19:31","modified_gmt":"2025-02-06T15:19:31","slug":"blogger","status":"publish","type":"page","link":"https:\/\/elfsight.com\/es\/youtube-channel-plugin-yottie\/blogger\/","title":{"rendered":"YouTube Gallery &#8211; Blogger"},"content":{"rendered":"<div class=\"application-platform-content-item-description application-platform-content-item\" id=\"description\" data-nav-section=\"description\"><h2>Descripci\u00f3n<\/h2><p>Un widget poderoso para YouTube, que ayuda a insertar diferentes videos en el sitio web. Selecciona los canales necesarios y los clips de video individuales para configurar tu propia lista de reproducci\u00f3n e incrustarla directamente en la p\u00e1gina utilizando el dise\u00f1o m\u00e1s adecuado (galer\u00eda de videos, portafolio, canal, video \u00fanico). El widget de Elfsight es totalmente compatible con todos los formatos y sistemas, ofrece aproximadamente 100 par\u00e1metros de configuraci\u00f3n, dise\u00f1o personalizable y otras caracter\u00edsticas que permiten incrustarlo en cualquier sitio web.<\/p><p><b>Dise\u00f1a una galer\u00eda de videos interactiva sin igual para un mayor inter\u00e9s de tus visitantes.<\/b><\/p><ul><li><b>Aumenta la cooperaci\u00f3n con los usuarios de tu sitio web a trav\u00e9s de videos de YouTube<\/b>.<br>Atrae a tus clientes con videos emocionantes de YouTube y mantenlos interesados m\u00e1s que nunca.<\/li><li><b>Obt\u00e9n m\u00e1s clientes gracias a mostrar el contenido de video adecuado<\/b>.<br>Muestra videos anal\u00edticos, instrucciones, rese\u00f1as y m\u00e1s para proporcionar a tus clientes informaci\u00f3n valiosa sobre tus productos y convencerlos de realizar una compra.<\/li><li><b>M\u00e1s seguidores para tu perfil de YouTube<\/b>.<br>Convierte a los usuarios del sitio en tus suscriptores en YouTube. Integra nuestra herramienta r\u00e1pida y sencilla y permite que los usuarios del sitio reproduzcan los videos de tu canal y se suscriban directamente desde el sitio.<\/li><\/ul><\/div><div class=\"application-platform-content-item-features application-platform-content-item\" id=\"features\" data-nav-section=\"features\"><h2>Caracter\u00edsticas<\/h2><p>Los puntos m\u00e1s fuertes del widget de Elfsight, que lo convierten en la mejor herramienta para integrar videos de YouTube en una p\u00e1gina de Blogger.<\/p><ul><li>Crea grupos de fuentes;<\/li><li>Nombre del canal editable;<\/li><li>Elige los par\u00e1metros de optimizaci\u00f3n para m\u00f3viles;<\/li><li>13 elementos emergentes que pueden activarse\/desactivarse;<\/li><li>Configura la velocidad de las diapositivas;<\/li><li>7 elementos deslizantes pintables;<\/li><li>Modo de privacidad mejorado.<\/li><\/ul><p><a href=\"#demo\">Consulta toda la lista de caracter\u00edsticas en el panel<\/a><\/p><\/div><div class=\"application-platform-content-item-installation application-platform-content-item\" id=\"installation\" data-nav-section=\"installation\"><h2>C\u00f3mo incrustar la Galer\u00eda de Videos de YouTube en un sitio de Blogger<\/h2><div class=\"video-container\"><iframe width=\"720\" height=\"405\" src=\"https:\/\/www.youtube.com\/embed\/yNSj5KAklRE\" frameborder=\"0\" allowfullscreen=\"\"><\/iframe><\/div><p>Una breve instrucci\u00f3n de Elfsight sobre c\u00f3mo agregar y generar el widget, sin necesidad de experiencia en desarrollo web. El tiempo total de configuraci\u00f3n es solo de unos 80 segundos.<\/p><ol><li><b>Dise\u00f1a tu Galer\u00eda de YouTube \u00fanica<\/b>.<br>Usando nuestra demo gratuita, crea un plugin con la plantilla y las funciones necesarias.<\/li><li><b>Obt\u00e9n el c\u00f3digo para mostrar el plugin<\/b>.<br>Despu\u00e9s de configurar el widget, obtiene el c\u00f3digo del plugin de YouTube desde la notificaci\u00f3n emergente en Elfsight Apps.<\/li><li><b>Muestra el plugin en el sitio de Blogger<\/b>.<br>Muestra el plugin en el lugar requerido de la p\u00e1gina y aplica los cambios.<\/li><li><b>\u00a1Listo!<\/b><br>Ingresa a tu sitio web para ver tu widget de YouTube.<\/li><\/ol><p>\u00bfTuviste alg\u00fan inconveniente al instalar o personalizar la Galer\u00eda de YouTube? Intenta leer un <a href=\"https:\/\/elfsight.com\/tutorials\/how-to-add-youtube-plugin-for-blogger\/\" target=\"_blank\" rel=\"noopener noreferrer\">tutorial detallado<\/a> o contacta al soporte al cliente con una explicaci\u00f3n detallada de la situaci\u00f3n.<\/p><\/div><div class=\"faq\" data-component=\"FAQ\"><div class=\"faq-item\">\r\n\t\t\t\t\t<div class=\"faq-item-question\">\r\n\t\t\t\t\t\t<h3 class=\"faq-item-question-text\">\u00bfC\u00f3mo puedo agregar una Galer\u00eda de YouTube a mi sitio de Blogger? <\/h3>\r\n\r\n\t\t\t\t\t\t<div class=\"faq-item-question-icon\"><\/div>\r\n\t\t\t\t\t<\/div>\r\n\r\n\t\t\t\t\t<div class=\"faq-item-answer\">\r\n\t\t\t\t\t\t<div class=\"faq-item-answer-text\"><p>La creaci\u00f3n de la herramienta se realiza dentro del sitio de Elfsight y no necesitas aprender a programar. Ve a la demo en vivo para personalizar tu widget, obtener el c\u00f3digo e integrarlo en tu sitio.<\/p><\/div>\r\n\t\t\t\t\t<\/div>\r\n\t\t\t\t<\/div><div class=\"faq-item\">\r\n\t\t\t\t\t<div class=\"faq-item-question\">\r\n\t\t\t\t\t\t<h3 class=\"faq-item-question-text\">Las mejores maneras de usar la integraci\u00f3n de la Galer\u00eda de Videos de YouTube<\/h3>\r\n\r\n\t\t\t\t\t\t<div class=\"faq-item-question-icon\"><\/div>\r\n\t\t\t\t\t<\/div>\r\n\r\n\t\t\t\t\t<div class=\"faq-item-answer\">\r\n\t\t\t\t\t\t<div class=\"faq-item-answer-text\"><p>Tenemos una gran cantidad de posibilidades de personalizaci\u00f3n: widgets de tama\u00f1o completo para agregar en la zona de contenido, widgets flotantes con opciones de desplazamiento, miniaturas para el pie de p\u00e1gina de tu sitio, secci\u00f3n de encabezado y todo tipo de opciones verticales para barras laterales y men\u00fas.<\/p><\/div>\r\n\t\t\t\t\t<\/div>\r\n\t\t\t\t<\/div><div class=\"faq-item\">\r\n\t\t\t\t\t<div class=\"faq-item-question\">\r\n\t\t\t\t\t\t<h3 class=\"faq-item-question-text\">\u00bfPuedo crear una Galer\u00eda de Playlist o Video \u00danico de YouTube a trav\u00e9s del editor? <\/h3>\r\n\r\n\t\t\t\t\t\t<div class=\"faq-item-question-icon\"><\/div>\r\n\t\t\t\t\t<\/div>\r\n\r\n\t\t\t\t\t<div class=\"faq-item-answer\">\r\n\t\t\t\t\t\t<div class=\"faq-item-answer-text\"><p>Puedes crear cualquier modificaci\u00f3n de widget. Hay muchos dise\u00f1os disponibles en el editor, y todos pueden personalizarse r\u00e1pidamente seg\u00fan lo necesites.<\/p><\/div>\r\n\t\t\t\t\t<\/div>\r\n\t\t\t\t<\/div><\/div>","protected":false},"excerpt":{"rendered":"","protected":false},"author":18,"featured_media":0,"parent":1530,"menu_order":0,"comment_status":"closed","ping_status":"closed","template":"templates\/template-application-platform.php","meta":{"publish_to_discourse":"","publish_post_category":"","wpdc_auto_publish_overridden":"","wpdc_topic_tags":"","wpdc_pin_topic":"","wpdc_pin_until":"","discourse_post_id":"","discourse_permalink":"","wpdc_publishing_response":"","wpdc_publishing_error":"","footnotes":""},"class_list":["post-4145","page","type-page","status-publish","hentry"],"yoast_head":"<!-- This site is optimized with the Yoast SEO plugin v25.3.1 - https:\/\/yoast.com\/wordpress\/plugins\/seo\/ -->\n<title>Galer\u00eda de YouTube - A\u00f1adir widget de Galer\u00eda de videos de YouTube al Blogger<\/title>\n<meta name=\"description\" content=\"A\u00f1ade un plugin atractivo de Galer\u00eda de YouTube en su p\u00e1gina web de Blogger. Aplique la demo de Elfsight manejable y genere su widget propio.\" \/>\n<meta name=\"robots\" content=\"index, follow, max-snippet:-1, max-image-preview:large, max-video-preview:-1\" \/>\n<link rel=\"canonical\" href=\"https:\/\/elfsight.com\/es\/youtube-channel-plugin-yottie\/blogger\/\" \/>\n<meta property=\"og:locale\" content=\"es_ES\" \/>\n<meta property=\"og:type\" content=\"article\" \/>\n<meta property=\"og:title\" content=\"Galer\u00eda de YouTube - A\u00f1adir widget de Galer\u00eda de videos de YouTube al Blogger\" \/>\n<meta property=\"og:description\" content=\"A\u00f1ade un plugin atractivo de Galer\u00eda de YouTube en su p\u00e1gina web de Blogger. Aplique la demo de Elfsight manejable y genere su widget propio.\" \/>\n<meta property=\"og:url\" content=\"https:\/\/elfsight.com\/es\/youtube-channel-plugin-yottie\/blogger\/\" \/>\n<meta property=\"og:site_name\" content=\"Elfsight ES\" \/>\n<meta property=\"article:modified_time\" content=\"2025-02-06T15:19:31+00:00\" \/>\n<meta name=\"twitter:card\" content=\"summary_large_image\" \/>\n<meta name=\"twitter:label1\" content=\"Tiempo de lectura\" \/>\n\t<meta name=\"twitter:data1\" content=\"1 minuto\" \/>\n<!-- \/ Yoast SEO plugin. -->","yoast_head_json":{"title":"Galer\u00eda de YouTube - A\u00f1adir widget de Galer\u00eda de videos de YouTube al Blogger","description":"A\u00f1ade un plugin atractivo de Galer\u00eda de YouTube en su p\u00e1gina web de Blogger. Aplique la demo de Elfsight manejable y genere su widget propio.","robots":{"index":"index","follow":"follow","max-snippet":"max-snippet:-1","max-image-preview":"max-image-preview:large","max-video-preview":"max-video-preview:-1"},"canonical":"https:\/\/elfsight.com\/es\/youtube-channel-plugin-yottie\/blogger\/","og_locale":"es_ES","og_type":"article","og_title":"Galer\u00eda de YouTube - A\u00f1adir widget de Galer\u00eda de videos de YouTube al Blogger","og_description":"A\u00f1ade un plugin atractivo de Galer\u00eda de YouTube en su p\u00e1gina web de Blogger. Aplique la demo de Elfsight manejable y genere su widget propio.","og_url":"https:\/\/elfsight.com\/es\/youtube-channel-plugin-yottie\/blogger\/","og_site_name":"Elfsight ES","article_modified_time":"2025-02-06T15:19:31+00:00","twitter_card":"summary_large_image","twitter_misc":{"Tiempo de lectura":"1 minuto"},"schema":{"@context":"https:\/\/schema.org","@graph":[{"@type":"WebPage","@id":"https:\/\/elfsight.com\/es\/youtube-channel-plugin-yottie\/blogger\/","url":"https:\/\/elfsight.com\/es\/youtube-channel-plugin-yottie\/blogger\/","name":"Galer\u00eda de YouTube - A\u00f1adir widget de Galer\u00eda de videos de YouTube al Blogger","isPartOf":{"@id":"https:\/\/elfsight.com\/es\/#website"},"datePublished":"2022-02-11T11:45:14+00:00","dateModified":"2025-02-06T15:19:31+00:00","description":"A\u00f1ade un plugin atractivo de Galer\u00eda de YouTube en su p\u00e1gina web de Blogger. Aplique la demo de Elfsight manejable y genere su widget propio.","breadcrumb":{"@id":"https:\/\/elfsight.com\/es\/youtube-channel-plugin-yottie\/blogger\/#breadcrumb"},"inLanguage":"es","potentialAction":[{"@type":"ReadAction","target":["https:\/\/elfsight.com\/es\/youtube-channel-plugin-yottie\/blogger\/"]}]},{"@type":"BreadcrumbList","@id":"https:\/\/elfsight.com\/es\/youtube-channel-plugin-yottie\/blogger\/#breadcrumb","itemListElement":[{"@type":"ListItem","position":1,"name":"Home","item":"https:\/\/elfsight.com\/es\/"},{"@type":"ListItem","position":2,"name":"YouTube Gallery","item":"https:\/\/elfsight.com\/es\/youtube-channel-plugin-yottie\/"},{"@type":"ListItem","position":3,"name":"YouTube Gallery &#8211; Blogger"}]},{"@type":"WebSite","@id":"https:\/\/elfsight.com\/es\/#website","url":"https:\/\/elfsight.com\/es\/","name":"Elfsight ES","description":"Just another Elfsight Sites site","potentialAction":[{"@type":"SearchAction","target":{"@type":"EntryPoint","urlTemplate":"https:\/\/elfsight.com\/es\/?s={search_term_string}"},"query-input":{"@type":"PropertyValueSpecification","valueRequired":true,"valueName":"search_term_string"}}],"inLanguage":"es"}]}},"meta_box":{"industry":"","seo_heading":"","heading":"","description":"","cta_heading":"","cta_description":"","application":"1523","h1":"widget de Galer\u00eda de YouTube para Blogger","h1_caption":"Incruste una galer\u00eda de videos de YouTube para presentar contenido como tutoriales, testimonios o exhibiciones de productos en su sitio web en su sitio web de Blogger sin esfuerzo.","application_category":[],"applications_title":"","applications_request_title":"","applications_request_button_text":"","hero_text":"","hero_video":"","hero_video_schema_markup":"","selling_points_title":"","selling_points_caption":"","selling_points":[],"selling_points_cta_text":"","features_title":"","features":"","ed_cta_examples_text":"","ed_cta_examples_hidden":"","ed_cta_demo_text":"","ed_cta_demo_hidden":"","why_caption":"","why_editor_title":"","why_editor_text":"","why_team_title":"","why_team_text":"","why_service_title":"","why_service_text":"","template_catalog_visible":"","template_catalog_title":"","template_catalog_text":"","template_catalog_categories_visible":"","demo_title":"Crea tu widget de galer\u00eda de YouTube","demo_caption":"\u00a1Configura tu galer\u00eda de YouTube y agr\u00e9gala a tu sitio web de Blogger gratis!","default_faq_hidden":"","app_template_category":[],"platform":"39","template_public_id":"","codecanyon_url":"","codecanyon_item_id":"","codecanyon_price":"","pricing_caption":"","pricing_elfsight_apps_hide_column":"","pricing_elfsight_apps_url":"","pricing_codecanyon_price_caption":"","integration_category":[],"integration_request_title":"","integration_request_cta":"","integration_platform":"","integrations":[],"platform_category":[],"video_schema_markup":"","price":"desde $0 por mes","trial":"","benefits":[{"text":"Instalaci\u00f3n gratuita"},{"text":"Soporte Premium"},{"text":"14 d\u00edas garant\u00eda de reembolso"},{"text":"Actualizaciones regulares"}],"button_url":"#demo","button_target_blank":"0","button_nofollow":"0","attributes":[{"name":"Responsivo","content":"Si","_state":"expanded"},{"name":"Navegadores compatibles","content":"Firefox, Safari, Opera, Chrome, Edge","_state":"expanded"}],"tags":[],"tags_disable_links":"0","hide_more_platforms":"","video_object":"","demo_hide_cta":"0","demo_hide_cloud_options":"0","pricing_title":"","pricing":[{"pricing_icon":"platform","pricing_title":" Elfsight Apps","pricing_title_caption":"Soluci\u00f3n multiplataforma - valido para cualquier p\u00e1gina web","pricing_price":"desde $0 por mes","pricing_price_caption":"empezar con un plan gratuito","pricing_benefits":[{"text":"Sitios web ilimitados"},{"text":"Atenci\u00f3n al cliente gratuita y r\u00e1pida"},{"text":"Servicio de instalaci\u00f3n gratuito"},{"text":"Totalmente personalizable"}],"pricing_button_text":"Agregar al sitio web","pricing_button_url":"#demo","_state":"expanded"}],"related_apps_title":"","related_apps_hidden":"1","author":"","image":[],"title":"","job":"","social_networks":[]},"_links":{"self":[{"href":"https:\/\/elfsight.com\/es\/wp-json\/wp\/v2\/pages\/4145","targetHints":{"allow":["GET"]}}],"collection":[{"href":"https:\/\/elfsight.com\/es\/wp-json\/wp\/v2\/pages"}],"about":[{"href":"https:\/\/elfsight.com\/es\/wp-json\/wp\/v2\/types\/page"}],"author":[{"embeddable":true,"href":"https:\/\/elfsight.com\/es\/wp-json\/wp\/v2\/users\/18"}],"replies":[{"embeddable":true,"href":"https:\/\/elfsight.com\/es\/wp-json\/wp\/v2\/comments?post=4145"}],"version-history":[{"count":3,"href":"https:\/\/elfsight.com\/es\/wp-json\/wp\/v2\/pages\/4145\/revisions"}],"predecessor-version":[{"id":18106,"href":"https:\/\/elfsight.com\/es\/wp-json\/wp\/v2\/pages\/4145\/revisions\/18106"}],"up":[{"embeddable":true,"href":"https:\/\/elfsight.com\/es\/wp-json\/wp\/v2\/pages\/1530"}],"wp:attachment":[{"href":"https:\/\/elfsight.com\/es\/wp-json\/wp\/v2\/media?parent=4145"}],"curies":[{"name":"wp","href":"https:\/\/api.w.org\/{rel}","templated":true}]}}