{"id":4143,"date":"2022-02-11T11:45:21","date_gmt":"2022-02-11T11:45:21","guid":{"rendered":"https:\/\/elfsight.com\/es\/?page_id=4143"},"modified":"2025-02-06T15:19:31","modified_gmt":"2025-02-06T15:19:31","slug":"bigcommerce","status":"publish","type":"page","link":"https:\/\/elfsight.com\/es\/youtube-channel-plugin-yottie\/bigcommerce\/","title":{"rendered":"YouTube Gallery &#8211; BigCommerce"},"content":{"rendered":"<div class=\"application-platform-content-item-description application-platform-content-item\" id=\"description\" data-nav-section=\"description\"><h2>Descripci\u00f3n<\/h2><p>Una aplicaci\u00f3n universal para YouTube, que permite mostrar cualquier tipo de videos en tu sitio web. Elige los mejores canales y clips de video individuales para crear tu lista de reproducci\u00f3n \u00fanica y mostrarla directamente en la p\u00e1gina web usando el dise\u00f1o m\u00e1s adecuado (galer\u00eda de videos, portafolio, canal, video \u00fanico). Nuestro widget es completamente responsivo a todos los dispositivos y plataformas, incluye m\u00e1s de 100 opciones, un dise\u00f1o adaptable y muchas otras ventajas, que permiten instalarlo en todos los sitios web.<\/p><p><b>Crea una galer\u00eda de videos personalizada y eficiente para captar la m\u00e1xima atenci\u00f3n de tu audiencia.<\/b><\/p><ul><li><b>Aumenta las conexiones con los clientes a trav\u00e9s de videos de YouTube en tu sitio<\/b>.<br>Entreten a los usuarios de tu sitio con contenido de alta calidad de YouTube y mantenlos m\u00e1s comprometidos que nunca.<\/li><li><b>Logra m\u00e1s compras en el sitio utilizando el contenido de YouTube adecuado<\/b>.<br>Usa videos promocionales, rese\u00f1as, res\u00famenes, gu\u00edas y otros tipos de videos para ofrecer a los visitantes informaci\u00f3n completa sobre tus productos y motivarlos a realizar una compra.<\/li><li><b>M\u00e1s suscriptores para tu cuenta de YouTube<\/b>.<br>Convierte a los usuarios del sitio en tus seguidores en YouTube. Muestra un m\u00e9todo r\u00e1pido y sencillo para ver videos y seguir tu canal directamente desde el sitio.<\/li><\/ul><\/div><div class=\"application-platform-content-item-features application-platform-content-item\" id=\"features\" data-nav-section=\"features\"><h2>Caracter\u00edsticas<\/h2><p>Las caracter\u00edsticas de este widget, que lo hacen el mejor para insertar videos de YouTube en un sitio de BigCommerce.<\/p><ul><li>Agrega fuentes por URL;<\/li><li>Descripci\u00f3n editable del canal;<\/li><li>3 dise\u00f1os para videos: Cl\u00e1sico, Horizontal, Cine;<\/li><li>8 elementos intercambiables de video: t\u00edtulo, duraci\u00f3n, descripci\u00f3n, contadores y m\u00e1s;<\/li><li>Opci\u00f3n para pausar la reproducci\u00f3n autom\u00e1tica al pasar el cursor;<\/li><li>24 elementos emergentes pintables;<\/li><li>Tiempo de cach\u00e9 ajustable.<\/li><\/ul><p><a href=\"#demo\">Lee la lista completa de ventajas en el editor<\/a><\/p><\/div><div class=\"application-platform-content-item-installation application-platform-content-item\" id=\"installation\" data-nav-section=\"installation\"><h2>C\u00f3mo incrustar la Galer\u00eda de YouTube en un sitio de BigCommerce<\/h2><div class=\"video-container\"><iframe width=\"720\" height=\"405\" src=\"https:\/\/www.youtube.com\/embed\/y3BOALj8YXI\" frameborder=\"0\" allowfullscreen=\"\"><\/iframe><\/div><p>Sigue las instrucciones a continuaci\u00f3n para activar la aplicaci\u00f3n en BigCommerce.<\/p> <ol><li><b>Realiza nuestro configurador gratuito y comienza a construir tu widget personalizado. <\/b><br>Elige el dise\u00f1o y las caracter\u00edsticas funcionales del widget y guarda los cambios. <\/li>  <li><b>Copia tu c\u00f3digo \u00fanico que aparece en el cuadro de Elfsight Apps. <\/b><br>Despu\u00e9s de configurar tu Galer\u00eda de YouTube, copia el c\u00f3digo exclusivo de la ventana emergente y gu\u00e1rdalo para su uso posterior. <\/li>  <li><b>Inicia el uso de la aplicaci\u00f3n en el sitio de BigCommerce. <\/b><br>Incrusta el c\u00f3digo guardado en tu sitio web y guarda los cambios. <\/li>  <li><b>\u00a1Listo! La configuraci\u00f3n se ha completado con \u00e9xito. <\/b><br>Ve a tu sitio web para comprobar el rendimiento del widget. <\/li><\/ol><p>\u00bfExperimentaste alg\u00fan problema durante la configuraci\u00f3n o personalizaci\u00f3n de la Galer\u00eda de YouTube? Dir\u00edgete al centro de ayuda de Elfsight con una explicaci\u00f3n detallada de tu problema. Haremos todo lo posible para solucionarlo.<\/p><\/div><div class=\"faq\" data-component=\"FAQ\"><div class=\"faq-item\">\r\n\t\t\t\t\t<div class=\"faq-item-question\">\r\n\t\t\t\t\t\t<h3 class=\"faq-item-question-text\">\u00bfC\u00f3mo puedo agregar una Galer\u00eda de YouTube a mi sitio de BigCommerce? <\/h3>\r\n\r\n\t\t\t\t\t\t<div class=\"faq-item-question-icon\"><\/div>\r\n\t\t\t\t\t<\/div>\r\n\r\n\t\t\t\t\t<div class=\"faq-item-answer\">\r\n\t\t\t\t\t\t<div class=\"faq-item-answer-text\"><p>La creaci\u00f3n de la herramienta se realiza dentro del servicio de Elfsight y no necesitas aprender a programar. Ve a nuestra demo en vivo para personalizar tu propia aplicaci\u00f3n, obtener el c\u00f3digo e implementarlo en tu sitio.<\/p><\/div>\r\n\t\t\t\t\t<\/div>\r\n\t\t\t\t<\/div><div class=\"faq-item\">\r\n\t\t\t\t\t<div class=\"faq-item-question\">\r\n\t\t\t\t\t\t<h3 class=\"faq-item-question-text\">Los mejores ejemplos de uso de la integraci\u00f3n de la Galer\u00eda de Videos de YouTube<\/h3>\r\n\r\n\t\t\t\t\t\t<div class=\"faq-item-question-icon\"><\/div>\r\n\t\t\t\t\t<\/div>\r\n\r\n\t\t\t\t\t<div class=\"faq-item-answer\">\r\n\t\t\t\t\t\t<div class=\"faq-item-answer-text\"><p>Te ofrecemos muchas posibilidades de ajuste: widgets de tama\u00f1o completo para incrustar en la zona de contenido, plugins flotantes para oportunidades de desplazamiento, miniaturas para el pie de p\u00e1gina de tu sitio, secci\u00f3n de encabezado y todo tipo de opciones verticales para barras laterales y men\u00fas del sitio.<\/p><\/div>\r\n\t\t\t\t\t<\/div>\r\n\t\t\t\t<\/div><div class=\"faq-item\">\r\n\t\t\t\t\t<div class=\"faq-item-question\">\r\n\t\t\t\t\t\t<h3 class=\"faq-item-question-text\">\u00bfExiste la opci\u00f3n de crear una Galer\u00eda de Videos de YouTube en Malla o Video \u00danico a trav\u00e9s del editor? <\/h3>\r\n\r\n\t\t\t\t\t\t<div class=\"faq-item-question-icon\"><\/div>\r\n\t\t\t\t\t<\/div>\r\n\r\n\t\t\t\t\t<div class=\"faq-item-answer\">\r\n\t\t\t\t\t\t<div class=\"faq-item-answer-text\"><p>Puedes crear cualquier variaci\u00f3n de widget. Hay una gran cantidad de dise\u00f1os disponibles en el editor, y todos pueden personalizarse r\u00e1pidamente seg\u00fan lo necesites.<\/p><\/div>\r\n\t\t\t\t\t<\/div>\r\n\t\t\t\t<\/div><\/div>","protected":false},"excerpt":{"rendered":"","protected":false},"author":18,"featured_media":0,"parent":1530,"menu_order":0,"comment_status":"closed","ping_status":"closed","template":"templates\/template-application-platform.php","meta":{"publish_to_discourse":"","publish_post_category":"","wpdc_auto_publish_overridden":"","wpdc_topic_tags":"","wpdc_pin_topic":"","wpdc_pin_until":"","discourse_post_id":"","discourse_permalink":"","wpdc_publishing_response":"","wpdc_publishing_error":"","footnotes":""},"class_list":["post-4143","page","type-page","status-publish","hentry"],"yoast_head":"<!-- This site is optimized with the Yoast SEO plugin v25.3.1 - https:\/\/yoast.com\/wordpress\/plugins\/seo\/ -->\n<title>Galer\u00eda de YouTube - Incorporar app de Galer\u00eda de videos de YouTube al BigCommerce<\/title>\n<meta name=\"description\" content=\"Incrusta un plugin responsivo de Galer\u00eda de YouTube en su sitio de BigCommerce. Pruebe la demo de Elfsight intuitiva y construe su app personalizado.\" \/>\n<meta name=\"robots\" content=\"index, follow, max-snippet:-1, max-image-preview:large, max-video-preview:-1\" \/>\n<link rel=\"canonical\" href=\"https:\/\/elfsight.com\/es\/youtube-channel-plugin-yottie\/bigcommerce\/\" \/>\n<meta property=\"og:locale\" content=\"es_ES\" \/>\n<meta property=\"og:type\" content=\"article\" \/>\n<meta property=\"og:title\" content=\"Galer\u00eda de YouTube - Incorporar app de Galer\u00eda de videos de YouTube al BigCommerce\" \/>\n<meta property=\"og:description\" content=\"Incrusta un plugin responsivo de Galer\u00eda de YouTube en su sitio de BigCommerce. Pruebe la demo de Elfsight intuitiva y construe su app personalizado.\" \/>\n<meta property=\"og:url\" content=\"https:\/\/elfsight.com\/es\/youtube-channel-plugin-yottie\/bigcommerce\/\" \/>\n<meta property=\"og:site_name\" content=\"Elfsight ES\" \/>\n<meta property=\"article:modified_time\" content=\"2025-02-06T15:19:31+00:00\" \/>\n<meta name=\"twitter:card\" content=\"summary_large_image\" \/>\n<meta name=\"twitter:label1\" content=\"Tiempo de lectura\" \/>\n\t<meta name=\"twitter:data1\" content=\"1 minuto\" \/>\n<!-- \/ Yoast SEO plugin. -->","yoast_head_json":{"title":"Galer\u00eda de YouTube - Incorporar app de Galer\u00eda de videos de YouTube al BigCommerce","description":"Incrusta un plugin responsivo de Galer\u00eda de YouTube en su sitio de BigCommerce. Pruebe la demo de Elfsight intuitiva y construe su app personalizado.","robots":{"index":"index","follow":"follow","max-snippet":"max-snippet:-1","max-image-preview":"max-image-preview:large","max-video-preview":"max-video-preview:-1"},"canonical":"https:\/\/elfsight.com\/es\/youtube-channel-plugin-yottie\/bigcommerce\/","og_locale":"es_ES","og_type":"article","og_title":"Galer\u00eda de YouTube - Incorporar app de Galer\u00eda de videos de YouTube al BigCommerce","og_description":"Incrusta un plugin responsivo de Galer\u00eda de YouTube en su sitio de BigCommerce. Pruebe la demo de Elfsight intuitiva y construe su app personalizado.","og_url":"https:\/\/elfsight.com\/es\/youtube-channel-plugin-yottie\/bigcommerce\/","og_site_name":"Elfsight ES","article_modified_time":"2025-02-06T15:19:31+00:00","twitter_card":"summary_large_image","twitter_misc":{"Tiempo de lectura":"1 minuto"},"schema":{"@context":"https:\/\/schema.org","@graph":[{"@type":"WebPage","@id":"https:\/\/elfsight.com\/es\/youtube-channel-plugin-yottie\/bigcommerce\/","url":"https:\/\/elfsight.com\/es\/youtube-channel-plugin-yottie\/bigcommerce\/","name":"Galer\u00eda de YouTube - Incorporar app de Galer\u00eda de videos de YouTube al BigCommerce","isPartOf":{"@id":"https:\/\/elfsight.com\/es\/#website"},"datePublished":"2022-02-11T11:45:21+00:00","dateModified":"2025-02-06T15:19:31+00:00","description":"Incrusta un plugin responsivo de Galer\u00eda de YouTube en su sitio de BigCommerce. Pruebe la demo de Elfsight intuitiva y construe su app personalizado.","breadcrumb":{"@id":"https:\/\/elfsight.com\/es\/youtube-channel-plugin-yottie\/bigcommerce\/#breadcrumb"},"inLanguage":"es","potentialAction":[{"@type":"ReadAction","target":["https:\/\/elfsight.com\/es\/youtube-channel-plugin-yottie\/bigcommerce\/"]}]},{"@type":"BreadcrumbList","@id":"https:\/\/elfsight.com\/es\/youtube-channel-plugin-yottie\/bigcommerce\/#breadcrumb","itemListElement":[{"@type":"ListItem","position":1,"name":"Home","item":"https:\/\/elfsight.com\/es\/"},{"@type":"ListItem","position":2,"name":"YouTube Gallery","item":"https:\/\/elfsight.com\/es\/youtube-channel-plugin-yottie\/"},{"@type":"ListItem","position":3,"name":"YouTube Gallery &#8211; BigCommerce"}]},{"@type":"WebSite","@id":"https:\/\/elfsight.com\/es\/#website","url":"https:\/\/elfsight.com\/es\/","name":"Elfsight ES","description":"Just another Elfsight Sites site","potentialAction":[{"@type":"SearchAction","target":{"@type":"EntryPoint","urlTemplate":"https:\/\/elfsight.com\/es\/?s={search_term_string}"},"query-input":{"@type":"PropertyValueSpecification","valueRequired":true,"valueName":"search_term_string"}}],"inLanguage":"es"}]}},"meta_box":{"industry":"","seo_heading":"","heading":"","description":"","cta_heading":"","cta_description":"","application":"1523","h1":"aplicaci\u00f3n de Galer\u00eda de YouTube para BigCommerce","h1_caption":"Incruste una galer\u00eda de videos de YouTube para presentar contenido como tutoriales, testimonios o exhibiciones de productos en su sitio web en su sitio web BigCommerce sin esfuerzo.","application_category":[],"applications_title":"","applications_request_title":"","applications_request_button_text":"","hero_text":"","hero_video":"","hero_video_schema_markup":"","selling_points_title":"","selling_points_caption":"","selling_points":[],"selling_points_cta_text":"","features_title":"","features":"","ed_cta_examples_text":"","ed_cta_examples_hidden":"","ed_cta_demo_text":"","ed_cta_demo_hidden":"","why_caption":"","why_editor_title":"","why_editor_text":"","why_team_title":"","why_team_text":"","why_service_title":"","why_service_text":"","template_catalog_visible":"","template_catalog_title":"","template_catalog_text":"","template_catalog_categories_visible":"","demo_title":"Crea tu aplicaci\u00f3n Galer\u00eda de YouTube","demo_caption":"\u00a1Configure su galer\u00eda de YouTube y agr\u00e9guela a su sitio web de BigCommerce gratis!","default_faq_hidden":"","app_template_category":[],"platform":"33","template_public_id":"","codecanyon_url":"","codecanyon_item_id":"","codecanyon_price":"","pricing_caption":"","pricing_elfsight_apps_hide_column":"","pricing_elfsight_apps_url":"","pricing_codecanyon_price_caption":"","integration_category":[],"integration_request_title":"","integration_request_cta":"","integration_platform":"","integrations":[],"platform_category":[],"video_schema_markup":"","price":"desde $0 por mes","trial":"","benefits":[{"text":"Instalaci\u00f3n gratuita"},{"text":"Soporte Premium"},{"text":"14 d\u00edas garant\u00eda de reembolso"},{"text":"Actualizaciones regulares"}],"button_url":"#demo","button_target_blank":"0","button_nofollow":"0","attributes":[{"name":"Responsivo","content":"Si","_state":"expanded"},{"name":"Navegadores compatibles","content":"Firefox, Safari, Opera, Chrome, Edge","_state":"expanded"}],"tags":[],"tags_disable_links":"0","hide_more_platforms":"","video_object":"","demo_hide_cta":"0","demo_hide_cloud_options":"0","pricing_title":"","pricing":[{"pricing_icon":"platform","pricing_title":" Elfsight Apps","pricing_title_caption":"Soluci\u00f3n multiplataforma - valido para cualquier p\u00e1gina web","pricing_price":"desde $0 por mes","pricing_price_caption":"empezar con un plan gratuito","pricing_benefits":[{"text":"Sitios web ilimitados"},{"text":"Atenci\u00f3n al cliente gratuita y r\u00e1pida"},{"text":"Servicio de instalaci\u00f3n gratuito"},{"text":"Totalmente personalizable"}],"pricing_button_text":"Agregar al sitio web","pricing_button_url":"#demo","_state":"expanded"}],"related_apps_title":"","related_apps_hidden":"1","author":"","image":[],"title":"","job":"","social_networks":[]},"_links":{"self":[{"href":"https:\/\/elfsight.com\/es\/wp-json\/wp\/v2\/pages\/4143","targetHints":{"allow":["GET"]}}],"collection":[{"href":"https:\/\/elfsight.com\/es\/wp-json\/wp\/v2\/pages"}],"about":[{"href":"https:\/\/elfsight.com\/es\/wp-json\/wp\/v2\/types\/page"}],"author":[{"embeddable":true,"href":"https:\/\/elfsight.com\/es\/wp-json\/wp\/v2\/users\/18"}],"replies":[{"embeddable":true,"href":"https:\/\/elfsight.com\/es\/wp-json\/wp\/v2\/comments?post=4143"}],"version-history":[{"count":3,"href":"https:\/\/elfsight.com\/es\/wp-json\/wp\/v2\/pages\/4143\/revisions"}],"predecessor-version":[{"id":18105,"href":"https:\/\/elfsight.com\/es\/wp-json\/wp\/v2\/pages\/4143\/revisions\/18105"}],"up":[{"embeddable":true,"href":"https:\/\/elfsight.com\/es\/wp-json\/wp\/v2\/pages\/1530"}],"wp:attachment":[{"href":"https:\/\/elfsight.com\/es\/wp-json\/wp\/v2\/media?parent=4143"}],"curies":[{"name":"wp","href":"https:\/\/api.w.org\/{rel}","templated":true}]}}