{"id":4115,"date":"2022-02-11T11:45:41","date_gmt":"2022-02-11T11:45:41","guid":{"rendered":"https:\/\/elfsight.com\/es\/?page_id=4115"},"modified":"2025-11-19T16:35:39","modified_gmt":"2025-11-19T16:35:39","slug":"wix","status":"publish","type":"page","link":"https:\/\/elfsight.com\/es\/slider-widget\/wix\/","title":{"rendered":"Slider &#8211; Wix"},"content":{"rendered":"<div class=\"application-platform-content-item-description application-platform-content-item\" id=\"description\" data-nav-section=\"description\"><h2>Descripci\u00f3n<\/h2> <p>Elfsight Photo &amp; Image Slider es un widget sencillo y responsivo que te permite captar la atenci\u00f3n de los visitantes del sitio mostrando diversas im\u00e1genes, videos o las mejores ofertas en tu sitio. Usa cualquier n\u00famero de diapositivas que necesites para mostrar tus productos y resaltar las ofertas m\u00e1s destacadas. Agrega efectos especiales y ajusta el tama\u00f1o de la imagen \/ video como lo desees. Con nuestra herramienta podr\u00e1s crear un control deslizante espectacular que captar\u00e1 la atenci\u00f3n de los usuarios y no los dejar\u00e1 abandonar tu p\u00e1gina demasiado pronto.<\/p><\/div><div class=\"application-platform-content-item-features application-platform-content-item\" id=\"features\" data-nav-section=\"features\"><h2>Caracter\u00edsticas<\/h2><p>Consulta todas las funciones del producto. Puedes configurarlas directamente en el editor y te ayudar\u00e1n a personalizar el widget seg\u00fan tu caso de uso.<\/p><ol><li>Utiliza botones de llamada a la acci\u00f3n (CTA) para guiar a los visitantes hacia tu objetivo.<\/li><li>Modifica la duraci\u00f3n del cambio de diapositiva.<\/li><li>Elige entre varias variantes.<\/li><li>Coloca tu contenido en cualquier lugar de la p\u00e1gina mediante la posici\u00f3n avanzada.<\/li><li>Modifica cinco funciones de contenido.<\/li><\/ol><p>Puedes probar todas las caracter\u00edsticas del widget directamente en la demostraci\u00f3n<\/p><\/div><div class=\"application-platform-content-item-installation application-platform-content-item\" id=\"installation\" data-nav-section=\"installation\"><h2>\u00bfC\u00f3mo agregar el Image Slider a mi sitio web de Wix?<\/h2><div class=\"video-container\"><iframe width=\"720\" height=\"405\" src=\"https:\/\/www.youtube.com\/embed\/hDNyLRiq0nM?si=nzvkB6Z7dxQYlHqY\" frameborder=\"0\" allowfullscreen=\"\"><\/iframe><\/div><p>Para integrar el producto, simplemente sigue unos pocos pasos r\u00e1pidos<\/p><ol><li><b>Crea tu plugin personal de Photo Slider<\/b><br> En nuestro editor gratuito, crea un plugin con el aspecto y las funciones seleccionadas. <\/li><li><b>Copia el c\u00f3digo personal para incrustar el plugin<\/b><br> Despu\u00e9s de configurar tu widget, obtendr\u00e1s el c\u00f3digo individual desde la ventana emergente en Elfsight Apps. C\u00f3pialo para su uso posterior. <\/li> <li><b>Muestra el plugin en tu sitio web de Wix<\/b><br> Elige el lugar donde quieres mostrar el plugin e inserta el c\u00f3digo copiado all\u00ed. Publica los resultados. <\/li> <li><b>\u00a1Felicidades! \u00a1Acabas de integrar el widget! <\/b><br> Ve a la p\u00e1gina web para ver tu Slider. <\/li> <\/ol><p>No dudes en contactar al servicio de soporte en caso de que necesites asesor\u00eda o tengas algo que preguntar. Nuestros especialistas estar\u00e1n encantados de ayudarte con cualquier solicitud.<\/p><div class=\"faq\" data-component=\"FAQ\"><div class=\"faq-item\">\r\n\t\t\t\t\t<div class=\"faq-item-question\">\r\n\t\t\t\t\t\t<h3 class=\"faq-item-question-text\">\u00bfHay alguna forma de integrar el Slider en mi sitio de Wix sin conocimientos de programaci\u00f3n?<\/h3>\r\n\r\n\t\t\t\t\t\t<div class=\"faq-item-question-icon\"><\/div>\r\n\t\t\t\t\t<\/div>\r\n\r\n\t\t\t\t\t<div class=\"faq-item-answer\">\r\n\t\t\t\t\t\t<div class=\"faq-item-answer-text\"> <p>La empresa Elfsight proporciona una soluci\u00f3n en la nube que permite a los usuarios crear una aplicaci\u00f3n Slider por s\u00ed mismos, sigue esta gu\u00eda simple: Comienza a trabajar directamente en el Editor en vivo para crear el plugin Slider que deseas que aparezca en la p\u00e1gina de Wix. Elige una de las plantillas predefinidas y ajusta la configuraci\u00f3n del Slider, cambia el dise\u00f1o y los colores y a\u00f1ade tu contenido, sin necesidad de conocimientos en programaci\u00f3n. Haz clic para guardar el Slider y obtener el c\u00f3digo de instalaci\u00f3n, que puedes agregar f\u00e1cilmente a la p\u00e1gina principal de Wix sin necesidad de comprar una versi\u00f3n de pago. Con nuestro Editor sencillo, cualquier usuario web puede crear un widget Slider y agregarlo f\u00e1cilmente a la p\u00e1gina de Wix. No es necesario pagar ni proporcionar los datos de tu tarjeta para acceder al servicio. Si encuentras alg\u00fan problema en cualquier paso, no dudes en hablar con nuestro equipo de soporte t\u00e9cnico.<\/p> <\/div>\r\n\t\t\t\t\t<\/div>\r\n\t\t\t\t<\/div> <\/div><\/div>","protected":false},"excerpt":{"rendered":"","protected":false},"author":18,"featured_media":0,"parent":1653,"menu_order":0,"comment_status":"closed","ping_status":"closed","template":"templates\/template-application-platform.php","meta":{"publish_to_discourse":"","publish_post_category":"","wpdc_auto_publish_overridden":"","wpdc_topic_tags":"","wpdc_pin_topic":"","wpdc_pin_until":"","discourse_post_id":"","discourse_permalink":"","wpdc_publishing_response":"","wpdc_publishing_error":"","footnotes":""},"class_list":["post-4115","page","type-page","status-publish","hentry"],"yoast_head":"<!-- This site is optimized with the Yoast SEO plugin v25.3.1 - https:\/\/yoast.com\/wordpress\/plugins\/seo\/ -->\n<title>Slider - Insertar plugin de Deslizador al Wix<\/title>\n<meta name=\"description\" content=\"A\u00f1ade un widget interactivo de Slider en su sitio de Wix. Aplique la demo de Elfsight manejable y genere su plugin propio.\" \/>\n<meta name=\"robots\" content=\"index, follow, max-snippet:-1, max-image-preview:large, max-video-preview:-1\" \/>\n<link rel=\"canonical\" href=\"https:\/\/elfsight.com\/es\/slider-widget\/wix\/\" \/>\n<meta property=\"og:locale\" content=\"es_ES\" \/>\n<meta property=\"og:type\" content=\"article\" \/>\n<meta property=\"og:title\" content=\"Slider - Insertar plugin de Deslizador al Wix\" \/>\n<meta property=\"og:description\" content=\"A\u00f1ade un widget interactivo de Slider en su sitio de Wix. Aplique la demo de Elfsight manejable y genere su plugin propio.\" \/>\n<meta property=\"og:url\" content=\"https:\/\/elfsight.com\/es\/slider-widget\/wix\/\" \/>\n<meta property=\"og:site_name\" content=\"Elfsight ES\" \/>\n<meta property=\"article:modified_time\" content=\"2025-11-19T16:35:39+00:00\" \/>\n<meta name=\"twitter:card\" content=\"summary_large_image\" \/>\n<meta name=\"twitter:label1\" content=\"Tiempo de lectura\" \/>\n\t<meta name=\"twitter:data1\" content=\"3 minutos\" \/>\n<!-- \/ Yoast SEO plugin. -->","yoast_head_json":{"title":"Slider - Insertar plugin de Deslizador al Wix","description":"A\u00f1ade un widget interactivo de Slider en su sitio de Wix. Aplique la demo de Elfsight manejable y genere su plugin propio.","robots":{"index":"index","follow":"follow","max-snippet":"max-snippet:-1","max-image-preview":"max-image-preview:large","max-video-preview":"max-video-preview:-1"},"canonical":"https:\/\/elfsight.com\/es\/slider-widget\/wix\/","og_locale":"es_ES","og_type":"article","og_title":"Slider - Insertar plugin de Deslizador al Wix","og_description":"A\u00f1ade un widget interactivo de Slider en su sitio de Wix. Aplique la demo de Elfsight manejable y genere su plugin propio.","og_url":"https:\/\/elfsight.com\/es\/slider-widget\/wix\/","og_site_name":"Elfsight ES","article_modified_time":"2025-11-19T16:35:39+00:00","twitter_card":"summary_large_image","twitter_misc":{"Tiempo de lectura":"3 minutos"},"schema":{"@context":"https:\/\/schema.org","@graph":[{"@type":"WebPage","@id":"https:\/\/elfsight.com\/es\/slider-widget\/wix\/","url":"https:\/\/elfsight.com\/es\/slider-widget\/wix\/","name":"Slider - Insertar plugin de Deslizador al Wix","isPartOf":{"@id":"https:\/\/elfsight.com\/es\/#website"},"datePublished":"2022-02-11T11:45:41+00:00","dateModified":"2025-11-19T16:35:39+00:00","description":"A\u00f1ade un widget interactivo de Slider en su sitio de Wix. Aplique la demo de Elfsight manejable y genere su plugin propio.","breadcrumb":{"@id":"https:\/\/elfsight.com\/es\/slider-widget\/wix\/#breadcrumb"},"inLanguage":"es","potentialAction":[{"@type":"ReadAction","target":["https:\/\/elfsight.com\/es\/slider-widget\/wix\/"]}]},{"@type":"BreadcrumbList","@id":"https:\/\/elfsight.com\/es\/slider-widget\/wix\/#breadcrumb","itemListElement":[{"@type":"ListItem","position":1,"name":"Home","item":"https:\/\/elfsight.com\/es\/"},{"@type":"ListItem","position":2,"name":"Slider","item":"https:\/\/elfsight.com\/es\/slider-widget\/"},{"@type":"ListItem","position":3,"name":"Slider &#8211; Wix"}]},{"@type":"WebSite","@id":"https:\/\/elfsight.com\/es\/#website","url":"https:\/\/elfsight.com\/es\/","name":"Elfsight ES","description":"Just another Elfsight Sites site","potentialAction":[{"@type":"SearchAction","target":{"@type":"EntryPoint","urlTemplate":"https:\/\/elfsight.com\/es\/?s={search_term_string}"},"query-input":{"@type":"PropertyValueSpecification","valueRequired":true,"valueName":"search_term_string"}}],"inLanguage":"es"}]}},"meta_box":{"industry":"","seo_heading":"","heading":"","description":"","cta_heading":"","cta_description":"","application":"1652","h1":"complemento de control deslizante para Wix","h1_caption":"Muestra sus tremendas fotos y v\u00eddeos en su p\u00e1gina","application_category":[],"applications_title":"","applications_request_title":"","applications_request_button_text":"","hero_text":"","hero_video":"","hero_video_schema_markup":"","selling_points_title":"","selling_points_caption":"","selling_points":[],"selling_points_cta_text":"","features_title":"","features":"","ed_cta_examples_text":"","ed_cta_examples_hidden":"","ed_cta_demo_text":"","ed_cta_demo_hidden":"","why_caption":"","why_editor_title":"","why_editor_text":"","why_team_title":"","why_team_text":"","why_service_title":"","why_service_text":"","template_catalog_visible":"0","template_catalog_title":"","template_catalog_text":"","template_catalog_categories_visible":"","demo_title":"Crea tu aplicaci\u00f3n deslizante","demo_caption":"\u00a1Configura tu Slider y agr\u00e9galo a tu sitio web Wix gratis!","default_faq_hidden":"","app_template_category":[],"platform":"112","template_public_id":"","codecanyon_url":"","codecanyon_item_id":"","codecanyon_price":"","pricing_caption":"","pricing_elfsight_apps_hide_column":"","pricing_elfsight_apps_url":"","pricing_codecanyon_price_caption":"","integration_category":[],"integration_request_title":"","integration_request_cta":"","integration_platform":"","integrations":[],"platform_category":[],"video_schema_markup":"","price":"desde $0 por mes","trial":"","benefits":[{"text":"Instalaci\u00f3n gratuita"},{"text":"Soporte Premium"},{"text":"14 d\u00edas garant\u00eda de reembolso"},{"text":"Actualizaciones regulares"}],"button_url":"#demo","button_target_blank":"0","button_nofollow":"0","attributes":[{"name":"Responsivo","content":"Si","_state":"expanded"},{"name":"Navegadores compatibles","content":"Firefox, Safari, Opera, Chrome, Edge","_state":"expanded"}],"tags":[],"tags_disable_links":"0","hide_more_platforms":"0","video_object":"","demo_hide_cta":"0","demo_hide_cloud_options":"0","pricing_title":"","pricing":[{"pricing_icon":"platform","pricing_title":" Elfsight Apps","pricing_title_caption":"Soluci\u00f3n multiplataforma - valido para cualquier p\u00e1gina web","pricing_price":"desde $0 por mes","pricing_price_caption":"empezar con un plan gratuito","pricing_benefits":[{"text":"Sitios web ilimitados"},{"text":"Atenci\u00f3n al cliente gratuita y r\u00e1pida"},{"text":"Servicio de instalaci\u00f3n gratuito"},{"text":"Totalmente personalizable"}],"pricing_button_text":"Agregar al sitio web","pricing_button_url":"#demo","_state":"expanded"}],"related_apps_title":"","related_apps_hidden":"1","author":"","image":[],"title":"","job":"","social_networks":[]},"_links":{"self":[{"href":"https:\/\/elfsight.com\/es\/wp-json\/wp\/v2\/pages\/4115","targetHints":{"allow":["GET"]}}],"collection":[{"href":"https:\/\/elfsight.com\/es\/wp-json\/wp\/v2\/pages"}],"about":[{"href":"https:\/\/elfsight.com\/es\/wp-json\/wp\/v2\/types\/page"}],"author":[{"embeddable":true,"href":"https:\/\/elfsight.com\/es\/wp-json\/wp\/v2\/users\/18"}],"replies":[{"embeddable":true,"href":"https:\/\/elfsight.com\/es\/wp-json\/wp\/v2\/comments?post=4115"}],"version-history":[{"count":4,"href":"https:\/\/elfsight.com\/es\/wp-json\/wp\/v2\/pages\/4115\/revisions"}],"predecessor-version":[{"id":19996,"href":"https:\/\/elfsight.com\/es\/wp-json\/wp\/v2\/pages\/4115\/revisions\/19996"}],"up":[{"embeddable":true,"href":"https:\/\/elfsight.com\/es\/wp-json\/wp\/v2\/pages\/1653"}],"wp:attachment":[{"href":"https:\/\/elfsight.com\/es\/wp-json\/wp\/v2\/media?parent=4115"}],"curies":[{"name":"wp","href":"https:\/\/api.w.org\/{rel}","templated":true}]}}