{"id":4113,"date":"2022-02-11T11:45:48","date_gmt":"2022-02-11T11:45:48","guid":{"rendered":"https:\/\/elfsight.com\/es\/?page_id=4113"},"modified":"2025-02-06T15:19:23","modified_gmt":"2025-02-06T15:19:23","slug":"weebly","status":"publish","type":"page","link":"https:\/\/elfsight.com\/es\/slider-widget\/weebly\/","title":{"rendered":"Slider &#8211; Weebly"},"content":{"rendered":"<div class=\"application-platform-content-item-description application-platform-content-item\" id=\"description\" data-nav-section=\"description\"><h2>Descripci\u00f3n<\/h2> <p>Elfsight Photo &amp; Image Slider es un plugin sencillo y responsivo que te permite atraer la atenci\u00f3n de los visitantes del sitio mostrando varias im\u00e1genes, videos o las mejores ofertas de tu sitio. Usa cualquier cantidad de diapositivas que necesites para mostrar tus productos y resaltar las ofertas destacadas. Agrega efectos especiales y ajusta el tama\u00f1o de la imagen \/ video como lo desees. Con nuestra herramienta podr\u00e1s crear un control deslizante notable que captar\u00e1 la atenci\u00f3n de los visitantes y no les permitir\u00e1 abandonar tu p\u00e1gina tan r\u00e1pido.<\/p><\/div><div class=\"application-platform-content-item-features application-platform-content-item\" id=\"features\" data-nav-section=\"features\"><h2>Caracter\u00edsticas<\/h2><p>Consulta la lista de todas las caracter\u00edsticas funcionales del producto. Est\u00e1n disponibles directamente en el editor y te ayudar\u00e1n a configurar el plugin seg\u00fan tus necesidades.<\/p><ul><li>Usa botones de llamada a la acci\u00f3n (CTA) para guiar a los usuarios hacia la conversi\u00f3n.<\/li><li>Modifica la duraci\u00f3n del cambio de diapositiva.<\/li><li>Elige entre diferentes variantes de paginaci\u00f3n.<\/li><li>Coloca tu contenido en cualquier lugar de la p\u00e1gina utilizando la posici\u00f3n avanzada.<\/li><li>Modifica 5 elementos de contenido.<\/li><p>Consulta c\u00f3mo funcionan todas las caracter\u00edsticas en nuestra demostraci\u00f3n<\/p><\/div><div class=\"application-platform-content-item-installation application-platform-content-item\" id=\"installation\" data-nav-section=\"installation\"><h2>\u00bfC\u00f3mo integrar el Image Slider en un sitio web de Weebly?<\/h2><div class=\"video-container\"><iframe width=\"720\" height=\"405\" src=\"https:\/\/www.youtube.com\/embed\/T3gJwAAAwiI\" frameborder=\"0\" allowfullscreen><\/iframe><\/div><p>Para integrar el producto, solo sigue los pasos a continuaci\u00f3n.<\/p><ol><li><b>Gestiona nuestra demo gratuita y empieza a crear tu aplicaci\u00f3n \u00fanica. <\/b><br> Especifica la interfaz seleccionada y el rendimiento de la aplicaci\u00f3n y aplica todas las modificaciones. <\/li>  <li><b>Obt\u00e9n tu c\u00f3digo individual mostrado en la ventana de Elfsight Apps. <\/b><br> Despu\u00e9s de que se genere tu aplicaci\u00f3n personal, copia el c\u00f3digo individual en la ventana emergente y gu\u00e1rdalo para su uso posterior. <\/li>  <li><b>Comienza a usar la aplicaci\u00f3n en tu p\u00e1gina de Weebly. <\/b><br> Coloca el c\u00f3digo guardado anteriormente en tu sitio web y aplica las modificaciones. <\/li>  <li><b>\u00a1Listo! La integraci\u00f3n est\u00e1 completamente terminada. <\/b><br> Ve a tu sitio para verificar el funcionamiento de la aplicaci\u00f3n. <\/li><\/ol><p>No dudes en contactar al servicio de atenci\u00f3n al cliente de Elfsight si necesitas ayuda o tienes preguntas. Estaremos encantados de ayudarte con cualquier consulta.<\/p><div class=\"faq\" data-component=\"FAQ\"><div class=\"faq-item\">\r\n\t\t\t\t\t<div class=\"faq-item-question\">\r\n\t\t\t\t\t\t<h3 class=\"faq-item-question-text\">\u00bfC\u00f3mo puedo a\u00f1adir el Slider a mi sitio de Weebly sin experiencia en programaci\u00f3n?<\/h3>\r\n\r\n\t\t\t\t\t\t<div class=\"faq-item-question-icon\"><\/div>\r\n\t\t\t\t\t<\/div>\r\n\r\n\t\t\t\t\t<div class=\"faq-item-answer\">\r\n\t\t\t\t\t\t<div class=\"faq-item-answer-text\"> <p>La empresa Elfsight ofrece una soluci\u00f3n que permite a los propietarios de sitios web crear una aplicaci\u00f3n Slider por s\u00ed mismos, sigue estos sencillos pasos: Comienza a trabajar directamente en el Editor en l\u00ednea para crear la aplicaci\u00f3n Slider que deseas agregar a tu sitio de Weebly. Haz clic en uno de los muchos plantillas predefinidas y ajusta la configuraci\u00f3n del Slider, cambia el dise\u00f1o y los colores, a\u00f1ade tu contenido, sin necesidad de programar. Haz clic para guardar la configuraci\u00f3n que has hecho en el Slider y obt\u00e9n su c\u00f3digo de instalaci\u00f3n, que se puede agregar a cualquier sitio de Weebly sin necesidad de comprar una versi\u00f3n de pago. Con la ayuda del Editor sencillo, cualquier usuario de Internet puede crear un Slider y pegarlo f\u00e1cilmente en cualquier sitio de Weebly. No es necesario pagar ni proporcionar datos de tarjeta para acceder al servicio. Si encuentras alg\u00fan obst\u00e1culo en cualquier paso, no dudes en hablar con nuestro equipo de soporte t\u00e9cnico.<\/p> <\/div>\r\n\t\t\t\t\t<\/div>\r\n\t\t\t\t<\/div> <\/div><\/div>","protected":false},"excerpt":{"rendered":"","protected":false},"author":18,"featured_media":0,"parent":1653,"menu_order":0,"comment_status":"closed","ping_status":"closed","template":"templates\/template-application-platform.php","meta":{"publish_to_discourse":"","publish_post_category":"","wpdc_auto_publish_overridden":"","wpdc_topic_tags":"","wpdc_pin_topic":"","wpdc_pin_until":"","discourse_post_id":"","discourse_permalink":"","wpdc_publishing_response":"","wpdc_publishing_error":"","footnotes":""},"class_list":["post-4113","page","type-page","status-publish","hentry"],"yoast_head":"<!-- This site is optimized with the Yoast SEO plugin v25.3.1 - https:\/\/yoast.com\/wordpress\/plugins\/seo\/ -->\n<title>Slider - Embeber plugin de Deslizador al Weebly<\/title>\n<meta name=\"description\" content=\"A\u00f1ade un app atractivo de Slider en su sitio de Weebly. Lance la demo de Elfsight manejable y cree su plugin personalizado.\" \/>\n<meta name=\"robots\" content=\"index, follow, max-snippet:-1, max-image-preview:large, max-video-preview:-1\" \/>\n<link rel=\"canonical\" href=\"https:\/\/elfsight.com\/es\/slider-widget\/weebly\/\" \/>\n<meta property=\"og:locale\" content=\"es_ES\" \/>\n<meta property=\"og:type\" content=\"article\" \/>\n<meta property=\"og:title\" content=\"Slider - Embeber plugin de Deslizador al Weebly\" \/>\n<meta property=\"og:description\" content=\"A\u00f1ade un app atractivo de Slider en su sitio de Weebly. Lance la demo de Elfsight manejable y cree su plugin personalizado.\" \/>\n<meta property=\"og:url\" content=\"https:\/\/elfsight.com\/es\/slider-widget\/weebly\/\" \/>\n<meta property=\"og:site_name\" content=\"Elfsight ES\" \/>\n<meta property=\"article:modified_time\" content=\"2025-02-06T15:19:23+00:00\" \/>\n<meta name=\"twitter:card\" content=\"summary_large_image\" \/>\n<meta name=\"twitter:label1\" content=\"Tiempo de lectura\" \/>\n\t<meta name=\"twitter:data1\" content=\"1 minuto\" \/>\n<!-- \/ Yoast SEO plugin. -->","yoast_head_json":{"title":"Slider - Embeber plugin de Deslizador al Weebly","description":"A\u00f1ade un app atractivo de Slider en su sitio de Weebly. Lance la demo de Elfsight manejable y cree su plugin personalizado.","robots":{"index":"index","follow":"follow","max-snippet":"max-snippet:-1","max-image-preview":"max-image-preview:large","max-video-preview":"max-video-preview:-1"},"canonical":"https:\/\/elfsight.com\/es\/slider-widget\/weebly\/","og_locale":"es_ES","og_type":"article","og_title":"Slider - Embeber plugin de Deslizador al Weebly","og_description":"A\u00f1ade un app atractivo de Slider en su sitio de Weebly. Lance la demo de Elfsight manejable y cree su plugin personalizado.","og_url":"https:\/\/elfsight.com\/es\/slider-widget\/weebly\/","og_site_name":"Elfsight ES","article_modified_time":"2025-02-06T15:19:23+00:00","twitter_card":"summary_large_image","twitter_misc":{"Tiempo de lectura":"1 minuto"},"schema":{"@context":"https:\/\/schema.org","@graph":[{"@type":"WebPage","@id":"https:\/\/elfsight.com\/es\/slider-widget\/weebly\/","url":"https:\/\/elfsight.com\/es\/slider-widget\/weebly\/","name":"Slider - Embeber plugin de Deslizador al Weebly","isPartOf":{"@id":"https:\/\/elfsight.com\/es\/#website"},"datePublished":"2022-02-11T11:45:48+00:00","dateModified":"2025-02-06T15:19:23+00:00","description":"A\u00f1ade un app atractivo de Slider en su sitio de Weebly. Lance la demo de Elfsight manejable y cree su plugin personalizado.","breadcrumb":{"@id":"https:\/\/elfsight.com\/es\/slider-widget\/weebly\/#breadcrumb"},"inLanguage":"es","potentialAction":[{"@type":"ReadAction","target":["https:\/\/elfsight.com\/es\/slider-widget\/weebly\/"]}]},{"@type":"BreadcrumbList","@id":"https:\/\/elfsight.com\/es\/slider-widget\/weebly\/#breadcrumb","itemListElement":[{"@type":"ListItem","position":1,"name":"Home","item":"https:\/\/elfsight.com\/es\/"},{"@type":"ListItem","position":2,"name":"Slider","item":"https:\/\/elfsight.com\/es\/slider-widget\/"},{"@type":"ListItem","position":3,"name":"Slider &#8211; Weebly"}]},{"@type":"WebSite","@id":"https:\/\/elfsight.com\/es\/#website","url":"https:\/\/elfsight.com\/es\/","name":"Elfsight ES","description":"Just another Elfsight Sites site","potentialAction":[{"@type":"SearchAction","target":{"@type":"EntryPoint","urlTemplate":"https:\/\/elfsight.com\/es\/?s={search_term_string}"},"query-input":{"@type":"PropertyValueSpecification","valueRequired":true,"valueName":"search_term_string"}}],"inLanguage":"es"}]}},"meta_box":{"industry":"","seo_heading":"","heading":"","description":"","cta_heading":"","cta_description":"","application":"1652","h1":"complemento de control deslizante para Weebly","h1_caption":"Muestra sus tremendas fotos y v\u00eddeos en su p\u00e1gina","application_category":[],"applications_title":"","applications_request_title":"","applications_request_button_text":"","hero_text":"","hero_video":"","hero_video_schema_markup":"","selling_points_title":"","selling_points_caption":"","selling_points":[],"selling_points_cta_text":"","features_title":"","features":"","ed_cta_examples_text":"","ed_cta_examples_hidden":"","ed_cta_demo_text":"","ed_cta_demo_hidden":"","why_caption":"","why_editor_title":"","why_editor_text":"","why_team_title":"","why_team_text":"","why_service_title":"","why_service_text":"","template_catalog_visible":"","template_catalog_title":"","template_catalog_text":"","template_catalog_categories_visible":"","demo_title":"Crea tu aplicaci\u00f3n deslizante","demo_caption":"\u00a1Configura tu Slider y agr\u00e9galo a tu sitio web Weebly gratis!","default_faq_hidden":"","app_template_category":[],"platform":"109","template_public_id":"","codecanyon_url":"","codecanyon_item_id":"","codecanyon_price":"","pricing_caption":"","pricing_elfsight_apps_hide_column":"","pricing_elfsight_apps_url":"","pricing_codecanyon_price_caption":"","integration_category":[],"integration_request_title":"","integration_request_cta":"","integration_platform":"","integrations":[],"platform_category":[],"video_schema_markup":"","price":"desde $0 por mes","trial":"","benefits":[{"text":"Instalaci\u00f3n gratuita"},{"text":"Soporte Premium"},{"text":"14 d\u00edas garant\u00eda de reembolso"},{"text":"Actualizaciones regulares"}],"button_url":"#demo","button_target_blank":"0","button_nofollow":"0","attributes":[{"name":"Responsivo","content":"Si","_state":"expanded"},{"name":"Navegadores compatibles","content":"Firefox, Safari, Opera, Chrome, Edge","_state":"expanded"}],"tags":[],"tags_disable_links":"0","hide_more_platforms":"","video_object":"","demo_hide_cta":"0","demo_hide_cloud_options":"0","pricing_title":"","pricing":[{"pricing_icon":"platform","pricing_title":" Elfsight Apps","pricing_title_caption":"Soluci\u00f3n multiplataforma - valido para cualquier p\u00e1gina web","pricing_price":"desde $0 por mes","pricing_price_caption":"empezar con un plan gratuito","pricing_benefits":[{"text":"Sitios web ilimitados"},{"text":"Atenci\u00f3n al cliente gratuita y r\u00e1pida"},{"text":"Servicio de instalaci\u00f3n gratuito"},{"text":"Totalmente personalizable"}],"pricing_button_text":"Agregar al sitio web","pricing_button_url":"#demo","_state":"expanded"}],"related_apps_title":"","related_apps_hidden":"1","author":"","image":[],"title":"","job":"","social_networks":[]},"_links":{"self":[{"href":"https:\/\/elfsight.com\/es\/wp-json\/wp\/v2\/pages\/4113","targetHints":{"allow":["GET"]}}],"collection":[{"href":"https:\/\/elfsight.com\/es\/wp-json\/wp\/v2\/pages"}],"about":[{"href":"https:\/\/elfsight.com\/es\/wp-json\/wp\/v2\/types\/page"}],"author":[{"embeddable":true,"href":"https:\/\/elfsight.com\/es\/wp-json\/wp\/v2\/users\/18"}],"replies":[{"embeddable":true,"href":"https:\/\/elfsight.com\/es\/wp-json\/wp\/v2\/comments?post=4113"}],"version-history":[{"count":3,"href":"https:\/\/elfsight.com\/es\/wp-json\/wp\/v2\/pages\/4113\/revisions"}],"predecessor-version":[{"id":18101,"href":"https:\/\/elfsight.com\/es\/wp-json\/wp\/v2\/pages\/4113\/revisions\/18101"}],"up":[{"embeddable":true,"href":"https:\/\/elfsight.com\/es\/wp-json\/wp\/v2\/pages\/1653"}],"wp:attachment":[{"href":"https:\/\/elfsight.com\/es\/wp-json\/wp\/v2\/media?parent=4113"}],"curies":[{"name":"wp","href":"https:\/\/api.w.org\/{rel}","templated":true}]}}