{"id":4094,"date":"2022-02-11T11:47:04","date_gmt":"2022-02-11T11:47:04","guid":{"rendered":"https:\/\/elfsight.com\/es\/?page_id=4094"},"modified":"2025-02-06T15:19:07","modified_gmt":"2025-02-06T15:19:07","slug":"wix","status":"publish","type":"page","link":"https:\/\/elfsight.com\/es\/social-media-share-buttons\/wix\/","title":{"rendered":"Social Share Buttons &#8211; Wix"},"content":{"rendered":"<div class=\"application-platform-content-item-description application-platform-content-item\" id=\"description\" data-nav-section=\"description\"><h2>Descripci\u00f3n<\/h2>Una aplicaci\u00f3n intuitiva para compartir en cualquier sitio, que permite a tus usuarios compartir contenido en cualquier red social con un solo clic. Comienza a promover tu negocio en Facebook, Twitter, Medium y otros medios. Obt\u00e9n nuevos suscriptores y lectores utilizando publicaciones en tu sitio web.<b>\u00a1Obt\u00e9n m\u00e1s clics y seguidores desde las redes sociales!<\/b><ul><li><b>M\u00e1xima promoci\u00f3n de publicaciones y art\u00edculos en redes sociales<\/b>. Con un dise\u00f1o y funciones pr\u00e1cticas, en solo 1 clic, tu contenido se distribuir\u00e1 activamente en todas las redes sociales.<\/li><li><b>Llega a m\u00e1s espectadores con tus publicaciones en el sitio<\/b>. Da a tus clientes la oportunidad de promover f\u00e1cilmente tu contenido y alcanzar una audiencia m\u00e1s amplia.<\/li><li><b>Mejora los par\u00e1metros SEO de tu sitio<\/b>. Aumenta las visitas en tu sitio web desde las redes sociales para mejorar los par\u00e1metros SEO de tu sitio e influir en la posici\u00f3n en los resultados de b\u00fasqueda de Google.<\/li><li><b>Una herramienta f\u00e1cil para ganar nuevos lectores en redes sociales<\/b>. Crea contenido atractivo y da a tus lectores la oportunidad de compartirlo en sus propias p\u00e1ginas de redes sociales.<\/li><\/ul><\/div><div class=\"application-platform-content-item-features application-platform-content-item\" id=\"features\" data-nav-section=\"features\"><h2>Caracter\u00edsticas<\/h2>\u00bfPor qu\u00e9 los botones de Elfsight son los mejores entre las aplicaciones de compartir en Wix? Descubre nuestras principales ventajas:<ul><li>40+ redes sociales integradas;<\/li><li>Establece cualquier n\u00famero de columnas para organizar los botones;<\/li><li>Configura los elementos del bot\u00f3n que se mostrar\u00e1n;<\/li><li>3 esquemas de color para iconos, fondo y hover;<\/li><li>Optimizado para m\u00f3viles con icono expandible.<\/li><\/ul><a href=\"#demo\">Descubre todas las caracter\u00edsticas en el editor gratuito<\/a><\/div><div class=\"application-platform-content-item-installation application-platform-content-item\" id=\"installation\" data-nav-section=\"installation\"><h2>\u00bfC\u00f3mo agregar los botones de Social Share a Wix?<\/h2><div class=\"video-container\"><iframe width=\"720\" height=\"405\" src=\"https:\/\/www.youtube.com\/embed\/KXKNjkjQLDQ\" frameborder=\"0\" allowfullscreen=\"\"><\/iframe><\/div>Una breve gu\u00eda para integrar los botones en un sitio sin conocimientos en desarrollo web ni necesidad de contratar un desarrollador. Solo necesitar\u00e1s 3 minutos para realizar la instalaci\u00f3n.<ol><li><b>Genera tus propios Botones Sociales<\/b>. Con nuestro <a href=\"#demo\">configurador gratuito<\/a>, crea un widget con el dise\u00f1o y las funciones necesarias.<\/li><li><b>Obt\u00e9n el c\u00f3digo para mostrar la aplicaci\u00f3n<\/b>. Despu\u00e9s de configurar el widget, obt\u00e9n el c\u00f3digo para el widget de Share desde la ventana que aparece en Elfsight Apps.<\/li><li><b>Muestra la aplicaci\u00f3n en tu sitio Wix<\/b>. Coloca el widget en el lugar adecuado del sitio y guarda los resultados.<\/li><li><b>\u00a1La instalaci\u00f3n est\u00e1 completamente realizada!<\/b> Ve a tu sitio web para ver tus botones.<\/li><\/ol>\u00bfBuscas ayuda para colocar o crear la aplicaci\u00f3n? \u00a1Nuestro equipo de soporte estar\u00e1 encantado de ayudar y encontrar una soluci\u00f3n! Tambi\u00e9n puedes intentar encontrarla t\u00fa mismo consultando nuestro tutorial completo \u00ab<a href=\"https:\/\/elfsight.com\/tutorials\/how-to-add-social-share-buttons-to-wix-website\/\" target=\"_blank\" rel=\"noopener noreferrer\">C\u00f3mo colocar los botones de compartir en un sitio Wix<\/a>\u00bb.<\/div><div class=\"faq\" data-component=\"FAQ\"><div class=\"faq-item\">\r\n\t\t\t\t\t<div class=\"faq-item-question\">\r\n\t\t\t\t\t\t<h3 class=\"faq-item-question-text\">\u00bfC\u00f3mo agregar los botones de Social Share a mi p\u00e1gina web de Wix sin codificaci\u00f3n?<\/h3>\r\n\r\n\t\t\t\t\t\t<div class=\"faq-item-question-icon\"><\/div>\r\n\t\t\t\t\t<\/div>\r\n\r\n\t\t\t\t\t<div class=\"faq-item-answer\">\r\n\t\t\t\t\t\t<div class=\"faq-item-answer-text\"><p>La empresa Elfsight ofrece una soluci\u00f3n en la nube que permite a los propietarios de sitios crear una secci\u00f3n de botones de Social Share por s\u00ed mismos, observa lo f\u00e1cil que es el proceso: <\/p><ul><li>Comienza a trabajar directamente en el Editor en l\u00ednea para establecer la aplicaci\u00f3n de Social Share Buttons que deseas integrar en tu sitio Wix.<\/li><li>Elige una de nuestras plantillas listas para usar y ajusta la configuraci\u00f3n de los botones de Social Share, actualiza tu contenido, cambia el dise\u00f1o y el esquema de colores sin necesidad de codificaci\u00f3n.<\/li><li>Guarda los botones de Social Share y copia el c\u00f3digo del plugin para la instalaci\u00f3n, que se puede agregar f\u00e1cilmente a cualquier p\u00e1gina de Wix sin comprar una suscripci\u00f3n de pago.<\/li><\/ul><p>Con nuestro Editor intuitivo, cualquier usuario de internet puede generar el widget de Social Share Buttons en l\u00ednea e incluirlo f\u00e1cilmente en su sitio Wix. No es necesario pagar ni proporcionar los datos de tu tarjeta para acceder a nuestro Editor. Si encuentras alg\u00fan problema en cualquier paso, no dudes en contactar a nuestro equipo de soporte.<\/p><\/div>\r\n\t\t\t\t\t<\/div>\r\n\t\t\t\t<\/div><\/div>","protected":false},"excerpt":{"rendered":"","protected":false},"author":18,"featured_media":0,"parent":1979,"menu_order":0,"comment_status":"closed","ping_status":"closed","template":"templates\/template-application-platform.php","meta":{"publish_to_discourse":"","publish_post_category":"","wpdc_auto_publish_overridden":"","wpdc_topic_tags":"","wpdc_pin_topic":"","wpdc_pin_until":"","discourse_post_id":"","discourse_permalink":"","wpdc_publishing_response":"","wpdc_publishing_error":"","footnotes":""},"class_list":["post-4094","page","type-page","status-publish","hentry"],"yoast_head":"<!-- This site is optimized with the Yoast SEO plugin v25.3.1 - https:\/\/yoast.com\/wordpress\/plugins\/seo\/ -->\n<title>Compartir en Redes Sociales - Incrustar plugin de Botones de Compartir al Wix<\/title>\n<meta name=\"description\" content=\"Incrusta un widget atractivo de Compartir en Redes Sociales en su p\u00e1gina web de Wix. Aplique la demo de Elfsight f\u00e1cil de usar y genere su plugin \u00fanico.\" \/>\n<meta name=\"robots\" content=\"index, follow, max-snippet:-1, max-image-preview:large, max-video-preview:-1\" \/>\n<link rel=\"canonical\" href=\"https:\/\/elfsight.com\/es\/social-media-share-buttons\/wix\/\" \/>\n<meta property=\"og:locale\" content=\"es_ES\" \/>\n<meta property=\"og:type\" content=\"article\" \/>\n<meta property=\"og:title\" content=\"Compartir en Redes Sociales - Incrustar plugin de Botones de Compartir al Wix\" \/>\n<meta property=\"og:description\" content=\"Incrusta un widget atractivo de Compartir en Redes Sociales en su p\u00e1gina web de Wix. Aplique la demo de Elfsight f\u00e1cil de usar y genere su plugin \u00fanico.\" \/>\n<meta property=\"og:url\" content=\"https:\/\/elfsight.com\/es\/social-media-share-buttons\/wix\/\" \/>\n<meta property=\"og:site_name\" content=\"Elfsight ES\" \/>\n<meta property=\"article:modified_time\" content=\"2025-02-06T15:19:07+00:00\" \/>\n<meta name=\"twitter:card\" content=\"summary_large_image\" \/>\n<meta name=\"twitter:label1\" content=\"Tiempo de lectura\" \/>\n\t<meta name=\"twitter:data1\" content=\"1 minuto\" \/>\n<!-- \/ Yoast SEO plugin. -->","yoast_head_json":{"title":"Compartir en Redes Sociales - Incrustar plugin de Botones de Compartir al Wix","description":"Incrusta un widget atractivo de Compartir en Redes Sociales en su p\u00e1gina web de Wix. Aplique la demo de Elfsight f\u00e1cil de usar y genere su plugin \u00fanico.","robots":{"index":"index","follow":"follow","max-snippet":"max-snippet:-1","max-image-preview":"max-image-preview:large","max-video-preview":"max-video-preview:-1"},"canonical":"https:\/\/elfsight.com\/es\/social-media-share-buttons\/wix\/","og_locale":"es_ES","og_type":"article","og_title":"Compartir en Redes Sociales - Incrustar plugin de Botones de Compartir al Wix","og_description":"Incrusta un widget atractivo de Compartir en Redes Sociales en su p\u00e1gina web de Wix. Aplique la demo de Elfsight f\u00e1cil de usar y genere su plugin \u00fanico.","og_url":"https:\/\/elfsight.com\/es\/social-media-share-buttons\/wix\/","og_site_name":"Elfsight ES","article_modified_time":"2025-02-06T15:19:07+00:00","twitter_card":"summary_large_image","twitter_misc":{"Tiempo de lectura":"1 minuto"},"schema":{"@context":"https:\/\/schema.org","@graph":[{"@type":"WebPage","@id":"https:\/\/elfsight.com\/es\/social-media-share-buttons\/wix\/","url":"https:\/\/elfsight.com\/es\/social-media-share-buttons\/wix\/","name":"Compartir en Redes Sociales - Incrustar plugin de Botones de Compartir al Wix","isPartOf":{"@id":"https:\/\/elfsight.com\/es\/#website"},"datePublished":"2022-02-11T11:47:04+00:00","dateModified":"2025-02-06T15:19:07+00:00","description":"Incrusta un widget atractivo de Compartir en Redes Sociales en su p\u00e1gina web de Wix. Aplique la demo de Elfsight f\u00e1cil de usar y genere su plugin \u00fanico.","breadcrumb":{"@id":"https:\/\/elfsight.com\/es\/social-media-share-buttons\/wix\/#breadcrumb"},"inLanguage":"es","potentialAction":[{"@type":"ReadAction","target":["https:\/\/elfsight.com\/es\/social-media-share-buttons\/wix\/"]}]},{"@type":"BreadcrumbList","@id":"https:\/\/elfsight.com\/es\/social-media-share-buttons\/wix\/#breadcrumb","itemListElement":[{"@type":"ListItem","position":1,"name":"Home","item":"https:\/\/elfsight.com\/es\/"},{"@type":"ListItem","position":2,"name":"Social Share Buttons","item":"https:\/\/elfsight.com\/es\/social-media-share-buttons\/"},{"@type":"ListItem","position":3,"name":"Social Share Buttons &#8211; Wix"}]},{"@type":"WebSite","@id":"https:\/\/elfsight.com\/es\/#website","url":"https:\/\/elfsight.com\/es\/","name":"Elfsight ES","description":"Just another Elfsight Sites site","potentialAction":[{"@type":"SearchAction","target":{"@type":"EntryPoint","urlTemplate":"https:\/\/elfsight.com\/es\/?s={search_term_string}"},"query-input":{"@type":"PropertyValueSpecification","valueRequired":true,"valueName":"search_term_string"}}],"inLanguage":"es"}]}},"meta_box":{"industry":"","seo_heading":"","heading":"","description":"","cta_heading":"","cta_description":"","application":"1978","h1":"plugin de Compartir en Redes Sociales para Wix","h1_caption":"Visualiza m\u00e1s de 40 iconos de redes sociales en el sitio web","application_category":[],"applications_title":"","applications_request_title":"","applications_request_button_text":"","hero_text":"","hero_video":"","hero_video_schema_markup":"","selling_points_title":"","selling_points_caption":"","selling_points":[],"selling_points_cta_text":"","features_title":"","features":"","ed_cta_examples_text":"","ed_cta_examples_hidden":"","ed_cta_demo_text":"","ed_cta_demo_hidden":"","why_caption":"","why_editor_title":"","why_editor_text":"","why_team_title":"","why_team_text":"","why_service_title":"","why_service_text":"","template_catalog_visible":"","template_catalog_title":"","template_catalog_text":"","template_catalog_categories_visible":"","demo_title":"Crea tu aplicaci\u00f3n de botones para compartir en redes sociales","demo_caption":"\u00a1Configura tus botones para compartir en redes sociales y agr\u00e9galos a tu sitio web Wix gratis!","default_faq_hidden":"","app_template_category":[],"platform":"112","template_public_id":"","codecanyon_url":"","codecanyon_item_id":"","codecanyon_price":"","pricing_caption":"","pricing_elfsight_apps_hide_column":"","pricing_elfsight_apps_url":"","pricing_codecanyon_price_caption":"","integration_category":[],"integration_request_title":"","integration_request_cta":"","integration_platform":"","integrations":[],"platform_category":[],"video_schema_markup":"","price":"desde $0 por mes","trial":"","benefits":[{"text":"Instalaci\u00f3n gratuita"},{"text":"Soporte Premium"},{"text":"14 d\u00edas garant\u00eda de reembolso"},{"text":"Actualizaciones regulares"}],"button_url":"#demo","button_target_blank":"0","button_nofollow":"0","attributes":[{"name":"Responsivo","content":"Si","_state":"expanded"},{"name":"Navegadores compatibles","content":"Firefox, Safari, Opera, Chrome, Edge","_state":"expanded"}],"tags":[],"tags_disable_links":"0","hide_more_platforms":"","video_object":"","demo_hide_cta":"0","demo_hide_cloud_options":"0","pricing_title":"","pricing":[{"pricing_icon":"platform","pricing_title":" Elfsight Apps","pricing_title_caption":"Soluci\u00f3n multiplataforma - valido para cualquier p\u00e1gina web","pricing_price":"desde $0 por mes","pricing_price_caption":"empezar con un plan gratuito","pricing_benefits":[{"text":"Sitios web ilimitados"},{"text":"Atenci\u00f3n al cliente gratuita y r\u00e1pida"},{"text":"Servicio de instalaci\u00f3n gratuito"},{"text":"Totalmente personalizable"}],"pricing_button_text":"Agregar al sitio web","pricing_button_url":"#demo","_state":"expanded"}],"related_apps_title":"","related_apps_hidden":"1","author":"","image":[],"title":"","job":"","social_networks":[]},"_links":{"self":[{"href":"https:\/\/elfsight.com\/es\/wp-json\/wp\/v2\/pages\/4094","targetHints":{"allow":["GET"]}}],"collection":[{"href":"https:\/\/elfsight.com\/es\/wp-json\/wp\/v2\/pages"}],"about":[{"href":"https:\/\/elfsight.com\/es\/wp-json\/wp\/v2\/types\/page"}],"author":[{"embeddable":true,"href":"https:\/\/elfsight.com\/es\/wp-json\/wp\/v2\/users\/18"}],"replies":[{"embeddable":true,"href":"https:\/\/elfsight.com\/es\/wp-json\/wp\/v2\/comments?post=4094"}],"version-history":[{"count":3,"href":"https:\/\/elfsight.com\/es\/wp-json\/wp\/v2\/pages\/4094\/revisions"}],"predecessor-version":[{"id":18093,"href":"https:\/\/elfsight.com\/es\/wp-json\/wp\/v2\/pages\/4094\/revisions\/18093"}],"up":[{"embeddable":true,"href":"https:\/\/elfsight.com\/es\/wp-json\/wp\/v2\/pages\/1979"}],"wp:attachment":[{"href":"https:\/\/elfsight.com\/es\/wp-json\/wp\/v2\/media?parent=4094"}],"curies":[{"name":"wp","href":"https:\/\/api.w.org\/{rel}","templated":true}]}}